{"id":9728,"date":"2023-10-23T21:57:31","date_gmt":"2023-10-23T19:57:31","guid":{"rendered":"http:\/\/joannacholuj.pl\/?page_id=9728"},"modified":"2024-12-31T00:59:21","modified_gmt":"2024-12-30T23:59:21","slug":"wyprawadoperu","status":"publish","type":"page","link":"https:\/\/joannacholuj.pl\/en\/wyprawadoperu\/","title":{"rendered":"Mistyczne Peru dla KOBIET"},"content":{"rendered":"<h3><img loading=\"lazy\" decoding=\"async\" class=\"wp-image-11970 alignleft\" src=\"http:\/\/joannacholuj.pl\/wp-content\/uploads\/2024\/07\/IMG20220828010950-225x300-225x300.jpg\" alt=\"\" width=\"272\" height=\"363\" \/>KIM NAPRAWD\u0118 JEST VIEDMA SZAMANKA? i Co dzieje si\u0119 na \u015bcie\u017cce Wied\u017amio-Szama\u0144skiej podczas MISTYCZNEJ WYPRAWY DO PERU?<\/h3>\n<p>Viedmy i Szamanki. Te wtajemniczone, te palone na stosie, te Mistyczne \u017bony, Kobiety i Matki, kt\u00f3re posiad\u0142y g\u0142\u0119bi\u0119 istnienia, misterium \u017cycia i przemiany \u017cycia, oraz prawdziw\u0105 tajemnic\u0119 wibracji, kod\u00f3w i \u017cycia zgodnie z Prawami Natury Uniwersalnej Pra-Matki.<\/p>\n<p>Ka\u017cda Viedma Szamanka zanim przejdzie w pe\u0142ni sw\u0105 \u015acie\u017ck\u0119, musi zrozumie\u0107 i przemieni\u0107 CZTERY swoje etapy kobieco\u015bci.<\/p>\n<p>Odpowiadaj\u0105 one ko\u0142u Przemian, ko\u0142u czterech element\u00f3w. Dlatego obrazowo m\u00f3wimy o czterech boginiach, paniach czterech element\u00f3w.<\/p>\n<p>Zar\u00f3wno w mitologii scyto-ario-s\u0142owia\u0144skiej, jak w i w mitologii szama\u0144sko-ameryka\u0144sko-inkaskiej, s\u0105 obecne owe cztery boginie.<\/p>\n<hr \/>\n<p><strong>Pierwsza<\/strong>\u00a0to Kobieta M\u0142oda, Dziewica, A-seksualna Dziewczynka. W mitologii scyto-ario-s\u0142owia\u0144skiej nazwaliby\u015bmy j\u0105 <strong>Marzanna<\/strong>. W mitologii inkasko-ameryka\u0144skiej &#8211; jest to <strong>Mama Qocha<\/strong>. JEST TO ELEMENT WODY.<\/p>\n<p><strong>Druga<\/strong><em>,<\/em>\u00a0to ta, co \u017cyje pe\u0142ni\u0105 \u017cycia i czuje \u015bwiat ka\u017cdym swoim zmys\u0142em i czerpie z tego rado\u015b\u0107. Seksualna zmys\u0142owa Pani \u015awiata.\u00a0<em>\u00a0Za mitologi\u0105 scyto-ario-s\u0142owia\u0144sk\u0105 mo\u017cemy j\u0105 nazwa\u0107<\/em>\u00a0<strong>Dziewann\u0105.<\/strong> Za ameryka\u0144sko-inskask\u0105 &#8211; <strong>Mama Wayra.<\/strong> TO ELEMENT POWIETRZA.<\/p>\n<p><strong>Trzecia<\/strong> to dojrza\u0142a kobieta, kt\u00f3ra wychodzi powoli z okresu p\u0142odno\u015bci i pilnowania domu. M\u0105dra, w pe\u0142nym rozwoju swego intelektu, ognista jednak zar\u00f3wno intelektualnie, jak i w dzia\u0142aniu i zmys\u0142ach. Wiedz\u0105ca jak i kiedy stawia\u0107 granice. Ta, kt\u00f3ra umie ju\u017c aktywowa\u0107 energi\u0119 m\u0119sk\u0105 i rozumie r\u00f3wnowag\u0119 energii.\u00a0\u00a0To s\u0142owia\u0144ska\u00a0<strong>Lada <\/strong>(\u0141ada) i\u00a0 Mama Nina. TO \u017bYWIO\u0141 OGNIA.<\/p>\n<p><strong>Czwarta<\/strong> to kobieta, kt\u00f3ra jest Matk\u0105 Ca\u0142ego Rodu. To Pani Matka. Bliski jej ju\u017c jest archetyp Cesarzowej i ameryka\u0144sko natywnej inkaskiej <strong>Pacha Mamy<\/strong>\u00a0 &#8211; MAtki Ziemi i Matki Rodu Ludzkiego. Osadzona w sobie. Dobrze wro\u015bni\u0119ta w korzenie w postaci swoich Przodki\u0144. \u015awiadoma Viedma Szamanka. W\u00a0mitologii S\u0142owian nazywana jest<strong> Mokosz<\/strong>.<\/p>\n<div id='gallery-1' class='gallery galleryid-9728 gallery-columns-4 gallery-size-thumbnail'><figure class='gallery-item'>\n\t\t\t<div class='gallery-icon landscape'>\n\t\t\t\t<a href='https:\/\/joannacholuj.pl\/en\/wyprawa-do-peru\/275748585_10161803960815299_581459051269216219_n-150x150\/'><img loading=\"lazy\" decoding=\"async\" width=\"150\" height=\"150\" src=\"https:\/\/joannacholuj.pl\/wp-content\/uploads\/2024\/07\/275748585_10161803960815299_581459051269216219_n-150x150.jpg\" class=\"attachment-thumbnail size-thumbnail\" alt=\"\" aria-describedby=\"gallery-1-11649\" srcset=\"https:\/\/joannacholuj.pl\/wp-content\/uploads\/2024\/07\/275748585_10161803960815299_581459051269216219_n-150x150.jpg 150w, https:\/\/joannacholuj.pl\/wp-content\/uploads\/2024\/07\/275748585_10161803960815299_581459051269216219_n-150x150-70x70.jpg 70w, https:\/\/joannacholuj.pl\/wp-content\/uploads\/2024\/07\/275748585_10161803960815299_581459051269216219_n-150x150-127x127.jpg 127w, https:\/\/joannacholuj.pl\/wp-content\/uploads\/2024\/07\/275748585_10161803960815299_581459051269216219_n-150x150-125x125.jpg 125w\" sizes=\"(max-width: 150px) 100vw, 150px\" \/><\/a>\n\t\t\t<\/div>\n\t\t\t\t<figcaption class='wp-caption-text gallery-caption' id='gallery-1-11649'>\n\t\t\t\tMarzanna \n\t\t\t\t<\/figcaption><\/figure><figure class='gallery-item'>\n\t\t\t<div class='gallery-icon portrait'>\n\t\t\t\t<a href='https:\/\/joannacholuj.pl\/en\/wyprawa-do-peru\/275129134_10161803960580299_7988924791043865580_n-5\/'><img loading=\"lazy\" decoding=\"async\" width=\"150\" height=\"150\" src=\"https:\/\/joannacholuj.pl\/wp-content\/uploads\/2024\/07\/275129134_10161803960580299_7988924791043865580_n-2-150x150.jpg\" class=\"attachment-thumbnail size-thumbnail\" alt=\"\" aria-describedby=\"gallery-1-12077\" srcset=\"https:\/\/joannacholuj.pl\/wp-content\/uploads\/2024\/07\/275129134_10161803960580299_7988924791043865580_n-2-150x150.jpg 150w, https:\/\/joannacholuj.pl\/wp-content\/uploads\/2024\/07\/275129134_10161803960580299_7988924791043865580_n-2-70x70.jpg 70w, https:\/\/joannacholuj.pl\/wp-content\/uploads\/2024\/07\/275129134_10161803960580299_7988924791043865580_n-2-127x127.jpg 127w, https:\/\/joannacholuj.pl\/wp-content\/uploads\/2024\/07\/275129134_10161803960580299_7988924791043865580_n-2-476x476.jpg 476w, https:\/\/joannacholuj.pl\/wp-content\/uploads\/2024\/07\/275129134_10161803960580299_7988924791043865580_n-2-125x125.jpg 125w\" sizes=\"(max-width: 150px) 100vw, 150px\" \/><\/a>\n\t\t\t<\/div>\n\t\t\t\t<figcaption class='wp-caption-text gallery-caption' id='gallery-1-12077'>\n\t\t\t\tDziewanna \n\t\t\t\t<\/figcaption><\/figure><figure class='gallery-item'>\n\t\t\t<div class='gallery-icon portrait'>\n\t\t\t\t<a href='https:\/\/joannacholuj.pl\/en\/wyprawa-do-peru\/275309533_10161803961195299_2239810841184846499_n-4\/'><img loading=\"lazy\" decoding=\"async\" width=\"150\" height=\"150\" src=\"https:\/\/joannacholuj.pl\/wp-content\/uploads\/2024\/07\/275309533_10161803961195299_2239810841184846499_n-150x150.jpg\" class=\"attachment-thumbnail size-thumbnail\" alt=\"\" aria-describedby=\"gallery-1-12062\" srcset=\"https:\/\/joannacholuj.pl\/wp-content\/uploads\/2024\/07\/275309533_10161803961195299_2239810841184846499_n-150x150.jpg 150w, https:\/\/joannacholuj.pl\/wp-content\/uploads\/2024\/07\/275309533_10161803961195299_2239810841184846499_n-70x70.jpg 70w, https:\/\/joannacholuj.pl\/wp-content\/uploads\/2024\/07\/275309533_10161803961195299_2239810841184846499_n-127x127.jpg 127w, https:\/\/joannacholuj.pl\/wp-content\/uploads\/2024\/07\/275309533_10161803961195299_2239810841184846499_n-476x476.jpg 476w, https:\/\/joannacholuj.pl\/wp-content\/uploads\/2024\/07\/275309533_10161803961195299_2239810841184846499_n-125x125.jpg 125w\" sizes=\"(max-width: 150px) 100vw, 150px\" \/><\/a>\n\t\t\t<\/div>\n\t\t\t\t<figcaption class='wp-caption-text gallery-caption' id='gallery-1-12062'>\n\t\t\t\tLada\n\t\t\t\t<\/figcaption><\/figure><figure class='gallery-item'>\n\t\t\t<div class='gallery-icon landscape'>\n\t\t\t\t<a href='https:\/\/joannacholuj.pl\/en\/wyprawa-do-peru\/275492860_10161803961335299_1068340397957670206_n-150x150\/'><img loading=\"lazy\" decoding=\"async\" width=\"150\" height=\"150\" src=\"https:\/\/joannacholuj.pl\/wp-content\/uploads\/2024\/07\/275492860_10161803961335299_1068340397957670206_n-150x150.jpg\" class=\"attachment-thumbnail size-thumbnail\" alt=\"\" aria-describedby=\"gallery-1-11648\" srcset=\"https:\/\/joannacholuj.pl\/wp-content\/uploads\/2024\/07\/275492860_10161803961335299_1068340397957670206_n-150x150.jpg 150w, https:\/\/joannacholuj.pl\/wp-content\/uploads\/2024\/07\/275492860_10161803961335299_1068340397957670206_n-150x150-70x70.jpg 70w, https:\/\/joannacholuj.pl\/wp-content\/uploads\/2024\/07\/275492860_10161803961335299_1068340397957670206_n-150x150-127x127.jpg 127w, https:\/\/joannacholuj.pl\/wp-content\/uploads\/2024\/07\/275492860_10161803961335299_1068340397957670206_n-150x150-125x125.jpg 125w\" sizes=\"(max-width: 150px) 100vw, 150px\" \/><\/a>\n\t\t\t<\/div>\n\t\t\t\t<figcaption class='wp-caption-text gallery-caption' id='gallery-1-11648'>\n\t\t\t\tMokosz\n\t\t\t\t<\/figcaption><\/figure>\n\t\t<\/div>\n\n<div id='gallery-2' class='gallery galleryid-9728 gallery-columns-4 gallery-size-medium'><figure class='gallery-item'>\n\t\t\t<div class='gallery-icon portrait'>\n\t\t\t\t<a href='https:\/\/joannacholuj.pl\/en\/wyprawadoperu\/3a8ad81d-0f59-4ec9-a026-25c4367e3cf0\/'><img loading=\"lazy\" decoding=\"async\" width=\"207\" height=\"300\" src=\"https:\/\/joannacholuj.pl\/wp-content\/uploads\/2024\/07\/3a8ad81d-0f59-4ec9-a026-25c4367e3cf0-207x300.jpeg\" class=\"attachment-medium size-medium\" alt=\"\" aria-describedby=\"gallery-2-12141\" srcset=\"https:\/\/joannacholuj.pl\/wp-content\/uploads\/2024\/07\/3a8ad81d-0f59-4ec9-a026-25c4367e3cf0-207x300.jpeg 207w, https:\/\/joannacholuj.pl\/wp-content\/uploads\/2024\/07\/3a8ad81d-0f59-4ec9-a026-25c4367e3cf0-768x1116.jpeg 768w, https:\/\/joannacholuj.pl\/wp-content\/uploads\/2024\/07\/3a8ad81d-0f59-4ec9-a026-25c4367e3cf0-705x1024.jpeg 705w, https:\/\/joannacholuj.pl\/wp-content\/uploads\/2024\/07\/3a8ad81d-0f59-4ec9-a026-25c4367e3cf0.jpeg 833w\" sizes=\"(max-width: 207px) 100vw, 207px\" \/><\/a>\n\t\t\t<\/div>\n\t\t\t\t<figcaption class='wp-caption-text gallery-caption' id='gallery-2-12141'>\n\t\t\t\tMama Qocha\n\t\t\t\t<\/figcaption><\/figure><figure class='gallery-item'>\n\t\t\t<div class='gallery-icon portrait'>\n\t\t\t\t<a href='https:\/\/joannacholuj.pl\/en\/wyprawadoperu\/615cc39e-94df-43fd-a303-59a7f73f6162\/'><img loading=\"lazy\" decoding=\"async\" width=\"197\" height=\"300\" src=\"https:\/\/joannacholuj.pl\/wp-content\/uploads\/2024\/07\/615cc39e-94df-43fd-a303-59a7f73f6162-197x300.jpeg\" class=\"attachment-medium size-medium\" alt=\"\" aria-describedby=\"gallery-2-12142\" srcset=\"https:\/\/joannacholuj.pl\/wp-content\/uploads\/2024\/07\/615cc39e-94df-43fd-a303-59a7f73f6162-197x300.jpeg 197w, https:\/\/joannacholuj.pl\/wp-content\/uploads\/2024\/07\/615cc39e-94df-43fd-a303-59a7f73f6162-674x1024.jpeg 674w, https:\/\/joannacholuj.pl\/wp-content\/uploads\/2024\/07\/615cc39e-94df-43fd-a303-59a7f73f6162.jpeg 755w\" sizes=\"(max-width: 197px) 100vw, 197px\" \/><\/a>\n\t\t\t<\/div>\n\t\t\t\t<figcaption class='wp-caption-text gallery-caption' id='gallery-2-12142'>\n\t\t\t\tMama Wayra\n\t\t\t\t<\/figcaption><\/figure><figure class='gallery-item'>\n\t\t\t<div class='gallery-icon portrait'>\n\t\t\t\t<a href='https:\/\/joannacholuj.pl\/en\/wyprawadoperu\/dbbae7de-36d9-4a4b-8a47-2493d1693a02\/'><img loading=\"lazy\" decoding=\"async\" width=\"222\" height=\"300\" src=\"https:\/\/joannacholuj.pl\/wp-content\/uploads\/2024\/07\/dbbae7de-36d9-4a4b-8a47-2493d1693a02-222x300.jpeg\" class=\"attachment-medium size-medium\" alt=\"\" aria-describedby=\"gallery-2-12140\" srcset=\"https:\/\/joannacholuj.pl\/wp-content\/uploads\/2024\/07\/dbbae7de-36d9-4a4b-8a47-2493d1693a02-222x300.jpeg 222w, https:\/\/joannacholuj.pl\/wp-content\/uploads\/2024\/07\/dbbae7de-36d9-4a4b-8a47-2493d1693a02-768x1036.jpeg 768w, https:\/\/joannacholuj.pl\/wp-content\/uploads\/2024\/07\/dbbae7de-36d9-4a4b-8a47-2493d1693a02-759x1024.jpeg 759w, https:\/\/joannacholuj.pl\/wp-content\/uploads\/2024\/07\/dbbae7de-36d9-4a4b-8a47-2493d1693a02.jpeg 773w\" sizes=\"(max-width: 222px) 100vw, 222px\" \/><\/a>\n\t\t\t<\/div>\n\t\t\t\t<figcaption class='wp-caption-text gallery-caption' id='gallery-2-12140'>\n\t\t\t\tMama Nina\n\t\t\t\t<\/figcaption><\/figure><figure class='gallery-item'>\n\t\t\t<div class='gallery-icon portrait'>\n\t\t\t\t<a href='https:\/\/joannacholuj.pl\/en\/wyprawadoperu\/35292653-9d63-4ab4-82de-2ea7939231f0\/'><img loading=\"lazy\" decoding=\"async\" width=\"170\" height=\"300\" src=\"https:\/\/joannacholuj.pl\/wp-content\/uploads\/2024\/07\/35292653-9d63-4ab4-82de-2ea7939231f0-170x300.jpeg\" class=\"attachment-medium size-medium\" alt=\"\" aria-describedby=\"gallery-2-12139\" srcset=\"https:\/\/joannacholuj.pl\/wp-content\/uploads\/2024\/07\/35292653-9d63-4ab4-82de-2ea7939231f0-170x300.jpeg 170w, https:\/\/joannacholuj.pl\/wp-content\/uploads\/2024\/07\/35292653-9d63-4ab4-82de-2ea7939231f0-582x1024.jpeg 582w, https:\/\/joannacholuj.pl\/wp-content\/uploads\/2024\/07\/35292653-9d63-4ab4-82de-2ea7939231f0.jpeg 692w\" sizes=\"(max-width: 170px) 100vw, 170px\" \/><\/a>\n\t\t\t<\/div>\n\t\t\t\t<figcaption class='wp-caption-text gallery-caption' id='gallery-2-12139'>\n\t\t\t\tPachaMAMA\n\t\t\t\t<\/figcaption><\/figure>\n\t\t<\/div>\n\n<h5 style=\"text-align: center;\">Aby uczyni\u0107 Twoj\u0105 \u015aCIE\u017bK\u0118 VIEDMY SZAMANKI skuteczniejsz\u0105 i prostsz\u0105<\/h5>\n<h4 style=\"text-align: center;\">PROPONUJ\u0118 CI :<\/h4>\n<figure id=\"attachment_11687\" aria-describedby=\"caption-attachment-11687\" style=\"width: 333px\" class=\"wp-caption aligncenter\"><img loading=\"lazy\" decoding=\"async\" class=\"wp-image-11687\" src=\"http:\/\/joannacholuj.pl\/wp-content\/uploads\/2024\/07\/DVC01286-300x225.jpg\" alt=\"\" width=\"333\" height=\"250\" srcset=\"https:\/\/joannacholuj.pl\/wp-content\/uploads\/2024\/07\/DVC01286-300x225.jpg 300w, https:\/\/joannacholuj.pl\/wp-content\/uploads\/2024\/07\/DVC01286.jpg 720w\" sizes=\"(max-width: 333px) 100vw, 333px\" \/><figcaption id=\"caption-attachment-11687\" class=\"wp-caption-text\"><a href=\"https:\/\/joannacholuj.pl\/en\/konsultacje_\/\">POMOC W ROZWIK\u0141ANIU SWOJEGO KODU MATRIXA<\/a><\/figcaption><\/figure>\n<figure id=\"attachment_11689\" aria-describedby=\"caption-attachment-11689\" style=\"width: 344px\" class=\"wp-caption aligncenter\"><img loading=\"lazy\" decoding=\"async\" class=\"wp-image-11689\" src=\"http:\/\/joannacholuj.pl\/wp-content\/uploads\/2024\/07\/20211122_151100-300x300.jpg\" alt=\"\" width=\"344\" height=\"344\" \/><figcaption id=\"caption-attachment-11689\" class=\"wp-caption-text\"><a href=\"https:\/\/joannacholuj.pl\/en\/konsultacje-powrot-do-glebi-siebie-i-pra-matki\/\">NASZKICOWANIE TWOJEJ MAPY PODR\u00d3\u017bY KU SOBIE I PRA-MATCE czyli KU WOLNO\u015aCI<\/a><\/figcaption><\/figure>\n<figure id=\"attachment_12027\" aria-describedby=\"caption-attachment-12027\" style=\"width: 343px\" class=\"wp-caption aligncenter\"><img loading=\"lazy\" decoding=\"async\" class=\"wp-image-12027\" src=\"http:\/\/joannacholuj.pl\/wp-content\/uploads\/2024\/07\/298695177_10162123321370299_4853423462605991937_n-300x300.jpg\" alt=\"\" width=\"343\" height=\"343\" srcset=\"https:\/\/joannacholuj.pl\/wp-content\/uploads\/2024\/07\/298695177_10162123321370299_4853423462605991937_n-300x300.jpg 300w, https:\/\/joannacholuj.pl\/wp-content\/uploads\/2024\/07\/298695177_10162123321370299_4853423462605991937_n-150x150.jpg 150w, https:\/\/joannacholuj.pl\/wp-content\/uploads\/2024\/07\/298695177_10162123321370299_4853423462605991937_n-70x70.jpg 70w, https:\/\/joannacholuj.pl\/wp-content\/uploads\/2024\/07\/298695177_10162123321370299_4853423462605991937_n-127x127.jpg 127w, https:\/\/joannacholuj.pl\/wp-content\/uploads\/2024\/07\/298695177_10162123321370299_4853423462605991937_n-476x476.jpg 476w, https:\/\/joannacholuj.pl\/wp-content\/uploads\/2024\/07\/298695177_10162123321370299_4853423462605991937_n-125x125.jpg 125w, https:\/\/joannacholuj.pl\/wp-content\/uploads\/2024\/07\/298695177_10162123321370299_4853423462605991937_n.jpg 526w\" sizes=\"(max-width: 343px) 100vw, 343px\" \/><figcaption id=\"caption-attachment-12027\" class=\"wp-caption-text\"><a href=\"https:\/\/joannacholuj.pl\/en\/webinary-i-ksiazki\/\">SZEROKI ZAS\u00d3B KSI\u0104\u017bEK, WEBINAR\u00d3W I KART DO SAMODZIELNEJ PRACY <\/a><\/figcaption><\/figure>\n<hr \/>\n<h3 style=\"text-align: center;\">ORAZ MISTYCZN\u0104 WYPRAW\u0118<\/h3>\n<h3 style=\"text-align: center;\">do kraju INK\u00d3W<\/h3>\n<h3 style=\"text-align: center;\">do \u017ar\u00f3de\u0142 szamanizmu, wiaro-wiedzy, magii i alchemii<\/h3>\n<h6 style=\"text-align: center;\">TA PROPOZYCJA\u00a0JEST TYLKO DLA KOBIET<\/h6>\n<p><img loading=\"lazy\" decoding=\"async\" class=\"wp-image-12016 aligncenter\" src=\"http:\/\/joannacholuj.pl\/wp-content\/uploads\/2024\/07\/OIP-31.jpeg\" alt=\"\" width=\"602\" height=\"324\" srcset=\"https:\/\/joannacholuj.pl\/wp-content\/uploads\/2024\/07\/OIP-31.jpeg 368w, https:\/\/joannacholuj.pl\/wp-content\/uploads\/2024\/07\/OIP-31-300x161.jpeg 300w\" sizes=\"(max-width: 602px) 100vw, 602px\" \/><\/p>\n<p style=\"text-align: center;\">Viedmy Szamanki zamieszkiwa\u0142y wszystkie kontynenty. Ale ja chc\u0119 zaprosi\u0107 Ci\u0119 do najbardziej mistycznej przestrzeni cywilizacyjnej na Ziemi :<\/p>\n<h3 style=\"text-align: center;\"><a href=\"https:\/\/joannacholuj.pl\/en\/wyprawa-do-peru\/\">DOWIEDZ SI\u0118 WI\u0118CEJ<\/a><\/h3>","protected":false},"excerpt":{"rendered":"<p>KIM NAPRAWD\u0118 JEST VIEDMA SZAMANKA? i Co dzieje si\u0119 na \u015bcie\u017cce Wied\u017amio-Szama\u0144skiej podczas MISTYCZNEJ WYPRAWY DO PERU? Viedmy i Szamanki. [&hellip;]<\/p>","protected":false},"author":2,"featured_media":12090,"parent":0,"menu_order":0,"comment_status":"closed","ping_status":"closed","template":"","meta":{"_bbp_topic_count":0,"_bbp_reply_count":0,"_bbp_total_topic_count":0,"_bbp_total_reply_count":0,"_bbp_voice_count":0,"_bbp_anonymous_reply_count":0,"_bbp_topic_count_hidden":0,"_bbp_reply_count_hidden":0,"_bbp_forum_subforum_count":0,"_uag_custom_page_level_css":"","footnotes":""},"class_list":["post-9728","page","type-page","status-publish","has-post-thumbnail","hentry"],"spectra_custom_meta":{"_edit_lock":["1735603162:2"],"_edit_last":["2"],"_wp_page_template":["default"],"_thumbnail_id":["12090"],"_uag_page_assets":["a:9:{s:3:\"css\";s:0:\"\";s:2:\"js\";s:0:\"\";s:18:\"current_block_list\";a:0:{}s:8:\"uag_flag\";b:0;s:11:\"uag_version\";s:10:\"1775361163\";s:6:\"gfonts\";a:0:{}s:10:\"gfonts_url\";s:0:\"\";s:12:\"gfonts_files\";a:0:{}s:14:\"uag_faq_layout\";b:0;}"]},"uagb_featured_image_src":{"full":["https:\/\/joannacholuj.pl\/wp-content\/uploads\/2024\/07\/IMG20220816120805-1-1.jpg",490,653,false],"thumbnail":["https:\/\/joannacholuj.pl\/wp-content\/uploads\/2024\/07\/IMG20220816120805-1-1-150x150.jpg",150,150,true],"medium":["https:\/\/joannacholuj.pl\/wp-content\/uploads\/2024\/07\/IMG20220816120805-1-1-225x300.jpg",225,300,true],"medium_large":["https:\/\/joannacholuj.pl\/wp-content\/uploads\/2024\/07\/IMG20220816120805-1-1.jpg",490,653,false],"large":["https:\/\/joannacholuj.pl\/wp-content\/uploads\/2024\/07\/IMG20220816120805-1-1.jpg",490,653,false],"1536x1536":["https:\/\/joannacholuj.pl\/wp-content\/uploads\/2024\/07\/IMG20220816120805-1-1.jpg",490,653,false],"2048x2048":["https:\/\/joannacholuj.pl\/wp-content\/uploads\/2024\/07\/IMG20220816120805-1-1.jpg",490,653,false],"trp-custom-language-flag":["https:\/\/joannacholuj.pl\/wp-content\/uploads\/2024\/07\/IMG20220816120805-1-1.jpg",9,12,false],"illdy-blog-list":["https:\/\/joannacholuj.pl\/wp-content\/uploads\/2024\/07\/IMG20220816120805-1-1-490x500.jpg",490,500,true],"illdy-widget-recent-posts":["https:\/\/joannacholuj.pl\/wp-content\/uploads\/2024\/07\/IMG20220816120805-1-1-70x70.jpg",70,70,true],"illdy-blog-post-related-articles":["https:\/\/joannacholuj.pl\/wp-content\/uploads\/2024\/07\/IMG20220816120805-1-1-240x206.jpg",240,206,true],"illdy-front-page-latest-news":["https:\/\/joannacholuj.pl\/wp-content\/uploads\/2024\/07\/IMG20220816120805-1-1-250x213.jpg",250,213,true],"illdy-front-page-testimonials":["https:\/\/joannacholuj.pl\/wp-content\/uploads\/2024\/07\/IMG20220816120805-1-1-127x127.jpg",127,127,true],"illdy-front-page-projects":["https:\/\/joannacholuj.pl\/wp-content\/uploads\/2024\/07\/IMG20220816120805-1-1-476x476.jpg",476,476,true],"illdy-front-page-person":["https:\/\/joannacholuj.pl\/wp-content\/uploads\/2024\/07\/IMG20220816120805-1-1-125x125.jpg",125,125,true]},"uagb_author_info":{"display_name":"Joanna Choluj","author_link":"https:\/\/joannacholuj.pl\/en\/blog\/author\/joannacholuj\/"},"uagb_comment_info":0,"uagb_excerpt":"KIM NAPRAWD\u0118 JEST VIEDMA SZAMANKA? i Co dzieje si\u0119 na \u015bcie\u017cce Wied\u017amio-Szama\u0144skiej podczas MISTYCZNEJ WYPRAWY DO PERU? Viedmy i Szamanki. [&hellip;]","_links":{"self":[{"href":"https:\/\/joannacholuj.pl\/en\/wp-json\/wp\/v2\/pages\/9728"}],"collection":[{"href":"https:\/\/joannacholuj.pl\/en\/wp-json\/wp\/v2\/pages"}],"about":[{"href":"https:\/\/joannacholuj.pl\/en\/wp-json\/wp\/v2\/types\/page"}],"author":[{"embeddable":true,"href":"https:\/\/joannacholuj.pl\/en\/wp-json\/wp\/v2\/users\/2"}],"replies":[{"embeddable":true,"href":"https:\/\/joannacholuj.pl\/en\/wp-json\/wp\/v2\/comments?post=9728"}],"version-history":[{"count":60,"href":"https:\/\/joannacholuj.pl\/en\/wp-json\/wp\/v2\/pages\/9728\/revisions"}],"predecessor-version":[{"id":13377,"href":"https:\/\/joannacholuj.pl\/en\/wp-json\/wp\/v2\/pages\/9728\/revisions\/13377"}],"wp:featuredmedia":[{"embeddable":true,"href":"https:\/\/joannacholuj.pl\/en\/wp-json\/wp\/v2\/media\/12090"}],"wp:attachment":[{"href":"https:\/\/joannacholuj.pl\/en\/wp-json\/wp\/v2\/media?parent=9728"}],"curies":[{"name":"wp","href":"https:\/\/api.w.org\/{rel}","templated":true}]}}