{"id":9267,"date":"2023-06-13T17:50:07","date_gmt":"2023-06-13T15:50:07","guid":{"rendered":"http:\/\/joannacholuj.pl\/?page_id=9267"},"modified":"2024-03-21T04:45:53","modified_gmt":"2024-03-21T03:45:53","slug":"coaching","status":"publish","type":"page","link":"https:\/\/joannacholuj.pl\/en\/coaching\/","title":{"rendered":"Procesy u Wied\u017amy"},"content":{"rendered":"<p><img loading=\"lazy\" decoding=\"async\" class=\"aligncenter size-large wp-image-4025\" src=\"http:\/\/joannacholuj.pl\/wp-content\/uploads\/2019\/12\/logo-1200-intro2-1024x341.jpg\" alt=\"\" width=\"640\" height=\"213\" srcset=\"https:\/\/joannacholuj.pl\/wp-content\/uploads\/2019\/12\/logo-1200-intro2-1024x341.jpg 1024w, https:\/\/joannacholuj.pl\/wp-content\/uploads\/2019\/12\/logo-1200-intro2-300x100.jpg 300w, https:\/\/joannacholuj.pl\/wp-content\/uploads\/2019\/12\/logo-1200-intro2-768x256.jpg 768w, https:\/\/joannacholuj.pl\/wp-content\/uploads\/2019\/12\/logo-1200-intro2.jpg 1200w\" sizes=\"(max-width: 640px) 100vw, 640px\" \/><\/p>\n<h3 style=\"text-align: center;\">PROCESY U WIED\u0179MY<\/h3>\n<p style=\"text-align: center;\">(Roczny cykl sesji \/proces\u00f3w &#8212; z moim wsparciem\u00a0 &#8212; w celu gruntownej metamorfozy \u017cycia)<\/p>\n<p style=\"text-align: center;\"><strong>opiera si\u0119 na metodzie Ario-S\u0142owia\u0144skiej Transformacji \u017bycia i My\u015blenia<\/strong><\/p>\n<p style=\"text-align: center;\"><strong>Jest to przemiana \u017cycia w 12 miesi\u0119cy w cyklu roku (zaczynamy od stycznia)<\/strong><\/p>\n<p style=\"text-align: center;\">Spotykamy si\u0119 raz na dwa tygodnie na sesji 1,5 h. Daje to 24 sesje w roku oraz kontakt sta\u0142y pisemny przez email lub whatsapp.<\/p>\n<hr \/>\n<h5 style=\"text-align: center;\">NA CZYM POLEGA METODA &#8211; OBEJRZYJ FILMIK<\/h5>\n<p><iframe loading=\"lazy\" title=\"YouTube video player\" src=\"https:\/\/www.youtube.com\/embed\/mhrCu-E3sKY\" width=\"560\" height=\"315\" frameborder=\"0\" allowfullscreen=\"allowfullscreen\" data-mce-fragment=\"1\"><\/iframe><\/p>\n<p>&nbsp;<\/p>\n<p style=\"text-align: center;\">Obejrzyj filmik NA CZYM POLEGA COACHING WIED\u0179MI JOANNY CHO\u0141UJ<\/p>\n<p><iframe loading=\"lazy\" title=\"YouTube video player\" src=\"https:\/\/www.youtube.com\/embed\/H6163e98cyk\" width=\"560\" height=\"315\" frameborder=\"0\" allowfullscreen=\"allowfullscreen\"><\/iframe><\/p>\n<p>&nbsp;<\/p>\n<p>CZY TEN PROCES JEST DLA CIEBIE? OBEJRZYJ FILMIK<\/p>\n<p><iframe loading=\"lazy\" title=\"YouTube video player\" src=\"https:\/\/www.youtube.com\/embed\/O-NIiET0uFY\" width=\"560\" height=\"315\" frameborder=\"0\" allowfullscreen=\"allowfullscreen\"><\/iframe><\/p>\n<hr \/>\n<p>&nbsp;<\/p>\n<h3 style=\"text-align: center;\"><span style=\"text-decoration: underline;\"><strong>COACHING INDYWIDUALNY\u00a0 (1 na 1)<\/strong><\/span><\/h3>\n<p><img loading=\"lazy\" decoding=\"async\" class=\"aligncenter wp-image-8557 size-medium\" src=\"http:\/\/joannacholuj.pl\/wp-content\/uploads\/2022\/09\/305229077_10162177369740299_5189234047771871854_n-1-300x225.jpg\" alt=\"\" width=\"300\" height=\"225\" srcset=\"https:\/\/joannacholuj.pl\/wp-content\/uploads\/2022\/09\/305229077_10162177369740299_5189234047771871854_n-1-300x225.jpg 300w, https:\/\/joannacholuj.pl\/wp-content\/uploads\/2022\/09\/305229077_10162177369740299_5189234047771871854_n-1.jpg 600w\" sizes=\"(max-width: 300px) 100vw, 300px\" \/><\/p>\n<h4 style=\"text-align: center;\"><\/h4>\n<h4 style=\"text-align: center;\">TRANSFORMACJA ARIO-S\u0141OWIA\u0143SKA \u017bYCIA I MY\u015aLENIA<\/h4>\n<p style=\"text-align: center;\">Jest to roczny zindywidualizowany proces przemiany duchowej \u017cycia, w kt\u00f3rym Wam pomagam. Pracujemy zgodnie z logik\u0105 12 miesi\u0119cy i czterech \u0107wiartek roku. Oznacza to, \u017ce pracujemy nad elementem osobistym i spo\u0142eczno-rodzinnym, oraz energetyczno-materialnym. Przepracowaniu ulegaj\u0105 wszystkie poziomy (energia, umys\u0142, serce, cia\u0142o) czyli poziom energii \u017ce\u0144skiej i m\u0119skiej, wewn\u0119trznego dziecka, wdruki umys\u0142owe i behawioralne zwi\u0105zane z dzieci\u0144stwem i edukacj\u0105, prac\u0105, dharm\u0105. Pracujemy nad karm\u0105 indywidualn\u0105 i rodzinn\u0105-rodow\u0105. Pracujemy z cia\u0142em i sercem.<\/p>\n<p style=\"text-align: center;\"><a href=\"http:\/\/joannacholuj.pl\/en\/procesy-sklep\/\"><span style=\"text-decoration: underline;\">BUY<\/span><\/a><\/p>\n<p style=\"text-align: center;\">Elementem niezb\u0119dnym jest te\u017c moja <a href=\"https:\/\/joannacholuj.pl\/en\/analizy-holistyczne\/\">ANALIZA HOLISTYCZNA DLA WAS<\/a>\u00a0 , kt\u00f3r\u0105 dostajecie w postaci nagra\u0144 mp3.<\/p>\n<p style=\"text-align: center;\">ZA ANALIZ\u0118 P\u0141ACIMY ODDZIELNIE<\/p>\n<p style=\"text-align: center;\"><span style=\"text-decoration: underline;\">350z\u0142\u00a0<\/span><\/p>\n<p style=\"text-align: center;\">Daje Wam ona praktyczne spojrzenie na Wasze \u017cycie, potencja\u0142, dharm\u0119\/misj\u0119 , problemy i ich rozwi\u0105zanie. Dostaniecie w odpowiedni spos\u00f3b holistycznie powi\u0105zany profil numerologiczny, horoskop tropikalny i wedyjski, informacj\u0119 o archetypach tropikalnych i wedyjskich, wasz rozw\u00f3j i poziom energetyczny, wasze ochronne elementy, symbole i analiz\u0119 j\u0119zykow\u0105 wa\u017cnych dla was nazw, imion, nazwisk i s\u0142\u00f3w.<\/p>\n<p style=\"text-align: center;\">wi\u0119cej informacji whatsapp +48 605 66 3939<\/p>\n<hr \/>\n<div class=\"l7ghb35v kjdc1dyq kmwttqpk gh25dzvf jikcssrz n3t5jt4f\" style=\"text-align: center;\">\n<div dir=\"auto\"><\/div>\n<\/div>","protected":false},"excerpt":{"rendered":"<p>PROCESY U WIED\u0179MY (Roczny cykl sesji \/proces\u00f3w &#8212; z moim wsparciem\u00a0 &#8212; w celu gruntownej metamorfozy \u017cycia) opiera si\u0119 na [&hellip;]<\/p>","protected":false},"author":2,"featured_media":0,"parent":0,"menu_order":0,"comment_status":"closed","ping_status":"closed","template":"","meta":{"_bbp_topic_count":0,"_bbp_reply_count":0,"_bbp_total_topic_count":0,"_bbp_total_reply_count":0,"_bbp_voice_count":0,"_bbp_anonymous_reply_count":0,"_bbp_topic_count_hidden":0,"_bbp_reply_count_hidden":0,"_bbp_forum_subforum_count":0,"_uag_custom_page_level_css":"","footnotes":""},"class_list":["post-9267","page","type-page","status-publish","hentry"],"spectra_custom_meta":{"_edit_lock":["1710992653:2"],"_edit_last":["2"],"_wp_page_template":["default"],"_uag_page_assets":["a:9:{s:3:\"css\";s:0:\"\";s:2:\"js\";s:0:\"\";s:18:\"current_block_list\";a:0:{}s:8:\"uag_flag\";b:0;s:11:\"uag_version\";s:10:\"1776190721\";s:6:\"gfonts\";a:0:{}s:10:\"gfonts_url\";s:0:\"\";s:12:\"gfonts_files\";a:0:{}s:14:\"uag_faq_layout\";b:0;}"]},"uagb_featured_image_src":{"full":false,"thumbnail":false,"medium":false,"medium_large":false,"large":false,"1536x1536":false,"2048x2048":false,"trp-custom-language-flag":false,"illdy-blog-list":false,"illdy-widget-recent-posts":false,"illdy-blog-post-related-articles":false,"illdy-front-page-latest-news":false,"illdy-front-page-testimonials":false,"illdy-front-page-projects":false,"illdy-front-page-person":false},"uagb_author_info":{"display_name":"Joanna Choluj","author_link":"https:\/\/joannacholuj.pl\/en\/blog\/author\/joannacholuj\/"},"uagb_comment_info":0,"uagb_excerpt":"PROCESY U WIED\u0179MY (Roczny cykl sesji \/proces\u00f3w &#8212; z moim wsparciem\u00a0 &#8212; w celu gruntownej metamorfozy \u017cycia) opiera si\u0119 na [&hellip;]","_links":{"self":[{"href":"https:\/\/joannacholuj.pl\/en\/wp-json\/wp\/v2\/pages\/9267"}],"collection":[{"href":"https:\/\/joannacholuj.pl\/en\/wp-json\/wp\/v2\/pages"}],"about":[{"href":"https:\/\/joannacholuj.pl\/en\/wp-json\/wp\/v2\/types\/page"}],"author":[{"embeddable":true,"href":"https:\/\/joannacholuj.pl\/en\/wp-json\/wp\/v2\/users\/2"}],"replies":[{"embeddable":true,"href":"https:\/\/joannacholuj.pl\/en\/wp-json\/wp\/v2\/comments?post=9267"}],"version-history":[{"count":27,"href":"https:\/\/joannacholuj.pl\/en\/wp-json\/wp\/v2\/pages\/9267\/revisions"}],"predecessor-version":[{"id":11049,"href":"https:\/\/joannacholuj.pl\/en\/wp-json\/wp\/v2\/pages\/9267\/revisions\/11049"}],"wp:attachment":[{"href":"https:\/\/joannacholuj.pl\/en\/wp-json\/wp\/v2\/media?parent=9267"}],"curies":[{"name":"wp","href":"https:\/\/api.w.org\/{rel}","templated":true}]}}