{"id":8935,"date":"2023-05-09T08:19:50","date_gmt":"2023-05-09T06:19:50","guid":{"rendered":"http:\/\/joannacholuj.pl\/?page_id=8935"},"modified":"2024-06-28T18:56:03","modified_gmt":"2024-06-28T16:56:03","slug":"espanol-2","status":"publish","type":"page","link":"https:\/\/joannacholuj.pl\/en\/espanol-2\/","title":{"rendered":"Espa\u00f1ol"},"content":{"rendered":"<h2><img loading=\"lazy\" decoding=\"async\" class=\"wp-image-4139 aligncenter\" src=\"http:\/\/joannacholuj.pl\/wp-content\/uploads\/2020\/01\/LOGO-249x300.jpg\" alt=\"\" width=\"132\" height=\"159\" srcset=\"https:\/\/joannacholuj.pl\/wp-content\/uploads\/2020\/01\/LOGO-249x300.jpg 249w, https:\/\/joannacholuj.pl\/wp-content\/uploads\/2020\/01\/LOGO-768x925.jpg 768w, https:\/\/joannacholuj.pl\/wp-content\/uploads\/2020\/01\/LOGO-850x1024.jpg 850w, https:\/\/joannacholuj.pl\/wp-content\/uploads\/2020\/01\/LOGO.jpg 1332w\" sizes=\"(max-width: 132px) 100vw, 132px\" \/><\/h2>\n<h3 style=\"text-align: center;\"><strong><a href=\"http:\/\/joannacholuj.pl\/en\/precios\/\">TIENDA<\/a><\/strong><\/h3>\n<h5 style=\"text-align: center;\"><em><strong>\u00a0<a href=\"http:\/\/joannacholuj.pl\/en\/comunidad-apolonia\/\">COMUNIDAD APOLONIA &#8211; ENCUENTROS en PERU<\/a> <\/strong><\/em><\/h5>\n<h5 style=\"text-align: center;\"><em><strong><a href=\"http:\/\/joannacholuj.pl\/en\/escuela-fringla\/\">PLATFORMA EDUCATIVA FrIngla\u00a0<\/a>con cursos y materiales\u00a0<\/strong><\/em><\/h5>\n<h5 style=\"text-align: center;\"><em><strong>\u00a0<a href=\"http:\/\/joannacholuj.pl\/en\/analisis-holistico\/\">ANALISIS HOLISTICO y CONSULTAS<\/a>\u00a0y<\/strong><\/em><em><strong>\u00a0<\/strong><\/em><em><strong><a href=\"http:\/\/joannacholuj.pl\/en\/cartas\/\">CARTAS de meditation\u00a0<\/a>\u00a0<\/strong><\/em><\/h5>\n<h5 style=\"text-align: center;\"><em><strong><a href=\"http:\/\/joannacholuj.pl\/en\/curriculum-vitae-esp\/\">CURRICULUM VITAE<\/a>*\u00a0<\/strong><\/em><em><strong><a href=\"http:\/\/joannacholuj.pl\/en\/opiniones\/\">OPINIONES<\/a>\u00a0 *\u00a0\u00a0<\/strong><\/em><a href=\"http:\/\/joannacholuj.pl\/en\/sobre-mi\/\"><em><strong>SOBRE M\u00cd\u00a0<\/strong><\/em><\/a><strong><em>\u00a0* <a href=\"https:\/\/www.instagram.com\/joannacholujjclady\/\">INSTAGRAM<\/a><\/em><\/strong><\/h5>\n<p>&nbsp;<\/p>\n<h2 style=\"text-align: center;\">NAMASTE\u00a0 ! SLAVA\u00a0 !<\/h2>\n<p><img loading=\"lazy\" decoding=\"async\" class=\"wp-image-10559 size-full aligncenter\" src=\"http:\/\/joannacholuj.pl\/wp-content\/uploads\/2023\/12\/IMG_6473.jpg\" alt=\"\" width=\"640\" height=\"360\" srcset=\"https:\/\/joannacholuj.pl\/wp-content\/uploads\/2023\/12\/IMG_6473.jpg 640w, https:\/\/joannacholuj.pl\/wp-content\/uploads\/2023\/12\/IMG_6473-300x169.jpg 300w\" sizes=\"(max-width: 640px) 100vw, 640px\" \/><\/p>\n<p>&nbsp;<\/p>\n<p style=\"text-align: center;\"><strong>Mi nombre es Joanna Cho\u0142uj a.k.a. \u0141ada y soy una Profesora, Escritora,Sacerdotisa y Sabia que te ayuda en los procesos de metamorfosis de vida y pensamiento y a volver a tu pleno poder y feminidad. Te ayudar\u00e9 a trav\u00e9s del M\u00e9todo de Transformaci\u00f3n a comprender tu personalidad y vocaci\u00f3n, a pasar de patrones t\u00f3xicos a una personalidad sana, a crear bienestar a trav\u00e9s de las vibraciones de las palabras, a criar y educar hijos sabios y libres. <\/strong><\/p>\n<p style=\"text-align: center;\"><strong>Actuamos formalmente con mi esposo como personas espirituales en nuestra Comunidad de Seguidores del Sol APOLONIA en Per\u00fa. \u00a1<\/strong><\/p>\n<p style=\"text-align: center;\"><strong>Eres bienvenido a unirte a nosotros en nuestros diarios e inusuales encuentros en circulo!<\/strong><\/p>\n<p><img loading=\"lazy\" decoding=\"async\" class=\"size-medium wp-image-8866 aligncenter\" src=\"http:\/\/joannacholuj.pl\/wp-content\/uploads\/2023\/02\/IMG_2442donem-300x200.jpg\" alt=\"\" width=\"300\" height=\"200\" srcset=\"https:\/\/joannacholuj.pl\/wp-content\/uploads\/2023\/02\/IMG_2442donem-300x200.jpg 300w, https:\/\/joannacholuj.pl\/wp-content\/uploads\/2023\/02\/IMG_2442donem-768x512.jpg 768w, https:\/\/joannacholuj.pl\/wp-content\/uploads\/2023\/02\/IMG_2442donem-750x500.jpg 750w, https:\/\/joannacholuj.pl\/wp-content\/uploads\/2023\/02\/IMG_2442donem.jpg 960w\" sizes=\"(max-width: 300px) 100vw, 300px\" \/><\/p>\n<p style=\"text-align: center;\"><strong>No te arrepientas nunca. Crea de nuevo<\/strong><br \/>\nEdith Piaf canta: &#8222;Non. Je ne regrette rien&#8221;. No. No me arrepiento. Este es tambi\u00e9n mi lema.<\/p>\n<p style=\"text-align: center;\">En la vida, s\u00f3lo el cambio es seguro. Eras un ni\u00f1o, eres una ni\u00f1a. Te casaste. Algo se vino abajo. Tuviste hijos. Ellos fallecen. T\u00fa sigues viviendo. La vida a\u00fan puede ser bella. Cree en ti mismo. No apagues tu fuego interior. NUNCA.<\/p>\n<hr \/>\n<p style=\"text-align: center;\"><img loading=\"lazy\" decoding=\"async\" class=\"alignnone wp-image-8857 size-full\" src=\"http:\/\/joannacholuj.pl\/wp-content\/uploads\/2023\/02\/Zrzut-ekranu-228.png\" alt=\"\" width=\"1366\" height=\"768\" srcset=\"https:\/\/joannacholuj.pl\/wp-content\/uploads\/2023\/02\/Zrzut-ekranu-228.png 1366w, https:\/\/joannacholuj.pl\/wp-content\/uploads\/2023\/02\/Zrzut-ekranu-228-300x169.png 300w, https:\/\/joannacholuj.pl\/wp-content\/uploads\/2023\/02\/Zrzut-ekranu-228-768x432.png 768w, https:\/\/joannacholuj.pl\/wp-content\/uploads\/2023\/02\/Zrzut-ekranu-228-1024x576.png 1024w\" sizes=\"(max-width: 1366px) 100vw, 1366px\" \/><\/p>\n<p><img loading=\"lazy\" decoding=\"async\" class=\"alignnone wp-image-8853 size-full\" src=\"http:\/\/joannacholuj.pl\/wp-content\/uploads\/2023\/02\/Zrzut-ekranu-235.png\" alt=\"\" width=\"1366\" height=\"768\" srcset=\"https:\/\/joannacholuj.pl\/wp-content\/uploads\/2023\/02\/Zrzut-ekranu-235.png 1366w, https:\/\/joannacholuj.pl\/wp-content\/uploads\/2023\/02\/Zrzut-ekranu-235-300x169.png 300w, https:\/\/joannacholuj.pl\/wp-content\/uploads\/2023\/02\/Zrzut-ekranu-235-768x432.png 768w, https:\/\/joannacholuj.pl\/wp-content\/uploads\/2023\/02\/Zrzut-ekranu-235-1024x576.png 1024w\" sizes=\"(max-width: 1366px) 100vw, 1366px\" \/><\/p>\n<hr \/>\n<p>&nbsp;<\/p>","protected":false},"excerpt":{"rendered":"<p>TIENDA \u00a0COMUNIDAD APOLONIA &#8211; ENCUENTROS en PERU PLATFORMA EDUCATIVA FrIngla\u00a0con cursos y materiales\u00a0 \u00a0ANALISIS HOLISTICO y CONSULTAS\u00a0y\u00a0CARTAS de meditation\u00a0\u00a0 CURRICULUM [&hellip;]<\/p>","protected":false},"author":2,"featured_media":0,"parent":0,"menu_order":0,"comment_status":"closed","ping_status":"closed","template":"","meta":{"_bbp_topic_count":0,"_bbp_reply_count":0,"_bbp_total_topic_count":0,"_bbp_total_reply_count":0,"_bbp_voice_count":0,"_bbp_anonymous_reply_count":0,"_bbp_topic_count_hidden":0,"_bbp_reply_count_hidden":0,"_bbp_forum_subforum_count":0,"_uag_custom_page_level_css":"","footnotes":""},"class_list":["post-8935","page","type-page","status-publish","hentry"],"spectra_custom_meta":{"_edit_last":["2"],"_wp_page_template":["default"],"_edit_lock":["1719627693:2"],"_uag_page_assets":["a:9:{s:3:\"css\";s:0:\"\";s:2:\"js\";s:0:\"\";s:18:\"current_block_list\";a:0:{}s:8:\"uag_flag\";b:0;s:11:\"uag_version\";s:10:\"1776260823\";s:6:\"gfonts\";a:0:{}s:10:\"gfonts_url\";s:0:\"\";s:12:\"gfonts_files\";a:0:{}s:14:\"uag_faq_layout\";b:0;}"]},"uagb_featured_image_src":{"full":false,"thumbnail":false,"medium":false,"medium_large":false,"large":false,"1536x1536":false,"2048x2048":false,"trp-custom-language-flag":false,"illdy-blog-list":false,"illdy-widget-recent-posts":false,"illdy-blog-post-related-articles":false,"illdy-front-page-latest-news":false,"illdy-front-page-testimonials":false,"illdy-front-page-projects":false,"illdy-front-page-person":false},"uagb_author_info":{"display_name":"Joanna Choluj","author_link":"https:\/\/joannacholuj.pl\/en\/blog\/author\/joannacholuj\/"},"uagb_comment_info":0,"uagb_excerpt":"TIENDA \u00a0COMUNIDAD APOLONIA &#8211; ENCUENTROS en PERU PLATFORMA EDUCATIVA FrIngla\u00a0con cursos y materiales\u00a0 \u00a0ANALISIS HOLISTICO y CONSULTAS\u00a0y\u00a0CARTAS de meditation\u00a0\u00a0 CURRICULUM [&hellip;]","_links":{"self":[{"href":"https:\/\/joannacholuj.pl\/en\/wp-json\/wp\/v2\/pages\/8935"}],"collection":[{"href":"https:\/\/joannacholuj.pl\/en\/wp-json\/wp\/v2\/pages"}],"about":[{"href":"https:\/\/joannacholuj.pl\/en\/wp-json\/wp\/v2\/types\/page"}],"author":[{"embeddable":true,"href":"https:\/\/joannacholuj.pl\/en\/wp-json\/wp\/v2\/users\/2"}],"replies":[{"embeddable":true,"href":"https:\/\/joannacholuj.pl\/en\/wp-json\/wp\/v2\/comments?post=8935"}],"version-history":[{"count":25,"href":"https:\/\/joannacholuj.pl\/en\/wp-json\/wp\/v2\/pages\/8935\/revisions"}],"predecessor-version":[{"id":11385,"href":"https:\/\/joannacholuj.pl\/en\/wp-json\/wp\/v2\/pages\/8935\/revisions\/11385"}],"wp:attachment":[{"href":"https:\/\/joannacholuj.pl\/en\/wp-json\/wp\/v2\/media?parent=8935"}],"curies":[{"name":"wp","href":"https:\/\/api.w.org\/{rel}","templated":true}]}}