{"id":8886,"date":"2023-04-26T03:15:13","date_gmt":"2023-04-26T01:15:13","guid":{"rendered":"http:\/\/joannacholuj.pl\/?page_id=8886"},"modified":"2023-10-26T04:36:50","modified_gmt":"2023-10-26T02:36:50","slug":"spektakle","status":"publish","type":"page","link":"https:\/\/joannacholuj.pl\/en\/spektakle\/","title":{"rendered":"Spektakle"},"content":{"rendered":"<div id='gallery-1' class='gallery galleryid-8886 gallery-columns-1 gallery-size-thumbnail'><figure class='gallery-item'>\n\t\t\t<div class='gallery-icon landscape'>\n\t\t\t\t<img loading=\"lazy\" decoding=\"async\" width=\"150\" height=\"150\" src=\"https:\/\/joannacholuj.pl\/wp-content\/uploads\/2020\/06\/KtKb1-1024x734-150x150.jpg\" class=\"attachment-thumbnail size-thumbnail\" alt=\"\" srcset=\"https:\/\/joannacholuj.pl\/wp-content\/uploads\/2020\/06\/KtKb1-1024x734-150x150.jpg 150w, https:\/\/joannacholuj.pl\/wp-content\/uploads\/2020\/06\/KtKb1-1024x734-70x70.jpg 70w, https:\/\/joannacholuj.pl\/wp-content\/uploads\/2020\/06\/KtKb1-1024x734-127x127.jpg 127w, https:\/\/joannacholuj.pl\/wp-content\/uploads\/2020\/06\/KtKb1-1024x734-476x476.jpg 476w, https:\/\/joannacholuj.pl\/wp-content\/uploads\/2020\/06\/KtKb1-1024x734-125x125.jpg 125w\" sizes=\"(max-width: 150px) 100vw, 150px\" \/>\n\t\t\t<\/div><\/figure>\n\t\t<\/div>\n\n<h3 style=\"text-align: center;\">MIR<\/h3>\n<h4 style=\"text-align: center;\">Misteria Interaktywno-Rytualne<\/h4>\n<p style=\"text-align: center;\">OBEJRZYJ FILMIK INFORMACYJNY<\/p>\n<p><iframe loading=\"lazy\" title=\"YouTube video player\" src=\"https:\/\/www.youtube.com\/embed\/e4wFd5JcZpY\" width=\"560\" height=\"315\" frameborder=\"0\" allowfullscreen=\"allowfullscreen\"><\/iframe><\/p>\n<p style=\"text-align: center;\">Spektakle b\u0119d\u0105 poprzedzone wyk\u0142adem na temat danego rytu przej\u015bcia. B\u0119d\u0105 cz\u0119\u015bci\u0105 rytua\u0142u danej energii roku.<\/p>\n<p style=\"text-align: center;\">Ich zadaniem jest w\u0142\u0105czy\u0107 ca\u0142\u0105 wsp\u00f3lnot\u0119 festiwalow\u0105, niezale\u017cnie od wyznania i filozofii, w energi\u0119 okresu przej\u015bciowego.<\/p>\n<hr \/>\n<p>&nbsp;<\/p>\n<h3 style=\"text-align: center;\"><span lang=\"pl\"><strong><span style=\"color: red;\">SPEKTAKL 1 DZIEWANNA<\/span><\/strong><\/span><\/h3>\n<h4 style=\"text-align: center;\"><span lang=\"pl\"><strong><span style=\"color: red;\">Wiosenny Ryt Przej\u015bcia &#8211; Jare Gody\u00a0<\/span><\/strong><\/span><\/h4>\n<p>&nbsp;<\/p>\n<p><img loading=\"lazy\" decoding=\"async\" class=\"alignnone size-medium wp-image-9671 aligncenter\" src=\"http:\/\/joannacholuj.pl\/wp-content\/uploads\/2023\/07\/275129134_10161803960580299_7988924791043865580_n-225x300.jpg\" alt=\"\" width=\"225\" height=\"300\" srcset=\"https:\/\/joannacholuj.pl\/wp-content\/uploads\/2023\/07\/275129134_10161803960580299_7988924791043865580_n-225x300.jpg 225w, https:\/\/joannacholuj.pl\/wp-content\/uploads\/2023\/07\/275129134_10161803960580299_7988924791043865580_n-768x1024.jpg 768w, https:\/\/joannacholuj.pl\/wp-content\/uploads\/2023\/07\/275129134_10161803960580299_7988924791043865580_n.jpg 1536w\" sizes=\"(max-width: 225px) 100vw, 225px\" \/><\/p>\n<p>&nbsp;<\/p>\n<hr \/>\n<p style=\"text-align: center;\"><strong>\u00a0<\/strong><\/p>\n<h3 style=\"text-align: center;\"><span lang=\"pl\"><strong><span style=\"color: red;\">SPEKTAKL 2 MOKOSZ <\/span><\/strong><\/span><\/h3>\n<h4 style=\"text-align: center;\"><span lang=\"pl\"><strong><span style=\"color: red;\">Letni Ryt przej\u015bcia &#8211; Kupa\u0142y<\/span><\/strong><\/span><\/h4>\n<p><img loading=\"lazy\" decoding=\"async\" class=\"alignnone size-medium wp-image-9672 aligncenter\" src=\"http:\/\/joannacholuj.pl\/wp-content\/uploads\/2023\/07\/275492860_10161803961335299_1068340397957670206_n-225x300.jpg\" alt=\"\" width=\"225\" height=\"300\" srcset=\"https:\/\/joannacholuj.pl\/wp-content\/uploads\/2023\/07\/275492860_10161803961335299_1068340397957670206_n-225x300.jpg 225w, https:\/\/joannacholuj.pl\/wp-content\/uploads\/2023\/07\/275492860_10161803961335299_1068340397957670206_n-768x1024.jpg 768w, https:\/\/joannacholuj.pl\/wp-content\/uploads\/2023\/07\/275492860_10161803961335299_1068340397957670206_n.jpg 1536w\" sizes=\"(max-width: 225px) 100vw, 225px\" \/><\/p>\n<hr \/>\n<p>&nbsp;<\/p>\n<h4 style=\"text-align: center;\"><span lang=\"pl\"><strong><span style=\"color: red;\">SPEKTAKL 3 \u0141ADA <\/span><\/strong><\/span><\/h4>\n<h4 style=\"text-align: center;\"><span lang=\"pl\"><strong><span style=\"color: red;\">Jesienny Ryt Przej\u015bcia &#8211; Dziady <\/span><\/strong><\/span><\/h4>\n<p><img loading=\"lazy\" decoding=\"async\" class=\"alignnone size-medium wp-image-9673 aligncenter\" src=\"http:\/\/joannacholuj.pl\/wp-content\/uploads\/2023\/07\/275309533_10161803961195299_2239810841184846499_n-225x300.jpg\" alt=\"\" width=\"225\" height=\"300\" srcset=\"https:\/\/joannacholuj.pl\/wp-content\/uploads\/2023\/07\/275309533_10161803961195299_2239810841184846499_n-225x300.jpg 225w, https:\/\/joannacholuj.pl\/wp-content\/uploads\/2023\/07\/275309533_10161803961195299_2239810841184846499_n-768x1024.jpg 768w, https:\/\/joannacholuj.pl\/wp-content\/uploads\/2023\/07\/275309533_10161803961195299_2239810841184846499_n.jpg 1536w\" sizes=\"(max-width: 225px) 100vw, 225px\" \/><\/p>\n<hr \/>\n<p>&nbsp;<\/p>\n<h4 style=\"text-align: center;\"><span lang=\"pl\"><strong><span style=\"color: red;\">SPEKTAKL 4 MARZANNA<\/span><\/strong><\/span><\/h4>\n<h4 style=\"text-align: center;\"><span lang=\"pl\"><strong><span style=\"color: red;\">Zimowy Ryt Przej\u015bcia &#8211; Grudzie\u0144 &#8211; Szczodre Gody<\/span><\/strong><\/span><\/h4>\n<h4 style=\"text-align: center;\"><span lang=\"pl\"><strong><span style=\"color: red;\"><img loading=\"lazy\" decoding=\"async\" class=\"alignnone size-medium wp-image-9674\" src=\"http:\/\/joannacholuj.pl\/wp-content\/uploads\/2023\/07\/275748585_10161803960815299_581459051269216219_n-225x300.jpg\" alt=\"\" width=\"225\" height=\"300\" srcset=\"https:\/\/joannacholuj.pl\/wp-content\/uploads\/2023\/07\/275748585_10161803960815299_581459051269216219_n-225x300.jpg 225w, https:\/\/joannacholuj.pl\/wp-content\/uploads\/2023\/07\/275748585_10161803960815299_581459051269216219_n-768x1024.jpg 768w, https:\/\/joannacholuj.pl\/wp-content\/uploads\/2023\/07\/275748585_10161803960815299_581459051269216219_n.jpg 1536w\" sizes=\"(max-width: 225px) 100vw, 225px\" \/><\/span><\/strong><\/span><\/h4>\n<p>&nbsp;<\/p>\n<hr \/>\n<h4 style=\"text-align: center;\"><span lang=\"pl\"><strong><span style=\"color: red;\">SPEKTAKL 5 Poezja i Piosenka<\/span><\/strong><\/span><\/h4>\n<h4 style=\"text-align: center;\"><\/h4>\n<p>&nbsp;<\/p>\n<h4 style=\"text-align: center;\"><\/h4>\n<hr \/>\n<p>&nbsp;<\/p>\n<h4 style=\"text-align: center;\"><a href=\"mailto:jc@joannacholuj.pl\"><span lang=\"pl\"><strong><span style=\"color: red;\">WI\u0118CEJ INFO\u00a0<\/span><\/strong><\/span><\/a><\/h4>\n<h4 style=\"text-align: center;\"><span lang=\"pl\"><strong><span style=\"color: red;\"> whatsapp +48 605 66 3939<\/span><\/strong><\/span><\/h4>\n<p>&nbsp;<\/p>\n<p>&nbsp;<\/p>","protected":false},"excerpt":{"rendered":"<p>MIR Misteria Interaktywno-Rytualne OBEJRZYJ FILMIK INFORMACYJNY Spektakle b\u0119d\u0105 poprzedzone wyk\u0142adem na temat danego rytu przej\u015bcia. B\u0119d\u0105 cz\u0119\u015bci\u0105 rytua\u0142u danej energii [&hellip;]<\/p>","protected":false},"author":2,"featured_media":0,"parent":0,"menu_order":0,"comment_status":"closed","ping_status":"closed","template":"","meta":{"_bbp_topic_count":0,"_bbp_reply_count":0,"_bbp_total_topic_count":0,"_bbp_total_reply_count":0,"_bbp_voice_count":0,"_bbp_anonymous_reply_count":0,"_bbp_topic_count_hidden":0,"_bbp_reply_count_hidden":0,"_bbp_forum_subforum_count":0,"_uag_custom_page_level_css":"","footnotes":""},"class_list":["post-8886","page","type-page","status-publish","hentry"],"spectra_custom_meta":{"_edit_lock":["1698287688:2"],"_edit_last":["2"],"_wp_page_template":["default"],"_uag_page_assets":["a:9:{s:3:\"css\";s:0:\"\";s:2:\"js\";s:0:\"\";s:18:\"current_block_list\";a:0:{}s:8:\"uag_flag\";b:0;s:11:\"uag_version\";s:10:\"1776190721\";s:6:\"gfonts\";a:0:{}s:10:\"gfonts_url\";s:0:\"\";s:12:\"gfonts_files\";a:0:{}s:14:\"uag_faq_layout\";b:0;}"]},"uagb_featured_image_src":{"full":false,"thumbnail":false,"medium":false,"medium_large":false,"large":false,"1536x1536":false,"2048x2048":false,"trp-custom-language-flag":false,"illdy-blog-list":false,"illdy-widget-recent-posts":false,"illdy-blog-post-related-articles":false,"illdy-front-page-latest-news":false,"illdy-front-page-testimonials":false,"illdy-front-page-projects":false,"illdy-front-page-person":false},"uagb_author_info":{"display_name":"Joanna Choluj","author_link":"https:\/\/joannacholuj.pl\/en\/blog\/author\/joannacholuj\/"},"uagb_comment_info":0,"uagb_excerpt":"MIR Misteria Interaktywno-Rytualne OBEJRZYJ FILMIK INFORMACYJNY Spektakle b\u0119d\u0105 poprzedzone wyk\u0142adem na temat danego rytu przej\u015bcia. B\u0119d\u0105 cz\u0119\u015bci\u0105 rytua\u0142u danej energii [&hellip;]","_links":{"self":[{"href":"https:\/\/joannacholuj.pl\/en\/wp-json\/wp\/v2\/pages\/8886"}],"collection":[{"href":"https:\/\/joannacholuj.pl\/en\/wp-json\/wp\/v2\/pages"}],"about":[{"href":"https:\/\/joannacholuj.pl\/en\/wp-json\/wp\/v2\/types\/page"}],"author":[{"embeddable":true,"href":"https:\/\/joannacholuj.pl\/en\/wp-json\/wp\/v2\/users\/2"}],"replies":[{"embeddable":true,"href":"https:\/\/joannacholuj.pl\/en\/wp-json\/wp\/v2\/comments?post=8886"}],"version-history":[{"count":13,"href":"https:\/\/joannacholuj.pl\/en\/wp-json\/wp\/v2\/pages\/8886\/revisions"}],"predecessor-version":[{"id":9787,"href":"https:\/\/joannacholuj.pl\/en\/wp-json\/wp\/v2\/pages\/8886\/revisions\/9787"}],"wp:attachment":[{"href":"https:\/\/joannacholuj.pl\/en\/wp-json\/wp\/v2\/media?parent=8886"}],"curies":[{"name":"wp","href":"https:\/\/api.w.org\/{rel}","templated":true}]}}