{"id":8795,"date":"2023-01-23T04:58:38","date_gmt":"2023-01-23T03:58:38","guid":{"rendered":"http:\/\/joannacholuj.pl\/?page_id=8795"},"modified":"2026-04-16T22:33:05","modified_gmt":"2026-04-16T20:33:05","slug":"fringla","status":"publish","type":"page","link":"https:\/\/joannacholuj.pl\/en\/fringla\/","title":{"rendered":"Language School and Language &amp; Educational Consultations"},"content":{"rendered":"<h2 class=\"wp-block-heading\"><a href=\"http:\/\/joannacholuj.pl\/en\/escuela-fringla\/\">version espanole <\/a><\/h2>\n\n\n\n<div class=\"wp-block-uagb-advanced-heading uagb-block-ad11f4b4\"><h2 class=\"uagb-heading-text\"><a href=\"https:\/\/sklep.joannacholuj.pl\/product-category\/fringla\/\">BUY IN A STORE <\/a><\/h2><\/div>\n\n\n\n<p><\/p>\n\n\n\n<hr class=\"wp-block-separator has-alpha-channel-opacity\"\/>\n\n\n<div class=\"wp-block-image\">\n<figure class=\"aligncenter size-full is-resized\"><img loading=\"lazy\" decoding=\"async\" width=\"1024\" height=\"1024\" src=\"https:\/\/joannacholuj.pl\/wp-content\/uploads\/2025\/08\/openart-image_9dGkuQ_G_1754517553540_raw-1.jpg\" alt=\"\" class=\"wp-image-14026\" style=\"width:329px;height:auto\" srcset=\"https:\/\/joannacholuj.pl\/wp-content\/uploads\/2025\/08\/openart-image_9dGkuQ_G_1754517553540_raw-1.jpg 1024w, https:\/\/joannacholuj.pl\/wp-content\/uploads\/2025\/08\/openart-image_9dGkuQ_G_1754517553540_raw-1-300x300.jpg 300w, https:\/\/joannacholuj.pl\/wp-content\/uploads\/2025\/08\/openart-image_9dGkuQ_G_1754517553540_raw-1-150x150.jpg 150w, https:\/\/joannacholuj.pl\/wp-content\/uploads\/2025\/08\/openart-image_9dGkuQ_G_1754517553540_raw-1-768x768.jpg 768w, https:\/\/joannacholuj.pl\/wp-content\/uploads\/2025\/08\/openart-image_9dGkuQ_G_1754517553540_raw-1-12x12.jpg 12w, https:\/\/joannacholuj.pl\/wp-content\/uploads\/2025\/08\/openart-image_9dGkuQ_G_1754517553540_raw-1-70x70.jpg 70w, https:\/\/joannacholuj.pl\/wp-content\/uploads\/2025\/08\/openart-image_9dGkuQ_G_1754517553540_raw-1-127x127.jpg 127w, https:\/\/joannacholuj.pl\/wp-content\/uploads\/2025\/08\/openart-image_9dGkuQ_G_1754517553540_raw-1-476x476.jpg 476w, https:\/\/joannacholuj.pl\/wp-content\/uploads\/2025\/08\/openart-image_9dGkuQ_G_1754517553540_raw-1-125x125.jpg 125w\" sizes=\"(max-width: 1024px) 100vw, 1024px\" \/><\/figure><\/div>\n\n<h3 style=\"text-align: center;\">\u00a0<\/h3>\n<p>CLASSES<strong> INDIVIDUAL AND GROUP ONLINE<\/strong>, VARIOUS LEVELS, MATERIALS INCLUDED IN THE PRICE OF THE LESSON<\/p>\n<hr \/>\n<p style=\"text-align: center;\"><strong>\u00a0ENGLISH<\/strong><\/p>\n<p style=\"text-align: center;\">Group classes<\/p>\n<p style=\"text-align: center;\"><a href=\"https:\/\/sklep.joannacholuj.pl\/product-category\/fringla\/\"><img loading=\"lazy\" decoding=\"async\" class=\"aligncenter wp-image-8793 size-medium\" title=\"PRZECZYTAJ WI\u0118CEJ I KUP W SKLEPIE\" src=\"http:\/\/joannacholuj.pl\/wp-content\/uploads\/2022\/11\/R-4-300x172.jpg\" alt=\"\" width=\"300\" height=\"172\" srcset=\"https:\/\/joannacholuj.pl\/wp-content\/uploads\/2022\/11\/R-4-300x172.jpg 300w, https:\/\/joannacholuj.pl\/wp-content\/uploads\/2022\/11\/R-4-768x439.jpg 768w, https:\/\/joannacholuj.pl\/wp-content\/uploads\/2022\/11\/R-4-1024x586.jpg 1024w, https:\/\/joannacholuj.pl\/wp-content\/uploads\/2022\/11\/R-4.jpg 1517w\" sizes=\"(max-width: 300px) 100vw, 300px\" \/><\/a>individual class<\/p>\n<hr \/>\n<p style=\"text-align: center;\"><strong>FRENCH<\/strong><\/p>\n<p style=\"text-align: center;\">GROUP CLASSES<\/p>\n<p style=\"text-align: center;\">INDIVIDUAL CLASSES<\/p>\n<p style=\"text-align: center;\"><a href=\"https:\/\/sklep.joannacholuj.pl\/product-category\/fringla\/\"><img loading=\"lazy\" decoding=\"async\" class=\"aligncenter wp-image-8792 size-medium\" title=\"PRZECZYTAJ WI\u0118CEJ I KUP W SKLEPIE\" src=\"http:\/\/joannacholuj.pl\/wp-content\/uploads\/2022\/11\/pobierz-6-300x187.jpg\" alt=\"\" width=\"300\" height=\"187\" srcset=\"https:\/\/joannacholuj.pl\/wp-content\/uploads\/2022\/11\/pobierz-6-300x187.jpg 300w, https:\/\/joannacholuj.pl\/wp-content\/uploads\/2022\/11\/pobierz-6.jpg 317w\" sizes=\"(max-width: 300px) 100vw, 300px\" \/><\/a><\/p>\n<hr \/>\n<p style=\"text-align: center;\">\n\n\n<div class=\"wp-block-uagb-image uagb-block-cc9128b0 wp-block-uagb-image--layout-default wp-block-uagb-image--effect-static wp-block-uagb-image--align-none\"><figure class=\"wp-block-uagb-image__figure\"><img decoding=\"async\" srcset=\"https:\/\/joannacholuj.pl\/wp-content\/uploads\/2025\/09\/WhatsApp-Image-2025-09-04-at-00.44.48-768x1024.jpeg ,https:\/\/joannacholuj.pl\/wp-content\/uploads\/2025\/09\/WhatsApp-Image-2025-09-04-at-00.44.48.jpeg 780w, https:\/\/joannacholuj.pl\/wp-content\/uploads\/2025\/09\/WhatsApp-Image-2025-09-04-at-00.44.48.jpeg 360w\" sizes=\"(max-width: 480px) 150px\" src=\"https:\/\/joannacholuj.pl\/wp-content\/uploads\/2025\/09\/WhatsApp-Image-2025-09-04-at-00.44.48-768x1024.jpeg\" alt=\"\" class=\"uag-image-14122\" width=\"339\" height=\"452\" title=\"WhatsApp Image 2025-09-04 at 00.44.48\" loading=\"lazy\" role=\"img\"\/><\/figure><\/div>\n\n\n\n<p><strong>EDUCATIONAL CONSULTATIONS<\/strong> My child's potential&nbsp;<\/p>\n\n\n\n<p><strong>ETYMOLOGICAL CONSULTATIONS<\/strong> The meaning of names, surnames and surnames&nbsp;<\/p>\n\n\n\n<p><a href=\"https:\/\/sklep.joannacholuj.pl\/product\/konsultacja-do-twojej-dyspozycji\/\">BUY<\/a><\/p>\n\n\n\n<p><\/p>\n\n\n\n<hr class=\"wp-block-separator has-alpha-channel-opacity\"\/>\n\n\n\n<p><strong>ALSO CHECK OUT THE STORE \u2013 WEBINARS ARE AVAILABLE <\/strong><\/p>\n\n\n\n<figure class=\"wp-block-image size-large is-resized\"><img loading=\"lazy\" decoding=\"async\" width=\"1024\" height=\"509\" src=\"https:\/\/joannacholuj.pl\/wp-content\/uploads\/2025\/08\/Zrzut-ekranu-5110-1024x509.png\" alt=\"\" class=\"wp-image-14033\" style=\"width:574px;height:auto\" srcset=\"https:\/\/joannacholuj.pl\/wp-content\/uploads\/2025\/08\/Zrzut-ekranu-5110-1024x509.png 1024w, https:\/\/joannacholuj.pl\/wp-content\/uploads\/2025\/08\/Zrzut-ekranu-5110-300x149.png 300w, https:\/\/joannacholuj.pl\/wp-content\/uploads\/2025\/08\/Zrzut-ekranu-5110-768x382.png 768w, https:\/\/joannacholuj.pl\/wp-content\/uploads\/2025\/08\/Zrzut-ekranu-5110-18x9.png 18w, https:\/\/joannacholuj.pl\/wp-content\/uploads\/2025\/08\/Zrzut-ekranu-5110.png 1028w\" sizes=\"(max-width: 1024px) 100vw, 1024px\" \/><\/figure>\n\n\n\n<p><a href=\"https:\/\/sklep.joannacholuj.pl\/product\/polska-gramatyka-zreformowana\/\">ANCIENT POLISH GRAMMAR<\/a><\/p>\n\n\n\n<figure class=\"wp-block-image size-large is-resized\"><img loading=\"lazy\" decoding=\"async\" width=\"1024\" height=\"376\" src=\"https:\/\/joannacholuj.pl\/wp-content\/uploads\/2025\/08\/Zrzut-ekranu-5108-1024x376.png\" alt=\"\" class=\"wp-image-14038\" style=\"width:715px;height:auto\" srcset=\"https:\/\/joannacholuj.pl\/wp-content\/uploads\/2025\/08\/Zrzut-ekranu-5108-1024x376.png 1024w, https:\/\/joannacholuj.pl\/wp-content\/uploads\/2025\/08\/Zrzut-ekranu-5108-300x110.png 300w, https:\/\/joannacholuj.pl\/wp-content\/uploads\/2025\/08\/Zrzut-ekranu-5108-768x282.png 768w, https:\/\/joannacholuj.pl\/wp-content\/uploads\/2025\/08\/Zrzut-ekranu-5108-18x7.png 18w, https:\/\/joannacholuj.pl\/wp-content\/uploads\/2025\/08\/Zrzut-ekranu-5108.png 1053w\" sizes=\"(max-width: 1024px) 100vw, 1024px\" \/><\/figure>\n\n\n\n<p><a href=\"https:\/\/sklep.joannacholuj.pl\/product\/twoje-wolne-dziecko-edukuj-alternatywnie\/\">ALTERNATIVE EDUCATION<\/a><\/p>\n\n\n\n<figure class=\"wp-block-image size-large is-resized\"><img loading=\"lazy\" decoding=\"async\" width=\"1024\" height=\"427\" src=\"https:\/\/joannacholuj.pl\/wp-content\/uploads\/2025\/08\/Zrzut-ekranu-5109-1024x427.png\" alt=\"\" class=\"wp-image-14035\" style=\"width:618px;height:auto\" srcset=\"https:\/\/joannacholuj.pl\/wp-content\/uploads\/2025\/08\/Zrzut-ekranu-5109-1024x427.png 1024w, https:\/\/joannacholuj.pl\/wp-content\/uploads\/2025\/08\/Zrzut-ekranu-5109-300x125.png 300w, https:\/\/joannacholuj.pl\/wp-content\/uploads\/2025\/08\/Zrzut-ekranu-5109-768x321.png 768w, https:\/\/joannacholuj.pl\/wp-content\/uploads\/2025\/08\/Zrzut-ekranu-5109-18x8.png 18w, https:\/\/joannacholuj.pl\/wp-content\/uploads\/2025\/08\/Zrzut-ekranu-5109.png 1047w\" sizes=\"(max-width: 1024px) 100vw, 1024px\" \/><\/figure>\n\n\n\n<p><a href=\"https:\/\/sklep.joannacholuj.pl\/product\/kod-matrycy-jezyka-form\/\">LANGUAGE MATRICE<\/a><\/p>\n\n\n\n<hr class=\"wp-block-separator has-alpha-channel-opacity\"\/>\n\n\n\n<p class=\"has-text-align-center\"><a href=\"https:\/\/joannacholuj.pl\/wp-content\/uploads\/2024\/08\/CV-PL.pdf\">My CURRICULUM VITAE (polish)<\/a><\/p>\n\n\n<div class=\"wp-block-image\">\n<figure class=\"aligncenter size-full is-resized\"><img loading=\"lazy\" decoding=\"async\" width=\"325\" height=\"650\" src=\"http:\/\/joannacholuj.pl\/wp-content\/uploads\/2025\/06\/20210704_163252.jpg\" alt=\"\" class=\"wp-image-13838\" style=\"width:260px;height:auto\" srcset=\"https:\/\/joannacholuj.pl\/wp-content\/uploads\/2025\/06\/20210704_163252.jpg 325w, https:\/\/joannacholuj.pl\/wp-content\/uploads\/2025\/06\/20210704_163252-150x300.jpg 150w\" sizes=\"(max-width: 325px) 100vw, 325px\" \/><figcaption class=\"wp-element-caption\">Joanna Cho\u0142uj <\/figcaption><\/figure><\/div>\n\n\n<p><br>I am a graduate of Polish Studies (MA, 5 years of studies , year 1999) and the Higher School of English and French for Teachers (BA double major in English and French, 3 years of studies, year 2008 ) of the University of Warsaw. I also completed postgraduate studies in Computer Science and Management. I have completed language diplomas: TOEFL, TEF, IELTS, CAE, CPE, Alliance Francaise diploma.<\/p>\n\n\n\n<p>I have worked abroad: two years in the USA (Super Technologies company \u2013 customer service and translator), 2 years in France (au pair, nanny, tutor). I have also worked charitably in the USA as a library assistant at the University of Florida library and as customer service at a military base in Pensacola FL.<\/p>\n\n\n\n<p>I have been a teacher and private tutor for over twenty years. I have taught languages in public schools at all levels (nursery, kindergarten, elementary, junior high, vocational and general high school, and vocational and technical school) and in language schools for children and adults (including Helen Doron, British School, VSchool).<br>From 2012 to 2020 I ran my own creative center for children and a language school for children and adults in Poland.<\/p>\n\n\n\n<p>En bref :<br>Je suis dipl\u00f4m\u00e9e d&#8217;\u00e9tudes polonaises (MA, 5 ans d&#8217;\u00e9tudes, ann\u00e9e 1999) et de l&#8217;\u00c9cole sup\u00e9rieure d&#8217;anglais et de fran\u00e7ais pour enseignants (BA double majeure en anglais et fran\u00e7ais, 3 ans d&#8217;\u00e9tudes, ann\u00e9e 2008) de l&#8217;Universit\u00e9 de Varsovie. J&#8217;ai \u00e9galement suivi des \u00e9tudes de troisi\u00e8me cycle en informatique et en gestion. J&#8217;ai obtenu des dipl\u00f4mes de langues : TOEFL, TEF, IELTS, CAE, CPE, dipl\u00f4me de l&#8217;Alliance fran\u00e7aise.<\/p>\n\n\n\n<p>J&#8217;ai travaill\u00e9 \u00e0 l&#8217;\u00e9tranger : deux ans aux \u00c9tats-Unis (soci\u00e9t\u00e9 Super Technologies &#8211; service client\u00e8le et traductrice), deux ans en France (fille au pair, nounou, professeur particulier). J&#8217;ai \u00e9galement travaill\u00e9 de mani\u00e8re charitable aux \u00c9tats-Unis en tant qu&#8217;assistante \u00e0 la biblioth\u00e8que de l&#8217;universit\u00e9 de Floride et en tant que service client\u00e8le sur une base militaire \u00e0 Pensacola FL.<\/p>\n\n\n\n<p>J&#8217;ai \u00e9t\u00e9 professeur et tuteur et professeur particulier pendant plus de vingt ans. J&#8217;ai enseign\u00e9 les langues dans des \u00e9coles publiques \u00e0 tous les niveaux (maternelle, jardin d&#8217;enfants, \u00e9cole \u00e9l\u00e9mentaire, coll\u00e8ge, lyc\u00e9e professionnel et g\u00e9n\u00e9ral, \u00e9cole professionnelle et technique) et dans des \u00e9coles de langues pour enfants et adultes (notamment Helen Doron, British School, VSchool).<br>De 2012 \u00e0 2020, j&#8217;ai dirig\u00e9 mon propre centre cr\u00e9atif pour enfants et une \u00e9cole de langues pour enfants et adultes en Pologne.<\/p>\n\n\n\n<hr class=\"wp-block-separator has-alpha-channel-opacity\"\/>\n\n\n\n<p><strong>LINKS<\/strong><\/p>\n\n\n\n<p><a href=\"https:\/\/youtube.com\/joannacholujprof\">https:\/\/youtube.com\/joannacholujprof<\/a><\/p>\n\n\n\n<p><a href=\"https:\/\/x.com\/FringlaSchool\">https:\/\/x.com\/FringlaSchool<\/a><\/p>\n\n\n\n<p><a href=\"https:\/\/www.instagram.com\/fringla.school\">https:\/\/www.instagram.com\/fringla.school<\/a><\/p>\n\n\n\n<p><a href=\"https:\/\/www.facebook.com\/fringla\">https:\/\/www.facebook.com\/fringla<\/a><\/p>\n\n\n\n<p><a href=\"https:\/\/www.tiktok.com\/@fringla.joanna.ch\">https:\/\/www.tiktok.com\/@fringla.joanna.ch<\/a><\/p>\n\n\n\n<p><a href=\"https:\/\/www.linkedin.com\/in\/fringla-joanna-choluj\">https:\/\/www.linkedin.com\/in\/fringla-joanna-choluj<\/a><\/p>\n\n\n\n<p><a href=\"https:\/\/threads.com\/fringla.school\">https:\/\/threads.com\/fringla.school<\/a><\/p>\n\n\n\n<p><\/p>\n\n\n\n<p><\/p>\n\n\n\n<h2 class=\"wp-block-heading\"><\/h2>","protected":false},"excerpt":{"rendered":"<p>version espanole KUP W SKLEPIE \u00a0 ZAJ\u0118CIA INDYWIDUALNE I GRUPOWE ONLINE, R\u00d3\u017bNE POZIOMY, MATERIA\u0141Y W CENIE LEKCJI \u00a0ANGIELSKI LEKCJE grupowe [&hellip;]<\/p>","protected":false},"author":2,"featured_media":14125,"parent":0,"menu_order":0,"comment_status":"closed","ping_status":"closed","template":"","meta":{"_bbp_topic_count":0,"_bbp_reply_count":0,"_bbp_total_topic_count":0,"_bbp_total_reply_count":0,"_bbp_voice_count":0,"_bbp_anonymous_reply_count":0,"_bbp_topic_count_hidden":0,"_bbp_reply_count_hidden":0,"_bbp_forum_subforum_count":0,"_uag_custom_page_level_css":"","footnotes":""},"class_list":["post-8795","page","type-page","status-publish","has-post-thumbnail","hentry"],"spectra_custom_meta":{"_edit_lock":["1776384916:2"],"_edit_last":["2"],"_wp_page_template":["default"],"_thumbnail_id":["14125"],"_oembed_a283ca885706c1e4537beb3e5b3d309f":["{{unknown}}"],"_oembed_5f33bf6829293b75958b74f0acd97968":["{{unknown}}"],"_oembed_0c05cf421a1f99bbd80ae901ec3357e0":["{{unknown}}"],"_oembed_fbb7f6accf54ef8a692392f0e6c2fac7":["{{unknown}}"],"_oembed_4fcbd9839e409b00a9d3954a6f574970":["<blockquote class=\"tiktok-embed\" cite=\"https:\/\/www.tiktok.com\/@fringla.joanna.ch\" data-unique-id=\"fringla.joanna.ch\" data-embed-from=\"oembed\" data-embed-type=\"creator\" style=\"max-width:780px; min-width:288px;\"> <section> <a target=\"_blank\" href=\"https:\/\/www.tiktok.com\/@fringla.joanna.ch?refer=creator_embed\">@fringla.joanna.ch<\/a> <\/section> <\/blockquote> <script async src=\"https:\/\/www.tiktok.com\/embed.js\"><\/script>"],"_oembed_time_4fcbd9839e409b00a9d3954a6f574970":["1756965034"],"_oembed_49f50c56de6b66f85969c4c05fd638e0":["{{unknown}}"],"_uag_page_assets":["a:9:{s:3:\"css\";s:8720:\".wp-block-uagb-advanced-heading h1,.wp-block-uagb-advanced-heading h2,.wp-block-uagb-advanced-heading h3,.wp-block-uagb-advanced-heading h4,.wp-block-uagb-advanced-heading h5,.wp-block-uagb-advanced-heading h6,.wp-block-uagb-advanced-heading p,.wp-block-uagb-advanced-heading div{word-break:break-word}.wp-block-uagb-advanced-heading .uagb-heading-text{margin:0}.wp-block-uagb-advanced-heading .uagb-desc-text{margin:0}.wp-block-uagb-advanced-heading .uagb-separator{font-size:0;border-top-style:solid;display:inline-block;margin:0 0 10px 0}.wp-block-uagb-advanced-heading .uagb-highlight{color:#f78a0c;border:0;transition:all 0.3s ease}.uag-highlight-toolbar{border-left:0;border-top:0;border-bottom:0;border-radius:0;border-right-color:#1e1e1e}.uag-highlight-toolbar .components-button{border-radius:0;outline:none}.uag-highlight-toolbar .components-button.is-primary{color:#fff}\n.wp-block-uagb-image{display:flex}.wp-block-uagb-image__figure{position:relative;display:flex;flex-direction:column;max-width:100%;height:auto;margin:0}.wp-block-uagb-image__figure img{height:auto;display:flex;max-width:100%;transition:box-shadow 0.2s ease}.wp-block-uagb-image__figure>a{display:inline-block}.wp-block-uagb-image__figure figcaption{text-align:center;margin-top:0.5em;margin-bottom:1em}.wp-block-uagb-image .components-placeholder.block-editor-media-placeholder .components-placeholder__instructions{align-self:center}.wp-block-uagb-image--align-left{text-align:left}.wp-block-uagb-image--align-right{text-align:right}.wp-block-uagb-image--align-center{text-align:center}.wp-block-uagb-image--align-full .wp-block-uagb-image__figure{margin-left:calc(50% - 50vw);margin-right:calc(50% - 50vw);max-width:100vw;width:100vw;height:auto}.wp-block-uagb-image--align-full .wp-block-uagb-image__figure img{height:auto;width:100% !important}.wp-block-uagb-image--align-wide .wp-block-uagb-image__figure img{height:auto;width:100%}.wp-block-uagb-image--layout-overlay__color-wrapper{position:absolute;left:0;top:0;right:0;bottom:0;opacity:0.2;background:rgba(0,0,0,0.5);transition:opacity 0.35s ease-in-out}.wp-block-uagb-image--layout-overlay-link{position:absolute;left:0;right:0;bottom:0;top:0}.wp-block-uagb-image--layout-overlay .wp-block-uagb-image__figure:hover .wp-block-uagb-image--layout-overlay__color-wrapper{opacity:1}.wp-block-uagb-image--layout-overlay__inner{position:absolute;left:15px;right:15px;bottom:15px;top:15px;display:flex;align-items:center;justify-content:center;flex-direction:column;border-color:#fff;transition:0.35s ease-in-out}.wp-block-uagb-image--layout-overlay__inner.top-left,.wp-block-uagb-image--layout-overlay__inner.top-center,.wp-block-uagb-image--layout-overlay__inner.top-right{justify-content:flex-start}.wp-block-uagb-image--layout-overlay__inner.bottom-left,.wp-block-uagb-image--layout-overlay__inner.bottom-center,.wp-block-uagb-image--layout-overlay__inner.bottom-right{justify-content:flex-end}.wp-block-uagb-image--layout-overlay__inner.top-left,.wp-block-uagb-image--layout-overlay__inner.center-left,.wp-block-uagb-image--layout-overlay__inner.bottom-left{align-items:flex-start}.wp-block-uagb-image--layout-overlay__inner.top-right,.wp-block-uagb-image--layout-overlay__inner.center-right,.wp-block-uagb-image--layout-overlay__inner.bottom-right{align-items:flex-end}.wp-block-uagb-image--layout-overlay__inner .uagb-image-heading{color:#fff;transition:transform 0.35s, opacity 0.35s ease-in-out;transform:translate3d(0, 24px, 0);margin:0;line-height:1em}.wp-block-uagb-image--layout-overlay__inner .uagb-image-separator{width:30%;border-top-width:2px;border-top-color:#fff;border-top-style:solid;margin-bottom:10px;opacity:0;transition:transform 0.4s, opacity 0.4s ease-in-out;transform:translate3d(0, 30px, 0)}.wp-block-uagb-image--layout-overlay__inner .uagb-image-caption{opacity:0;overflow:visible;color:#fff;transition:transform 0.45s, opacity 0.45s ease-in-out;transform:translate3d(0, 35px, 0)}.wp-block-uagb-image--layout-overlay__inner:hover .uagb-image-heading,.wp-block-uagb-image--layout-overlay__inner:hover .uagb-image-separator,.wp-block-uagb-image--layout-overlay__inner:hover .uagb-image-caption{opacity:1;transform:translate3d(0, 0, 0)}.wp-block-uagb-image--effect-zoomin .wp-block-uagb-image__figure img,.wp-block-uagb-image--effect-zoomin .wp-block-uagb-image__figure .wp-block-uagb-image--layout-overlay__color-wrapper{transform:scale(1);transition:transform 0.35s ease-in-out}.wp-block-uagb-image--effect-zoomin .wp-block-uagb-image__figure:hover img,.wp-block-uagb-image--effect-zoomin .wp-block-uagb-image__figure:hover .wp-block-uagb-image--layout-overlay__color-wrapper{transform:scale(1.05)}.wp-block-uagb-image--effect-slide .wp-block-uagb-image__figure img,.wp-block-uagb-image--effect-slide .wp-block-uagb-image__figure .wp-block-uagb-image--layout-overlay__color-wrapper{width:calc(100% + 40px) !important;max-width:none !important;transform:translate3d(-40px, 0, 0);transition:transform 0.35s ease-in-out}.wp-block-uagb-image--effect-slide .wp-block-uagb-image__figure:hover img,.wp-block-uagb-image--effect-slide .wp-block-uagb-image__figure:hover .wp-block-uagb-image--layout-overlay__color-wrapper{transform:translate3d(0, 0, 0)}.wp-block-uagb-image--effect-grayscale img{filter:grayscale(0%);transition:0.35s ease-in-out}.wp-block-uagb-image--effect-grayscale:hover img{filter:grayscale(100%)}.wp-block-uagb-image--effect-blur img{filter:blur(0);transition:0.35s ease-in-out}.wp-block-uagb-image--effect-blur:hover img{filter:blur(3px)}\n.wp-block-uagb-advanced-heading.uagb-block-ad11f4b4.wp-block-uagb-advanced-heading .uagb-desc-text{margin-bottom: 15px;}.wp-block-uagb-advanced-heading.uagb-block-ad11f4b4.wp-block-uagb-advanced-heading .uagb-highlight{font-style: normal;font-weight: Default;background: #007cba;color: #fff;-webkit-text-fill-color: #fff;}.wp-block-uagb-advanced-heading.uagb-block-ad11f4b4.wp-block-uagb-advanced-heading .uagb-highlight::-moz-selection{color: #fff;background: #007cba;-webkit-text-fill-color: #fff;}.wp-block-uagb-advanced-heading.uagb-block-ad11f4b4.wp-block-uagb-advanced-heading .uagb-highlight::selection{color: #fff;background: #007cba;-webkit-text-fill-color: #fff;}.uagb-block-cc9128b0.wp-block-uagb-image--layout-default figure img{box-shadow: 0px 0px 0 #00000070;}.uagb-block-cc9128b0.wp-block-uagb-image .wp-block-uagb-image__figure figcaption{font-style: normal;align-self: center;}.uagb-block-cc9128b0.wp-block-uagb-image--layout-overlay figure img{box-shadow: 0px 0px 0 #00000070;}.uagb-block-cc9128b0.wp-block-uagb-image--layout-overlay .wp-block-uagb-image--layout-overlay__color-wrapper{opacity: 0.2;}.uagb-block-cc9128b0.wp-block-uagb-image--layout-overlay .wp-block-uagb-image--layout-overlay__inner{left: 15px;right: 15px;top: 15px;bottom: 15px;}.uagb-block-cc9128b0.wp-block-uagb-image--layout-overlay .wp-block-uagb-image--layout-overlay__inner .uagb-image-heading{font-style: normal;color: #fff;opacity: 1;}.uagb-block-cc9128b0.wp-block-uagb-image--layout-overlay .wp-block-uagb-image--layout-overlay__inner .uagb-image-heading a{color: #fff;}.uagb-block-cc9128b0.wp-block-uagb-image--layout-overlay .wp-block-uagb-image--layout-overlay__inner .uagb-image-caption{opacity: 0;}.uagb-block-cc9128b0.wp-block-uagb-image--layout-overlay .wp-block-uagb-image__figure:hover .wp-block-uagb-image--layout-overlay__color-wrapper{opacity: 1;}.uagb-block-cc9128b0.wp-block-uagb-image .wp-block-uagb-image--layout-overlay__inner .uagb-image-separator{width: 30%;border-top-width: 2px;border-top-color: #fff;opacity: 0;}.uagb-block-cc9128b0.wp-block-uagb-image .wp-block-uagb-image__figure img{width: 339px;height: auto;}.uagb-block-cc9128b0.wp-block-uagb-image .wp-block-uagb-image__figure:hover .wp-block-uagb-image--layout-overlay__inner .uagb-image-caption{opacity: 1;}.uagb-block-cc9128b0.wp-block-uagb-image .wp-block-uagb-image__figure:hover .wp-block-uagb-image--layout-overlay__inner .uagb-image-separator{opacity: 1;}.uagb-block-cc9128b0.wp-block-uagb-image--layout-default figure:hover img{box-shadow: 0px 0px 0 #00000070;}.uagb-block-cc9128b0.wp-block-uagb-image--layout-overlay figure:hover img{box-shadow: 0px 0px 0 #00000070;}@media only screen and (max-width: 976px) {.uagb-block-cc9128b0.wp-block-uagb-image .wp-block-uagb-image__figure img{width: 339px;height: auto;}}@media only screen and (max-width: 767px) {.uagb-block-cc9128b0.wp-block-uagb-image .wp-block-uagb-image__figure img{width: 339px;height: auto;}}.uag-blocks-common-selector{z-index:var(--z-index-desktop) !important}@media (max-width: 976px){.uag-blocks-common-selector{z-index:var(--z-index-tablet) !important}}@media (max-width: 767px){.uag-blocks-common-selector{z-index:var(--z-index-mobile) !important}}\n\";s:2:\"js\";s:0:\"\";s:18:\"current_block_list\";a:6:{i:0;s:12:\"core\/heading\";i:1;s:21:\"uagb\/advanced-heading\";i:2;s:14:\"core\/paragraph\";i:3;s:14:\"core\/separator\";i:4;s:10:\"core\/image\";i:5;s:10:\"uagb\/image\";}s:8:\"uag_flag\";b:1;s:11:\"uag_version\";s:10:\"1776556332\";s:6:\"gfonts\";a:0:{}s:10:\"gfonts_url\";s:0:\"\";s:12:\"gfonts_files\";a:0:{}s:14:\"uag_faq_layout\";b:0;}"],"_uag_css_file_name":["uag-css-8795.css"]},"uagb_featured_image_src":{"full":["https:\/\/joannacholuj.pl\/wp-content\/uploads\/2025\/09\/IMG_2439donem.jpg",960,640,false],"thumbnail":["https:\/\/joannacholuj.pl\/wp-content\/uploads\/2025\/09\/IMG_2439donem-150x150.jpg",150,150,true],"medium":["https:\/\/joannacholuj.pl\/wp-content\/uploads\/2025\/09\/IMG_2439donem-300x200.jpg",300,200,true],"medium_large":["https:\/\/joannacholuj.pl\/wp-content\/uploads\/2025\/09\/IMG_2439donem-768x512.jpg",640,427,true],"large":["https:\/\/joannacholuj.pl\/wp-content\/uploads\/2025\/09\/IMG_2439donem.jpg",640,427,false],"1536x1536":["https:\/\/joannacholuj.pl\/wp-content\/uploads\/2025\/09\/IMG_2439donem.jpg",960,640,false],"2048x2048":["https:\/\/joannacholuj.pl\/wp-content\/uploads\/2025\/09\/IMG_2439donem.jpg",960,640,false],"trp-custom-language-flag":["https:\/\/joannacholuj.pl\/wp-content\/uploads\/2025\/09\/IMG_2439donem-18x12.jpg",18,12,true],"illdy-blog-list":["https:\/\/joannacholuj.pl\/wp-content\/uploads\/2025\/09\/IMG_2439donem-750x500.jpg",750,500,true],"illdy-widget-recent-posts":["https:\/\/joannacholuj.pl\/wp-content\/uploads\/2025\/09\/IMG_2439donem-70x70.jpg",70,70,true],"illdy-blog-post-related-articles":["https:\/\/joannacholuj.pl\/wp-content\/uploads\/2025\/09\/IMG_2439donem-240x206.jpg",240,206,true],"illdy-front-page-latest-news":["https:\/\/joannacholuj.pl\/wp-content\/uploads\/2025\/09\/IMG_2439donem-250x213.jpg",250,213,true],"illdy-front-page-testimonials":["https:\/\/joannacholuj.pl\/wp-content\/uploads\/2025\/09\/IMG_2439donem-127x127.jpg",127,127,true],"illdy-front-page-projects":["https:\/\/joannacholuj.pl\/wp-content\/uploads\/2025\/09\/IMG_2439donem-476x476.jpg",476,476,true],"illdy-front-page-person":["https:\/\/joannacholuj.pl\/wp-content\/uploads\/2025\/09\/IMG_2439donem-125x125.jpg",125,125,true]},"uagb_author_info":{"display_name":"Joanna Choluj","author_link":"https:\/\/joannacholuj.pl\/en\/blog\/author\/joannacholuj\/"},"uagb_comment_info":0,"uagb_excerpt":"version espanole KUP W SKLEPIE \u00a0 ZAJ\u0118CIA INDYWIDUALNE I GRUPOWE ONLINE, R\u00d3\u017bNE POZIOMY, MATERIA\u0141Y W CENIE LEKCJI \u00a0ANGIELSKI LEKCJE grupowe [&hellip;]","_links":{"self":[{"href":"https:\/\/joannacholuj.pl\/en\/wp-json\/wp\/v2\/pages\/8795"}],"collection":[{"href":"https:\/\/joannacholuj.pl\/en\/wp-json\/wp\/v2\/pages"}],"about":[{"href":"https:\/\/joannacholuj.pl\/en\/wp-json\/wp\/v2\/types\/page"}],"author":[{"embeddable":true,"href":"https:\/\/joannacholuj.pl\/en\/wp-json\/wp\/v2\/users\/2"}],"replies":[{"embeddable":true,"href":"https:\/\/joannacholuj.pl\/en\/wp-json\/wp\/v2\/comments?post=8795"}],"version-history":[{"count":112,"href":"https:\/\/joannacholuj.pl\/en\/wp-json\/wp\/v2\/pages\/8795\/revisions"}],"predecessor-version":[{"id":14662,"href":"https:\/\/joannacholuj.pl\/en\/wp-json\/wp\/v2\/pages\/8795\/revisions\/14662"}],"wp:featuredmedia":[{"embeddable":true,"href":"https:\/\/joannacholuj.pl\/en\/wp-json\/wp\/v2\/media\/14125"}],"wp:attachment":[{"href":"https:\/\/joannacholuj.pl\/en\/wp-json\/wp\/v2\/media?parent=8795"}],"curies":[{"name":"wp","href":"https:\/\/api.w.org\/{rel}","templated":true}]}}