{"id":8552,"date":"2022-09-21T11:24:05","date_gmt":"2022-09-21T09:24:05","guid":{"rendered":"http:\/\/joannacholuj.pl\/?page_id=8552"},"modified":"2025-08-04T04:23:38","modified_gmt":"2025-08-04T02:23:38","slug":"kursy","status":"publish","type":"page","link":"https:\/\/joannacholuj.pl\/en\/kursy\/","title":{"rendered":"Webinars"},"content":{"rendered":"<p><img loading=\"lazy\" decoding=\"async\" class=\"alignnone size-full wp-image-11834\" src=\"http:\/\/joannacholuj.pl\/wp-content\/uploads\/2024\/07\/KK.jpg\" alt=\"\" width=\"83\" height=\"78\" \/><\/p>\n<h3 style=\"text-align: center;\"><span style=\"font-size: big italic;\"><img loading=\"lazy\" decoding=\"async\" class=\"wp-image-11894 alignleft\" src=\"http:\/\/joannacholuj.pl\/wp-content\/uploads\/2024\/07\/OIP-29.jpeg\" alt=\"\" width=\"264\" height=\"337\" \/>***<\/span><\/h3>\n<p style=\"text-align: left;\">.<strong>Once upon a time, all the OLD KNOWLEDGE was in the Source, it was FULL and available to all. It was in the Heart of the world, and from there it radiated out into the entire world. However, the old Heart of the World was lost. Knowledge tried to protect itself and survive in inaccessible places, in secret books far from the center of the world, and in the minds of old souls. It had to wait out difficult times.<\/strong><\/p>\n<p style=\"text-align: left;\"><strong>And now comes a GREAT CHANGE, a shift in consciousness. Now we can openly discover the once-secret, ancient knowledge. We can read and independently follow, like the witchers and shamans of old, the path of knowing, feeling, and Vedic knowledge.<\/strong><\/p>\n<h3 style=\"text-align: center;\">\u00a0<\/h3>\n<div class=\"xdj266r x11i5rnm xat24cr x1mh8g0r x1vvkbs x126k92a\"><hr \/><\/div>\n<div dir=\"auto\" style=\"text-align: center;\">\u00a0<\/div>\n<div dir=\"auto\">\u00a0<\/div>\n<div dir=\"auto\">\u00a0<\/div>\n<h3 dir=\"auto\" style=\"text-align: center;\"><strong>WEBINARS<\/strong><\/h3>\n<div dir=\"auto\">\n<h4>\u00a0<\/h4>\n<h4>\u00a0<\/h4>\n<h4 style=\"text-align: center;\">DISCOVER THE MYSTERIOUS CODE OF THE LANGUAGE MATRIX<\/h4>\n<h5 style=\"text-align: center;\"><strong>This is a course that will allow you to understand and use the vibrations of words for your own good and will give you knowledge about LANGUAGE CODING\u00a0<\/strong><\/h5>\n<\/div>\n<div dir=\"auto\">\n<h5><img loading=\"lazy\" decoding=\"async\" class=\"wp-image-10341 aligncenter\" src=\"http:\/\/joannacholuj.pl\/wp-content\/uploads\/2023\/12\/pol_pm_5D-Kolorowy-Lew-Diamentowa-Mozaika-40x30-cm-2041_1-300x240.jpg\" alt=\"\" width=\"380\" height=\"304\" srcset=\"https:\/\/joannacholuj.pl\/wp-content\/uploads\/2023\/12\/pol_pm_5D-Kolorowy-Lew-Diamentowa-Mozaika-40x30-cm-2041_1-300x240.jpg 300w, https:\/\/joannacholuj.pl\/wp-content\/uploads\/2023\/12\/pol_pm_5D-Kolorowy-Lew-Diamentowa-Mozaika-40x30-cm-2041_1.jpg 450w\" sizes=\"(max-width: 380px) 100vw, 380px\" \/><\/h5>\n<div dir=\"auto\" style=\"text-align: center;\">DURATION \u2013 20 HOURS<\/div>\n<div dir=\"auto\">\u00a0<\/div>\n<div dir=\"auto\">\n<div dir=\"auto\" style=\"text-align: center;\"><strong>WEBINAR LANGUAGE \u2013 POLISH, ENGLISH, FRENCH\u00a0<\/strong><\/div>\n<\/div>\n<h4 style=\"text-align: center;\"><a href=\"https:\/\/sklep.joannacholuj.pl\/product\/kod-matrycy-jezyka-form\/\">READ MORE AND BUY<\/a><\/h4>\n<hr \/>\n<h4>\u00a0<\/h4>\n<h4 style=\"text-align: center;\"><strong>RECLAIM YOUR SACRED FEMININITY<\/strong><\/h4>\n<h5 style=\"text-align: center;\">DESTROYED BY THE MATRIX<\/h5>\n<p><img loading=\"lazy\" decoding=\"async\" class=\"wp-image-13254 size-medium aligncenter\" src=\"http:\/\/joannacholuj.pl\/wp-content\/uploads\/2024\/12\/j22-300x225.jpg\" alt=\"\" width=\"300\" height=\"225\" srcset=\"https:\/\/joannacholuj.pl\/wp-content\/uploads\/2024\/12\/j22-300x225.jpg 300w, https:\/\/joannacholuj.pl\/wp-content\/uploads\/2024\/12\/j22.jpg 640w\" sizes=\"(max-width: 300px) 100vw, 300px\" \/><\/p>\n<div dir=\"auto\" style=\"text-align: center;\"><strong>DURATION<\/strong> 1 YEAR<\/div>\n<div dir=\"auto\">\u00a0<\/div>\n<div dir=\"auto\">\n<div dir=\"auto\" style=\"text-align: center;\"><strong>LANGUAGE \u2013\u00a0 <\/strong>POLISH. ENGLISH. FRENCH. SPANISH<\/div>\n<div dir=\"auto\" style=\"text-align: center;\">THIS IS PART OF THE GAIOSOFIA ACADEMY AND IS NOT SOLD SEPARATELY\u00a0<\/div>\n<div dir=\"auto\" style=\"text-align: center;\">\u00a0<\/div>\n<\/div>\n<h4 style=\"text-align: center;\"><a href=\"https:\/\/sklep.joannacholuj.pl\/product\/akademia-szamansko-wiedzminska-kurs-pierwszy\/\">READ MORE AND BUY<\/a><\/h4>\n<hr \/><\/div>\n<div dir=\"auto\">\n<h4>\u00a0<\/h4>\n<h4 style=\"text-align: center;\"><strong>THE MYSTERY OF THE TWELVE SPHERES OF LIFE<\/strong><\/h4>\n<h5 style=\"text-align: center;\">Learn to live according to the ANCIENT KNOWLEDGE and WISDOM of the SHAMANS<\/h5>\n<p style=\"text-align: center;\">\u00a0The course topics concern your life and your life transformation \u2013 it talks about male and female energy, relationships, family, philosophy of nature, society and how to organize your life well and achieve well-being.<\/p>\n<\/div>\n<p><img loading=\"lazy\" decoding=\"async\" class=\"aligncenter wp-image-8555\" src=\"http:\/\/joannacholuj.pl\/wp-content\/uploads\/2022\/09\/R-300x260.jpg\" alt=\"\" width=\"383\" height=\"332\" srcset=\"https:\/\/joannacholuj.pl\/wp-content\/uploads\/2022\/09\/R-300x260.jpg 300w, https:\/\/joannacholuj.pl\/wp-content\/uploads\/2022\/09\/R-768x665.jpg 768w, https:\/\/joannacholuj.pl\/wp-content\/uploads\/2022\/09\/R.jpg 1011w\" sizes=\"(max-width: 383px) 100vw, 383px\" \/><\/p>\n<div dir=\"auto\" style=\"text-align: center;\"><strong>DURATION<\/strong> 40 HOURS<\/div>\n<div dir=\"auto\">\u00a0<\/div>\n<div dir=\"auto\">\n<div dir=\"auto\" style=\"text-align: center;\"><strong>WEBINAR LANGUAGE\u00a0 <\/strong>POLISH ENGLISH<\/div>\n<div dir=\"auto\" style=\"text-align: center;\">THIS IS PART OF THE GAIOSOFIA ACADEMY AND CANNOT BE PURCHASED SEPARATELY<\/div>\n<div dir=\"auto\">\u00a0<\/div>\n<h4 dir=\"auto\" style=\"text-align: center;\"><a href=\"https:\/\/sklep.joannacholuj.pl\/product\/akademia-szamansko-wiedzminska-kurs-trzeci\/\">READ MORE AND BUY<\/a><\/h4>\n<\/div>\n<hr \/>\n<h4>\u00a0<\/h4>\n<h4 style=\"text-align: center;\"><strong>THE QUINTESSENCE OF THE MATRIX CODE<\/strong> &#8211; zrozum i odkoduj<\/h4>\n<p dir=\"auto\" style=\"text-align: center;\">This course will allow you to DECODE THE MATRIX and reach a higher level of understanding of Ancient Knowledge. It clearly explains European and Vedic astrology, Pythagorean numerology, the secrets of tarot cards, and the fundamentals of the Human Design system.<\/p>\n<h5 style=\"text-align: center;\"><img loading=\"lazy\" decoding=\"async\" class=\"wp-image-12049 aligncenter\" src=\"http:\/\/joannacholuj.pl\/wp-content\/uploads\/2024\/07\/90ddee4958829d732b140502416136f2-300x300.png\" alt=\"\" width=\"465\" height=\"465\" srcset=\"https:\/\/joannacholuj.pl\/wp-content\/uploads\/2024\/07\/90ddee4958829d732b140502416136f2-300x300.png 300w, https:\/\/joannacholuj.pl\/wp-content\/uploads\/2024\/07\/90ddee4958829d732b140502416136f2-150x150.png 150w, https:\/\/joannacholuj.pl\/wp-content\/uploads\/2024\/07\/90ddee4958829d732b140502416136f2-768x768.png 768w, https:\/\/joannacholuj.pl\/wp-content\/uploads\/2024\/07\/90ddee4958829d732b140502416136f2-70x70.png 70w, https:\/\/joannacholuj.pl\/wp-content\/uploads\/2024\/07\/90ddee4958829d732b140502416136f2-127x127.png 127w, https:\/\/joannacholuj.pl\/wp-content\/uploads\/2024\/07\/90ddee4958829d732b140502416136f2-476x476.png 476w, https:\/\/joannacholuj.pl\/wp-content\/uploads\/2024\/07\/90ddee4958829d732b140502416136f2-125x125.png 125w, https:\/\/joannacholuj.pl\/wp-content\/uploads\/2024\/07\/90ddee4958829d732b140502416136f2.png 1000w\" sizes=\"(max-width: 465px) 100vw, 465px\" \/><\/h5>\n<div dir=\"auto\" style=\"text-align: center;\">DURATION \u2013 20 HOURS<\/div>\n<div dir=\"auto\">\u00a0<\/div>\n<div dir=\"auto\">\n<div dir=\"auto\" style=\"text-align: center;\"><strong>COURSE LANGUAGE \u2013 POLISH. ENGLISH.\u00a0<\/strong><\/div>\n<div dir=\"auto\" style=\"text-align: center;\">THIS IS PART OF THE GAIOSOFIA ACADEMY AND CANNOT BE PURCHASED SEPARATELY<\/div>\n<\/div>\n<h4 dir=\"auto\" style=\"text-align: center;\"><a href=\"https:\/\/sklep.joannacholuj.pl\/product\/akademia-szamansko-wiedzminska-kurs-trzeci\/\">READ MORE AND BUY<\/a><\/h4>\n<hr \/>\n<h4>\u00a0<\/h4>\n<h4 style=\"text-align: center;\"><strong>PLAY IN YOUR OWN THEATRE OF LIFE<\/strong><\/h4>\n<h5 style=\"text-align: center;\">OR<\/h5>\n<h5 style=\"text-align: center;\">HOW TO GAIN FREEDOM FROM CODING ARCHETYPES AND LIFE ROLES<\/h5>\n<p style=\"text-align: center;\">This course will explore how your unconscious mind traps you in the rat race and automatic role-playing. You'll also learn what role you might want to play. I'll discuss zodiacal archetypes, temperaments, the elements, and the archetypal gods of world mythology.<\/p>\n<p><img loading=\"lazy\" decoding=\"async\" class=\"wp-image-12050 aligncenter\" src=\"http:\/\/joannacholuj.pl\/wp-content\/uploads\/2024\/07\/20210716_151041_2-\u2014-kopia-247x300.jpg\" alt=\"\" width=\"401\" height=\"487\" srcset=\"https:\/\/joannacholuj.pl\/wp-content\/uploads\/2024\/07\/20210716_151041_2-\u2014-kopia-247x300.jpg 247w, https:\/\/joannacholuj.pl\/wp-content\/uploads\/2024\/07\/20210716_151041_2-\u2014-kopia.jpg 541w\" sizes=\"(max-width: 401px) 100vw, 401px\" \/><\/p>\n<div dir=\"auto\" style=\"text-align: center;\">DURATION \u2013 20 HOURS<\/div>\n<div dir=\"auto\">\u00a0<\/div>\n<div dir=\"auto\">\n<div dir=\"auto\" style=\"text-align: center;\"><strong>COURSE LANGUAGE \u2013 POLISH. ENGLISH. FRENCH. SPANISH<\/strong><\/div>\n<div dir=\"auto\" style=\"text-align: center;\">THIS IS PART OF THE GAIOSOFIA ACADEMY AND CANNOT BE PURCHASED SEPARATELY - YOU ARE BUYING A YEAR OF CLASSES AT THE ACADEMY<\/div>\n<\/div>\n<h4 dir=\"auto\" style=\"text-align: center;\"><a href=\"https:\/\/sklep.joannacholuj.pl\/product\/akademia-szamansko-wiedzminska-kurs-pierwszy\/\">READ MORE AND BUY<\/a><\/h4>\n<div dir=\"auto\"><hr \/>\n<h4>\u00a0<\/h4>\n<h4>\u00a0<\/h4>\n<h4 style=\"text-align: center;\"><strong>ANCIENT POLISH GRAMMAR (REFORMED)<\/strong><\/h4>\n<p style=\"text-align: center;\">The Mother Matrix who weaves the fabric of the world and looks towards the energy of the masculine RA<\/p>\n<p style=\"text-align: center;\"><strong>THIS IS THE ONLY ONE OF A KIND<span style=\"text-decoration: underline;\"> KURS<\/span> IN A WORLD THAT WILL ALLOW YOU TO DEEPLY UNDERSTAND THE DYNAMICS OF YOUR LANGUAGE IN ITS GRAMMATICAL ELEMENT<\/strong><\/p>\n<\/div>\n\n<div class=\"wp-block-image\">\n<figure class=\"aligncenter size-full is-resized\"><img loading=\"lazy\" decoding=\"async\" width=\"500\" height=\"500\" src=\"https:\/\/joannacholuj.pl\/wp-content\/uploads\/2024\/09\/275436567_10161799802120299_5972076644085566865_n-500x500-1.jpg\" alt=\"\" class=\"wp-image-12974\" style=\"width:335px;height:auto\" srcset=\"https:\/\/joannacholuj.pl\/wp-content\/uploads\/2024\/09\/275436567_10161799802120299_5972076644085566865_n-500x500-1.jpg 500w, https:\/\/joannacholuj.pl\/wp-content\/uploads\/2024\/09\/275436567_10161799802120299_5972076644085566865_n-500x500-1-300x300.jpg 300w, https:\/\/joannacholuj.pl\/wp-content\/uploads\/2024\/09\/275436567_10161799802120299_5972076644085566865_n-500x500-1-150x150.jpg 150w, https:\/\/joannacholuj.pl\/wp-content\/uploads\/2024\/09\/275436567_10161799802120299_5972076644085566865_n-500x500-1-70x70.jpg 70w, https:\/\/joannacholuj.pl\/wp-content\/uploads\/2024\/09\/275436567_10161799802120299_5972076644085566865_n-500x500-1-127x127.jpg 127w, https:\/\/joannacholuj.pl\/wp-content\/uploads\/2024\/09\/275436567_10161799802120299_5972076644085566865_n-500x500-1-476x476.jpg 476w, https:\/\/joannacholuj.pl\/wp-content\/uploads\/2024\/09\/275436567_10161799802120299_5972076644085566865_n-500x500-1-125x125.jpg 125w\" sizes=\"(max-width: 500px) 100vw, 500px\" \/><\/figure><\/div>\n\n<div class=\"xdj266r x11i5rnm xat24cr x1mh8g0r x1vvkbs x126k92a\">\n<div dir=\"auto\" style=\"text-align: center;\">\u00a0<\/div>\n<div dir=\"auto\">\u00a0<\/div>\n<div dir=\"auto\">\u00a0<\/div>\n<div dir=\"auto\" style=\"text-align: center;\">DURATION \u2013 41 HOURS<\/div>\n<div dir=\"auto\">\u00a0<\/div>\n<div dir=\"auto\">\n<div dir=\"auto\" style=\"text-align: center;\"><strong>COURSE LANGUAGE \u2013 POLISH.<\/strong><\/div>\n<div dir=\"auto\" style=\"text-align: center;\">\u00a0<\/div>\n<\/div>\n<h4 dir=\"auto\" style=\"text-align: center;\"><a href=\"https:\/\/joannacholuj.pl\/en\/polska-gramatyka-zreformowana-wiecej\/\">READ MORE AND BUY<\/a><\/h4>\n<hr \/>\n<h4>\u00a0<\/h4>\n<h4 dir=\"auto\" style=\"text-align: center;\">\u00a0<\/h4>\n<\/div>\n\n\n<h5 class=\"wp-block-heading has-text-align-center\"><strong>KNOW YOURSELF <\/strong><\/h5>\n\n\n\n<p class=\"has-text-align-center\">What is your personality \u2013 how to check it?<\/p>\n\n\n\n<p class=\"has-text-align-center\">Your temperament<\/p>\n\n\n\n<p class=\"has-text-align-center\">Potential and talents<\/p>\n\n\n\n<p class=\"has-text-align-center\">Life balance and self-esteem<\/p>\n\n\n\n<p class=\"has-text-align-center\">Toxic elements in your life<\/p>\n\n\n\n<p class=\"has-text-align-center\">Your shadow and your light<\/p>\n\n\n<div class=\"wp-block-image\">\n<figure class=\"aligncenter size-full is-resized\"><img loading=\"lazy\" decoding=\"async\" width=\"275\" height=\"183\" src=\"https:\/\/joannacholuj.pl\/wp-content\/uploads\/2024\/12\/pobierz-4.jpg\" alt=\"\" class=\"wp-image-13267\" style=\"width:437px;height:auto\"\/><\/figure><\/div>\n\n\n<p class=\"has-text-align-center\">DURATION \u2013 40 HOURS<\/p>\n\n\n\n<p class=\"has-text-align-center\"><strong>WEBINAR LANGUAGE \u2013 POLISH.<\/strong><\/p>\n\n\n\n<p><\/p>\n\n\n\n<h4 class=\"wp-block-heading has-text-align-center\"><a href=\"https:\/\/sklep.joannacholuj.pl\/product\/poznaj-siebie\/\">BUY<\/a><\/h4>\n\n\n\n<p><\/p>\n\n\n\n<p><\/p>\n\n\n\n<p><\/p>\n\n\n\n<hr class=\"wp-block-separator has-alpha-channel-opacity\"\/>\n\n\n\n<p><\/p>\n\n\n\n<h5 class=\"wp-block-heading has-text-align-center\"><strong>NATURAL MEDICINE<\/strong><\/h5>\n\n\n\n<p class=\"has-text-align-center\">Life balance<\/p>\n\n\n\n<p class=\"has-text-align-center\">Traditional Chinese Medicine<\/p>\n\n\n\n<p class=\"has-text-align-center\">The Kitchen of the Five Elements<\/p>\n\n\n\n<p class=\"has-text-align-center\">Herbal treatment<\/p>\n\n\n\n<p class=\"has-text-align-center\">Toxic Relationships \u2013 and How to Get Out of Them<\/p>\n\n\n<div class=\"wp-block-image\">\n<figure class=\"aligncenter size-full is-resized\"><img loading=\"lazy\" decoding=\"async\" width=\"526\" height=\"676\" src=\"https:\/\/joannacholuj.pl\/wp-content\/uploads\/2024\/12\/469513558_10164798618030299_7079164941232204023_n-1.jpg\" alt=\"\" class=\"wp-image-13268\" style=\"width:309px;height:auto\" srcset=\"https:\/\/joannacholuj.pl\/wp-content\/uploads\/2024\/12\/469513558_10164798618030299_7079164941232204023_n-1.jpg 526w, https:\/\/joannacholuj.pl\/wp-content\/uploads\/2024\/12\/469513558_10164798618030299_7079164941232204023_n-1-233x300.jpg 233w\" sizes=\"(max-width: 526px) 100vw, 526px\" \/><\/figure><\/div>\n\n\n<p class=\"has-text-align-center\">DURATION \u2013 40 HOURS<\/p>\n\n\n\n<p class=\"has-text-align-center\"><strong>WEBINAR LANGUAGE \u2013 POLISH.<\/strong><\/p>\n\n\n\n<p><\/p>\n\n\n\n<p><\/p>\n\n\n\n<h4 class=\"wp-block-heading has-text-align-center\"><a href=\"https:\/\/sklep.joannacholuj.pl\/product\/medycyna-naturalna\/\">BUY<\/a><\/h4>\n\n\n\n<p><\/p>\n\n\n\n<hr class=\"wp-block-separator has-alpha-channel-opacity\"\/>\n\n\n\n<p><\/p>\n\n\n\n<h5 class=\"wp-block-heading has-text-align-center\"><strong>ALTERNATIVE EDUCATION<\/strong>.<\/h5>\n\n\n\n<p><\/p>\n\n\n\n<p class=\"has-text-align-center\">Peaceful parenting \u2013 good parenting<\/p>\n\n\n\n<p class=\"has-text-align-center\">How to teach your children?<\/p>\n\n\n\n<p class=\"has-text-align-center\">Learning from birth \u2013 global education<\/p>\n\n\n\n<p class=\"has-text-align-center\">Learning through play \u2013 use these inspirations<\/p>\n\n\n\n<p class=\"has-text-align-center\">Your child's potential and personality<\/p>\n\n\n\n<p class=\"has-text-align-center\"><\/p>\n\n\n\n<p class=\"has-text-align-center\"><\/p>\n\n\n<div class=\"wp-block-image\">\n<figure class=\"aligncenter size-full is-resized\"><img loading=\"lazy\" decoding=\"async\" width=\"960\" height=\"640\" src=\"https:\/\/joannacholuj.pl\/wp-content\/uploads\/2024\/12\/IMG_2227donem.jpg\" alt=\"\" class=\"wp-image-13269\" style=\"width:357px;height:auto\" srcset=\"https:\/\/joannacholuj.pl\/wp-content\/uploads\/2024\/12\/IMG_2227donem.jpg 960w, https:\/\/joannacholuj.pl\/wp-content\/uploads\/2024\/12\/IMG_2227donem-300x200.jpg 300w, https:\/\/joannacholuj.pl\/wp-content\/uploads\/2024\/12\/IMG_2227donem-768x512.jpg 768w, https:\/\/joannacholuj.pl\/wp-content\/uploads\/2024\/12\/IMG_2227donem-750x500.jpg 750w\" sizes=\"(max-width: 960px) 100vw, 960px\" \/><\/figure><\/div>\n\n\n<p class=\"has-text-align-center\">DURATION \u2013 40 HOURS<\/p>\n\n\n\n<p class=\"has-text-align-center\"><strong>WEBINAR LANGUAGE \u2013 POLISH.<\/strong><\/p>\n\n\n\n<h4 class=\"wp-block-heading has-text-align-center\"><\/h4>\n\n\n\n<p class=\"has-text-align-center\"><a href=\"https:\/\/sklep.joannacholuj.pl\/product\/wychowanie-i-edukacja-alternatywna\/\">BUY<\/a><\/p>\n\n\n\n<p><\/p>\n\n\n\n<h1 class=\"wp-block-heading has-text-align-center has-medium-font-size\"><\/h1>\n\n\n\n<hr class=\"wp-block-separator has-alpha-channel-opacity\"\/>\n\n\n\n<p class=\"has-text-align-center\"><\/p>\n\n\n\n<h5 class=\"wp-block-heading has-text-align-center\"><strong>YOUR MANIFESTATION AND MATERIALIZATION<\/strong><\/h5>\n\n\n\n<p class=\"has-text-align-center\">What kind of world do you live in and what kind of world do you want to live in? <\/p>\n\n\n\n<p class=\"has-text-align-center\">Vibrations of language, color, shape. Principle: sign has meaning, sound has meaning. <\/p>\n\n\n\n<p class=\"has-text-align-center\">Sacred Geometry. Archetypes<\/p>\n\n\n\n<p class=\"has-text-align-center\">How to make the vibrations of names, surnames, colors, shapes, and images support us. <\/p>\n\n\n\n<p class=\"has-text-align-center\">Principles of creating a company name and logo according to ancient knowledge. <\/p>\n\n\n\n<p class=\"has-text-align-center\">Words of power and advertising slogans.  <\/p>\n\n\n<div class=\"wp-block-image\">\n<figure class=\"aligncenter size-full is-resized\"><img loading=\"lazy\" decoding=\"async\" width=\"287\" height=\"205\" src=\"https:\/\/joannacholuj.pl\/wp-content\/uploads\/2024\/12\/pobierz-2.jpg\" alt=\"\" class=\"wp-image-13257\" style=\"width:419px;height:auto\"\/><\/figure><\/div>\n\n\n<p class=\"has-text-align-center\">DURATION \u2013 20 HOURS<\/p>\n\n\n\n<p class=\"has-text-align-center\"><\/p>\n\n\n\n<p class=\"has-text-align-center\"><strong>COURSE LANGUAGE \u2013 POLISH. <\/strong><\/p>\n\n\n\n<p class=\"has-text-align-center\"><a href=\"https:\/\/sklep.joannacholuj.pl\/product\/twoja-manifestacja-i-materializacja\/\">BUY<\/a><\/p>\n\n\n\n<h4 class=\"wp-block-heading has-text-align-center\"><\/h4>\n\n\n\n<p><\/p>\n\n\n\n<p><\/p>\n\n\n\n<p><\/p>\n\n\n\n<p><\/p>\n\n\n\n<p><\/p>\n\n\n\n<hr class=\"wp-block-separator has-alpha-channel-opacity\"\/>\n\n\n\n<p><\/p>\n\n\n\n<p><\/p>\n\n\n\n<h5 class=\"wp-block-heading has-text-align-center\"><strong> ALTERNATIVE EDUCATION<\/strong><\/h5>\n\n\n\n<p><\/p>\n\n\n\n<ul class=\"wp-block-list\">\n<li>homeschooling between unschooling and discipline <\/li>\n\n\n\n<li>democratic education<\/li>\n\n\n\n<li>trivium education <\/li>\n\n\n\n<li>education Waldorf-Steiner <\/li>\n\n\n\n<li>education Montessori <\/li>\n\n\n\n<li>Your own educational mix \u2013 how to create it. What are the needs of the parent, family, and child? <\/li>\n\n\n\n<li>projects, values, Slavic culture, languages <\/li>\n\n\n\n<li>how to teach Polish <\/li>\n<\/ul>\n\n\n<div class=\"wp-block-image\">\n<figure class=\"aligncenter size-full is-resized\"><img loading=\"lazy\" decoding=\"async\" width=\"975\" height=\"650\" src=\"https:\/\/joannacholuj.pl\/wp-content\/uploads\/2024\/12\/IMG_2492done.jpg\" alt=\"\" class=\"wp-image-13258\" style=\"width:422px;height:auto\" srcset=\"https:\/\/joannacholuj.pl\/wp-content\/uploads\/2024\/12\/IMG_2492done.jpg 975w, https:\/\/joannacholuj.pl\/wp-content\/uploads\/2024\/12\/IMG_2492done-300x200.jpg 300w, https:\/\/joannacholuj.pl\/wp-content\/uploads\/2024\/12\/IMG_2492done-768x512.jpg 768w, https:\/\/joannacholuj.pl\/wp-content\/uploads\/2024\/12\/IMG_2492done-750x500.jpg 750w\" sizes=\"(max-width: 975px) 100vw, 975px\" \/><\/figure><\/div>\n\n\n<p class=\"has-text-align-center\"><strong>DURATION<\/strong> &#8211; OK 20 GODZIN<\/p>\n\n\n\n<p class=\"has-text-align-center\"><\/p>\n\n\n\n<p class=\"has-text-align-center\"><strong>COURSE LANGUAGE \u2013 POLISH.<\/strong><\/p>\n\n\n\n<h4 class=\"wp-block-heading has-text-align-center\"><a href=\"https:\/\/sklep.joannacholuj.pl\/product\/twoje-wolne-dziecko-edukuj-alternatywnie\/\">READ MORE AND BUY<\/a><\/h4>\n\n\n\n<p><\/p>\n\n\n\n<hr class=\"wp-block-separator has-alpha-channel-opacity\"\/>\n\n\n\n<p><\/p>\n\n\n\n<h5 class=\"wp-block-heading has-text-align-center\">SHAMANIC-WITCHER ACADEMY \u2013 GAIOSOFIA ACADEMY<\/h5>\n\n\n<div class=\"wp-block-image\">\n<figure class=\"aligncenter size-full\"><img loading=\"lazy\" decoding=\"async\" width=\"325\" height=\"650\" src=\"http:\/\/joannacholuj.pl\/wp-content\/uploads\/2024\/12\/20211017_131857.jpg\" alt=\"\" class=\"wp-image-13280\" srcset=\"https:\/\/joannacholuj.pl\/wp-content\/uploads\/2024\/12\/20211017_131857.jpg 325w, https:\/\/joannacholuj.pl\/wp-content\/uploads\/2024\/12\/20211017_131857-150x300.jpg 150w\" sizes=\"(max-width: 325px) 100vw, 325px\" \/><\/figure><\/div>\n\n\n<p>Duration \u2013 one year <\/p>\n\n\n\n<h4 class=\"wp-block-heading has-text-align-center\"><a href=\"https:\/\/sklep.joannacholuj.pl\/product-category\/akademia-szamanska\/\">READ MORE AND BUY<\/a><\/h4>\n\n\n\n<hr class=\"wp-block-separator has-alpha-channel-opacity\"\/>\n\n\n\n<h5 class=\"wp-block-heading has-text-align-center\"><\/h5>\n\n\n\n<p><\/p>\n\n\n\n<h5 class=\"wp-block-heading has-text-align-center\"><\/h5>\n\n\n\n<hr class=\"wp-block-separator has-alpha-channel-opacity\"\/>\n\n\n\n<p><\/p>\n\n\n\n<h5 class=\"wp-block-heading has-text-align-center\"><\/h5>\n\n\n\n<p><\/p>\n\n\n\n<p><\/p>\n\n\n\n<p><\/p>\n\n\n\n<h4 class=\"wp-block-heading has-text-align-center\"><\/h4>\n\n\n\n<p><\/p>\n\n\n\n<p><\/p>","protected":false},"excerpt":{"rendered":"<p>*** Kiedy\u015b ca\u0142a STARA WIEDZA by\u0142a w \u0179r\u00f3dle, by\u0142a PE\u0141NI\u0104 i by\u0142a dost\u0119pna dla wszystkich. By\u0142a ona w Sercu \u015bwiata,\u00a0 [&hellip;]<\/p>","protected":false},"author":2,"featured_media":11832,"parent":0,"menu_order":0,"comment_status":"closed","ping_status":"closed","template":"","meta":{"_bbp_topic_count":0,"_bbp_reply_count":0,"_bbp_total_topic_count":0,"_bbp_total_reply_count":0,"_bbp_voice_count":0,"_bbp_anonymous_reply_count":0,"_bbp_topic_count_hidden":0,"_bbp_reply_count_hidden":0,"_bbp_forum_subforum_count":0,"_uag_custom_page_level_css":"","footnotes":""},"class_list":["post-8552","page","type-page","status-publish","has-post-thumbnail","hentry"],"spectra_custom_meta":{"_edit_last":["2"],"_wp_page_template":["default"],"_edit_lock":["1754274218:2"],"_thumbnail_id":["11832"],"_uag_page_assets":["a:9:{s:3:\"css\";s:263:\".uag-blocks-common-selector{z-index:var(--z-index-desktop) !important}@media (max-width: 976px){.uag-blocks-common-selector{z-index:var(--z-index-tablet) !important}}@media (max-width: 767px){.uag-blocks-common-selector{z-index:var(--z-index-mobile) !important}}\n\";s:2:\"js\";s:0:\"\";s:18:\"current_block_list\";a:6:{i:0;s:10:\"core\/image\";i:1;s:12:\"core\/heading\";i:2;s:14:\"core\/paragraph\";i:3;s:14:\"core\/separator\";i:4;s:9:\"core\/list\";i:5;s:14:\"core\/list-item\";}s:8:\"uag_flag\";b:0;s:11:\"uag_version\";s:10:\"1775454065\";s:6:\"gfonts\";a:0:{}s:10:\"gfonts_url\";s:0:\"\";s:12:\"gfonts_files\";a:0:{}s:14:\"uag_faq_layout\";b:0;}"],"_uag_css_file_name":["uag-css-8552.css"]},"uagb_featured_image_src":{"full":["https:\/\/joannacholuj.pl\/wp-content\/uploads\/2024\/07\/d0aa8601-18e0-4eac-b94b-200976721137-KOPIA.jpeg",1079,1430,false],"thumbnail":["https:\/\/joannacholuj.pl\/wp-content\/uploads\/2024\/07\/d0aa8601-18e0-4eac-b94b-200976721137-KOPIA-150x150.jpeg",150,150,true],"medium":["https:\/\/joannacholuj.pl\/wp-content\/uploads\/2024\/07\/d0aa8601-18e0-4eac-b94b-200976721137-KOPIA-226x300.jpeg",226,300,true],"medium_large":["https:\/\/joannacholuj.pl\/wp-content\/uploads\/2024\/07\/d0aa8601-18e0-4eac-b94b-200976721137-KOPIA-768x1018.jpeg",640,848,true],"large":["https:\/\/joannacholuj.pl\/wp-content\/uploads\/2024\/07\/d0aa8601-18e0-4eac-b94b-200976721137-KOPIA-773x1024.jpeg",640,848,true],"1536x1536":["https:\/\/joannacholuj.pl\/wp-content\/uploads\/2024\/07\/d0aa8601-18e0-4eac-b94b-200976721137-KOPIA.jpeg",1079,1430,false],"2048x2048":["https:\/\/joannacholuj.pl\/wp-content\/uploads\/2024\/07\/d0aa8601-18e0-4eac-b94b-200976721137-KOPIA.jpeg",1079,1430,false],"trp-custom-language-flag":["https:\/\/joannacholuj.pl\/wp-content\/uploads\/2024\/07\/d0aa8601-18e0-4eac-b94b-200976721137-KOPIA.jpeg",9,12,false],"illdy-blog-list":["https:\/\/joannacholuj.pl\/wp-content\/uploads\/2024\/07\/d0aa8601-18e0-4eac-b94b-200976721137-KOPIA-750x500.jpeg",750,500,true],"illdy-widget-recent-posts":["https:\/\/joannacholuj.pl\/wp-content\/uploads\/2024\/07\/d0aa8601-18e0-4eac-b94b-200976721137-KOPIA-70x70.jpeg",70,70,true],"illdy-blog-post-related-articles":["https:\/\/joannacholuj.pl\/wp-content\/uploads\/2024\/07\/d0aa8601-18e0-4eac-b94b-200976721137-KOPIA-240x206.jpeg",240,206,true],"illdy-front-page-latest-news":["https:\/\/joannacholuj.pl\/wp-content\/uploads\/2024\/07\/d0aa8601-18e0-4eac-b94b-200976721137-KOPIA-250x213.jpeg",250,213,true],"illdy-front-page-testimonials":["https:\/\/joannacholuj.pl\/wp-content\/uploads\/2024\/07\/d0aa8601-18e0-4eac-b94b-200976721137-KOPIA-127x127.jpeg",127,127,true],"illdy-front-page-projects":["https:\/\/joannacholuj.pl\/wp-content\/uploads\/2024\/07\/d0aa8601-18e0-4eac-b94b-200976721137-KOPIA-476x476.jpeg",476,476,true],"illdy-front-page-person":["https:\/\/joannacholuj.pl\/wp-content\/uploads\/2024\/07\/d0aa8601-18e0-4eac-b94b-200976721137-KOPIA-125x125.jpeg",125,125,true]},"uagb_author_info":{"display_name":"Joanna Choluj","author_link":"https:\/\/joannacholuj.pl\/en\/blog\/author\/joannacholuj\/"},"uagb_comment_info":0,"uagb_excerpt":"*** Kiedy\u015b ca\u0142a STARA WIEDZA by\u0142a w \u0179r\u00f3dle, by\u0142a PE\u0141NI\u0104 i by\u0142a dost\u0119pna dla wszystkich. By\u0142a ona w Sercu \u015bwiata,\u00a0 [&hellip;]","_links":{"self":[{"href":"https:\/\/joannacholuj.pl\/en\/wp-json\/wp\/v2\/pages\/8552"}],"collection":[{"href":"https:\/\/joannacholuj.pl\/en\/wp-json\/wp\/v2\/pages"}],"about":[{"href":"https:\/\/joannacholuj.pl\/en\/wp-json\/wp\/v2\/types\/page"}],"author":[{"embeddable":true,"href":"https:\/\/joannacholuj.pl\/en\/wp-json\/wp\/v2\/users\/2"}],"replies":[{"embeddable":true,"href":"https:\/\/joannacholuj.pl\/en\/wp-json\/wp\/v2\/comments?post=8552"}],"version-history":[{"count":120,"href":"https:\/\/joannacholuj.pl\/en\/wp-json\/wp\/v2\/pages\/8552\/revisions"}],"predecessor-version":[{"id":14001,"href":"https:\/\/joannacholuj.pl\/en\/wp-json\/wp\/v2\/pages\/8552\/revisions\/14001"}],"wp:featuredmedia":[{"embeddable":true,"href":"https:\/\/joannacholuj.pl\/en\/wp-json\/wp\/v2\/media\/11832"}],"wp:attachment":[{"href":"https:\/\/joannacholuj.pl\/en\/wp-json\/wp\/v2\/media?parent=8552"}],"curies":[{"name":"wp","href":"https:\/\/api.w.org\/{rel}","templated":true}]}}