{"id":709,"date":"2018-11-15T22:02:33","date_gmt":"2018-11-15T21:02:33","guid":{"rendered":"http:\/\/joannacholuj.pl\/?page_id=709"},"modified":"2026-03-16T23:28:48","modified_gmt":"2026-03-16T22:28:48","slug":"mojeksiazki","status":"publish","type":"page","link":"https:\/\/joannacholuj.pl\/en\/mojeksiazki\/","title":{"rendered":"my books"},"content":{"rendered":"<h3 style=\"text-align: center;\" align=\"left\"><span style=\"font-size: big italic;\"><img loading=\"lazy\" decoding=\"async\" class=\"alignnone wp-image-11702 size-full\" src=\"http:\/\/joannacholuj.pl\/wp-content\/uploads\/2024\/07\/cropped-logo-blue-red-copy-1.png\" alt=\"\" width=\"99\" height=\"75\" \/><\/span><\/h3>\n<h3 style=\"text-align: center;\">SECTIONS OF THE SERIES<\/h3>\n<h3 style=\"text-align: center;\"><\/h3>\n<h3 style=\"text-align: center;\" align=\"left\"><img loading=\"lazy\" decoding=\"async\" class=\"wp-image-13154 size-medium aligncenter\" src=\"http:\/\/joannacholuj.pl\/wp-content\/uploads\/2024\/10\/okladka-001_I-MITOLOGIA-face-obw-214x300.jpg\" alt=\"\" width=\"214\" height=\"300\" srcset=\"https:\/\/joannacholuj.pl\/wp-content\/uploads\/2024\/10\/okladka-001_I-MITOLOGIA-face-obw-214x300.jpg 214w, https:\/\/joannacholuj.pl\/wp-content\/uploads\/2024\/10\/okladka-001_I-MITOLOGIA-face-obw.jpg 595w\" sizes=\"(max-width: 214px) 100vw, 214px\" \/><\/h3>\n<h3><\/h3>\n<h3 style=\"text-align: center;\"><a href=\"https:\/\/joannacholuj.pl\/en\/ksiazki-dzial-i\/\"><span style=\"color: #800000;\"><span style=\"font-size: large;\"><strong>HISTORIE \u015bwiat\u00f3w &#8211;\u00a0 DZIA\u0141 I &#8211; obejrzyj wszystkie ksi\u0105\u017cki<\/strong><\/span><\/span><\/a><\/h3>\n<img loading=\"lazy\" decoding=\"async\" class=\"wp-image-13142 size-medium aligncenter\" src=\"http:\/\/joannacholuj.pl\/wp-content\/uploads\/2024\/10\/okladka-001_II-arioslowian-wojowniczki-214x300.jpg\" alt=\"\" width=\"214\" height=\"300\" srcset=\"https:\/\/joannacholuj.pl\/wp-content\/uploads\/2024\/10\/okladka-001_II-arioslowian-wojowniczki-214x300.jpg 214w, https:\/\/joannacholuj.pl\/wp-content\/uploads\/2024\/10\/okladka-001_II-arioslowian-wojowniczki.jpg 595w\" sizes=\"(max-width: 214px) 100vw, 214px\" \/>\n<h3><\/h3>\n<h3 style=\"text-align: center;\"><a href=\"http:\/\/joannacholuj.pl\/en\/ksiegi-dzial-ii\/\"><span style=\"color: #800000;\"><span style=\"font-size: large;\"><strong>BIOGRAFIE istot &#8211; DZIA\u0141 II &#8211; obejrzyj wszystkie ksi\u0105\u017cki<\/strong><\/span><\/span><\/a><\/h3>\n<p style=\"text-align: center;\"><span style=\"color: #800000;\"><span style=\"font-size: large;\"><strong>\u00a0<img loading=\"lazy\" decoding=\"async\" class=\"wp-image-13143 size-medium aligncenter\" src=\"http:\/\/joannacholuj.pl\/wp-content\/uploads\/2024\/10\/okladka-001_III-trzy-wiedzmy-214x300.jpg\" alt=\"\" width=\"214\" height=\"300\" srcset=\"https:\/\/joannacholuj.pl\/wp-content\/uploads\/2024\/10\/okladka-001_III-trzy-wiedzmy-214x300.jpg 214w, https:\/\/joannacholuj.pl\/wp-content\/uploads\/2024\/10\/okladka-001_III-trzy-wiedzmy.jpg 595w\" sizes=\"(max-width: 214px) 100vw, 214px\" \/><\/strong><\/span><\/span><\/p>\n\n<h3><\/h3>\n<h3 style=\"text-align: center;\"><span style=\"color: #800000;\"><span style=\"font-size: large;\"><a href=\"http:\/\/joannacholuj.pl\/en\/duch-dzial-iii\/\">FILOZOFIA &#8211; DZIA\u0141 III &#8211; obejrzyj wszystkie ksi\u0105\u017cki<\/a><\/span><\/span><\/h3>\n<img loading=\"lazy\" decoding=\"async\" class=\"wp-image-13152 size-medium aligncenter\" src=\"http:\/\/joannacholuj.pl\/wp-content\/uploads\/2024\/10\/okladka-001_IV-sztuka-samouzdrawiania-2-214x300.jpg\" alt=\"\" width=\"214\" height=\"300\" srcset=\"https:\/\/joannacholuj.pl\/wp-content\/uploads\/2024\/10\/okladka-001_IV-sztuka-samouzdrawiania-2-214x300.jpg 214w, https:\/\/joannacholuj.pl\/wp-content\/uploads\/2024\/10\/okladka-001_IV-sztuka-samouzdrawiania-2.jpg 595w\" sizes=\"(max-width: 214px) 100vw, 214px\" \/>\n<h3><\/h3>\n<h3 style=\"text-align: center;\"><a href=\"http:\/\/joannacholuj.pl\/en\/uzdrawianie-dzial-iv\/\"><span style=\"color: #800000;\"><span style=\"font-size: large;\"><strong>ZDROWIE &#8211; DZIA\u0141 IV &#8211; obejrzyj wszystkie ksi\u0105\u017cki<\/strong><\/span><\/span><\/a><\/h3>\n<img loading=\"lazy\" decoding=\"async\" class=\"wp-image-13132 size-medium aligncenter\" src=\"http:\/\/joannacholuj.pl\/wp-content\/uploads\/2024\/10\/okladka-001_VI-WYCHOWANIE-slow-wych-214x300.jpg\" alt=\"\" width=\"214\" height=\"300\" srcset=\"https:\/\/joannacholuj.pl\/wp-content\/uploads\/2024\/10\/okladka-001_VI-WYCHOWANIE-slow-wych-214x300.jpg 214w, https:\/\/joannacholuj.pl\/wp-content\/uploads\/2024\/10\/okladka-001_VI-WYCHOWANIE-slow-wych.jpg 595w\" sizes=\"(max-width: 214px) 100vw, 214px\" \/>\n<h3><\/h3>\n<h3 style=\"text-align: center;\"><a href=\"http:\/\/joannacholuj.pl\/en\/dziecko-dzial-v\/\"><span style=\"color: #800000;\"><span style=\"font-size: large;\"><strong>PEDAGOGIKA &#8211;\u00a0 DZIA\u0141 V &#8211; obejrzyj wszystkie ksi\u0105\u017cki<\/strong><\/span><\/span><\/a><\/h3>\n<img loading=\"lazy\" decoding=\"async\" class=\"wp-image-13134 size-medium aligncenter\" src=\"http:\/\/joannacholuj.pl\/wp-content\/uploads\/2024\/10\/okladka-001_VI-EDUKACJA-DOM-PODROZE-214x300.jpg\" alt=\"\" width=\"214\" height=\"300\" srcset=\"https:\/\/joannacholuj.pl\/wp-content\/uploads\/2024\/10\/okladka-001_VI-EDUKACJA-DOM-PODROZE-214x300.jpg 214w, https:\/\/joannacholuj.pl\/wp-content\/uploads\/2024\/10\/okladka-001_VI-EDUKACJA-DOM-PODROZE.jpg 595w\" sizes=\"(max-width: 214px) 100vw, 214px\" \/>\n<p align=\"left\"><!-- \/wp:paragraph --><\/p>\n<p align=\"left\"><!-- \/wp:paragraph --><\/p>\n<p align=\"left\"><!-- \/wp:paragraph --><\/p>\n\n<h3 align=\"left\"><\/h3>\n<h3 style=\"text-align: center;\" align=\"left\"><a href=\"http:\/\/joannacholuj.pl\/en\/nauka-dzial-vi\/\"><span style=\"color: #800000;\"><span style=\"font-size: large;\"><strong>EDUKACJA &#8211; DZIA\u0141 VI &#8211; obejrzyj wszystkie ksi\u0105\u017cki<\/strong><\/span><\/span><\/a><\/h3>\n<img loading=\"lazy\" decoding=\"async\" class=\"aligncenter wp-image-13115 size-medium\" src=\"http:\/\/joannacholuj.pl\/wp-content\/uploads\/2024\/10\/okladka-001_VII-jing-jang-214x300.jpg\" alt=\"\" width=\"214\" height=\"300\" srcset=\"https:\/\/joannacholuj.pl\/wp-content\/uploads\/2024\/10\/okladka-001_VII-jing-jang-214x300.jpg 214w, https:\/\/joannacholuj.pl\/wp-content\/uploads\/2024\/10\/okladka-001_VII-jing-jang.jpg 595w\" sizes=\"(max-width: 214px) 100vw, 214px\" \/>\n<h3 align=\"left\"><\/h3>\n<h3 style=\"text-align: center;\" align=\"left\"><a href=\"http:\/\/joannacholuj.pl\/en\/kreacja-dzial-vii\/\"><span style=\"color: #800000;\"><span style=\"font-size: large;\"><strong>SZTUKA &#8211;\u00a0 DZIA\u0141 VII &#8211; obejrzyj wszystkie ksi\u0105\u017cki<\/strong><\/span><\/span><\/a><\/h3>\n<p align=\"left\"><img loading=\"lazy\" decoding=\"async\" class=\"wp-image-13137 size-medium aligncenter\" src=\"http:\/\/joannacholuj.pl\/wp-content\/uploads\/2024\/10\/okladka-001_VIII-wiedza-o-sobie-autobio-copy-214x300.jpg\" alt=\"\" width=\"214\" height=\"300\" srcset=\"https:\/\/joannacholuj.pl\/wp-content\/uploads\/2024\/10\/okladka-001_VIII-wiedza-o-sobie-autobio-copy-214x300.jpg 214w, https:\/\/joannacholuj.pl\/wp-content\/uploads\/2024\/10\/okladka-001_VIII-wiedza-o-sobie-autobio-copy-729x1024.jpg 729w, https:\/\/joannacholuj.pl\/wp-content\/uploads\/2024\/10\/okladka-001_VIII-wiedza-o-sobie-autobio-copy-768x1079.jpg 768w, https:\/\/joannacholuj.pl\/wp-content\/uploads\/2024\/10\/okladka-001_VIII-wiedza-o-sobie-autobio-copy-1093x1536.jpg 1093w, https:\/\/joannacholuj.pl\/wp-content\/uploads\/2024\/10\/okladka-001_VIII-wiedza-o-sobie-autobio-copy-1458x2048.jpg 1458w, https:\/\/joannacholuj.pl\/wp-content\/uploads\/2024\/10\/okladka-001_VIII-wiedza-o-sobie-autobio-copy-scaled.jpg 1822w\" sizes=\"(max-width: 214px) 100vw, 214px\" \/><\/p>\n\n<h3 align=\"left\"><\/h3>\n<h3 style=\"text-align: center;\" align=\"left\"><a href=\"http:\/\/joannacholuj.pl\/en\/wiedza-dzial-viii\/\"><span style=\"color: #800000;\"><span style=\"font-size: large;\"><strong>WIEDZA &#8211; DZIA\u0141 VIII &#8211; obejrzyj wszystkie ksi\u0105\u017cki<\/strong><\/span><\/span><\/a><\/h3>\n<img loading=\"lazy\" decoding=\"async\" class=\"wp-image-13150 size-medium aligncenter\" src=\"http:\/\/joannacholuj.pl\/wp-content\/uploads\/2024\/10\/okladka-001_IX-kolo-krzyz-swas-214x300.jpg\" alt=\"\" width=\"214\" height=\"300\" srcset=\"https:\/\/joannacholuj.pl\/wp-content\/uploads\/2024\/10\/okladka-001_IX-kolo-krzyz-swas-214x300.jpg 214w, https:\/\/joannacholuj.pl\/wp-content\/uploads\/2024\/10\/okladka-001_IX-kolo-krzyz-swas-729x1024.jpg 729w, https:\/\/joannacholuj.pl\/wp-content\/uploads\/2024\/10\/okladka-001_IX-kolo-krzyz-swas-768x1079.jpg 768w, https:\/\/joannacholuj.pl\/wp-content\/uploads\/2024\/10\/okladka-001_IX-kolo-krzyz-swas-1093x1536.jpg 1093w, https:\/\/joannacholuj.pl\/wp-content\/uploads\/2024\/10\/okladka-001_IX-kolo-krzyz-swas-1458x2048.jpg 1458w, https:\/\/joannacholuj.pl\/wp-content\/uploads\/2024\/10\/okladka-001_IX-kolo-krzyz-swas-scaled.jpg 1822w\" sizes=\"(max-width: 214px) 100vw, 214px\" \/>\n<p align=\"left\"><!-- wp:paragraph --><\/p>\n<p align=\"left\"><!-- \/wp:paragraph --> <!-- wp:image {\"id\":372,\"align\":\"left\",\"width\":181,\"height\":183} --><\/p>\n\n<h3><\/h3>\n<h3 class=\"wp-block-image\" style=\"text-align: center;\"><a href=\"https:\/\/joannacholuj.pl\/en\/symbole-dzial-ix\/\"><span style=\"color: #800000;\"><span style=\"font-size: large;\"><strong>SYMBOLE &#8211; DZIA\u0141 IX &#8211; obejrzyj wszystkie ksi\u0105\u017cki<\/strong><\/span><\/span><\/a><\/h3>\n<p align=\"left\"><img loading=\"lazy\" decoding=\"async\" class=\"wp-image-13138 size-medium aligncenter\" src=\"http:\/\/joannacholuj.pl\/wp-content\/uploads\/2024\/10\/okladka-001_X-JEZYK-I-MAGIA-GRAM-STAR-1-copy-214x300.jpg\" alt=\"\" width=\"214\" height=\"300\" srcset=\"https:\/\/joannacholuj.pl\/wp-content\/uploads\/2024\/10\/okladka-001_X-JEZYK-I-MAGIA-GRAM-STAR-1-copy-214x300.jpg 214w, https:\/\/joannacholuj.pl\/wp-content\/uploads\/2024\/10\/okladka-001_X-JEZYK-I-MAGIA-GRAM-STAR-1-copy-729x1024.jpg 729w, https:\/\/joannacholuj.pl\/wp-content\/uploads\/2024\/10\/okladka-001_X-JEZYK-I-MAGIA-GRAM-STAR-1-copy-768x1079.jpg 768w, https:\/\/joannacholuj.pl\/wp-content\/uploads\/2024\/10\/okladka-001_X-JEZYK-I-MAGIA-GRAM-STAR-1-copy-1093x1536.jpg 1093w, https:\/\/joannacholuj.pl\/wp-content\/uploads\/2024\/10\/okladka-001_X-JEZYK-I-MAGIA-GRAM-STAR-1-copy-1458x2048.jpg 1458w, https:\/\/joannacholuj.pl\/wp-content\/uploads\/2024\/10\/okladka-001_X-JEZYK-I-MAGIA-GRAM-STAR-1-copy-scaled.jpg 1822w\" sizes=\"(max-width: 214px) 100vw, 214px\" \/><\/p>\n<p style=\"text-align: center;\" align=\"left\"><a href=\"https:\/\/joannacholuj.pl\/en\/magia-dzial-x\/\"><span style=\"color: #800000;\"><span style=\"font-size: large;\"><strong>LINGWISTYKA &#8211; DZIA\u0141 X &#8211; obejrzyj wszystkie ksi\u0105\u017cki<\/strong><\/span><\/span><\/a><\/p>\n<p align=\"left\"><img loading=\"lazy\" decoding=\"async\" class=\"wp-image-13149 size-medium aligncenter\" src=\"http:\/\/joannacholuj.pl\/wp-content\/uploads\/2024\/10\/okladka-001_XI-ryty-i-nautalny-cykl-zycia-214x300.jpg\" alt=\"\" width=\"214\" height=\"300\" srcset=\"https:\/\/joannacholuj.pl\/wp-content\/uploads\/2024\/10\/okladka-001_XI-ryty-i-nautalny-cykl-zycia-214x300.jpg 214w, https:\/\/joannacholuj.pl\/wp-content\/uploads\/2024\/10\/okladka-001_XI-ryty-i-nautalny-cykl-zycia-729x1024.jpg 729w, https:\/\/joannacholuj.pl\/wp-content\/uploads\/2024\/10\/okladka-001_XI-ryty-i-nautalny-cykl-zycia-768x1079.jpg 768w, https:\/\/joannacholuj.pl\/wp-content\/uploads\/2024\/10\/okladka-001_XI-ryty-i-nautalny-cykl-zycia-1093x1536.jpg 1093w, https:\/\/joannacholuj.pl\/wp-content\/uploads\/2024\/10\/okladka-001_XI-ryty-i-nautalny-cykl-zycia-1458x2048.jpg 1458w, https:\/\/joannacholuj.pl\/wp-content\/uploads\/2024\/10\/okladka-001_XI-ryty-i-nautalny-cykl-zycia-scaled.jpg 1822w\" sizes=\"(max-width: 214px) 100vw, 214px\" \/><\/p>\n<p style=\"text-align: center;\" align=\"left\"><a href=\"https:\/\/joannacholuj.pl\/en\/przyroda-dzial-xi\/\"><span style=\"color: #800000;\"><span style=\"font-size: large;\"><strong>PRZYRODA &#8211;\u00a0 DZIA\u0141 XI &#8211; obejrzyj wszystkie ksi\u0105\u017cki<\/strong><\/span><\/span><\/a><\/p>\n<p align=\"left\"><!-- wp:paragraph --><\/p>\n<p align=\"left\"><!-- \/wp:paragraph --> <!-- wp:image {\"id\":386,\"align\":\"left\",\"width\":190,\"height\":190} --><\/p>\n\n<div><\/div>\n<div><img loading=\"lazy\" decoding=\"async\" class=\"wp-image-13145 size-medium aligncenter\" src=\"http:\/\/joannacholuj.pl\/wp-content\/uploads\/2024\/10\/okladka-001_XII-RODZINA-ARCHETYP-copy-214x300.jpg\" alt=\"\" width=\"214\" height=\"300\" srcset=\"https:\/\/joannacholuj.pl\/wp-content\/uploads\/2024\/10\/okladka-001_XII-RODZINA-ARCHETYP-copy-214x300.jpg 214w, https:\/\/joannacholuj.pl\/wp-content\/uploads\/2024\/10\/okladka-001_XII-RODZINA-ARCHETYP-copy-729x1024.jpg 729w, https:\/\/joannacholuj.pl\/wp-content\/uploads\/2024\/10\/okladka-001_XII-RODZINA-ARCHETYP-copy-768x1079.jpg 768w, https:\/\/joannacholuj.pl\/wp-content\/uploads\/2024\/10\/okladka-001_XII-RODZINA-ARCHETYP-copy-1093x1536.jpg 1093w, https:\/\/joannacholuj.pl\/wp-content\/uploads\/2024\/10\/okladka-001_XII-RODZINA-ARCHETYP-copy-1458x2048.jpg 1458w, https:\/\/joannacholuj.pl\/wp-content\/uploads\/2024\/10\/okladka-001_XII-RODZINA-ARCHETYP-copy-scaled.jpg 1822w\" sizes=\"(max-width: 214px) 100vw, 214px\" \/><\/div>\n<p style=\"text-align: center;\" align=\"left\"><a href=\"https:\/\/joannacholuj.pl\/en\/rodzina-dzial-xii\/\"><span style=\"color: #800000;\"><span style=\"font-size: large;\"><strong>PSYCHOLOGIA\u00a0 &#8211; DZIA\u0141 XII &#8211; obejrzyj wszystkie ksi\u0105\u017cki\u00a0<\/strong><\/span><\/span><\/a><\/p>\n\n\n<hr \/>\n\n<h4 dir=\"auto\" style=\"text-align: center;\"><\/h4>\n<p dir=\"ltr\" data-placeholder=\"T\u0142umaczenie\"><\/p>","protected":false},"excerpt":{"rendered":"<p>DZIA\u0141Y SERII HISTORIE \u015bwiat\u00f3w &#8211;\u00a0 DZIA\u0141 I &#8211; obejrzyj wszystkie ksi\u0105\u017cki BIOGRAFIE istot &#8211; DZIA\u0141 II &#8211; obejrzyj wszystkie ksi\u0105\u017cki [&hellip;]<\/p>","protected":false},"author":2,"featured_media":11827,"parent":0,"menu_order":0,"comment_status":"closed","ping_status":"closed","template":"","meta":{"_bbp_topic_count":0,"_bbp_reply_count":0,"_bbp_total_topic_count":0,"_bbp_total_reply_count":0,"_bbp_voice_count":0,"_bbp_anonymous_reply_count":0,"_bbp_topic_count_hidden":0,"_bbp_reply_count_hidden":0,"_bbp_forum_subforum_count":0,"_uag_custom_page_level_css":"","footnotes":""},"class_list":["post-709","page","type-page","status-publish","has-post-thumbnail","hentry"],"spectra_custom_meta":{"_edit_lock":["1773700129:2"],"_edit_last":["2"],"_wp_page_template":["default"],"_oembed_f8f9fd7fb9ac5d06e1e81ed9f318dab9":["{{unknown}}"],"_thumbnail_id":["11827"],"_uag_page_assets":["a:9:{s:3:\"css\";s:263:\".uag-blocks-common-selector{z-index:var(--z-index-desktop) !important}@media (max-width: 976px){.uag-blocks-common-selector{z-index:var(--z-index-tablet) !important}}@media (max-width: 767px){.uag-blocks-common-selector{z-index:var(--z-index-mobile) !important}}\n\";s:2:\"js\";s:0:\"\";s:18:\"current_block_list\";a:0:{}s:8:\"uag_flag\";b:0;s:11:\"uag_version\";s:10:\"1775454065\";s:6:\"gfonts\";a:0:{}s:10:\"gfonts_url\";s:0:\"\";s:12:\"gfonts_files\";a:0:{}s:14:\"uag_faq_layout\";b:0;}"],"_uag_css_file_name":["uag-css-709.css"]},"uagb_featured_image_src":{"full":["https:\/\/joannacholuj.pl\/wp-content\/uploads\/2024\/07\/FB_IMG_16536056589972313.jpg",1318,610,false],"thumbnail":["https:\/\/joannacholuj.pl\/wp-content\/uploads\/2024\/07\/FB_IMG_16536056589972313-150x150.jpg",150,150,true],"medium":["https:\/\/joannacholuj.pl\/wp-content\/uploads\/2024\/07\/FB_IMG_16536056589972313-300x139.jpg",300,139,true],"medium_large":["https:\/\/joannacholuj.pl\/wp-content\/uploads\/2024\/07\/FB_IMG_16536056589972313-768x355.jpg",640,296,true],"large":["https:\/\/joannacholuj.pl\/wp-content\/uploads\/2024\/07\/FB_IMG_16536056589972313-1024x474.jpg",640,296,true],"1536x1536":["https:\/\/joannacholuj.pl\/wp-content\/uploads\/2024\/07\/FB_IMG_16536056589972313.jpg",1318,610,false],"2048x2048":["https:\/\/joannacholuj.pl\/wp-content\/uploads\/2024\/07\/FB_IMG_16536056589972313.jpg",1318,610,false],"trp-custom-language-flag":["https:\/\/joannacholuj.pl\/wp-content\/uploads\/2024\/07\/FB_IMG_16536056589972313.jpg",18,8,false],"illdy-blog-list":["https:\/\/joannacholuj.pl\/wp-content\/uploads\/2024\/07\/FB_IMG_16536056589972313-750x500.jpg",750,500,true],"illdy-widget-recent-posts":["https:\/\/joannacholuj.pl\/wp-content\/uploads\/2024\/07\/FB_IMG_16536056589972313-70x70.jpg",70,70,true],"illdy-blog-post-related-articles":["https:\/\/joannacholuj.pl\/wp-content\/uploads\/2024\/07\/FB_IMG_16536056589972313-240x206.jpg",240,206,true],"illdy-front-page-latest-news":["https:\/\/joannacholuj.pl\/wp-content\/uploads\/2024\/07\/FB_IMG_16536056589972313-250x213.jpg",250,213,true],"illdy-front-page-testimonials":["https:\/\/joannacholuj.pl\/wp-content\/uploads\/2024\/07\/FB_IMG_16536056589972313-127x127.jpg",127,127,true],"illdy-front-page-projects":["https:\/\/joannacholuj.pl\/wp-content\/uploads\/2024\/07\/FB_IMG_16536056589972313-476x476.jpg",476,476,true],"illdy-front-page-person":["https:\/\/joannacholuj.pl\/wp-content\/uploads\/2024\/07\/FB_IMG_16536056589972313-125x125.jpg",125,125,true]},"uagb_author_info":{"display_name":"Joanna Choluj","author_link":"https:\/\/joannacholuj.pl\/en\/blog\/author\/joannacholuj\/"},"uagb_comment_info":0,"uagb_excerpt":"DZIA\u0141Y SERII HISTORIE \u015bwiat\u00f3w &#8211;\u00a0 DZIA\u0141 I &#8211; obejrzyj wszystkie ksi\u0105\u017cki BIOGRAFIE istot &#8211; DZIA\u0141 II &#8211; obejrzyj wszystkie ksi\u0105\u017cki [&hellip;]","_links":{"self":[{"href":"https:\/\/joannacholuj.pl\/en\/wp-json\/wp\/v2\/pages\/709"}],"collection":[{"href":"https:\/\/joannacholuj.pl\/en\/wp-json\/wp\/v2\/pages"}],"about":[{"href":"https:\/\/joannacholuj.pl\/en\/wp-json\/wp\/v2\/types\/page"}],"author":[{"embeddable":true,"href":"https:\/\/joannacholuj.pl\/en\/wp-json\/wp\/v2\/users\/2"}],"replies":[{"embeddable":true,"href":"https:\/\/joannacholuj.pl\/en\/wp-json\/wp\/v2\/comments?post=709"}],"version-history":[{"count":310,"href":"https:\/\/joannacholuj.pl\/en\/wp-json\/wp\/v2\/pages\/709\/revisions"}],"predecessor-version":[{"id":14540,"href":"https:\/\/joannacholuj.pl\/en\/wp-json\/wp\/v2\/pages\/709\/revisions\/14540"}],"wp:featuredmedia":[{"embeddable":true,"href":"https:\/\/joannacholuj.pl\/en\/wp-json\/wp\/v2\/media\/11827"}],"wp:attachment":[{"href":"https:\/\/joannacholuj.pl\/en\/wp-json\/wp\/v2\/media?parent=709"}],"curies":[{"name":"wp","href":"https:\/\/api.w.org\/{rel}","templated":true}]}}