{"id":5001,"date":"2020-08-25T00:29:10","date_gmt":"2020-08-24T22:29:10","guid":{"rendered":"http:\/\/joannacholuj.pl\/?page_id=5001"},"modified":"2023-11-15T14:47:03","modified_gmt":"2023-11-15T13:47:03","slug":"podrozuje","status":"publish","type":"page","link":"https:\/\/joannacholuj.pl\/en\/podrozuje\/","title":{"rendered":"Podr\u00f3\u017cuj\u0119"},"content":{"rendered":"<h3 style=\"text-align: center;\">Pictures<\/h3>\n<p>&nbsp;<\/p>\n<p>&nbsp;<\/p>\n<p><a href=\"https:\/\/photos.app.goo.gl\/WCvVy1Dbn8fYb6cy9\">PERU 2022<\/a><\/p>\n<p>PERU 2023<\/p>\n<p><a href=\"https:\/\/photos.app.goo.gl\/3YiuDRGYXLQLkMHA9\">MARTYNIKA 2020 &#8211; KARAIBY<\/a><\/p>\n<p><a href=\"https:\/\/photos.app.goo.gl\/jC52FeW9DVQaENZS7\">PAKISTAN<\/a><\/p>\n<p><a href=\"https:\/\/photos.app.goo.gl\/xgx9EV258PJwnbtf9\">POLSKA<\/a><\/p>\n<p><a href=\"https:\/\/photos.app.goo.gl\/7AiPFS1AzW1masVw9\">UKRAINA<\/a><\/p>\n<p><a href=\"https:\/\/photos.app.goo.gl\/6tNPapYRNLPjvM526\">UKRAINA 2<\/a><\/p>\n<p><a href=\"https:\/\/photos.app.goo.gl\/wr3yppKjmdknv9kN7\">BERLIN GERMANY<\/a><\/p>\n<p><a href=\"https:\/\/photos.app.goo.gl\/bkQR2MSnKuZcSQ2CA\">HOLLAND<\/a><\/p>\n<p><a href=\"https:\/\/photos.app.goo.gl\/TW82ARDEFh4E3KQ19\">FRANCE<\/a><\/p>\n<p><a href=\"https:\/\/photos.app.goo.gl\/4g4vm1h1wjH28LVW8\">Nimes au pair<\/a><\/p>\n<p><a href=\"https:\/\/photos.app.goo.gl\/7xF1zJa9JbZu5imM8\">USA<\/a><\/p>\n<p><a href=\"https:\/\/photos.app.goo.gl\/WcrEwDgxd4Cc9dRRA\">WARSAW POLAND<\/a><\/p>\n<p><a href=\"https:\/\/photos.app.goo.gl\/KWcjGieogdqrXWFP6\">ENGLAND<\/a><\/p>\n<p><a href=\"https:\/\/photos.app.goo.gl\/v3TiJwxgQsmwY1Zb9\">TURKEY<\/a><\/p>\n<p><a href=\"https:\/\/photos.app.goo.gl\/6tsChgDXoQcuyd1G9\">\u015aWIDER MY HOME TOWN<\/a><\/p>\n<p><a href=\"https:\/\/photos.app.goo.gl\/gRiKZnvbDP7hBXQ99\">\u015awider<\/a><\/p>\n<p><a href=\"https:\/\/photos.app.goo.gl\/r9F1ck2mvPobYy9w6\">\u017belazowa Wola Chopin Museum <\/a><\/p>\n<p><a href=\"https:\/\/photos.app.goo.gl\/qKpooyhoCtkVwjfh9\">BIELSKO-BIA\u0141A POLAND<\/a><\/p>\n<p><a href=\"https:\/\/photos.app.goo.gl\/2zSBjg4UfbW1KzLp7\">SWITZERLAND SZWAJCARIA SUISSE<\/a><\/p>\n<p><a href=\"https:\/\/photos.app.goo.gl\/4a5E8kHQ6sACwa7v5\">SOME POLISH MOUNTAINS G\u00d3RA \u017bAR<\/a><\/p>\n<p><a href=\"https:\/\/photos.app.goo.gl\/EJdKUqR2tm7HxKiF8\">LIPOWIEC PSZCZYNA POLAND<\/a><\/p>\n<p><a href=\"https:\/\/photos.app.goo.gl\/Wj2pbiPQoH6wtU4f7\">O\u015aWI\u0118CIM POLAND<\/a><\/p>\n<p><a href=\"https:\/\/photos.app.goo.gl\/FEYBfW4mm7GffXTu7\">MALBORK POLAND<\/a><\/p>\n<p><a href=\"https:\/\/photos.app.goo.gl\/Kqd3eta7S5LSrXDD6\">TATRY POLAND<\/a><\/p>\n<p><a href=\"https:\/\/photos.app.goo.gl\/mMEso4qTdLWKsZDk8\">BIA\u0141OWIE\u017bA PODLASIE<\/a><\/p>\n<p><a href=\"https:\/\/photos.app.goo.gl\/nUqk9jysnyZZHwjq7\">BIA\u0141ORU\u015a &#8211; MIR , \u015aWITE\u017b, NOWOGR\u00d3DEK<\/a><\/p>\n<p><a href=\"https:\/\/photos.app.goo.gl\/kDLtb1o917pZ9XRk7\">MI\u0143SK BIA\u0141ORU\u015a<\/a><\/p>\n<p><a href=\"https:\/\/photos.app.goo.gl\/s33R1LbrFekdw44P6\">PI\u0143SK BIA\u0141ORU\u015a<\/a><\/p>\n<p><a href=\"https:\/\/photos.app.goo.gl\/5CRCANBetwpcCFjBA\">GRODNO BIA\u0141ORU\u015a<\/a><\/p>\n<p><a href=\"https:\/\/photos.app.goo.gl\/PmbQ57BFx43hTSZD8\">GDA\u0143SK POLAND<\/a><\/p>\n<p><a href=\"https:\/\/photos.app.goo.gl\/N9e6ukEFx6rfBFiRA\">PODLASIE POLAND<\/a><\/p>\n<p><a href=\"https:\/\/photos.app.goo.gl\/isoRffgNTpoKcGqJ8\">KARPACZ POLISH MOUNTAINS<\/a><\/p>\n<p><a href=\"https:\/\/photos.app.goo.gl\/9AuoH9W17ShZDQFk9\">PIENINY POLISH MOUNTAINS<\/a><\/p>\n<p><a href=\"https:\/\/photos.app.goo.gl\/7XsNG2xev5RbtMUT8\">POLSKA GDA\u0143SK I INNE<\/a><\/p>\n<p><a href=\"https:\/\/photos.app.goo.gl\/4QATcC1efqU1wU476\">WARSZAWA UNIWERSYTET ETC<\/a><\/p>\n<p><a href=\"https:\/\/photos.app.goo.gl\/zkrRjYbbEw3aJCDk9\">BIESZCZADY BESKIDY POLSKA<\/a><\/p>\n<p><a href=\"https:\/\/photos.app.goo.gl\/dgwcwz6B32SM1wwy9\">MAZURY JEZIORA LAKES<\/a><\/p>\n<p><a href=\"https:\/\/photos.app.goo.gl\/Yfu1gk2eDVQ3bJdW6\">Mazury Jeziora Pi\u0142awki<\/a><\/p>\n<p>&nbsp;<\/p>\n<p>&nbsp;<\/p>","protected":false},"excerpt":{"rendered":"<p>Pictures &nbsp; &nbsp; PERU 2022 PERU 2023 MARTYNIKA 2020 &#8211; KARAIBY PAKISTAN POLSKA UKRAINA UKRAINA 2 BERLIN GERMANY HOLLAND FRANCE [&hellip;]<\/p>","protected":false},"author":2,"featured_media":0,"parent":0,"menu_order":0,"comment_status":"closed","ping_status":"closed","template":"","meta":{"_bbp_topic_count":0,"_bbp_reply_count":0,"_bbp_total_topic_count":0,"_bbp_total_reply_count":0,"_bbp_voice_count":0,"_bbp_anonymous_reply_count":0,"_bbp_topic_count_hidden":0,"_bbp_reply_count_hidden":0,"_bbp_forum_subforum_count":0,"_uag_custom_page_level_css":"","footnotes":""},"class_list":["post-5001","page","type-page","status-publish","hentry"],"spectra_custom_meta":{"_edit_lock":["1700055889:2"],"_edit_last":["2"],"_wp_page_template":["default"],"_uag_page_assets":["a:9:{s:3:\"css\";s:0:\"\";s:2:\"js\";s:0:\"\";s:18:\"current_block_list\";a:0:{}s:8:\"uag_flag\";b:0;s:11:\"uag_version\";s:10:\"1775454065\";s:6:\"gfonts\";a:0:{}s:10:\"gfonts_url\";s:0:\"\";s:12:\"gfonts_files\";a:0:{}s:14:\"uag_faq_layout\";b:0;}"]},"uagb_featured_image_src":{"full":false,"thumbnail":false,"medium":false,"medium_large":false,"large":false,"1536x1536":false,"2048x2048":false,"trp-custom-language-flag":false,"illdy-blog-list":false,"illdy-widget-recent-posts":false,"illdy-blog-post-related-articles":false,"illdy-front-page-latest-news":false,"illdy-front-page-testimonials":false,"illdy-front-page-projects":false,"illdy-front-page-person":false},"uagb_author_info":{"display_name":"Joanna Choluj","author_link":"https:\/\/joannacholuj.pl\/en\/blog\/author\/joannacholuj\/"},"uagb_comment_info":0,"uagb_excerpt":"Pictures &nbsp; &nbsp; PERU 2022 PERU 2023 MARTYNIKA 2020 &#8211; KARAIBY PAKISTAN POLSKA UKRAINA UKRAINA 2 BERLIN GERMANY HOLLAND FRANCE [&hellip;]","_links":{"self":[{"href":"https:\/\/joannacholuj.pl\/en\/wp-json\/wp\/v2\/pages\/5001"}],"collection":[{"href":"https:\/\/joannacholuj.pl\/en\/wp-json\/wp\/v2\/pages"}],"about":[{"href":"https:\/\/joannacholuj.pl\/en\/wp-json\/wp\/v2\/types\/page"}],"author":[{"embeddable":true,"href":"https:\/\/joannacholuj.pl\/en\/wp-json\/wp\/v2\/users\/2"}],"replies":[{"embeddable":true,"href":"https:\/\/joannacholuj.pl\/en\/wp-json\/wp\/v2\/comments?post=5001"}],"version-history":[{"count":35,"href":"https:\/\/joannacholuj.pl\/en\/wp-json\/wp\/v2\/pages\/5001\/revisions"}],"predecessor-version":[{"id":9843,"href":"https:\/\/joannacholuj.pl\/en\/wp-json\/wp\/v2\/pages\/5001\/revisions\/9843"}],"wp:attachment":[{"href":"https:\/\/joannacholuj.pl\/en\/wp-json\/wp\/v2\/media?parent=5001"}],"curies":[{"name":"wp","href":"https:\/\/api.w.org\/{rel}","templated":true}]}}