{"id":4991,"date":"2020-08-24T21:18:52","date_gmt":"2020-08-24T19:18:52","guid":{"rendered":"http:\/\/joannacholuj.pl\/?page_id=4991"},"modified":"2020-08-24T21:18:52","modified_gmt":"2020-08-24T19:18:52","slug":"zakret-esej","status":"publish","type":"page","link":"https:\/\/joannacholuj.pl\/en\/zakret-esej\/","title":{"rendered":"Zakr\u0119t &#8211; esej"},"content":{"rendered":"<p align=\"center\">zakr\u0119cona rzeczywisto\u015b\u0107<\/p>\n<p align=\"justify\">Zakr\u0119t. No tak. Mo\u017cna powiedzie\u0107, \u017ce to tw\u00f3j kolejny \u017cyciowy zakr\u0119t. Kilkusetny zapewne. Nie bardziej ostry ni\u017c inne. S\u0142owo na dzisiejsze spotkanie literackie (zakr\u0119t) wydaje ci si\u0119 jednak tak \u015bci\u015ble zsynchronizowane z twoim \u017cyciem, \u017ce a\u017c podejrzewasz \u017cycie o bezczelne plucie ci w twarz. Jeste\u015b kobieta pe\u0142n\u0105 zakr\u0119t\u00f3w. Jeste\u015b dyplomowan\u0105 specjalistk\u0105 od wchodzenia w zakr\u0119ty z zawrotn\u0105 szybko\u015bci\u0105.<\/p>\n<p align=\"justify\">Je\u015bli dobrze pami\u0119tasz te odleg\u0142e czasy, to dosy\u0107 du\u017co linii i tras prostych by\u0142o w dzieci\u0144stwie. Prosto-strzy\u017cone w\u0142osy jakby od s\u0142awetnego przycinane garnka, proste pi\u0119\u0107set metr\u00f3w do szko\u0142y, proste linie prostok\u0105tnego budynku szko\u0142y i prosta by\u0142a linijka, kt\u00f3r\u0105 mo\u017cna by\u0142y w\u00f3wczas jeszcze dosta\u0107 po \u0142apkach. Proste by\u0142y, ciemne i \u015bmierdz\u0105ce potem, skarpetkami i workami oraz brudn\u0105 \u015bcier\u0105, korytarze szkolne. Prosty by\u0142 rozk\u0142ad dnia i proste zabawy na podw\u00f3rku. Dla ciebie proste nawet by\u0142o nawet uczenie rodze\u0144stwa nowo wymy\u015blonych j\u0119zyk\u00f3w. Ale potem, po 7 roku \u017cycia, a mo\u017ce i troche\u00a0wcze\u015bniej do czego nie chcesz si\u0119 przyzna\u0107, pojawi\u0142y si\u0119 same zakr\u0119ty jakby prosta w og\u00f3le nie wchodzi\u0142a ju\u017c w gr\u0119. Po prostu wypad\u0142a z gry. G\u00f3r\u0105 zakr\u0119ty! I og\u00f3lnie wszystko sz\u0142o ca\u0142kowicie siermi\u0119\u017cnie pod g\u00f3r\u0119 i po skosie. Po prostu prostych ju\u017c twoje \u017cycie nie konstruowa\u0142o. Zakr\u0119t\u00f3w by\u0142a za to wi\u0119c nieprzebrana ilos\u0107. Gdy matma nie chcia\u0142ap prosto wchodzi\u0107 do g\u0142owy a figura rzucaj\u0105cego zygzakowate gromy i zakr\u0119ta\u015bne przekle\u0144stwa ojca sta\u0142a nad moj\u0105 g\u0142ow\u0105 co wiecz\u00f3r. Gdy nie by\u0142o wiadomo, kiedy ojciec do domu wr\u00f3ci i w jak bardzo zakr\u0119conym stanie. Gdy chory brat dar\u0142 si\u0119\u00a0wniebog\u0142osy dniami i nocami a jego ryki fika\u0142y kozio\u0142ki pod sufitem, bo wy\u0142 jak syrena zawodz\u0105ca, jednocze\u015bnie monotonnie i chaotycznie, wznosz\u0105co i nawracaj\u0105co. Bez tej odrobiny chaosu a z odrobin\u0105 patosu, niew\u0105tpliwie mo\u017cna by nazwa\u0107 dzie\u0142o to fug\u0105. Cho\u0107by ze wzgl\u0119du na wymiar egzystencjalno-metafizyczny. Gdy nie wiedzia\u0142a\u015b, gdzie si\u0119\u00a0przed tym wszystkim schowa\u0107 i czy na strychu, pod sko\u015bnym sufitem, wolno\u2026 A potem uros\u0142a\u015b odrobin\u0119 by nieustaj\u0105co wkr\u0119ca\u0107 si\u0119 w kolejne toksyczne, pracoholiczno- praco-holistyczne uk\u0142ady po\u015bwi\u0119cania si\u0119 jednostronnego.<\/p>\n<p align=\"justify\">Nie by\u0142o \u017cadnych autostrad do szcz\u0119\u015bcia i rado\u015bci. Ale przeb\u0142yski geniuszu i entuzjazmu zawsze. By\u0142a kreatywnos\u0107, tym wi\u0119ksza zawsze im wi\u0119kszy \u017cyciowy zakr\u0119t i rozpierducha. To akurat racjonalnie naturalne. Dzi\u0119ki tej kreatywno\u015bci wci\u0105\u017c \u017cyjesz i masz mo\u017cliwo\u015b\u0107 wchodzenia w coraz to nowe \u017cyciowe zakr\u0119ty. Bo oczywi\u015bcie bez niej mo\u017cna by\u0142o ju\u017c\u00a0dawno utkn\u0105\u0107 z g\u0142ow\u0105 w jakim\u015b p\u0142ocie czy z m\u00f3zgiem na drzewie, z kamieniem u szyi, z pluskiem na po\u017cegnanie. Ale przejd\u017amy do fakt\u00f3w. Tylko fakty si\u0119 licz\u0105 kochani. Tylko DOKONANIA. Prze\u015bled\u017amy t\u0119 drog\u0119 szalon\u0105. Mo\u017ce nie rozboli was g\u0142owa.<\/p>\n<p align=\"justify\">No to ziu! Ko\u015bci\u00f3\u0142 katolicki i ruch \u015bwiat\u0142o \u017cycie \u2013 zakr\u0119t \u2013 lefebry\u015bci i tomizm \u2013 zakr\u0119t \u2013 protestantyzm i \u015bwiecko\u015b\u0107 \u2013 zakr\u0119t \u2013 islam i ortodoksja \u2013 zakr\u0119t \u2013 areligijno\u015b\u0107 i duchowo\u015b\u0107 .. zakr\u0119t? B\u00f3g jeden wie.<\/p>\n<p align=\"justify\">A na innej \u017cyciowej \u015bcie\u017cce : ch\u0142opak ze ko\u015bcielnej \u0142awki \u2013 zakr\u0119t \u2013 ch\u0142opak ze szko\u0142y &#8211; zakr\u0119t \u2013 ci kt\u00f3rzy bezimienni, acz liczni, le\u017c\u0105 gdzie\u015b w grobie mi\u0142o\u015bci bez mi\u0142o\u015bci \u2013 zakr\u0119t \u2013 pierwszy m\u0105\u017c \u2013 zakr\u0119t \u2013 drugi m\u0105\u017c \u2013 zakr\u0119t \u2013 trzeci? &#8211; niech ci\u0119 pan b\u00f3g broni!<\/p>\n<p align=\"justify\">I jeszcze na innej p\u0142aszczy\u017anie \u017cycia \u2013 praca w bibliotece za grosze \u2013 zakr\u0119t \u2013 korporacyjne \u017cycie \u2013 zakr\u0119t &#8211; zagraniczne woja\u017ce &#8211; zakr\u0119t \u2013 w\u0142asna firma i klepanie biedy w Polsce \u2013 zakr\u0119t \u2013 praca za godne pieni\u0105dze gdzie\u015b w kraju gdzie ciep\u0142o i powolnie si\u0119 zyje? &#8211; Niew\u0105tpliwie.<\/p>\n<p align=\"justify\">Nawet je\u015bli teraz jeszcze nic nie dostrzegasz. Nic przed sob\u0105 nie widzisz, to masz poczucie, \u017ce te zakr\u0119ty uformowa\u0142y ju\u017c ko\u0142o. Full circle, viscious circle. Taki zakl\u0119ty kr\u0105g. Oroborus. \u015awi\u0119ty okr\u0105g. Cykl. Bo czujesz, \u017ce si\u0119\u00a0co\u015b\u00a0dope\u0142nia. Cykl dziewi\u0105tki si\u0119\u00a0domyka. Masz 45 lat w tym 2019 roku. Zamykasz ko\u0142o. Idziesz wko\u0142o. Po ka\u017cdym z tych \u017cyciowych kr\u0119g\u00f3w idziesz niejako wko\u0142o., jak dobry zarz\u0105dca, wsz\u0119dzie sprawdzasz czy k\u0142odka wisi, czy dobrze domkni\u0119te, czy wiatr nie hula. Czy szczelne drzwi, czy Bazyliszek Dusio\u0142ek i Ko\u015bciej Nie\u015bmiertelny solidnie przykuci do muru okowami ci\u0119\u017ckimi jak tysi\u0105c kamieni milowych. Obchodzisz wko\u0142o. Zagl\u0105dasz przez dziurk\u0119 od klucza, ogl\u0105dasz si\u0119 za siebie, upewniasz si\u0119, \u017ce ju\u017c styka. \u017be stykaj\u0105 si\u0119\u00a0dwa kra\u0144ce twoich los\u00f3w. Dosz\u0142a\u015b przecie\u017c do kresu. Wypali\u0142a\u015b si\u0119. Odklejasz si\u0119. Dosz\u0142a\u015b na kraniec swojego \u015bwiata, do s\u0142up\u00f3w Heraklesa. Stoisz na kraw\u0119dzi i jak G\u0142upiec czy B\u0142azen Tarotowy bujasz si\u0119 ostro\u017cnie i nieostro\u017cnie w prz\u00f3d i w ty\u0142. Palce poza kraw\u0119dzi\u0105. Wskazuj\u0105 kierunek. Zw\u0142aszcza kciuk, z braku wskazuj\u0105cego. Pi\u0119ty jeszcze asekuracyjnie trzymaj\u0105 si\u0119 ziemi. Czekasz. Czemu czekasz? Bo okazuje si\u0119, \u017ce styk jest jednak nieca\u0142kowity. Oroborus jeszcze nie po\u0142kna\u0142 ogona, kra\u0144ce si\u0119 jeszcze nie zesz\u0142y. Zosta\u0142o mo\u017ce metr, mo\u017ce dwa, mo\u017ce wi\u0119cej tej czasoprzestrzeni. Musisz sobie wyprodukowa\u0107 mocny zwodzony most. Do dalszej cz\u0119\u015bci \u017cycia. A mo\u017ce raczej ca\u0142kiem w inn\u0105 stron\u0119. Mo\u017ce w inne ko\u0142o trzeba i\u015b\u0107, w inny cykl. W inny zakr\u0119t. A mo\u017ce nareszcie p\u00f3j\u015b\u0107 na wprost. Wyj\u015b\u0107 na prost\u0105.<\/p>\n<p align=\"justify\">Na tym zakr\u0119cie, kt\u00f3ry zamieni\u0142 si\u0119 w ko\u0142o, chcesz zostawi\u0107 ju\u017c na zawsze m\u0119\u017c\u00f3w, kredyty, d\u0142ugi, uwi\u0105zanie do stanowiska pracy, zm\u0119czenie, zobowi\u0105zanie, obowi\u0105zkowe ubezpieczenia, szczepienia, ulepszenia, zalecenia; sta\u017ce, raporty, polecenia; wskaz\u00f3wki, rady od parady, radc\u00f3w, s\u0105dy, urz\u0119dy, pi\u0119\u0107set plusy i minusy. Na tamten \u015bwiat, niekoniecznie bardziej za\u015bwiatowy chcesz zabra\u0107 siebie, dzieci, ulubion\u0105 bibliotek\u0119, gitar\u0119, pianino, kilka rysunk\u00f3w, kilka pami\u0105tek z podr\u00f3\u017cy, kilka pomocy naukowych, talerzy, widelc\u00f3w, ubra\u0144 i \u0142y\u017cek. Masz nadziej\u0119, \u017ce tamten \u015bwiat jest po prostu o krok st\u0105d. Mo\u017ce o trzy kroki. Mo\u017ce za chybotliwym w\u0142asnor\u0119cznie utkanym mostem. Ale jednak tu\u017c tu\u017c. Za pewn\u0105 granic\u0105 jest. Za kilkoma granicami i za kilkoma j\u0119zykami. Za ostatnim polskim zakr\u0119tem.<\/p>","protected":false},"excerpt":{"rendered":"<p>zakr\u0119cona rzeczywisto\u015b\u0107 Zakr\u0119t. No tak. Mo\u017cna powiedzie\u0107, \u017ce to tw\u00f3j kolejny \u017cyciowy zakr\u0119t. Kilkusetny zapewne. Nie bardziej ostry ni\u017c inne. [&hellip;]<\/p>","protected":false},"author":2,"featured_media":0,"parent":0,"menu_order":0,"comment_status":"closed","ping_status":"closed","template":"","meta":{"_bbp_topic_count":0,"_bbp_reply_count":0,"_bbp_total_topic_count":0,"_bbp_total_reply_count":0,"_bbp_voice_count":0,"_bbp_anonymous_reply_count":0,"_bbp_topic_count_hidden":0,"_bbp_reply_count_hidden":0,"_bbp_forum_subforum_count":0,"_uag_custom_page_level_css":"","footnotes":""},"class_list":["post-4991","page","type-page","status-publish","hentry"],"spectra_custom_meta":{"_edit_lock":["1729392135:2"],"_edit_last":["2"],"_wp_page_template":["default"],"_uag_page_assets":["a:9:{s:3:\"css\";s:0:\"\";s:2:\"js\";s:0:\"\";s:18:\"current_block_list\";a:0:{}s:8:\"uag_flag\";b:0;s:11:\"uag_version\";s:10:\"1775454065\";s:6:\"gfonts\";a:0:{}s:10:\"gfonts_url\";s:0:\"\";s:12:\"gfonts_files\";a:0:{}s:14:\"uag_faq_layout\";b:0;}"]},"uagb_featured_image_src":{"full":false,"thumbnail":false,"medium":false,"medium_large":false,"large":false,"1536x1536":false,"2048x2048":false,"trp-custom-language-flag":false,"illdy-blog-list":false,"illdy-widget-recent-posts":false,"illdy-blog-post-related-articles":false,"illdy-front-page-latest-news":false,"illdy-front-page-testimonials":false,"illdy-front-page-projects":false,"illdy-front-page-person":false},"uagb_author_info":{"display_name":"Joanna Choluj","author_link":"https:\/\/joannacholuj.pl\/en\/blog\/author\/joannacholuj\/"},"uagb_comment_info":0,"uagb_excerpt":"zakr\u0119cona rzeczywisto\u015b\u0107 Zakr\u0119t. No tak. Mo\u017cna powiedzie\u0107, \u017ce to tw\u00f3j kolejny \u017cyciowy zakr\u0119t. Kilkusetny zapewne. Nie bardziej ostry ni\u017c inne. [&hellip;]","_links":{"self":[{"href":"https:\/\/joannacholuj.pl\/en\/wp-json\/wp\/v2\/pages\/4991"}],"collection":[{"href":"https:\/\/joannacholuj.pl\/en\/wp-json\/wp\/v2\/pages"}],"about":[{"href":"https:\/\/joannacholuj.pl\/en\/wp-json\/wp\/v2\/types\/page"}],"author":[{"embeddable":true,"href":"https:\/\/joannacholuj.pl\/en\/wp-json\/wp\/v2\/users\/2"}],"replies":[{"embeddable":true,"href":"https:\/\/joannacholuj.pl\/en\/wp-json\/wp\/v2\/comments?post=4991"}],"version-history":[{"count":1,"href":"https:\/\/joannacholuj.pl\/en\/wp-json\/wp\/v2\/pages\/4991\/revisions"}],"predecessor-version":[{"id":4992,"href":"https:\/\/joannacholuj.pl\/en\/wp-json\/wp\/v2\/pages\/4991\/revisions\/4992"}],"wp:attachment":[{"href":"https:\/\/joannacholuj.pl\/en\/wp-json\/wp\/v2\/media?parent=4991"}],"curies":[{"name":"wp","href":"https:\/\/api.w.org\/{rel}","templated":true}]}}