{"id":4734,"date":"2020-08-24T17:23:37","date_gmt":"2020-08-24T15:23:37","guid":{"rendered":"http:\/\/joannacholuj.pl\/?page_id=4734"},"modified":"2021-05-20T09:15:48","modified_gmt":"2021-05-20T07:15:48","slug":"pisze-2","status":"publish","type":"page","link":"https:\/\/joannacholuj.pl\/en\/pisze-2\/","title":{"rendered":"pisz\u0119"},"content":{"rendered":"<p>&nbsp;<\/p>\n<figure id=\"attachment_4136\" aria-describedby=\"caption-attachment-4136\" style=\"width: 150px\" class=\"wp-caption aligncenter\"><img loading=\"lazy\" decoding=\"async\" class=\"size-thumbnail wp-image-4136\" src=\"http:\/\/joannacholuj.pl\/wp-content\/uploads\/2020\/01\/KKb-150x150.jpg\" alt=\"\" width=\"150\" height=\"150\" srcset=\"https:\/\/joannacholuj.pl\/wp-content\/uploads\/2020\/01\/KKb-150x150.jpg 150w, https:\/\/joannacholuj.pl\/wp-content\/uploads\/2020\/01\/KKb-70x70.jpg 70w, https:\/\/joannacholuj.pl\/wp-content\/uploads\/2020\/01\/KKb-127x127.jpg 127w, https:\/\/joannacholuj.pl\/wp-content\/uploads\/2020\/01\/KKb-476x476.jpg 476w, https:\/\/joannacholuj.pl\/wp-content\/uploads\/2020\/01\/KKb-125x125.jpg 125w\" sizes=\"(max-width: 150px) 100vw, 150px\" \/><figcaption id=\"caption-attachment-4136\" class=\"wp-caption-text\">K&amp;K KSI\u0104\u017bKI<\/figcaption><\/figure>\n<h4 style=\"text-align: center;\">SERIA K&amp;K JCLady Alternative Education<br \/>\n<a href=\"https:\/\/joannacholuj.pl\/en\/mojeksiazki\/\">https:\/\/joannacholuj.pl\/mojeksiazki\/<\/a><\/h4>\n<p><img loading=\"lazy\" decoding=\"async\" class=\"size-thumbnail wp-image-3963 aligncenter\" src=\"http:\/\/joannacholuj.pl\/wp-content\/uploads\/2019\/11\/70859704_10158946497290299_3298804289446608896_o-150x150.jpg\" alt=\"\" width=\"150\" height=\"150\" srcset=\"https:\/\/joannacholuj.pl\/wp-content\/uploads\/2019\/11\/70859704_10158946497290299_3298804289446608896_o-150x150.jpg 150w, https:\/\/joannacholuj.pl\/wp-content\/uploads\/2019\/11\/70859704_10158946497290299_3298804289446608896_o-70x70.jpg 70w, https:\/\/joannacholuj.pl\/wp-content\/uploads\/2019\/11\/70859704_10158946497290299_3298804289446608896_o-127x127.jpg 127w, https:\/\/joannacholuj.pl\/wp-content\/uploads\/2019\/11\/70859704_10158946497290299_3298804289446608896_o-476x476.jpg 476w, https:\/\/joannacholuj.pl\/wp-content\/uploads\/2019\/11\/70859704_10158946497290299_3298804289446608896_o-125x125.jpg 125w\" sizes=\"(max-width: 150px) 100vw, 150px\" \/><\/p>\n<h4 style=\"text-align: center;\">PROZA DLA DZIECI<\/h4>\n<p style=\"text-align: center;\"><a href=\"https:\/\/joannacholuj.pl\/en\/chlopcy-i-zlota-futbolowka-opowiadanie-dla-dzieci\/\">Ch\u0142opcy i z\u0142ota futbol\u00f3wka <\/a><\/p>\n<p style=\"text-align: center;\"><a href=\"http:\/\/joannacholuj.pl\/en\/kropla-opowiadanie-zdobylo-jakas-tam-nagrode\/\">Kropla &#8211; opowiadanie &#8211; zdoby\u0142o jak\u0105\u015b tam nagrod\u0119<\/a><\/p>\n<h4 style=\"text-align: center;\"><strong>POEZJA<\/strong><\/h4>\n<p style=\"text-align: center;\"><a href=\"https:\/\/www.youtube.com\/playlist?list=PLmnP-udmFj6dlGGv9yuslqkaNqdrxzhfd\">wiersze recytowane &#8211; playlista yb<\/a><\/p>\n<p style=\"text-align: center;\"><a href=\"https:\/\/www.youtube.com\/playlist?list=PLmnP-udmFj6fGfh2RAQgnSkePh50ytjfc\">moja proza do s\u0142uchania<\/a><\/p>\n<p style=\"text-align: center;\"><a href=\"http:\/\/joannacholuj.pl\/en\/wszystkie\/\">wszystkie<\/a><\/p>\n<p style=\"text-align: center;\"><a href=\"http:\/\/joannacholuj.pl\/en\/wiersze-prawie-wszystkie\/\">wiersze prawie wszystkie<\/a><\/p>\n<p style=\"text-align: center;\"><a href=\"https:\/\/joannacholuj.pl\/en\/wiersze-francuskie\/\">WIERSZE FRANCUSKIE &#8211; POEMES FRANCAIS<\/a><\/p>\n<p style=\"text-align: center;\"><a href=\"http:\/\/joannacholuj.pl\/en\/wiersze-2008\/\">wiersze 2008<\/a><\/p>\n<p style=\"text-align: center;\"><a href=\"http:\/\/joannacholuj.pl\/en\/wiersze-2007\/\">wiersze 2007<\/a><\/p>\n<p style=\"text-align: center;\"><a href=\"http:\/\/joannacholuj.pl\/en\/wiersze-2006\/\">wiersze 2006<\/a><\/p>\n<p style=\"text-align: center;\"><a href=\"http:\/\/joannacholuj.pl\/en\/wiersze-2005\/\">wiersze 2005<\/a><\/p>\n<p style=\"text-align: center;\"><a href=\"http:\/\/joannacholuj.pl\/en\/wiersze-2004\/\">wiersze 2004<\/a><\/p>\n<p style=\"text-align: center;\"><a href=\"http:\/\/joannacholuj.pl\/en\/wiersze-2003\/\">wiersze 2003<\/a><\/p>\n<p style=\"text-align: center;\"><a href=\"http:\/\/joannacholuj.pl\/en\/wiersze-2002\/\">wiersze 2002<\/a><\/p>\n<p style=\"text-align: center;\"><a href=\"http:\/\/joannacholuj.pl\/en\/wiersze-2001\/\">wiersze 2001<\/a><\/p>\n<p style=\"text-align: center;\"><a href=\"http:\/\/joannacholuj.pl\/en\/wiersze-2000\/\">wiersze 2000<\/a><\/p>\n<p style=\"text-align: center;\"><a href=\"http:\/\/joannacholuj.pl\/en\/dwunastu-wiersz\/\">dwunastu\u00a0 &#8211; wiersz z LE\u015bmiana<\/a><\/p>\n<p style=\"text-align: center;\"><a href=\"http:\/\/joannacholuj.pl\/en\/meza-pamieci-zalobny-rapsod-wiersz\/\">M\u0119\u017ca pami\u0119ci &#8211; wiersz<\/a><\/p>\n<p style=\"text-align: center;\"><a href=\"http:\/\/joannacholuj.pl\/en\/pultusk-poemat-mysim-okiem\/\">Pu\u0142tusk &#8211; poemat mysim okiem<\/a><\/p>\n<p style=\"text-align: center;\"><a href=\"http:\/\/joannacholuj.pl\/en\/tlumaczenia-piosenek-i-wierszy\/\">t\u0142umaczenia piosenek i wierszy<\/a><\/p>\n<p style=\"text-align: center;\"><a href=\"http:\/\/joannacholuj.pl\/en\/propozycja-do-tomiku-przezrocza\/\">propozycja do tomiku Prze\u017arocza<\/a><\/p>\n<p style=\"text-align: center;\"><a href=\"https:\/\/joannacholuj.pl\/en\/uwagi-do-moich-wierszy-jaroslaw-klejnocki\/\">Uwagi do moich wiersszy- Jaros\u0142aw Klejnocki<\/a><\/p>\n<p style=\"text-align: center;\"><img loading=\"lazy\" decoding=\"async\" class=\"size-thumbnail wp-image-3956 aligncenter\" src=\"http:\/\/joannacholuj.pl\/wp-content\/uploads\/2019\/11\/71266638_10158922282130299_8786726166686859264_o-150x150.jpg\" alt=\"\" width=\"150\" height=\"150\" srcset=\"https:\/\/joannacholuj.pl\/wp-content\/uploads\/2019\/11\/71266638_10158922282130299_8786726166686859264_o-150x150.jpg 150w, https:\/\/joannacholuj.pl\/wp-content\/uploads\/2019\/11\/71266638_10158922282130299_8786726166686859264_o-70x70.jpg 70w, https:\/\/joannacholuj.pl\/wp-content\/uploads\/2019\/11\/71266638_10158922282130299_8786726166686859264_o-127x127.jpg 127w, https:\/\/joannacholuj.pl\/wp-content\/uploads\/2019\/11\/71266638_10158922282130299_8786726166686859264_o-476x476.jpg 476w, https:\/\/joannacholuj.pl\/wp-content\/uploads\/2019\/11\/71266638_10158922282130299_8786726166686859264_o-125x125.jpg 125w\" sizes=\"(max-width: 150px) 100vw, 150px\" \/><\/p>\n<h4 style=\"text-align: center;\">PROZA LITERACKA<\/h4>\n<p style=\"text-align: center;\"><a href=\"https:\/\/joannacholuj.pl\/en\/zakret-esej\/\">Zakr\u0119t &#8211; esej<\/a><\/p>\n<p style=\"text-align: center;\"><a href=\"http:\/\/joannacholuj.pl\/en\/prawda-esej\/\">Prawda &#8211; esej<\/a><\/p>\n<p style=\"text-align: center;\"><a href=\"https:\/\/joannacholuj.pl\/en\/przepis-na-zycie-we-dwoje-wersja-ktorejs-powiesci\/\">Przepis na \u017cycie we dwoje &#8211; wersja kt\u00f3rej\u015b powie\u015bci<\/a><\/p>\n<p style=\"text-align: center;\"><a href=\"http:\/\/joannacholuj.pl\/en\/moje-drogie-dziecko-powiesc\/\">Moje drogie dziecko = powie\u015b\u0107 <\/a><\/p>\n<p style=\"text-align: center;\"><a href=\"https:\/\/joannacholuj.pl\/en\/nocne-kocie-czatowanie-albo-fedra-powiesc\/\">Fedra<\/a><\/p>\n<p style=\"text-align: center;\"><a href=\"http:\/\/joannacholuj.pl\/en\/historie-powiesc\/\">Historie &#8211; powie\u015b\u0107<\/a><\/p>\n<p style=\"text-align: center;\"><a href=\"http:\/\/joannacholuj.pl\/en\/asif-powiesc\/\">Asif &#8211; powie\u015b\u0107<\/a><\/p>\n<p style=\"text-align: center;\"><a href=\"http:\/\/joannacholuj.pl\/en\/dom-powiesc\/\">Dom &#8211; powie\u015b\u0107 <\/a><\/p>\n<p style=\"text-align: center;\"><a href=\"http:\/\/joannacholuj.pl\/en\/au-pair-fragmenty-powiesci\/\">Au pair &#8211; fragmenty powie\u015bci<\/a><\/p>\n<p style=\"text-align: center;\"><a href=\"http:\/\/joannacholuj.pl\/en\/francja-fragmenty-ktorejs-powiesci\/\">Francja &#8211; fragmenty kt\u00f3rej\u015b powie\u015bci<\/a><\/p>\n<p style=\"text-align: center;\"><a href=\"http:\/\/joannacholuj.pl\/en\/koncert-fragmenty-ktorejs-powiesci\/\">Koncert &#8211; fragmenty kt\u00f3rej\u015b powie\u015bci<\/a><\/p>\n<p style=\"text-align: center;\"><a href=\"http:\/\/joannacholuj.pl\/en\/miejsce-na-ziemi\u2026sja-powiesci-dom\/\">Miejsce na ziemi &#8211; inna wersja powie\u015bci Dom (bodaj)<\/a><\/p>\n<p style=\"text-align: center;\"><a href=\"http:\/\/joannacholuj.pl\/en\/mosty-opowiadanie\/\">Mosty\u00a0 &#8211; opowiadanie <\/a><\/p>\n<p style=\"text-align: center;\"><a href=\"http:\/\/joannacholuj.pl\/en\/oni-cykl-opowiadan\/\">Oni (tyt alternatywny &#8211; M\u0119\u017cczy\u017ani ) &#8211; cykl opowiada\u0144\u00a0<\/a><\/p>\n<p style=\"text-align: center;\"><a href=\"http:\/\/joannacholuj.pl\/en\/pomiedzy-opowiadanie-esej\/\">Pomi\u0119dzy &#8211; opowiadanie \/esej<\/a><\/p>\n<p style=\"text-align: center;\"><a href=\"http:\/\/joannacholuj.pl\/en\/na-poczatku-frag\u2026jakiejs-powiesci\/\">Na pocz\u0105tku &#8211; fragment jakiej\u015b powie\u015bci<\/a><\/p>\n<p style=\"text-align: center;\"><a href=\"http:\/\/joannacholuj.pl\/en\/nina-powiesc\/\">Nina &#8211; powie\u015b\u0107 <\/a><\/p>\n<p style=\"text-align: center;\"><a href=\"http:\/\/joannacholuj.pl\/en\/nina-fragment-powiesci\/\">Nina &#8211; fragment powie\u015bci<\/a><\/p>\n<p style=\"text-align: center;\"><a href=\"https:\/\/joannacholuj.pl\/en\/asif-powiesc-moze-lepsze-formatowanie\/\">Asif &#8211; powie\u015b\u0107, mo\u017ce lepsze formatowanie<\/a><\/p>\n<p style=\"text-align: center;\"><a href=\"http:\/\/joannacholuj.pl\/en\/ona-fragmenty-powiesci\/\">Ona &#8211; fragmenty powie\u015bci<\/a><\/p>\n<p style=\"text-align: center;\"><a href=\"http:\/\/joannacholuj.pl\/en\/rob-fragment-opowiadania\/\">Rob &#8211; fragment opowiadania<\/a><\/p>\n<p style=\"text-align: center;\"><a href=\"http:\/\/joannacholuj.pl\/en\/hanower\/\">Hanower &#8211; fragment jakiego\u015b opowiadania<\/a><\/p>\n<p style=\"text-align: center;\"><a href=\"http:\/\/joannacholuj.pl\/en\/amsterdam\/\">Amsterdam &#8211; opow<\/a><\/p>\n<p style=\"text-align: center;\"><a href=\"http:\/\/joannacholuj.pl\/en\/amsterdam-moze-lepsze-formatowanie\/\">Amsterdam &#8211; mo\u017ce lepsze formatowanie<\/a><\/p>\n<p style=\"text-align: center;\"><a href=\"http:\/\/joannacholuj.pl\/en\/trawka\/\">Trawka &#8211; opowiadanie<\/a><\/p>\n<p style=\"text-align: center;\"><a href=\"http:\/\/joannacholuj.pl\/en\/maria-magdalena-1-powiesc\/\">MAria Magdalena powie\u015b\u0107 cz1 \u00a0<\/a><\/p>\n<p style=\"text-align: center;\"><a href=\"http:\/\/joannacholuj.pl\/en\/maria-magdalena-cz2\/\">Maria Magdalena 2<\/a><\/p>\n<p style=\"text-align: center;\"><a href=\"http:\/\/joannacholuj.pl\/en\/maria-magdalena-3\/\">Maria Magdalena 3<\/a><\/p>\n<p style=\"text-align: center;\"><a href=\"http:\/\/joannacholuj.pl\/en\/maria-magdalena-4\/\">Maria Magdalena 4 <\/a><\/p>\n<p style=\"text-align: center;\"><a href=\"http:\/\/joannacholuj.pl\/en\/maria-magdalena-5\/\">Maria Magdalena 5<\/a><\/p>\n<p style=\"text-align: center;\"><a href=\"http:\/\/joannacholuj.pl\/en\/orfeo\/\">Orfeo powie\u015bc poetycka na bazie mity i opery Orfeo ed Euridice<\/a><\/p>\n<p style=\"text-align: center;\"><a href=\"http:\/\/joannacholuj.pl\/en\/orfeo-2\/\">Orfeo cd 2<\/a><\/p>\n<p style=\"text-align: center;\"><a href=\"http:\/\/joannacholuj.pl\/en\/orfeo-3\/\">Orfeo cd 3<\/a><\/p>\n<h4 style=\"text-align: center;\">PROZA DOKUMENTALNA &#8211; podr\u00f3\u017ce, biografia<\/h4>\n<p style=\"text-align: center;\"><a href=\"http:\/\/joannacholuj.pl\/en\/pakistan-z-podrozy\/\">Pakistan &#8211; z podr\u00f3\u017cy<\/a><\/p>\n<p style=\"text-align: center;\"><a href=\"https:\/\/joannacholuj.pl\/en\/pakistan-byc-moze-lepsze-formatowanie\/\">Pakistan &#8211; by\u0107 mo\u017ce lepsze formatowanie<\/a><\/p>\n<p style=\"text-align: center;\"><a href=\"http:\/\/joannacholuj.pl\/en\/bialorus-z-podrozy\/\">Bia\u0142oru\u015b &#8211; z podr\u00f3\u017cy<\/a><\/p>\n<p style=\"text-align: center;\"><a href=\"http:\/\/joannacholuj.pl\/en\/dubaj-z-podrozy\/\">Dubaj &#8211; z podr\u00f3\u017cy<\/a><\/p>\n<p style=\"text-align: center;\"><a href=\"http:\/\/joannacholuj.pl\/en\/usa-sny-opowiadania-1\/\">USA sny opowiadania 1<\/a><\/p>\n<p style=\"text-align: center;\"><a href=\"http:\/\/joannacholuj.pl\/en\/usa-2\/\">USA 2<\/a><\/p>\n<p style=\"text-align: center;\"><a href=\"http:\/\/joannacholuj.pl\/en\/usa-3\/\">USA 3<\/a><\/p>\n<p style=\"text-align: center;\"><a href=\"http:\/\/joannacholuj.pl\/en\/usa-4\/\">USA 4<\/a><\/p>\n<p style=\"text-align: center;\"><a href=\"http:\/\/joannacholuj.pl\/en\/usa-5-2\/\">USA 5<\/a><\/p>\n<p style=\"text-align: center;\"><a href=\"http:\/\/joannacholuj.pl\/en\/usa-6\/\">USA 6<\/a><\/p>\n<p style=\"text-align: center;\"><a href=\"http:\/\/joannacholuj.pl\/en\/usa-7\/\">USA 7<\/a><\/p>\n<p style=\"text-align: center;\"><a href=\"http:\/\/joannacholuj.pl\/en\/usa-8\/\">USA 8<\/a><\/p>\n<p style=\"text-align: center;\"><a href=\"http:\/\/joannacholuj.pl\/en\/usa-9\/\">USA 9<\/a><\/p>\n<p style=\"text-align: center;\"><a href=\"http:\/\/joannacholuj.pl\/en\/usa-10\/\">USA 10<\/a><\/p>\n<p style=\"text-align: center;\"><a href=\"http:\/\/joannacholuj.pl\/en\/usa-11\/\">USA 11 <\/a><\/p>\n<p style=\"text-align: center;\"><a href=\"http:\/\/joannacholuj.pl\/en\/usa-12\/\">USA 12<\/a><\/p>\n<p style=\"text-align: center;\"><a href=\"http:\/\/joannacholuj.pl\/en\/usa-13\/\">USA 13<\/a><\/p>\n<p style=\"text-align: center;\"><a href=\"http:\/\/joannacholuj.pl\/en\/usa-14\/\">USA 14<\/a><\/p>\n<p style=\"text-align: center;\"><a href=\"http:\/\/joannacholuj.pl\/en\/usa-15\/\">USA 15<\/a><\/p>\n<p style=\"text-align: center;\"><a href=\"http:\/\/joannacholuj.pl\/en\/opowiadania-pociagowe-1\/\">Opowiadania &#8222;poci\u0105gowe&#8221; 1<\/a><\/p>\n<p style=\"text-align: center;\"><a href=\"http:\/\/joannacholuj.pl\/en\/opowiadanie-pociagowe-2\/\">Opowiadanie &#8222;poci\u0105gowe&#8221; 2<\/a><\/p>\n<p style=\"text-align: center;\"><a href=\"http:\/\/joannacholuj.pl\/en\/opowiadania-pociagowe-3\/\">Op poci\u0105gowe 3<\/a><\/p>\n<p style=\"text-align: center;\"><a href=\"http:\/\/joannacholuj.pl\/en\/dusk-powiesc-niedokonczona\/\">Dusk &#8211; fragment jakiej\u015b powie\u015bci<\/a><\/p>\n<h4 style=\"text-align: center;\">klub literacki do kt\u00f3rego nale\u017c\u0119 od niedawna i teksty wydawane w jego antologiach<\/h4>\n<p style=\"text-align: center;\"><a href=\"https:\/\/joannacholuj.pl\/en\/teksty-do-tomiku-klubu-poszukiwaczy-slowa\/\">Antologia 1<\/a><\/p>\n<p style=\"text-align: center;\"><a href=\"https:\/\/www.biblioteka-piaseczno.pl\/wordpress\/klub-poszukiwaczy-slowa\/\">https:\/\/www.biblioteka-piaseczno.pl\/wordpress\/klub-poszukiwaczy-slowa\/<\/a><\/p>\n<p style=\"text-align: center;\">","protected":false},"excerpt":{"rendered":"<p>&nbsp; SERIA K&amp;K JCLady Alternative Education https:\/\/joannacholuj.pl\/mojeksiazki\/ PROZA DLA DZIECI Ch\u0142opcy i z\u0142ota futbol\u00f3wka Kropla &#8211; opowiadanie &#8211; zdoby\u0142o jak\u0105\u015b [&hellip;]<\/p>","protected":false},"author":2,"featured_media":0,"parent":0,"menu_order":0,"comment_status":"closed","ping_status":"closed","template":"","meta":{"_bbp_topic_count":0,"_bbp_reply_count":0,"_bbp_total_topic_count":0,"_bbp_total_reply_count":0,"_bbp_voice_count":0,"_bbp_anonymous_reply_count":0,"_bbp_topic_count_hidden":0,"_bbp_reply_count_hidden":0,"_bbp_forum_subforum_count":0,"_uag_custom_page_level_css":"","footnotes":""},"class_list":["post-4734","page","type-page","status-publish","hentry"],"spectra_custom_meta":{"_edit_lock":["1621494811:2"],"_edit_last":["2"],"_wp_page_template":["default"],"_oembed_c7b00b32853b6ac5473c02aa6aba32b9":["<blockquote class=\"wp-embedded-content\" data-secret=\"kLqT4j00BM\"><a href=\"http:\/\/joannacholuj.pl\/moje-drogie-dziecko-powiesc\/\">Moje drogie dziecko &#8211; powie\u015b\u0107<\/a><\/blockquote><iframe class=\"wp-embedded-content\" sandbox=\"allow-scripts\" security=\"restricted\" style=\"position: absolute; clip: rect(1px, 1px, 1px, 1px);\" src=\"http:\/\/joannacholuj.pl\/moje-drogie-dziecko-powiesc\/embed\/#?secret=kLqT4j00BM\" data-secret=\"kLqT4j00BM\" width=\"600\" height=\"338\" title=\"&#8222;Moje drogie dziecko &#8211; powie\u015b\u0107&#8221; &#8212; Joanna Cho\u0142uj\" frameborder=\"0\" marginwidth=\"0\" marginheight=\"0\" scrolling=\"no\"><\/iframe>"],"_oembed_time_c7b00b32853b6ac5473c02aa6aba32b9":["1598284364"],"_uag_page_assets":["a:9:{s:3:\"css\";s:0:\"\";s:2:\"js\";s:0:\"\";s:18:\"current_block_list\";a:0:{}s:8:\"uag_flag\";b:0;s:11:\"uag_version\";s:10:\"1775454065\";s:6:\"gfonts\";a:0:{}s:10:\"gfonts_url\";s:0:\"\";s:12:\"gfonts_files\";a:0:{}s:14:\"uag_faq_layout\";b:0;}"]},"uagb_featured_image_src":{"full":false,"thumbnail":false,"medium":false,"medium_large":false,"large":false,"1536x1536":false,"2048x2048":false,"trp-custom-language-flag":false,"illdy-blog-list":false,"illdy-widget-recent-posts":false,"illdy-blog-post-related-articles":false,"illdy-front-page-latest-news":false,"illdy-front-page-testimonials":false,"illdy-front-page-projects":false,"illdy-front-page-person":false},"uagb_author_info":{"display_name":"Joanna Choluj","author_link":"https:\/\/joannacholuj.pl\/en\/blog\/author\/joannacholuj\/"},"uagb_comment_info":0,"uagb_excerpt":"&nbsp; SERIA K&amp;K JCLady Alternative Education https:\/\/joannacholuj.pl\/mojeksiazki\/ PROZA DLA DZIECI Ch\u0142opcy i z\u0142ota futbol\u00f3wka Kropla &#8211; opowiadanie &#8211; zdoby\u0142o jak\u0105\u015b [&hellip;]","_links":{"self":[{"href":"https:\/\/joannacholuj.pl\/en\/wp-json\/wp\/v2\/pages\/4734"}],"collection":[{"href":"https:\/\/joannacholuj.pl\/en\/wp-json\/wp\/v2\/pages"}],"about":[{"href":"https:\/\/joannacholuj.pl\/en\/wp-json\/wp\/v2\/types\/page"}],"author":[{"embeddable":true,"href":"https:\/\/joannacholuj.pl\/en\/wp-json\/wp\/v2\/users\/2"}],"replies":[{"embeddable":true,"href":"https:\/\/joannacholuj.pl\/en\/wp-json\/wp\/v2\/comments?post=4734"}],"version-history":[{"count":92,"href":"https:\/\/joannacholuj.pl\/en\/wp-json\/wp\/v2\/pages\/4734\/revisions"}],"predecessor-version":[{"id":6051,"href":"https:\/\/joannacholuj.pl\/en\/wp-json\/wp\/v2\/pages\/4734\/revisions\/6051"}],"wp:attachment":[{"href":"https:\/\/joannacholuj.pl\/en\/wp-json\/wp\/v2\/media?parent=4734"}],"curies":[{"name":"wp","href":"https:\/\/api.w.org\/{rel}","templated":true}]}}