{"id":342,"date":"2018-11-04T21:37:01","date_gmt":"2018-11-04T20:37:01","guid":{"rendered":"http:\/\/joannacholuj.pl\/?page_id=342"},"modified":"2018-11-04T22:02:44","modified_gmt":"2018-11-04T21:02:44","slug":"pisze","status":"publish","type":"page","link":"https:\/\/joannacholuj.pl\/en\/pisze\/","title":{"rendered":"Pisz\u0119"},"content":{"rendered":"<p><img loading=\"lazy\" decoding=\"async\" class=\"alignnone size-medium wp-image-52\" src=\"http:\/\/joannacholuj.pl\/wp-content\/uploads\/2018\/08\/IMG_2587donem-300x200.jpg\" alt=\"\" width=\"300\" height=\"200\" srcset=\"https:\/\/joannacholuj.pl\/wp-content\/uploads\/2018\/08\/IMG_2587donem-300x200.jpg 300w, https:\/\/joannacholuj.pl\/wp-content\/uploads\/2018\/08\/IMG_2587donem-768x512.jpg 768w, https:\/\/joannacholuj.pl\/wp-content\/uploads\/2018\/08\/IMG_2587donem-750x500.jpg 750w, https:\/\/joannacholuj.pl\/wp-content\/uploads\/2018\/08\/IMG_2587donem.jpg 960w\" sizes=\"(max-width: 300px) 100vw, 300px\" \/><\/p>\n<p align=\"center\"><span lang=\"pl\"> <span style=\"color: #339933;\"><i>TW\u00d3RCZO\u015a\u0106<\/i><\/span><\/span><\/p>\n<p><i><span style=\"color: #339933;\"> <span lang=\"pl\">Zawsze pisa\u0142am i rysowa\u0142am. By\u0142 zielony zeszyt, opowiadanie o krakowskich \u017cakach, dziennik, projekty wystroju wn\u0119trz i rysunki. Kilka tekst\u00f3w zosta\u0142o wydanych drukiem w tomikach zbiorowych. Wyda\u0142y je Domy Kultury Staromiejski, Piaseczy\u0144ski, S\u0142u\u017cewiecki i Stowarzyszenie literackie Korale. Pozosta\u0142e teksty s\u0105 dost\u0119pne online na moich stronach <a href=\"http:\/\/joannacholuj.pl\/en\/front-page\/pelna-oferta\/\">BEZP\u0141ATNIE lub ODP\u0141ATNIE. <\/a><br \/>\n<\/span><\/span><\/i><\/p>\n<p><span lang=\"pl\"> <span style=\"color: #339933;\"><i>Do dzi\u015b nale\u017c\u0119 do dwu grup literackich :\u00a0 <a href=\"https:\/\/www.facebook.com\/pg\/Stowarzyszenie-Korale-212980965430492\/photos\/?ref=page_internal\" target=\"_blank\" rel=\"noopener\"> kobiecej &#8222;Korale<\/a>&#8221; i KPS czyli do <a href=\"https:\/\/www.biblioteka-piaseczno.pl\/wordpress\/klub-poszukiwaczy-slowa\/\" target=\"_blank\" rel=\"noopener\"> Klubu Poszukiwaczy S\u0142owa w Piasecznie. <\/a><\/i><\/span><\/span><\/p>\n<ul>\n<li><strong>KSI\u0104\u017bKI PORADNIKOWE<\/strong><\/li>\n<li><strong>WIERSZE WIZUALIZACJA <\/strong><\/li>\n<li><strong>WIERSZE WSZYSTKIE<\/strong><\/li>\n<li><strong>OPOWIADANIA<\/strong><\/li>\n<li><strong>POWIE\u015aCI<\/strong><\/li>\n<li><strong>DZIENNIKI <\/strong><\/li>\n<li><strong>RADY DLA PISZ\u0104CYCH<\/strong><\/li>\n<\/ul>\n<p><a href=\"http:\/\/joannacholuj.pl\/en\/front-page\/pelna-oferta\/\">PE\u0141NA OFERTA TEKST\u00d3W<\/a><\/p>\n<p>&nbsp;<\/p>\n<p>&nbsp;<\/p>","protected":false},"excerpt":{"rendered":"<p>TW\u00d3RCZO\u015a\u0106 Zawsze pisa\u0142am i rysowa\u0142am. By\u0142 zielony zeszyt, opowiadanie o krakowskich \u017cakach, dziennik, projekty wystroju wn\u0119trz i rysunki. Kilka tekst\u00f3w [&hellip;]<\/p>","protected":false},"author":2,"featured_media":0,"parent":0,"menu_order":0,"comment_status":"closed","ping_status":"closed","template":"","meta":{"_bbp_topic_count":0,"_bbp_reply_count":0,"_bbp_total_topic_count":0,"_bbp_total_reply_count":0,"_bbp_voice_count":0,"_bbp_anonymous_reply_count":0,"_bbp_topic_count_hidden":0,"_bbp_reply_count_hidden":0,"_bbp_forum_subforum_count":0,"_uag_custom_page_level_css":"","footnotes":""},"class_list":["post-342","page","type-page","status-publish","hentry"],"spectra_custom_meta":{"_edit_lock":["1541366938:2"],"_edit_last":["2"],"_wp_page_template":["default"],"_uag_page_assets":["a:9:{s:3:\"css\";s:0:\"\";s:2:\"js\";s:0:\"\";s:18:\"current_block_list\";a:0:{}s:8:\"uag_flag\";b:0;s:11:\"uag_version\";s:10:\"1777350280\";s:6:\"gfonts\";a:0:{}s:10:\"gfonts_url\";s:0:\"\";s:12:\"gfonts_files\";a:0:{}s:14:\"uag_faq_layout\";b:0;}"]},"uagb_featured_image_src":{"full":false,"thumbnail":false,"medium":false,"medium_large":false,"large":false,"1536x1536":false,"2048x2048":false,"trp-custom-language-flag":false,"illdy-blog-list":false,"illdy-widget-recent-posts":false,"illdy-blog-post-related-articles":false,"illdy-front-page-latest-news":false,"illdy-front-page-testimonials":false,"illdy-front-page-projects":false,"illdy-front-page-person":false},"uagb_author_info":{"display_name":"Joanna Choluj","author_link":"https:\/\/joannacholuj.pl\/en\/blog\/author\/joannacholuj\/"},"uagb_comment_info":0,"uagb_excerpt":"TW\u00d3RCZO\u015a\u0106 Zawsze pisa\u0142am i rysowa\u0142am. By\u0142 zielony zeszyt, opowiadanie o krakowskich \u017cakach, dziennik, projekty wystroju wn\u0119trz i rysunki. Kilka tekst\u00f3w [&hellip;]","_links":{"self":[{"href":"https:\/\/joannacholuj.pl\/en\/wp-json\/wp\/v2\/pages\/342"}],"collection":[{"href":"https:\/\/joannacholuj.pl\/en\/wp-json\/wp\/v2\/pages"}],"about":[{"href":"https:\/\/joannacholuj.pl\/en\/wp-json\/wp\/v2\/types\/page"}],"author":[{"embeddable":true,"href":"https:\/\/joannacholuj.pl\/en\/wp-json\/wp\/v2\/users\/2"}],"replies":[{"embeddable":true,"href":"https:\/\/joannacholuj.pl\/en\/wp-json\/wp\/v2\/comments?post=342"}],"version-history":[{"count":8,"href":"https:\/\/joannacholuj.pl\/en\/wp-json\/wp\/v2\/pages\/342\/revisions"}],"predecessor-version":[{"id":354,"href":"https:\/\/joannacholuj.pl\/en\/wp-json\/wp\/v2\/pages\/342\/revisions\/354"}],"wp:attachment":[{"href":"https:\/\/joannacholuj.pl\/en\/wp-json\/wp\/v2\/media?parent=342"}],"curies":[{"name":"wp","href":"https:\/\/api.w.org\/{rel}","templated":true}]}}