{"id":272,"date":"2018-10-29T20:24:41","date_gmt":"2018-10-29T19:24:41","guid":{"rendered":"http:\/\/joannacholuj.pl\/?page_id=272"},"modified":"2019-12-16T20:41:37","modified_gmt":"2019-12-16T19:41:37","slug":"pelna-oferta","status":"publish","type":"page","link":"https:\/\/joannacholuj.pl\/en\/front-page\/pelna-oferta\/","title":{"rendered":"Pe\u0142na OFERTA"},"content":{"rendered":"Obrazek\r\n\r\n \r\n<figure class=\"wp-block-image is-resized\"><img loading=\"lazy\" decoding=\"async\" src=\"http:\/\/jcalternativedu.com\/wp-content\/uploads\/2019\/12\/211.jpg\" alt=\"Obrazek posiada pusty atrybut alt; plik o nazwie 211.jpg\" width=\"175\" height=\"131\" \/><figcaption>K&amp;K books series<\/figcaption><\/figure>\r\n \r\n<p class=\"has-background has-luminous-vivid-amber-background-color\">OPTION 1 &#8211; BUY A BOOK \/ ACHETE LE LIVRE get a PROP free<\/p>\r\n \r\n\r\nI send you a FREE BONUS &#8211; prop\/game\/tool for working with the ancient science and change your life on your own. \/ Je t&#8217;envoye le Bonus gratuit &#8211; un jeu\/prop\/outil pour appliquer la science ancienne dans ta vie par toi-meme.\r\n\r\n \r\n<p class=\"has-text-color has-background has-very-light-gray-color has-vivid-red-background-color\"><strong>Once you make the purchase, please send the confirmation code to joannacholuj@gmail.com with subject line &#8222;(name of the book you purchased) prop PDF&#8221;. Do not send emails without your information below.\u00a0<\/strong><\/p>\r\n \r\n<p class=\"has-text-color has-background has-very-light-gray-color has-vivid-red-background-color\"><strong>Please give 24 hours for the report delivery.\u00a0<\/strong><\/p>\r\n \r\n<p class=\"has-text-color has-background has-very-light-gray-color has-vivid-red-background-color\">CHOOSE A SECTION BY CLICKING ON IT<\/p>\r\n \r\n\r\n1. <strong>Why do we need mythology? SECTION I \/(10 books in the section)<\/strong>\r\n\r\n \r\n<div class=\"wp-block-image\">\r\n<figure class=\"alignleft is-resized\"><img loading=\"lazy\" decoding=\"async\" class=\"wp-image-327\" src=\"http:\/\/jcalternativedu.com\/wp-content\/uploads\/2019\/12\/bogini_diewanna.jpg\" alt=\"\" width=\"158\" height=\"241\" \/><\/figure>\r\n<\/div>\r\n \r\n\r\nksi\u0105\u017cki opowiadaj\u0105 historie bog\u00f3w, heros\u00f3w i powstania \u015bwiata. Opowie\u015bci s\u0105 kr\u00f3tkie ale przekazuj\u0105 wiedz\u0119 intensywnie, kreatywnie i jasno. Znajdziesz w tych ksi\u0105\u017ckach du\u017co tabel, obrazk\u00f3w, rysunk\u00f3w, map my\u015bli i innych ekscytuj\u0105cych pomys\u0142\u00f3w wizualnych, kt\u00f3re pomog\u0105 ci \u0142atwo przyswoi\u0107 najtrudniejsz\u0105 wiedz\u0119. A co wi\u0119cej &#8211; pomog\u0105 ci zastosowa\u0107 j\u0105 w swoim \u017cyciu. To nie s\u0105 ksi\u0105\u017cki jedynie teoretyczne. Kup a dostaniesz r\u00f3wnie\u017c genialn\u0105 pomoc do pracy w\u0142asnej.\r\n\r\n \r\n\r\n<strong>\r\n2. Heritage of old books SECTION II\r\n3. Support of the spiritual world SECTION III\r\n4. Let\u2019s respect our health SECTION IV\r\n5 Raising a child SECTION V\r\n6 What education for your child SECTION VI\r\n7 Your creativity SECTION VII\r\n8 Understanding yourself SECTION VIII\r\n9 Harmony of the universe SECTION IX\r\n10 What is the language for ? SECTION X\r\n11 Spiritual nature SECTION XI\r\n12 Me and my family SECTION XII\r\n13 My worldview SECTION XIII\r\n14 My soul SECTION XIV\r\n15 Life and death SECTION XV <\/strong>\r\n\r\n \r\n<p class=\"has-background has-luminous-vivid-amber-background-color\">OPTION 2 &#8211; buy a BOOK + CONSULTATION on the topic of the book. Get a PROP PDF free.<\/p>\r\n \r\n\r\nI send you a FREE BONUS &#8211; prop\/game\/tool for working with the ancient science and change your life on your own AND we set a meeting for your consultation online thru skype or messenger fb to discuss in details how you can use the props and the book.\r\n\r\n \r\n\r\nJe t&#8217;envoye le Bonus gratuit &#8211; un jeu\/prop\/outil pour appliquer la science ancienne dans ta vie par toi-meme ET on fixe le rendez-vous pour ta consultation online par skupe ou messenger fb.\r\n\r\n \r\n<p class=\"has-text-color has-background has-very-light-gray-color has-vivid-red-background-color\"><strong>Once you make the purchase, please send the confirmation code to joannacholuj@gmail.com with subject line &#8222;(name of the book) prop PDF consultation &#8222;. Do not send emails without your information below.\u00a0<\/strong><\/p>\r\n \r\n<p class=\"has-text-color has-background has-very-light-gray-color has-vivid-red-background-color\"><strong>Please include:<\/strong>\r\n<strong>Full name\u00a0<\/strong>\r\n<strong>male\/female<\/strong>\r\n<strong>Your date of birth (month in letters)\u00a0<\/strong>\r\n<strong>Time of birth<\/strong>\r\n<strong>Place of birth (Country, State and City)\u00a0<\/strong><strong>e.g. (January 1, 1970) (no need to put: st, nd, th)<\/strong>\r\n<strong>Email address\u00a0<\/strong><strong>(make sure email can take 15 mb or more of attachments)\u00a0<\/strong>\r\n<strong>Paypal transcation I.D. #<\/strong><strong>\u00a0example: 59124421EB812740K<\/strong><\/p>\r\n \r\n\r\n<strong>Please give 24 hours for the report delivery.\u00a0<\/strong>\r\n\r\n \r\n<p class=\"has-background has-luminous-vivid-amber-background-color\">OPTION 3 &#8211; buy a CONSULTATION on the CHOSEN TOPIC. Get a PROP PDF adapted to the topic &#8211; free.<\/p>\r\n \r\n<p class=\"has-background has-very-light-gray-background-color\"><strong>Below the list of Counselling Topics: <\/strong><\/p>\r\n \r\n<ol class=\"wp-block-list\">\r\n \t<li>Talents and potential of your child. Choosing the school and the profession.<\/li>\r\n \t<li>Your passion. Your life goals and tasks. Your karma.<\/li>\r\n \t<li>Homeschooling. \/ Slavic Education \/ Walforf-Steiner Education<\/li>\r\n \t<li>Alternative Education for children. All your options outside the schooling system.<\/li>\r\n \t<li>How to develop the child&#8217;s intelligence. Global\/Early Education.<\/li>\r\n \t<li>How to teach a foreign language to a child efficiently?<\/li>\r\n \t<li>How to travel with children? Options for staying abroad with children.<\/li>\r\n<\/ol>\r\n \r\n<p class=\"has-text-color has-background has-very-light-gray-color has-vivid-red-background-color\"><strong>Once you make the purchase, please send the confirmation code to joannacholuj@gmail.com with subject line &#8222;(number and topic of the consultation ) prop PDF &#8222;. Do not send emails without your information below.\u00a0<\/strong><\/p>\r\n \r\n<p class=\"has-text-color has-background has-very-light-gray-color has-vivid-red-background-color\"><strong>Please include:<\/strong>\r\n<strong>Full name\u00a0<\/strong>\r\n<strong>male\/female<\/strong>\r\n<strong>Your date of birth (month in letters)\u00a0<\/strong>\r\n<strong>Time of birth<\/strong>\r\n<strong>Place of birth (Country, State and City)\u00a0e.g. (January 1, 1970) (no need to put: st, nd, th)<\/strong>\r\n<strong>Email address\u00a0(make sure email can take 15 mb or more of attachments)\u00a0<\/strong>\r\n<strong>Paypal transcation I.D. #\u00a0example: 59124421EB812740K<\/strong><\/p>\r\n \r\n\r\n<strong>Please give 24 hours for the delivery<\/strong>\r\n\r\n \r\n<p class=\"has-background has-luminous-vivid-amber-background-color\">OPTION 4 &#8211; buy minimum 3 books from K&amp;K series. Get the 3 adapted props AND get: <strong>a book of My Poems<\/strong> OR <strong>My short stories for children<\/strong> OR <strong>My love story <\/strong>OR <strong>My short stories for adults (choose ONE ) <\/strong><\/p>\r\n \r\n<p class=\"has-text-color has-background has-very-light-gray-color has-vivid-red-background-color\"><strong>Once you make the purchase, please send the confirmation code to joannacholuj@gmail.com with subject line &#8222;(number and topic of the consultation ) prop PDF &#8222;. Do not send emails without your information below.\u00a0<\/strong><\/p>\r\n \r\n<p class=\"has-text-color has-background has-very-light-gray-color has-vivid-red-background-color\"><strong>Please include:<\/strong>\r\n<strong>Full name\u00a0<\/strong>\r\n<strong>male\/female<\/strong>\r\n<strong>Your date of birth (month in letters)\u00a0<\/strong>\r\n<strong>Time of birth<\/strong>\r\n<strong>Place of birth (Country, State and City)\u00a0e.g. (January 1, 1970) (no need to put: st, nd, th)<\/strong>\r\n<strong>Email address\u00a0(make sure email can take 15 mb or more of attachments)\u00a0<\/strong>\r\n<strong>Paypal transcation I.D. #\u00a0example: 59124421EB812740K<\/strong><\/p>","protected":false},"excerpt":{"rendered":"<p>Obrazek OPTION 1 &#8211; BUY A BOOK \/ ACHETE LE LIVRE get a PROP free I send you a FREE [&hellip;]<\/p>","protected":false},"author":2,"featured_media":0,"parent":29,"menu_order":0,"comment_status":"closed","ping_status":"closed","template":"","meta":{"_bbp_topic_count":0,"_bbp_reply_count":0,"_bbp_total_topic_count":0,"_bbp_total_reply_count":0,"_bbp_voice_count":0,"_bbp_anonymous_reply_count":0,"_bbp_topic_count_hidden":0,"_bbp_reply_count_hidden":0,"_bbp_forum_subforum_count":0,"_uag_custom_page_level_css":"","footnotes":""},"class_list":["post-272","page","type-page","status-publish","hentry"],"spectra_custom_meta":{"_edit_lock":["1619012097:2"],"_edit_last":["2"],"_wp_page_template":["default"],"_uag_page_assets":["a:9:{s:3:\"css\";s:263:\".uag-blocks-common-selector{z-index:var(--z-index-desktop) !important}@media (max-width: 976px){.uag-blocks-common-selector{z-index:var(--z-index-tablet) !important}}@media (max-width: 767px){.uag-blocks-common-selector{z-index:var(--z-index-mobile) !important}}\n\";s:2:\"js\";s:0:\"\";s:18:\"current_block_list\";a:3:{i:0;s:14:\"core\/paragraph\";i:1;s:10:\"core\/image\";i:2;s:9:\"core\/list\";}s:8:\"uag_flag\";b:0;s:11:\"uag_version\";s:10:\"1776385148\";s:6:\"gfonts\";a:0:{}s:10:\"gfonts_url\";s:0:\"\";s:12:\"gfonts_files\";a:0:{}s:14:\"uag_faq_layout\";b:0;}"],"_uag_css_file_name":["uag-css-272.css"]},"uagb_featured_image_src":{"full":false,"thumbnail":false,"medium":false,"medium_large":false,"large":false,"1536x1536":false,"2048x2048":false,"trp-custom-language-flag":false,"illdy-blog-list":false,"illdy-widget-recent-posts":false,"illdy-blog-post-related-articles":false,"illdy-front-page-latest-news":false,"illdy-front-page-testimonials":false,"illdy-front-page-projects":false,"illdy-front-page-person":false},"uagb_author_info":{"display_name":"Joanna Choluj","author_link":"https:\/\/joannacholuj.pl\/en\/blog\/author\/joannacholuj\/"},"uagb_comment_info":0,"uagb_excerpt":"Obrazek OPTION 1 &#8211; BUY A BOOK \/ ACHETE LE LIVRE get a PROP free I send you a FREE [&hellip;]","_links":{"self":[{"href":"https:\/\/joannacholuj.pl\/en\/wp-json\/wp\/v2\/pages\/272"}],"collection":[{"href":"https:\/\/joannacholuj.pl\/en\/wp-json\/wp\/v2\/pages"}],"about":[{"href":"https:\/\/joannacholuj.pl\/en\/wp-json\/wp\/v2\/types\/page"}],"author":[{"embeddable":true,"href":"https:\/\/joannacholuj.pl\/en\/wp-json\/wp\/v2\/users\/2"}],"replies":[{"embeddable":true,"href":"https:\/\/joannacholuj.pl\/en\/wp-json\/wp\/v2\/comments?post=272"}],"version-history":[{"count":13,"href":"https:\/\/joannacholuj.pl\/en\/wp-json\/wp\/v2\/pages\/272\/revisions"}],"predecessor-version":[{"id":4010,"href":"https:\/\/joannacholuj.pl\/en\/wp-json\/wp\/v2\/pages\/272\/revisions\/4010"}],"up":[{"embeddable":true,"href":"https:\/\/joannacholuj.pl\/en\/wp-json\/wp\/v2\/pages\/29"}],"wp:attachment":[{"href":"https:\/\/joannacholuj.pl\/en\/wp-json\/wp\/v2\/media?parent=272"}],"curies":[{"name":"wp","href":"https:\/\/api.w.org\/{rel}","templated":true}]}}