{"id":14069,"date":"2025-09-04T01:20:44","date_gmt":"2025-09-03T23:20:44","guid":{"rendered":"https:\/\/joannacholuj.pl\/?page_id=14069"},"modified":"2026-01-29T07:57:07","modified_gmt":"2026-01-29T06:57:07","slug":"deva","status":"publish","type":"page","link":"https:\/\/joannacholuj.pl\/en\/deva\/","title":{"rendered":"Lola Art"},"content":{"rendered":"<p>It is an artistic and feminine space of inspiration<\/p>\n\n\n\n<p><\/p>\n\n\n\n<figure class=\"wp-block-image size-full\"><img loading=\"lazy\" decoding=\"async\" width=\"458\" height=\"653\" src=\"http:\/\/joannacholuj.pl\/wp-content\/uploads\/2025\/06\/IMG_20220729_183718.jpg\" alt=\"\" class=\"wp-image-13892\" srcset=\"https:\/\/joannacholuj.pl\/wp-content\/uploads\/2025\/06\/IMG_20220729_183718.jpg 458w, https:\/\/joannacholuj.pl\/wp-content\/uploads\/2025\/06\/IMG_20220729_183718-210x300.jpg 210w\" sizes=\"(max-width: 458px) 100vw, 458px\" \/><\/figure>\n\n\n\n<h2 class=\"wp-block-heading\">I invite<\/h2>\n\n\n\n<figure class=\"wp-block-embed is-type-video is-provider-youtube wp-block-embed-youtube wp-embed-aspect-16-9 wp-has-aspect-ratio\"><div class=\"wp-block-embed__wrapper\">\n<iframe loading=\"lazy\" title=\"Dis leur que l&#039;on s&#039;aime. HK. PO POLSKU \/ franc .DOBRA WERSJA. GITARA.\" width=\"640\" height=\"360\" src=\"https:\/\/www.youtube.com\/embed\/ddC8SnI8TFA?feature=oembed\" frameborder=\"0\" allow=\"accelerometer; autoplay; clipboard-write; encrypted-media; gyroscope; picture-in-picture; web-share\" referrerpolicy=\"strict-origin-when-cross-origin\" allowfullscreen><\/iframe>\n<\/div><\/figure>\n\n\n\n<p>for the course Return to Your Mystical Femininity <a href=\"https:\/\/sklep.joannacholuj.pl\/product\/medycyna-naturalna\/\">TAKE A LOOK<\/a><\/p>\n\n\n\n<p><\/p>\n\n\n\n<p>For LIVE CONCERTS AND CEREMONIES during the Mystical Workshop in Peru <a href=\"https:\/\/sklep.joannacholuj.pl\/product\/wyprawa-mistyczna-do-peru\/\">TAKE A LOOK<\/a><\/p>\n\n\n\n<p>VOLUMES OF POETRY AND NOVELS  <a href=\"https:\/\/sklep.joannacholuj.pl\/product-category\/ksiazki\/dzial-7-sztuka-i-kreatywnosc\/\">TAKE A LOOK<\/a><\/p>\n\n\n\n<p>Guides for writers <a href=\"https:\/\/sklep.joannacholuj.pl\/product\/opowiadania\/\">TAKE A LOOK<\/a><\/p>\n\n\n\n<p>Moje recetacje poezji i piosenki na youtubie <a href=\"https:\/\/www.youtube.com\/playlist?list=PLmnP-udmFj6cB-FR1YroiOo3XEPf1ntTF\">(playlista)<\/a><\/p>\n\n\n\n<p><\/p>\n\n\n\n<p>BEAUTIFUL AND UNIQUE DIVINE SHIRTS BY DEVA.JOASIA FOR WOMEN <a href=\"https:\/\/sklep.joannacholuj.pl\/product-category\/peru\/boskie-koszulki-goddess-tshirts\/\">TAKE A LOOK<\/a><\/p>\n\n\n\n<p>BEAUTIFUL SLAVIC CROWNS <a href=\"https:\/\/sklep.joannacholuj.pl\/product-category\/peru\/korony\/\">TAKE A LOOK<\/a><\/p>\n\n\n\n<p>WOOL SKIRTS WITH PERUVIAN MOTIFS <a href=\"https:\/\/sklep.joannacholuj.pl\/product-category\/peru\/spodnice\/\">TAKE A LOOK<\/a><\/p>\n\n\n\n<hr class=\"wp-block-separator has-alpha-channel-opacity\"\/>\n\n\n\n<figure class=\"wp-block-image size-full\"><img loading=\"lazy\" decoding=\"async\" width=\"397\" height=\"298\" src=\"http:\/\/joannacholuj.pl\/wp-content\/uploads\/2025\/09\/510999392_10165660181605299_6954124747917918091_n.jpg\" alt=\"\" class=\"wp-image-14128\" srcset=\"https:\/\/joannacholuj.pl\/wp-content\/uploads\/2025\/09\/510999392_10165660181605299_6954124747917918091_n.jpg 397w, https:\/\/joannacholuj.pl\/wp-content\/uploads\/2025\/09\/510999392_10165660181605299_6954124747917918091_n-300x225.jpg 300w, https:\/\/joannacholuj.pl\/wp-content\/uploads\/2025\/09\/510999392_10165660181605299_6954124747917918091_n-16x12.jpg 16w\" sizes=\"(max-width: 397px) 100vw, 397px\" \/><figcaption class=\"wp-element-caption\">Mam na Iimi\u0119 JoA\u015ba Cho\u0142uj i jestem poetk\u0105 i prozatork\u0105, tworz\u0119 teksty, muzyk\u0119 i wykonuj\u0119 piosenki. KReuj\u0119 spektakle , tworz\u0119 grafik\u0119 , maluj\u0119 rysuj\u0119 i tworz\u0119 niepowtarzalne stroje sceniczne, ceremonialne korony s\u0142owia\u0144skie, lalki . M\u00f3j najnowszy projekt w trakcie realizacji to sp\u00f3dnice z peruwia\u0144skimi motywami oraz tshirty z inspiracjami archetyp\u00f3w i bogi\u0144 <\/figcaption><\/figure>\n\n\n\n<p><a href=\"https:\/\/www.youtube.com\/@joannacholujprof\">M\u00f3j kanal yt <\/a><\/p>\n\n\n\n<p><\/p>\n\n\n\n<hr class=\"wp-block-separator has-alpha-channel-opacity\"\/>\n\n\n\n<h2 class=\"wp-block-heading\"><\/h2>","protected":false},"excerpt":{"rendered":"<p>To artystyczna i kobieca przestrze\u0144 inspiracji ZApraszam na Kurs Odzyskaj zdrowie i ciesz si\u0119 \u017cyciem ZAJRZYJ I KUP Na KONCERTY [&hellip;]<\/p>","protected":false},"author":2,"featured_media":14138,"parent":0,"menu_order":0,"comment_status":"closed","ping_status":"closed","template":"","meta":{"_bbp_topic_count":0,"_bbp_reply_count":0,"_bbp_total_topic_count":0,"_bbp_total_reply_count":0,"_bbp_voice_count":0,"_bbp_anonymous_reply_count":0,"_bbp_topic_count_hidden":0,"_bbp_reply_count_hidden":0,"_bbp_forum_subforum_count":0,"_uag_custom_page_level_css":"","footnotes":""},"class_list":["post-14069","page","type-page","status-publish","has-post-thumbnail","hentry"],"spectra_custom_meta":{"_edit_lock":["1769669828:2"],"_edit_last":["2"],"_thumbnail_id":["14138"],"_oembed_e0c405f172bd4245de3ed090cde6bc73":["{{unknown}}"],"_oembed_f4e64f919e0aa51ca66153884dcab00c":["{{unknown}}"],"_oembed_616934137dcd8ed82998f8f4685e652d":["{{unknown}}"],"_oembed_12d51ce2d3f2985af5f88ead56b98a8c":["<iframe title=\"Dis leur que l&#039;on s&#039;aime. HK. PO POLSKU \/ franc .DOBRA WERSJA. GITARA.\" width=\"640\" height=\"360\" src=\"https:\/\/www.youtube.com\/embed\/ddC8SnI8TFA?feature=oembed\" frameborder=\"0\" allow=\"accelerometer; autoplay; clipboard-write; encrypted-media; gyroscope; picture-in-picture; web-share\" referrerpolicy=\"strict-origin-when-cross-origin\" allowfullscreen><\/iframe>"],"_oembed_time_12d51ce2d3f2985af5f88ead56b98a8c":["1769669828"],"_uag_page_assets":["a:9:{s:3:\"css\";s:263:\".uag-blocks-common-selector{z-index:var(--z-index-desktop) !important}@media (max-width: 976px){.uag-blocks-common-selector{z-index:var(--z-index-tablet) !important}}@media (max-width: 767px){.uag-blocks-common-selector{z-index:var(--z-index-mobile) !important}}\n\";s:2:\"js\";s:0:\"\";s:18:\"current_block_list\";a:5:{i:0;s:14:\"core\/paragraph\";i:1;s:10:\"core\/image\";i:2;s:12:\"core\/heading\";i:3;s:10:\"core\/embed\";i:4;s:14:\"core\/separator\";}s:8:\"uag_flag\";b:0;s:11:\"uag_version\";s:10:\"1776903173\";s:6:\"gfonts\";a:0:{}s:10:\"gfonts_url\";s:0:\"\";s:12:\"gfonts_files\";a:0:{}s:14:\"uag_faq_layout\";b:0;}"],"_uag_css_file_name":["uag-css-14069.css"]},"uagb_featured_image_src":{"full":["https:\/\/joannacholuj.pl\/wp-content\/uploads\/2025\/09\/510393807_10165658829700299_1614743073074248527_n.jpg",922,2048,false],"thumbnail":["https:\/\/joannacholuj.pl\/wp-content\/uploads\/2025\/09\/510393807_10165658829700299_1614743073074248527_n-150x150.jpg",150,150,true],"medium":["https:\/\/joannacholuj.pl\/wp-content\/uploads\/2025\/09\/510393807_10165658829700299_1614743073074248527_n-135x300.jpg",135,300,true],"medium_large":["https:\/\/joannacholuj.pl\/wp-content\/uploads\/2025\/09\/510393807_10165658829700299_1614743073074248527_n-768x1706.jpg",640,1422,true],"large":["https:\/\/joannacholuj.pl\/wp-content\/uploads\/2025\/09\/510393807_10165658829700299_1614743073074248527_n-461x1024.jpg",461,1024,true],"1536x1536":["https:\/\/joannacholuj.pl\/wp-content\/uploads\/2025\/09\/510393807_10165658829700299_1614743073074248527_n-692x1536.jpg",692,1536,true],"2048x2048":["https:\/\/joannacholuj.pl\/wp-content\/uploads\/2025\/09\/510393807_10165658829700299_1614743073074248527_n.jpg",922,2048,false],"trp-custom-language-flag":["https:\/\/joannacholuj.pl\/wp-content\/uploads\/2025\/09\/510393807_10165658829700299_1614743073074248527_n-5x12.jpg",5,12,true],"illdy-blog-list":["https:\/\/joannacholuj.pl\/wp-content\/uploads\/2025\/09\/510393807_10165658829700299_1614743073074248527_n-750x500.jpg",750,500,true],"illdy-widget-recent-posts":["https:\/\/joannacholuj.pl\/wp-content\/uploads\/2025\/09\/510393807_10165658829700299_1614743073074248527_n-70x70.jpg",70,70,true],"illdy-blog-post-related-articles":["https:\/\/joannacholuj.pl\/wp-content\/uploads\/2025\/09\/510393807_10165658829700299_1614743073074248527_n-240x206.jpg",240,206,true],"illdy-front-page-latest-news":["https:\/\/joannacholuj.pl\/wp-content\/uploads\/2025\/09\/510393807_10165658829700299_1614743073074248527_n-250x213.jpg",250,213,true],"illdy-front-page-testimonials":["https:\/\/joannacholuj.pl\/wp-content\/uploads\/2025\/09\/510393807_10165658829700299_1614743073074248527_n-127x127.jpg",127,127,true],"illdy-front-page-projects":["https:\/\/joannacholuj.pl\/wp-content\/uploads\/2025\/09\/510393807_10165658829700299_1614743073074248527_n-476x476.jpg",476,476,true],"illdy-front-page-person":["https:\/\/joannacholuj.pl\/wp-content\/uploads\/2025\/09\/510393807_10165658829700299_1614743073074248527_n-125x125.jpg",125,125,true]},"uagb_author_info":{"display_name":"Joanna Choluj","author_link":"https:\/\/joannacholuj.pl\/en\/blog\/author\/joannacholuj\/"},"uagb_comment_info":0,"uagb_excerpt":"To artystyczna i kobieca przestrze\u0144 inspiracji ZApraszam na Kurs Odzyskaj zdrowie i ciesz si\u0119 \u017cyciem ZAJRZYJ I KUP Na KONCERTY [&hellip;]","_links":{"self":[{"href":"https:\/\/joannacholuj.pl\/en\/wp-json\/wp\/v2\/pages\/14069"}],"collection":[{"href":"https:\/\/joannacholuj.pl\/en\/wp-json\/wp\/v2\/pages"}],"about":[{"href":"https:\/\/joannacholuj.pl\/en\/wp-json\/wp\/v2\/types\/page"}],"author":[{"embeddable":true,"href":"https:\/\/joannacholuj.pl\/en\/wp-json\/wp\/v2\/users\/2"}],"replies":[{"embeddable":true,"href":"https:\/\/joannacholuj.pl\/en\/wp-json\/wp\/v2\/comments?post=14069"}],"version-history":[{"count":11,"href":"https:\/\/joannacholuj.pl\/en\/wp-json\/wp\/v2\/pages\/14069\/revisions"}],"predecessor-version":[{"id":14346,"href":"https:\/\/joannacholuj.pl\/en\/wp-json\/wp\/v2\/pages\/14069\/revisions\/14346"}],"wp:featuredmedia":[{"embeddable":true,"href":"https:\/\/joannacholuj.pl\/en\/wp-json\/wp\/v2\/media\/14138"}],"wp:attachment":[{"href":"https:\/\/joannacholuj.pl\/en\/wp-json\/wp\/v2\/media?parent=14069"}],"curies":[{"name":"wp","href":"https:\/\/api.w.org\/{rel}","templated":true}]}}