{"id":14057,"date":"2025-09-02T02:30:17","date_gmt":"2025-09-02T00:30:17","guid":{"rendered":"https:\/\/joannacholuj.pl\/?page_id=14057"},"modified":"2025-09-02T02:51:50","modified_gmt":"2025-09-02T00:51:50","slug":"agnieszka-zarotynska","status":"publish","type":"page","link":"https:\/\/joannacholuj.pl\/en\/agnieszka-zarotynska\/","title":{"rendered":"Agnieszka Zaroty\u0144ska"},"content":{"rendered":"<p>Agnieszka Zaroty\u0144ska <\/p>\n\n\n\n<p>holistic psychologist,<\/p>\n\n\n\n<p> alternative educator, <\/p>\n\n\n\n<p>polyglot,<\/p>\n\n\n\n<p> and the mother of indigo\/crystal children whom she healed herself.<\/p>\n\n\n\n<figure class=\"wp-block-image size-large is-resized\"><img loading=\"lazy\" decoding=\"async\" width=\"524\" height=\"1024\" src=\"https:\/\/joannacholuj.pl\/wp-content\/uploads\/2025\/09\/c974c7d3-ed29-42f4-a283-71cdbb714174-524x1024.jpeg\" alt=\"\" class=\"wp-image-14058\" style=\"width:542px;height:auto\" srcset=\"https:\/\/joannacholuj.pl\/wp-content\/uploads\/2025\/09\/c974c7d3-ed29-42f4-a283-71cdbb714174-524x1024.jpeg 524w, https:\/\/joannacholuj.pl\/wp-content\/uploads\/2025\/09\/c974c7d3-ed29-42f4-a283-71cdbb714174-153x300.jpeg 153w, https:\/\/joannacholuj.pl\/wp-content\/uploads\/2025\/09\/c974c7d3-ed29-42f4-a283-71cdbb714174-6x12.jpeg 6w, https:\/\/joannacholuj.pl\/wp-content\/uploads\/2025\/09\/c974c7d3-ed29-42f4-a283-71cdbb714174.jpeg 532w\" sizes=\"(max-width: 524px) 100vw, 524px\" \/><\/figure>","protected":false},"excerpt":{"rendered":"<p>Agnieszka Zaroty\u0144ska psycholog holistyczny, pedagog alternatywny, poliglotka, i matka dzieci indygo\/kryszta\u0142owych, kt\u00f3re sama wyleczy\u0142a<\/p>","protected":false},"author":2,"featured_media":13542,"parent":0,"menu_order":0,"comment_status":"closed","ping_status":"closed","template":"","meta":{"_bbp_topic_count":0,"_bbp_reply_count":0,"_bbp_total_topic_count":0,"_bbp_total_reply_count":0,"_bbp_voice_count":0,"_bbp_anonymous_reply_count":0,"_bbp_topic_count_hidden":0,"_bbp_reply_count_hidden":0,"_bbp_forum_subforum_count":0,"_uag_custom_page_level_css":"","footnotes":""},"class_list":["post-14057","page","type-page","status-publish","has-post-thumbnail","hentry"],"spectra_custom_meta":{"_edit_lock":["1756774310:2"],"_edit_last":["2"],"_thumbnail_id":["13542"],"_uag_page_assets":["a:9:{s:3:\"css\";s:263:\".uag-blocks-common-selector{z-index:var(--z-index-desktop) !important}@media (max-width: 976px){.uag-blocks-common-selector{z-index:var(--z-index-tablet) !important}}@media (max-width: 767px){.uag-blocks-common-selector{z-index:var(--z-index-mobile) !important}}\n\";s:2:\"js\";s:0:\"\";s:18:\"current_block_list\";a:2:{i:0;s:14:\"core\/paragraph\";i:1;s:10:\"core\/image\";}s:8:\"uag_flag\";b:0;s:11:\"uag_version\";s:10:\"1776190721\";s:6:\"gfonts\";a:0:{}s:10:\"gfonts_url\";s:0:\"\";s:12:\"gfonts_files\";a:0:{}s:14:\"uag_faq_layout\";b:0;}"],"_uag_css_file_name":["uag-css-14057.css"]},"uagb_featured_image_src":{"full":["https:\/\/joannacholuj.pl\/wp-content\/uploads\/2025\/03\/IMG_2313donem.jpg",960,640,false],"thumbnail":["https:\/\/joannacholuj.pl\/wp-content\/uploads\/2025\/03\/IMG_2313donem-150x150.jpg",150,150,true],"medium":["https:\/\/joannacholuj.pl\/wp-content\/uploads\/2025\/03\/IMG_2313donem-300x200.jpg",300,200,true],"medium_large":["https:\/\/joannacholuj.pl\/wp-content\/uploads\/2025\/03\/IMG_2313donem-768x512.jpg",640,427,true],"large":["https:\/\/joannacholuj.pl\/wp-content\/uploads\/2025\/03\/IMG_2313donem.jpg",640,427,false],"1536x1536":["https:\/\/joannacholuj.pl\/wp-content\/uploads\/2025\/03\/IMG_2313donem.jpg",960,640,false],"2048x2048":["https:\/\/joannacholuj.pl\/wp-content\/uploads\/2025\/03\/IMG_2313donem.jpg",960,640,false],"trp-custom-language-flag":["https:\/\/joannacholuj.pl\/wp-content\/uploads\/2025\/03\/IMG_2313donem.jpg",18,12,false],"illdy-blog-list":["https:\/\/joannacholuj.pl\/wp-content\/uploads\/2025\/03\/IMG_2313donem-750x500.jpg",750,500,true],"illdy-widget-recent-posts":["https:\/\/joannacholuj.pl\/wp-content\/uploads\/2025\/03\/IMG_2313donem-70x70.jpg",70,70,true],"illdy-blog-post-related-articles":["https:\/\/joannacholuj.pl\/wp-content\/uploads\/2025\/03\/IMG_2313donem-240x206.jpg",240,206,true],"illdy-front-page-latest-news":["https:\/\/joannacholuj.pl\/wp-content\/uploads\/2025\/03\/IMG_2313donem-250x213.jpg",250,213,true],"illdy-front-page-testimonials":["https:\/\/joannacholuj.pl\/wp-content\/uploads\/2025\/03\/IMG_2313donem-127x127.jpg",127,127,true],"illdy-front-page-projects":["https:\/\/joannacholuj.pl\/wp-content\/uploads\/2025\/03\/IMG_2313donem-476x476.jpg",476,476,true],"illdy-front-page-person":["https:\/\/joannacholuj.pl\/wp-content\/uploads\/2025\/03\/IMG_2313donem-125x125.jpg",125,125,true]},"uagb_author_info":{"display_name":"Joanna Choluj","author_link":"https:\/\/joannacholuj.pl\/en\/blog\/author\/joannacholuj\/"},"uagb_comment_info":0,"uagb_excerpt":"Agnieszka Zaroty\u0144ska psycholog holistyczny, pedagog alternatywny, poliglotka, i matka dzieci indygo\/kryszta\u0142owych, kt\u00f3re sama wyleczy\u0142a","_links":{"self":[{"href":"https:\/\/joannacholuj.pl\/en\/wp-json\/wp\/v2\/pages\/14057"}],"collection":[{"href":"https:\/\/joannacholuj.pl\/en\/wp-json\/wp\/v2\/pages"}],"about":[{"href":"https:\/\/joannacholuj.pl\/en\/wp-json\/wp\/v2\/types\/page"}],"author":[{"embeddable":true,"href":"https:\/\/joannacholuj.pl\/en\/wp-json\/wp\/v2\/users\/2"}],"replies":[{"embeddable":true,"href":"https:\/\/joannacholuj.pl\/en\/wp-json\/wp\/v2\/comments?post=14057"}],"version-history":[{"count":1,"href":"https:\/\/joannacholuj.pl\/en\/wp-json\/wp\/v2\/pages\/14057\/revisions"}],"predecessor-version":[{"id":14059,"href":"https:\/\/joannacholuj.pl\/en\/wp-json\/wp\/v2\/pages\/14057\/revisions\/14059"}],"wp:featuredmedia":[{"embeddable":true,"href":"https:\/\/joannacholuj.pl\/en\/wp-json\/wp\/v2\/media\/13542"}],"wp:attachment":[{"href":"https:\/\/joannacholuj.pl\/en\/wp-json\/wp\/v2\/media?parent=14057"}],"curies":[{"name":"wp","href":"https:\/\/api.w.org\/{rel}","templated":true}]}}