{"id":14054,"date":"2025-09-02T02:33:51","date_gmt":"2025-09-02T00:33:51","guid":{"rendered":"https:\/\/joannacholuj.pl\/?page_id=14054"},"modified":"2025-09-02T02:37:40","modified_gmt":"2025-09-02T00:37:40","slug":"kurs-trzeci-dla-doroslych-indygo-oraz-dla-rodzicow-dzieci-indygo-i-krysztalowych","status":"publish","type":"page","link":"https:\/\/joannacholuj.pl\/en\/kurs-trzeci-dla-doroslych-indygo-oraz-dla-rodzicow-dzieci-indygo-i-krysztalowych\/","title":{"rendered":"kurs trzeci &#8211; dla DOROS\u0141YCH INDYGO oraz dla RODZIC\u00d3W DZIECI INDYGO I KRYSZTA\u0141OWYCH"},"content":{"rendered":"<h4 class=\"wp-block-heading\"><strong>Academy of Gaiosofia<\/strong><\/h4>\n\n\n\n<p><strong>KURS TRZECI<\/strong><\/p>\n\n\n\n<p>NAB\u00d3R NA ROK 2026 jc@joannacholuj.pl<\/p>\n\n\n\n<h2 class=\"wp-block-heading\"><a href=\"https:\/\/sklep.joannacholuj.pl\/product\/akademia-szamansko-wiedzminska-kurs-drugi\/\">BUY<\/a><\/h2>\n\n\n\n<hr class=\"wp-block-separator has-alpha-channel-opacity\"\/>\n\n\n\n<p><strong>kurs roczny<\/strong><\/p>\n\n\n\n<p><strong>for ADULTS INDIGO and for PARENTS OF INDIGO AND CRYSTAL CHILDREN<\/strong><\/p>\n\n\n\n<hr class=\"wp-block-separator has-alpha-channel-opacity\"\/>\n\n\n\n<p>&#8222;<em>Have you ever wondered what this world is about? Have you heard the terms matrix, alternative, indigo multiple times and felt that somehow it concerns you, but you don't quite understand HOW?<\/em><\/p>\n\n\n\n<p><em>Czy okre\u015blono Twoje zaburzenia osobowo\u015bci? Czy uznano Ci\u0119 za ADHD? Autyst\u0119? A mo\u017ce to Twoje dziecko si\u0119 zmaga z tymi problemami&#8230;<\/em><\/p>\n\n\n\n<p><em>You are in the right place to finally get answers and bring meaning to your life, as well as to solve your most serious personal issues or those concerning your child.<\/em><\/p>\n\n\n\n<p><em>This course is for those who want to solve the above-mentioned and other life problems.<\/em><\/p>\n\n\n\n<p><em>This is for people with alternative views and completely classical ones.<\/em><\/p>\n\n\n\n<p><em>Mo\u017ce PO PROSTU SZUKASZ ODPOWIEDZI&#8230;<\/em><\/p>\n\n\n\n<p><em>WE HAVE THEM<\/em><\/p>\n\n\n\n<p><em>NAPRAWD\u0118.&#8221;<\/em><\/p>\n\n\n\n<p>Authors and hosts,<\/p>\n\n\n\n<p>Joanna Cho\u0142uj (an educator, linguist, long-time teacher of other people's children, including autistic and asocial ones, mother of her own indigo\/crystal children whom she has healed herself) <a href=\"https:\/\/joannacholuj.pl\/en\/o-mnie\/\">wi\u0119cej o mnie<\/a><\/p>\n\n\n\n<p>Agnieszka Zaroty\u0144ska (holistic psychologist, alternative educator, polyglot, and mother of indigo\/crystal children whom she cured herself),<a href=\"https:\/\/joannacholuj.pl\/en\/agnieszka-zarotynska\/\"> wi\u0119cej o mnie <\/a><\/p>\n\n\n\n<p>&#8212;&#8212;&#8212;&#8211;<\/p>\n\n\n\n<p>the course is annual and includes:<\/p>\n\n\n\n<p>&#8211; webinary do odtworzenia<\/p>\n\n\n\n<p>&#8211; webinary na \u017cywo raz w tygodniu<\/p>\n\n\n\n<p>&#8211; spotkania w grupie z autorkami kursu raz w tygodniu<\/p>\n\n\n\n<p>&#8211; spotkania indywidualne &#8211; indywidualnie ustalony grafik<\/p>\n\n\n\n<p>&#8211; indywidualnie ustalony plan dzia\u0142ania i szukania rozwi\u0105za\u0144, analiz\u0119 holistyczn\u0105 od Joanny Cho\u0142uj oraz analiz\u0119 astralno-psychologiczn\u0105 od Agnieszki Zaroty\u0144skiej oraz mo\u017cliwo\u015b\u0107 indywidualnie prowadzonej pracy poza kursem z jedn\u0105 z prowadz\u0105cych<\/p>\n\n\n\n<hr class=\"wp-block-separator has-alpha-channel-opacity\"\/>\n\n\n\n<p>course content:<\/p>\n\n\n\n<p>Course topics addressed in various ways during online webinars and in circles\/discussion groups<\/p>\n\n\n\n<p>Who are indigo and crystal children, what is their physical-spiritual constitution and mission in the world?<\/p>\n\n\n\n<p>What is happening to the world, what is the divine matrix and the artificial matrix?<\/p>\n\n\n\n<p>3 history of the cosmos in brief<\/p>\n\n\n\n<p>4 who is god \/ goddess \/ source<\/p>\n\n\n\n<p>5 awareness and raising awareness<\/p>\n\n\n\n<p>6 who I am, my matrix, my origin, my mission and incarnation<\/p>\n\n\n\n<p>7 how to help yourself, how to live in harmony, have a good life, how to maintain love, joy, and so-called high vibrations<\/p>\n\n\n\n<p>8 who is my child, stages of development and child psychology, a spiritual perspective<\/p>\n\n\n\n<p>9 what kind of parent I am (for the childless \u2013 what kind of parents I had), how to raise and educate a child, how to help a child with learning, how to heal a child<\/p>\n\n\n\n<p>10 what is illness, how to restore health to oneself and children, what destroys us and what supports us, what is real and what is not real in this world \u2013 about stereotypes and illusions<\/p>\n\n\n\n<h2 class=\"wp-block-heading\"><a href=\"https:\/\/sklep.joannacholuj.pl\/product\/akademia-szamansko-wiedzminska-kurs-drugi\/\">BUY<\/a><\/h2>\n\n\n\n<hr class=\"wp-block-separator has-alpha-channel-opacity\"\/>\n\n\n\n<figure class=\"wp-block-image size-large is-resized\"><img loading=\"lazy\" decoding=\"async\" width=\"1024\" height=\"461\" src=\"http:\/\/joannacholuj.pl\/wp-content\/uploads\/2025\/09\/IMG20250324082958-1024x461.jpg\" alt=\"\" class=\"wp-image-14055\" style=\"width:609px;height:auto\" srcset=\"https:\/\/joannacholuj.pl\/wp-content\/uploads\/2025\/09\/IMG20250324082958-1024x461.jpg 1024w, https:\/\/joannacholuj.pl\/wp-content\/uploads\/2025\/09\/IMG20250324082958-300x135.jpg 300w, https:\/\/joannacholuj.pl\/wp-content\/uploads\/2025\/09\/IMG20250324082958-768x346.jpg 768w, https:\/\/joannacholuj.pl\/wp-content\/uploads\/2025\/09\/IMG20250324082958-1536x691.jpg 1536w, https:\/\/joannacholuj.pl\/wp-content\/uploads\/2025\/09\/IMG20250324082958-2048x922.jpg 2048w, https:\/\/joannacholuj.pl\/wp-content\/uploads\/2025\/09\/IMG20250324082958-18x8.jpg 18w\" sizes=\"(max-width: 1024px) 100vw, 1024px\" \/><\/figure>","protected":false},"excerpt":{"rendered":"<p>AKADEMIA GAIOSOFII KURS TRZECI NAB\u00d3R NA ROK 2026 jc@joannacholuj.pl KUP kurs roczny dla DOROS\u0141YCH INDYGO oraz dla RODZIC\u00d3W DZIECI INDYGO [&hellip;]<\/p>","protected":false},"author":2,"featured_media":14056,"parent":0,"menu_order":0,"comment_status":"closed","ping_status":"closed","template":"","meta":{"_bbp_topic_count":0,"_bbp_reply_count":0,"_bbp_total_topic_count":0,"_bbp_total_reply_count":0,"_bbp_voice_count":0,"_bbp_anonymous_reply_count":0,"_bbp_topic_count_hidden":0,"_bbp_reply_count_hidden":0,"_bbp_forum_subforum_count":0,"_uag_custom_page_level_css":"","footnotes":""},"class_list":["post-14054","page","type-page","status-publish","has-post-thumbnail","hentry"],"spectra_custom_meta":{"_edit_lock":["1756773460:2"],"_thumbnail_id":["14056"],"_edit_last":["2"],"_uag_page_assets":["a:9:{s:3:\"css\";s:263:\".uag-blocks-common-selector{z-index:var(--z-index-desktop) !important}@media (max-width: 976px){.uag-blocks-common-selector{z-index:var(--z-index-tablet) !important}}@media (max-width: 767px){.uag-blocks-common-selector{z-index:var(--z-index-mobile) !important}}\n\";s:2:\"js\";s:0:\"\";s:18:\"current_block_list\";a:4:{i:0;s:12:\"core\/heading\";i:1;s:14:\"core\/paragraph\";i:2;s:14:\"core\/separator\";i:3;s:10:\"core\/image\";}s:8:\"uag_flag\";b:0;s:11:\"uag_version\";s:10:\"1776385148\";s:6:\"gfonts\";a:0:{}s:10:\"gfonts_url\";s:0:\"\";s:12:\"gfonts_files\";a:0:{}s:14:\"uag_faq_layout\";b:0;}"],"_uag_css_file_name":["uag-css-14054.css"]},"uagb_featured_image_src":{"full":["https:\/\/joannacholuj.pl\/wp-content\/uploads\/2025\/09\/Zrzut-ekranu-5125.png",439,331,false],"thumbnail":["https:\/\/joannacholuj.pl\/wp-content\/uploads\/2025\/09\/Zrzut-ekranu-5125-150x150.png",150,150,true],"medium":["https:\/\/joannacholuj.pl\/wp-content\/uploads\/2025\/09\/Zrzut-ekranu-5125-300x226.png",300,226,true],"medium_large":["https:\/\/joannacholuj.pl\/wp-content\/uploads\/2025\/09\/Zrzut-ekranu-5125.png",439,331,false],"large":["https:\/\/joannacholuj.pl\/wp-content\/uploads\/2025\/09\/Zrzut-ekranu-5125.png",439,331,false],"1536x1536":["https:\/\/joannacholuj.pl\/wp-content\/uploads\/2025\/09\/Zrzut-ekranu-5125.png",439,331,false],"2048x2048":["https:\/\/joannacholuj.pl\/wp-content\/uploads\/2025\/09\/Zrzut-ekranu-5125.png",439,331,false],"trp-custom-language-flag":["https:\/\/joannacholuj.pl\/wp-content\/uploads\/2025\/09\/Zrzut-ekranu-5125-16x12.png",16,12,true],"illdy-blog-list":["https:\/\/joannacholuj.pl\/wp-content\/uploads\/2025\/09\/Zrzut-ekranu-5125.png",439,331,false],"illdy-widget-recent-posts":["https:\/\/joannacholuj.pl\/wp-content\/uploads\/2025\/09\/Zrzut-ekranu-5125-70x70.png",70,70,true],"illdy-blog-post-related-articles":["https:\/\/joannacholuj.pl\/wp-content\/uploads\/2025\/09\/Zrzut-ekranu-5125-240x206.png",240,206,true],"illdy-front-page-latest-news":["https:\/\/joannacholuj.pl\/wp-content\/uploads\/2025\/09\/Zrzut-ekranu-5125-250x213.png",250,213,true],"illdy-front-page-testimonials":["https:\/\/joannacholuj.pl\/wp-content\/uploads\/2025\/09\/Zrzut-ekranu-5125-127x127.png",127,127,true],"illdy-front-page-projects":["https:\/\/joannacholuj.pl\/wp-content\/uploads\/2025\/09\/Zrzut-ekranu-5125.png",439,331,false],"illdy-front-page-person":["https:\/\/joannacholuj.pl\/wp-content\/uploads\/2025\/09\/Zrzut-ekranu-5125-125x125.png",125,125,true]},"uagb_author_info":{"display_name":"Joanna Choluj","author_link":"https:\/\/joannacholuj.pl\/en\/blog\/author\/joannacholuj\/"},"uagb_comment_info":0,"uagb_excerpt":"AKADEMIA GAIOSOFII KURS TRZECI NAB\u00d3R NA ROK 2026 jc@joannacholuj.pl KUP kurs roczny dla DOROS\u0141YCH INDYGO oraz dla RODZIC\u00d3W DZIECI INDYGO [&hellip;]","_links":{"self":[{"href":"https:\/\/joannacholuj.pl\/en\/wp-json\/wp\/v2\/pages\/14054"}],"collection":[{"href":"https:\/\/joannacholuj.pl\/en\/wp-json\/wp\/v2\/pages"}],"about":[{"href":"https:\/\/joannacholuj.pl\/en\/wp-json\/wp\/v2\/types\/page"}],"author":[{"embeddable":true,"href":"https:\/\/joannacholuj.pl\/en\/wp-json\/wp\/v2\/users\/2"}],"replies":[{"embeddable":true,"href":"https:\/\/joannacholuj.pl\/en\/wp-json\/wp\/v2\/comments?post=14054"}],"version-history":[{"count":2,"href":"https:\/\/joannacholuj.pl\/en\/wp-json\/wp\/v2\/pages\/14054\/revisions"}],"predecessor-version":[{"id":14062,"href":"https:\/\/joannacholuj.pl\/en\/wp-json\/wp\/v2\/pages\/14054\/revisions\/14062"}],"wp:featuredmedia":[{"embeddable":true,"href":"https:\/\/joannacholuj.pl\/en\/wp-json\/wp\/v2\/media\/14056"}],"wp:attachment":[{"href":"https:\/\/joannacholuj.pl\/en\/wp-json\/wp\/v2\/media?parent=14054"}],"curies":[{"name":"wp","href":"https:\/\/api.w.org\/{rel}","templated":true}]}}