{"id":13467,"date":"2025-01-11T21:39:23","date_gmt":"2025-01-11T20:39:23","guid":{"rendered":"https:\/\/joannacholuj.pl\/?page_id=13467"},"modified":"2026-01-21T02:27:40","modified_gmt":"2026-01-21T01:27:40","slug":"gaiosofia","status":"publish","type":"page","link":"https:\/\/joannacholuj.pl\/en\/gaiosofia\/","title":{"rendered":"GAIOSOFIA"},"content":{"rendered":"<figure class=\"wp-block-image size-large is-resized\"><img loading=\"lazy\" decoding=\"async\" width=\"1024\" height=\"913\" src=\"https:\/\/joannacholuj.pl\/wp-content\/uploads\/2025\/01\/logo-gaiosofia-1024x913.jpg\" alt=\"\" class=\"wp-image-13470\" style=\"width:119px;height:auto\" srcset=\"https:\/\/joannacholuj.pl\/wp-content\/uploads\/2025\/01\/logo-gaiosofia-1024x913.jpg 1024w, https:\/\/joannacholuj.pl\/wp-content\/uploads\/2025\/01\/logo-gaiosofia-300x268.jpg 300w, https:\/\/joannacholuj.pl\/wp-content\/uploads\/2025\/01\/logo-gaiosofia-768x685.jpg 768w, https:\/\/joannacholuj.pl\/wp-content\/uploads\/2025\/01\/logo-gaiosofia.jpg 1072w\" sizes=\"(max-width: 1024px) 100vw, 1024px\" \/><\/figure>\n\n\n\n<div class=\"wp-block-uagb-advanced-heading uagb-block-7ab315e5\"><\/div>\n\n\n\n<figure class=\"wp-block-image size-full is-resized\"><img loading=\"lazy\" decoding=\"async\" width=\"488\" height=\"650\" src=\"http:\/\/joannacholuj.pl\/wp-content\/uploads\/2024\/12\/IMG20221006125140.jpg\" alt=\"\" class=\"wp-image-13235\" style=\"width:256px;height:auto\" srcset=\"https:\/\/joannacholuj.pl\/wp-content\/uploads\/2024\/12\/IMG20221006125140.jpg 488w, https:\/\/joannacholuj.pl\/wp-content\/uploads\/2024\/12\/IMG20221006125140-225x300.jpg 225w\" sizes=\"(max-width: 488px) 100vw, 488px\" \/><\/figure>\n\n\n\n<p>I, Joanna Cho\u0142uj, as VIEDMA in Peru, created GaioSofia to provide space for personal, cultural and ecological development also to those who do not have the means for this development<\/p>\n\n\n\n<p><strong>Oferuj\u0119 Wam moje charytatywne dzie\u0142o &#8211; Gaiosofi\u0119<\/strong><\/p>\n\n\n\n<p>jEST to oficjalnie zarejestrowana w PEru NGO , Asociacion Gaiosofia Fundation de la Sabiduria de la Tierra,,  . Gaiosofia M\u0105dro\u015b\u0107 Ziemi Stowarzyszenie charytatywne odpowiednik fundacji w Europie. Numer podatkowy RUC: 20614499771, Lima <\/p>\n\n\n\n<p><strong>, jej o\u015brodki na costa ,  sierra  i selva  w Peru w selva Peru. Cerro Azul, Yauyos, Pichanaki. <\/strong>(note: some centers are still being manifested, so the pictures are visualizations)<\/p>\n\n\n\n<figure class=\"wp-block-image size-large\"><img loading=\"lazy\" decoding=\"async\" width=\"776\" height=\"1024\" src=\"https:\/\/joannacholuj.pl\/wp-content\/uploads\/2025\/09\/WhatsApp-Image-2025-09-03-at-19.55.50-776x1024.jpeg\" alt=\"\" class=\"wp-image-14103\" srcset=\"https:\/\/joannacholuj.pl\/wp-content\/uploads\/2025\/09\/WhatsApp-Image-2025-09-03-at-19.55.50-776x1024.jpeg 776w, https:\/\/joannacholuj.pl\/wp-content\/uploads\/2025\/09\/WhatsApp-Image-2025-09-03-at-19.55.50-227x300.jpeg 227w, https:\/\/joannacholuj.pl\/wp-content\/uploads\/2025\/09\/WhatsApp-Image-2025-09-03-at-19.55.50-768x1013.jpeg 768w, https:\/\/joannacholuj.pl\/wp-content\/uploads\/2025\/09\/WhatsApp-Image-2025-09-03-at-19.55.50-9x12.jpeg 9w, https:\/\/joannacholuj.pl\/wp-content\/uploads\/2025\/09\/WhatsApp-Image-2025-09-03-at-19.55.50.jpeg 970w\" sizes=\"(max-width: 776px) 100vw, 776px\" \/><\/figure>\n\n\n\n<p>3, 6, and 9 are codes embedded in my personal matrix. I like the triads they create. Therefore, we are looking for centers collaborating on charitable causes in Africa, Pakistan\/India\/Tibet (Himalayas), Poland, and France. <\/p>\n\n\n\n<p>&nbsp;<\/p>\n\n\n\n<figure class=\"wp-block-image size-large is-resized\"><img loading=\"lazy\" decoding=\"async\" width=\"460\" height=\"1024\" src=\"https:\/\/joannacholuj.pl\/wp-content\/uploads\/2025\/09\/WhatsApp-Image-2025-09-03-at-19.56.35-460x1024.jpeg\" alt=\"\" class=\"wp-image-14104\" style=\"width:273px;height:auto\" srcset=\"https:\/\/joannacholuj.pl\/wp-content\/uploads\/2025\/09\/WhatsApp-Image-2025-09-03-at-19.56.35-460x1024.jpeg 460w, https:\/\/joannacholuj.pl\/wp-content\/uploads\/2025\/09\/WhatsApp-Image-2025-09-03-at-19.56.35-135x300.jpeg 135w, https:\/\/joannacholuj.pl\/wp-content\/uploads\/2025\/09\/WhatsApp-Image-2025-09-03-at-19.56.35-5x12.jpeg 5w, https:\/\/joannacholuj.pl\/wp-content\/uploads\/2025\/09\/WhatsApp-Image-2025-09-03-at-19.56.35.jpeg 575w\" sizes=\"(max-width: 460px) 100vw, 460px\" \/><\/figure>\n\n\n\n<figure class=\"wp-block-image size-full\"><img loading=\"lazy\" decoding=\"async\" width=\"537\" height=\"512\" src=\"https:\/\/joannacholuj.pl\/wp-content\/uploads\/2025\/09\/WhatsApp-Image-2025-09-03-at-19.56.36.jpeg\" alt=\"\" class=\"wp-image-14105\" srcset=\"https:\/\/joannacholuj.pl\/wp-content\/uploads\/2025\/09\/WhatsApp-Image-2025-09-03-at-19.56.36.jpeg 537w, https:\/\/joannacholuj.pl\/wp-content\/uploads\/2025\/09\/WhatsApp-Image-2025-09-03-at-19.56.36-300x286.jpeg 300w, https:\/\/joannacholuj.pl\/wp-content\/uploads\/2025\/09\/WhatsApp-Image-2025-09-03-at-19.56.36-13x12.jpeg 13w\" sizes=\"(max-width: 537px) 100vw, 537px\" \/><\/figure>\n\n\n\n<h5 class=\"wp-block-heading\">WHAT IS GaioSofia FORMALLY?<\/h5>\n\n\n\n<p>Formalnie GaioSofia dzia\u0142a jako Stowarzyszenie charytatywne i Centrum Pomocy i Spotka\u0144 wirtualnych i w realu i mie\u015bci si\u0119 w Peru. RUC: 20614499771 numer podatkowy. <\/p>\n\n\n\n<p>WHO CREATES <\/p>\n\n\n\n<p><\/p>\n\n\n\n<figure class=\"wp-block-image size-large is-resized\"><img loading=\"lazy\" decoding=\"async\" width=\"768\" height=\"1024\" src=\"http:\/\/joannacholuj.pl\/wp-content\/uploads\/2025\/06\/503706511_10165598664550299_3335850165186802147_n-768x1024.jpg\" alt=\"\" class=\"wp-image-13794\" style=\"width:234px;height:auto\" srcset=\"https:\/\/joannacholuj.pl\/wp-content\/uploads\/2025\/06\/503706511_10165598664550299_3335850165186802147_n-768x1024.jpg 768w, https:\/\/joannacholuj.pl\/wp-content\/uploads\/2025\/06\/503706511_10165598664550299_3335850165186802147_n-225x300.jpg 225w, https:\/\/joannacholuj.pl\/wp-content\/uploads\/2025\/06\/503706511_10165598664550299_3335850165186802147_n-1152x1536.jpg 1152w, https:\/\/joannacholuj.pl\/wp-content\/uploads\/2025\/06\/503706511_10165598664550299_3335850165186802147_n.jpg 1536w\" sizes=\"(max-width: 768px) 100vw, 768px\" \/><figcaption class=\"wp-element-caption\">Joanna Cho\u0142uj<\/figcaption><\/figure>\n\n\n\n<figure class=\"wp-block-image size-large is-resized\"><img loading=\"lazy\" decoding=\"async\" width=\"524\" height=\"1024\" src=\"http:\/\/joannacholuj.pl\/wp-content\/uploads\/2025\/09\/c974c7d3-ed29-42f4-a283-71cdbb714174-524x1024.jpeg\" alt=\"\" class=\"wp-image-14058\" style=\"width:334px;height:auto\" srcset=\"https:\/\/joannacholuj.pl\/wp-content\/uploads\/2025\/09\/c974c7d3-ed29-42f4-a283-71cdbb714174-524x1024.jpeg 524w, https:\/\/joannacholuj.pl\/wp-content\/uploads\/2025\/09\/c974c7d3-ed29-42f4-a283-71cdbb714174-153x300.jpeg 153w, https:\/\/joannacholuj.pl\/wp-content\/uploads\/2025\/09\/c974c7d3-ed29-42f4-a283-71cdbb714174-6x12.jpeg 6w, https:\/\/joannacholuj.pl\/wp-content\/uploads\/2025\/09\/c974c7d3-ed29-42f4-a283-71cdbb714174.jpeg 532w\" sizes=\"(max-width: 524px) 100vw, 524px\" \/><figcaption class=\"wp-element-caption\">Agnieszka Zaroty\u0144ska<\/figcaption><\/figure>\n\n\n\n<p><\/p>\n\n\n\n<p>GAIOSOPHY'S OBJECTIVES: <\/p>\n\n\n\n<ul class=\"wp-block-list\">\n<li>-personal development (implemented through meetings, workshops, books and webinars as well as the activities of GaioSofia centers  <\/li>\n\n\n\n<li>-cultural development (cultural exchange Europe - South America - Africa - Asia<\/li>\n\n\n\n<li>- ecological development (eco-friendly activities of the center, i.e. eco-garden, and volunteer exchange)<\/li>\n<\/ul>\n\n\n\n<hr class=\"wp-block-separator has-alpha-channel-opacity\"\/>\n\n\n\n<h5 class=\"wp-block-heading\">WHAT IS GaioSofia FROM A PHILOSOPHICAL AND ESOTERIC PERSPECTIVE? <\/h5>\n\n\n\n<p>From a philosophical and esoteric point of view, GaioSofia is not only a meeting place and a place where help is provided, but above all, it is <strong>osobist\u0105 \u015bcie\u017ck\u0105 samopoznania.<\/strong><\/p>\n\n\n\n<hr class=\"wp-block-separator has-alpha-channel-opacity\"\/>\n\n\n\n<h5 class=\"wp-block-heading\">WHAT HERITAGE AND TRADITION DOES GAIOSOPHY REFER TO? <\/h5>\n\n\n\n<p><strong>GaioSofia, which is a linguistic reference<\/strong> to the theosophy of Helena Blavatsky (TheoSofia) and the anthroposophy of Rudolf Steiner (AntropoSofia) is a real continuation and closure of this esoteric-philosophical triad as well as the opening of these egregores and philosophical boxes<\/p>\n\n\n\n<p>TeoSofia The Wisdom of God<\/p>\n\n\n\n<p>Anthroposophy Human Wisdom<\/p>\n\n\n\n<p>GaioSofia Wisdom of Mother Earth<\/p>\n\n\n\n<p><\/p>\n\n\n\n<hr class=\"wp-block-separator has-alpha-channel-opacity\"\/>\n\n\n\n<p><\/p>\n\n\n\n<h5 class=\"wp-block-heading\">ESOTERIC TASKS OF ACTIVITIES ong GaioSofia and our offer:<\/h5>\n\n\n\n<p>&#8211;&gt; pomaga\u0107 ludziom w  procesie podnoszenia \u015bwiadomo\u015bci i rozumienia swojej misji <\/p>\n\n\n\n<p><a href=\"https:\/\/sklep.joannacholuj.pl\/product\/akademia-szamansko-wiedzminska-kurs-drugi\/\">INDYGO COURSE<\/a> - ACADEMY OF GAIOSOFIA<\/p>\n\n\n\n<p>&#8211;&gt; przygotowa\u0107 Now\u0105 Ziemi\u0119 czyli pom\u00f3c si\u0119 Odrodzi\u0107 Matce GAI ,i KOBIETOM  w pe\u0142ni Mistycznej Mocy<\/p>\n\n\n\n<p><a href=\"https:\/\/sklep.joannacholuj.pl\/product\/akademia-szamansko-wiedzminska-kurs-pierwszy\/\">COURSE RETURN TO MYSTICAL FEMININITY \u2013 GAIOSOFIA ACADEMY<\/a><\/p>\n\n\n\n<p>&#8211;&gt; nauczy\u0107 \u0142\u0105czenia ! a nie dzielenia ! dziedzictwa Szaman\u00f3w (Natywnych, z Ziemi) i ludzi Wiedzy-Vedy (Ari\u00f3w,Chaldej\u00f3w, Lirian, Karistos, PozaZiemskiego)<\/p>\n\n\n\n<p><a href=\"https:\/\/sklep.joannacholuj.pl\/product\/akademia-szamansko-wiedzminska-kurs-trzeci\/\">SHAMANIC-VIEDMIN COURSE OF THE ACADEMY OF GAIOSOPHY <\/a><\/p>\n\n\n\n<p>\u2013&gt; spread ancient knowledge from the three sources mentioned above (Aryans, Incas, Shamans) through lectures, webinars, courses, and books<\/p>\n\n\n\n<p><a href=\"https:\/\/sklep.joannacholuj.pl\/product\/wyprawa-mistyczna-do-peru\/\">MYSTICAL WORKSHOP IN PERU<\/a> <\/p>\n\n\n\n<p>&#8211;&gt; wspomaga\u0107 w grupie w powrocie do Siebie i \u0142\u0105czeniu swoich rozdzielonych przez MAtrix archetyp\u00f3w<\/p>\n\n\n\n<p><a href=\"https:\/\/sklep.joannacholuj.pl\/sklep\/\">GAIOSOFIA STORE AND LIBRARY<\/a><\/p>\n\n\n\n<p>&#8211;&gt; tworzy\u0107 i utrzymywa\u0107 miejsce otwarte dla spotka\u0144 i pracy warsztatowej i wolontariackiej  w Peru, czyli Centrum Wsparcia Rozwoju Duchowego, Filozoficznego, Ekologicznego i Kulturowego (z permakulturowym eko ogrodem, polem namiotowym, j miejscem do ceremonii i medytacji i jogi i domkami dla przybyszy)<\/p>\n\n\n\n<figure class=\"wp-block-image size-full is-resized\"><img loading=\"lazy\" decoding=\"async\" width=\"701\" height=\"496\" src=\"https:\/\/joannacholuj.pl\/wp-content\/uploads\/2025\/09\/WhatsApp-Image-2025-09-03-at-19.57.45.jpeg\" alt=\"\" class=\"wp-image-14106\" style=\"width:263px;height:auto\" srcset=\"https:\/\/joannacholuj.pl\/wp-content\/uploads\/2025\/09\/WhatsApp-Image-2025-09-03-at-19.57.45.jpeg 701w, https:\/\/joannacholuj.pl\/wp-content\/uploads\/2025\/09\/WhatsApp-Image-2025-09-03-at-19.57.45-300x212.jpeg 300w, https:\/\/joannacholuj.pl\/wp-content\/uploads\/2025\/09\/WhatsApp-Image-2025-09-03-at-19.57.45-18x12.jpeg 18w\" sizes=\"(max-width: 701px) 100vw, 701px\" \/><\/figure>\n\n\n\n<figure class=\"wp-block-image size-large is-resized\"><img loading=\"lazy\" decoding=\"async\" width=\"776\" height=\"1024\" src=\"https:\/\/joannacholuj.pl\/wp-content\/uploads\/2025\/09\/WhatsApp-Image-2025-09-03-at-21.27.29-776x1024.jpeg\" alt=\"\" class=\"wp-image-14107\" style=\"width:355px;height:auto\" srcset=\"https:\/\/joannacholuj.pl\/wp-content\/uploads\/2025\/09\/WhatsApp-Image-2025-09-03-at-21.27.29-776x1024.jpeg 776w, https:\/\/joannacholuj.pl\/wp-content\/uploads\/2025\/09\/WhatsApp-Image-2025-09-03-at-21.27.29-227x300.jpeg 227w, https:\/\/joannacholuj.pl\/wp-content\/uploads\/2025\/09\/WhatsApp-Image-2025-09-03-at-21.27.29-768x1013.jpeg 768w, https:\/\/joannacholuj.pl\/wp-content\/uploads\/2025\/09\/WhatsApp-Image-2025-09-03-at-21.27.29-1164x1536.jpeg 1164w, https:\/\/joannacholuj.pl\/wp-content\/uploads\/2025\/09\/WhatsApp-Image-2025-09-03-at-21.27.29-9x12.jpeg 9w, https:\/\/joannacholuj.pl\/wp-content\/uploads\/2025\/09\/WhatsApp-Image-2025-09-03-at-21.27.29.jpeg 1213w\" sizes=\"(max-width: 776px) 100vw, 776px\" \/><\/figure>\n\n\n\n<figure class=\"wp-block-image size-large is-resized\"><img loading=\"lazy\" decoding=\"async\" width=\"776\" height=\"1024\" src=\"https:\/\/joannacholuj.pl\/wp-content\/uploads\/2025\/09\/WhatsApp-Image-2025-09-03-at-21.27.29-1-776x1024.jpeg\" alt=\"\" class=\"wp-image-14108\" style=\"width:397px;height:auto\" srcset=\"https:\/\/joannacholuj.pl\/wp-content\/uploads\/2025\/09\/WhatsApp-Image-2025-09-03-at-21.27.29-1-776x1024.jpeg 776w, https:\/\/joannacholuj.pl\/wp-content\/uploads\/2025\/09\/WhatsApp-Image-2025-09-03-at-21.27.29-1-227x300.jpeg 227w, https:\/\/joannacholuj.pl\/wp-content\/uploads\/2025\/09\/WhatsApp-Image-2025-09-03-at-21.27.29-1-768x1013.jpeg 768w, https:\/\/joannacholuj.pl\/wp-content\/uploads\/2025\/09\/WhatsApp-Image-2025-09-03-at-21.27.29-1-1164x1536.jpeg 1164w, https:\/\/joannacholuj.pl\/wp-content\/uploads\/2025\/09\/WhatsApp-Image-2025-09-03-at-21.27.29-1-9x12.jpeg 9w, https:\/\/joannacholuj.pl\/wp-content\/uploads\/2025\/09\/WhatsApp-Image-2025-09-03-at-21.27.29-1.jpeg 1213w\" sizes=\"(max-width: 776px) 100vw, 776px\" \/><\/figure>\n\n\n\n<figure class=\"wp-block-image size-full\"><img loading=\"lazy\" decoding=\"async\" width=\"960\" height=\"640\" src=\"http:\/\/joannacholuj.pl\/wp-content\/uploads\/2025\/03\/IMG_2490donem.jpg\" alt=\"\" class=\"wp-image-13545\" srcset=\"https:\/\/joannacholuj.pl\/wp-content\/uploads\/2025\/03\/IMG_2490donem.jpg 960w, https:\/\/joannacholuj.pl\/wp-content\/uploads\/2025\/03\/IMG_2490donem-300x200.jpg 300w, https:\/\/joannacholuj.pl\/wp-content\/uploads\/2025\/03\/IMG_2490donem-768x512.jpg 768w, https:\/\/joannacholuj.pl\/wp-content\/uploads\/2025\/03\/IMG_2490donem-750x500.jpg 750w\" sizes=\"(max-width: 960px) 100vw, 960px\" \/><\/figure>\n\n\n\n<figure class=\"wp-block-image size-large is-resized\"><img loading=\"lazy\" decoding=\"async\" width=\"776\" height=\"1024\" src=\"https:\/\/joannacholuj.pl\/wp-content\/uploads\/2025\/09\/WhatsApp-Image-2025-09-03-at-21.27.29-2-776x1024.jpeg\" alt=\"\" class=\"wp-image-14109\" style=\"width:367px;height:auto\" srcset=\"https:\/\/joannacholuj.pl\/wp-content\/uploads\/2025\/09\/WhatsApp-Image-2025-09-03-at-21.27.29-2-776x1024.jpeg 776w, https:\/\/joannacholuj.pl\/wp-content\/uploads\/2025\/09\/WhatsApp-Image-2025-09-03-at-21.27.29-2-227x300.jpeg 227w, https:\/\/joannacholuj.pl\/wp-content\/uploads\/2025\/09\/WhatsApp-Image-2025-09-03-at-21.27.29-2-768x1013.jpeg 768w, https:\/\/joannacholuj.pl\/wp-content\/uploads\/2025\/09\/WhatsApp-Image-2025-09-03-at-21.27.29-2-1164x1536.jpeg 1164w, https:\/\/joannacholuj.pl\/wp-content\/uploads\/2025\/09\/WhatsApp-Image-2025-09-03-at-21.27.29-2-9x12.jpeg 9w, https:\/\/joannacholuj.pl\/wp-content\/uploads\/2025\/09\/WhatsApp-Image-2025-09-03-at-21.27.29-2.jpeg 1213w\" sizes=\"(max-width: 776px) 100vw, 776px\" \/><\/figure>\n\n\n\n<p> Watch the video to understand exactly what the path of GAIOSOPHY is. <\/p>\n\n\n\n<iframe loading=\"lazy\" width=\"560\" height=\"315\" src=\"https:\/\/www.youtube.com\/embed\/ouZQRxkzkbg?si=fHfkXlxj8aR_vmg6\" title=\"YouTube video player\" frameborder=\"0\" allow=\"accelerometer; autoplay; clipboard-write; encrypted-media; gyroscope; picture-in-picture; web-share\" referrerpolicy=\"strict-origin-when-cross-origin\" allowfullscreen><\/iframe>\n\n\n\n<h5 class=\"wp-block-heading\"><\/h5>\n\n\n\n<p><\/p>\n\n\n\n<figure class=\"wp-block-image size-large is-resized\"><img loading=\"lazy\" decoding=\"async\" width=\"1024\" height=\"913\" src=\"http:\/\/joannacholuj.pl\/wp-content\/uploads\/2025\/01\/logo-gaiosofia-1024x913.jpg\" alt=\"\" class=\"wp-image-13470\" style=\"width:89px;height:auto\" srcset=\"https:\/\/joannacholuj.pl\/wp-content\/uploads\/2025\/01\/logo-gaiosofia-1024x913.jpg 1024w, https:\/\/joannacholuj.pl\/wp-content\/uploads\/2025\/01\/logo-gaiosofia-300x268.jpg 300w, https:\/\/joannacholuj.pl\/wp-content\/uploads\/2025\/01\/logo-gaiosofia-768x685.jpg 768w, https:\/\/joannacholuj.pl\/wp-content\/uploads\/2025\/01\/logo-gaiosofia.jpg 1072w\" sizes=\"(max-width: 1024px) 100vw, 1024px\" \/><\/figure>\n\n\n\n<p>SEE YOU ON THE PATH OF GAIOSOFIA! <\/p>\n\n\n\n<p>LINKS<\/p>\n\n\n\n<p><a href=\"https:\/\/gaiosofia.com\">https:\/\/gaiosofia.com<\/a><\/p>\n\n\n\n<p><a href=\"https:\/\/www.facebook.com\/gaiosofia.peru\">https:\/\/www.facebook.com\/gaiosofia.peru<\/a><\/p>\n\n\n\n<p><a href=\"https:\/\/www.tiktok.com\/@gaiosofia.joannacholuj\">https:\/\/www.tiktok.com\/@gaiosofia.joannacholuj<\/a><\/p>\n\n\n\n<p><a href=\"https:\/\/x.com\/GaiosofiaS29154\">https:\/\/x.com\/GaiosofiaS29154<\/a><\/p>\n\n\n\n<p><a href=\"https:\/\/www.likedin.com\/in\/gaiosofia-foundation-wisdom-of-the-earth\">https:\/\/www.likedin.com\/in\/gaiosofia-foundation-wisdom-of-the-earth<\/a><\/p>\n\n\n\n<p><a href=\"https:\/\/threads.com\/gaiosofia.foundation\">https:\/\/threads.com\/gaiosofia.foundation<\/a><\/p>\n\n\n\n<p><a href=\"https:\/\/www.instagram.com\/gaiosofia.foundation\">https:\/\/www.instagram.com\/gaiosofia.foundation<\/a><\/p>\n\n\n\n<p><a href=\"https:\/\/youtube.com\/gaiosofia\">https:\/\/youtube.com\/gaiosofia<\/a><\/p>\n\n\n\n<p>email.: jc@joannacholuj.pl<\/p>\n\n\n\n<p>gaiosofiasofia@gmail.com<\/p>\n\n\n\n<p>whatsapp:<\/p>\n\n\n\n<p>+48 605 66 3939, +51 999 333 717, +51 994 309 493<\/p>\n\n\n\n<p>Grupy <\/p>\n\n\n\n<p> WhatsApp:<a href=\" https:\/\/chat.whatsapp.com\/CCHk9PPheoo4HQd0dLxlCV\"> https:\/\/chat.whatsapp.com\/CCHk9PPheoo4HQd0dLxlCV<\/a><\/p>\n\n\n\n<p><a href=\"https:\/\/web.facebook.com\/groups\/rytyuwolnieniaziemi\">https:\/\/web.facebook.com\/groups\/rytyuwolnieniaziemi<\/a><\/p>\n\n\n\n<p><a href=\"https:\/\/web.facebook.com\/groups\/gaiaversusmatrix\/\">https:\/\/web.facebook.com\/groups\/gaiaversusmatrix\/<\/a><\/p>\n\n\n\n<h2 class=\"wp-block-heading\">FRIDAYS AND SATURDAYS: TALKS, LIVE, REEL<\/h2>\n\n\n\n<p><\/p>\n\n\n\n<p><\/p>\n\n\n\n<p><\/p>\n\n\n\n<p><\/p>\n\n\n\n<p><\/p>\n\n\n\n<p><\/p>\n\n\n\n<p><\/p>","protected":false},"excerpt":{"rendered":"<p>JA Joanna Cho\u0142uj, jako VIEDMA w Peru, stworzy\u0142am GaioSofi\u0119, aby da\u0107 przestrze\u0144 rozwoju osobistego, kulturowego i ekologcznego tak\u017ce tym, kt\u00f3rzy [&hellip;]<\/p>","protected":false},"author":2,"featured_media":14232,"parent":0,"menu_order":0,"comment_status":"closed","ping_status":"closed","template":"","meta":{"_bbp_topic_count":0,"_bbp_reply_count":0,"_bbp_total_topic_count":0,"_bbp_total_reply_count":0,"_bbp_voice_count":0,"_bbp_anonymous_reply_count":0,"_bbp_topic_count_hidden":0,"_bbp_reply_count_hidden":0,"_bbp_forum_subforum_count":0,"_uag_custom_page_level_css":"","footnotes":""},"class_list":["post-13467","page","type-page","status-publish","has-post-thumbnail","hentry"],"spectra_custom_meta":{"_edit_lock":["1768958861:2"],"_edit_last":["2"],"_thumbnail_id":["14232"],"_oembed_9c03fc27d71638e945ff615054a30a4e":["{{unknown}}"],"_oembed_c389b81ee1bbc82dac1efe90aa6a6861":["{{unknown}}"],"_oembed_cad09f2efb613de71c4ce60209def5e0":["<blockquote class=\"tiktok-embed\" cite=\"https:\/\/www.tiktok.com\/@gaiosofia.joannacholuj\" data-unique-id=\"gaiosofia.joannacholuj\" data-embed-from=\"oembed\" data-embed-type=\"creator\" style=\"max-width:780px; min-width:288px;\"> <section> <a target=\"_blank\" href=\"https:\/\/www.tiktok.com\/@gaiosofia.joannacholuj?refer=creator_embed\">@gaiosofia.joannacholuj<\/a> <\/section> <\/blockquote> <script async src=\"https:\/\/www.tiktok.com\/embed.js\"><\/script>"],"_oembed_time_cad09f2efb613de71c4ce60209def5e0":["1756959186"],"_oembed_31898e34fd66b429f9d50116f6b02204":["{{unknown}}"],"_oembed_f3aeb80bd1755b28347b9380dddfdf4f":["{{unknown}}"],"_oembed_92a1d9f3ef67e903c702b01b2e064e71":["{{unknown}}"],"_oembed_655242f7f34a7f63d8c121b19f4535c4":["{{unknown}}"],"_oembed_8a9dacd01861b00b0812227abcbddd0c":["{{unknown}}"],"_uag_page_assets":["a:9:{s:3:\"css\";s:1921:\".wp-block-uagb-advanced-heading h1,.wp-block-uagb-advanced-heading h2,.wp-block-uagb-advanced-heading h3,.wp-block-uagb-advanced-heading h4,.wp-block-uagb-advanced-heading h5,.wp-block-uagb-advanced-heading h6,.wp-block-uagb-advanced-heading p,.wp-block-uagb-advanced-heading div{word-break:break-word}.wp-block-uagb-advanced-heading .uagb-heading-text{margin:0}.wp-block-uagb-advanced-heading .uagb-desc-text{margin:0}.wp-block-uagb-advanced-heading .uagb-separator{font-size:0;border-top-style:solid;display:inline-block;margin:0 0 10px 0}.wp-block-uagb-advanced-heading .uagb-highlight{color:#f78a0c;border:0;transition:all 0.3s ease}.uag-highlight-toolbar{border-left:0;border-top:0;border-bottom:0;border-radius:0;border-right-color:#1e1e1e}.uag-highlight-toolbar .components-button{border-radius:0;outline:none}.uag-highlight-toolbar .components-button.is-primary{color:#fff}\n.wp-block-uagb-advanced-heading.uagb-block-7ab315e5.wp-block-uagb-advanced-heading {text-align: right;}.wp-block-uagb-advanced-heading.uagb-block-7ab315e5.wp-block-uagb-advanced-heading .uagb-desc-text{margin-bottom: 15px;}.wp-block-uagb-advanced-heading.uagb-block-7ab315e5.wp-block-uagb-advanced-heading .uagb-highlight{font-style: normal;font-weight: Default;background: #007cba;color: #fff;-webkit-text-fill-color: #fff;}.wp-block-uagb-advanced-heading.uagb-block-7ab315e5.wp-block-uagb-advanced-heading .uagb-highlight::-moz-selection{color: #fff;background: #007cba;-webkit-text-fill-color: #fff;}.wp-block-uagb-advanced-heading.uagb-block-7ab315e5.wp-block-uagb-advanced-heading .uagb-highlight::selection{color: #fff;background: #007cba;-webkit-text-fill-color: #fff;}.uag-blocks-common-selector{z-index:var(--z-index-desktop) !important}@media (max-width: 976px){.uag-blocks-common-selector{z-index:var(--z-index-tablet) !important}}@media (max-width: 767px){.uag-blocks-common-selector{z-index:var(--z-index-mobile) !important}}\n\";s:2:\"js\";s:0:\"\";s:18:\"current_block_list\";a:8:{i:0;s:10:\"core\/image\";i:1;s:21:\"uagb\/advanced-heading\";i:2;s:14:\"core\/paragraph\";i:3;s:12:\"core\/heading\";i:4;s:9:\"core\/list\";i:5;s:14:\"core\/list-item\";i:6;s:14:\"core\/separator\";i:7;s:9:\"core\/html\";}s:8:\"uag_flag\";b:1;s:11:\"uag_version\";s:10:\"1776556332\";s:6:\"gfonts\";a:0:{}s:10:\"gfonts_url\";s:0:\"\";s:12:\"gfonts_files\";a:0:{}s:14:\"uag_faq_layout\";b:0;}"],"_uag_css_file_name":["uag-css-13467.css"]},"uagb_featured_image_src":{"full":["https:\/\/joannacholuj.pl\/wp-content\/uploads\/2025\/11\/gaiosofia-event-kursy3.jpg",1048,786,false],"thumbnail":["https:\/\/joannacholuj.pl\/wp-content\/uploads\/2025\/11\/gaiosofia-event-kursy3-150x150.jpg",150,150,true],"medium":["https:\/\/joannacholuj.pl\/wp-content\/uploads\/2025\/11\/gaiosofia-event-kursy3-300x225.jpg",300,225,true],"medium_large":["https:\/\/joannacholuj.pl\/wp-content\/uploads\/2025\/11\/gaiosofia-event-kursy3-768x576.jpg",640,480,true],"large":["https:\/\/joannacholuj.pl\/wp-content\/uploads\/2025\/11\/gaiosofia-event-kursy3-1024x768.jpg",640,480,true],"1536x1536":["https:\/\/joannacholuj.pl\/wp-content\/uploads\/2025\/11\/gaiosofia-event-kursy3.jpg",1048,786,false],"2048x2048":["https:\/\/joannacholuj.pl\/wp-content\/uploads\/2025\/11\/gaiosofia-event-kursy3.jpg",1048,786,false],"trp-custom-language-flag":["https:\/\/joannacholuj.pl\/wp-content\/uploads\/2025\/11\/gaiosofia-event-kursy3-16x12.jpg",16,12,true],"illdy-blog-list":["https:\/\/joannacholuj.pl\/wp-content\/uploads\/2025\/11\/gaiosofia-event-kursy3-750x500.jpg",750,500,true],"illdy-widget-recent-posts":["https:\/\/joannacholuj.pl\/wp-content\/uploads\/2025\/11\/gaiosofia-event-kursy3-70x70.jpg",70,70,true],"illdy-blog-post-related-articles":["https:\/\/joannacholuj.pl\/wp-content\/uploads\/2025\/11\/gaiosofia-event-kursy3-240x206.jpg",240,206,true],"illdy-front-page-latest-news":["https:\/\/joannacholuj.pl\/wp-content\/uploads\/2025\/11\/gaiosofia-event-kursy3-250x213.jpg",250,213,true],"illdy-front-page-testimonials":["https:\/\/joannacholuj.pl\/wp-content\/uploads\/2025\/11\/gaiosofia-event-kursy3-127x127.jpg",127,127,true],"illdy-front-page-projects":["https:\/\/joannacholuj.pl\/wp-content\/uploads\/2025\/11\/gaiosofia-event-kursy3-476x476.jpg",476,476,true],"illdy-front-page-person":["https:\/\/joannacholuj.pl\/wp-content\/uploads\/2025\/11\/gaiosofia-event-kursy3-125x125.jpg",125,125,true]},"uagb_author_info":{"display_name":"Joanna Choluj","author_link":"https:\/\/joannacholuj.pl\/en\/blog\/author\/joannacholuj\/"},"uagb_comment_info":0,"uagb_excerpt":"JA Joanna Cho\u0142uj, jako VIEDMA w Peru, stworzy\u0142am GaioSofi\u0119, aby da\u0107 przestrze\u0144 rozwoju osobistego, kulturowego i ekologcznego tak\u017ce tym, kt\u00f3rzy [&hellip;]","_links":{"self":[{"href":"https:\/\/joannacholuj.pl\/en\/wp-json\/wp\/v2\/pages\/13467"}],"collection":[{"href":"https:\/\/joannacholuj.pl\/en\/wp-json\/wp\/v2\/pages"}],"about":[{"href":"https:\/\/joannacholuj.pl\/en\/wp-json\/wp\/v2\/types\/page"}],"author":[{"embeddable":true,"href":"https:\/\/joannacholuj.pl\/en\/wp-json\/wp\/v2\/users\/2"}],"replies":[{"embeddable":true,"href":"https:\/\/joannacholuj.pl\/en\/wp-json\/wp\/v2\/comments?post=13467"}],"version-history":[{"count":48,"href":"https:\/\/joannacholuj.pl\/en\/wp-json\/wp\/v2\/pages\/13467\/revisions"}],"predecessor-version":[{"id":14258,"href":"https:\/\/joannacholuj.pl\/en\/wp-json\/wp\/v2\/pages\/13467\/revisions\/14258"}],"wp:featuredmedia":[{"embeddable":true,"href":"https:\/\/joannacholuj.pl\/en\/wp-json\/wp\/v2\/media\/14232"}],"wp:attachment":[{"href":"https:\/\/joannacholuj.pl\/en\/wp-json\/wp\/v2\/media?parent=13467"}],"curies":[{"name":"wp","href":"https:\/\/api.w.org\/{rel}","templated":true}]}}