{"id":13363,"date":"2024-12-31T00:23:51","date_gmt":"2024-12-30T23:23:51","guid":{"rendered":"https:\/\/joannacholuj.pl\/?page_id=13363"},"modified":"2025-11-04T02:33:21","modified_gmt":"2025-11-04T01:33:21","slug":"mistyczne-peru","status":"publish","type":"page","link":"https:\/\/joannacholuj.pl\/en\/mistyczne-peru\/","title":{"rendered":"Mystical workshop in Peru"},"content":{"rendered":"<p class=\"has-text-align-right\"><\/p>\n\n\n\n<p><\/p>\n\n\n\n<h4 class=\"wp-block-heading has-text-align-center\">I invite you, Woman and Man, on a mystical journey to the Ancient Land of Shamans and Incas in Peru.<\/h4>\n\n\n\n<p class=\"has-text-align-center\">where the codes of the Pra-Mother of the Universe were recorded in the Earth, where&nbsp;<strong>shamanism<\/strong>&nbsp;of people with Q genetics who arrived tens of thousands of years ago from Siberia, intertwines with&nbsp;<strong>philosophy of nature,<\/strong>&nbsp;<strong>antlantian Incas<\/strong>&nbsp;and with&nbsp;<strong>Vedic knowledge and the genetics of the R1a people (Proto-Slavs from the Vinca civilization in Europe)<\/strong>&nbsp;who arrived 6,000 years ago to mine bronze in both Americas.<\/p>\n\n\n\n<p><\/p>\n\n\n\n<p class=\"has-text-align-center\">TUTAJ AKTYWUJESZ SWOJE NAJWA\u017bNIEJSZE ARCHETYPY!<\/p>\n\n\n\n<p class=\"has-text-align-center\">HERE YOU WILL UNDERSTAND HOW TO RETURN TO YOURSELF, YOUR TRUTH, JOY AND WEALTH<\/p>\n\n\n\n<p><\/p>\n\n\n\n<p class=\"has-text-align-center\">Zapraszam Was do wsp\u00f3lnych rytua\u0142\u00f3w i misterium alchemicznego \u017be\u0144skiej i M\u0119skiej Energii oraz aktywacji swoich \u017cywio\u0142\u00f3w w Ziemi Staro\u017cytnej &#8211; Peru !<\/p>\n\n\n\n<p><\/p>\n\n\n\n<p><\/p>\n\n\n<div class=\"wp-block-image\">\n<figure class=\"aligncenter size-large is-resized\"><a href=\"https:\/\/joannacholuj.pl\/en\/wyprawadoperu\/\"><img loading=\"lazy\" decoding=\"async\" width=\"1024\" height=\"461\" src=\"https:\/\/joannacholuj.pl\/wp-content\/uploads\/2024\/12\/449486395_454052434249143_8296658176853504262_n-1024x461.webp\" alt=\"\" class=\"wp-image-13365\" style=\"width:475px;height:auto\" srcset=\"https:\/\/joannacholuj.pl\/wp-content\/uploads\/2024\/12\/449486395_454052434249143_8296658176853504262_n-1024x461.webp 1024w, https:\/\/joannacholuj.pl\/wp-content\/uploads\/2024\/12\/449486395_454052434249143_8296658176853504262_n-300x135.webp 300w, https:\/\/joannacholuj.pl\/wp-content\/uploads\/2024\/12\/449486395_454052434249143_8296658176853504262_n-768x345.webp 768w, https:\/\/joannacholuj.pl\/wp-content\/uploads\/2024\/12\/449486395_454052434249143_8296658176853504262_n-1536x691.webp 1536w, https:\/\/joannacholuj.pl\/wp-content\/uploads\/2024\/12\/449486395_454052434249143_8296658176853504262_n.webp 2048w\" sizes=\"(max-width: 1024px) 100vw, 1024px\" \/><\/a><\/figure><\/div>\n\n\n<p>\u017bYWIO\u0141 ZIMNEJ WODY i 1 ARCHETYP &#8211; ODNAJDZIESZ SWOJE WEWN\u0118TRZNE DZIECKO I WEWN\u0118TRZNY FLOW &#8211; NAP\u0118D&nbsp;, ZBADASZ POZIOM SWOJEJ TRAUMY ODRZUCENIA I NIEBYCIA WIDZIAN\u0104 AKCEPTOWAN\u0104<\/p>\n\n\n\n<p><br>\u017bYWIO\u0141 CIEP\u0141EJ WODY &#8211; POWIETRZA I 2 ARCHETYP- ODNAJDZIESZ SWOJ\u0104 OSOBIST\u0104 PRAWD\u0118 I OBUDZISZ SWOJE PRAGNIENIA , MANIFESTACJ\u0118 I ODBLOKUJESZ UMIEJ\u0118TNO\u015a\u0106 PRZYJMOWANIA DOBROSTANU<\/p>\n\n\n\n<p><br>\u017bYWIO\u0141 CIEP\u0141EGO OGNIA I 3 ARCHETYP &#8211; ODNAJDZIESZ SWOJ\u0104 WEWN\u0104TRZN\u0104 MOC I CH\u0118\u0106 DO DZIA\u0141ANIA I KREOWANIA \u017bYCIA JAKIEGO PRAGNIESZ, ZBADASZ BLOKADY : AUTOSABOTA\u017b I PROKRASTYNACJ\u0118<\/p>\n\n\n\n<p>\u017bYWIO\u0141 ZIMNEGO OGNIA &#8211; ELEKTRYCZNO\u015aCI I 4 ARCHETYP &#8211; ODNAJDZIESZ SWOJE WEWN\u0104TRZNE KODY, SWOJ\u0104 MATRYC\u0118 I W\u0141ASNY PRAWDZIWY J\u0118ZYK, ABY MANIFESTOWA\u0106, KODOWA\u0106 I WYRA\u017bA\u0106 SIEBIE<\/p>\n\n\n\n<p><br>\u017bYWIO\u0141 ZIEMI I 5 ARCHETYP &#8211; WYRAZISZ TO CZEGO PRAGNIESZ W KONKRETACH, STWORZYSZ ODPOWIEDNI DLA SIEBIE PLAN I WIZJ\u0118, OSTATECZNIE PRZYJRZYSZ SI\u0118 RANIE MATCZYNEJ I BLOKADOM &#8211; PRZYJMOWANIE D\u00d3BR OD KOSMOSU, DOBROSTANU, OBFITO\u015aCI<\/p>\n\n\n\n<p>\u017bYWIO\u0141 ETERU I 6 ARCHETYP &#8211; ODNAJDZIESZ SWOJ\u0104 WEWN\u0104TRZN\u0104 NAJG\u0141\u0118BSZ\u0104 ISTOT\u0118, O\u015a SAMEGO SIEBIE I ESENCJ\u0118 SWOICH ENERGII<\/p>\n\n\n\n<p><\/p>\n\n\n\n<p><\/p>\n\n\n\n<p><\/p>\n\n\n\n<h4 class=\"wp-block-heading has-text-align-center\"><a href=\"https:\/\/joannacholuj.pl\/en\/mistyczny-warsztat-w-peru-szczegoly\/\">Mystical workshops in Peru \u2013 DETAILS<\/a><\/h4>\n\n\n\n<p><\/p>\n\n\n\n<p><\/p>\n\n\n\n<h4 class=\"wp-block-heading has-text-align-center\"><\/h4>\n\n\n\n<p><\/p>","protected":false},"excerpt":{"rendered":"<p>Zapraszam Ciebie Kobieto i Ciebie M\u0119\u017cczyzno w mistyczn\u0105 podr\u00f3\u017c do Prastarej Krainy Szaman\u00f3w i Ink\u00f3w w Peru tam, gdzie zapisane [&hellip;]<\/p>","protected":false},"author":2,"featured_media":13365,"parent":0,"menu_order":0,"comment_status":"closed","ping_status":"closed","template":"","meta":{"_bbp_topic_count":0,"_bbp_reply_count":0,"_bbp_total_topic_count":0,"_bbp_total_reply_count":0,"_bbp_voice_count":0,"_bbp_anonymous_reply_count":0,"_bbp_topic_count_hidden":0,"_bbp_reply_count_hidden":0,"_bbp_forum_subforum_count":0,"_uag_custom_page_level_css":"","footnotes":""},"class_list":["post-13363","page","type-page","status-publish","has-post-thumbnail","hentry"],"spectra_custom_meta":{"_edit_lock":["1762220001:2"],"_edit_last":["2"],"_thumbnail_id":["13365"],"_uag_page_assets":["a:9:{s:3:\"css\";s:263:\".uag-blocks-common-selector{z-index:var(--z-index-desktop) !important}@media (max-width: 976px){.uag-blocks-common-selector{z-index:var(--z-index-tablet) !important}}@media (max-width: 767px){.uag-blocks-common-selector{z-index:var(--z-index-mobile) !important}}\n\";s:2:\"js\";s:0:\"\";s:18:\"current_block_list\";a:3:{i:0;s:14:\"core\/paragraph\";i:1;s:12:\"core\/heading\";i:2;s:10:\"core\/image\";}s:8:\"uag_flag\";b:0;s:11:\"uag_version\";s:10:\"1775454065\";s:6:\"gfonts\";a:0:{}s:10:\"gfonts_url\";s:0:\"\";s:12:\"gfonts_files\";a:0:{}s:14:\"uag_faq_layout\";b:0;}"],"_uag_css_file_name":["uag-css-13363.css"]},"uagb_featured_image_src":{"full":["https:\/\/joannacholuj.pl\/wp-content\/uploads\/2024\/12\/449486395_454052434249143_8296658176853504262_n.webp",2048,921,false],"thumbnail":["https:\/\/joannacholuj.pl\/wp-content\/uploads\/2024\/12\/449486395_454052434249143_8296658176853504262_n-150x150.webp",150,150,true],"medium":["https:\/\/joannacholuj.pl\/wp-content\/uploads\/2024\/12\/449486395_454052434249143_8296658176853504262_n-300x135.webp",300,135,true],"medium_large":["https:\/\/joannacholuj.pl\/wp-content\/uploads\/2024\/12\/449486395_454052434249143_8296658176853504262_n-768x345.webp",640,288,true],"large":["https:\/\/joannacholuj.pl\/wp-content\/uploads\/2024\/12\/449486395_454052434249143_8296658176853504262_n-1024x461.webp",640,288,true],"1536x1536":["https:\/\/joannacholuj.pl\/wp-content\/uploads\/2024\/12\/449486395_454052434249143_8296658176853504262_n-1536x691.webp",1536,691,true],"2048x2048":["https:\/\/joannacholuj.pl\/wp-content\/uploads\/2024\/12\/449486395_454052434249143_8296658176853504262_n.webp",2048,921,false],"trp-custom-language-flag":["https:\/\/joannacholuj.pl\/wp-content\/uploads\/2024\/12\/449486395_454052434249143_8296658176853504262_n.webp",18,8,false],"illdy-blog-list":["https:\/\/joannacholuj.pl\/wp-content\/uploads\/2024\/12\/449486395_454052434249143_8296658176853504262_n-750x500.webp",750,500,true],"illdy-widget-recent-posts":["https:\/\/joannacholuj.pl\/wp-content\/uploads\/2024\/12\/449486395_454052434249143_8296658176853504262_n-70x70.webp",70,70,true],"illdy-blog-post-related-articles":["https:\/\/joannacholuj.pl\/wp-content\/uploads\/2024\/12\/449486395_454052434249143_8296658176853504262_n-240x206.webp",240,206,true],"illdy-front-page-latest-news":["https:\/\/joannacholuj.pl\/wp-content\/uploads\/2024\/12\/449486395_454052434249143_8296658176853504262_n-250x213.webp",250,213,true],"illdy-front-page-testimonials":["https:\/\/joannacholuj.pl\/wp-content\/uploads\/2024\/12\/449486395_454052434249143_8296658176853504262_n-127x127.webp",127,127,true],"illdy-front-page-projects":["https:\/\/joannacholuj.pl\/wp-content\/uploads\/2024\/12\/449486395_454052434249143_8296658176853504262_n-476x476.webp",476,476,true],"illdy-front-page-person":["https:\/\/joannacholuj.pl\/wp-content\/uploads\/2024\/12\/449486395_454052434249143_8296658176853504262_n-125x125.webp",125,125,true]},"uagb_author_info":{"display_name":"Joanna Choluj","author_link":"https:\/\/joannacholuj.pl\/en\/blog\/author\/joannacholuj\/"},"uagb_comment_info":0,"uagb_excerpt":"Zapraszam Ciebie Kobieto i Ciebie M\u0119\u017cczyzno w mistyczn\u0105 podr\u00f3\u017c do Prastarej Krainy Szaman\u00f3w i Ink\u00f3w w Peru tam, gdzie zapisane [&hellip;]","_links":{"self":[{"href":"https:\/\/joannacholuj.pl\/en\/wp-json\/wp\/v2\/pages\/13363"}],"collection":[{"href":"https:\/\/joannacholuj.pl\/en\/wp-json\/wp\/v2\/pages"}],"about":[{"href":"https:\/\/joannacholuj.pl\/en\/wp-json\/wp\/v2\/types\/page"}],"author":[{"embeddable":true,"href":"https:\/\/joannacholuj.pl\/en\/wp-json\/wp\/v2\/users\/2"}],"replies":[{"embeddable":true,"href":"https:\/\/joannacholuj.pl\/en\/wp-json\/wp\/v2\/comments?post=13363"}],"version-history":[{"count":23,"href":"https:\/\/joannacholuj.pl\/en\/wp-json\/wp\/v2\/pages\/13363\/revisions"}],"predecessor-version":[{"id":14184,"href":"https:\/\/joannacholuj.pl\/en\/wp-json\/wp\/v2\/pages\/13363\/revisions\/14184"}],"wp:featuredmedia":[{"embeddable":true,"href":"https:\/\/joannacholuj.pl\/en\/wp-json\/wp\/v2\/media\/13365"}],"wp:attachment":[{"href":"https:\/\/joannacholuj.pl\/en\/wp-json\/wp\/v2\/media?parent=13363"}],"curies":[{"name":"wp","href":"https:\/\/api.w.org\/{rel}","templated":true}]}}