{"id":12946,"date":"2024-09-17T21:07:27","date_gmt":"2024-09-17T19:07:27","guid":{"rendered":"https:\/\/joannacholuj.pl\/?page_id=12946"},"modified":"2024-09-18T03:36:13","modified_gmt":"2024-09-18T01:36:13","slug":"kup-8-serie-sesji","status":"publish","type":"page","link":"https:\/\/joannacholuj.pl\/en\/kup-8-serie-sesji\/","title":{"rendered":"kup 8  sesji"},"content":{"rendered":"<p>KUP SERI\u0118 SESJI <\/p>\n\n\n\n<h3 class=\"wp-block-heading\">3200 PLN 745 EUR. 830 USD<\/h3>\n\n\n\n<p><\/p>\n\n\n\n<p><strong>MUSISZ WYS\u0141A\u0106 MI POTWIERDZENIE P\u0141ATNO\u015aCI EMAILEM&nbsp;<\/strong><\/p>\n\n\n\n<hr class=\"wp-block-separator has-alpha-channel-opacity\"\/>\n\n\n\n<p><\/p>\n\n\n\n<p>jc@joannacholuj.pl<\/p>\n\n\n\n<p>PAYPAL <\/p>\n\n\n\n<p><strong>WYBIERZ OPCJ\u0118 TYLE MA WEJ\u015a\u0106 NA MOJE KONTO nie ! TYLE WYSY\u0141ASZ&nbsp;&nbsp;(ewentualne przewalu<\/strong>towanie) <\/p>\n\n\n\n<p><\/p>\n\n\n\n<p><\/p>\n\n\n\n<h4 class=\"wp-block-heading\"><\/h4>\n\n\n\n<p><\/p>\n\n\n\n<hr class=\"wp-block-separator has-alpha-channel-opacity\"\/>\n\n\n\n<hr class=\"wp-block-separator has-alpha-channel-opacity\"\/>\n\n\n\n<p>POLSKI BANK &#8211; PRZELEW NA KONTO BANKOWE &#8211; <\/p>\n\n\n\n<p>PKO BP Joanna Cho\u0142uj&nbsp; 74 1020 1097 0000 7402 0143 7458<\/p>\n\n\n\n<p>W TEMACIE PRZELEWU WPISUJEMY &#8222;DAROWIZNA&#8221;<\/p>\n\n\n\n<hr class=\"wp-block-separator has-alpha-channel-opacity\"\/>\n\n\n\n<p>BANK PERU- PRZELEW NA KONTO BANKOWE &#8211;<\/p>\n\n\n\n<p>BANCO DE LA NATION &#8211; Joanna Choluj &#8211; 04-409-194376<\/p>\n\n\n\n<p>W TEMACIE PRZELEWU WPISUJEMY &#8222;DAROWIZNA&#8221;<\/p>\n\n\n\n<p><\/p>\n\n\n\n<p>Yape BCP Peru<\/p>\n\n\n\n<p>telefon +51 999 333 717 <\/p>\n\n\n\n<hr class=\"wp-block-separator has-alpha-channel-opacity\"\/>\n\n\n\n<p>Je\u015bli masz problemy z p\u0142atno\u015bci\u0105 lub um\u00f3wieniem si\u0119 na konsultacj\u0119, NAPISZ DO MNIE.<\/p>\n\n\n<div class=\"wp-block-image\">\n<figure class=\"aligncenter is-resized\"><a href=\"mailto: jc@joannacholuj.l\"><img loading=\"lazy\" decoding=\"async\" width=\"225\" height=\"225\" src=\"http:\/\/joannacholuj.pl\/wp-content\/uploads\/2024\/08\/pobierz-1.png\" alt=\"\" class=\"wp-image-12358\" style=\"width:111px;height:auto\" srcset=\"https:\/\/joannacholuj.pl\/wp-content\/uploads\/2024\/08\/pobierz-1.png 225w, https:\/\/joannacholuj.pl\/wp-content\/uploads\/2024\/08\/pobierz-1-150x150.png 150w, https:\/\/joannacholuj.pl\/wp-content\/uploads\/2024\/08\/pobierz-1-70x70.png 70w, https:\/\/joannacholuj.pl\/wp-content\/uploads\/2024\/08\/pobierz-1-127x127.png 127w, https:\/\/joannacholuj.pl\/wp-content\/uploads\/2024\/08\/pobierz-1-125x125.png 125w\" sizes=\"(max-width: 225px) 100vw, 225px\" \/><\/a><\/figure><\/div>","protected":false},"excerpt":{"rendered":"<p>KUP SERI\u0118 SESJI 3200 PLN 745 EUR. 830 USD MUSISZ WYS\u0141A\u0106 MI POTWIERDZENIE P\u0141ATNO\u015aCI EMAILEM&nbsp; jc@joannacholuj.pl PAYPAL WYBIERZ OPCJ\u0118 TYLE [&hellip;]<\/p>","protected":false},"author":2,"featured_media":0,"parent":0,"menu_order":0,"comment_status":"closed","ping_status":"closed","template":"","meta":{"_bbp_topic_count":0,"_bbp_reply_count":0,"_bbp_total_topic_count":0,"_bbp_total_reply_count":0,"_bbp_voice_count":0,"_bbp_anonymous_reply_count":0,"_bbp_topic_count_hidden":0,"_bbp_reply_count_hidden":0,"_bbp_forum_subforum_count":0,"_uag_custom_page_level_css":"","footnotes":""},"class_list":["post-12946","page","type-page","status-publish","hentry"],"spectra_custom_meta":{"_edit_lock":["1733209941:2"],"_edit_last":["2"],"_uag_page_assets":["a:9:{s:3:\"css\";s:263:\".uag-blocks-common-selector{z-index:var(--z-index-desktop) !important}@media (max-width: 976px){.uag-blocks-common-selector{z-index:var(--z-index-tablet) !important}}@media (max-width: 767px){.uag-blocks-common-selector{z-index:var(--z-index-mobile) !important}}\n\";s:2:\"js\";s:0:\"\";s:18:\"current_block_list\";a:4:{i:0;s:14:\"core\/paragraph\";i:1;s:12:\"core\/heading\";i:2;s:14:\"core\/separator\";i:3;s:10:\"core\/image\";}s:8:\"uag_flag\";b:0;s:11:\"uag_version\";s:10:\"1777943544\";s:6:\"gfonts\";a:0:{}s:10:\"gfonts_url\";s:0:\"\";s:12:\"gfonts_files\";a:0:{}s:14:\"uag_faq_layout\";b:0;}"],"_uag_css_file_name":["uag-css-12946.css"]},"uagb_featured_image_src":{"full":false,"thumbnail":false,"medium":false,"medium_large":false,"large":false,"1536x1536":false,"2048x2048":false,"trp-custom-language-flag":false,"illdy-blog-list":false,"illdy-widget-recent-posts":false,"illdy-blog-post-related-articles":false,"illdy-front-page-latest-news":false,"illdy-front-page-testimonials":false,"illdy-front-page-projects":false,"illdy-front-page-person":false},"uagb_author_info":{"display_name":"Joanna Choluj","author_link":"https:\/\/joannacholuj.pl\/en\/blog\/author\/joannacholuj\/"},"uagb_comment_info":0,"uagb_excerpt":"KUP SERI\u0118 SESJI 3200 PLN 745 EUR. 830 USD MUSISZ WYS\u0141A\u0106 MI POTWIERDZENIE P\u0141ATNO\u015aCI EMAILEM&nbsp; jc@joannacholuj.pl PAYPAL WYBIERZ OPCJ\u0118 TYLE [&hellip;]","_links":{"self":[{"href":"https:\/\/joannacholuj.pl\/en\/wp-json\/wp\/v2\/pages\/12946"}],"collection":[{"href":"https:\/\/joannacholuj.pl\/en\/wp-json\/wp\/v2\/pages"}],"about":[{"href":"https:\/\/joannacholuj.pl\/en\/wp-json\/wp\/v2\/types\/page"}],"author":[{"embeddable":true,"href":"https:\/\/joannacholuj.pl\/en\/wp-json\/wp\/v2\/users\/2"}],"replies":[{"embeddable":true,"href":"https:\/\/joannacholuj.pl\/en\/wp-json\/wp\/v2\/comments?post=12946"}],"version-history":[{"count":5,"href":"https:\/\/joannacholuj.pl\/en\/wp-json\/wp\/v2\/pages\/12946\/revisions"}],"predecessor-version":[{"id":12964,"href":"https:\/\/joannacholuj.pl\/en\/wp-json\/wp\/v2\/pages\/12946\/revisions\/12964"}],"wp:attachment":[{"href":"https:\/\/joannacholuj.pl\/en\/wp-json\/wp\/v2\/media?parent=12946"}],"curies":[{"name":"wp","href":"https:\/\/api.w.org\/{rel}","templated":true}]}}