{"id":12621,"date":"2024-08-29T23:07:51","date_gmt":"2024-08-29T21:07:51","guid":{"rendered":"http:\/\/joannacholuj.pl\/?page_id=12621"},"modified":"2024-08-30T01:21:55","modified_gmt":"2024-08-29T23:21:55","slug":"platnosc-sesja-alchemii-dla-kobiet","status":"publish","type":"page","link":"https:\/\/joannacholuj.pl\/en\/platnosc-sesja-alchemii-dla-kobiet\/","title":{"rendered":"p\u0142atno\u015b\u0107 sesja alchemii dla kobiet"},"content":{"rendered":"<h3 style=\"text-align: center;\">ZAP\u0141A\u0106 ZA SESJ\u0118 ALCHEMII DLA KOBIET<\/h3>\n<p>&nbsp;<\/p>\n<h4 style=\"text-align: center;\">P\u0141ATNO\u015aCI NATYCHMIASTOWE ONLINE<\/h4>\n<form action=\"https:\/\/www.paypal.com\/cgi-bin\/webscr\" method=\"post\" target=\"_top\"><input name=\"cmd\" type=\"hidden\" value=\"_s-xclick\" \/>POLSKI BANK &#8211; PRZELEW NA KONTO BANKOWE &#8211; 175 USD\u00a0 . 700 PLN\u00a0 .\u00a0 700\u00a0PEN<\/p>\n<p><strong>SKANUJ KONTO<\/strong> -&gt; PKO BP Joanna Cho\u0142uj\u00a0 74 1020 1097 0000 7402 0143 7458<\/p>\n<p>W TEMACIE PRZELEWU WPISUJEMY &#8222;DAROWIZNA&#8221;<\/p>\n<hr \/>\n<p><strong>Paypal -&gt; 175 USD\u00a0 . 700 PLN\u00a0 .\u00a0 700\u00a0PEN -&gt; WYBIERZ OPCJ\u0118 TYLE MA WEJ\u015a\u0106 NA MOJE KONTO nie ! TYLE WYSY\u0141ASZ\u00a0\u00a0(ewentualne przewalutowanie)<\/strong> (jc@joannacholuj.pl)<br \/>\n&nbsp;<\/p>\n<form action=\"https:\/\/www.paypal.com\/cgi-bin\/webscr\" method=\"post\" target=\"_top\">\n  <input type=\"hidden\" name=\"cmd\" value=\"_s-xclick\" \/><br \/>\n  <input type=\"hidden\" name=\"hosted_button_id\" value=\"QPET3XAQB8P84\" \/><br \/>\n  <input type=\"hidden\" name=\"currency_code\" value=\"USD\" \/><br \/>\n  <input type=\"image\" src=\"http:\/\/joannacholuj.pl\/wp-content\/uploads\/2024\/08\/paypal.jpg\" border=\"0\" name=\"submit\" title=\"PayPal - The safer, easier way to pay online!\" alt=\"Buy Now\" \/><br \/>\n<\/form>\n<p>&nbsp;<\/p>\n<p><strong>175 USD\u00a0 . 700 PLN\u00a0 .\u00a0 700\u00a0PEN <\/strong><\/p>\n<p><img loading=\"lazy\" decoding=\"async\" class=\"alignnone size-medium wp-image-12367\" src=\"http:\/\/joannacholuj.pl\/wp-content\/uploads\/2024\/08\/WhatsApp-Image-2024-08-24-at-03.57.20-212x300.jpeg\" alt=\"\" width=\"212\" height=\"300\" srcset=\"https:\/\/joannacholuj.pl\/wp-content\/uploads\/2024\/08\/WhatsApp-Image-2024-08-24-at-03.57.20-212x300.jpeg 212w, https:\/\/joannacholuj.pl\/wp-content\/uploads\/2024\/08\/WhatsApp-Image-2024-08-24-at-03.57.20-768x1087.jpeg 768w, https:\/\/joannacholuj.pl\/wp-content\/uploads\/2024\/08\/WhatsApp-Image-2024-08-24-at-03.57.20-723x1024.jpeg 723w, https:\/\/joannacholuj.pl\/wp-content\/uploads\/2024\/08\/WhatsApp-Image-2024-08-24-at-03.57.20.jpeg 904w\" sizes=\"(max-width: 212px) 100vw, 212px\" \/><\/p>\n<p>&nbsp;<\/p>\n<h4 style=\"text-align: center;\">P\u0141ATNO\u015aCI TRADYCYJNE<\/h4>\n<h4 style=\"text-align: center;\">(PRZELEW NA MOJE KONTO ONLINE LUB WP\u0141ATA GOT\u00d3WK\u0104)<\/h4>\n<h4 style=\"text-align: center;\">MUSISZ WYS\u0141A\u0106 POTWIERDZENIE PRZELEWU W CI\u0104GU 24 H OD WP\u0141ATY<\/h4>\n<p>&nbsp;<\/p>\n<hr \/>\n<p>POLSKI BANK &#8211; PRZELEW NA KONTO BANKOWE &#8211; 175 USD\u00a0 . 700 PLN\u00a0 .\u00a0 700\u00a0PEN<\/p>\n<p>PKO BP Joanna Cho\u0142uj\u00a0 74 1020 1097 0000 7402 0143 7458<\/p>\n<p>W TEMACIE PRZELEWU WPISUJEMY &#8222;DAROWIZNA&#8221;<\/p>\n<hr \/>\n<p>BANK PERU- PRZELEW NA KONTO BANKOWE &#8211; 175 USD\u00a0 . 700 PLN\u00a0 .\u00a0 700\u00a0PEN<\/p>\n<p>BANCO DE LA NATION &#8211; Joanna Choluj &#8211; 04-409-194376<\/p>\n<p>W TEMACIE PRZELEWU WPISUJEMY &#8222;DAROWIZNA&#8221;<\/p>\n<hr \/>\n<p style=\"text-align: center;\">Je\u015bli masz problemy z p\u0142atno\u015bci\u0105 lub um\u00f3wieniem si\u0119 na konsultacj\u0119, NAPISZ DO MNIE<\/p>\n<p><a href=\"mailto: jc@joannacholuj.pl\"><img loading=\"lazy\" decoding=\"async\" class=\"aligncenter wp-image-12358\" src=\"http:\/\/joannacholuj.pl\/wp-content\/uploads\/2024\/08\/pobierz-1.png\" alt=\"\" width=\"150\" height=\"150\" srcset=\"https:\/\/joannacholuj.pl\/wp-content\/uploads\/2024\/08\/pobierz-1.png 225w, https:\/\/joannacholuj.pl\/wp-content\/uploads\/2024\/08\/pobierz-1-150x150.png 150w, https:\/\/joannacholuj.pl\/wp-content\/uploads\/2024\/08\/pobierz-1-70x70.png 70w, https:\/\/joannacholuj.pl\/wp-content\/uploads\/2024\/08\/pobierz-1-127x127.png 127w, https:\/\/joannacholuj.pl\/wp-content\/uploads\/2024\/08\/pobierz-1-125x125.png 125w\" sizes=\"(max-width: 150px) 100vw, 150px\" \/><\/a><\/p>","protected":false},"excerpt":{"rendered":"<p>ZAP\u0141A\u0106 ZA SESJ\u0118 ALCHEMII DLA KOBIET &nbsp; P\u0141ATNO\u015aCI NATYCHMIASTOWE ONLINE POLSKI BANK &#8211; PRZELEW NA KONTO BANKOWE &#8211; 175 USD\u00a0 [&hellip;]<\/p>","protected":false},"author":2,"featured_media":0,"parent":0,"menu_order":0,"comment_status":"closed","ping_status":"closed","template":"","meta":{"_bbp_topic_count":0,"_bbp_reply_count":0,"_bbp_total_topic_count":0,"_bbp_total_reply_count":0,"_bbp_voice_count":0,"_bbp_anonymous_reply_count":0,"_bbp_topic_count_hidden":0,"_bbp_reply_count_hidden":0,"_bbp_forum_subforum_count":0,"_uag_custom_page_level_css":"","footnotes":""},"class_list":["post-12621","page","type-page","status-publish","hentry"],"spectra_custom_meta":{"_edit_lock":["1724973582:2"],"_edit_last":["2"],"_wp_page_template":["default"],"_uag_page_assets":["a:9:{s:3:\"css\";s:0:\"\";s:2:\"js\";s:0:\"\";s:18:\"current_block_list\";a:0:{}s:8:\"uag_flag\";b:0;s:11:\"uag_version\";s:10:\"1776190721\";s:6:\"gfonts\";a:0:{}s:10:\"gfonts_url\";s:0:\"\";s:12:\"gfonts_files\";a:0:{}s:14:\"uag_faq_layout\";b:0;}"]},"uagb_featured_image_src":{"full":false,"thumbnail":false,"medium":false,"medium_large":false,"large":false,"1536x1536":false,"2048x2048":false,"trp-custom-language-flag":false,"illdy-blog-list":false,"illdy-widget-recent-posts":false,"illdy-blog-post-related-articles":false,"illdy-front-page-latest-news":false,"illdy-front-page-testimonials":false,"illdy-front-page-projects":false,"illdy-front-page-person":false},"uagb_author_info":{"display_name":"Joanna Choluj","author_link":"https:\/\/joannacholuj.pl\/en\/blog\/author\/joannacholuj\/"},"uagb_comment_info":0,"uagb_excerpt":"ZAP\u0141A\u0106 ZA SESJ\u0118 ALCHEMII DLA KOBIET &nbsp; P\u0141ATNO\u015aCI NATYCHMIASTOWE ONLINE POLSKI BANK &#8211; PRZELEW NA KONTO BANKOWE &#8211; 175 USD\u00a0 [&hellip;]","_links":{"self":[{"href":"https:\/\/joannacholuj.pl\/en\/wp-json\/wp\/v2\/pages\/12621"}],"collection":[{"href":"https:\/\/joannacholuj.pl\/en\/wp-json\/wp\/v2\/pages"}],"about":[{"href":"https:\/\/joannacholuj.pl\/en\/wp-json\/wp\/v2\/types\/page"}],"author":[{"embeddable":true,"href":"https:\/\/joannacholuj.pl\/en\/wp-json\/wp\/v2\/users\/2"}],"replies":[{"embeddable":true,"href":"https:\/\/joannacholuj.pl\/en\/wp-json\/wp\/v2\/comments?post=12621"}],"version-history":[{"count":6,"href":"https:\/\/joannacholuj.pl\/en\/wp-json\/wp\/v2\/pages\/12621\/revisions"}],"predecessor-version":[{"id":12655,"href":"https:\/\/joannacholuj.pl\/en\/wp-json\/wp\/v2\/pages\/12621\/revisions\/12655"}],"wp:attachment":[{"href":"https:\/\/joannacholuj.pl\/en\/wp-json\/wp\/v2\/media?parent=12621"}],"curies":[{"name":"wp","href":"https:\/\/api.w.org\/{rel}","templated":true}]}}