{"id":12162,"date":"2024-07-27T04:35:25","date_gmt":"2024-07-27T02:35:25","guid":{"rendered":"http:\/\/joannacholuj.pl\/?page_id=12162"},"modified":"2025-01-08T17:49:49","modified_gmt":"2025-01-08T16:49:49","slug":"odkryj-jeszcze-wiecej","status":"publish","type":"page","link":"https:\/\/joannacholuj.pl\/en\/odkryj-jeszcze-wiecej\/","title":{"rendered":"Odkryj jeszcze wi\u0119cej"},"content":{"rendered":"<h4>Matrix to zakodowana Staro\u017cytna Wiedza.<\/h4>\n<p>Jest obecnie czas, by t\u0119 wiedz\u0119 odkodowa\u0107 dla siebie.<\/p>\n<p>Trzeba jednak wiedzie\u0107, \u017ce nie chodzi jedynie o Astrologi\u0119 i Numerologi\u0119. Staro\u017cytna Wiedza zosta\u0142a podzielona na niesko\u0144czon\u0105 ilo\u015b\u0107 male\u0144kich element\u00f3w wibracyjnych. Trzeba wi\u0119c odnajdywa\u0107 wszelkie ma\u0142e znaczenia w \u015bwiecie wok\u00f3\u0142 siebie, zauwa\u017ca\u0107 synchroni\u0119 i \u0141\u0104CZY\u0106 PUNKTY.<\/p>\n<p>W holistycznej analizie, konsultacjach i sesjach zwracam uwag\u0119 na wibracje na r\u00f3\u017cnych poziomach, tak\u017ce je\u015bli chodzi o figury \u015bwi\u0119tej geometri\u0119, symbole, kolory, energie, oraz wibracje nazw, czyli szeroki poziom j\u0119zyka i gramatyki<\/p>\n<p><img loading=\"lazy\" decoding=\"async\" class=\"alignnone wp-image-13449 size-medium\" src=\"http:\/\/joannacholuj.pl\/wp-content\/uploads\/2025\/01\/Zrzut-ekranu-4720-300x117.png\" alt=\"\" width=\"300\" height=\"117\" srcset=\"https:\/\/joannacholuj.pl\/wp-content\/uploads\/2025\/01\/Zrzut-ekranu-4720-300x117.png 300w, https:\/\/joannacholuj.pl\/wp-content\/uploads\/2025\/01\/Zrzut-ekranu-4720.png 724w\" sizes=\"(max-width: 300px) 100vw, 300px\" \/><\/p>\n<p><a href=\"https:\/\/www.youtube.com\/playlist?list=PLmnP-udmFj6f_Fc7VHbD_LUVeDmif3etd\">PLAYLISTA ROLEK FB , YT Kr\u00f3tkie Mowy Wied\u017amy<\/a><\/p>\n<figure id=\"attachment_12185\" aria-describedby=\"caption-attachment-12185\" style=\"width: 300px\" class=\"wp-caption aligncenter\"><a href=\"https:\/\/youtu.be\/JIVBFN_b7hQ\"><img loading=\"lazy\" decoding=\"async\" class=\"wp-image-12185 size-medium\" src=\"http:\/\/joannacholuj.pl\/wp-content\/uploads\/2024\/07\/more3-300x170.png\" alt=\"\" width=\"300\" height=\"170\" srcset=\"https:\/\/joannacholuj.pl\/wp-content\/uploads\/2024\/07\/more3-300x170.png 300w, https:\/\/joannacholuj.pl\/wp-content\/uploads\/2024\/07\/more3.png 558w\" sizes=\"(max-width: 300px) 100vw, 300px\" \/><\/a><figcaption id=\"caption-attachment-12185\" class=\"wp-caption-text\"><a href=\"https:\/\/youtu.be\/JIVBFN_b7hQ\">Polska gramatyka staro\u017cytna<\/a><\/figcaption><\/figure>\n<figure id=\"attachment_12186\" aria-describedby=\"caption-attachment-12186\" style=\"width: 300px\" class=\"wp-caption aligncenter\"><a href=\"https:\/\/youtu.be\/hYctgtlOcho\"><img loading=\"lazy\" decoding=\"async\" class=\"wp-image-12186 size-medium\" src=\"http:\/\/joannacholuj.pl\/wp-content\/uploads\/2024\/07\/more4-300x171.png\" alt=\"\" width=\"300\" height=\"171\" srcset=\"https:\/\/joannacholuj.pl\/wp-content\/uploads\/2024\/07\/more4-300x171.png 300w, https:\/\/joannacholuj.pl\/wp-content\/uploads\/2024\/07\/more4.png 559w\" sizes=\"(max-width: 300px) 100vw, 300px\" \/><\/a><figcaption id=\"caption-attachment-12186\" class=\"wp-caption-text\"><a href=\"https:\/\/youtu.be\/hYctgtlOcho\">G\u0142\u0119bokie rozumienie j\u0119zyka<\/a><\/figcaption><\/figure>\n<figure id=\"attachment_12187\" aria-describedby=\"caption-attachment-12187\" style=\"width: 300px\" class=\"wp-caption aligncenter\"><a href=\"https:\/\/youtu.be\/DQSSrVrzDOM\"><img loading=\"lazy\" decoding=\"async\" class=\"wp-image-12187 size-medium\" src=\"http:\/\/joannacholuj.pl\/wp-content\/uploads\/2024\/07\/more5-300x166.png\" alt=\"\" width=\"300\" height=\"166\" srcset=\"https:\/\/joannacholuj.pl\/wp-content\/uploads\/2024\/07\/more5-300x166.png 300w, https:\/\/joannacholuj.pl\/wp-content\/uploads\/2024\/07\/more5.png 557w\" sizes=\"(max-width: 300px) 100vw, 300px\" \/><\/a><figcaption id=\"caption-attachment-12187\" class=\"wp-caption-text\"><a href=\"https:\/\/youtu.be\/DQSSrVrzDOM\">Arya Grammar<\/a><\/figcaption><\/figure>\n<figure id=\"attachment_12188\" aria-describedby=\"caption-attachment-12188\" style=\"width: 300px\" class=\"wp-caption aligncenter\"><a href=\"https:\/\/youtu.be\/OyBXvd6D0XU\"><img loading=\"lazy\" decoding=\"async\" class=\"wp-image-12188 size-medium\" src=\"http:\/\/joannacholuj.pl\/wp-content\/uploads\/2024\/07\/more6-300x168.png\" alt=\"\" width=\"300\" height=\"168\" srcset=\"https:\/\/joannacholuj.pl\/wp-content\/uploads\/2024\/07\/more6-300x168.png 300w, https:\/\/joannacholuj.pl\/wp-content\/uploads\/2024\/07\/more6.png 562w\" sizes=\"(max-width: 300px) 100vw, 300px\" \/><\/a><figcaption id=\"caption-attachment-12188\" class=\"wp-caption-text\"><a href=\"https:\/\/youtu.be\/OyBXvd6D0XU\">O Viedmach<\/a><\/figcaption><\/figure>\n<figure id=\"attachment_12189\" aria-describedby=\"caption-attachment-12189\" style=\"width: 300px\" class=\"wp-caption aligncenter\"><a href=\"https:\/\/youtu.be\/Zj0v_WpN9us\"><img loading=\"lazy\" decoding=\"async\" class=\"wp-image-12189 size-medium\" src=\"http:\/\/joannacholuj.pl\/wp-content\/uploads\/2024\/07\/more7-300x170.png\" alt=\"\" width=\"300\" height=\"170\" srcset=\"https:\/\/joannacholuj.pl\/wp-content\/uploads\/2024\/07\/more7-300x170.png 300w, https:\/\/joannacholuj.pl\/wp-content\/uploads\/2024\/07\/more7.png 553w\" sizes=\"(max-width: 300px) 100vw, 300px\" \/><\/a><figcaption id=\"caption-attachment-12189\" class=\"wp-caption-text\"><a href=\"https:\/\/youtu.be\/Zj0v_WpN9us\">Pramacierz j\u0119zykowa<\/a><\/figcaption><\/figure>\n<figure id=\"attachment_12234\" aria-describedby=\"caption-attachment-12234\" style=\"width: 465px\" class=\"wp-caption aligncenter\"><a href=\"https:\/\/joannacholuj.pl\/en\/blog\/2024\/07\/28\/they-live-we-czyli-czego-oni-chca\/\"><img loading=\"lazy\" decoding=\"async\" class=\"wp-image-12234\" src=\"http:\/\/joannacholuj.pl\/wp-content\/uploads\/2024\/07\/453090887_10163918293310299_9007909118230806910_n-300x98.jpg\" alt=\"\" width=\"465\" height=\"152\" srcset=\"https:\/\/joannacholuj.pl\/wp-content\/uploads\/2024\/07\/453090887_10163918293310299_9007909118230806910_n-300x98.jpg 300w, https:\/\/joannacholuj.pl\/wp-content\/uploads\/2024\/07\/453090887_10163918293310299_9007909118230806910_n-768x250.jpg 768w, https:\/\/joannacholuj.pl\/wp-content\/uploads\/2024\/07\/453090887_10163918293310299_9007909118230806910_n-1024x334.jpg 1024w, https:\/\/joannacholuj.pl\/wp-content\/uploads\/2024\/07\/453090887_10163918293310299_9007909118230806910_n.jpg 1601w\" sizes=\"(max-width: 465px) 100vw, 465px\" \/><\/a><figcaption id=\"caption-attachment-12234\" class=\"wp-caption-text\"><a href=\"https:\/\/joannacholuj.pl\/en\/blog\/2024\/07\/28\/they-live-we-czyli-czego-oni-chca\/\">Wpis na blogu &#8211; Czego oni chc\u0105? O planach satanist\u00f3w dla \u015bwiata<\/a><\/figcaption><\/figure>\n<figure id=\"attachment_12278\" aria-describedby=\"caption-attachment-12278\" style=\"width: 421px\" class=\"wp-caption aligncenter\"><a href=\"https:\/\/joannacholuj.pl\/en\/blog\/2024\/07\/30\/biali-wyjdzcie-z-syndromu-sztokholmskiego\/\"><img loading=\"lazy\" decoding=\"async\" class=\"wp-image-12278\" src=\"http:\/\/joannacholuj.pl\/wp-content\/uploads\/2024\/07\/Zrzut-ekranu-2774-300x169.png\" alt=\"\" width=\"421\" height=\"237\" srcset=\"https:\/\/joannacholuj.pl\/wp-content\/uploads\/2024\/07\/Zrzut-ekranu-2774-300x169.png 300w, https:\/\/joannacholuj.pl\/wp-content\/uploads\/2024\/07\/Zrzut-ekranu-2774-768x432.png 768w, https:\/\/joannacholuj.pl\/wp-content\/uploads\/2024\/07\/Zrzut-ekranu-2774-1024x576.png 1024w, https:\/\/joannacholuj.pl\/wp-content\/uploads\/2024\/07\/Zrzut-ekranu-2774.png 1366w\" sizes=\"(max-width: 421px) 100vw, 421px\" \/><\/a><figcaption id=\"caption-attachment-12278\" class=\"wp-caption-text\"><a href=\"https:\/\/joannacholuj.pl\/en\/blog\/2024\/07\/30\/biali-wyjdzcie-z-syndromu-sztokholmskiego\/\">Biali wyjd\u017acie z syndromu sztokholmskiego<\/a><\/figcaption><\/figure>\n<figure id=\"attachment_12303\" aria-describedby=\"caption-attachment-12303\" style=\"width: 446px\" class=\"wp-caption aligncenter\"><a href=\"https:\/\/joannacholuj.pl\/en\/blog\/2024\/08\/02\/12300\/\"><img loading=\"lazy\" decoding=\"async\" class=\"wp-image-12303\" src=\"http:\/\/joannacholuj.pl\/wp-content\/uploads\/2024\/07\/453884117_10163933189935299_641559147377808190_n.jpg\" alt=\"\" width=\"446\" height=\"356\" \/><\/a><figcaption id=\"caption-attachment-12303\" class=\"wp-caption-text\"><a href=\"https:\/\/joannacholuj.pl\/en\/blog\/2024\/08\/02\/12300\/\">Sp\u00f3jrzmy w apokaliptyczn\u0105 przyszo\u015b\u0107. Spis wydarze\u01442024-2030 <\/a><\/figcaption><\/figure>\n<hr \/>\n<p><img loading=\"lazy\" decoding=\"async\" class=\"size-medium wp-image-11961 alignleft\" src=\"http:\/\/joannacholuj.pl\/wp-content\/uploads\/2024\/07\/357042975_10163002560740299_2713032725021239632_n-1-225x300-1-225x300.jpg\" alt=\"\" width=\"225\" height=\"300\" \/><\/p>\n<div class=\"left\">\n<h4 style=\"text-align: center;\">Je\u015bli podoba Ci si\u0119 moja praca, we\u017a pod uwag\u0119 mo\u017cliwo\u015b\u0107 WSPIERANIA JEJ<\/h4>\n<\/div>\n<p>Od dwudziestu lat pracuj\u0119 jako niezale\u017cna badaczka filozofii i j\u0119zyka, doznaj\u0119 blokad, ale nadal m\u00f3wi\u0119 o ograniczeniach matrixa i pokazuj\u0119 czym jest PRAWDZIWA MATRYCA PRA-MATKA i jak wej\u015b\u0107 w kontakt z ni\u0105 i przekroczy\u0107 mentalne i fizyczne ograniczenia. Zg\u0142\u0119biam tematy wiedzy staro\u017cytnej, szama\u0144skiej i z zakresu ario-s\u0142owia\u0144sko-scytyjskiej filozofii przyrody. Na moich kana\u0142ach filmowych <a href=\"https:\/\/www.youtube.com\/@JoannaCholuj\">Youytube<\/a>\u00a0po polsku i <a href=\"https:\/\/www.youtube.com\/@JoannaCholujprof\">Youtube po angielsku<\/a>, <a href=\"https:\/\/www.instagram.com\/joannacholujjclady\/\">Instagram po hiszpa\u0144sku<\/a>, znajdziesz setki darmowych wyk\u0142ad\u00f3w i wywiad\u00f3w, a na moim <a href=\"https:\/\/joannacholuj.pl\/en\/blog\/\">blogu<\/a> znajdziesz setki artyku\u0142\u00f3w, dost\u0119pnych za darmo. Zasubskrybuj te media i \u015bled\u017a na bie\u017c\u0105co nowe tre\u015bci, kt\u00f3re tworz\u0119. Mo\u017cesz r\u00f3wnie\u017c obserwowa\u0107 m\u00f3j fanpage na <a href=\"https:\/\/web.facebook.com\/choluj.joanna\">Facebook<\/a> or\u00a0\u00a0<a href=\"https:\/\/x.com\/cholujjoanna\">X Twitter<\/a> or\u00a0<a href=\"https:\/\/www.linkedin.com\/in\/joannacholuj\">LinkedIn \u00a0<\/a><\/p>\n<p>PAYPAL\u00a0email:\u00a0 \u00a0jc@joannacholuj.pl<\/p>\n<div class=\"left\">\n<p><strong>Oto numer konta do wp\u0142at:<br \/>\nPOLSKA &#8211; PLN &#8211;\u00a0 PKO BP 74 1020 1097 0000 7402 0143 7458<\/strong><\/p>\n<p>Kod BIC PKO Banku Polskiego SA:\u00a0BPKOPLPW<\/p>\n<p>IBAN \u2013&gt; PL74 1020 1097 0000 7402 0143 7458<\/p>\n<p><strong>W TEMACIE PRZELEWU WPISUJEMY \u201eDAROWIZNA\u201d\u00a0<\/strong><\/p>\n<\/div>\n<hr \/>\n<p>MO\u017bESZ TE\u017b ZASUBSKYBOWA\u0106 M\u00d3J NEWSLETTER<\/p>","protected":false},"excerpt":{"rendered":"<p>Matrix to zakodowana Staro\u017cytna Wiedza. Jest obecnie czas, by t\u0119 wiedz\u0119 odkodowa\u0107 dla siebie. Trzeba jednak wiedzie\u0107, \u017ce nie chodzi [&hellip;]<\/p>","protected":false},"author":2,"featured_media":12163,"parent":0,"menu_order":0,"comment_status":"closed","ping_status":"closed","template":"","meta":{"_bbp_topic_count":0,"_bbp_reply_count":0,"_bbp_total_topic_count":0,"_bbp_total_reply_count":0,"_bbp_voice_count":0,"_bbp_anonymous_reply_count":0,"_bbp_topic_count_hidden":0,"_bbp_reply_count_hidden":0,"_bbp_forum_subforum_count":0,"_uag_custom_page_level_css":"","footnotes":""},"class_list":["post-12162","page","type-page","status-publish","has-post-thumbnail","hentry"],"spectra_custom_meta":{"_edit_lock":["1736355036:2"],"_edit_last":["2"],"_thumbnail_id":["12163"],"_wp_page_template":["default"],"_uag_page_assets":["a:9:{s:3:\"css\";s:0:\"\";s:2:\"js\";s:0:\"\";s:18:\"current_block_list\";a:0:{}s:8:\"uag_flag\";b:0;s:11:\"uag_version\";s:10:\"1776190721\";s:6:\"gfonts\";a:0:{}s:10:\"gfonts_url\";s:0:\"\";s:12:\"gfonts_files\";a:0:{}s:14:\"uag_faq_layout\";b:0;}"]},"uagb_featured_image_src":{"full":["https:\/\/joannacholuj.pl\/wp-content\/uploads\/2024\/07\/284434425_10161958844235299_8952823867278541985_n.jpg",474,336,false],"thumbnail":["https:\/\/joannacholuj.pl\/wp-content\/uploads\/2024\/07\/284434425_10161958844235299_8952823867278541985_n-150x150.jpg",150,150,true],"medium":["https:\/\/joannacholuj.pl\/wp-content\/uploads\/2024\/07\/284434425_10161958844235299_8952823867278541985_n-300x213.jpg",300,213,true],"medium_large":["https:\/\/joannacholuj.pl\/wp-content\/uploads\/2024\/07\/284434425_10161958844235299_8952823867278541985_n.jpg",474,336,false],"large":["https:\/\/joannacholuj.pl\/wp-content\/uploads\/2024\/07\/284434425_10161958844235299_8952823867278541985_n.jpg",474,336,false],"1536x1536":["https:\/\/joannacholuj.pl\/wp-content\/uploads\/2024\/07\/284434425_10161958844235299_8952823867278541985_n.jpg",474,336,false],"2048x2048":["https:\/\/joannacholuj.pl\/wp-content\/uploads\/2024\/07\/284434425_10161958844235299_8952823867278541985_n.jpg",474,336,false],"trp-custom-language-flag":["https:\/\/joannacholuj.pl\/wp-content\/uploads\/2024\/07\/284434425_10161958844235299_8952823867278541985_n.jpg",18,12,false],"illdy-blog-list":["https:\/\/joannacholuj.pl\/wp-content\/uploads\/2024\/07\/284434425_10161958844235299_8952823867278541985_n.jpg",474,336,false],"illdy-widget-recent-posts":["https:\/\/joannacholuj.pl\/wp-content\/uploads\/2024\/07\/284434425_10161958844235299_8952823867278541985_n-70x70.jpg",70,70,true],"illdy-blog-post-related-articles":["https:\/\/joannacholuj.pl\/wp-content\/uploads\/2024\/07\/284434425_10161958844235299_8952823867278541985_n-240x206.jpg",240,206,true],"illdy-front-page-latest-news":["https:\/\/joannacholuj.pl\/wp-content\/uploads\/2024\/07\/284434425_10161958844235299_8952823867278541985_n-250x213.jpg",250,213,true],"illdy-front-page-testimonials":["https:\/\/joannacholuj.pl\/wp-content\/uploads\/2024\/07\/284434425_10161958844235299_8952823867278541985_n-127x127.jpg",127,127,true],"illdy-front-page-projects":["https:\/\/joannacholuj.pl\/wp-content\/uploads\/2024\/07\/284434425_10161958844235299_8952823867278541985_n.jpg",474,336,false],"illdy-front-page-person":["https:\/\/joannacholuj.pl\/wp-content\/uploads\/2024\/07\/284434425_10161958844235299_8952823867278541985_n-125x125.jpg",125,125,true]},"uagb_author_info":{"display_name":"Joanna Choluj","author_link":"https:\/\/joannacholuj.pl\/en\/blog\/author\/joannacholuj\/"},"uagb_comment_info":0,"uagb_excerpt":"Matrix to zakodowana Staro\u017cytna Wiedza. Jest obecnie czas, by t\u0119 wiedz\u0119 odkodowa\u0107 dla siebie. Trzeba jednak wiedzie\u0107, \u017ce nie chodzi [&hellip;]","_links":{"self":[{"href":"https:\/\/joannacholuj.pl\/en\/wp-json\/wp\/v2\/pages\/12162"}],"collection":[{"href":"https:\/\/joannacholuj.pl\/en\/wp-json\/wp\/v2\/pages"}],"about":[{"href":"https:\/\/joannacholuj.pl\/en\/wp-json\/wp\/v2\/types\/page"}],"author":[{"embeddable":true,"href":"https:\/\/joannacholuj.pl\/en\/wp-json\/wp\/v2\/users\/2"}],"replies":[{"embeddable":true,"href":"https:\/\/joannacholuj.pl\/en\/wp-json\/wp\/v2\/comments?post=12162"}],"version-history":[{"count":24,"href":"https:\/\/joannacholuj.pl\/en\/wp-json\/wp\/v2\/pages\/12162\/revisions"}],"predecessor-version":[{"id":13450,"href":"https:\/\/joannacholuj.pl\/en\/wp-json\/wp\/v2\/pages\/12162\/revisions\/13450"}],"wp:featuredmedia":[{"embeddable":true,"href":"https:\/\/joannacholuj.pl\/en\/wp-json\/wp\/v2\/media\/12163"}],"wp:attachment":[{"href":"https:\/\/joannacholuj.pl\/en\/wp-json\/wp\/v2\/media?parent=12162"}],"curies":[{"name":"wp","href":"https:\/\/api.w.org\/{rel}","templated":true}]}}