{"id":12056,"date":"2024-07-23T05:24:06","date_gmt":"2024-07-23T03:24:06","guid":{"rendered":"http:\/\/joannacholuj.pl\/?page_id=12056"},"modified":"2024-12-15T22:03:31","modified_gmt":"2024-12-15T21:03:31","slug":"odzyskaj-swieta-kobiecosc-wiecej","status":"publish","type":"page","link":"https:\/\/joannacholuj.pl\/en\/odzyskaj-swieta-kobiecosc-wiecej\/","title":{"rendered":"Odzyskaj \u015bwi\u0119t\u0105 kobieco\u015b\u0107 &#8211; wi\u0119cej"},"content":{"rendered":"<div dir=\"auto\"><\/div>\n<div dir=\"auto\">\n<h4 style=\"text-align: center;\"><strong>RECLAIM YOUR SACRED FEMININITY<\/strong><\/h4>\n<h5 style=\"text-align: center;\">DESTROYED BY THE MATRIX<\/h5>\n<p style=\"text-align: center;\">\n<div dir=\"auto\" style=\"text-align: center;\"><strong>DURATION<\/strong>\u00a0\u2013\u00a0 20 GODZIN<\/div>\n<div dir=\"auto\" style=\"text-align: center;\"><\/div>\n<div dir=\"auto\">\n<div dir=\"auto\" style=\"text-align: center;\"><strong>J\u0118ZYK WEBINARU \u2013\u00a0\u00a0<\/strong>POLISH. ENGLISH. FRENCH. SPANISH<\/div>\n<div dir=\"auto\">\n<div dir=\"auto\" style=\"text-align: center;\"><\/div>\n<div dir=\"auto\">\n<div dir=\"auto\" style=\"text-align: center;\">Jest to bardzo praktyczny webinar (seria webinar\u00f3w)<\/div>\n<div dir=\"auto\" style=\"text-align: center;\">Ma cz\u0119\u015b\u0107 praktyczn\u0105 pracy z czterema typami energii w Tobie<\/div>\n<div dir=\"auto\" style=\"text-align: center;\">Ma r\u00f3wnie\u017c cz\u0119\u015b\u0107 teoretyczn\u0105 wiedzy o energiach, biologii kobiety, sposobie funkcjonowania m\u00f3zgu i hormonach.<\/div>\n<div dir=\"auto\"><\/div>\n<\/div>\n<\/div>\n<\/div>\n<\/div>\n<div dir=\"auto\" style=\"text-align: center;\"><strong>DURATION<\/strong> &#8211;\u00a0 20 GODZIN<\/div>\n<div dir=\"auto\"><\/div>\n<div dir=\"auto\">\n<div dir=\"auto\" style=\"text-align: center;\"><strong>LANGUAGE \u2013\u00a0 <\/strong>POLSKI. ANGIELSKI FRANCUSKI HISZPA\u0143SKI<\/div>\n<div dir=\"auto\"><\/div>\n<div dir=\"auto\" style=\"text-align: center;\"><strong>\u00a0<\/strong><\/div>\n<div dir=\"auto\"><\/div>\n<h4 dir=\"auto\" style=\"text-align: center;\"><a href=\"https:\/\/sklep.joannacholuj.pl\/product\/odzyskaj-swa-swieta-kobiecosc\/\">BUY<\/a><\/h4>\n<\/div>","protected":false},"excerpt":{"rendered":"<p>ODZYSKAJ SW\u0104 \u015aWI\u0118T\u0104 KOBIECO\u015a\u0106 ZNISZCZON\u0104 PRZEZ MATRIX CZAS TRWANIA\u00a0\u2013\u00a0 20 GODZIN J\u0118ZYK WEBINARU \u2013\u00a0\u00a0POLSKI. ANGIELSKI. FRANCUSKI. HISZPA\u0143SKI Jest to bardzo [&hellip;]<\/p>","protected":false},"author":2,"featured_media":12057,"parent":0,"menu_order":0,"comment_status":"closed","ping_status":"closed","template":"","meta":{"_bbp_topic_count":0,"_bbp_reply_count":0,"_bbp_total_topic_count":0,"_bbp_total_reply_count":0,"_bbp_voice_count":0,"_bbp_anonymous_reply_count":0,"_bbp_topic_count_hidden":0,"_bbp_reply_count_hidden":0,"_bbp_forum_subforum_count":0,"_uag_custom_page_level_css":"","footnotes":""},"class_list":["post-12056","page","type-page","status-publish","has-post-thumbnail","hentry"],"spectra_custom_meta":{"_edit_lock":["1734296613:2"],"_edit_last":["2"],"_thumbnail_id":["12057"],"_wp_page_template":["default"],"_uag_page_assets":["a:9:{s:3:\"css\";s:0:\"\";s:2:\"js\";s:0:\"\";s:18:\"current_block_list\";a:0:{}s:8:\"uag_flag\";b:0;s:11:\"uag_version\";s:10:\"1775454065\";s:6:\"gfonts\";a:0:{}s:10:\"gfonts_url\";s:0:\"\";s:12:\"gfonts_files\";a:0:{}s:14:\"uag_faq_layout\";b:0;}"]},"uagb_featured_image_src":{"full":["https:\/\/joannacholuj.pl\/wp-content\/uploads\/2024\/07\/Screenshot_20220802-1004352-1.jpg",748,653,false],"thumbnail":["https:\/\/joannacholuj.pl\/wp-content\/uploads\/2024\/07\/Screenshot_20220802-1004352-1-150x150.jpg",150,150,true],"medium":["https:\/\/joannacholuj.pl\/wp-content\/uploads\/2024\/07\/Screenshot_20220802-1004352-1-300x262.jpg",300,262,true],"medium_large":["https:\/\/joannacholuj.pl\/wp-content\/uploads\/2024\/07\/Screenshot_20220802-1004352-1.jpg",640,559,false],"large":["https:\/\/joannacholuj.pl\/wp-content\/uploads\/2024\/07\/Screenshot_20220802-1004352-1.jpg",640,559,false],"1536x1536":["https:\/\/joannacholuj.pl\/wp-content\/uploads\/2024\/07\/Screenshot_20220802-1004352-1.jpg",748,653,false],"2048x2048":["https:\/\/joannacholuj.pl\/wp-content\/uploads\/2024\/07\/Screenshot_20220802-1004352-1.jpg",748,653,false],"trp-custom-language-flag":["https:\/\/joannacholuj.pl\/wp-content\/uploads\/2024\/07\/Screenshot_20220802-1004352-1.jpg",14,12,false],"illdy-blog-list":["https:\/\/joannacholuj.pl\/wp-content\/uploads\/2024\/07\/Screenshot_20220802-1004352-1-748x500.jpg",748,500,true],"illdy-widget-recent-posts":["https:\/\/joannacholuj.pl\/wp-content\/uploads\/2024\/07\/Screenshot_20220802-1004352-1-70x70.jpg",70,70,true],"illdy-blog-post-related-articles":["https:\/\/joannacholuj.pl\/wp-content\/uploads\/2024\/07\/Screenshot_20220802-1004352-1-240x206.jpg",240,206,true],"illdy-front-page-latest-news":["https:\/\/joannacholuj.pl\/wp-content\/uploads\/2024\/07\/Screenshot_20220802-1004352-1-250x213.jpg",250,213,true],"illdy-front-page-testimonials":["https:\/\/joannacholuj.pl\/wp-content\/uploads\/2024\/07\/Screenshot_20220802-1004352-1-127x127.jpg",127,127,true],"illdy-front-page-projects":["https:\/\/joannacholuj.pl\/wp-content\/uploads\/2024\/07\/Screenshot_20220802-1004352-1-476x476.jpg",476,476,true],"illdy-front-page-person":["https:\/\/joannacholuj.pl\/wp-content\/uploads\/2024\/07\/Screenshot_20220802-1004352-1-125x125.jpg",125,125,true]},"uagb_author_info":{"display_name":"Joanna Choluj","author_link":"https:\/\/joannacholuj.pl\/en\/blog\/author\/joannacholuj\/"},"uagb_comment_info":0,"uagb_excerpt":"ODZYSKAJ SW\u0104 \u015aWI\u0118T\u0104 KOBIECO\u015a\u0106 ZNISZCZON\u0104 PRZEZ MATRIX CZAS TRWANIA\u00a0\u2013\u00a0 20 GODZIN J\u0118ZYK WEBINARU \u2013\u00a0\u00a0POLSKI. ANGIELSKI. FRANCUSKI. HISZPA\u0143SKI Jest to bardzo [&hellip;]","_links":{"self":[{"href":"https:\/\/joannacholuj.pl\/en\/wp-json\/wp\/v2\/pages\/12056"}],"collection":[{"href":"https:\/\/joannacholuj.pl\/en\/wp-json\/wp\/v2\/pages"}],"about":[{"href":"https:\/\/joannacholuj.pl\/en\/wp-json\/wp\/v2\/types\/page"}],"author":[{"embeddable":true,"href":"https:\/\/joannacholuj.pl\/en\/wp-json\/wp\/v2\/users\/2"}],"replies":[{"embeddable":true,"href":"https:\/\/joannacholuj.pl\/en\/wp-json\/wp\/v2\/comments?post=12056"}],"version-history":[{"count":2,"href":"https:\/\/joannacholuj.pl\/en\/wp-json\/wp\/v2\/pages\/12056\/revisions"}],"predecessor-version":[{"id":13308,"href":"https:\/\/joannacholuj.pl\/en\/wp-json\/wp\/v2\/pages\/12056\/revisions\/13308"}],"wp:featuredmedia":[{"embeddable":true,"href":"https:\/\/joannacholuj.pl\/en\/wp-json\/wp\/v2\/media\/12057"}],"wp:attachment":[{"href":"https:\/\/joannacholuj.pl\/en\/wp-json\/wp\/v2\/media?parent=12056"}],"curies":[{"name":"wp","href":"https:\/\/api.w.org\/{rel}","templated":true}]}}