{"id":12053,"date":"2024-07-23T05:11:01","date_gmt":"2024-07-23T03:11:01","guid":{"rendered":"http:\/\/joannacholuj.pl\/?page_id=12053"},"modified":"2024-12-15T22:13:29","modified_gmt":"2024-12-15T21:13:29","slug":"archetypy-czyli-wlasny-teatr-zycia-dowiedz-sie-wiecej","status":"publish","type":"page","link":"https:\/\/joannacholuj.pl\/en\/archetypy-czyli-wlasny-teatr-zycia-dowiedz-sie-wiecej\/","title":{"rendered":"Archetypy czyli w\u0142asny teatr \u017cycia &#8211; dowiedz si\u0119 wi\u0119cej"},"content":{"rendered":"<div dir=\"auto\">\n<h4><strong>PLAY IN YOUR OWN THEATRE OF LIFE<\/strong><\/h4>\n<h5>OR<\/h5>\n<h5>HOW TO GAIN FREEDOM FROM CODING ARCHETYPES AND LIFE ROLES<\/h5>\n<p>This course will explore how your unconscious mind traps you in the rat race and automatic role-playing. You'll also learn what role you might want to play. I'll discuss zodiacal archetypes, temperaments, the elements, and the archetypal gods of world mythology.<\/p>\n<\/div>\n<div dir=\"auto\" style=\"text-align: center;\">DURATION \u2013 20 HOURS<\/div>\n<div dir=\"auto\"><\/div>\n<div dir=\"auto\">\n<div dir=\"auto\" style=\"text-align: center;\"><strong>J\u0118ZYK KURSU &#8211;\u00a0 POLSKI. ANGIELSKI FRANCUSKI HISZPA\u0143SKI<\/strong><\/div>\n<div dir=\"auto\"><\/div>\n<div dir=\"auto\" style=\"text-align: center;\"><\/div>\n<\/div>\n<h3 dir=\"auto\" style=\"text-align: center;\"><a href=\"https:\/\/joannacholuj.pl\/en\/kwintesencja-kodu-matrixa-wiecej\/\">BUY<\/a><\/h3>\n<p>Zawarto\u015b\u0107 :<\/p>\n<p>1 cz\u0119\u015b\u0107 &#8211; Zodiak<\/p>\n<p>2 cz\u0119\u015b\u0107 &#8211; Nakszatry<\/p>\n<p>3 cz\u0119\u015b\u0107 &#8211; Mitologia<\/p>\n<p>4 cz\u0119\u015b\u0107 &#8211; Temperamenty i \u017bywio\u0142y<\/p>\n<p>5 cz\u0119\u015b\u0107 &#8211; MBTI<\/p>\n<p>6 cz\u0119\u015b\u0107 &#8211; Jung &#8211;<\/p>","protected":false},"excerpt":{"rendered":"<p>GRAJ WE W\u0141ASNYM TEATRZE \u017bYCIA CZYLI JAK UZYSKA\u0106 WOLNO\u015a\u0106 OD KODOWANIA ARCHETYP\u00d3W I R\u00d3L \u017bYCIOWYCH Ten kurs opowie Ci o [&hellip;]<\/p>","protected":false},"author":2,"featured_media":12050,"parent":0,"menu_order":0,"comment_status":"closed","ping_status":"closed","template":"","meta":{"_bbp_topic_count":0,"_bbp_reply_count":0,"_bbp_total_topic_count":0,"_bbp_total_reply_count":0,"_bbp_voice_count":0,"_bbp_anonymous_reply_count":0,"_bbp_topic_count_hidden":0,"_bbp_reply_count_hidden":0,"_bbp_forum_subforum_count":0,"_uag_custom_page_level_css":"","footnotes":""},"class_list":["post-12053","page","type-page","status-publish","has-post-thumbnail","hentry"],"spectra_custom_meta":{"_edit_lock":["1734297210:2"],"_edit_last":["2"],"_thumbnail_id":["12050"],"_wp_page_template":["default"],"_uag_page_assets":["a:9:{s:3:\"css\";s:0:\"\";s:2:\"js\";s:0:\"\";s:18:\"current_block_list\";a:0:{}s:8:\"uag_flag\";b:0;s:11:\"uag_version\";s:10:\"1775454065\";s:6:\"gfonts\";a:0:{}s:10:\"gfonts_url\";s:0:\"\";s:12:\"gfonts_files\";a:0:{}s:14:\"uag_faq_layout\";b:0;}"]},"uagb_featured_image_src":{"full":["https:\/\/joannacholuj.pl\/wp-content\/uploads\/2024\/07\/20210716_151041_2-\u2014-kopia.jpg",541,657,false],"thumbnail":["https:\/\/joannacholuj.pl\/wp-content\/uploads\/2024\/07\/20210716_151041_2-\u2014-kopia-150x150.jpg",150,150,true],"medium":["https:\/\/joannacholuj.pl\/wp-content\/uploads\/2024\/07\/20210716_151041_2-\u2014-kopia-247x300.jpg",247,300,true],"medium_large":["https:\/\/joannacholuj.pl\/wp-content\/uploads\/2024\/07\/20210716_151041_2-\u2014-kopia.jpg",541,657,false],"large":["https:\/\/joannacholuj.pl\/wp-content\/uploads\/2024\/07\/20210716_151041_2-\u2014-kopia.jpg",541,657,false],"1536x1536":["https:\/\/joannacholuj.pl\/wp-content\/uploads\/2024\/07\/20210716_151041_2-\u2014-kopia.jpg",541,657,false],"2048x2048":["https:\/\/joannacholuj.pl\/wp-content\/uploads\/2024\/07\/20210716_151041_2-\u2014-kopia.jpg",541,657,false],"trp-custom-language-flag":["https:\/\/joannacholuj.pl\/wp-content\/uploads\/2024\/07\/20210716_151041_2-\u2014-kopia.jpg",10,12,false],"illdy-blog-list":["https:\/\/joannacholuj.pl\/wp-content\/uploads\/2024\/07\/20210716_151041_2-\u2014-kopia-541x500.jpg",541,500,true],"illdy-widget-recent-posts":["https:\/\/joannacholuj.pl\/wp-content\/uploads\/2024\/07\/20210716_151041_2-\u2014-kopia-70x70.jpg",70,70,true],"illdy-blog-post-related-articles":["https:\/\/joannacholuj.pl\/wp-content\/uploads\/2024\/07\/20210716_151041_2-\u2014-kopia-240x206.jpg",240,206,true],"illdy-front-page-latest-news":["https:\/\/joannacholuj.pl\/wp-content\/uploads\/2024\/07\/20210716_151041_2-\u2014-kopia-250x213.jpg",250,213,true],"illdy-front-page-testimonials":["https:\/\/joannacholuj.pl\/wp-content\/uploads\/2024\/07\/20210716_151041_2-\u2014-kopia-127x127.jpg",127,127,true],"illdy-front-page-projects":["https:\/\/joannacholuj.pl\/wp-content\/uploads\/2024\/07\/20210716_151041_2-\u2014-kopia-476x476.jpg",476,476,true],"illdy-front-page-person":["https:\/\/joannacholuj.pl\/wp-content\/uploads\/2024\/07\/20210716_151041_2-\u2014-kopia-125x125.jpg",125,125,true]},"uagb_author_info":{"display_name":"Joanna Choluj","author_link":"https:\/\/joannacholuj.pl\/en\/blog\/author\/joannacholuj\/"},"uagb_comment_info":0,"uagb_excerpt":"GRAJ WE W\u0141ASNYM TEATRZE \u017bYCIA CZYLI JAK UZYSKA\u0106 WOLNO\u015a\u0106 OD KODOWANIA ARCHETYP\u00d3W I R\u00d3L \u017bYCIOWYCH Ten kurs opowie Ci o [&hellip;]","_links":{"self":[{"href":"https:\/\/joannacholuj.pl\/en\/wp-json\/wp\/v2\/pages\/12053"}],"collection":[{"href":"https:\/\/joannacholuj.pl\/en\/wp-json\/wp\/v2\/pages"}],"about":[{"href":"https:\/\/joannacholuj.pl\/en\/wp-json\/wp\/v2\/types\/page"}],"author":[{"embeddable":true,"href":"https:\/\/joannacholuj.pl\/en\/wp-json\/wp\/v2\/users\/2"}],"replies":[{"embeddable":true,"href":"https:\/\/joannacholuj.pl\/en\/wp-json\/wp\/v2\/comments?post=12053"}],"version-history":[{"count":2,"href":"https:\/\/joannacholuj.pl\/en\/wp-json\/wp\/v2\/pages\/12053\/revisions"}],"predecessor-version":[{"id":13319,"href":"https:\/\/joannacholuj.pl\/en\/wp-json\/wp\/v2\/pages\/12053\/revisions\/13319"}],"wp:featuredmedia":[{"embeddable":true,"href":"https:\/\/joannacholuj.pl\/en\/wp-json\/wp\/v2\/media\/12050"}],"wp:attachment":[{"href":"https:\/\/joannacholuj.pl\/en\/wp-json\/wp\/v2\/media?parent=12053"}],"curies":[{"name":"wp","href":"https:\/\/api.w.org\/{rel}","templated":true}]}}