{"id":12051,"date":"2024-07-23T04:58:41","date_gmt":"2024-07-23T02:58:41","guid":{"rendered":"http:\/\/joannacholuj.pl\/?page_id=12051"},"modified":"2024-12-15T22:11:16","modified_gmt":"2024-12-15T21:11:16","slug":"kwintesencja-kodu-matrixa-wiecej","status":"publish","type":"page","link":"https:\/\/joannacholuj.pl\/en\/kwintesencja-kodu-matrixa-wiecej\/","title":{"rendered":"Kwintesencja kodu matrixa &#8211; wi\u0119cej"},"content":{"rendered":"<div dir=\"auto\">\n<h4><strong>THE QUINTESSENCE OF THE MATRIX CODE<\/strong>\u00a0\u2013 zrozum i odkoduj<\/h4>\n<p>This course will allow you to DECODE THE MATRIX and reach a higher level of understanding of Ancient Knowledge. It clearly explains European and Vedic astrology, Pythagorean numerology, the secrets of tarot cards, and the fundamentals of the Human Design system.<\/p>\n<div dir=\"auto\"><\/div>\n<div dir=\"auto\"><\/div>\n<div dir=\"auto\">\n<div dir=\"auto\"><\/div>\n<div dir=\"auto\"><\/div>\n<\/div>\n<\/div>\n<div dir=\"auto\" style=\"text-align: center;\">Kurs zawiera:<\/div>\n<div dir=\"auto\" style=\"text-align: left;\">cz 1 Astrologia tropikalna<\/div>\n<div dir=\"auto\" style=\"text-align: left;\">cz 2Astrologia Wedyjska<\/div>\n<div dir=\"auto\" style=\"text-align: left;\">cz 3 Numerologia<\/div>\n<div dir=\"auto\" style=\"text-align: left;\">cz 4 Human Design<\/div>\n<div dir=\"auto\" style=\"text-align: left;\">cz 5\u00a0 Tarot<\/div>\n<div dir=\"auto\"><\/div>\n<div dir=\"auto\">\n<div dir=\"auto\" style=\"text-align: center;\">DURATION \u2013 20 HOURS<\/div>\n<div dir=\"auto\"><\/div>\n<div dir=\"auto\" style=\"text-align: center;\"><strong>J\u0118ZYK KURSU &#8211;\u00a0 POLSKI. ANGIELSKI FRANCUSKI HISZPA\u0143SKI<\/strong><\/div>\n<div dir=\"auto\"><\/div>\n<div dir=\"auto\" style=\"text-align: center;\"><\/div>\n<div dir=\"auto\"><\/div>\n<h3 dir=\"auto\" style=\"text-align: center;\"><a href=\"https:\/\/sklep.joannacholuj.pl\/product\/kwintesencja-kodu-matrixa-zrozum-i-odkoduj\/\">BUY<\/a><\/h3>\n<\/div>","protected":false},"excerpt":{"rendered":"<p>KWINTESENCJA KODU MATRIXA\u00a0\u2013 zrozum i odkoduj Ten kurs pozwoli ROZKODOWA\u0106 MATRIX i\u00a0 wej\u015b\u0107 na wy\u017cszy poziom zrozumienia Wiedzy Staro\u017cytnej. Kurs [&hellip;]<\/p>","protected":false},"author":2,"featured_media":12049,"parent":0,"menu_order":0,"comment_status":"closed","ping_status":"closed","template":"","meta":{"_bbp_topic_count":0,"_bbp_reply_count":0,"_bbp_total_topic_count":0,"_bbp_total_reply_count":0,"_bbp_voice_count":0,"_bbp_anonymous_reply_count":0,"_bbp_topic_count_hidden":0,"_bbp_reply_count_hidden":0,"_bbp_forum_subforum_count":0,"_uag_custom_page_level_css":"","footnotes":""},"class_list":["post-12051","page","type-page","status-publish","has-post-thumbnail","hentry"],"spectra_custom_meta":{"_edit_lock":["1734297077:2"],"_edit_last":["2"],"_thumbnail_id":["12049"],"_wp_page_template":["default"],"_uag_page_assets":["a:9:{s:3:\"css\";s:0:\"\";s:2:\"js\";s:0:\"\";s:18:\"current_block_list\";a:0:{}s:8:\"uag_flag\";b:0;s:11:\"uag_version\";s:10:\"1775454065\";s:6:\"gfonts\";a:0:{}s:10:\"gfonts_url\";s:0:\"\";s:12:\"gfonts_files\";a:0:{}s:14:\"uag_faq_layout\";b:0;}"]},"uagb_featured_image_src":{"full":["https:\/\/joannacholuj.pl\/wp-content\/uploads\/2024\/07\/90ddee4958829d732b140502416136f2.png",1000,1000,false],"thumbnail":["https:\/\/joannacholuj.pl\/wp-content\/uploads\/2024\/07\/90ddee4958829d732b140502416136f2-150x150.png",150,150,true],"medium":["https:\/\/joannacholuj.pl\/wp-content\/uploads\/2024\/07\/90ddee4958829d732b140502416136f2-300x300.png",300,300,true],"medium_large":["https:\/\/joannacholuj.pl\/wp-content\/uploads\/2024\/07\/90ddee4958829d732b140502416136f2-768x768.png",640,640,true],"large":["https:\/\/joannacholuj.pl\/wp-content\/uploads\/2024\/07\/90ddee4958829d732b140502416136f2.png",640,640,false],"1536x1536":["https:\/\/joannacholuj.pl\/wp-content\/uploads\/2024\/07\/90ddee4958829d732b140502416136f2.png",1000,1000,false],"2048x2048":["https:\/\/joannacholuj.pl\/wp-content\/uploads\/2024\/07\/90ddee4958829d732b140502416136f2.png",1000,1000,false],"trp-custom-language-flag":["https:\/\/joannacholuj.pl\/wp-content\/uploads\/2024\/07\/90ddee4958829d732b140502416136f2.png",12,12,false],"illdy-blog-list":["https:\/\/joannacholuj.pl\/wp-content\/uploads\/2024\/07\/90ddee4958829d732b140502416136f2-750x500.png",750,500,true],"illdy-widget-recent-posts":["https:\/\/joannacholuj.pl\/wp-content\/uploads\/2024\/07\/90ddee4958829d732b140502416136f2-70x70.png",70,70,true],"illdy-blog-post-related-articles":["https:\/\/joannacholuj.pl\/wp-content\/uploads\/2024\/07\/90ddee4958829d732b140502416136f2-240x206.png",240,206,true],"illdy-front-page-latest-news":["https:\/\/joannacholuj.pl\/wp-content\/uploads\/2024\/07\/90ddee4958829d732b140502416136f2-250x213.png",250,213,true],"illdy-front-page-testimonials":["https:\/\/joannacholuj.pl\/wp-content\/uploads\/2024\/07\/90ddee4958829d732b140502416136f2-127x127.png",127,127,true],"illdy-front-page-projects":["https:\/\/joannacholuj.pl\/wp-content\/uploads\/2024\/07\/90ddee4958829d732b140502416136f2-476x476.png",476,476,true],"illdy-front-page-person":["https:\/\/joannacholuj.pl\/wp-content\/uploads\/2024\/07\/90ddee4958829d732b140502416136f2-125x125.png",125,125,true]},"uagb_author_info":{"display_name":"Joanna Choluj","author_link":"https:\/\/joannacholuj.pl\/en\/blog\/author\/joannacholuj\/"},"uagb_comment_info":0,"uagb_excerpt":"KWINTESENCJA KODU MATRIXA\u00a0\u2013 zrozum i odkoduj Ten kurs pozwoli ROZKODOWA\u0106 MATRIX i\u00a0 wej\u015b\u0107 na wy\u017cszy poziom zrozumienia Wiedzy Staro\u017cytnej. Kurs [&hellip;]","_links":{"self":[{"href":"https:\/\/joannacholuj.pl\/en\/wp-json\/wp\/v2\/pages\/12051"}],"collection":[{"href":"https:\/\/joannacholuj.pl\/en\/wp-json\/wp\/v2\/pages"}],"about":[{"href":"https:\/\/joannacholuj.pl\/en\/wp-json\/wp\/v2\/types\/page"}],"author":[{"embeddable":true,"href":"https:\/\/joannacholuj.pl\/en\/wp-json\/wp\/v2\/users\/2"}],"replies":[{"embeddable":true,"href":"https:\/\/joannacholuj.pl\/en\/wp-json\/wp\/v2\/comments?post=12051"}],"version-history":[{"count":2,"href":"https:\/\/joannacholuj.pl\/en\/wp-json\/wp\/v2\/pages\/12051\/revisions"}],"predecessor-version":[{"id":13317,"href":"https:\/\/joannacholuj.pl\/en\/wp-json\/wp\/v2\/pages\/12051\/revisions\/13317"}],"wp:featuredmedia":[{"embeddable":true,"href":"https:\/\/joannacholuj.pl\/en\/wp-json\/wp\/v2\/media\/12049"}],"wp:attachment":[{"href":"https:\/\/joannacholuj.pl\/en\/wp-json\/wp\/v2\/media?parent=12051"}],"curies":[{"name":"wp","href":"https:\/\/api.w.org\/{rel}","templated":true}]}}