{"id":12044,"date":"2024-07-23T04:10:55","date_gmt":"2024-07-23T02:10:55","guid":{"rendered":"http:\/\/joannacholuj.pl\/?page_id=12044"},"modified":"2024-12-15T22:08:55","modified_gmt":"2024-12-15T21:08:55","slug":"12044-2","status":"publish","type":"page","link":"https:\/\/joannacholuj.pl\/en\/12044-2\/","title":{"rendered":"Misterium Dwunastu Sfer \u017bycia  &#8211; wi\u0119cej"},"content":{"rendered":"<div dir=\"auto\">\n<p style=\"text-align: center;\">Webinar jest oparty na staro\u017cytnej wiedzy i s\u0142owia\u0144skiej filozofii przyrody. Zebrany jest w dwana\u015bcie dzia\u0142\u00f3w odpowiadaj\u0105cych dwunastu miesi\u0105com i dwunastu sferom \u017cycia. Tematy kursu dotycz\u0105 Twojego \u017cycia i Twojej przemiany \u017cycia &#8211; mowa tam o energii m\u0119skiej i \u017ce\u0144skiej, o zwi\u0105zkach, o rodzie rodzinie, o filozofii przyrody Ario-S\u0142owian, o spo\u0142ecze\u0144stwie i o tym jak dobrze u\u0142o\u017cy\u0107 sobie \u017cycie i uzyska\u0107 dobrostan<\/p>\n<\/div>\n<div dir=\"auto\" style=\"text-align: center;\">CZAS TRWANIA &#8211; ok 40\u00a0 GODZIN<\/div>\n<div dir=\"auto\"><\/div>\n<div dir=\"auto\">\n<div dir=\"auto\" style=\"text-align: center;\"><strong>J\u0118ZYK KURSU &#8211;\u00a0 POLSKI. ANGIELSKI\u00a0<\/strong><\/div>\n<div dir=\"auto\"><\/div>\n<div dir=\"auto\" style=\"text-align: center;\"><strong>\u00a0<\/strong><\/div>\n<h3 dir=\"auto\"><\/h3>\n<h3 dir=\"auto\" style=\"text-align: center;\"><a href=\"https:\/\/sklep.joannacholuj.pl\/product\/misterium-dwunastu-sfer-zycia\/\">BUY<\/a><\/h3>\n<\/div>\n<h6><strong>I sfera Energia \u017ce\u0144ska<\/strong><\/h6>\n<h6><strong>II sfera Energia m\u0119ska<\/strong><\/h6>\n<h6>III sfera R\u00f3wnowa\u017cenie energii<\/h6>\n<h6>IV sfera Samouzdrawianie<\/h6>\n<h6>V sfera Twoje wewn\u0119trzne dziecko i twoje dziecko<\/h6>\n<h6>VI sfera Rodzic i Edukacja<\/h6>\n<h6>VII sfera Kreacja<\/h6>\n<h6>VIII sfera\u00a0 Samowiedza<\/h6>\n<h6>IX sfera Symbole<\/h6>\n<h6>X sfera J\u0119zyk i Magia<\/h6>\n<h6><strong>XI sfera Natura i Wszech\u015bwiat<\/strong><\/h6>\n<h6><strong>XII sfera Zwi\u0105zek i R\u00f3d<\/strong><\/h6>\n<h4 style=\"text-align: center;\"><\/h4>\n<h6><strong>I sfera Energia \u017ce\u0144ska<\/strong><\/h6>\n<p>1. \u017be\u0144ska i m\u0119ska energia. Jak to dok\u0142adnie dzia\u0142a?<br \/>\n2. O energii m\u0119skiej i \u017ce\u0144skiej w kobiecie i m\u0119\u017cczy\u017anie<br \/>\n3. Czy sprz\u0105tanie jest tylko dla kobiet?<br \/>\n4. Kobieta w nedmiernej energii \u017ce\u0144skiej vs kobieta w nadmiernej energii m\u0119skiej<br \/>\n5. Idealny m\u0119\u017cczyzna<br \/>\n6. \u017be\u0144ska energia w akcji<br \/>\n7. Polaryzacja, kastrowanie m\u0119\u017cczyzn, co to jest?<br \/>\n8. Four women in one women<br \/>\n9. Energia. Archetyp. Definicje<br \/>\n10. Pe\u0142nia, n\u00f3w, cykle. O pe\u0142ni w znaku Lwa<br \/>\n11. Macho, mi\u0119czak, m\u0105\u017c. M\u0119\u017cczy\u017ani Nowej Ziemi?<br \/>\n12. Idealna kobieta.<br \/>\n13. Jak sprawi\u0107 by m\u0119\u017cczyzna od nas uciek\u0142? O zwi\u0105zkach z przymru\u017ceniem oka<br \/>\n14. By\u0107 bez pary i nie p\u0142aka\u0107<br \/>\n15. Dlaczego oni odchodz\u0105 &#8211; o przyczynach rozpadania si\u0119 zwiazk\u00f3w<br \/>\n16. DEvine feminine and devine masculine<br \/>\n17. Co utrudnia kobietom utrzymanie si\u0119 w \u017ce\u0144skiej energii ?<br \/>\n18. A woman &#8211; too feminine or too masculine?<\/p>\n<h6><strong>II sfera Energia m\u0119ska<\/strong><\/h6>\n<p>1. Macho, mi\u0119czak , ma\u017c. M\u0119\u017cczy\u017ani Nowej Ziemi<br \/>\n2. Wyluzuj. Miej szerokie spojrzenie<br \/>\n3. Wielkie Arkana Tarota. Znaczenia bazowe cyklicznego uk\u0142adu<br \/>\n4. Dwa cykle Tarota na bazie cyklu ksi\u0119\u017cycowego i menstruacyjnego<br \/>\n5. Plansza &#8211; cykl ksi\u0119\u017cycowy i menstruacyjny<br \/>\n6. Cykl zodiakalny i bazowe znaczenia archetyp\u00f3w zodiaku<br \/>\n7. Czy &#8222;wszyscy m\u0119\u017cczy\u017ani to dranie&#8221;?<br \/>\n8. Czego chc\u0105 m\u0119\u017cczy\u017ani od kobiet?<br \/>\n9. Jak kobiety odkrywaj\u0105 w sobie energi\u0119 m\u0119sk\u0105?<br \/>\n10. Male female jobs? ENG<br \/>\n11. Ideal woman ENG<br \/>\n12. Archetyp dziecka \/ artysty<br \/>\n13. Archetyp trickstera<br \/>\n14. Ideal man<br \/>\n15. Czy wojny przestan\u0105 istnie\u0107 ?<br \/>\n16. Swastyka i archetypy<br \/>\n17. Cykle \u017cycia<br \/>\n18. Nie pozw\u00f3lmy sobie zabra\u0107 mocy symboli (oni w\u0142a\u015bnie tego chc\u0105)<br \/>\n19. Cykl 12 miesi\u0119cy i kr\u0119gi<\/p>\n<h6>III sfera R\u00f3wnowa\u017cenie energii<\/h6>\n<div>1. \u0141ad \u0141Ada Polska i jej flaga<br \/>\n2. Jak dobrze g\u0142\u0119boko prze\u017cy\u0107 metamorfoz\u0119 \u017cycia<br \/>\n3. O Marzannie, Dziewannie i \u0141Adzie. O Jarych Godach, R\u00f3wnonoch i Przesileniach<br \/>\n4. Cykle \u017cyciowie 3,7,9 &#8211; jak dobrze wykorzysta\u0107 t\u0119 wiedz\u0119?<br \/>\n5. Sk\u0105d mamy wiedzie\u0107 kiedy \u015bwietowa\u0107? Czyli o rytach przej\u015bcia w cyklu roku<br \/>\n6 Co to jest Filozofia Przyrody czy podstawowa filozofia kosmosu<br \/>\n7 Nier\u00f3wnowaga energetyczna: Szablon ofiary, Toskyczne zwi\u0105zki, Samotne matki<br \/>\n8. Nier\u00f3wnowaga energetyczna : Nadmierna energia \u017ce\u0144ska, Anio\u0142 vs Femme Fatale<br \/>\n9. Co to jest i jak dzia\u0142a &#8222;rozw\u00f3j duchowy&#8221;<br \/>\n10. Pomaganie. Jak pomaga \u015bwiat duchowy<br \/>\n11. Misja. Powo\u0142anie osobiste i pozaosobiste<br \/>\n12. Boginie z nogami i boginie z rogami. Mokosz<br \/>\n13. O moich analizach holistycznych. O specjalistach. o imionach<br \/>\n14. Co to jest duchowo\u015b\u0107<br \/>\n15. Czy b\u00f3g to b\u00f3g czy bogini<br \/>\n16 Anio\u0142 i Femme fatale. co jest toksyczne w relacjach<br \/>\n17. O wojnie i pokoju, czyli mamy MOC<br \/>\n18 Na czym polega moc kobiety<\/div>\n<div>19 Szablon ofiary. Toksyczne zwi\u0105zki<\/div>\n<div>20 \u017bycie i \u015bmier\u0107. Metamorfoza \u017cycia<\/div>\n<div>21 Marzanna i Dziewanna. Jare Gody<\/div>\n<div>22 Polska. R\u00f3wnowa\u017cenie energii<\/div>\n<div>23 &#8222;satanistyczne&#8221; sz\u00f3stki, w\u0119\u017ce i or\u0142y<\/div>\n<div>24 Kobieco\u015b\u0107. Istota kosmosu<\/div>\n<div>25 Co utrudnia bycie pi\u0119kn\u0105<\/div>\n<div>26 Jak by\u0107 w dobrostanie<\/div>\n<div>27 Co to jest droga \u015brodka<\/div>\n<div>28 Co to jest dharma<\/div>\n<div>29 Dharma<\/div>\n<div>30 Co to znaczy utrzyma\u0107 r\u00f3wnowag\u0119 energetyczn\u0105<\/div>\n<div>31 Definicje &#8211; filozofia przyrody, holistyczny &#8230;<\/div>\n<div>32 Jeste\u015bmy istotami energetycznymi<\/div>\n<div>33 PRawo naturalne i suwerenno\u015b\u0107<\/div>\n<div>34 Co to jest Prawo Naturalne<\/div>\n<div>35 Dlaczego istnieje nag\u0142a \u015bmier\u0107 i cierpienie<\/div>\n<div>36 Czym jest \u015bmier\u0107<\/div>\n<div>37 Jak by\u0107 pi\u0119kn\u0105\/ Co to jest pi\u0119kno?<\/div>\n<div>38 Co utrudnia bycie pi\u0119kn\u0105<\/div>\n<div>39 Co to jest Filozofia Przyrody. Kim jest b\u00f3g w filozofii przyrody<\/div>\n<h6>IV sfera Samouzdrawianie<\/h6>\n<p>1. S\u0142owianie. Prawo naturalne i \u017cycie wedle Filozofii Przyrody<br \/>\n2. Aura. Oczyszczani. Projekcje<br \/>\n3. Jeste\u015bmy czterema \u017cywio\u0142ami<br \/>\n4. Czy jestem muzu\u0142mank\u0105 czy katoliczk\u0105. Czyli o religiach i filozofii przyrody<br \/>\n5. Manifestacja i materializacja<br \/>\n6. \u015awiat wirtualny i rzeczywisty<br \/>\n7. O polityce, terminologii i odbiorcach<br \/>\n8. Dobro i z\u0142o. Wiedza<br \/>\n9. Kim naprawd\u0119 jest b\u00f3g? Czyli o bogach i gadach<br \/>\n10. Czego nam trzeba w obliczu energii wojny ?<br \/>\n11. Kobieta nie powinna by\u0107 sama?<br \/>\n12. Oczyszczanie energetyczne<br \/>\n13. Co jest dobre, co jest z\u0142e? O podzia\u0142ach i skrajno\u015bciach<br \/>\n14. Co to znaczy by\u0107 kobiet\u0105?<br \/>\n15. Wdzi\u0119czno\u015b\u0107 i oczyszczanie<br \/>\n16. Cia\u0142o leczy si\u0119 samo. Cykle<br \/>\n17. &#8222;Mie\u0107 wysokie wibracje&#8221;, &#8222;zmieni\u0107 sobie wibracje&#8221; &#8211; o co chodzi? jaki w tym problem?<br \/>\n18. o ksi\u0105zkach. O energii i materii<br \/>\n19. Metoda harmonizacji i leczenia wedle REiki<br \/>\n20 Praca z energi\u0105 w celu leczenia siebie lub bliskiej osoby<br \/>\n21. Dlaczego czasem tkwimy d\u0142ugo a nawet ca\u0142e \u017cycie w dysharmonii, blokadach, niespe\u0142nieniu<br \/>\n22. Jak si\u0119 leczy\u0107 dzi\u0119ki wibracjom d\u017awi\u0119ku i koloru<br \/>\n23. Energetyczna kuchnia pi\u0119ciu przemian<br \/>\n24. Energia i materia<br \/>\n25. Sztuka i trauma. O tym jak i po co w\u0142o\u017cy\u0107 b\u00f3l w kreacj\u0119<br \/>\n26. Harmonia i dysharmonia. Swobodny przep\u0142yw energii oraz o niech\u0119ci Polak\u00f3w do j\u0119zyk\u00f3w obcych<br \/>\n27 Kocha\u0107 siebie przez macic\u0119, przez dolne czakry, doln\u0105 cz\u0119\u015b\u0107 cia\u0142a<br \/>\n28 Holizm to nie to samo co eklektyzm<br \/>\n29 Jestem doskona\u0142o\u015bci\u0105 wi\u0119c nic nie musz\u0119 w sobie naprawia\u0107?<br \/>\n30 Pozwoli\u0107 by proces leczenia dzia\u0142 si\u0119 sam vs aktywne naprawianie i powracanie do harmonii<br \/>\n31 Staro\u017cytna medycyna. TCM. Ayurveda. Recall healing. Totalna medycyna, medycyna germa\u0144ska<br \/>\n32 Jak uzdrowi\u0107 relacje i spo\u0142ecze\u0144stwo<br \/>\n33 Kobiety to materialistyki ?<br \/>\n34 K\u0142amstwa nam wdrukowane o kobietach<br \/>\n35 Kim jest wied\u017ama i jak uzdrawia<br \/>\n36 To nie tyle seks, ile \u017cycie jest przyjemno\u015bci\u0105. A istot\u0105 \u017cycia w kosmosie jest seks<br \/>\n37 HArmonizowanie swojej energii EFT, radykalne wybaczanie, czakry<br \/>\n38 Poczucie odrzucenia. Mi\u0142o\u015b\u0107 bezwarunkowa. Poczucie bezpiecze\u0144stwa. Sublimacja karmy<br \/>\n39 Jak zaakceptowa\u0107 siebie. Jak wr\u00f3ci\u0107 do siebie. Jak pokocha\u0107 swoje cia\u0142o<br \/>\n40 jak pokocha\u0107 siebie. Jak rozkocha\u0107 w sobie m\u0119\u017cczyzn\u0119<br \/>\n41 Cia\u0142a nasze. Energia \u017cyciowa. Ubranie<br \/>\n42 Hejt, krytyka, cudze energie &#8211; ochrona<br \/>\n43 Sk\u0105d si\u0119 bior\u0105 choroby<br \/>\n44 Kobieco\u015b\u0107 . Zmys\u0142owo\u015b\u0107. Intelektualizm M\u0105dro\u015b\u0107 G\u0142\u0119bia Dziko\u015b\u0107 . Co pokazujemy<br \/>\n45 Metamorfoza. Sylwetka. Kolor . Ubranie<br \/>\n46 Twoje \u017cywio\u0142y . Tw\u00f3j typ cia\u0142a . Ayurveda hindusko wedyjska . Chi\u0144ska filozofia przemian<br \/>\n47 Jak wr\u00f3ci\u0107 do siebie . Plan w punktach<br \/>\n48 \u015awiat zmieni\u0105 kobiety, pewna grupa kobiet<br \/>\n49 O tym, \u017ce wi\u0119kszo\u015b\u0107 os\u00f3b to manichejczycy<br \/>\n50 Jakie jajka lubisz? Czyli o kobieco\u015bci z poziomu cia\u0142a<br \/>\n51 Dotyk? Bez pary ?<br \/>\n52 \u017bywio\u0142y w nas i nasz osobisty cykl przemian<br \/>\n53 Jak to zrobi\u0107 ? Co ? Cokolwiek. Zaj\u0105\u0107 si\u0119 sob\u0105<br \/>\n54 Sk\u0105d mam wiedzie\u0107 czy jestem w harmonii czy nie?<br \/>\n55 Prawo przyci\u0105gania czyli prawo bezruchu czyli o manifestowaniu<br \/>\n56 O nauce. O wiedzy. O \u017cyciu. O ludziach<br \/>\n57 Gdy potrzebujesz pomocy &#8211; kto ci pomo\u017ce?<br \/>\n58 M\u0119skie archetypy &#8211; bogowie czterech p\u00f3r roku odpowiadaj\u0105ce \u017ce\u0144skim archetypom, boginiom<br \/>\n59 Jak wygl\u0105da stan nier\u00f3wnowagi energetycznej. 4 czynniki<br \/>\n60 Jeste\u015b czterema \u017cywio\u0142ami<br \/>\n61 Prawdziwa definicja choroby<br \/>\n62 Nier\u00f3wnowaga organizmu czyli nier\u00f3wnowaga \u017cywio\u0142\u00f3w<br \/>\n63 Okre\u015blenie &#8222;boska \u017ce\u0144sko\u015b\u0107&#8221; a kobieco\u015b\u0107. Zawsze precyzujmy o czym m\u00f3wimy<br \/>\n64 \u017bywio\u0142y i ich przemiany<br \/>\n65 Wyt\u0142umaczenie znaczenia prawie wszystkich okre\u015ble\u0144 kobiety<br \/>\n66 Karma. Karmiczne zobowi\u0105zania<br \/>\n67 Egzorcyzmy. co to jest i kiedy s\u0105 potrzebne<br \/>\n68 Naukowiec. Terapeuta. Filozof<br \/>\n69 Kim jestem z zawodu i dlaczego m\u00f3wi\u0119 to co m\u00f3wi\u0119, tak jak m\u00f3wi\u0119<br \/>\n70 W \u017ce\u0144skiej energii o sobie, malowaniu si\u0119, seksie, dzieciach i misjach<br \/>\n71 Kali<br \/>\n72 Diety. Wege . Bretarianizm\/ Jak schudn\u0105\u0107? Odpowiedni dla ciebie styl \u017cycia<br \/>\n73 Pan Kazio z fantazj\u0105 u\u0142a\u0144sk\u0105 czyli m\u0119\u017cczyzna idealny<br \/>\n74 Zio\u0142a, Hildegarda, ksi\u0105\u017cki, rady<\/p>\n<h6>V sfera Twoje wewn\u0119trzne dziecko i twoje dziecko<\/h6>\n<p>1.Pocz\u0105tek<br \/>\n2. Kto to jest dziecko<br \/>\n3. Zachowania Kr\u00f3lewny<br \/>\n4.S\u0142owia\u0144skie wychowanie<br \/>\n5. Kobieta Dziecko. Techniki manipulacji. Patronizing<br \/>\n6. Dziecko najwi\u0119kszy nauczyciel<br \/>\n7. Jak dzia\u0142a m\u00f3zg<br \/>\n8. Dzieci Lolity i tematy pokrewne<br \/>\n9. Samotne macierzy\u0144stwo. Rozpad wsp\u00f3lnoty<br \/>\n10. Matrix Macierz i p\u0119powina<br \/>\n11. Czemu tak trudno jest wychowa\u0107 dzieci? Czemu rozpadaj\u0105 si\u0119 rodziny?<br \/>\n12. Samotne macierzy\u0144stwo &#8211; exit!<br \/>\n13. Z\u0142udzenie samotno\u015bci<br \/>\n14. Czego chc\u0105 kobiety? Samca Alfa?<br \/>\n15. Kto ma wychowywa\u0107 te dzieci?<br \/>\n16. Samotno\u015b\u0107 dzieci. Samotno\u015b\u0107 ludzi<br \/>\n17. Trudne dzieci<br \/>\n18. Dziecko, kt\u00f3re wciela si\u0119 na ziemi. Maja vs Matrix Macierz<br \/>\n19. Wszyscy jeste\u015bmy jedn\u0105 rodzin\u0105<br \/>\n20. Czy macierzy\u0144stwo jest pi\u0119kne? Samotne macierzy\u0144stwo jako zaburzenie spo\u0142eczne<br \/>\n21. Globalna edukacja dziecka<br \/>\n22. Kr\u0119gi i karty. Na czym polega cykl 12 temat\u00f3w<br \/>\n23. Edukatorzy nieprzeci\u0119tni : S. Suzuki, G. Doman, M.Schichida, H.Doron, Sztetinin, Polgar<br \/>\n24. Jeste\u015bmy dzie\u0107mi jednej cywilizacji \u015arodka Europy<br \/>\n25. Jak uczy\u0107 dzieci czytania i pisania<br \/>\n26. By\u0107 dzieckiem. By\u0107 kobiet\u0105. by\u0107 matk\u0105<br \/>\n27 Dziecko pustelnik<br \/>\n28 &#8222;Dysfunkcyjne&#8221; dzieci<br \/>\n29. Wewn\u0119trzne dziecko<br \/>\n30 ZAburzona od dziecka matryca j\u0119zykowa<br \/>\n31 Wieloj\u0119zyczno\u015b\u0107 u dzieci<br \/>\n32. Co to jest macierz, matryca j\u0119zykowa, j\u0119zyk macierzysty ojczysty<br \/>\n33 Sieroctwo Polak\u00f3w, sieroctwo Ziemian. Matrix<br \/>\n34 Jak si\u0119 rodzi wszech\u015bwiat czyli o materii, matriarchacie, i liczbie Pi<br \/>\n35. Kto jest najwa\u017cniejszy w rodzinie<br \/>\n36. Dzieci. Gender. P\u0142e\u0107. Energia<br \/>\n37. Dzieci w perspektywie telegonii<br \/>\n38. Gender i telegonia. Wymiar praktyczny<br \/>\n39. Talent Potencja\u0142 Geniusz. Jakie masz dziecko?<\/p>\n<h6><strong>VI sfera Rodzic i Edukacja<\/strong><\/h6>\n<h6><strong>VII sfera Kreacja<\/strong><\/h6>\n<h6><strong>VIII sfera\u00a0 Samowiedza<\/strong><\/h6>\n<h6><strong>IX sfera Symbole<\/strong><\/h6>\n<h6><strong>X sfera J\u0119zyk i Magia<\/strong><\/h6>\n<h6><strong>XI sfera Natura i Wszech\u015bwiat<\/strong><\/h6>\n<h6><strong>XII sfera Zwi\u0105zek i R\u00f3d<\/strong><\/h6>\n<h4 style=\"text-align: center;\"><a href=\"https:\/\/sklep.joannacholuj.pl\/product\/misterium-dwunastu-sfer-zycia\/\">BUY<\/a><\/h4>","protected":false},"excerpt":{"rendered":"<p>Webinar jest oparty na staro\u017cytnej wiedzy i s\u0142owia\u0144skiej filozofii przyrody. Zebrany jest w dwana\u015bcie dzia\u0142\u00f3w odpowiadaj\u0105cych dwunastu miesi\u0105com i dwunastu [&hellip;]<\/p>","protected":false},"author":2,"featured_media":11934,"parent":0,"menu_order":0,"comment_status":"closed","ping_status":"closed","template":"","meta":{"_bbp_topic_count":0,"_bbp_reply_count":0,"_bbp_total_topic_count":0,"_bbp_total_reply_count":0,"_bbp_voice_count":0,"_bbp_anonymous_reply_count":0,"_bbp_topic_count_hidden":0,"_bbp_reply_count_hidden":0,"_bbp_forum_subforum_count":0,"_uag_custom_page_level_css":"","footnotes":""},"class_list":["post-12044","page","type-page","status-publish","has-post-thumbnail","hentry"],"spectra_custom_meta":{"_edit_lock":["1734296936:2"],"_edit_last":["2"],"_wp_page_template":["default"],"_thumbnail_id":["11934"],"_uag_page_assets":["a:9:{s:3:\"css\";s:0:\"\";s:2:\"js\";s:0:\"\";s:18:\"current_block_list\";a:0:{}s:8:\"uag_flag\";b:0;s:11:\"uag_version\";s:10:\"1775454065\";s:6:\"gfonts\";a:0:{}s:10:\"gfonts_url\";s:0:\"\";s:12:\"gfonts_files\";a:0:{}s:14:\"uag_faq_layout\";b:0;}"]},"uagb_featured_image_src":{"full":["https:\/\/joannacholuj.pl\/wp-content\/uploads\/2024\/07\/R.jpg",1011,876,false],"thumbnail":["https:\/\/joannacholuj.pl\/wp-content\/uploads\/2024\/07\/R-150x150.jpg",150,150,true],"medium":["https:\/\/joannacholuj.pl\/wp-content\/uploads\/2024\/07\/R-300x260.jpg",300,260,true],"medium_large":["https:\/\/joannacholuj.pl\/wp-content\/uploads\/2024\/07\/R-768x665.jpg",640,554,true],"large":["https:\/\/joannacholuj.pl\/wp-content\/uploads\/2024\/07\/R.jpg",640,555,false],"1536x1536":["https:\/\/joannacholuj.pl\/wp-content\/uploads\/2024\/07\/R.jpg",1011,876,false],"2048x2048":["https:\/\/joannacholuj.pl\/wp-content\/uploads\/2024\/07\/R.jpg",1011,876,false],"trp-custom-language-flag":["https:\/\/joannacholuj.pl\/wp-content\/uploads\/2024\/07\/R.jpg",14,12,false],"illdy-blog-list":["https:\/\/joannacholuj.pl\/wp-content\/uploads\/2024\/07\/R-750x500.jpg",750,500,true],"illdy-widget-recent-posts":["https:\/\/joannacholuj.pl\/wp-content\/uploads\/2024\/07\/R-70x70.jpg",70,70,true],"illdy-blog-post-related-articles":["https:\/\/joannacholuj.pl\/wp-content\/uploads\/2024\/07\/R-240x206.jpg",240,206,true],"illdy-front-page-latest-news":["https:\/\/joannacholuj.pl\/wp-content\/uploads\/2024\/07\/R-250x213.jpg",250,213,true],"illdy-front-page-testimonials":["https:\/\/joannacholuj.pl\/wp-content\/uploads\/2024\/07\/R-127x127.jpg",127,127,true],"illdy-front-page-projects":["https:\/\/joannacholuj.pl\/wp-content\/uploads\/2024\/07\/R-476x476.jpg",476,476,true],"illdy-front-page-person":["https:\/\/joannacholuj.pl\/wp-content\/uploads\/2024\/07\/R-125x125.jpg",125,125,true]},"uagb_author_info":{"display_name":"Joanna Choluj","author_link":"https:\/\/joannacholuj.pl\/en\/blog\/author\/joannacholuj\/"},"uagb_comment_info":0,"uagb_excerpt":"Webinar jest oparty na staro\u017cytnej wiedzy i s\u0142owia\u0144skiej filozofii przyrody. Zebrany jest w dwana\u015bcie dzia\u0142\u00f3w odpowiadaj\u0105cych dwunastu miesi\u0105com i dwunastu [&hellip;]","_links":{"self":[{"href":"https:\/\/joannacholuj.pl\/en\/wp-json\/wp\/v2\/pages\/12044"}],"collection":[{"href":"https:\/\/joannacholuj.pl\/en\/wp-json\/wp\/v2\/pages"}],"about":[{"href":"https:\/\/joannacholuj.pl\/en\/wp-json\/wp\/v2\/types\/page"}],"author":[{"embeddable":true,"href":"https:\/\/joannacholuj.pl\/en\/wp-json\/wp\/v2\/users\/2"}],"replies":[{"embeddable":true,"href":"https:\/\/joannacholuj.pl\/en\/wp-json\/wp\/v2\/comments?post=12044"}],"version-history":[{"count":11,"href":"https:\/\/joannacholuj.pl\/en\/wp-json\/wp\/v2\/pages\/12044\/revisions"}],"predecessor-version":[{"id":13315,"href":"https:\/\/joannacholuj.pl\/en\/wp-json\/wp\/v2\/pages\/12044\/revisions\/13315"}],"wp:featuredmedia":[{"embeddable":true,"href":"https:\/\/joannacholuj.pl\/en\/wp-json\/wp\/v2\/media\/11934"}],"wp:attachment":[{"href":"https:\/\/joannacholuj.pl\/en\/wp-json\/wp\/v2\/media?parent=12044"}],"curies":[{"name":"wp","href":"https:\/\/api.w.org\/{rel}","templated":true}]}}