{"id":12031,"date":"2024-07-23T02:52:47","date_gmt":"2024-07-23T00:52:47","guid":{"rendered":"http:\/\/joannacholuj.pl\/?page_id=12031"},"modified":"2024-12-15T22:00:10","modified_gmt":"2024-12-15T21:00:10","slug":"kurs-matryca-jezyka-wiecej-pl","status":"publish","type":"page","link":"https:\/\/joannacholuj.pl\/en\/kurs-matryca-jezyka-wiecej-pl\/","title":{"rendered":"Kurs Matryca j\u0119zyka &#8211; wi\u0119cej"},"content":{"rendered":"<p style=\"text-align: center;\">Jest to cykl wyk\u0142ad\u00f3w do samodzielnego przes\u0142uchania online\u00a0 i jest oparty na staro\u017cytnym polskim i sanskrycie. Jest on duchowy i naukowy jednocze\u015bnie. Jest to teoretyczne wsparcie dla praktycznej cz\u0119\u015bci kursu.<\/p>\n<h4 dir=\"auto\" style=\"text-align: center;\"><a href=\"https:\/\/sklep.joannacholuj.pl\/product\/kod-matrycy-jezyka-form\/\">BUY\u00a0<\/a><\/h4>\n<p>1 Wst\u0119p do nauki o j\u0119zyku<\/p>\n<p>2 G\u0142oskownia<\/p>\n<p>3 S\u0142owotw\u00f3rstwo i Odmiana<\/p>\n<p>4 Sk\u0142adnia<\/p>\n<p>5 Por\u00f3wnanie j\u0119zyk\u00f3w<\/p>\n<p>6 Wiedza og\u00f3lna o j\u0119zyku<\/p>","protected":false},"excerpt":{"rendered":"<p>Jest to cykl wyk\u0142ad\u00f3w do samodzielnego przes\u0142uchania online\u00a0 i jest oparty na staro\u017cytnym polskim i sanskrycie. Jest on duchowy i [&hellip;]<\/p>","protected":false},"author":2,"featured_media":12041,"parent":0,"menu_order":0,"comment_status":"closed","ping_status":"closed","template":"","meta":{"_bbp_topic_count":0,"_bbp_reply_count":0,"_bbp_total_topic_count":0,"_bbp_total_reply_count":0,"_bbp_voice_count":0,"_bbp_anonymous_reply_count":0,"_bbp_topic_count_hidden":0,"_bbp_reply_count_hidden":0,"_bbp_forum_subforum_count":0,"_uag_custom_page_level_css":"","footnotes":""},"class_list":["post-12031","page","type-page","status-publish","has-post-thumbnail","hentry"],"spectra_custom_meta":{"_edit_last":["2"],"_wp_page_template":["default"],"_edit_lock":["1734296411:2"],"_thumbnail_id":["12041"],"_uag_page_assets":["a:9:{s:3:\"css\";s:0:\"\";s:2:\"js\";s:0:\"\";s:18:\"current_block_list\";a:0:{}s:8:\"uag_flag\";b:0;s:11:\"uag_version\";s:10:\"1775454065\";s:6:\"gfonts\";a:0:{}s:10:\"gfonts_url\";s:0:\"\";s:12:\"gfonts_files\";a:0:{}s:14:\"uag_faq_layout\";b:0;}"]},"uagb_featured_image_src":{"full":["https:\/\/joannacholuj.pl\/wp-content\/uploads\/2024\/07\/pol_pm_5D-Kolorowy-Lew-Diamentowa-Mozaika-40x30-cm-2041_1.jpg",450,360,false],"thumbnail":["https:\/\/joannacholuj.pl\/wp-content\/uploads\/2024\/07\/pol_pm_5D-Kolorowy-Lew-Diamentowa-Mozaika-40x30-cm-2041_1-150x150.jpg",150,150,true],"medium":["https:\/\/joannacholuj.pl\/wp-content\/uploads\/2024\/07\/pol_pm_5D-Kolorowy-Lew-Diamentowa-Mozaika-40x30-cm-2041_1-300x240.jpg",300,240,true],"medium_large":["https:\/\/joannacholuj.pl\/wp-content\/uploads\/2024\/07\/pol_pm_5D-Kolorowy-Lew-Diamentowa-Mozaika-40x30-cm-2041_1.jpg",450,360,false],"large":["https:\/\/joannacholuj.pl\/wp-content\/uploads\/2024\/07\/pol_pm_5D-Kolorowy-Lew-Diamentowa-Mozaika-40x30-cm-2041_1.jpg",450,360,false],"1536x1536":["https:\/\/joannacholuj.pl\/wp-content\/uploads\/2024\/07\/pol_pm_5D-Kolorowy-Lew-Diamentowa-Mozaika-40x30-cm-2041_1.jpg",450,360,false],"2048x2048":["https:\/\/joannacholuj.pl\/wp-content\/uploads\/2024\/07\/pol_pm_5D-Kolorowy-Lew-Diamentowa-Mozaika-40x30-cm-2041_1.jpg",450,360,false],"trp-custom-language-flag":["https:\/\/joannacholuj.pl\/wp-content\/uploads\/2024\/07\/pol_pm_5D-Kolorowy-Lew-Diamentowa-Mozaika-40x30-cm-2041_1.jpg",15,12,false],"illdy-blog-list":["https:\/\/joannacholuj.pl\/wp-content\/uploads\/2024\/07\/pol_pm_5D-Kolorowy-Lew-Diamentowa-Mozaika-40x30-cm-2041_1.jpg",450,360,false],"illdy-widget-recent-posts":["https:\/\/joannacholuj.pl\/wp-content\/uploads\/2024\/07\/pol_pm_5D-Kolorowy-Lew-Diamentowa-Mozaika-40x30-cm-2041_1-70x70.jpg",70,70,true],"illdy-blog-post-related-articles":["https:\/\/joannacholuj.pl\/wp-content\/uploads\/2024\/07\/pol_pm_5D-Kolorowy-Lew-Diamentowa-Mozaika-40x30-cm-2041_1-240x206.jpg",240,206,true],"illdy-front-page-latest-news":["https:\/\/joannacholuj.pl\/wp-content\/uploads\/2024\/07\/pol_pm_5D-Kolorowy-Lew-Diamentowa-Mozaika-40x30-cm-2041_1-250x213.jpg",250,213,true],"illdy-front-page-testimonials":["https:\/\/joannacholuj.pl\/wp-content\/uploads\/2024\/07\/pol_pm_5D-Kolorowy-Lew-Diamentowa-Mozaika-40x30-cm-2041_1-127x127.jpg",127,127,true],"illdy-front-page-projects":["https:\/\/joannacholuj.pl\/wp-content\/uploads\/2024\/07\/pol_pm_5D-Kolorowy-Lew-Diamentowa-Mozaika-40x30-cm-2041_1.jpg",450,360,false],"illdy-front-page-person":["https:\/\/joannacholuj.pl\/wp-content\/uploads\/2024\/07\/pol_pm_5D-Kolorowy-Lew-Diamentowa-Mozaika-40x30-cm-2041_1-125x125.jpg",125,125,true]},"uagb_author_info":{"display_name":"Joanna Choluj","author_link":"https:\/\/joannacholuj.pl\/en\/blog\/author\/joannacholuj\/"},"uagb_comment_info":0,"uagb_excerpt":"Jest to cykl wyk\u0142ad\u00f3w do samodzielnego przes\u0142uchania online\u00a0 i jest oparty na staro\u017cytnym polskim i sanskrycie. Jest on duchowy i [&hellip;]","_links":{"self":[{"href":"https:\/\/joannacholuj.pl\/en\/wp-json\/wp\/v2\/pages\/12031"}],"collection":[{"href":"https:\/\/joannacholuj.pl\/en\/wp-json\/wp\/v2\/pages"}],"about":[{"href":"https:\/\/joannacholuj.pl\/en\/wp-json\/wp\/v2\/types\/page"}],"author":[{"embeddable":true,"href":"https:\/\/joannacholuj.pl\/en\/wp-json\/wp\/v2\/users\/2"}],"replies":[{"embeddable":true,"href":"https:\/\/joannacholuj.pl\/en\/wp-json\/wp\/v2\/comments?post=12031"}],"version-history":[{"count":6,"href":"https:\/\/joannacholuj.pl\/en\/wp-json\/wp\/v2\/pages\/12031\/revisions"}],"predecessor-version":[{"id":13307,"href":"https:\/\/joannacholuj.pl\/en\/wp-json\/wp\/v2\/pages\/12031\/revisions\/13307"}],"wp:featuredmedia":[{"embeddable":true,"href":"https:\/\/joannacholuj.pl\/en\/wp-json\/wp\/v2\/media\/12041"}],"wp:attachment":[{"href":"https:\/\/joannacholuj.pl\/en\/wp-json\/wp\/v2\/media?parent=12031"}],"curies":[{"name":"wp","href":"https:\/\/api.w.org\/{rel}","templated":true}]}}