{"id":11998,"date":"2024-07-23T00:20:21","date_gmt":"2024-07-22T22:20:21","guid":{"rendered":"http:\/\/joannacholuj.pl\/?page_id=11998"},"modified":"2024-12-16T04:21:07","modified_gmt":"2024-12-16T03:21:07","slug":"rodzina-dzial-xii","status":"publish","type":"page","link":"https:\/\/joannacholuj.pl\/en\/rodzina-dzial-xii\/","title":{"rendered":"HEALING OF RELATIONS AND ANCESTRY \u2013 CHAPTER XII"},"content":{"rendered":"<p><img loading=\"lazy\" decoding=\"async\" class=\"alignnone size-full wp-image-11834\" src=\"http:\/\/joannacholuj.pl\/wp-content\/uploads\/2024\/07\/KK.jpg\" alt=\"\" width=\"83\" height=\"78\" \/><\/p>\n<p>ONLY BOOKS WITH PRESENTED COVERS ARE AVAILABLE FOR PURCHASE.<\/p>\n<p style=\"text-align: left;\">CLICK ON THE COVER TO READ THE DESCRIPTION<\/p>\n<\/p>\n<p style=\"text-align: center;\" align=\"left\"><span style=\"color: #800000;\"><span style=\"font-size: large;\"><strong>HEALING OF BONDS AND LINEAGE \u2013 CHAPTER XII<\/strong><\/span><\/span><\/p>\n<p align=\"left\">\n\n\n<p>1.Toxic relationships<\/p>\n\n\n\n<p>2. Archetype of a woman <\/p>\n\n\n\n<p>3. Archetype of man <\/p>\n\n\n\n<p>4. Getting out of a toxic relationship<\/p>\n\n\n\n<p>5.Working with ancestral food and finding support from ancestors<\/p>\n\n\n\n<p>6. Personality disorders and mental illnesses. Between reality and the indoctrination of globalists.<\/p>\n\n\n\n<p>7.Slavic family. Masculine and feminine energy in practice.<\/p>\n\n\n\n<p>8. Healing Childhood<\/p>\n\n\n\n<p>9. Toxic patterns and indoctrination of children in the era of the New World Order<\/p>\n\n\n\n<p>10. Working with one's own food and understanding one's role in the family<\/p>\n\n\n<div id='gallery-1' class='gallery galleryid-11998 gallery-columns-2 gallery-size-medium'><figure class='gallery-item'>\n\t\t\t<div class='gallery-icon portrait'>\n\t\t\t\t<a href='https:\/\/joannacholuj.pl\/en\/mojeksiazki\/arche-kob\/'><img loading=\"lazy\" decoding=\"async\" width=\"218\" height=\"300\" src=\"https:\/\/joannacholuj.pl\/wp-content\/uploads\/2022\/04\/arche-kob-218x300.jpg\" class=\"attachment-medium size-medium\" alt=\"\" aria-describedby=\"gallery-1-7735\" srcset=\"https:\/\/joannacholuj.pl\/wp-content\/uploads\/2022\/04\/arche-kob-218x300.jpg 218w, https:\/\/joannacholuj.pl\/wp-content\/uploads\/2022\/04\/arche-kob-768x1056.jpg 768w, https:\/\/joannacholuj.pl\/wp-content\/uploads\/2022\/04\/arche-kob-745x1024.jpg 745w\" sizes=\"(max-width: 218px) 100vw, 218px\" \/><\/a>\n\t\t\t<\/div>\n\t\t\t\t<figcaption class='wp-caption-text gallery-caption' id='gallery-1-7735'>\n\t\t\t\tBUY \n\t\t\t\t<\/figcaption><\/figure><figure class='gallery-item'>\n\t\t\t<div class='gallery-icon portrait'>\n\t\t\t\t<a href='https:\/\/joannacholuj.pl\/en\/mojeksiazki\/278392206_10161882727130299_3471700564405182417_n\/'><img loading=\"lazy\" decoding=\"async\" width=\"218\" height=\"300\" src=\"https:\/\/joannacholuj.pl\/wp-content\/uploads\/2022\/04\/278392206_10161882727130299_3471700564405182417_n-218x300.jpg\" class=\"attachment-medium size-medium\" alt=\"\" aria-describedby=\"gallery-1-7743\" srcset=\"https:\/\/joannacholuj.pl\/wp-content\/uploads\/2022\/04\/278392206_10161882727130299_3471700564405182417_n-218x300.jpg 218w, https:\/\/joannacholuj.pl\/wp-content\/uploads\/2022\/04\/278392206_10161882727130299_3471700564405182417_n.jpg 524w\" sizes=\"(max-width: 218px) 100vw, 218px\" \/><\/a>\n\t\t\t<\/div>\n\t\t\t\t<figcaption class='wp-caption-text gallery-caption' id='gallery-1-7743'>\n\t\t\t\tBUY \n\t\t\t\t<\/figcaption><\/figure>\n\t\t<\/div>\n\n<div>\u00a0<\/div>\n<h3 style=\"text-align: center;\">\u00a0<\/h3>\n<div>\u00a0<\/div>\n<div>\u00a0<\/div>\n<div class=\"wp-block-image\" style=\"text-align: center;\">WATCH THE VIDEO DESCRIBING THE BOOK\u00a0<strong>Toxic Relationships (in Polish)<\/strong><\/div>\n<div><iframe loading=\"lazy\" title=\"YouTube video player\" src=\"https:\/\/www.youtube.com\/embed\/xBRW35YWgX4\" width=\"560\" height=\"315\" frameborder=\"0\" allowfullscreen=\"allowfullscreen\" data-mce-fragment=\"1\"><\/iframe><\/div>\n<div>\u00a0<\/div>\n<div style=\"text-align: center;\">WATCH THE VIDEO DESCRIBING THE BOOK\u00a0<strong>Archetype of Woman (in Polish)<\/strong><\/div>\n<div><iframe loading=\"lazy\" title=\"YouTube video player\" src=\"https:\/\/www.youtube.com\/embed\/8YqKImWeDDg\" width=\"560\" height=\"315\" frameborder=\"0\" allowfullscreen=\"allowfullscreen\" data-mce-fragment=\"1\"><\/iframe><\/div>\n<p align=\"left\"><!-- \/wp:image --> <!-- wp:paragraph {\"dropCap\":true} --><\/p>\n<p align=\"left\"><!-- \/wp:paragraph --><\/p>\n<p dir=\"ltr\" data-placeholder=\"T\u0142umaczenie\">\u00a0<\/p>","protected":false},"excerpt":{"rendered":"<p>DOST\u0118PNE DO KUPIENIA S\u0104 TYLKO KSI\u0104\u017bKI, KT\u00d3RE MAJ\u0104 ZAPREZENTOWANE OK\u0141ADKI. KLIKNIJ NA OK\u0141ADK\u0118, BY PRZECZYTA\u0106 OPIS UZDRAWIANIE ZWIAZK\u00d3W I RODU [&hellip;]<\/p>","protected":false},"author":2,"featured_media":12000,"parent":0,"menu_order":0,"comment_status":"closed","ping_status":"closed","template":"","meta":{"_bbp_topic_count":0,"_bbp_reply_count":0,"_bbp_total_topic_count":0,"_bbp_total_reply_count":0,"_bbp_voice_count":0,"_bbp_anonymous_reply_count":0,"_bbp_topic_count_hidden":0,"_bbp_reply_count_hidden":0,"_bbp_forum_subforum_count":0,"_uag_custom_page_level_css":"","footnotes":""},"class_list":["post-11998","page","type-page","status-publish","has-post-thumbnail","hentry"],"spectra_custom_meta":{"_edit_lock":["1734319267:2"],"_edit_last":["2"],"_wp_page_template":["default"],"_thumbnail_id":["12000"],"_uag_page_assets":["a:9:{s:3:\"css\";s:263:\".uag-blocks-common-selector{z-index:var(--z-index-desktop) !important}@media (max-width: 976px){.uag-blocks-common-selector{z-index:var(--z-index-tablet) !important}}@media (max-width: 767px){.uag-blocks-common-selector{z-index:var(--z-index-mobile) !important}}\n\";s:2:\"js\";s:0:\"\";s:18:\"current_block_list\";a:1:{i:0;s:14:\"core\/paragraph\";}s:8:\"uag_flag\";b:0;s:11:\"uag_version\";s:10:\"1775454065\";s:6:\"gfonts\";a:0:{}s:10:\"gfonts_url\";s:0:\"\";s:12:\"gfonts_files\";a:0:{}s:14:\"uag_faq_layout\";b:0;}"],"_uag_css_file_name":["uag-css-11998.css"]},"uagb_featured_image_src":{"full":["https:\/\/joannacholuj.pl\/wp-content\/uploads\/2024\/07\/IMG_2516donem.jpg",960,640,false],"thumbnail":["https:\/\/joannacholuj.pl\/wp-content\/uploads\/2024\/07\/IMG_2516donem-150x150.jpg",150,150,true],"medium":["https:\/\/joannacholuj.pl\/wp-content\/uploads\/2024\/07\/IMG_2516donem-300x200.jpg",300,200,true],"medium_large":["https:\/\/joannacholuj.pl\/wp-content\/uploads\/2024\/07\/IMG_2516donem-768x512.jpg",640,427,true],"large":["https:\/\/joannacholuj.pl\/wp-content\/uploads\/2024\/07\/IMG_2516donem.jpg",640,427,false],"1536x1536":["https:\/\/joannacholuj.pl\/wp-content\/uploads\/2024\/07\/IMG_2516donem.jpg",960,640,false],"2048x2048":["https:\/\/joannacholuj.pl\/wp-content\/uploads\/2024\/07\/IMG_2516donem.jpg",960,640,false],"trp-custom-language-flag":["https:\/\/joannacholuj.pl\/wp-content\/uploads\/2024\/07\/IMG_2516donem.jpg",18,12,false],"illdy-blog-list":["https:\/\/joannacholuj.pl\/wp-content\/uploads\/2024\/07\/IMG_2516donem-750x500.jpg",750,500,true],"illdy-widget-recent-posts":["https:\/\/joannacholuj.pl\/wp-content\/uploads\/2024\/07\/IMG_2516donem-70x70.jpg",70,70,true],"illdy-blog-post-related-articles":["https:\/\/joannacholuj.pl\/wp-content\/uploads\/2024\/07\/IMG_2516donem-240x206.jpg",240,206,true],"illdy-front-page-latest-news":["https:\/\/joannacholuj.pl\/wp-content\/uploads\/2024\/07\/IMG_2516donem-250x213.jpg",250,213,true],"illdy-front-page-testimonials":["https:\/\/joannacholuj.pl\/wp-content\/uploads\/2024\/07\/IMG_2516donem-127x127.jpg",127,127,true],"illdy-front-page-projects":["https:\/\/joannacholuj.pl\/wp-content\/uploads\/2024\/07\/IMG_2516donem-476x476.jpg",476,476,true],"illdy-front-page-person":["https:\/\/joannacholuj.pl\/wp-content\/uploads\/2024\/07\/IMG_2516donem-125x125.jpg",125,125,true]},"uagb_author_info":{"display_name":"Joanna Choluj","author_link":"https:\/\/joannacholuj.pl\/en\/blog\/author\/joannacholuj\/"},"uagb_comment_info":0,"uagb_excerpt":"DOST\u0118PNE DO KUPIENIA S\u0104 TYLKO KSI\u0104\u017bKI, KT\u00d3RE MAJ\u0104 ZAPREZENTOWANE OK\u0141ADKI. KLIKNIJ NA OK\u0141ADK\u0118, BY PRZECZYTA\u0106 OPIS UZDRAWIANIE ZWIAZK\u00d3W I RODU [&hellip;]","_links":{"self":[{"href":"https:\/\/joannacholuj.pl\/en\/wp-json\/wp\/v2\/pages\/11998"}],"collection":[{"href":"https:\/\/joannacholuj.pl\/en\/wp-json\/wp\/v2\/pages"}],"about":[{"href":"https:\/\/joannacholuj.pl\/en\/wp-json\/wp\/v2\/types\/page"}],"author":[{"embeddable":true,"href":"https:\/\/joannacholuj.pl\/en\/wp-json\/wp\/v2\/users\/2"}],"replies":[{"embeddable":true,"href":"https:\/\/joannacholuj.pl\/en\/wp-json\/wp\/v2\/comments?post=11998"}],"version-history":[{"count":4,"href":"https:\/\/joannacholuj.pl\/en\/wp-json\/wp\/v2\/pages\/11998\/revisions"}],"predecessor-version":[{"id":13338,"href":"https:\/\/joannacholuj.pl\/en\/wp-json\/wp\/v2\/pages\/11998\/revisions\/13338"}],"wp:featuredmedia":[{"embeddable":true,"href":"https:\/\/joannacholuj.pl\/en\/wp-json\/wp\/v2\/media\/12000"}],"wp:attachment":[{"href":"https:\/\/joannacholuj.pl\/en\/wp-json\/wp\/v2\/media?parent=11998"}],"curies":[{"name":"wp","href":"https:\/\/api.w.org\/{rel}","templated":true}]}}