{"id":11993,"date":"2024-07-23T00:14:11","date_gmt":"2024-07-22T22:14:11","guid":{"rendered":"http:\/\/joannacholuj.pl\/?page_id=11993"},"modified":"2025-08-06T21:26:09","modified_gmt":"2025-08-06T19:26:09","slug":"przyroda-dzial-xi","status":"publish","type":"page","link":"https:\/\/joannacholuj.pl\/en\/przyroda-dzial-xi\/","title":{"rendered":"OUR NEW EARTH \u2013 CHAPTER XI"},"content":{"rendered":"<p><img loading=\"lazy\" decoding=\"async\" class=\"alignnone size-full wp-image-11834\" src=\"http:\/\/joannacholuj.pl\/wp-content\/uploads\/2024\/07\/KK.jpg\" alt=\"\" width=\"83\" height=\"78\" \/><\/p>\n<p>ONLY BOOKS WITH PRESENTED COVERS ARE AVAILABLE FOR PURCHASE.<\/p>\n<p style=\"text-align: left;\">CLICK ON THE COVER TO READ THE DESCRIPTION<\/p>\n<div class=\"wp-block-image\" style=\"text-align: center;\"><span style=\"color: #800000;\"><span style=\"font-size: large;\"><strong>OUR NEW EARTH - CHAPTER XI<\/strong><\/span><\/span><\/div>\n<p>1. True off-grid ecology and permaculture vs indoctrinated ecology of globalists<br \/>\n2. Philosophy of Nature and Natural Law. The rights of the citizen and the sovereign.<br \/>\n3. Man in the natural cycle of life. Rites of passage.<br \/>\n4. Agenda 2030, NWO, globalism \u2013 where are the elites of the world heading and how to protect oneself<br \/>\n5. Civilization vs Nature. The ancient concept of a conscious society.<br \/>\n6. Self-sufficiency, meaning your own permaculture garden<br \/>\n7. Ario-Slavic transformation \u2013 how to rebuild the 12 spheres of life destroyed by globalism<br \/>\n8. Ancient secret symbols \u2013 how to harness their power for yourself?<br \/>\n9. Totemic animals and plants. How to discover those that protect us.<br \/>\n10. Man between free will and fate.<\/p>\n<p align=\"left\"><!-- \/wp:paragraph --><\/p>\n<h3><a href=\"https:\/\/sklep.joannacholuj.pl\/product-category\/ksiazki\/\">GO TO THE STORE TO SEE THE AVAILABLE BOOKS<\/a><\/h3>","protected":false},"excerpt":{"rendered":"<p>DOST\u0118PNE DO KUPIENIA S\u0104 TYLKO KSI\u0104\u017bKI, KT\u00d3RE MAJ\u0104 ZAPREZENTOWANE OK\u0141ADKI. KLIKNIJ NA OK\u0141ADK\u0118, BY PRZECZYTA\u0106 OPIS NASZA NOWA ZIEMIA\u00a0 &#8211;\u00a0 [&hellip;]<\/p>","protected":false},"author":2,"featured_media":11966,"parent":0,"menu_order":0,"comment_status":"closed","ping_status":"closed","template":"","meta":{"_bbp_topic_count":0,"_bbp_reply_count":0,"_bbp_total_topic_count":0,"_bbp_total_reply_count":0,"_bbp_voice_count":0,"_bbp_anonymous_reply_count":0,"_bbp_topic_count_hidden":0,"_bbp_reply_count_hidden":0,"_bbp_forum_subforum_count":0,"_uag_custom_page_level_css":"","footnotes":""},"class_list":["post-11993","page","type-page","status-publish","has-post-thumbnail","hentry"],"spectra_custom_meta":{"_edit_lock":["1754508502:2"],"_edit_last":["2"],"_thumbnail_id":["11966"],"_wp_page_template":["default"],"_uag_page_assets":["a:9:{s:3:\"css\";s:0:\"\";s:2:\"js\";s:0:\"\";s:18:\"current_block_list\";a:0:{}s:8:\"uag_flag\";b:0;s:11:\"uag_version\";s:10:\"1776385148\";s:6:\"gfonts\";a:0:{}s:10:\"gfonts_url\";s:0:\"\";s:12:\"gfonts_files\";a:0:{}s:14:\"uag_faq_layout\";b:0;}"]},"uagb_featured_image_src":{"full":["https:\/\/joannacholuj.pl\/wp-content\/uploads\/2024\/07\/\u015awider-2008-05-03-14-15-55.jpg",871,653,false],"thumbnail":["https:\/\/joannacholuj.pl\/wp-content\/uploads\/2024\/07\/\u015awider-2008-05-03-14-15-55-150x150.jpg",150,150,true],"medium":["https:\/\/joannacholuj.pl\/wp-content\/uploads\/2024\/07\/\u015awider-2008-05-03-14-15-55-300x225.jpg",300,225,true],"medium_large":["https:\/\/joannacholuj.pl\/wp-content\/uploads\/2024\/07\/\u015awider-2008-05-03-14-15-55-768x576.jpg",640,480,true],"large":["https:\/\/joannacholuj.pl\/wp-content\/uploads\/2024\/07\/\u015awider-2008-05-03-14-15-55.jpg",640,480,false],"1536x1536":["https:\/\/joannacholuj.pl\/wp-content\/uploads\/2024\/07\/\u015awider-2008-05-03-14-15-55.jpg",871,653,false],"2048x2048":["https:\/\/joannacholuj.pl\/wp-content\/uploads\/2024\/07\/\u015awider-2008-05-03-14-15-55.jpg",871,653,false],"trp-custom-language-flag":["https:\/\/joannacholuj.pl\/wp-content\/uploads\/2024\/07\/\u015awider-2008-05-03-14-15-55.jpg",16,12,false],"illdy-blog-list":["https:\/\/joannacholuj.pl\/wp-content\/uploads\/2024\/07\/\u015awider-2008-05-03-14-15-55-750x500.jpg",750,500,true],"illdy-widget-recent-posts":["https:\/\/joannacholuj.pl\/wp-content\/uploads\/2024\/07\/\u015awider-2008-05-03-14-15-55-70x70.jpg",70,70,true],"illdy-blog-post-related-articles":["https:\/\/joannacholuj.pl\/wp-content\/uploads\/2024\/07\/\u015awider-2008-05-03-14-15-55-240x206.jpg",240,206,true],"illdy-front-page-latest-news":["https:\/\/joannacholuj.pl\/wp-content\/uploads\/2024\/07\/\u015awider-2008-05-03-14-15-55-250x213.jpg",250,213,true],"illdy-front-page-testimonials":["https:\/\/joannacholuj.pl\/wp-content\/uploads\/2024\/07\/\u015awider-2008-05-03-14-15-55-127x127.jpg",127,127,true],"illdy-front-page-projects":["https:\/\/joannacholuj.pl\/wp-content\/uploads\/2024\/07\/\u015awider-2008-05-03-14-15-55-476x476.jpg",476,476,true],"illdy-front-page-person":["https:\/\/joannacholuj.pl\/wp-content\/uploads\/2024\/07\/\u015awider-2008-05-03-14-15-55-125x125.jpg",125,125,true]},"uagb_author_info":{"display_name":"Joanna Choluj","author_link":"https:\/\/joannacholuj.pl\/en\/blog\/author\/joannacholuj\/"},"uagb_comment_info":0,"uagb_excerpt":"DOST\u0118PNE DO KUPIENIA S\u0104 TYLKO KSI\u0104\u017bKI, KT\u00d3RE MAJ\u0104 ZAPREZENTOWANE OK\u0141ADKI. KLIKNIJ NA OK\u0141ADK\u0118, BY PRZECZYTA\u0106 OPIS NASZA NOWA ZIEMIA\u00a0 &#8211;\u00a0 [&hellip;]","_links":{"self":[{"href":"https:\/\/joannacholuj.pl\/en\/wp-json\/wp\/v2\/pages\/11993"}],"collection":[{"href":"https:\/\/joannacholuj.pl\/en\/wp-json\/wp\/v2\/pages"}],"about":[{"href":"https:\/\/joannacholuj.pl\/en\/wp-json\/wp\/v2\/types\/page"}],"author":[{"embeddable":true,"href":"https:\/\/joannacholuj.pl\/en\/wp-json\/wp\/v2\/users\/2"}],"replies":[{"embeddable":true,"href":"https:\/\/joannacholuj.pl\/en\/wp-json\/wp\/v2\/comments?post=11993"}],"version-history":[{"count":3,"href":"https:\/\/joannacholuj.pl\/en\/wp-json\/wp\/v2\/pages\/11993\/revisions"}],"predecessor-version":[{"id":14016,"href":"https:\/\/joannacholuj.pl\/en\/wp-json\/wp\/v2\/pages\/11993\/revisions\/14016"}],"wp:featuredmedia":[{"embeddable":true,"href":"https:\/\/joannacholuj.pl\/en\/wp-json\/wp\/v2\/media\/11966"}],"wp:attachment":[{"href":"https:\/\/joannacholuj.pl\/en\/wp-json\/wp\/v2\/media?parent=11993"}],"curies":[{"name":"wp","href":"https:\/\/api.w.org\/{rel}","templated":true}]}}