{"id":11991,"date":"2024-07-23T00:04:32","date_gmt":"2024-07-22T22:04:32","guid":{"rendered":"http:\/\/joannacholuj.pl\/?page_id=11991"},"modified":"2024-12-16T01:31:57","modified_gmt":"2024-12-16T00:31:57","slug":"magia-dzial-x","status":"publish","type":"page","link":"https:\/\/joannacholuj.pl\/en\/magia-dzial-x\/","title":{"rendered":"MAGIC AND LANGUAGE \u2013 CHAPTER X"},"content":{"rendered":"<p><img loading=\"lazy\" decoding=\"async\" class=\"alignnone size-full wp-image-11834\" src=\"http:\/\/joannacholuj.pl\/wp-content\/uploads\/2024\/07\/KK.jpg\" alt=\"\" width=\"83\" height=\"78\" \/><\/p>\n<p>ONLY BOOKS WITH PRESENTED COVERS ARE AVAILABLE FOR PURCHASE.<\/p>\n<p style=\"text-align: left;\">CLICK ON THE COVER TO READ THE DESCRIPTION<\/p>\n<\/p>\n<p style=\"text-align: center;\" align=\"left\"><span style=\"color: #800000;\"><span style=\"font-size: large;\"><strong>MAGIC AND LANGUAGE \u2013 CHAPTER X<\/strong><\/span><\/span><\/p>\n<p align=\"left\">\n\n\n<p><\/p>\n\n\n\n<p class=\"has-drop-cap\"><\/p>\n\n\n<div id='gallery-1' class='gallery galleryid-11991 gallery-columns-2 gallery-size-medium'><figure class='gallery-item'>\n\t\t\t<div class='gallery-icon portrait'>\n\t\t\t\t<a href='https:\/\/joannacholuj.pl\/en\/mojeksiazki\/gram-star-1\/'><img loading=\"lazy\" decoding=\"async\" width=\"218\" height=\"300\" src=\"https:\/\/joannacholuj.pl\/wp-content\/uploads\/2021\/12\/gram-star-1-218x300.jpg\" class=\"attachment-medium size-medium\" alt=\"\" aria-describedby=\"gallery-1-7243\" srcset=\"https:\/\/joannacholuj.pl\/wp-content\/uploads\/2021\/12\/gram-star-1-218x300.jpg 218w, https:\/\/joannacholuj.pl\/wp-content\/uploads\/2021\/12\/gram-star-1-768x1056.jpg 768w, https:\/\/joannacholuj.pl\/wp-content\/uploads\/2021\/12\/gram-star-1-745x1024.jpg 745w\" sizes=\"(max-width: 218px) 100vw, 218px\" \/><\/a>\n\t\t\t<\/div>\n\t\t\t\t<figcaption class='wp-caption-text gallery-caption' id='gallery-1-7243'>\n\t\t\t\tBUY \n\t\t\t\t<\/figcaption><\/figure><figure class='gallery-item'>\n\t\t\t<div class='gallery-icon portrait'>\n\t\t\t\t<a href='https:\/\/joannacholuj.pl\/en\/mojeksiazki\/gram-star-2\/'><img loading=\"lazy\" decoding=\"async\" width=\"218\" height=\"300\" src=\"https:\/\/joannacholuj.pl\/wp-content\/uploads\/2021\/12\/gram-star-2-218x300.jpg\" class=\"attachment-medium size-medium\" alt=\"\" aria-describedby=\"gallery-1-7244\" srcset=\"https:\/\/joannacholuj.pl\/wp-content\/uploads\/2021\/12\/gram-star-2-218x300.jpg 218w, https:\/\/joannacholuj.pl\/wp-content\/uploads\/2021\/12\/gram-star-2-768x1056.jpg 768w, https:\/\/joannacholuj.pl\/wp-content\/uploads\/2021\/12\/gram-star-2-745x1024.jpg 745w\" sizes=\"(max-width: 218px) 100vw, 218px\" \/><\/a>\n\t\t\t<\/div>\n\t\t\t\t<figcaption class='wp-caption-text gallery-caption' id='gallery-1-7244'>\n\t\t\t\tBUY \n\t\t\t\t<\/figcaption><\/figure><figure class='gallery-item'>\n\t\t\t<div class='gallery-icon portrait'>\n\t\t\t\t<a href='https:\/\/joannacholuj.pl\/en\/mojeksiazki\/okladka-001_x-jezyk-i-magia-gram-2-one-layer\/'><img loading=\"lazy\" decoding=\"async\" width=\"214\" height=\"300\" src=\"https:\/\/joannacholuj.pl\/wp-content\/uploads\/2024\/01\/okladka-001_X-JEZYK-I-MAGIA-GRAM-2-one-layer-214x300.jpg\" class=\"attachment-medium size-medium\" alt=\"\" aria-describedby=\"gallery-1-10712\" srcset=\"https:\/\/joannacholuj.pl\/wp-content\/uploads\/2024\/01\/okladka-001_X-JEZYK-I-MAGIA-GRAM-2-one-layer-214x300.jpg 214w, https:\/\/joannacholuj.pl\/wp-content\/uploads\/2024\/01\/okladka-001_X-JEZYK-I-MAGIA-GRAM-2-one-layer.jpg 595w\" sizes=\"(max-width: 214px) 100vw, 214px\" \/><\/a>\n\t\t\t<\/div>\n\t\t\t\t<figcaption class='wp-caption-text gallery-caption' id='gallery-1-10712'>\n\t\t\t\tBUY \n\t\t\t\t<\/figcaption><\/figure><figure class='gallery-item'>\n\t\t\t<div class='gallery-icon portrait'>\n\t\t\t\t<a href='https:\/\/joannacholuj.pl\/en\/mojeksiazki\/436278853_10163618816255299_7409126433266082553_n-1\/'><img loading=\"lazy\" decoding=\"async\" width=\"214\" height=\"300\" src=\"https:\/\/joannacholuj.pl\/wp-content\/uploads\/2024\/04\/436278853_10163618816255299_7409126433266082553_n-1-214x300.jpg\" class=\"attachment-medium size-medium\" alt=\"\" aria-describedby=\"gallery-1-11112\" srcset=\"https:\/\/joannacholuj.pl\/wp-content\/uploads\/2024\/04\/436278853_10163618816255299_7409126433266082553_n-1-214x300.jpg 214w, https:\/\/joannacholuj.pl\/wp-content\/uploads\/2024\/04\/436278853_10163618816255299_7409126433266082553_n-1-768x1079.jpg 768w, https:\/\/joannacholuj.pl\/wp-content\/uploads\/2024\/04\/436278853_10163618816255299_7409126433266082553_n-1-729x1024.jpg 729w, https:\/\/joannacholuj.pl\/wp-content\/uploads\/2024\/04\/436278853_10163618816255299_7409126433266082553_n-1.jpg 1458w\" sizes=\"(max-width: 214px) 100vw, 214px\" \/><\/a>\n\t\t\t<\/div>\n\t\t\t\t<figcaption class='wp-caption-text gallery-caption' id='gallery-1-11112'>\n\t\t\t\tBUY \n\t\t\t\t<\/figcaption><\/figure><figure class='gallery-item'>\n\t\t\t<div class='gallery-icon portrait'>\n\t\t\t\t<a href='https:\/\/joannacholuj.pl\/en\/mojeksiazki\/435940846_10163618814285299_5055316471477480878_n\/'><img loading=\"lazy\" decoding=\"async\" width=\"214\" height=\"300\" src=\"https:\/\/joannacholuj.pl\/wp-content\/uploads\/2024\/04\/435940846_10163618814285299_5055316471477480878_n-214x300.jpg\" class=\"attachment-medium size-medium\" alt=\"\" aria-describedby=\"gallery-1-11113\" srcset=\"https:\/\/joannacholuj.pl\/wp-content\/uploads\/2024\/04\/435940846_10163618814285299_5055316471477480878_n-214x300.jpg 214w, https:\/\/joannacholuj.pl\/wp-content\/uploads\/2024\/04\/435940846_10163618814285299_5055316471477480878_n-768x1079.jpg 768w, https:\/\/joannacholuj.pl\/wp-content\/uploads\/2024\/04\/435940846_10163618814285299_5055316471477480878_n-729x1024.jpg 729w, https:\/\/joannacholuj.pl\/wp-content\/uploads\/2024\/04\/435940846_10163618814285299_5055316471477480878_n.jpg 1458w\" sizes=\"(max-width: 214px) 100vw, 214px\" \/><\/a>\n\t\t\t<\/div>\n\t\t\t\t<figcaption class='wp-caption-text gallery-caption' id='gallery-1-11113'>\n\t\t\t\tBUY \n\t\t\t\t<\/figcaption><\/figure><figure class='gallery-item'>\n\t\t\t<div class='gallery-icon portrait'>\n\t\t\t\t<a href='https:\/\/joannacholuj.pl\/en\/mojeksiazki\/436363817_10163618816070299_4519220335605422072_n\/'><img loading=\"lazy\" decoding=\"async\" width=\"214\" height=\"300\" src=\"https:\/\/joannacholuj.pl\/wp-content\/uploads\/2024\/04\/436363817_10163618816070299_4519220335605422072_n-214x300.jpg\" class=\"attachment-medium size-medium\" alt=\"\" aria-describedby=\"gallery-1-11114\" srcset=\"https:\/\/joannacholuj.pl\/wp-content\/uploads\/2024\/04\/436363817_10163618816070299_4519220335605422072_n-214x300.jpg 214w, https:\/\/joannacholuj.pl\/wp-content\/uploads\/2024\/04\/436363817_10163618816070299_4519220335605422072_n-768x1079.jpg 768w, https:\/\/joannacholuj.pl\/wp-content\/uploads\/2024\/04\/436363817_10163618816070299_4519220335605422072_n-729x1024.jpg 729w, https:\/\/joannacholuj.pl\/wp-content\/uploads\/2024\/04\/436363817_10163618816070299_4519220335605422072_n.jpg 1458w\" sizes=\"(max-width: 214px) 100vw, 214px\" \/><\/a>\n\t\t\t<\/div>\n\t\t\t\t<figcaption class='wp-caption-text gallery-caption' id='gallery-1-11114'>\n\t\t\t\tBUY \n\t\t\t\t<\/figcaption><\/figure><figure class='gallery-item'>\n\t\t\t<div class='gallery-icon portrait'>\n\t\t\t\t<a href='https:\/\/joannacholuj.pl\/en\/mojeksiazki\/436316743_10163618815860299_2860478596396115536_n\/'><img loading=\"lazy\" decoding=\"async\" width=\"214\" height=\"300\" src=\"https:\/\/joannacholuj.pl\/wp-content\/uploads\/2024\/04\/436316743_10163618815860299_2860478596396115536_n-214x300.jpg\" class=\"attachment-medium size-medium\" alt=\"\" aria-describedby=\"gallery-1-11115\" srcset=\"https:\/\/joannacholuj.pl\/wp-content\/uploads\/2024\/04\/436316743_10163618815860299_2860478596396115536_n-214x300.jpg 214w, https:\/\/joannacholuj.pl\/wp-content\/uploads\/2024\/04\/436316743_10163618815860299_2860478596396115536_n-768x1079.jpg 768w, https:\/\/joannacholuj.pl\/wp-content\/uploads\/2024\/04\/436316743_10163618815860299_2860478596396115536_n-729x1024.jpg 729w, https:\/\/joannacholuj.pl\/wp-content\/uploads\/2024\/04\/436316743_10163618815860299_2860478596396115536_n.jpg 1458w\" sizes=\"(max-width: 214px) 100vw, 214px\" \/><\/a>\n\t\t\t<\/div>\n\t\t\t\t<figcaption class='wp-caption-text gallery-caption' id='gallery-1-11115'>\n\t\t\t\tBUY \n\t\t\t\t<\/figcaption><\/figure><figure class='gallery-item'>\n\t\t\t<div class='gallery-icon portrait'>\n\t\t\t\t<a href='https:\/\/joannacholuj.pl\/en\/mojeksiazki\/436240474_10163618812075299_6187885049550178232_n\/'><img loading=\"lazy\" decoding=\"async\" width=\"214\" height=\"300\" src=\"https:\/\/joannacholuj.pl\/wp-content\/uploads\/2024\/04\/436240474_10163618812075299_6187885049550178232_n-214x300.jpg\" class=\"attachment-medium size-medium\" alt=\"\" aria-describedby=\"gallery-1-11116\" srcset=\"https:\/\/joannacholuj.pl\/wp-content\/uploads\/2024\/04\/436240474_10163618812075299_6187885049550178232_n-214x300.jpg 214w, https:\/\/joannacholuj.pl\/wp-content\/uploads\/2024\/04\/436240474_10163618812075299_6187885049550178232_n-768x1079.jpg 768w, https:\/\/joannacholuj.pl\/wp-content\/uploads\/2024\/04\/436240474_10163618812075299_6187885049550178232_n-729x1024.jpg 729w, https:\/\/joannacholuj.pl\/wp-content\/uploads\/2024\/04\/436240474_10163618812075299_6187885049550178232_n.jpg 1458w\" sizes=\"(max-width: 214px) 100vw, 214px\" \/><\/a>\n\t\t\t<\/div>\n\t\t\t\t<figcaption class='wp-caption-text gallery-caption' id='gallery-1-11116'>\n\t\t\t\tBUY \n\t\t\t\t<\/figcaption><\/figure><figure class='gallery-item'>\n\t\t\t<div class='gallery-icon portrait'>\n\t\t\t\t<a href='https:\/\/joannacholuj.pl\/en\/mojeksiazki\/435977656_10163618815445299_3459867524168223241_n\/'><img loading=\"lazy\" decoding=\"async\" width=\"214\" height=\"300\" src=\"https:\/\/joannacholuj.pl\/wp-content\/uploads\/2024\/04\/435977656_10163618815445299_3459867524168223241_n-214x300.jpg\" class=\"attachment-medium size-medium\" alt=\"\" aria-describedby=\"gallery-1-11117\" srcset=\"https:\/\/joannacholuj.pl\/wp-content\/uploads\/2024\/04\/435977656_10163618815445299_3459867524168223241_n-214x300.jpg 214w, https:\/\/joannacholuj.pl\/wp-content\/uploads\/2024\/04\/435977656_10163618815445299_3459867524168223241_n-768x1079.jpg 768w, https:\/\/joannacholuj.pl\/wp-content\/uploads\/2024\/04\/435977656_10163618815445299_3459867524168223241_n-729x1024.jpg 729w, https:\/\/joannacholuj.pl\/wp-content\/uploads\/2024\/04\/435977656_10163618815445299_3459867524168223241_n.jpg 1458w\" sizes=\"(max-width: 214px) 100vw, 214px\" \/><\/a>\n\t\t\t<\/div>\n\t\t\t\t<figcaption class='wp-caption-text gallery-caption' id='gallery-1-11117'>\n\t\t\t\tBUY\n\t\t\t\t<\/figcaption><\/figure><figure class='gallery-item'>\n\t\t\t<div class='gallery-icon portrait'>\n\t\t\t\t<a href='https:\/\/joannacholuj.pl\/en\/mojeksiazki\/436442754_10163618821500299_913088332666039558_n\/'><img loading=\"lazy\" decoding=\"async\" width=\"213\" height=\"300\" src=\"https:\/\/joannacholuj.pl\/wp-content\/uploads\/2024\/04\/436442754_10163618821500299_913088332666039558_n-213x300.jpg\" class=\"attachment-medium size-medium\" alt=\"\" aria-describedby=\"gallery-1-11119\" srcset=\"https:\/\/joannacholuj.pl\/wp-content\/uploads\/2024\/04\/436442754_10163618821500299_913088332666039558_n-213x300.jpg 213w, https:\/\/joannacholuj.pl\/wp-content\/uploads\/2024\/04\/436442754_10163618821500299_913088332666039558_n.jpg 417w\" sizes=\"(max-width: 213px) 100vw, 213px\" \/><\/a>\n\t\t\t<\/div>\n\t\t\t\t<figcaption class='wp-caption-text gallery-caption' id='gallery-1-11119'>\n\t\t\t\tBUY \n\t\t\t\t<\/figcaption><\/figure>\n\t\t<\/div>\n\n<h3 style=\"text-align: center;\" align=\"left\">\u00a0<\/h3>\n<hr \/>\n<p style=\"text-align: center;\" align=\"left\">WATCH THE VIDEO DESCRIBING THE BOOK\u00a0<strong>Ancient Polish Grammar<\/strong><\/p>\n<p align=\"left\"><iframe loading=\"lazy\" title=\"YouTube video player\" src=\"https:\/\/www.youtube.com\/embed\/OlHKQ7jX9Fs\" width=\"560\" height=\"315\" frameborder=\"0\" allowfullscreen=\"allowfullscreen\" data-mce-fragment=\"1\"><\/iframe><\/p>\n<p style=\"text-align: center;\" align=\"left\">WATCH THE VIDEO DESCRIBING THE BOOK\u00a0<strong>Polska Gramatyka Staro\u017cytna. \u0106wiczenia dla doros\u0142ych.<\/strong><\/p>\n<p align=\"left\"><iframe loading=\"lazy\" title=\"YouTube video player\" src=\"https:\/\/www.youtube.com\/embed\/sMCk2fBJnEM\" width=\"560\" height=\"315\" frameborder=\"0\" allowfullscreen=\"allowfullscreen\" data-mce-fragment=\"1\"><\/iframe><\/p>\n<p style=\"text-align: center;\" align=\"left\">LECTURES ON LANGUAGE AND MAGIC<\/p>\n<p align=\"left\"><iframe loading=\"lazy\" title=\"YouTube video player\" src=\"https:\/\/www.youtube.com\/embed\/DQSSrVrzDOM?si=_IS5eON83abJ1tWb\" width=\"560\" height=\"315\" frameborder=\"0\" allowfullscreen=\"allowfullscreen\" data-mce-fragment=\"1\"><\/iframe><\/p>\n<p align=\"left\"><iframe loading=\"lazy\" title=\"YouTube video player\" src=\"https:\/\/www.youtube.com\/embed\/Q2i-otVX2_I?si=h1m1-EAEf9-sTeye\" width=\"560\" height=\"315\" frameborder=\"0\" allowfullscreen=\"allowfullscreen\" data-mce-fragment=\"1\"><\/iframe><\/p>\n<p align=\"left\"><iframe loading=\"lazy\" title=\"YouTube video player\" src=\"https:\/\/www.youtube.com\/embed\/eZewfiJcFx8?si=9iyOPfzELlz5tMfH\" width=\"560\" height=\"315\" frameborder=\"0\" allowfullscreen=\"allowfullscreen\" data-mce-fragment=\"1\"><\/iframe><\/p>\n<p align=\"left\"><iframe loading=\"lazy\" title=\"YouTube video player\" src=\"https:\/\/www.youtube.com\/embed\/SN2zeMNRqJI?si=DS3LE_vmVGqlpsTz\" width=\"560\" height=\"315\" frameborder=\"0\" allowfullscreen=\"allowfullscreen\" data-mce-fragment=\"1\"><\/iframe><\/p>\n<p style=\"text-align: center;\" align=\"left\">\u00a0<\/p>","protected":false},"excerpt":{"rendered":"<p>DOST\u0118PNE DO KUPIENIA S\u0104 TYLKO KSI\u0104\u017bKI, KT\u00d3RE MAJ\u0104 ZAPREZENTOWANE OK\u0141ADKI. KLIKNIJ NA OK\u0141ADK\u0118, BY PRZECZYTA\u0106 OPIS MAGIA I J\u0118ZYK &#8211; [&hellip;]<\/p>","protected":false},"author":2,"featured_media":11686,"parent":0,"menu_order":0,"comment_status":"closed","ping_status":"closed","template":"","meta":{"_bbp_topic_count":0,"_bbp_reply_count":0,"_bbp_total_topic_count":0,"_bbp_total_reply_count":0,"_bbp_voice_count":0,"_bbp_anonymous_reply_count":0,"_bbp_topic_count_hidden":0,"_bbp_reply_count_hidden":0,"_bbp_forum_subforum_count":0,"_uag_custom_page_level_css":"","footnotes":""},"class_list":["post-11991","page","type-page","status-publish","has-post-thumbnail","hentry"],"spectra_custom_meta":{"_edit_lock":["1734309118:2"],"_edit_last":["2"],"_thumbnail_id":["11686"],"_wp_page_template":["default"],"_uag_page_assets":["a:9:{s:3:\"css\";s:263:\".uag-blocks-common-selector{z-index:var(--z-index-desktop) !important}@media (max-width: 976px){.uag-blocks-common-selector{z-index:var(--z-index-tablet) !important}}@media (max-width: 767px){.uag-blocks-common-selector{z-index:var(--z-index-mobile) !important}}\n\";s:2:\"js\";s:0:\"\";s:18:\"current_block_list\";a:1:{i:0;s:14:\"core\/paragraph\";}s:8:\"uag_flag\";b:0;s:11:\"uag_version\";s:10:\"1775361163\";s:6:\"gfonts\";a:0:{}s:10:\"gfonts_url\";s:0:\"\";s:12:\"gfonts_files\";a:0:{}s:14:\"uag_faq_layout\";b:0;}"],"_uag_css_file_name":["uag-css-11991.css"]},"uagb_featured_image_src":{"full":["https:\/\/joannacholuj.pl\/wp-content\/uploads\/2024\/07\/Bieszczady-2009-08-06-12-58-43.jpg",871,653,false],"thumbnail":["https:\/\/joannacholuj.pl\/wp-content\/uploads\/2024\/07\/Bieszczady-2009-08-06-12-58-43-150x150.jpg",150,150,true],"medium":["https:\/\/joannacholuj.pl\/wp-content\/uploads\/2024\/07\/Bieszczady-2009-08-06-12-58-43-300x225.jpg",300,225,true],"medium_large":["https:\/\/joannacholuj.pl\/wp-content\/uploads\/2024\/07\/Bieszczady-2009-08-06-12-58-43-768x576.jpg",640,480,true],"large":["https:\/\/joannacholuj.pl\/wp-content\/uploads\/2024\/07\/Bieszczady-2009-08-06-12-58-43.jpg",640,480,false],"1536x1536":["https:\/\/joannacholuj.pl\/wp-content\/uploads\/2024\/07\/Bieszczady-2009-08-06-12-58-43.jpg",871,653,false],"2048x2048":["https:\/\/joannacholuj.pl\/wp-content\/uploads\/2024\/07\/Bieszczady-2009-08-06-12-58-43.jpg",871,653,false],"trp-custom-language-flag":["https:\/\/joannacholuj.pl\/wp-content\/uploads\/2024\/07\/Bieszczady-2009-08-06-12-58-43.jpg",16,12,false],"illdy-blog-list":["https:\/\/joannacholuj.pl\/wp-content\/uploads\/2024\/07\/Bieszczady-2009-08-06-12-58-43-750x500.jpg",750,500,true],"illdy-widget-recent-posts":["https:\/\/joannacholuj.pl\/wp-content\/uploads\/2024\/07\/Bieszczady-2009-08-06-12-58-43-70x70.jpg",70,70,true],"illdy-blog-post-related-articles":["https:\/\/joannacholuj.pl\/wp-content\/uploads\/2024\/07\/Bieszczady-2009-08-06-12-58-43-240x206.jpg",240,206,true],"illdy-front-page-latest-news":["https:\/\/joannacholuj.pl\/wp-content\/uploads\/2024\/07\/Bieszczady-2009-08-06-12-58-43-250x213.jpg",250,213,true],"illdy-front-page-testimonials":["https:\/\/joannacholuj.pl\/wp-content\/uploads\/2024\/07\/Bieszczady-2009-08-06-12-58-43-127x127.jpg",127,127,true],"illdy-front-page-projects":["https:\/\/joannacholuj.pl\/wp-content\/uploads\/2024\/07\/Bieszczady-2009-08-06-12-58-43-476x476.jpg",476,476,true],"illdy-front-page-person":["https:\/\/joannacholuj.pl\/wp-content\/uploads\/2024\/07\/Bieszczady-2009-08-06-12-58-43-125x125.jpg",125,125,true]},"uagb_author_info":{"display_name":"Joanna Choluj","author_link":"https:\/\/joannacholuj.pl\/en\/blog\/author\/joannacholuj\/"},"uagb_comment_info":0,"uagb_excerpt":"DOST\u0118PNE DO KUPIENIA S\u0104 TYLKO KSI\u0104\u017bKI, KT\u00d3RE MAJ\u0104 ZAPREZENTOWANE OK\u0141ADKI. KLIKNIJ NA OK\u0141ADK\u0118, BY PRZECZYTA\u0106 OPIS MAGIA I J\u0118ZYK &#8211; [&hellip;]","_links":{"self":[{"href":"https:\/\/joannacholuj.pl\/en\/wp-json\/wp\/v2\/pages\/11991"}],"collection":[{"href":"https:\/\/joannacholuj.pl\/en\/wp-json\/wp\/v2\/pages"}],"about":[{"href":"https:\/\/joannacholuj.pl\/en\/wp-json\/wp\/v2\/types\/page"}],"author":[{"embeddable":true,"href":"https:\/\/joannacholuj.pl\/en\/wp-json\/wp\/v2\/users\/2"}],"replies":[{"embeddable":true,"href":"https:\/\/joannacholuj.pl\/en\/wp-json\/wp\/v2\/comments?post=11991"}],"version-history":[{"count":4,"href":"https:\/\/joannacholuj.pl\/en\/wp-json\/wp\/v2\/pages\/11991\/revisions"}],"predecessor-version":[{"id":13337,"href":"https:\/\/joannacholuj.pl\/en\/wp-json\/wp\/v2\/pages\/11991\/revisions\/13337"}],"wp:featuredmedia":[{"embeddable":true,"href":"https:\/\/joannacholuj.pl\/en\/wp-json\/wp\/v2\/media\/11686"}],"wp:attachment":[{"href":"https:\/\/joannacholuj.pl\/en\/wp-json\/wp\/v2\/media?parent=11991"}],"curies":[{"name":"wp","href":"https:\/\/api.w.org\/{rel}","templated":true}]}}