{"id":11985,"date":"2024-07-22T23:56:02","date_gmt":"2024-07-22T21:56:02","guid":{"rendered":"http:\/\/joannacholuj.pl\/?page_id=11985"},"modified":"2025-11-06T03:10:57","modified_gmt":"2025-11-06T02:10:57","slug":"symbole-dzial-ix","status":"publish","type":"page","link":"https:\/\/joannacholuj.pl\/en\/symbole-dzial-ix\/","title":{"rendered":"SACRED GEOMETRY \u2013 CHAPTER IX"},"content":{"rendered":"<p><img loading=\"lazy\" decoding=\"async\" class=\"alignnone size-full wp-image-11834\" src=\"http:\/\/joannacholuj.pl\/wp-content\/uploads\/2024\/07\/KK.jpg\" alt=\"\" width=\"83\" height=\"78\" \/><\/p>\n<p>ONLY BOOKS WITH PRESENTED COVERS ARE AVAILABLE FOR PURCHASE.<\/p>\n<p style=\"text-align: left;\">CLICK ON THE COVER TO READ THE DESCRIPTION<\/p>\n<p style=\"text-align: center;\" align=\"left\"><span style=\"color: #800000;\"><span style=\"font-size: large;\"><strong>SYMBOLS AND SACRED GEOMETRY \u2013 SECTION IX<\/strong><\/span><\/span><\/p>\n<p align=\"left\">\u00a0<\/p>\n\n\n<p>1.Symbole sztucznego matrixa vs symbole organicznej matrycy<br>2.Symbole w sztuce u\u017cytkowej<br>3.Symbolika i filozofia Aira i Eiru <br>4.Makrokosmos kosmos i mikrokosmos w obrazach<br>5. symbols of masculinity and symbols of femininity<br>6. Alphabetical cycle and the logic of the language matrix.<br>7. Letter: Glagolitic Vinca Runic Koby<br>8. The true meaning of Polish (Aryan-Slavic) surnames<br>9. The true meaning of Polish (Aryan-Slavic) names.<br>10. Curses of the curse spell<\/p>\n\n\n\n<div class=\"wp-block-uagb-container uagb-block-e5307174 alignfull uagb-is-root-container\"><div class=\"uagb-container-inner-blocks-wrap\"><\/div><\/div>\n\n\n<div class=\"wp-block-image\">\n<figure class=\"alignleft\"><img decoding=\"async\" src=\"http:\/\/jcalternativedu.com\/wp-content\/uploads\/2019\/12\/indeksvin.jpeg\" alt=\"\" class=\"wp-image-376\"\/><\/figure><\/div>\n\n\n<p class=\"has-drop-cap\"><\/p>\n\n\n<h3>\u00a0<\/h3>\n<h3><a href=\"https:\/\/sklep.joannacholuj.pl\/product-category\/ksiazki\/\">GO TO THE STORE TO SEE THE AVAILABLE BOOKS<\/a><\/h3>","protected":false},"excerpt":{"rendered":"<p>DOST\u0118PNE DO KUPIENIA S\u0104 TYLKO KSI\u0104\u017bKI, KT\u00d3RE MAJ\u0104 ZAPREZENTOWANE OK\u0141ADKI. KLIKNIJ NA OK\u0141ADK\u0118, BY PRZECZYTA\u0106 OPIS SYMBOLE I \u015aWI\u0118TA GEOMETRIA [&hellip;]<\/p>","protected":false},"author":2,"featured_media":13835,"parent":0,"menu_order":0,"comment_status":"closed","ping_status":"closed","template":"","meta":{"_bbp_topic_count":0,"_bbp_reply_count":0,"_bbp_total_topic_count":0,"_bbp_total_reply_count":0,"_bbp_voice_count":0,"_bbp_anonymous_reply_count":0,"_bbp_topic_count_hidden":0,"_bbp_reply_count_hidden":0,"_bbp_forum_subforum_count":0,"_uag_custom_page_level_css":"","footnotes":""},"class_list":["post-11985","page","type-page","status-publish","has-post-thumbnail","hentry"],"spectra_custom_meta":{"_edit_lock":["1762395057:2"],"_edit_last":["2"],"_wp_page_template":["default"],"_thumbnail_id":["13835"],"_uag_page_assets":["a:9:{s:3:\"css\";s:7859:\".wp-block-uagb-container{display:flex;position:relative;box-sizing:border-box;transition-property:box-shadow;transition-duration:0.2s;transition-timing-function:ease}.wp-block-uagb-container .spectra-container-link-overlay{bottom:0;left:0;position:absolute;right:0;top:0;z-index:10}.wp-block-uagb-container.uagb-is-root-container{margin-left:auto;margin-right:auto}.wp-block-uagb-container.alignfull.uagb-is-root-container .uagb-container-inner-blocks-wrap{display:flex;position:relative;box-sizing:border-box;margin-left:auto !important;margin-right:auto !important}.wp-block-uagb-container .wp-block-uagb-blockquote,.wp-block-uagb-container .wp-block-spectra-pro-login,.wp-block-uagb-container .wp-block-spectra-pro-register{margin:unset}.wp-block-uagb-container .uagb-container__video-wrap{height:100%;width:100%;top:0;left:0;position:absolute;overflow:hidden;-webkit-transition:opacity 1s;-o-transition:opacity 1s;transition:opacity 1s}.wp-block-uagb-container .uagb-container__video-wrap video{max-width:100%;width:100%;height:100%;margin:0;line-height:1;border:none;display:inline-block;vertical-align:baseline;-o-object-fit:cover;object-fit:cover;background-size:cover}.wp-block-uagb-container.uagb-layout-grid{display:grid;width:100%}.wp-block-uagb-container.uagb-layout-grid>.uagb-container-inner-blocks-wrap{display:inherit;width:inherit}.wp-block-uagb-container.uagb-layout-grid>.uagb-container-inner-blocks-wrap>.wp-block-uagb-container{max-width:unset !important;width:unset !important}.wp-block-uagb-container.uagb-layout-grid>.wp-block-uagb-container{max-width:unset !important;width:unset !important}.wp-block-uagb-container.uagb-layout-grid.uagb-is-root-container{margin-left:auto;margin-right:auto}.wp-block-uagb-container.uagb-layout-grid.uagb-is-root-container>.wp-block-uagb-container{max-width:unset !important;width:unset !important}.wp-block-uagb-container.uagb-layout-grid.alignwide.uagb-is-root-container{margin-left:auto;margin-right:auto}.wp-block-uagb-container.uagb-layout-grid.alignfull.uagb-is-root-container .uagb-container-inner-blocks-wrap{display:inherit;position:relative;box-sizing:border-box;margin-left:auto !important;margin-right:auto !important}body .wp-block-uagb-container>.uagb-container-inner-blocks-wrap>*:not(.wp-block-uagb-container):not(.wp-block-uagb-column):not(.wp-block-uagb-container):not(.wp-block-uagb-section):not(.uagb-container__shape):not(.uagb-container__video-wrap):not(.wp-block-spectra-pro-register):not(.wp-block-spectra-pro-login):not(.uagb-slider-container):not(.spectra-image-gallery__control-lightbox):not(.wp-block-uagb-info-box),body .wp-block-uagb-container>.uagb-container-inner-blocks-wrap,body .wp-block-uagb-container>*:not(.wp-block-uagb-container):not(.wp-block-uagb-column):not(.wp-block-uagb-container):not(.wp-block-uagb-section):not(.uagb-container__shape):not(.uagb-container__video-wrap):not(.wp-block-spectra-pro-register):not(.wp-block-spectra-pro-login):not(.uagb-slider-container):not(.spectra-container-link-overlay):not(.spectra-image-gallery__control-lightbox):not(.wp-block-uagb-lottie):not(.uagb-faq__outer-wrap){min-width:unset !important;width:100%;position:relative}body .ast-container .wp-block-uagb-container>.uagb-container-inner-blocks-wrap>.wp-block-uagb-container>ul,body .ast-container .wp-block-uagb-container>.uagb-container-inner-blocks-wrap>.wp-block-uagb-container ol,body .ast-container .wp-block-uagb-container>.uagb-container-inner-blocks-wrap>ul,body .ast-container .wp-block-uagb-container>.uagb-container-inner-blocks-wrap ol{max-width:-webkit-fill-available;margin-block-start:0;margin-block-end:0;margin-left:20px}.ast-plain-container .editor-styles-wrapper .block-editor-block-list__layout.is-root-container .uagb-is-root-container.wp-block-uagb-container.alignwide{margin-left:auto;margin-right:auto}.uagb-container__shape{overflow:hidden;position:absolute;left:0;width:100%;line-height:0;direction:ltr}.uagb-container__shape-top{top:-3px}.uagb-container__shape-bottom{bottom:-3px}.uagb-container__shape.uagb-container__invert.uagb-container__shape-bottom,.uagb-container__shape.uagb-container__invert.uagb-container__shape-top{-webkit-transform:rotate(180deg);-ms-transform:rotate(180deg);transform:rotate(180deg)}.uagb-container__shape.uagb-container__shape-flip svg{transform:translateX(-50%) rotateY(180deg)}.uagb-container__shape svg{display:block;width:-webkit-calc(100% + 1.3px);width:calc(100% + 1.3px);position:relative;left:50%;-webkit-transform:translateX(-50%);-ms-transform:translateX(-50%);transform:translateX(-50%)}.uagb-container__shape .uagb-container__shape-fill{-webkit-transform-origin:center;-ms-transform-origin:center;transform-origin:center;-webkit-transform:rotateY(0deg);transform:rotateY(0deg)}.uagb-container__shape.uagb-container__shape-above-content{z-index:9;pointer-events:none}.nv-single-page-wrap .nv-content-wrap.entry-content .wp-block-uagb-container.alignfull{margin-left:calc(50% - 50vw);margin-right:calc(50% - 50vw)}@media only screen and (max-width: 767px){.wp-block-uagb-container .wp-block-uagb-advanced-heading{width:-webkit-fill-available}}.wp-block-uagb-image--align-none{justify-content:center}\n.wp-block-uagb-container.uagb-block-e5307174 .uagb-container__shape-top svg{width: calc( 100% + 1.3px );}.wp-block-uagb-container.uagb-block-e5307174 .uagb-container__shape.uagb-container__shape-top .uagb-container__shape-fill{fill: rgba(51,51,51,1);}.wp-block-uagb-container.uagb-block-e5307174 .uagb-container__shape-bottom svg{width: calc( 100% + 1.3px );}.wp-block-uagb-container.uagb-block-e5307174 .uagb-container__shape.uagb-container__shape-bottom .uagb-container__shape-fill{fill: rgba(51,51,51,1);}.wp-block-uagb-container.uagb-block-e5307174 .uagb-container__video-wrap video{opacity: 1;}.wp-block-uagb-container.uagb-is-root-container .uagb-block-e5307174{max-width: 100%;width: 100%;}.wp-block-uagb-container.uagb-is-root-container.alignfull.uagb-block-e5307174 > .uagb-container-inner-blocks-wrap{--inner-content-custom-width: min( 100%, 1140px);max-width: var(--inner-content-custom-width);width: 100%;flex-direction: column;align-items: center;justify-content: center;flex-wrap: nowrap;row-gap: 20px;column-gap: 20px;}.wp-block-uagb-container.uagb-block-e5307174{box-shadow: 0px 0px   #00000070 ;padding-top: 10px;padding-bottom: 10px;padding-left: 10px;padding-right: 10px;margin-top:  !important;margin-bottom:  !important;overflow: visible;order: initial;border-color: inherit;row-gap: 20px;column-gap: 20px;}@media only screen and (max-width: 976px) {.wp-block-uagb-container.uagb-is-root-container .uagb-block-e5307174{width: 100%;}.wp-block-uagb-container.uagb-is-root-container.alignfull.uagb-block-e5307174 > .uagb-container-inner-blocks-wrap{--inner-content-custom-width: min( 100%, 1024px);max-width: var(--inner-content-custom-width);width: 100%;}.wp-block-uagb-container.uagb-block-e5307174{padding-top: 10px;padding-bottom: 10px;padding-left: 10px;padding-right: 10px;margin-top:  !important;margin-bottom:  !important;order: initial;}}@media only screen and (max-width: 767px) {.wp-block-uagb-container.uagb-is-root-container .uagb-block-e5307174{max-width: 100%;width: 100%;}.wp-block-uagb-container.uagb-is-root-container.alignfull.uagb-block-e5307174 > .uagb-container-inner-blocks-wrap{--inner-content-custom-width: min( 100%, 767px);max-width: var(--inner-content-custom-width);width: 100%;flex-wrap: wrap;}.wp-block-uagb-container.uagb-block-e5307174{padding-top: 10px;padding-bottom: 10px;padding-left: 10px;padding-right: 10px;margin-top:  !important;margin-bottom:  !important;order: initial;}}.uag-blocks-common-selector{z-index:var(--z-index-desktop) !important}@media (max-width: 976px){.uag-blocks-common-selector{z-index:var(--z-index-tablet) !important}}@media (max-width: 767px){.uag-blocks-common-selector{z-index:var(--z-index-mobile) !important}}\n\";s:2:\"js\";s:0:\"\";s:18:\"current_block_list\";a:3:{i:0;s:14:\"core\/paragraph\";i:1;s:14:\"uagb\/container\";i:2;s:10:\"core\/image\";}s:8:\"uag_flag\";b:1;s:11:\"uag_version\";s:10:\"1775454065\";s:6:\"gfonts\";a:0:{}s:10:\"gfonts_url\";s:0:\"\";s:12:\"gfonts_files\";a:0:{}s:14:\"uag_faq_layout\";b:0;}"],"_uag_css_file_name":["uag-css-11985.css"]},"uagb_featured_image_src":{"full":["https:\/\/joannacholuj.pl\/wp-content\/uploads\/2025\/06\/Zrzut-ekranu-511-300x169-1.jpg",300,169,false],"thumbnail":["https:\/\/joannacholuj.pl\/wp-content\/uploads\/2025\/06\/Zrzut-ekranu-511-300x169-1-150x150.jpg",150,150,true],"medium":["https:\/\/joannacholuj.pl\/wp-content\/uploads\/2025\/06\/Zrzut-ekranu-511-300x169-1.jpg",300,169,false],"medium_large":["https:\/\/joannacholuj.pl\/wp-content\/uploads\/2025\/06\/Zrzut-ekranu-511-300x169-1.jpg",300,169,false],"large":["https:\/\/joannacholuj.pl\/wp-content\/uploads\/2025\/06\/Zrzut-ekranu-511-300x169-1.jpg",300,169,false],"1536x1536":["https:\/\/joannacholuj.pl\/wp-content\/uploads\/2025\/06\/Zrzut-ekranu-511-300x169-1.jpg",300,169,false],"2048x2048":["https:\/\/joannacholuj.pl\/wp-content\/uploads\/2025\/06\/Zrzut-ekranu-511-300x169-1.jpg",300,169,false],"trp-custom-language-flag":["https:\/\/joannacholuj.pl\/wp-content\/uploads\/2025\/06\/Zrzut-ekranu-511-300x169-1.jpg",18,10,false],"illdy-blog-list":["https:\/\/joannacholuj.pl\/wp-content\/uploads\/2025\/06\/Zrzut-ekranu-511-300x169-1.jpg",300,169,false],"illdy-widget-recent-posts":["https:\/\/joannacholuj.pl\/wp-content\/uploads\/2025\/06\/Zrzut-ekranu-511-300x169-1-70x70.jpg",70,70,true],"illdy-blog-post-related-articles":["https:\/\/joannacholuj.pl\/wp-content\/uploads\/2025\/06\/Zrzut-ekranu-511-300x169-1-240x169.jpg",240,169,true],"illdy-front-page-latest-news":["https:\/\/joannacholuj.pl\/wp-content\/uploads\/2025\/06\/Zrzut-ekranu-511-300x169-1-250x169.jpg",250,169,true],"illdy-front-page-testimonials":["https:\/\/joannacholuj.pl\/wp-content\/uploads\/2025\/06\/Zrzut-ekranu-511-300x169-1-127x127.jpg",127,127,true],"illdy-front-page-projects":["https:\/\/joannacholuj.pl\/wp-content\/uploads\/2025\/06\/Zrzut-ekranu-511-300x169-1.jpg",300,169,false],"illdy-front-page-person":["https:\/\/joannacholuj.pl\/wp-content\/uploads\/2025\/06\/Zrzut-ekranu-511-300x169-1-125x125.jpg",125,125,true]},"uagb_author_info":{"display_name":"Joanna Choluj","author_link":"https:\/\/joannacholuj.pl\/en\/blog\/author\/joannacholuj\/"},"uagb_comment_info":0,"uagb_excerpt":"DOST\u0118PNE DO KUPIENIA S\u0104 TYLKO KSI\u0104\u017bKI, KT\u00d3RE MAJ\u0104 ZAPREZENTOWANE OK\u0141ADKI. KLIKNIJ NA OK\u0141ADK\u0118, BY PRZECZYTA\u0106 OPIS SYMBOLE I \u015aWI\u0118TA GEOMETRIA [&hellip;]","_links":{"self":[{"href":"https:\/\/joannacholuj.pl\/en\/wp-json\/wp\/v2\/pages\/11985"}],"collection":[{"href":"https:\/\/joannacholuj.pl\/en\/wp-json\/wp\/v2\/pages"}],"about":[{"href":"https:\/\/joannacholuj.pl\/en\/wp-json\/wp\/v2\/types\/page"}],"author":[{"embeddable":true,"href":"https:\/\/joannacholuj.pl\/en\/wp-json\/wp\/v2\/users\/2"}],"replies":[{"embeddable":true,"href":"https:\/\/joannacholuj.pl\/en\/wp-json\/wp\/v2\/comments?post=11985"}],"version-history":[{"count":9,"href":"https:\/\/joannacholuj.pl\/en\/wp-json\/wp\/v2\/pages\/11985\/revisions"}],"predecessor-version":[{"id":14203,"href":"https:\/\/joannacholuj.pl\/en\/wp-json\/wp\/v2\/pages\/11985\/revisions\/14203"}],"wp:featuredmedia":[{"embeddable":true,"href":"https:\/\/joannacholuj.pl\/en\/wp-json\/wp\/v2\/media\/13835"}],"wp:attachment":[{"href":"https:\/\/joannacholuj.pl\/en\/wp-json\/wp\/v2\/media?parent=11985"}],"curies":[{"name":"wp","href":"https:\/\/api.w.org\/{rel}","templated":true}]}}