{"id":11980,"date":"2024-07-22T22:40:35","date_gmt":"2024-07-22T20:40:35","guid":{"rendered":"http:\/\/joannacholuj.pl\/?page_id=11980"},"modified":"2025-10-18T23:54:23","modified_gmt":"2025-10-18T21:54:23","slug":"wyprawa-do-peru","status":"publish","type":"page","link":"https:\/\/joannacholuj.pl\/en\/wyprawa-do-peru\/","title":{"rendered":"Wyprawa mistyczna do Peru &#8211; kraju Szaman\u00f3w i Ink\u00f3w"},"content":{"rendered":"<h4 style=\"text-align: center;\">MISTYCZNA WYPRAWA DO PERU TO <strong>THE DEEPEST MEETING WITH MYSELF<\/strong> AND TRANSCENDING YOUR MATRIX THANKS TO WITCHER AND SHAMANIC TECHNIQUES, IN WHICH YOU WILL BE ABLE TO PARTICIPATE IN REALITY DURING YOUR 10-DAY STAY IN PERU.<\/h4>\n<p style=\"text-align: center;\"><strong>THIS IS YOUR FINDING OF THE FULL MYSTICAL AND REAL FEMININITY OR MASCULINITY<\/strong><\/p>\n<p style=\"text-align: center;\">HERE YOU WILL UNDERSTAND HOW TO RETURN TO YOURSELF, YOUR TRUTH, JOY AND WEALTH<\/p>\n<p style=\"text-align: center;\">HERE YOU ACTIVATE YOUR FOUR ESSENTIAL BASE ARCHETYPES<\/p>\n<p style=\"text-align: center;\">HERE YOU WILL UNDERSTAND THE ORIGIN OF YOUR BLOCKS AND TRAUMAS<\/p>\n<p style=\"text-align: center;\">Ty sam\/sama w poprzednich inkarnacjach , twoi nie\u015bwiadomi r\u00f3wnie\u017c straumatyzowanych rodzice, kali juga, indoktrynacje satanistyczne i propaganda patriarchalnego \u015bwiata &#8211; to najwa\u017cniejsze powody stanu Twojego \u017cycia, duszy, cia\u0142a i ducha.\u00a0<\/p>\n<p style=\"text-align: center;\">BUT YOU CAN CHANGE IT\u00a0<\/p>\n<p style=\"text-align: center;\">UNDERSTAND YOUR MATRIX<\/p>\n<p style=\"text-align: center;\">RETURN TO YOURSELF! TO YOUR WHOLE SELF! FREE YOURSELF\u00a0<\/p>\n<p style=\"text-align: center;\">Let's go!\u00a0<\/p>\n<p style=\"text-align: center;\">ACHIEVE WHOLENESS, SATISFACTION, AND STRIVE FOR WEALTH<\/p>\n<p style=\"text-align: center;\">BECAUSE YOU HAVE THE RIGHT TO DO SO<\/p>\n<p style=\"text-align: center;\">BUY\u00a0<\/p>\n<p>\u00a0<\/p>\n<p>\u00a0<\/p>\n<h1 style=\"text-align: center;\"><a href=\"https:\/\/sklep.joannacholuj.pl\/product\/wyprawa-mistyczna-do-peru\/\" data-wplink-edit=\"true\"><b>BUY<\/b><\/a><\/h1>\n<p><img loading=\"lazy\" decoding=\"async\" class=\"wp-image-11939\" src=\"http:\/\/joannacholuj.pl\/wp-content\/uploads\/2024\/07\/b66c9247-e629-43db-be84-f8987cd39ddf-300x225.jpeg\" alt=\"\" width=\"515\" height=\"386\" srcset=\"https:\/\/joannacholuj.pl\/wp-content\/uploads\/2024\/07\/b66c9247-e629-43db-be84-f8987cd39ddf-300x225.jpeg 300w, https:\/\/joannacholuj.pl\/wp-content\/uploads\/2024\/07\/b66c9247-e629-43db-be84-f8987cd39ddf-768x576.jpeg 768w, https:\/\/joannacholuj.pl\/wp-content\/uploads\/2024\/07\/b66c9247-e629-43db-be84-f8987cd39ddf-1024x768.jpeg 1024w, https:\/\/joannacholuj.pl\/wp-content\/uploads\/2024\/07\/b66c9247-e629-43db-be84-f8987cd39ddf.jpeg 1280w\" sizes=\"(max-width: 515px) 100vw, 515px\" \/><\/p>\n<h4>So..<\/h4>\n<h4>I invite you on a mystical journey to the Ancient Land of Shamans and Incas in Peru<\/h4>\n<p title=\"W celu edycji, przytrzymaj klawisz shift i kliknij element.\">where the codes of the Pra-Mother of the Universe were recorded in the Earth, where\u00a0<strong>shamanism<\/strong>\u00a0of people with Q genetics who arrived tens of thousands of years ago from Siberia, intertwines with\u00a0<strong>philosophy of nature,<\/strong> <strong>\u00a0Ink\u00f3w<\/strong>\u00a0and with\u00a0<strong>Vedic knowledge and the genetics of the R1a people (Proto-Slavs from the Vinca civilization in Europe)<\/strong>\u00a0who arrived 6,000 years ago to mine bronze in both Americas.<\/p>\n<p title=\"W celu edycji, przytrzymaj klawisz shift i kliknij element.\">I invite you to join me in the rituals and alchemical mysteries of Feminine and Masculine Energy, activating your four elements in the Ancient Earth of Peru. We will explore the archetypes of the Ario-Slavic and Inca-Peruvian heritage. We will use cards, based on circle work, to expand your understanding of yourself.\u00a0<\/p>\n<hr \/>\n<h3>\u00a0<\/h3>\n\n\n<div class=\"wp-block-uagb-image uagb-block-b6dd3210 wp-block-uagb-image--layout-default wp-block-uagb-image--effect-static wp-block-uagb-image--align-none\"><figure class=\"wp-block-uagb-image__figure\"><img decoding=\"async\" srcset=\"https:\/\/joannacholuj.pl\/wp-content\/uploads\/2025\/05\/IMG20250419113728-768x1024.jpg ,https:\/\/joannacholuj.pl\/wp-content\/uploads\/2025\/05\/IMG20250419113728-scaled.jpg 780w, https:\/\/joannacholuj.pl\/wp-content\/uploads\/2025\/05\/IMG20250419113728-scaled.jpg 360w\" sizes=\"(max-width: 480px) 150px\" src=\"https:\/\/joannacholuj.pl\/wp-content\/uploads\/2025\/05\/IMG20250419113728-768x1024.jpg\" alt=\"\" class=\"uag-image-13731\" width=\"310\" height=\"413\" title=\"IMG20250419113728\" loading=\"lazy\" role=\"img\"\/><\/figure><\/div>","protected":false},"excerpt":{"rendered":"<p>MISTYCZNA WYPRAWA DO PERU TO NAJG\u0141\u0118BSZE SPOTKANIE Z SAMYM SOB\u0104 I PRZEKROCZENIE SWOJEGO MATRIXA DZI\u0118KI TECHNIKOM WIED\u0179MI\u0143SKIM I SZAMA\u0143SKIM, W [&hellip;]<\/p>","protected":false},"author":2,"featured_media":13365,"parent":0,"menu_order":0,"comment_status":"closed","ping_status":"closed","template":"","meta":{"_bbp_topic_count":0,"_bbp_reply_count":0,"_bbp_total_topic_count":0,"_bbp_total_reply_count":0,"_bbp_voice_count":0,"_bbp_anonymous_reply_count":0,"_bbp_topic_count_hidden":0,"_bbp_reply_count_hidden":0,"_bbp_forum_subforum_count":0,"_uag_custom_page_level_css":"","footnotes":""},"class_list":["post-11980","page","type-page","status-publish","has-post-thumbnail","hentry"],"spectra_custom_meta":{"_edit_last":["2"],"_wp_page_template":["default"],"_edit_lock":["1760824463:2"],"_thumbnail_id":["13365"],"_uag_page_assets":["a:9:{s:3:\"css\";s:7165:\".wp-block-uagb-image{display:flex}.wp-block-uagb-image__figure{position:relative;display:flex;flex-direction:column;max-width:100%;height:auto;margin:0}.wp-block-uagb-image__figure img{height:auto;display:flex;max-width:100%;transition:box-shadow 0.2s ease}.wp-block-uagb-image__figure>a{display:inline-block}.wp-block-uagb-image__figure figcaption{text-align:center;margin-top:0.5em;margin-bottom:1em}.wp-block-uagb-image .components-placeholder.block-editor-media-placeholder .components-placeholder__instructions{align-self:center}.wp-block-uagb-image--align-left{text-align:left}.wp-block-uagb-image--align-right{text-align:right}.wp-block-uagb-image--align-center{text-align:center}.wp-block-uagb-image--align-full .wp-block-uagb-image__figure{margin-left:calc(50% - 50vw);margin-right:calc(50% - 50vw);max-width:100vw;width:100vw;height:auto}.wp-block-uagb-image--align-full .wp-block-uagb-image__figure img{height:auto;width:100% !important}.wp-block-uagb-image--align-wide .wp-block-uagb-image__figure img{height:auto;width:100%}.wp-block-uagb-image--layout-overlay__color-wrapper{position:absolute;left:0;top:0;right:0;bottom:0;opacity:0.2;background:rgba(0,0,0,0.5);transition:opacity 0.35s ease-in-out}.wp-block-uagb-image--layout-overlay-link{position:absolute;left:0;right:0;bottom:0;top:0}.wp-block-uagb-image--layout-overlay .wp-block-uagb-image__figure:hover .wp-block-uagb-image--layout-overlay__color-wrapper{opacity:1}.wp-block-uagb-image--layout-overlay__inner{position:absolute;left:15px;right:15px;bottom:15px;top:15px;display:flex;align-items:center;justify-content:center;flex-direction:column;border-color:#fff;transition:0.35s ease-in-out}.wp-block-uagb-image--layout-overlay__inner.top-left,.wp-block-uagb-image--layout-overlay__inner.top-center,.wp-block-uagb-image--layout-overlay__inner.top-right{justify-content:flex-start}.wp-block-uagb-image--layout-overlay__inner.bottom-left,.wp-block-uagb-image--layout-overlay__inner.bottom-center,.wp-block-uagb-image--layout-overlay__inner.bottom-right{justify-content:flex-end}.wp-block-uagb-image--layout-overlay__inner.top-left,.wp-block-uagb-image--layout-overlay__inner.center-left,.wp-block-uagb-image--layout-overlay__inner.bottom-left{align-items:flex-start}.wp-block-uagb-image--layout-overlay__inner.top-right,.wp-block-uagb-image--layout-overlay__inner.center-right,.wp-block-uagb-image--layout-overlay__inner.bottom-right{align-items:flex-end}.wp-block-uagb-image--layout-overlay__inner .uagb-image-heading{color:#fff;transition:transform 0.35s, opacity 0.35s ease-in-out;transform:translate3d(0, 24px, 0);margin:0;line-height:1em}.wp-block-uagb-image--layout-overlay__inner .uagb-image-separator{width:30%;border-top-width:2px;border-top-color:#fff;border-top-style:solid;margin-bottom:10px;opacity:0;transition:transform 0.4s, opacity 0.4s ease-in-out;transform:translate3d(0, 30px, 0)}.wp-block-uagb-image--layout-overlay__inner .uagb-image-caption{opacity:0;overflow:visible;color:#fff;transition:transform 0.45s, opacity 0.45s ease-in-out;transform:translate3d(0, 35px, 0)}.wp-block-uagb-image--layout-overlay__inner:hover .uagb-image-heading,.wp-block-uagb-image--layout-overlay__inner:hover .uagb-image-separator,.wp-block-uagb-image--layout-overlay__inner:hover .uagb-image-caption{opacity:1;transform:translate3d(0, 0, 0)}.wp-block-uagb-image--effect-zoomin .wp-block-uagb-image__figure img,.wp-block-uagb-image--effect-zoomin .wp-block-uagb-image__figure .wp-block-uagb-image--layout-overlay__color-wrapper{transform:scale(1);transition:transform 0.35s ease-in-out}.wp-block-uagb-image--effect-zoomin .wp-block-uagb-image__figure:hover img,.wp-block-uagb-image--effect-zoomin .wp-block-uagb-image__figure:hover .wp-block-uagb-image--layout-overlay__color-wrapper{transform:scale(1.05)}.wp-block-uagb-image--effect-slide .wp-block-uagb-image__figure img,.wp-block-uagb-image--effect-slide .wp-block-uagb-image__figure .wp-block-uagb-image--layout-overlay__color-wrapper{width:calc(100% + 40px) !important;max-width:none !important;transform:translate3d(-40px, 0, 0);transition:transform 0.35s ease-in-out}.wp-block-uagb-image--effect-slide .wp-block-uagb-image__figure:hover img,.wp-block-uagb-image--effect-slide .wp-block-uagb-image__figure:hover .wp-block-uagb-image--layout-overlay__color-wrapper{transform:translate3d(0, 0, 0)}.wp-block-uagb-image--effect-grayscale img{filter:grayscale(0%);transition:0.35s ease-in-out}.wp-block-uagb-image--effect-grayscale:hover img{filter:grayscale(100%)}.wp-block-uagb-image--effect-blur img{filter:blur(0);transition:0.35s ease-in-out}.wp-block-uagb-image--effect-blur:hover img{filter:blur(3px)}\n.uagb-block-b6dd3210.wp-block-uagb-image--layout-default figure img{box-shadow: 0px 0px 0 #00000070;}.uagb-block-b6dd3210.wp-block-uagb-image .wp-block-uagb-image__figure figcaption{font-style: normal;align-self: center;}.uagb-block-b6dd3210.wp-block-uagb-image--layout-overlay figure img{box-shadow: 0px 0px 0 #00000070;}.uagb-block-b6dd3210.wp-block-uagb-image--layout-overlay .wp-block-uagb-image--layout-overlay__color-wrapper{opacity: 0.2;}.uagb-block-b6dd3210.wp-block-uagb-image--layout-overlay .wp-block-uagb-image--layout-overlay__inner{left: 15px;right: 15px;top: 15px;bottom: 15px;}.uagb-block-b6dd3210.wp-block-uagb-image--layout-overlay .wp-block-uagb-image--layout-overlay__inner .uagb-image-heading{font-style: normal;color: #fff;opacity: 1;}.uagb-block-b6dd3210.wp-block-uagb-image--layout-overlay .wp-block-uagb-image--layout-overlay__inner .uagb-image-heading a{color: #fff;}.uagb-block-b6dd3210.wp-block-uagb-image--layout-overlay .wp-block-uagb-image--layout-overlay__inner .uagb-image-caption{opacity: 0;}.uagb-block-b6dd3210.wp-block-uagb-image--layout-overlay .wp-block-uagb-image__figure:hover .wp-block-uagb-image--layout-overlay__color-wrapper{opacity: 1;}.uagb-block-b6dd3210.wp-block-uagb-image .wp-block-uagb-image--layout-overlay__inner .uagb-image-separator{width: 30%;border-top-width: 2px;border-top-color: #fff;opacity: 0;}.uagb-block-b6dd3210.wp-block-uagb-image .wp-block-uagb-image__figure img{width: 310px;height: auto;}.uagb-block-b6dd3210.wp-block-uagb-image .wp-block-uagb-image__figure:hover .wp-block-uagb-image--layout-overlay__inner .uagb-image-caption{opacity: 1;}.uagb-block-b6dd3210.wp-block-uagb-image .wp-block-uagb-image__figure:hover .wp-block-uagb-image--layout-overlay__inner .uagb-image-separator{opacity: 1;}.uagb-block-b6dd3210.wp-block-uagb-image--layout-default figure:hover img{box-shadow: 0px 0px 0 #00000070;}.uagb-block-b6dd3210.wp-block-uagb-image--layout-overlay figure:hover img{box-shadow: 0px 0px 0 #00000070;}@media only screen and (max-width: 976px) {.uagb-block-b6dd3210.wp-block-uagb-image .wp-block-uagb-image__figure img{width: 310px;height: auto;}}@media only screen and (max-width: 767px) {.uagb-block-b6dd3210.wp-block-uagb-image .wp-block-uagb-image__figure img{width: 310px;height: auto;}}.uag-blocks-common-selector{z-index:var(--z-index-desktop) !important}@media (max-width: 976px){.uag-blocks-common-selector{z-index:var(--z-index-tablet) !important}}@media (max-width: 767px){.uag-blocks-common-selector{z-index:var(--z-index-mobile) !important}}\n\";s:2:\"js\";s:0:\"\";s:18:\"current_block_list\";a:1:{i:0;s:10:\"uagb\/image\";}s:8:\"uag_flag\";b:1;s:11:\"uag_version\";s:10:\"1775361163\";s:6:\"gfonts\";a:0:{}s:10:\"gfonts_url\";s:0:\"\";s:12:\"gfonts_files\";a:0:{}s:14:\"uag_faq_layout\";b:0;}"],"_uag_css_file_name":["uag-css-11980.css"]},"uagb_featured_image_src":{"full":["https:\/\/joannacholuj.pl\/wp-content\/uploads\/2024\/12\/449486395_454052434249143_8296658176853504262_n.webp",2048,921,false],"thumbnail":["https:\/\/joannacholuj.pl\/wp-content\/uploads\/2024\/12\/449486395_454052434249143_8296658176853504262_n-150x150.webp",150,150,true],"medium":["https:\/\/joannacholuj.pl\/wp-content\/uploads\/2024\/12\/449486395_454052434249143_8296658176853504262_n-300x135.webp",300,135,true],"medium_large":["https:\/\/joannacholuj.pl\/wp-content\/uploads\/2024\/12\/449486395_454052434249143_8296658176853504262_n-768x345.webp",640,288,true],"large":["https:\/\/joannacholuj.pl\/wp-content\/uploads\/2024\/12\/449486395_454052434249143_8296658176853504262_n-1024x461.webp",640,288,true],"1536x1536":["https:\/\/joannacholuj.pl\/wp-content\/uploads\/2024\/12\/449486395_454052434249143_8296658176853504262_n-1536x691.webp",1536,691,true],"2048x2048":["https:\/\/joannacholuj.pl\/wp-content\/uploads\/2024\/12\/449486395_454052434249143_8296658176853504262_n.webp",2048,921,false],"trp-custom-language-flag":["https:\/\/joannacholuj.pl\/wp-content\/uploads\/2024\/12\/449486395_454052434249143_8296658176853504262_n.webp",18,8,false],"illdy-blog-list":["https:\/\/joannacholuj.pl\/wp-content\/uploads\/2024\/12\/449486395_454052434249143_8296658176853504262_n-750x500.webp",750,500,true],"illdy-widget-recent-posts":["https:\/\/joannacholuj.pl\/wp-content\/uploads\/2024\/12\/449486395_454052434249143_8296658176853504262_n-70x70.webp",70,70,true],"illdy-blog-post-related-articles":["https:\/\/joannacholuj.pl\/wp-content\/uploads\/2024\/12\/449486395_454052434249143_8296658176853504262_n-240x206.webp",240,206,true],"illdy-front-page-latest-news":["https:\/\/joannacholuj.pl\/wp-content\/uploads\/2024\/12\/449486395_454052434249143_8296658176853504262_n-250x213.webp",250,213,true],"illdy-front-page-testimonials":["https:\/\/joannacholuj.pl\/wp-content\/uploads\/2024\/12\/449486395_454052434249143_8296658176853504262_n-127x127.webp",127,127,true],"illdy-front-page-projects":["https:\/\/joannacholuj.pl\/wp-content\/uploads\/2024\/12\/449486395_454052434249143_8296658176853504262_n-476x476.webp",476,476,true],"illdy-front-page-person":["https:\/\/joannacholuj.pl\/wp-content\/uploads\/2024\/12\/449486395_454052434249143_8296658176853504262_n-125x125.webp",125,125,true]},"uagb_author_info":{"display_name":"Joanna Choluj","author_link":"https:\/\/joannacholuj.pl\/en\/blog\/author\/joannacholuj\/"},"uagb_comment_info":0,"uagb_excerpt":"MISTYCZNA WYPRAWA DO PERU TO NAJG\u0141\u0118BSZE SPOTKANIE Z SAMYM SOB\u0104 I PRZEKROCZENIE SWOJEGO MATRIXA DZI\u0118KI TECHNIKOM WIED\u0179MI\u0143SKIM I SZAMA\u0143SKIM, W [&hellip;]","_links":{"self":[{"href":"https:\/\/joannacholuj.pl\/en\/wp-json\/wp\/v2\/pages\/11980"}],"collection":[{"href":"https:\/\/joannacholuj.pl\/en\/wp-json\/wp\/v2\/pages"}],"about":[{"href":"https:\/\/joannacholuj.pl\/en\/wp-json\/wp\/v2\/types\/page"}],"author":[{"embeddable":true,"href":"https:\/\/joannacholuj.pl\/en\/wp-json\/wp\/v2\/users\/2"}],"replies":[{"embeddable":true,"href":"https:\/\/joannacholuj.pl\/en\/wp-json\/wp\/v2\/comments?post=11980"}],"version-history":[{"count":43,"href":"https:\/\/joannacholuj.pl\/en\/wp-json\/wp\/v2\/pages\/11980\/revisions"}],"predecessor-version":[{"id":14178,"href":"https:\/\/joannacholuj.pl\/en\/wp-json\/wp\/v2\/pages\/11980\/revisions\/14178"}],"wp:featuredmedia":[{"embeddable":true,"href":"https:\/\/joannacholuj.pl\/en\/wp-json\/wp\/v2\/media\/13365"}],"wp:attachment":[{"href":"https:\/\/joannacholuj.pl\/en\/wp-json\/wp\/v2\/media?parent=11980"}],"curies":[{"name":"wp","href":"https:\/\/api.w.org\/{rel}","templated":true}]}}