{"id":11968,"date":"2024-07-22T21:42:44","date_gmt":"2024-07-22T19:42:44","guid":{"rendered":"http:\/\/joannacholuj.pl\/?page_id=11968"},"modified":"2025-09-02T02:47:02","modified_gmt":"2025-09-02T00:47:02","slug":"akademia-viedm-szam","status":"publish","type":"page","link":"https:\/\/joannacholuj.pl\/en\/akademia-viedm-szam\/","title":{"rendered":"Academy of GAIOSOFIA (Shamanic - Vedic)"},"content":{"rendered":"<h2 class=\"wp-block-heading has-text-align-center\"><a href=\"https:\/\/sklep.joannacholuj.pl\/product-category\/akademia-szamanska\/\">BUY<\/a><\/h2>\n\n\n\n<div class=\"wp-block-uagb-advanced-heading uagb-block-231c0251\"><\/div>\n\n\n<p style=\"text-align: center;\"><strong>Academy of Gaiosofia<\/strong><\/p>\n<p style=\"text-align: center;\">THREE-YEAR COURSES\u00a0<\/p>\n<p>It is an academy that teaches how to combine the universal wisdom of the entire Earth within the perspective of the Universe.<\/p>\n<hr \/>\n<p style=\"text-align: center;\"><strong>DETAILS<\/strong><\/p>\n<p><strong>Course 1 \u2013 YOUR FULL FEMININITY\u00a0<\/strong><\/p>\n<p>This course will help you return to the fullness of your mystical femininity, take care of yourself, and find the right partner or mend your relationship.<\/p>\n<p><a href=\"https:\/\/sklep.joannacholuj.pl\/product\/akademia-szamansko-wiedzminska-kurs-pierwszy\/\">BUY<\/a><\/p>\n<hr \/>\n<p><strong>course two \u2013  (FOR WOMEN AND MEN) <\/strong><strong>VIEDMIC AND SHAMANIC SUPPORT FOR THOSE WHO HAVE FALLEN OUT OF THE SYSTEM \u2013 personal rites of passage<\/strong><\/p>\n<p>This course is for those who are mature shamans, viedmins, and viedmas (wise people) and would like to understand how to combine shamanism and witchcraft in practice, deeply explore these philosophies and practices, and offer people their personal life metamorphosis by creating holistic analyses of their personal matrix, consultations, and transformational sessions.<\/p>\n<p>THE IDEA IS TO USE THE VARIOUS PATHS OF ANCIENT KNOWLEDGE, TO USE THEM BUT NOT TO BE LIMITED BY THEM, AND TO OFFER PEOPLE IN NEED OF HELP A HOLISTIC PERSPECTIVE AND THE OPPORTUNITY TO FIND THEMSELVES, NOT A GURU!\u00a0<\/p>\n<p><a href=\"https:\/\/sklep.joannacholuj.pl\/product\/akademia-szamansko-wiedzminska-kurs-trzeci\/\">BUY<\/a><\/p>\n<hr \/>\n<p><strong>third course -<\/strong><\/p>\n<p><strong>for ADULTS INDIGO and for PARENTS OF INDIGO AND CRYSTAL CHILDREN<\/strong><\/p>\n<p>\u201c<em>Have you ever wondered what this world is about? Have you heard the terms matrix, alternative, indigo multiple times and felt that somehow it concerns you, but you don't quite understand HOW?<\/em><\/p>\n<p><em>Have your personality disorders been diagnosed? Have you been recognized as having ADHD? An autistic? Or maybe it is your child who is struggling with these issues...<\/em><\/p>\n<p><em>You are in the right place to finally get answers and bring meaning to your life, as well as to solve your most serious personal issues or those concerning your child.<\/em><\/p>\n<p><em>This course is for those who want to solve the above-mentioned and other life problems.<\/em><\/p>\n<p><em>This is for people with alternative views and completely classical ones.<\/em><\/p>\n<p><em>Maybe YOU ARE JUST LOOKING FOR ANSWERS...<\/em><\/p>\n<p><em>WE HAVE THEM<\/em><\/p>\n<p><em>REALLY.<\/em><\/p>\n<p>Authors and hosts,<\/p>\n<p>Joanna Cho\u0142uj (an educator, linguist, long-time teacher of other people's children, including autistic and asocial ones, mother of her own indigo\/crystal children whom she has healed herself)\u00a0<a href=\"https:\/\/joannacholuj.pl\/en\/o-mnie\/\">more about her<\/a><\/p>\n<p>Agnieszka Zaroty\u0144ska (holistic psychologist, alternative educator, polyglot, and mother of indigo\/crystal children whom she cured herself),\u00a0<a href=\"https:\/\/joannacholuj.pl\/en\/agnieszka-zarotynska\/\">more about her\u00a0<\/a><\/p>\n<p>\u2014\u2014\u2014\u2013<\/p>\n<p>the course is annual and includes:<\/p>\n<p>webinars to watch online<\/p>\n<p>\u2013 live webinars once a week<\/p>\n<p>\u2013 meetings in a group with the course authors once a week<\/p>\n<p>\u2013 individual meetings \u2013 individually arranged schedule<\/p>\n<p>\u2013 an individually established action plan and search for solutions, holistic analysis by Joanna Cho\u0142uj, as well as astrological-psychological analysis by Agnieszka Zaroty\u0144ska, and the possibility of individually conducted work outside the course with one of the instructors.<\/p>\n<hr \/>\n<p>course content:<\/p>\n<p>Course topics addressed in various ways during online webinars and in circles\/discussion groups<\/p>\n<p>Who are indigo and crystal children, what is their physical-spiritual constitution and mission in the world?<\/p>\n<p>What is happening to the world, what is the divine matrix and the artificial matrix?<\/p>\n<p>3 history of the cosmos in brief<\/p>\n<p>4 who is god \/ goddess \/ source<\/p>\n<p>5 awareness and raising awareness<\/p>\n<p>6 who I am, my matrix, my origin, my mission and incarnation<\/p>\n<p>7 how to help yourself, how to live in harmony, have a good life, how to maintain love, joy, and so-called high vibrations<\/p>\n<p>8 who is my child, stages of development and child psychology, a spiritual perspective<\/p>\n<p>9 what kind of parent I am (for the childless \u2013 what kind of parents I had), how to raise and educate a child, how to help a child with learning, how to heal a child<\/p>\n<p>10 what is illness, how to restore health to oneself and children, what destroys us and what supports us, what is real and what is not real in this world \u2013 about stereotypes and illusions<\/p>\n<p><a href=\"https:\/\/sklep.joannacholuj.pl\/product\/akademia-szamansko-wiedzminska-kurs-drugi\/\">BUY<\/a><\/p>\n\n\n<h2 class=\"wp-block-heading has-text-align-center\"><a href=\"https:\/\/sklep.joannacholuj.pl\/product-category\/akademia-szamanska\/\">BUY<\/a><\/h2>\n\n\n<div class=\"wp-block-image\">\n<figure class=\"aligncenter size-full\"><img loading=\"lazy\" decoding=\"async\" width=\"325\" height=\"650\" src=\"http:\/\/joannacholuj.pl\/wp-content\/uploads\/2024\/12\/20211017_131857.jpg\" alt=\"\" class=\"wp-image-13280\" srcset=\"https:\/\/joannacholuj.pl\/wp-content\/uploads\/2024\/12\/20211017_131857.jpg 325w, https:\/\/joannacholuj.pl\/wp-content\/uploads\/2024\/12\/20211017_131857-150x300.jpg 150w\" sizes=\"(max-width: 325px) 100vw, 325px\" \/><\/figure><\/div>\n\n\n<figure class=\"wp-block-embed is-type-video is-provider-youtube wp-block-embed-youtube wp-embed-aspect-16-9 wp-has-aspect-ratio\"><div class=\"wp-block-embed__wrapper\">\n<iframe loading=\"lazy\" title=\"akademia szamansko wied\u017ami\u0144ska. shamanic Vedic academy\" width=\"540\" height=\"960\" src=\"https:\/\/www.youtube.com\/embed\/aUNKHDxSRVo?feature=oembed\" frameborder=\"0\" allow=\"accelerometer; autoplay; clipboard-write; encrypted-media; gyroscope; picture-in-picture; web-share\" referrerpolicy=\"strict-origin-when-cross-origin\" allowfullscreen><\/iframe>\n<\/div><\/figure>\n\n\n\n<p><\/p>","protected":false},"excerpt":{"rendered":"<p>KUP AKADEMIA GAIOSOFII TRZY ROCZNE KURSY\u00a0 To akademia, kt\u00f3ra uczy \u0142\u0105czenia m\u0105dro\u015bci uniwersalnej ca\u0142ej Ziemi w perspektywie Wszech\u015bwiata SZCZEG\u00d3\u0141Y kurs [&hellip;]<\/p>","protected":false},"author":2,"featured_media":0,"parent":0,"menu_order":0,"comment_status":"closed","ping_status":"closed","template":"","meta":{"_bbp_topic_count":0,"_bbp_reply_count":0,"_bbp_total_topic_count":0,"_bbp_total_reply_count":0,"_bbp_voice_count":0,"_bbp_anonymous_reply_count":0,"_bbp_topic_count_hidden":0,"_bbp_reply_count_hidden":0,"_bbp_forum_subforum_count":0,"_uag_custom_page_level_css":"","footnotes":""},"class_list":["post-11968","page","type-page","status-publish","hentry"],"spectra_custom_meta":{"_edit_lock":["1756774023:2"],"_edit_last":["2"],"_wp_page_template":["default"],"_oembed_ca6e4363c5470a64f3af18a8ebb5d7f8":["<iframe title=\"akademia szamansko wied\u017ami\u0144ska. shamanic Vedic academy\" width=\"540\" height=\"960\" src=\"https:\/\/www.youtube.com\/embed\/aUNKHDxSRVo?feature=oembed\" frameborder=\"0\" allow=\"accelerometer; autoplay; clipboard-write; encrypted-media; gyroscope; picture-in-picture; web-share\" referrerpolicy=\"strict-origin-when-cross-origin\" allowfullscreen><\/iframe>"],"_oembed_time_ca6e4363c5470a64f3af18a8ebb5d7f8":["1756774023"],"_uag_page_assets":["a:9:{s:3:\"css\";s:1921:\".wp-block-uagb-advanced-heading h1,.wp-block-uagb-advanced-heading h2,.wp-block-uagb-advanced-heading h3,.wp-block-uagb-advanced-heading h4,.wp-block-uagb-advanced-heading h5,.wp-block-uagb-advanced-heading h6,.wp-block-uagb-advanced-heading p,.wp-block-uagb-advanced-heading div{word-break:break-word}.wp-block-uagb-advanced-heading .uagb-heading-text{margin:0}.wp-block-uagb-advanced-heading .uagb-desc-text{margin:0}.wp-block-uagb-advanced-heading .uagb-separator{font-size:0;border-top-style:solid;display:inline-block;margin:0 0 10px 0}.wp-block-uagb-advanced-heading .uagb-highlight{color:#f78a0c;border:0;transition:all 0.3s ease}.uag-highlight-toolbar{border-left:0;border-top:0;border-bottom:0;border-radius:0;border-right-color:#1e1e1e}.uag-highlight-toolbar .components-button{border-radius:0;outline:none}.uag-highlight-toolbar .components-button.is-primary{color:#fff}\n.wp-block-uagb-advanced-heading.uagb-block-231c0251.wp-block-uagb-advanced-heading {text-align: right;}.wp-block-uagb-advanced-heading.uagb-block-231c0251.wp-block-uagb-advanced-heading .uagb-desc-text{margin-bottom: 15px;}.wp-block-uagb-advanced-heading.uagb-block-231c0251.wp-block-uagb-advanced-heading .uagb-highlight{font-style: normal;font-weight: Default;background: #007cba;color: #fff;-webkit-text-fill-color: #fff;}.wp-block-uagb-advanced-heading.uagb-block-231c0251.wp-block-uagb-advanced-heading .uagb-highlight::-moz-selection{color: #fff;background: #007cba;-webkit-text-fill-color: #fff;}.wp-block-uagb-advanced-heading.uagb-block-231c0251.wp-block-uagb-advanced-heading .uagb-highlight::selection{color: #fff;background: #007cba;-webkit-text-fill-color: #fff;}.uag-blocks-common-selector{z-index:var(--z-index-desktop) !important}@media (max-width: 976px){.uag-blocks-common-selector{z-index:var(--z-index-tablet) !important}}@media (max-width: 767px){.uag-blocks-common-selector{z-index:var(--z-index-mobile) !important}}\n\";s:2:\"js\";s:0:\"\";s:18:\"current_block_list\";a:5:{i:0;s:12:\"core\/heading\";i:1;s:21:\"uagb\/advanced-heading\";i:2;s:10:\"core\/image\";i:3;s:10:\"core\/embed\";i:4;s:14:\"core\/paragraph\";}s:8:\"uag_flag\";b:1;s:11:\"uag_version\";s:10:\"1776260823\";s:6:\"gfonts\";a:0:{}s:10:\"gfonts_url\";s:0:\"\";s:12:\"gfonts_files\";a:0:{}s:14:\"uag_faq_layout\";b:0;}"],"_uag_css_file_name":["uag-css-11968.css"]},"uagb_featured_image_src":{"full":false,"thumbnail":false,"medium":false,"medium_large":false,"large":false,"1536x1536":false,"2048x2048":false,"trp-custom-language-flag":false,"illdy-blog-list":false,"illdy-widget-recent-posts":false,"illdy-blog-post-related-articles":false,"illdy-front-page-latest-news":false,"illdy-front-page-testimonials":false,"illdy-front-page-projects":false,"illdy-front-page-person":false},"uagb_author_info":{"display_name":"Joanna Choluj","author_link":"https:\/\/joannacholuj.pl\/en\/blog\/author\/joannacholuj\/"},"uagb_comment_info":0,"uagb_excerpt":"KUP AKADEMIA GAIOSOFII TRZY ROCZNE KURSY\u00a0 To akademia, kt\u00f3ra uczy \u0142\u0105czenia m\u0105dro\u015bci uniwersalnej ca\u0142ej Ziemi w perspektywie Wszech\u015bwiata SZCZEG\u00d3\u0141Y kurs [&hellip;]","_links":{"self":[{"href":"https:\/\/joannacholuj.pl\/en\/wp-json\/wp\/v2\/pages\/11968"}],"collection":[{"href":"https:\/\/joannacholuj.pl\/en\/wp-json\/wp\/v2\/pages"}],"about":[{"href":"https:\/\/joannacholuj.pl\/en\/wp-json\/wp\/v2\/types\/page"}],"author":[{"embeddable":true,"href":"https:\/\/joannacholuj.pl\/en\/wp-json\/wp\/v2\/users\/2"}],"replies":[{"embeddable":true,"href":"https:\/\/joannacholuj.pl\/en\/wp-json\/wp\/v2\/comments?post=11968"}],"version-history":[{"count":18,"href":"https:\/\/joannacholuj.pl\/en\/wp-json\/wp\/v2\/pages\/11968\/revisions"}],"predecessor-version":[{"id":14064,"href":"https:\/\/joannacholuj.pl\/en\/wp-json\/wp\/v2\/pages\/11968\/revisions\/14064"}],"wp:attachment":[{"href":"https:\/\/joannacholuj.pl\/en\/wp-json\/wp\/v2\/media?parent=11968"}],"curies":[{"name":"wp","href":"https:\/\/api.w.org\/{rel}","templated":true}]}}