{"id":11953,"date":"2024-07-22T20:56:16","date_gmt":"2024-07-22T18:56:16","guid":{"rendered":"http:\/\/joannacholuj.pl\/?page_id=11953"},"modified":"2024-07-28T06:13:46","modified_gmt":"2024-07-28T04:13:46","slug":"madrosc","status":"publish","type":"page","link":"https:\/\/joannacholuj.pl\/en\/madrosc\/","title":{"rendered":"M\u0105dro\u015b\u0107"},"content":{"rendered":"<h3>Rodzisz si\u0119 &#8230;<\/h3>\n<h4><img loading=\"lazy\" decoding=\"async\" class=\"size-medium wp-image-11910 alignleft\" src=\"http:\/\/joannacholuj.pl\/wp-content\/uploads\/2024\/07\/401307098_10163359107350299_3007799032135888327_n-1-300x169.jpg\" alt=\"\" width=\"300\" height=\"169\" srcset=\"https:\/\/joannacholuj.pl\/wp-content\/uploads\/2024\/07\/401307098_10163359107350299_3007799032135888327_n-1-300x169.jpg 300w, https:\/\/joannacholuj.pl\/wp-content\/uploads\/2024\/07\/401307098_10163359107350299_3007799032135888327_n-1.jpg 600w\" sizes=\"(max-width: 300px) 100vw, 300px\" \/>I jeste\u015b osadzony w jakim\u015b KODZIE.<\/h4>\n<p>Nazywasz to Matrixem. To Ci\u0119 wi\u0119zi i ogranicza. Tak, ale jest to jednocze\u015bnie mapa Twojej podr\u00f3\u017cy. W dawnych czasach, w epoce Viedm i Viedmin\u00f3w, ludzi Wiedzy Vedy, starsi przekazywali Rodzicom i dziecku wiedz\u0119 o jego kodzie matrixa: o wyzwaniach, o potencja\u0142ach, o przeznaczeniu \u017cycia, o dharmie i karmie. To by\u0142 klucz do Matrixa.<\/p>\n<p>A zadaniem by\u0142o przekroczenie tych ogranicze\u0144 i wyj\u015bcie poza nie. Do wolno\u015bci.<\/p>\n<p>Jednak wkr\u00f3tce pojawi\u0142y si\u0119 religie, kt\u00f3re odsun\u0119\u0142y Viedmy i Viedmin\u00f3w, przewodnik\u00f3w \u015bwietlistych ludzko\u015bci, odsun\u0119\u0142y Filozofi\u0119 Przyrody, Prawo Naturalne, i ca\u0142\u0105 Staro\u017cytn\u0105 Wiedz\u0119, uznaj\u0105c \u017ce wol\u0105 by ludzko\u015b\u0107 tkwi\u0142a w niewiedzy. Bo tak \u0142atwiej owe owce prowadzi\u0107 tam gdzie chc\u0105 ludzie uprzywilejowani u w\u0142adzy, a nie tam, gdzie chc\u0105 ludzie nazywani owcami i baranami.<\/p>\n<p>I tak utracili\u015bmy klucze do kodu Matrixa.<\/p>\n<p>Ale dzi\u015b religie odchodz\u0105. Wa\u017cne jednak jest, by nie postawi\u0107 innych ideologii w miejsce starych religii.<\/p>\n<p>Dzi\u015b zadaniem jest przekroczy\u0107 Matrix a potem WKROCZY\u0106 NA W\u0141ASN\u0104 \u015aCIE\u017bK\u0118 ODKRYWANIA WOLNO\u015aCI I PE\u0141NI \u017bYCIA I SZCZ\u0118\u015aCIA.<\/p>\n<p>JEST TO MO\u017bLIWE.<\/p>\n<p>Trzeba zrozumie\u0107, \u017ce wielu ludzi, wtajemniczonych, \u017cyj\u0105cych na obrze\u017cach cywilizacji, albo ukrywaj\u0105cych si\u0119 w tajnych stowarzyszeniach i mistycznych bractwach religijnych &#8211; sz\u0142o t\u0105 \u015aCIE\u017bK\u0104 POZNANIA SIEBIE.<\/p>\n<p>SZLI ONI ZA SOB\u0104. I TAK I TY DZI\u015a MASZ I\u015a\u0106 ZA SOB\u0104. WEDLE SWOJEGO ROZWOJU I POWO\u0141ANIA. NIE MASZ I\u015a\u0106 ZA ZBAWC\u0104. NIE ZA GURU. NIE MASZ NAWET I\u015a\u0106 ZA SZAMANEM CZY VIEDM\u0104.<\/p>\n<p>Szaman i Viedma tylko towarzyszy na pocz\u0105tku i daje map\u0119 symboliczn\u0105 Twojej podr\u00f3\u017cy.<\/p>\n<p>Ostatecznie chodzi za\u015b o to, by zrozumie\u0107 holistycznie, \u017ce religie oddali\u0142y Ci\u0119 od Filozofii Przyrody i Szamanizmu. Oddali\u0142y Ci\u0119 od Pra-Matki, od Pra-Matrycy, od \u015awi\u0119tej Geometrii i Wibracji \u017byj\u0105cej Planety. Oddali\u0142y Ci\u0119 od Siebie jako Cz\u0119\u015bci Tej \u017byj\u0105cej wedle Prawa Naturalnego, Planety.<\/p>\n<p>WR\u00d3\u0106 DO SIEBIE.<\/p>\n<p>WR\u00d3\u0106 DO PRA-MATKI.<\/p>\n<p>Jak?<\/p>\n<p><img loading=\"lazy\" decoding=\"async\" class=\"size-medium wp-image-11754 alignleft\" src=\"http:\/\/joannacholuj.pl\/wp-content\/uploads\/2024\/07\/IMG-20221016-WA0860-225x300.jpg\" alt=\"\" width=\"225\" height=\"300\" srcset=\"https:\/\/joannacholuj.pl\/wp-content\/uploads\/2024\/07\/IMG-20221016-WA0860-225x300.jpg 225w, https:\/\/joannacholuj.pl\/wp-content\/uploads\/2024\/07\/IMG-20221016-WA0860.jpg 490w\" sizes=\"(max-width: 225px) 100vw, 225px\" \/>Szama\u0144ska Viedma poka\u017ce Ci sposoby zag\u0142\u0119bienia si\u0119 w SOBIE SAMYM, WE W\u0141ASNYM ZODIAKU OSOBISTYM KT\u00d3RY JEST ZAPISANY W TOBIE.<\/p>\n<p>Szama\u0144ska Viedma pomo\u017ce Ci zrozumie\u0107 \u017bE JESTE\u015a MIKROKOSMOSEM. W TOBIE JEST ODBICIE CA\u0141EGO MAKROKOSMOSU. WSZYSTKO CO MASZ WIEDZIE\u0106 O SENSIE \u017bYCIA, JEST W TOBIE.<\/p>\n<p>Jak na g\u00f3rze, tak na dole&#8230;<\/p>\n<p>To jest prawdziwa magia i alchemia.<\/p>\n<p>Mo\u017cesz zanurzy\u0107 si\u0119 g\u0142\u0119boko\u00a0w sobie, w Twoich archetypach i Twojej energii \u017ce\u0144skiej, oraz m\u0119skiej. B\u0119dzie to rytua\u0142 odkrywania siebie na \u015bcie\u017cce dawno temu wytyczonej przez przez szamanizm, alchemiczne i ezoteryczne stowarzyszenia tajne, przez s\u0142owia\u0144sko-scytyjsk\u0105 filozofi\u0119 przyrody, oraz \u015bwiat s\u0142owia\u0144skiej, wedyjskiej i inkaskiej mitologii.<\/p>\n<p>&nbsp;<\/p>\n<hr \/>\n<h4 style=\"text-align: center;\">Zapraszam Ci\u0119<\/h4>\n<h4 style=\"text-align: center;\">Wyrusz w drog\u0119 do SWOJEJ WEWN\u0118TRZNEJ PRZESTRZENI i do Pra-Matki.<\/h4>\n<h4 style=\"text-align: center;\">Mo\u017cesz to zrobi\u0107, bo masz dost\u0119p do swojego Serca.<\/h4>\n<hr \/>\n<p>&nbsp;<\/p>\n<h3><img loading=\"lazy\" decoding=\"async\" class=\"wp-image-11681 aligncenter\" src=\"http:\/\/joannacholuj.pl\/wp-content\/uploads\/2024\/07\/20220403_2041072-300x300.jpg\" alt=\"\" width=\"237\" height=\"237\" srcset=\"https:\/\/joannacholuj.pl\/wp-content\/uploads\/2024\/07\/20220403_2041072-300x300.jpg 300w, https:\/\/joannacholuj.pl\/wp-content\/uploads\/2024\/07\/20220403_2041072-150x150.jpg 150w, https:\/\/joannacholuj.pl\/wp-content\/uploads\/2024\/07\/20220403_2041072-70x70.jpg 70w, https:\/\/joannacholuj.pl\/wp-content\/uploads\/2024\/07\/20220403_2041072-127x127.jpg 127w, https:\/\/joannacholuj.pl\/wp-content\/uploads\/2024\/07\/20220403_2041072-476x476.jpg 476w, https:\/\/joannacholuj.pl\/wp-content\/uploads\/2024\/07\/20220403_2041072-125x125.jpg 125w, https:\/\/joannacholuj.pl\/wp-content\/uploads\/2024\/07\/20220403_2041072.jpg 653w\" sizes=\"(max-width: 237px) 100vw, 237px\" \/><\/h3>\n<h4 style=\"text-align: center;\">MAGIC AND ALCHEMY DEPTH SESSION \u2013 <span style=\"text-decoration: underline;\">FOR WOMEN\u00a0<a href=\"https:\/\/joannacholuj.pl\/en\/konsultacje-powrot-do-glebi-siebie-i-pra-matki\/\">\u00a0Przeczytaj wi\u0119cej<\/a><\/span><\/h4>\n<h3 style=\"text-align: center;\"><a href=\"https:\/\/joannacholuj.pl\/en\/kup-sesja-zaglebienia-w-magii-i-alchemii-dla-kobiet\/\">ORDER<\/a><\/h3>\n<p>&nbsp;<\/p>\n<hr \/>\n<p>&nbsp;<\/p>\n<p><img loading=\"lazy\" decoding=\"async\" class=\"wp-image-11878 aligncenter\" src=\"http:\/\/joannacholuj.pl\/wp-content\/uploads\/2024\/07\/pobierz-24.jpeg\" alt=\"\" width=\"253\" height=\"234\" \/><\/p>\n<h4 style=\"text-align: center;\">MAGIC AND ALCHEMY DEPTH SESSION \u2013 FOR MEN\u00a0<a href=\"https:\/\/joannacholuj.pl\/en\/konsultacje-powrot-do-glebi-siebie-i-pra-matki\/\">Przeczytaj wi\u0119cej<\/a><\/h4>\n<h3 style=\"text-align: center;\"><a href=\"https:\/\/joannacholuj.pl\/en\/kup-sesja-zaglebienia-w-magii-i-alchemii-dla-mezczyzn\/\">ORDER<\/a><\/h3>\n<hr \/>\n<h4><img loading=\"lazy\" decoding=\"async\" class=\"alignnone size-full wp-image-12083 aligncenter\" src=\"http:\/\/joannacholuj.pl\/wp-content\/uploads\/2024\/07\/pobierz-33.jpeg\" alt=\"\" width=\"293\" height=\"198\" \/><\/h4>\n<h4 style=\"text-align: center;\">Wyrusz w mistyczn\u0105 podr\u00f3\u017c do Prastarej Krainy Ink\u00f3w w Peru<\/h4>\n<p style=\"text-align: center;\" title=\"W celu edycji, przytrzymaj klawisz shift i kliknij element.\">Zapraszam Ci\u0119 do wsp\u00f3lnych rytua\u0142\u00f3w i misterium alchemicznego \u017be\u0144skiej Energii i aktywacji swoich czterech \u017cywio\u0142\u00f3w w Ziemi Staro\u017cytnej Peru<\/p>\n<p style=\"text-align: center;\">THIS WILL BE YOUR JOURNEY INTO YOURSELF.<a href=\"https:\/\/joannacholuj.pl\/en\/wyprawy-do-triady\/\"> Dowiedz si\u0119 wi\u0119cej<\/a><\/p>\n<p style=\"text-align: center;\"><strong>ORDER\u00a0<\/strong><\/p>","protected":false},"excerpt":{"rendered":"<p>Rodzisz si\u0119 &#8230; I jeste\u015b osadzony w jakim\u015b KODZIE. Nazywasz to Matrixem. To Ci\u0119 wi\u0119zi i ogranicza. Tak, ale jest [&hellip;]<\/p>","protected":false},"author":2,"featured_media":11949,"parent":0,"menu_order":0,"comment_status":"closed","ping_status":"closed","template":"","meta":{"_bbp_topic_count":0,"_bbp_reply_count":0,"_bbp_total_topic_count":0,"_bbp_total_reply_count":0,"_bbp_voice_count":0,"_bbp_anonymous_reply_count":0,"_bbp_topic_count_hidden":0,"_bbp_reply_count_hidden":0,"_bbp_forum_subforum_count":0,"_uag_custom_page_level_css":"","footnotes":""},"class_list":["post-11953","page","type-page","status-publish","has-post-thumbnail","hentry"],"spectra_custom_meta":{"_edit_lock":["1722139938:2"],"_edit_last":["2"],"_thumbnail_id":["11949"],"_wp_page_template":["default"],"_uag_page_assets":["a:9:{s:3:\"css\";s:0:\"\";s:2:\"js\";s:0:\"\";s:18:\"current_block_list\";a:0:{}s:8:\"uag_flag\";b:0;s:11:\"uag_version\";s:10:\"1776190721\";s:6:\"gfonts\";a:0:{}s:10:\"gfonts_url\";s:0:\"\";s:12:\"gfonts_files\";a:0:{}s:14:\"uag_faq_layout\";b:0;}"]},"uagb_featured_image_src":{"full":["https:\/\/joannacholuj.pl\/wp-content\/uploads\/2024\/07\/Screenshot_2022-07-29-18-41-15-48-1.jpg",829,653,false],"thumbnail":["https:\/\/joannacholuj.pl\/wp-content\/uploads\/2024\/07\/Screenshot_2022-07-29-18-41-15-48-1-150x150.jpg",150,150,true],"medium":["https:\/\/joannacholuj.pl\/wp-content\/uploads\/2024\/07\/Screenshot_2022-07-29-18-41-15-48-1-300x236.jpg",300,236,true],"medium_large":["https:\/\/joannacholuj.pl\/wp-content\/uploads\/2024\/07\/Screenshot_2022-07-29-18-41-15-48-1-768x605.jpg",640,504,true],"large":["https:\/\/joannacholuj.pl\/wp-content\/uploads\/2024\/07\/Screenshot_2022-07-29-18-41-15-48-1.jpg",640,504,false],"1536x1536":["https:\/\/joannacholuj.pl\/wp-content\/uploads\/2024\/07\/Screenshot_2022-07-29-18-41-15-48-1.jpg",829,653,false],"2048x2048":["https:\/\/joannacholuj.pl\/wp-content\/uploads\/2024\/07\/Screenshot_2022-07-29-18-41-15-48-1.jpg",829,653,false],"trp-custom-language-flag":["https:\/\/joannacholuj.pl\/wp-content\/uploads\/2024\/07\/Screenshot_2022-07-29-18-41-15-48-1.jpg",15,12,false],"illdy-blog-list":["https:\/\/joannacholuj.pl\/wp-content\/uploads\/2024\/07\/Screenshot_2022-07-29-18-41-15-48-1-750x500.jpg",750,500,true],"illdy-widget-recent-posts":["https:\/\/joannacholuj.pl\/wp-content\/uploads\/2024\/07\/Screenshot_2022-07-29-18-41-15-48-1-70x70.jpg",70,70,true],"illdy-blog-post-related-articles":["https:\/\/joannacholuj.pl\/wp-content\/uploads\/2024\/07\/Screenshot_2022-07-29-18-41-15-48-1-240x206.jpg",240,206,true],"illdy-front-page-latest-news":["https:\/\/joannacholuj.pl\/wp-content\/uploads\/2024\/07\/Screenshot_2022-07-29-18-41-15-48-1-250x213.jpg",250,213,true],"illdy-front-page-testimonials":["https:\/\/joannacholuj.pl\/wp-content\/uploads\/2024\/07\/Screenshot_2022-07-29-18-41-15-48-1-127x127.jpg",127,127,true],"illdy-front-page-projects":["https:\/\/joannacholuj.pl\/wp-content\/uploads\/2024\/07\/Screenshot_2022-07-29-18-41-15-48-1-476x476.jpg",476,476,true],"illdy-front-page-person":["https:\/\/joannacholuj.pl\/wp-content\/uploads\/2024\/07\/Screenshot_2022-07-29-18-41-15-48-1-125x125.jpg",125,125,true]},"uagb_author_info":{"display_name":"Joanna Choluj","author_link":"https:\/\/joannacholuj.pl\/en\/blog\/author\/joannacholuj\/"},"uagb_comment_info":0,"uagb_excerpt":"Rodzisz si\u0119 &#8230; I jeste\u015b osadzony w jakim\u015b KODZIE. Nazywasz to Matrixem. To Ci\u0119 wi\u0119zi i ogranicza. Tak, ale jest [&hellip;]","_links":{"self":[{"href":"https:\/\/joannacholuj.pl\/en\/wp-json\/wp\/v2\/pages\/11953"}],"collection":[{"href":"https:\/\/joannacholuj.pl\/en\/wp-json\/wp\/v2\/pages"}],"about":[{"href":"https:\/\/joannacholuj.pl\/en\/wp-json\/wp\/v2\/types\/page"}],"author":[{"embeddable":true,"href":"https:\/\/joannacholuj.pl\/en\/wp-json\/wp\/v2\/users\/2"}],"replies":[{"embeddable":true,"href":"https:\/\/joannacholuj.pl\/en\/wp-json\/wp\/v2\/comments?post=11953"}],"version-history":[{"count":7,"href":"https:\/\/joannacholuj.pl\/en\/wp-json\/wp\/v2\/pages\/11953\/revisions"}],"predecessor-version":[{"id":12227,"href":"https:\/\/joannacholuj.pl\/en\/wp-json\/wp\/v2\/pages\/11953\/revisions\/12227"}],"wp:featuredmedia":[{"embeddable":true,"href":"https:\/\/joannacholuj.pl\/en\/wp-json\/wp\/v2\/media\/11949"}],"wp:attachment":[{"href":"https:\/\/joannacholuj.pl\/en\/wp-json\/wp\/v2\/media?parent=11953"}],"curies":[{"name":"wp","href":"https:\/\/api.w.org\/{rel}","templated":true}]}}