{"id":11951,"date":"2024-07-22T20:51:08","date_gmt":"2024-07-22T18:51:08","guid":{"rendered":"http:\/\/joannacholuj.pl\/?page_id=11951"},"modified":"2024-07-27T07:39:02","modified_gmt":"2024-07-27T05:39:02","slug":"wiedza","status":"publish","type":"page","link":"https:\/\/joannacholuj.pl\/en\/wiedza\/","title":{"rendered":"Wiedza Staro\u017cytna"},"content":{"rendered":"<h3>Przez tysi\u0105clecia \u017cyli\u015bmy w \u015bwiecie Matrixa&#8230;<\/h3>\n<p>&#8230;wierz\u0105c, \u017ce to jakie\u015b Przeznaczenie<\/p>\n<p>jaki\u015b B\u00f3g<\/p>\n<p>jakie\u015b Kody rz\u0105dz\u0105 naszym \u017cyciem.<\/p>\n<p>Tak.<\/p>\n<h4>W pewnym sensie tak jest.<br \/>\nAle nie musimy by\u0107 nie\u015bwiadomi.<\/h4>\n<p>Mo\u017cemy pozna\u0107 nasze kody i wibracje. Mo\u017cemy zrozumie\u0107 czym s\u0105 archetypy zodiakalne, zrozumie\u0107 swoje uk\u0142ady astrologiczno-numerologiczne.<\/p>\n<h3>I MO\u017bEMY PRZEJ\u0104\u0106 KONTROL\u0118 NAD NASZYM \u017bYCIEM<\/h3>\n<p>W\u0142a\u015bnie temu s\u0142u\u017cy Astrologia oraz inne staro\u017cytne nauki, jak Numerologia, oraz te p\u00f3\u017aniejsze oparte na pierwotnych, jak wszelkie koncepcje badania w\u0142asnej osobowo\u015bci (np. : MBTI, koncepcje Junga, Human Design )<\/p>\n<p>W dawnych czasach, przed tysi\u0105cleciami, istnia\u0142a po prostu STARO\u017bYTNA WIEDZA. I nie by\u0142a ona podzielona, poszatkowana na niemal zwalczaj\u0105ce si\u0119 dzi\u015b sekcje, rodzaje i grupy (np. Astrologia tropikalna versus Astrologia Sideralna)<\/p>\n<p>Ta staro\u017cytna WIEDZA, te kody i wibracje,\u00a0 kiedy\u015b by\u0142a to wiedza jedna i \u015bwi\u0119ta.<\/p>\n<p>By\u0142a ona chroniona i przechowywana przez Viedmin\u00f3w i Viedmy, czyli ludzi Wiedzy Vedy.<\/p>\n<p>Dzi\u0119ki tej wiedzy Viedmin\u00f3w i dzi\u0119ki wysokiej \u015bwiadomo\u015bci Wsp\u00f3lnoty,\u00a0 ka\u017cdy cz\u0142owiek mia\u0142 wtedy mo\u017cliwo\u015b\u0107 w momencie swojego urodzenia otrzyma\u0107 KLUCZ DO SWOJEGO MATRIXA.<\/p>\n<p style=\"text-align: center;\"><strong>TY DZI\u015a TE\u017b MO\u017bESZ UZYSKA\u0106 TAKI KLUCZ ZAR\u00d3WNO DLA SIEBIE, JAK I DLA SWOJEGO DZIECKA.\u00a0<\/strong><\/p>\n<p style=\"text-align: center;\"><strong>ZACH\u0118CAM CI\u0118, POWR\u00d3\u0106 DO OBYCZAJ\u00d3W STARO\u017bYTNYCH CZAS\u00d3W.\u00a0<\/strong><\/p>\n<p>Ale zr\u00f3b to samodzielnie. Pos\u0142uchaj wo\u0142ania swojej Duszy i Ducha. Nie s\u0142uchaj za\u015b T\u0141UMU&#8230; nawet t\u0142umu naukowc\u00f3w&#8230;<\/p>\n<p>Wiedz bowiem, \u017ce dzi\u015b, Wiedza Staro\u017cytna, nie tylko jest podzielona na sekcje i doktryny, oraz &#8222;jedynie s\u0142uszne \u015bcie\u017cki guru&#8221; , ale i jest r\u00f3wnie\u017c\u00a0<strong>deprecjonowana i wy\u015bmiewana<\/strong> przez wi\u0119kszo\u015b\u0107 tak zwanych &#8222;autorytet\u00f3w naukowych&#8221;.<\/p>\n<p>A jednak w\u0142a\u015bnie to, co jest umniejszane i wy\u015bmiewana, bardzo cz\u0119sto okazuje si\u0119 bry\u0142\u0105 z\u0142ota przysypan\u0105 czarn\u0105 ziemi\u0105.<\/p>\n<h5>TO W\u0141A\u015aNIE ZODIAK, TO W\u0141A\u015aNIE ASTROLOGIA I NUMEROLOGIA S\u0104 KLUCZEM DO MATRIXA.<\/h5>\n<p>Wa\u017cne jest jednak, by wej\u015b\u0107 w podej\u015bcie holistyczne. \u017badna \u015bcie\u017cka nie zaoferuje Ci dzi\u015b tak wiele, jak spojrzenie Pe\u0142ni i Holizmu. Ka\u017cda z dziedzin Staro\u017cytnej Wiedzy oferuje co\u015b unikalnego, i dlatego wa\u017cne jest, by \u0142\u0105czy\u0107 punkty, \u0142\u0105czy\u0107 fragmenty w ca\u0142o\u015b\u0107.<\/p>\n<p>I WIDZIE\u0106 WSZYSTKO TO CO TRZEBA<\/p>\n<p>BY UZYSKA\u0106 WOLNO\u015a\u0106<\/p>\n<hr \/>\n<h3 style=\"text-align: center;\" title=\"W celu edycji, przytrzymaj klawisz shift i kliknij element.\">Understand the CODE of your MATRIX and then embark on a journey towards SPIRITUAL FREEDOM.<\/h3>\n<p>&nbsp;<\/p>\n<div id='gallery-1' class='gallery galleryid-11951 gallery-columns-2 gallery-size-thumbnail'><figure class='gallery-item'>\n\t\t\t<div class='gallery-icon landscape'>\n\t\t\t\t<a href='https:\/\/joannacholuj.pl\/en\/wiedza\/oip-24\/'><img loading=\"lazy\" decoding=\"async\" width=\"150\" height=\"150\" src=\"https:\/\/joannacholuj.pl\/wp-content\/uploads\/2024\/07\/OIP-24-150x150.jpeg\" class=\"attachment-thumbnail size-thumbnail\" alt=\"\" aria-describedby=\"gallery-1-11627\" srcset=\"https:\/\/joannacholuj.pl\/wp-content\/uploads\/2024\/07\/OIP-24-150x150.jpeg 150w, https:\/\/joannacholuj.pl\/wp-content\/uploads\/2024\/07\/OIP-24-70x70.jpeg 70w, https:\/\/joannacholuj.pl\/wp-content\/uploads\/2024\/07\/OIP-24-127x127.jpeg 127w, https:\/\/joannacholuj.pl\/wp-content\/uploads\/2024\/07\/OIP-24-125x125.jpeg 125w\" sizes=\"(max-width: 150px) 100vw, 150px\" \/><\/a>\n\t\t\t<\/div>\n\t\t\t\t<figcaption class='wp-caption-text gallery-caption' id='gallery-1-11627'>\n\t\t\t\tODBLOKUJ PE\u0141EN POTENCJA\u0141\n\t\t\t\t<\/figcaption><\/figure><figure class='gallery-item'>\n\t\t\t<div class='gallery-icon landscape'>\n\t\t\t\t<a href='https:\/\/joannacholuj.pl\/en\/oip-23\/'><img loading=\"lazy\" decoding=\"async\" width=\"150\" height=\"150\" src=\"https:\/\/joannacholuj.pl\/wp-content\/uploads\/2024\/07\/OIP-23-150x150.jpeg\" class=\"attachment-thumbnail size-thumbnail\" alt=\"\" aria-describedby=\"gallery-1-11628\" srcset=\"https:\/\/joannacholuj.pl\/wp-content\/uploads\/2024\/07\/OIP-23-150x150.jpeg 150w, https:\/\/joannacholuj.pl\/wp-content\/uploads\/2024\/07\/OIP-23-70x70.jpeg 70w, https:\/\/joannacholuj.pl\/wp-content\/uploads\/2024\/07\/OIP-23-127x127.jpeg 127w, https:\/\/joannacholuj.pl\/wp-content\/uploads\/2024\/07\/OIP-23-125x125.jpeg 125w, https:\/\/joannacholuj.pl\/wp-content\/uploads\/2024\/07\/OIP-23.jpeg 199w\" sizes=\"(max-width: 150px) 100vw, 150px\" \/><\/a>\n\t\t\t<\/div>\n\t\t\t\t<figcaption class='wp-caption-text gallery-caption' id='gallery-1-11628'>\n\t\t\t\tWYJD\u0179 Z MENTALNYCH WDRUK\u00d3W I OGRANICZE\u0143\n\t\t\t\t<\/figcaption><\/figure><figure class='gallery-item'>\n\t\t\t<div class='gallery-icon landscape'>\n\t\t\t\t<a href='https:\/\/joannacholuj.pl\/en\/oip-22\/'><img loading=\"lazy\" decoding=\"async\" width=\"150\" height=\"150\" src=\"https:\/\/joannacholuj.pl\/wp-content\/uploads\/2024\/07\/OIP-22-150x150.jpeg\" class=\"attachment-thumbnail size-thumbnail\" alt=\"\" aria-describedby=\"gallery-1-11629\" srcset=\"https:\/\/joannacholuj.pl\/wp-content\/uploads\/2024\/07\/OIP-22-150x150.jpeg 150w, https:\/\/joannacholuj.pl\/wp-content\/uploads\/2024\/07\/OIP-22-70x70.jpeg 70w, https:\/\/joannacholuj.pl\/wp-content\/uploads\/2024\/07\/OIP-22-127x127.jpeg 127w, https:\/\/joannacholuj.pl\/wp-content\/uploads\/2024\/07\/OIP-22-125x125.jpeg 125w\" sizes=\"(max-width: 150px) 100vw, 150px\" \/><\/a>\n\t\t\t<\/div>\n\t\t\t\t<figcaption class='wp-caption-text gallery-caption' id='gallery-1-11629'>\n\t\t\t\tOBUD\u0179 W SOBIE MOC MANIFESTACJI PRZEZ ODPOWIEDNIE MY\u015aLI I S\u0141OWA \n\t\t\t\t<\/figcaption><\/figure><figure class='gallery-item'>\n\t\t\t<div class='gallery-icon portrait'>\n\t\t\t\t<a href='https:\/\/joannacholuj.pl\/en\/pobierz-18\/'><img loading=\"lazy\" decoding=\"async\" width=\"126\" height=\"150\" src=\"https:\/\/joannacholuj.pl\/wp-content\/uploads\/2024\/07\/pobierz-18-126x150.jpeg\" class=\"attachment-thumbnail size-thumbnail\" alt=\"\" aria-describedby=\"gallery-1-11630\" \/><\/a>\n\t\t\t<\/div>\n\t\t\t\t<figcaption class='wp-caption-text gallery-caption' id='gallery-1-11630'>\n\t\t\t\tUS\u0141YSZ WO\u0141ANIE SWOJEJ DUSZY\n\t\t\t\t<\/figcaption><\/figure>\n\t\t<\/div>\n\n<p>&nbsp;<\/p>\n<hr \/>\n<div class=\"widget-title\">\n<div id='gallery-2' class='gallery galleryid-11951 gallery-columns-2 gallery-size-thumbnail'><figure class='gallery-item'>\n\t\t\t<div class='gallery-icon landscape'>\n\t\t\t\t<a href='https:\/\/joannacholuj.pl\/en\/wiedza\/supermorce\/'><img loading=\"lazy\" decoding=\"async\" width=\"150\" height=\"150\" src=\"https:\/\/joannacholuj.pl\/wp-content\/uploads\/2024\/07\/supermorce-150x150.png\" class=\"attachment-thumbnail size-thumbnail\" alt=\"\" aria-describedby=\"gallery-2-12176\" srcset=\"https:\/\/joannacholuj.pl\/wp-content\/uploads\/2024\/07\/supermorce-150x150.png 150w, https:\/\/joannacholuj.pl\/wp-content\/uploads\/2024\/07\/supermorce-70x70.png 70w, https:\/\/joannacholuj.pl\/wp-content\/uploads\/2024\/07\/supermorce-127x127.png 127w, https:\/\/joannacholuj.pl\/wp-content\/uploads\/2024\/07\/supermorce-125x125.png 125w\" sizes=\"(max-width: 150px) 100vw, 150px\" \/><\/a>\n\t\t\t<\/div>\n\t\t\t\t<figcaption class='wp-caption-text gallery-caption' id='gallery-2-12176'>\n\t\t\t\tTwoje SUPERMOCE Odblokuj swoje potencja\u0142y i talenty\n\t\t\t\t<\/figcaption><\/figure><figure class='gallery-item'>\n\t\t\t<div class='gallery-icon portrait'>\n\t\t\t\t<a href='https:\/\/joannacholuj.pl\/en\/wiedza\/praca1\/'><img loading=\"lazy\" decoding=\"async\" width=\"150\" height=\"150\" src=\"https:\/\/joannacholuj.pl\/wp-content\/uploads\/2024\/07\/praca1-150x150.png\" class=\"attachment-thumbnail size-thumbnail\" alt=\"\" aria-describedby=\"gallery-2-12175\" srcset=\"https:\/\/joannacholuj.pl\/wp-content\/uploads\/2024\/07\/praca1-150x150.png 150w, https:\/\/joannacholuj.pl\/wp-content\/uploads\/2024\/07\/praca1-70x70.png 70w, https:\/\/joannacholuj.pl\/wp-content\/uploads\/2024\/07\/praca1-211x213.png 211w, https:\/\/joannacholuj.pl\/wp-content\/uploads\/2024\/07\/praca1-127x127.png 127w, https:\/\/joannacholuj.pl\/wp-content\/uploads\/2024\/07\/praca1-125x125.png 125w\" sizes=\"(max-width: 150px) 100vw, 150px\" \/><\/a>\n\t\t\t<\/div>\n\t\t\t\t<figcaption class='wp-caption-text gallery-caption' id='gallery-2-12175'>\n\t\t\t\tTwoja PRACA Znajd\u017a to, co naprawd\u0119 wyniesie ci\u0119 poza Matrix i nada sens \u017cyciu\n\t\t\t\t<\/figcaption><\/figure><figure class='gallery-item'>\n\t\t\t<div class='gallery-icon landscape'>\n\t\t\t\t<a href='https:\/\/joannacholuj.pl\/en\/wiedza\/zrzut-ekranu-2724\/'><img loading=\"lazy\" decoding=\"async\" width=\"150\" height=\"150\" src=\"https:\/\/joannacholuj.pl\/wp-content\/uploads\/2024\/07\/Zrzut-ekranu-2724-150x150.png\" class=\"attachment-thumbnail size-thumbnail\" alt=\"\" aria-describedby=\"gallery-2-12179\" srcset=\"https:\/\/joannacholuj.pl\/wp-content\/uploads\/2024\/07\/Zrzut-ekranu-2724-150x150.png 150w, https:\/\/joannacholuj.pl\/wp-content\/uploads\/2024\/07\/Zrzut-ekranu-2724-70x70.png 70w, https:\/\/joannacholuj.pl\/wp-content\/uploads\/2024\/07\/Zrzut-ekranu-2724-127x127.png 127w, https:\/\/joannacholuj.pl\/wp-content\/uploads\/2024\/07\/Zrzut-ekranu-2724-125x125.png 125w\" sizes=\"(max-width: 150px) 100vw, 150px\" \/><\/a>\n\t\t\t<\/div>\n\t\t\t\t<figcaption class='wp-caption-text gallery-caption' id='gallery-2-12179'>\n\t\t\t\tTw\u00f3j zwi\u0105zek Znajd\u017a sw\u00f3j bli\u017aniaczy p\u0142omie\u0144. Przemie\u0144 toksyczne w zdrowe\n\t\t\t\t<\/figcaption><\/figure><figure class='gallery-item'>\n\t\t\t<div class='gallery-icon landscape'>\n\t\t\t\t<a href='https:\/\/joannacholuj.pl\/en\/wiedza\/wyzwania\/'><img loading=\"lazy\" decoding=\"async\" width=\"150\" height=\"150\" src=\"https:\/\/joannacholuj.pl\/wp-content\/uploads\/2024\/07\/wyzwania-150x150.png\" class=\"attachment-thumbnail size-thumbnail\" alt=\"\" aria-describedby=\"gallery-2-12177\" srcset=\"https:\/\/joannacholuj.pl\/wp-content\/uploads\/2024\/07\/wyzwania-150x150.png 150w, https:\/\/joannacholuj.pl\/wp-content\/uploads\/2024\/07\/wyzwania-70x70.png 70w, https:\/\/joannacholuj.pl\/wp-content\/uploads\/2024\/07\/wyzwania-127x127.png 127w, https:\/\/joannacholuj.pl\/wp-content\/uploads\/2024\/07\/wyzwania-125x125.png 125w\" sizes=\"(max-width: 150px) 100vw, 150px\" \/><\/a>\n\t\t\t<\/div>\n\t\t\t\t<figcaption class='wp-caption-text gallery-caption' id='gallery-2-12177'>\n\t\t\t\tTwoje WYZWANIA Zr\u00f3b nap\u0119d z tego co ci\u0119 rani i ogranicza\n\t\t\t\t<\/figcaption><\/figure>\n\t\t<\/div>\n\n<\/div>\n<div>\n<div class=\"textwidget\">\n<div class=\"textwidget\">\n<div class=\"textwidget\">\n<p>&nbsp;<\/p>\n<\/div>\n<\/div>\n<\/div>\n<\/div>\n<div><\/div>\n<hr \/>\n<p><a href=\"http:\/\/joannacholuj.pl\/en\/kup-analize-holistyczna\/\"><img loading=\"lazy\" decoding=\"async\" class=\"aligncenter wp-image-10599\" src=\"http:\/\/joannacholuj.pl\/wp-content\/uploads\/2023\/12\/Zrzut-ekranu-511-300x169.jpg\" alt=\"\" width=\"483\" height=\"272\" srcset=\"https:\/\/joannacholuj.pl\/wp-content\/uploads\/2023\/12\/Zrzut-ekranu-511-300x169.jpg 300w, https:\/\/joannacholuj.pl\/wp-content\/uploads\/2023\/12\/Zrzut-ekranu-511-768x432.jpg 768w, https:\/\/joannacholuj.pl\/wp-content\/uploads\/2023\/12\/Zrzut-ekranu-511-1024x576.jpg 1024w, https:\/\/joannacholuj.pl\/wp-content\/uploads\/2023\/12\/Zrzut-ekranu-511.jpg 1163w\" sizes=\"(max-width: 483px) 100vw, 483px\" \/><\/a><\/p>\n<p style=\"text-align: center;\"><span style=\"text-decoration: underline;\">FULL COMPLETE<\/span><span style=\"text-decoration: underline;\">\u00a0<\/span>ANALYSIS \nOF YOUR LIFE CODE\u00a0<a href=\"https:\/\/joannacholuj.pl\/en\/konsultacje_\/\">Dowiedz si\u0119 wi\u0119cej<\/a><\/p>\n<h4 style=\"text-align: center;\"><a href=\"http:\/\/joannacholuj.pl\/en\/kup-analize-holistyczna\/\">ORDER<\/a><\/h4>\n<hr \/>\n<p><img loading=\"lazy\" decoding=\"async\" class=\"wp-image-10595 aligncenter\" src=\"http:\/\/joannacholuj.pl\/wp-content\/uploads\/2023\/12\/Zrzut-ekranu-515-300x169.jpg\" alt=\"\" width=\"513\" height=\"289\" srcset=\"https:\/\/joannacholuj.pl\/wp-content\/uploads\/2023\/12\/Zrzut-ekranu-515-300x169.jpg 300w, https:\/\/joannacholuj.pl\/wp-content\/uploads\/2023\/12\/Zrzut-ekranu-515-768x432.jpg 768w, https:\/\/joannacholuj.pl\/wp-content\/uploads\/2023\/12\/Zrzut-ekranu-515-1024x576.jpg 1024w, https:\/\/joannacholuj.pl\/wp-content\/uploads\/2023\/12\/Zrzut-ekranu-515.jpg 1163w\" sizes=\"(max-width: 513px) 100vw, 513px\" \/><\/p>\n<p style=\"text-align: center;\">ANALIZA HOLISTYCZNA TWOJEGO \u017bYCIOWEGO KODU &#8211; OGRANICZONA WERSJA\u00a0<a href=\"https:\/\/joannacholuj.pl\/en\/konsultacje_\/\">Dowiedz si\u0119 wi\u0119cej<\/a><\/p>\n<h4 style=\"text-align: center;\"><a href=\"https:\/\/joannacholuj.pl\/en\/kup-analiza-holistyczna-twojego-zyciowego-kodu-ograniczona-wersja\/\">ORDER<\/a><\/h4>\n<hr \/>\n<h3 style=\"text-align: left;\"><img loading=\"lazy\" decoding=\"async\" class=\"wp-image-11805 aligncenter\" src=\"http:\/\/joannacholuj.pl\/wp-content\/uploads\/2024\/07\/IMG_2313donem-300x200.jpg\" alt=\"\" width=\"482\" height=\"322\" srcset=\"https:\/\/joannacholuj.pl\/wp-content\/uploads\/2024\/07\/IMG_2313donem-300x200.jpg 300w, https:\/\/joannacholuj.pl\/wp-content\/uploads\/2024\/07\/IMG_2313donem-768x512.jpg 768w, https:\/\/joannacholuj.pl\/wp-content\/uploads\/2024\/07\/IMG_2313donem-750x500.jpg 750w, https:\/\/joannacholuj.pl\/wp-content\/uploads\/2024\/07\/IMG_2313donem.jpg 960w\" sizes=\"(max-width: 482px) 100vw, 482px\" \/><\/h3>\n<p style=\"text-align: center;\"><span style=\"font-size: 16px;\">HOLISTIC ANALYSIS OF THE LIFE CODE <span style=\"text-decoration: underline;\">YOUR CHILD\u00a0<a href=\"https:\/\/joannacholuj.pl\/en\/konsultacje_\/\">Dowiedz si\u0119 wi\u0119cej<\/a><\/span><\/span><\/p>\n<h4 style=\"text-align: center;\"><a href=\"https:\/\/joannacholuj.pl\/en\/kup-analiza-holistyczna-zyciowego-kodu-twojego-dziecka\/\">ORDER<\/a><\/h4>\n<hr \/>\n<h3><img loading=\"lazy\" decoding=\"async\" class=\"wp-image-10097 aligncenter\" src=\"http:\/\/joannacholuj.pl\/wp-content\/uploads\/2023\/12\/359817094_10163033555750299_3354091893263470844_n-225x300.jpg\" alt=\"\" width=\"360\" height=\"480\" srcset=\"https:\/\/joannacholuj.pl\/wp-content\/uploads\/2023\/12\/359817094_10163033555750299_3354091893263470844_n-225x300.jpg 225w, https:\/\/joannacholuj.pl\/wp-content\/uploads\/2023\/12\/359817094_10163033555750299_3354091893263470844_n.jpg 526w\" sizes=\"(max-width: 360px) 100vw, 360px\" \/><\/h3>\n<p style=\"text-align: center;\">CONSULTATION at your disposal\u00a0<a href=\"https:\/\/joannacholuj.pl\/en\/konsultacje_\/\">Dowiedz si\u0119 wi\u0119cej<\/a><\/p>\n<h4 style=\"text-align: center;\"><a href=\"http:\/\/joannacholuj.pl\/en\/kup-konsultacje\/\">ORDER<\/a><\/h4>\n<p>&nbsp;<\/p>","protected":false},"excerpt":{"rendered":"<p>Przez tysi\u0105clecia \u017cyli\u015bmy w \u015bwiecie Matrixa&#8230; &#8230;wierz\u0105c, \u017ce to jakie\u015b Przeznaczenie jaki\u015b B\u00f3g jakie\u015b Kody rz\u0105dz\u0105 naszym \u017cyciem. Tak. W [&hellip;]<\/p>","protected":false},"author":2,"featured_media":11682,"parent":0,"menu_order":0,"comment_status":"closed","ping_status":"closed","template":"","meta":{"_bbp_topic_count":0,"_bbp_reply_count":0,"_bbp_total_topic_count":0,"_bbp_total_reply_count":0,"_bbp_voice_count":0,"_bbp_anonymous_reply_count":0,"_bbp_topic_count_hidden":0,"_bbp_reply_count_hidden":0,"_bbp_forum_subforum_count":0,"_uag_custom_page_level_css":"","footnotes":""},"class_list":["post-11951","page","type-page","status-publish","has-post-thumbnail","hentry"],"spectra_custom_meta":{"_edit_lock":["1722058615:2"],"_edit_last":["2"],"_wp_page_template":["default"],"_thumbnail_id":["11682"],"_uag_page_assets":["a:9:{s:3:\"css\";s:0:\"\";s:2:\"js\";s:0:\"\";s:18:\"current_block_list\";a:0:{}s:8:\"uag_flag\";b:0;s:11:\"uag_version\";s:10:\"1776190721\";s:6:\"gfonts\";a:0:{}s:10:\"gfonts_url\";s:0:\"\";s:12:\"gfonts_files\";a:0:{}s:14:\"uag_faq_layout\";b:0;}"]},"uagb_featured_image_src":{"full":["https:\/\/joannacholuj.pl\/wp-content\/uploads\/2024\/07\/DVC00890.jpg",720,540,false],"thumbnail":["https:\/\/joannacholuj.pl\/wp-content\/uploads\/2024\/07\/DVC00890-150x150.jpg",150,150,true],"medium":["https:\/\/joannacholuj.pl\/wp-content\/uploads\/2024\/07\/DVC00890-300x225.jpg",300,225,true],"medium_large":["https:\/\/joannacholuj.pl\/wp-content\/uploads\/2024\/07\/DVC00890.jpg",640,480,false],"large":["https:\/\/joannacholuj.pl\/wp-content\/uploads\/2024\/07\/DVC00890.jpg",640,480,false],"1536x1536":["https:\/\/joannacholuj.pl\/wp-content\/uploads\/2024\/07\/DVC00890.jpg",720,540,false],"2048x2048":["https:\/\/joannacholuj.pl\/wp-content\/uploads\/2024\/07\/DVC00890.jpg",720,540,false],"trp-custom-language-flag":["https:\/\/joannacholuj.pl\/wp-content\/uploads\/2024\/07\/DVC00890.jpg",16,12,false],"illdy-blog-list":["https:\/\/joannacholuj.pl\/wp-content\/uploads\/2024\/07\/DVC00890-720x500.jpg",720,500,true],"illdy-widget-recent-posts":["https:\/\/joannacholuj.pl\/wp-content\/uploads\/2024\/07\/DVC00890-70x70.jpg",70,70,true],"illdy-blog-post-related-articles":["https:\/\/joannacholuj.pl\/wp-content\/uploads\/2024\/07\/DVC00890-240x206.jpg",240,206,true],"illdy-front-page-latest-news":["https:\/\/joannacholuj.pl\/wp-content\/uploads\/2024\/07\/DVC00890-250x213.jpg",250,213,true],"illdy-front-page-testimonials":["https:\/\/joannacholuj.pl\/wp-content\/uploads\/2024\/07\/DVC00890-127x127.jpg",127,127,true],"illdy-front-page-projects":["https:\/\/joannacholuj.pl\/wp-content\/uploads\/2024\/07\/DVC00890-476x476.jpg",476,476,true],"illdy-front-page-person":["https:\/\/joannacholuj.pl\/wp-content\/uploads\/2024\/07\/DVC00890-125x125.jpg",125,125,true]},"uagb_author_info":{"display_name":"Joanna Choluj","author_link":"https:\/\/joannacholuj.pl\/en\/blog\/author\/joannacholuj\/"},"uagb_comment_info":0,"uagb_excerpt":"Przez tysi\u0105clecia \u017cyli\u015bmy w \u015bwiecie Matrixa&#8230; &#8230;wierz\u0105c, \u017ce to jakie\u015b Przeznaczenie jaki\u015b B\u00f3g jakie\u015b Kody rz\u0105dz\u0105 naszym \u017cyciem. Tak. W [&hellip;]","_links":{"self":[{"href":"https:\/\/joannacholuj.pl\/en\/wp-json\/wp\/v2\/pages\/11951"}],"collection":[{"href":"https:\/\/joannacholuj.pl\/en\/wp-json\/wp\/v2\/pages"}],"about":[{"href":"https:\/\/joannacholuj.pl\/en\/wp-json\/wp\/v2\/types\/page"}],"author":[{"embeddable":true,"href":"https:\/\/joannacholuj.pl\/en\/wp-json\/wp\/v2\/users\/2"}],"replies":[{"embeddable":true,"href":"https:\/\/joannacholuj.pl\/en\/wp-json\/wp\/v2\/comments?post=11951"}],"version-history":[{"count":9,"href":"https:\/\/joannacholuj.pl\/en\/wp-json\/wp\/v2\/pages\/11951\/revisions"}],"predecessor-version":[{"id":12180,"href":"https:\/\/joannacholuj.pl\/en\/wp-json\/wp\/v2\/pages\/11951\/revisions\/12180"}],"wp:featuredmedia":[{"embeddable":true,"href":"https:\/\/joannacholuj.pl\/en\/wp-json\/wp\/v2\/media\/11682"}],"wp:attachment":[{"href":"https:\/\/joannacholuj.pl\/en\/wp-json\/wp\/v2\/media?parent=11951"}],"curies":[{"name":"wp","href":"https:\/\/api.w.org\/{rel}","templated":true}]}}