{"id":11859,"date":"2024-07-21T21:44:04","date_gmt":"2024-07-21T19:44:04","guid":{"rendered":"http:\/\/joannacholuj.pl\/?page_id=11859"},"modified":"2026-03-16T23:49:39","modified_gmt":"2026-03-16T22:49:39","slug":"ksiazki-dzial-i","status":"publish","type":"page","link":"https:\/\/joannacholuj.pl\/en\/ksiazki-dzial-i\/","title":{"rendered":"HISTORIA \u015bwiat\u00f3w Dzia\u0142 I"},"content":{"rendered":"<p>ONLY BOOKS WITH PRESENTED COVERS ARE AVAILABLE FOR PURCHASE.<\/p>\n<p style=\"text-align: left;\">CLICK ON THE COVER TO READ THE DESCRIPTION<\/p>\n<h3 style=\"text-align: center;\"><span style=\"color: #800000;\"><span style=\"font-size: large;\"><strong>HISTORIA \u015bwiat\u00f3w &#8211;\u00a0 DZIA\u0141 I<\/strong><\/span><\/span><\/h3>\n<p align=\"left\">\u00a0<\/p>\n\n\n<ol class=\"wp-block-list\">\n<li>Mitologia i archetypy &#8211; powstanie i rola<\/li>\n\n\n\n<li>Historia polityczno-spo\u0142eczna matrixa<\/li>\n\n\n\n<li>\u015awiat organiczny &#8211; historia galaktyk &#8211; linia \u015brodkowa<\/li>\n\n\n\n<li>\u015awiat organiczny  &#8211; historia galaktyk linia prawa<\/li>\n\n\n\n<li>\u015awiat organiczny &#8211; historia galaktyk linia lewa<\/li>\n\n\n\n<li>\u015awiat organiczny &#8211; analiza upadku i odrodzenia<\/li>\n\n\n\n<li>Por\u00f3wnanie \u015bwiat\u00f3w organicznych: Gaja Tartaria Lemuria Argenta i Atlantyda<\/li>\n\n\n\n<li>\u015awiat organiczny &#8211; pocz\u0105tek i pierwsze istoty<\/li>\n\n\n\n<li>Mitologie cywilizacji matrixa w por\u00f3wnaniu (grecka, rzymska, celtycka, inkaska, aztecka, maja\u0144ska, hinduska, chi\u0144ska, sumeryjska, arabska, \u017cydowska)<\/li>\n\n\n\n<li><strong>Comparative Slavic mythology<\/strong> <strong>and vedic<\/strong> AVAILABLE FOR PURCHASE<\/li>\n<\/ol>\n\n\n<div id='gallery-1' class='gallery galleryid-11859 gallery-columns-1 gallery-size-medium'><figure class='gallery-item'>\n\t\t\t<div class='gallery-icon portrait'>\n\t\t\t\t<a href='https:\/\/joannacholuj.pl\/en\/mojeksiazki\/okladka-001_i-mitologia-face-obw\/'><img loading=\"lazy\" decoding=\"async\" width=\"214\" height=\"300\" src=\"https:\/\/joannacholuj.pl\/wp-content\/uploads\/2024\/10\/okladka-001_I-MITOLOGIA-face-obw-214x300.jpg\" class=\"attachment-medium size-medium\" alt=\"\" aria-describedby=\"gallery-1-13154\" srcset=\"https:\/\/joannacholuj.pl\/wp-content\/uploads\/2024\/10\/okladka-001_I-MITOLOGIA-face-obw-214x300.jpg 214w, https:\/\/joannacholuj.pl\/wp-content\/uploads\/2024\/10\/okladka-001_I-MITOLOGIA-face-obw.jpg 595w\" sizes=\"(max-width: 214px) 100vw, 214px\" \/><\/a>\n\t\t\t<\/div>\n\t\t\t\t<figcaption class='wp-caption-text gallery-caption' id='gallery-1-13154'>\n\t\t\t\tBUY\n\t\t\t\t<\/figcaption><\/figure>\n\t\t<\/div>\n\n<h3 style=\"text-align: center;\" align=\"left\">\u00a0<\/h3>\n<hr \/>\n<p style=\"text-align: center;\" align=\"left\">WATCH THE VIDEO DESCRIBING THE BOOK\u00a0<strong>Comparative Mythology of the Vedic and Slavic<\/strong><\/p>\n<p align=\"left\"><iframe loading=\"lazy\" title=\"YouTube video player\" src=\"https:\/\/www.youtube.com\/embed\/8YujTDF0ojc\" width=\"560\" height=\"315\" frameborder=\"0\" allowfullscreen=\"allowfullscreen\" data-mce-fragment=\"1\"><\/iframe><\/p>\n<p align=\"left\">Czes\u0142aw Bia\u0142czy\u0144ski, the creator of 'Slavic Myths', writes about my 'Comparative Slavic and Vedic Mythology'; <a href=\"https:\/\/bialczynski.pl\/2022\/01\/26\/joanna-choluj-mitologia-porownawcza-slowianska-i-wedyjska\/\">CLICK HERE TO READ A FRAGMENT<\/a><\/p>\n<p align=\"left\"><a href=\"https:\/\/bialczynski.pl\/2022\/01\/26\/joanna-choluj-mitologia-porownawcza-slowianska-i-wedyjska\/\"><img loading=\"lazy\" decoding=\"async\" class=\"alignnone wp-image-10617 size-large\" src=\"http:\/\/joannacholuj.pl\/wp-content\/uploads\/2023\/12\/Zrzut-ekranu-1363-1024x521.png\" alt=\"\" width=\"640\" height=\"326\" srcset=\"https:\/\/joannacholuj.pl\/wp-content\/uploads\/2023\/12\/Zrzut-ekranu-1363-1024x521.png 1024w, https:\/\/joannacholuj.pl\/wp-content\/uploads\/2023\/12\/Zrzut-ekranu-1363-300x153.png 300w, https:\/\/joannacholuj.pl\/wp-content\/uploads\/2023\/12\/Zrzut-ekranu-1363-768x391.png 768w, https:\/\/joannacholuj.pl\/wp-content\/uploads\/2023\/12\/Zrzut-ekranu-1363.png 1356w\" sizes=\"(max-width: 640px) 100vw, 640px\" \/><\/a><\/p>\n<p style=\"text-align: center;\" align=\"left\">\u00a0<\/p>","protected":false},"excerpt":{"rendered":"<p>DOST\u0118PNE DO KUPIENIA S\u0104 TYLKO KSI\u0104\u017bKI, KT\u00d3RE MAJ\u0104 ZAPREZENTOWANE OK\u0141ADKI. KLIKNIJ NA OK\u0141ADK\u0118, BY PRZECZYTA\u0106 OPIS HISTORIA \u015bwiat\u00f3w &#8211;\u00a0 DZIA\u0141 [&hellip;]<\/p>","protected":false},"author":2,"featured_media":11883,"parent":0,"menu_order":0,"comment_status":"closed","ping_status":"closed","template":"","meta":{"_bbp_topic_count":0,"_bbp_reply_count":0,"_bbp_total_topic_count":0,"_bbp_total_reply_count":0,"_bbp_voice_count":0,"_bbp_anonymous_reply_count":0,"_bbp_topic_count_hidden":0,"_bbp_reply_count_hidden":0,"_bbp_forum_subforum_count":0,"_uag_custom_page_level_css":"","footnotes":""},"class_list":["post-11859","page","type-page","status-publish","has-post-thumbnail","hentry"],"spectra_custom_meta":{"_edit_lock":["1773701380:2"],"_edit_last":["2"],"_wp_page_template":["default"],"_thumbnail_id":["11883"],"_uag_page_assets":["a:9:{s:3:\"css\";s:263:\".uag-blocks-common-selector{z-index:var(--z-index-desktop) !important}@media (max-width: 976px){.uag-blocks-common-selector{z-index:var(--z-index-tablet) !important}}@media (max-width: 767px){.uag-blocks-common-selector{z-index:var(--z-index-mobile) !important}}\n\";s:2:\"js\";s:0:\"\";s:18:\"current_block_list\";a:2:{i:0;s:9:\"core\/list\";i:1;s:14:\"core\/list-item\";}s:8:\"uag_flag\";b:0;s:11:\"uag_version\";s:10:\"1775454065\";s:6:\"gfonts\";a:0:{}s:10:\"gfonts_url\";s:0:\"\";s:12:\"gfonts_files\";a:0:{}s:14:\"uag_faq_layout\";b:0;}"],"_uag_css_file_name":["uag-css-11859.css"]},"uagb_featured_image_src":{"full":["https:\/\/joannacholuj.pl\/wp-content\/uploads\/2024\/07\/R-5.jpeg",1024,1536,false],"thumbnail":["https:\/\/joannacholuj.pl\/wp-content\/uploads\/2024\/07\/R-5-150x150.jpeg",150,150,true],"medium":["https:\/\/joannacholuj.pl\/wp-content\/uploads\/2024\/07\/R-5-200x300.jpeg",200,300,true],"medium_large":["https:\/\/joannacholuj.pl\/wp-content\/uploads\/2024\/07\/R-5-768x1152.jpeg",640,960,true],"large":["https:\/\/joannacholuj.pl\/wp-content\/uploads\/2024\/07\/R-5-683x1024.jpeg",640,960,true],"1536x1536":["https:\/\/joannacholuj.pl\/wp-content\/uploads\/2024\/07\/R-5.jpeg",1024,1536,false],"2048x2048":["https:\/\/joannacholuj.pl\/wp-content\/uploads\/2024\/07\/R-5.jpeg",1024,1536,false],"trp-custom-language-flag":["https:\/\/joannacholuj.pl\/wp-content\/uploads\/2024\/07\/R-5.jpeg",8,12,false],"illdy-blog-list":["https:\/\/joannacholuj.pl\/wp-content\/uploads\/2024\/07\/R-5-750x500.jpeg",750,500,true],"illdy-widget-recent-posts":["https:\/\/joannacholuj.pl\/wp-content\/uploads\/2024\/07\/R-5-70x70.jpeg",70,70,true],"illdy-blog-post-related-articles":["https:\/\/joannacholuj.pl\/wp-content\/uploads\/2024\/07\/R-5-240x206.jpeg",240,206,true],"illdy-front-page-latest-news":["https:\/\/joannacholuj.pl\/wp-content\/uploads\/2024\/07\/R-5-250x213.jpeg",250,213,true],"illdy-front-page-testimonials":["https:\/\/joannacholuj.pl\/wp-content\/uploads\/2024\/07\/R-5-127x127.jpeg",127,127,true],"illdy-front-page-projects":["https:\/\/joannacholuj.pl\/wp-content\/uploads\/2024\/07\/R-5-476x476.jpeg",476,476,true],"illdy-front-page-person":["https:\/\/joannacholuj.pl\/wp-content\/uploads\/2024\/07\/R-5-125x125.jpeg",125,125,true]},"uagb_author_info":{"display_name":"Joanna Choluj","author_link":"https:\/\/joannacholuj.pl\/en\/blog\/author\/joannacholuj\/"},"uagb_comment_info":0,"uagb_excerpt":"DOST\u0118PNE DO KUPIENIA S\u0104 TYLKO KSI\u0104\u017bKI, KT\u00d3RE MAJ\u0104 ZAPREZENTOWANE OK\u0141ADKI. KLIKNIJ NA OK\u0141ADK\u0118, BY PRZECZYTA\u0106 OPIS HISTORIA \u015bwiat\u00f3w &#8211;\u00a0 DZIA\u0141 [&hellip;]","_links":{"self":[{"href":"https:\/\/joannacholuj.pl\/en\/wp-json\/wp\/v2\/pages\/11859"}],"collection":[{"href":"https:\/\/joannacholuj.pl\/en\/wp-json\/wp\/v2\/pages"}],"about":[{"href":"https:\/\/joannacholuj.pl\/en\/wp-json\/wp\/v2\/types\/page"}],"author":[{"embeddable":true,"href":"https:\/\/joannacholuj.pl\/en\/wp-json\/wp\/v2\/users\/2"}],"replies":[{"embeddable":true,"href":"https:\/\/joannacholuj.pl\/en\/wp-json\/wp\/v2\/comments?post=11859"}],"version-history":[{"count":15,"href":"https:\/\/joannacholuj.pl\/en\/wp-json\/wp\/v2\/pages\/11859\/revisions"}],"predecessor-version":[{"id":14542,"href":"https:\/\/joannacholuj.pl\/en\/wp-json\/wp\/v2\/pages\/11859\/revisions\/14542"}],"wp:featuredmedia":[{"embeddable":true,"href":"https:\/\/joannacholuj.pl\/en\/wp-json\/wp\/v2\/media\/11883"}],"wp:attachment":[{"href":"https:\/\/joannacholuj.pl\/en\/wp-json\/wp\/v2\/media?parent=11859"}],"curies":[{"name":"wp","href":"https:\/\/api.w.org\/{rel}","templated":true}]}}