{"id":11839,"date":"2024-07-21T20:39:14","date_gmt":"2024-07-21T18:39:14","guid":{"rendered":"http:\/\/joannacholuj.pl\/?page_id=11839"},"modified":"2025-08-04T03:02:45","modified_gmt":"2025-08-04T01:02:45","slug":"konsultacje-powrot-do-glebi-siebie-i-pra-matki","status":"publish","type":"page","link":"https:\/\/joannacholuj.pl\/en\/konsultacje-powrot-do-glebi-siebie-i-pra-matki\/","title":{"rendered":"Transcend Your Matrix Consultations"},"content":{"rendered":"<p><\/p>\n\n\n\n<p><\/p>\n\n\n\n<p><\/p>\n\n\n\n<p>YOUR PROCESS IS AN INTERNAL HEALING OF BLOCKS AND WOUNDS FROM THE MATRIX LEVEL<\/p>\n\n\n<div class=\"wp-block-image\">\n<figure class=\"alignleft size-full is-resized\"><img loading=\"lazy\" decoding=\"async\" width=\"455\" height=\"600\" src=\"http:\/\/joannacholuj.pl\/wp-content\/uploads\/2025\/01\/admin-ajax.jpeg\" alt=\"\" class=\"wp-image-13521\" style=\"width:196px;height:auto\" srcset=\"https:\/\/joannacholuj.pl\/wp-content\/uploads\/2025\/01\/admin-ajax.jpeg 455w, https:\/\/joannacholuj.pl\/wp-content\/uploads\/2025\/01\/admin-ajax-228x300.jpeg 228w\" sizes=\"(max-width: 455px) 100vw, 455px\" \/><\/figure><\/div>\n\n\n<p>This is a series of online sessions during which we work on your problem, your life blockage. We address the mental, emotional, and physical levels. Working with blockages is based on these three levels and techniques for removing blockages, working with mind and body imprints, and using remedies from Vedic astrology and shamanism.<\/p>\n\n\n\n<p>1 and 2 Your Inner Child. Your Trauma<\/p>\n\n\n\n<p>3 and 4 Your femininity \/ Your feminine energy. Your mother. Women of the family<\/p>\n\n\n\n<p>5 and 6. Your masculinity\/Your masculine energy. Your father. The men in your family. Your work \u2013 working on the blockades<\/p>\n\n\n\n<p>7 and 8. Relationships with men\/women. Relationships. Patterns. Toxicity. Your ideal partner \u2013 working through the blocks.<\/p>\n\n\n\n<p>9 and 10. Your Family. Your Parenting \u2013 Working on Blockades<\/p>\n\n\n\n<p>11. How to stay in balance. Your energy. Your life spheres. Your daily routine.<\/p>\n\n\n\n<p>12. Finalize your plan for using remedies and personal recommendations for a good life. Your techniques for calming down, meditation, and emotional regulation.<\/p>\n\n\n\n<p>Uwaga: Dla wej\u015bcia w proces niezb\u0119dne jest wykonanie wcze\u015bniej Analizy holistycznej. Ta liczba sesji jest idealn\u0105 ilo\u015bci\u0105 sesji. <\/p>\n\n\n\n<p><strong>DURATION OF ONE MEETING<\/strong>&nbsp; : 2 h (12 meetings of 2 h = 24 h)<\/p>\n\n\n\n<p><strong>W JAKIM J\u0118ZYKU&nbsp;<\/strong>THERE ARE MEETINGS: English Polish French Spanish (choose)<\/p>\n\n\n\n<p><\/p>\n\n\n\n<h2 class=\"wp-block-heading has-text-align-center\"><a href=\"https:\/\/sklep.joannacholuj.pl\/product\/twoj-proces-seria-12-sesji-online\/\">BUY<\/a><\/h2>\n\n\n\n<p><\/p>\n\n\n\n<p><\/p>\n\n\n<h3><img loading=\"lazy\" decoding=\"async\" class=\"wp-image-11681 size-medium alignleft\" src=\"http:\/\/joannacholuj.pl\/wp-content\/uploads\/2024\/07\/20220403_2041072-300x300.jpg\" alt=\"\" width=\"300\" height=\"300\" srcset=\"https:\/\/joannacholuj.pl\/wp-content\/uploads\/2024\/07\/20220403_2041072-300x300.jpg 300w, https:\/\/joannacholuj.pl\/wp-content\/uploads\/2024\/07\/20220403_2041072-150x150.jpg 150w, https:\/\/joannacholuj.pl\/wp-content\/uploads\/2024\/07\/20220403_2041072-70x70.jpg 70w, https:\/\/joannacholuj.pl\/wp-content\/uploads\/2024\/07\/20220403_2041072-127x127.jpg 127w, https:\/\/joannacholuj.pl\/wp-content\/uploads\/2024\/07\/20220403_2041072-476x476.jpg 476w, https:\/\/joannacholuj.pl\/wp-content\/uploads\/2024\/07\/20220403_2041072-125x125.jpg 125w, https:\/\/joannacholuj.pl\/wp-content\/uploads\/2024\/07\/20220403_2041072.jpg 653w\" sizes=\"(max-width: 300px) 100vw, 300px\" \/>\u00a0MAGIC AND ALCHEMY DEPTH SESSION \u2013 <span style=\"text-decoration: underline;\">FOR WOMEN<\/span><\/h3>\n<p>This online session focuses on the realms of magic and alchemy for the feminine path in the mystery traditions of the Scythians, Ario-Slavs, and Incas, as well as the initiation shamans of Siberia and the Americas. It touches on the realms of meaning found in the ancient Vedas, Slavic texts, and folklore.<\/p>\n<p>It is this deep feminine immersion into your own alchemy and the encoded matrix of the eternal Ancestral Mother that the \"masters of this world\" and religious leaders fear. For this is what will truly allow you to transcend the MATRIX CODE and achieve liberation.<\/p>\n<p>This is a session in which we focus on you, your archetypes, and your feminine and masculine energies. We will utilize Slavic (Europe), Vedic (Asia), and Inca (Peru) mythology.<\/p>\n<p>This is an introductory session, your deep immersion in the alchemy and magic of your own feminine Soul and masculine spirit. It will open up a previously encoded world to you and show you the path of the Viedma Shaman. You can follow this path independently, using the map you receive during the session to journey to YOURSELF and to the PRIOR-MOTHER, the real and unique matrix of the Universe, which has not been and will never be subjugated or destroyed by the gods of religion. You can also join the group of Viedma Shamans who meet at gatherings to walk the Path together and support each other on this journey under my guidance.<\/p>\n<p><strong><img loading=\"lazy\" decoding=\"async\" class=\"wp-image-11884 alignright\" src=\"http:\/\/joannacholuj.pl\/wp-content\/uploads\/2024\/07\/IMG_20220729_183718-210x300.jpg\" alt=\"\" width=\"331\" height=\"473\" srcset=\"https:\/\/joannacholuj.pl\/wp-content\/uploads\/2024\/07\/IMG_20220729_183718-210x300.jpg 210w, https:\/\/joannacholuj.pl\/wp-content\/uploads\/2024\/07\/IMG_20220729_183718.jpg 458w\" sizes=\"(max-width: 331px) 100vw, 331px\" \/>During the session, we will discuss the following issues to understand where you are on your life path:<\/strong><\/p>\n<p>* Your basic element and temperament<\/p>\n<p>* Female vs. male energy within you and you as the goddess Venus (birth position)<\/p>\n<p>* How mature is your Empress and what queens accompany her (Slavic Tarot alchemy)<\/p>\n<p>* Your maturation path of Slavic goddesses (Dziewanna, Mokosz, Marzanna, \u0141ada)<\/p>\n<p>* Woman as the Tree of Life \u2013 physically, mythologically, magically, energetically<\/p>\n<p>* Your connections and support from Ancestors in your family's Tree of Life<\/p>\n<p>* Entering the shadow of the forest and Baba Yaga's hut - your rituals and your perspective on the metamorphosis of life and thinking<\/p>\n<p>* Descent into the Underworld and the Abyss. Who are you, Eurydice, Persephone, Rodjana, Kali, Spider Woman? Why do you, as a woman, have to go down there?<\/p>\n<p>* The Beginning of Your Own Path as Shaman Viedma\u2026<\/p>\n<h5><a href=\"https:\/\/joannacholuj.pl\/en\/mistyczne-peru\/\">Read more about the Path of Viedma the Shaman\u00a0<\/a><\/h5>\n<p style=\"text-align: left;\"><strong>DURATION OF THE MEETING<\/strong>\u00a0 : 3 h (180 minutes)<\/p>\n<p><strong>WHAT LANGUAGE IS THE SESSION IN?<\/strong> : English, French, Polish, Spanish (choose)<\/p>\n<p>This session is neither a holistic analysis nor a consultation on every topic, nor is it an astrological-numerological reading or a card reading.<\/p>\n<h3 style=\"text-align: left;\"><a href=\"https:\/\/sklep.joannacholuj.pl\/product\/sesja-zaglebienia-w-magii-i-alchemii-dla-kobiet\/\">BUY<\/a><\/h3>\n<h3>\u00a0<\/h3>\n<hr \/>\n<p><img loading=\"lazy\" decoding=\"async\" class=\"wp-image-11878 alignleft\" src=\"http:\/\/joannacholuj.pl\/wp-content\/uploads\/2024\/07\/pobierz-24.jpeg\" alt=\"\" width=\"339\" height=\"314\" \/><\/p>\n<h3>\u00a0MAGIC AND ALCHEMY DEPTH SESSION \u2013 FOR MEN<\/h3>\n<p>In this online session, we will immerse ourselves in the books, traditions, myths, and folklore of the Scythians, Ario-Slavs, and Incas, as well as the initiations of the shamans of Siberia and the Americas. The session will explore the meanings contained in the ancient Vedas, Slavic texts, and folklore.<\/p>\n<p>We will look at the figures of warriors, husbands and companions of women to understand what masculine energy and the role of a man in a woman's life is, especially when we are talking about a mature woman on the path of the Shaman and Viedma.<\/p>\n<p>A crucial topic will be the issue of male energy, or the archetype of the Sacred Masculine. The goal of this session will be to transcend the limitations of the Matrix and understand the secrets of the Vatican, hidden for centuries, and all official and apocryphal religious texts regarding the male figure.<\/p>\n<p><strong><img loading=\"lazy\" decoding=\"async\" class=\"wp-image-11883 alignright\" src=\"http:\/\/joannacholuj.pl\/wp-content\/uploads\/2024\/07\/R-5-200x300.jpeg\" alt=\"\" width=\"348\" height=\"522\" srcset=\"https:\/\/joannacholuj.pl\/wp-content\/uploads\/2024\/07\/R-5-200x300.jpeg 200w, https:\/\/joannacholuj.pl\/wp-content\/uploads\/2024\/07\/R-5-768x1152.jpeg 768w, https:\/\/joannacholuj.pl\/wp-content\/uploads\/2024\/07\/R-5-683x1024.jpeg 683w, https:\/\/joannacholuj.pl\/wp-content\/uploads\/2024\/07\/R-5.jpeg 1024w\" sizes=\"(max-width: 348px) 100vw, 348px\" \/>During the session, we will discuss the following issues to understand where you are on your life path:<\/strong><\/p>\n<p>* Your basic element and temperament<\/p>\n<p>* The male energy within you and the level of awakening of your female energy<\/p>\n<p>* How mature is your Emperor and which king accompanies you most often (Slavic Tarot)<\/p>\n<p>* Your path of maturation of the Slavic gods (Perun, Rod, Jari\u0142o, Lado)<\/p>\n<p>* Your connections and Ancestral support in your family's Tree of Life<\/p>\n<p>* Who are you in Baba Yaga's Hut (the myth of Hansel and Gretel) and your role alongside the woman<\/p>\n<p>* Orpheus, Veles and Hades in the Underworld and Poseidon at the bottom of the ocean (how do you find yourself there)<\/p>\n<p>* The Beginning of Your Path as a Shaman and Witcher\u2026<\/p>\n<h4><a href=\"https:\/\/joannacholuj.pl\/en\/mistyczne-peru\/\">MORE ABOUT THE PATH OF THE WITCHER SHAMAN\u00a0<\/a><\/h4>\n<p style=\"text-align: left;\"><strong>DURATION OF THE MEETING<\/strong>\u00a0 : 3 h (180 minutes)<\/p>\n<p><strong>WHAT LANGUAGE IS THE SESSION IN?<\/strong>\u00a0: English or Polish Spanish (choose)<\/p>\n<p>This session is neither a holistic analysis nor a consultation on every topic, nor is it an astrological-numerological reading or a card reading.<\/p>\n<h3 style=\"text-align: left;\"><a href=\"https:\/\/sklep.joannacholuj.pl\/product\/sesja-zaglebienia-w-magii-i-alchemii-dla-mezczyzn\/\">BUY<\/a><\/h3>\n<hr \/>\n<p><img loading=\"lazy\" decoding=\"async\" class=\"size-medium wp-image-10097 alignleft\" src=\"http:\/\/joannacholuj.pl\/wp-content\/uploads\/2023\/12\/359817094_10163033555750299_3354091893263470844_n-225x300.jpg\" alt=\"\" width=\"225\" height=\"300\" srcset=\"https:\/\/joannacholuj.pl\/wp-content\/uploads\/2023\/12\/359817094_10163033555750299_3354091893263470844_n-225x300.jpg 225w, https:\/\/joannacholuj.pl\/wp-content\/uploads\/2023\/12\/359817094_10163033555750299_3354091893263470844_n.jpg 526w\" sizes=\"(max-width: 225px) 100vw, 225px\" \/><\/p>\n<h3 style=\"text-align: left;\">CONSULTATION at your disposal<\/h3>\n<p>An online meeting during which you can ask a specific question or discuss a topic related to the realm of your Matrix Code or the codes of the universe and the Great Mother. It could also be a question about your child's situation, their problems, or choosing the right education (e.g., school or homeschooling).<\/p>\n<p>During the conversation I use my knowledge, insight and tools of ancient knowledge, but THIS IS NOT ANY OF THE HOLISTIC ANALYSIS PROPOSED ABOVE, but it may be an explanation of certain issues that arose after receiving the Analysis.<\/p>\n<p style=\"text-align: left;\"><strong>DURATION OF THE MEETING<\/strong>\u00a0 : 1 h<\/p>\n<p><strong>WHAT LANGUAGE IS THE CONSULTATION IN?<\/strong> : English, French, Polish, Spanish (choose)<\/p>\n<p>This consultation is neither a holistic analysis nor is it an astrological-numerological reading or card reading.<\/p>\n<h3><a href=\"https:\/\/sklep.joannacholuj.pl\/product\/konsultacja-do-twojej-dyspozycji\/\">BUY<\/a><\/h3>\n\n\n<p>Also check out the next stages on the Gaiosofia path: <\/p>\n\n\n\n<p><\/p>\n\n\n\n<p><a href=\"https:\/\/joannacholuj.pl\/en\/akademia-viedm-szam\/\">GAIOSOFIA'S ANNUAL SHAMANIC-WITCHER ACADEMY<\/a><\/p>\n\n\n\n<p><\/p>\n\n\n\n<p><a href=\"https:\/\/joannacholuj.pl\/en\/mistyczne-peru\/\">A MYSTICAL JOURNEY TO PERU <\/a><\/p>\n\n\n\n<p><\/p>","protected":false},"excerpt":{"rendered":"<p>TW\u00d3J PROCES &#8211; TO WEWN\u0118TRZNE ULECZENIE BLOKAD I RAN Z POZIOMU MATRIXA Jest to szereg spotka\u0144 online, w czasie kt\u00f3rych [&hellip;]<\/p>","protected":false},"author":2,"featured_media":13207,"parent":0,"menu_order":0,"comment_status":"closed","ping_status":"closed","template":"page-templates\/no-sidebar.php","meta":{"_bbp_topic_count":0,"_bbp_reply_count":0,"_bbp_total_topic_count":0,"_bbp_total_reply_count":0,"_bbp_voice_count":0,"_bbp_anonymous_reply_count":0,"_bbp_topic_count_hidden":0,"_bbp_reply_count_hidden":0,"_bbp_forum_subforum_count":0,"_uag_custom_page_level_css":"","footnotes":""},"class_list":["post-11839","page","type-page","status-publish","has-post-thumbnail","hentry"],"spectra_custom_meta":{"_edit_lock":["1754269285:2"],"_edit_last":["2"],"_wp_page_template":["page-templates\/no-sidebar.php"],"_thumbnail_id":["13207"],"_uag_page_assets":["a:9:{s:3:\"css\";s:263:\".uag-blocks-common-selector{z-index:var(--z-index-desktop) !important}@media (max-width: 976px){.uag-blocks-common-selector{z-index:var(--z-index-tablet) !important}}@media (max-width: 767px){.uag-blocks-common-selector{z-index:var(--z-index-mobile) !important}}\n\";s:2:\"js\";s:0:\"\";s:18:\"current_block_list\";a:3:{i:0;s:14:\"core\/paragraph\";i:1;s:10:\"core\/image\";i:2;s:12:\"core\/heading\";}s:8:\"uag_flag\";b:0;s:11:\"uag_version\";s:10:\"1775361163\";s:6:\"gfonts\";a:0:{}s:10:\"gfonts_url\";s:0:\"\";s:12:\"gfonts_files\";a:0:{}s:14:\"uag_faq_layout\";b:0;}"],"_uag_css_file_name":["uag-css-11839.css"]},"uagb_featured_image_src":{"full":["https:\/\/joannacholuj.pl\/wp-content\/uploads\/2024\/12\/20211122_151100-300x300-3.jpg",300,300,false],"thumbnail":["https:\/\/joannacholuj.pl\/wp-content\/uploads\/2024\/12\/20211122_151100-300x300-3-150x150.jpg",150,150,true],"medium":["https:\/\/joannacholuj.pl\/wp-content\/uploads\/2024\/12\/20211122_151100-300x300-3.jpg",300,300,false],"medium_large":["https:\/\/joannacholuj.pl\/wp-content\/uploads\/2024\/12\/20211122_151100-300x300-3.jpg",300,300,false],"large":["https:\/\/joannacholuj.pl\/wp-content\/uploads\/2024\/12\/20211122_151100-300x300-3.jpg",300,300,false],"1536x1536":["https:\/\/joannacholuj.pl\/wp-content\/uploads\/2024\/12\/20211122_151100-300x300-3.jpg",300,300,false],"2048x2048":["https:\/\/joannacholuj.pl\/wp-content\/uploads\/2024\/12\/20211122_151100-300x300-3.jpg",300,300,false],"trp-custom-language-flag":["https:\/\/joannacholuj.pl\/wp-content\/uploads\/2024\/12\/20211122_151100-300x300-3.jpg",12,12,false],"illdy-blog-list":["https:\/\/joannacholuj.pl\/wp-content\/uploads\/2024\/12\/20211122_151100-300x300-3.jpg",300,300,false],"illdy-widget-recent-posts":["https:\/\/joannacholuj.pl\/wp-content\/uploads\/2024\/12\/20211122_151100-300x300-3-70x70.jpg",70,70,true],"illdy-blog-post-related-articles":["https:\/\/joannacholuj.pl\/wp-content\/uploads\/2024\/12\/20211122_151100-300x300-3-240x206.jpg",240,206,true],"illdy-front-page-latest-news":["https:\/\/joannacholuj.pl\/wp-content\/uploads\/2024\/12\/20211122_151100-300x300-3-250x213.jpg",250,213,true],"illdy-front-page-testimonials":["https:\/\/joannacholuj.pl\/wp-content\/uploads\/2024\/12\/20211122_151100-300x300-3-127x127.jpg",127,127,true],"illdy-front-page-projects":["https:\/\/joannacholuj.pl\/wp-content\/uploads\/2024\/12\/20211122_151100-300x300-3.jpg",300,300,false],"illdy-front-page-person":["https:\/\/joannacholuj.pl\/wp-content\/uploads\/2024\/12\/20211122_151100-300x300-3-125x125.jpg",125,125,true]},"uagb_author_info":{"display_name":"Joanna Choluj","author_link":"https:\/\/joannacholuj.pl\/en\/blog\/author\/joannacholuj\/"},"uagb_comment_info":0,"uagb_excerpt":"TW\u00d3J PROCES &#8211; TO WEWN\u0118TRZNE ULECZENIE BLOKAD I RAN Z POZIOMU MATRIXA Jest to szereg spotka\u0144 online, w czasie kt\u00f3rych [&hellip;]","_links":{"self":[{"href":"https:\/\/joannacholuj.pl\/en\/wp-json\/wp\/v2\/pages\/11839"}],"collection":[{"href":"https:\/\/joannacholuj.pl\/en\/wp-json\/wp\/v2\/pages"}],"about":[{"href":"https:\/\/joannacholuj.pl\/en\/wp-json\/wp\/v2\/types\/page"}],"author":[{"embeddable":true,"href":"https:\/\/joannacholuj.pl\/en\/wp-json\/wp\/v2\/users\/2"}],"replies":[{"embeddable":true,"href":"https:\/\/joannacholuj.pl\/en\/wp-json\/wp\/v2\/comments?post=11839"}],"version-history":[{"count":30,"href":"https:\/\/joannacholuj.pl\/en\/wp-json\/wp\/v2\/pages\/11839\/revisions"}],"predecessor-version":[{"id":13992,"href":"https:\/\/joannacholuj.pl\/en\/wp-json\/wp\/v2\/pages\/11839\/revisions\/13992"}],"wp:featuredmedia":[{"embeddable":true,"href":"https:\/\/joannacholuj.pl\/en\/wp-json\/wp\/v2\/media\/13207"}],"wp:attachment":[{"href":"https:\/\/joannacholuj.pl\/en\/wp-json\/wp\/v2\/media?parent=11839"}],"curies":[{"name":"wp","href":"https:\/\/api.w.org\/{rel}","templated":true}]}}