{"id":11678,"date":"2024-07-20T05:44:37","date_gmt":"2024-07-20T03:44:37","guid":{"rendered":"http:\/\/joannacholuj.pl\/?page_id=11678"},"modified":"2025-01-12T20:14:11","modified_gmt":"2025-01-12T19:14:11","slug":"konsultacje_","status":"publish","type":"page","link":"https:\/\/joannacholuj.pl\/en\/konsultacje_\/","title":{"rendered":"Consultations \u2013 Understand Your Matrix"},"content":{"rendered":"<p><img loading=\"lazy\" decoding=\"async\" class=\"size-medium wp-image-10599 alignleft\" src=\"http:\/\/joannacholuj.pl\/wp-content\/uploads\/2023\/12\/Zrzut-ekranu-511-300x169.jpg\" alt=\"\" width=\"300\" height=\"169\" srcset=\"https:\/\/joannacholuj.pl\/wp-content\/uploads\/2023\/12\/Zrzut-ekranu-511-300x169.jpg 300w, https:\/\/joannacholuj.pl\/wp-content\/uploads\/2023\/12\/Zrzut-ekranu-511-768x432.jpg 768w, https:\/\/joannacholuj.pl\/wp-content\/uploads\/2023\/12\/Zrzut-ekranu-511-1024x576.jpg 1024w, https:\/\/joannacholuj.pl\/wp-content\/uploads\/2023\/12\/Zrzut-ekranu-511.jpg 1163w\" sizes=\"(max-width: 300px) 100vw, 300px\" \/><\/p>\n<h3 style=\"text-align: left;\"><span style=\"text-decoration: underline;\">FULL COMPLETE\u00a0<\/span>ANALYSIS \nOF YOUR LIFE CODE<\/h3>\n<p style=\"text-align: left;\">(for persons over 18 years of age)<\/p>\n<p style=\"text-align: left;\">The most comprehensive, holistic analysis of your life code, utilizing methods from tropical astrology, Vedic astrology, Pythagorean numerology, the human design system, Kabbalistic and Slavic tarot card vibrations, and Mayan horoscopes, will help you identify your underlying life energy, potential in various spheres, fundamental life archetypes, and significant blockages. This analysis is intended for adults.<\/p>\n<p style=\"text-align: left;\">TIME OF BIRTH IS NEEDED or write unknown<\/p>\n<h4 style=\"text-align: left;\"><a href=\"https:\/\/joannacholuj.pl\/en\/pelna-analiza-holistyczna\/\"><strong>READ THE DETAILED DESCRIPTION AND BUY THE ANALYSIS<\/strong><\/a><\/h4>\n<p><strong>DURATION OF RECORDING<\/strong> about 3-4 h<\/p>\n<p><strong>WHAT LANGUAGE IS THE ANALYSIS IN?<\/strong> : English Polish Spanish (choose)<\/p>\n<h3 style=\"text-align: left;\">\u00a0<\/h3>\n<hr \/>\n<h3 style=\"text-align: left;\">\u00a0<\/h3>\n<hr \/>\n<h3>\u00a0<\/h3>\n<h3 style=\"text-align: left;\"><img loading=\"lazy\" decoding=\"async\" class=\"size-medium wp-image-11805 alignleft\" src=\"http:\/\/joannacholuj.pl\/wp-content\/uploads\/2024\/07\/IMG_2313donem-300x200.jpg\" alt=\"\" width=\"300\" height=\"200\" srcset=\"https:\/\/joannacholuj.pl\/wp-content\/uploads\/2024\/07\/IMG_2313donem-300x200.jpg 300w, https:\/\/joannacholuj.pl\/wp-content\/uploads\/2024\/07\/IMG_2313donem-768x512.jpg 768w, https:\/\/joannacholuj.pl\/wp-content\/uploads\/2024\/07\/IMG_2313donem-750x500.jpg 750w, https:\/\/joannacholuj.pl\/wp-content\/uploads\/2024\/07\/IMG_2313donem.jpg 960w\" sizes=\"(max-width: 300px) 100vw, 300px\" \/><span style=\"font-size: 16px;\">HOLISTIC ANALYSIS OF THE LIFE CODE <span style=\"text-decoration: underline;\">YOUR CHILD<\/span><\/span><\/h3>\n<p style=\"text-align: left;\">This is a holistic analysis utilizing tropical and Vedic astrology, basic numerology, tarot card vibrations, a basic human design reading, and a Mayan horoscope. This analysis will help identify the child's underlying life energy, potential in various spheres, fundamental life archetypes, and significant blockages. However, the recommendations are for children; the adult will need to revisit their matrix system as an adult.<\/p>\n<p>TIME OF BIRTH NEEDED (may be approximate)<\/p>\n<h4 style=\"text-align: left;\"><strong><a href=\"http:\/\/joannacholuj.pl\/en\/analiza-dla-dziecka\/\">READ THE DETAILED DESCRIPTION AND BUY THE ANALYSIS<\/a><\/strong><\/h4>\n<p><strong>DURATION OF RECORDING<\/strong> about 3-4 h<\/p>\n<p><strong>WHAT LANGUAGE IS THE ANALYSIS IN?<\/strong> : English or Polish Spanish (choose)<\/p>\n<h3 style=\"text-align: left;\">\u00a0<\/h3>\n<h3>\u00a0<\/h3>\n<hr \/>\n<h3><img loading=\"lazy\" decoding=\"async\" class=\"size-medium wp-image-10097 alignleft\" src=\"http:\/\/joannacholuj.pl\/wp-content\/uploads\/2023\/12\/359817094_10163033555750299_3354091893263470844_n-225x300.jpg\" alt=\"\" width=\"225\" height=\"300\" srcset=\"https:\/\/joannacholuj.pl\/wp-content\/uploads\/2023\/12\/359817094_10163033555750299_3354091893263470844_n-225x300.jpg 225w, https:\/\/joannacholuj.pl\/wp-content\/uploads\/2023\/12\/359817094_10163033555750299_3354091893263470844_n.jpg 526w\" sizes=\"(max-width: 225px) 100vw, 225px\" \/><\/h3>\n<h3>\u00a0<\/h3>\n<h3 style=\"text-align: left;\">CONSULTATION at your disposal<\/h3>\n<p style=\"text-align: left;\">An online meeting during which you can ask a specific question or discuss a topic related to the realm of your Matrix Code or the codes of the universe and the Great Mother. It could also be a question about your child's situation, their problems, or choosing the right education (e.g., school or homeschooling).<\/p>\n<p style=\"text-align: left;\">During the conversation I use my knowledge, insight and tools of ancient knowledge, but THIS IS NOT ANY OF THE HOLISTIC ANALYSIS PROPOSED ABOVE, but it may be an explanation of certain issues that arose after receiving the Analysis.<\/p>\n<p style=\"text-align: left;\"><strong>DURATION OF THE MEETING<\/strong>\u00a0 : 1 h<\/p>\n<p><strong>WHAT LANGUAGE IS THE CONSULTATION IN?<\/strong> : English Polish French Spanish (choose)<\/p>\n<h3 style=\"text-align: left;\"><a href=\"https:\/\/sklep.joannacholuj.pl\/product\/konsultacja-do-twojej-dyspozycji\/\">BUY<\/a><\/h3>\n<h3>\u00a0<\/h3>\n\n\n<p><\/p>\n\n\n\n<p><\/p>","protected":false},"excerpt":{"rendered":"<p>PE\u0141NA KOMPLETNA\u00a0ANALIZA TWOJEGO KODU \u017bYCIOWEGO (dla osoby od 18 roku \u017cycia) Najpe\u0142niejsza holistyczna analiza Twojego \u017cyciowego kodu z wykorzystaniem metod [&hellip;]<\/p>","protected":false},"author":2,"featured_media":11684,"parent":0,"menu_order":0,"comment_status":"closed","ping_status":"closed","template":"","meta":{"_bbp_topic_count":0,"_bbp_reply_count":0,"_bbp_total_topic_count":0,"_bbp_total_reply_count":0,"_bbp_voice_count":0,"_bbp_anonymous_reply_count":0,"_bbp_topic_count_hidden":0,"_bbp_reply_count_hidden":0,"_bbp_forum_subforum_count":0,"_uag_custom_page_level_css":"","footnotes":""},"class_list":["post-11678","page","type-page","status-publish","has-post-thumbnail","hentry"],"spectra_custom_meta":{"_edit_lock":["1736709252:2"],"_edit_last":["2"],"_wp_page_template":["default"],"_thumbnail_id":["11684"],"_uag_page_assets":["a:9:{s:3:\"css\";s:263:\".uag-blocks-common-selector{z-index:var(--z-index-desktop) !important}@media (max-width: 976px){.uag-blocks-common-selector{z-index:var(--z-index-tablet) !important}}@media (max-width: 767px){.uag-blocks-common-selector{z-index:var(--z-index-mobile) !important}}\n\";s:2:\"js\";s:0:\"\";s:18:\"current_block_list\";a:1:{i:0;s:14:\"core\/paragraph\";}s:8:\"uag_flag\";b:0;s:11:\"uag_version\";s:10:\"1775361163\";s:6:\"gfonts\";a:0:{}s:10:\"gfonts_url\";s:0:\"\";s:12:\"gfonts_files\";a:0:{}s:14:\"uag_faq_layout\";b:0;}"],"_uag_css_file_name":["uag-css-11678.css"]},"uagb_featured_image_src":{"full":["https:\/\/joannacholuj.pl\/wp-content\/uploads\/2024\/07\/20070723051258.jpg",871,653,false],"thumbnail":["https:\/\/joannacholuj.pl\/wp-content\/uploads\/2024\/07\/20070723051258-150x150.jpg",150,150,true],"medium":["https:\/\/joannacholuj.pl\/wp-content\/uploads\/2024\/07\/20070723051258-300x225.jpg",300,225,true],"medium_large":["https:\/\/joannacholuj.pl\/wp-content\/uploads\/2024\/07\/20070723051258-768x576.jpg",640,480,true],"large":["https:\/\/joannacholuj.pl\/wp-content\/uploads\/2024\/07\/20070723051258.jpg",640,480,false],"1536x1536":["https:\/\/joannacholuj.pl\/wp-content\/uploads\/2024\/07\/20070723051258.jpg",871,653,false],"2048x2048":["https:\/\/joannacholuj.pl\/wp-content\/uploads\/2024\/07\/20070723051258.jpg",871,653,false],"trp-custom-language-flag":["https:\/\/joannacholuj.pl\/wp-content\/uploads\/2024\/07\/20070723051258.jpg",16,12,false],"illdy-blog-list":["https:\/\/joannacholuj.pl\/wp-content\/uploads\/2024\/07\/20070723051258-750x500.jpg",750,500,true],"illdy-widget-recent-posts":["https:\/\/joannacholuj.pl\/wp-content\/uploads\/2024\/07\/20070723051258-70x70.jpg",70,70,true],"illdy-blog-post-related-articles":["https:\/\/joannacholuj.pl\/wp-content\/uploads\/2024\/07\/20070723051258-240x206.jpg",240,206,true],"illdy-front-page-latest-news":["https:\/\/joannacholuj.pl\/wp-content\/uploads\/2024\/07\/20070723051258-250x213.jpg",250,213,true],"illdy-front-page-testimonials":["https:\/\/joannacholuj.pl\/wp-content\/uploads\/2024\/07\/20070723051258-127x127.jpg",127,127,true],"illdy-front-page-projects":["https:\/\/joannacholuj.pl\/wp-content\/uploads\/2024\/07\/20070723051258-476x476.jpg",476,476,true],"illdy-front-page-person":["https:\/\/joannacholuj.pl\/wp-content\/uploads\/2024\/07\/20070723051258-125x125.jpg",125,125,true]},"uagb_author_info":{"display_name":"Joanna Choluj","author_link":"https:\/\/joannacholuj.pl\/en\/blog\/author\/joannacholuj\/"},"uagb_comment_info":0,"uagb_excerpt":"PE\u0141NA KOMPLETNA\u00a0ANALIZA TWOJEGO KODU \u017bYCIOWEGO (dla osoby od 18 roku \u017cycia) Najpe\u0142niejsza holistyczna analiza Twojego \u017cyciowego kodu z wykorzystaniem metod [&hellip;]","_links":{"self":[{"href":"https:\/\/joannacholuj.pl\/en\/wp-json\/wp\/v2\/pages\/11678"}],"collection":[{"href":"https:\/\/joannacholuj.pl\/en\/wp-json\/wp\/v2\/pages"}],"about":[{"href":"https:\/\/joannacholuj.pl\/en\/wp-json\/wp\/v2\/types\/page"}],"author":[{"embeddable":true,"href":"https:\/\/joannacholuj.pl\/en\/wp-json\/wp\/v2\/users\/2"}],"replies":[{"embeddable":true,"href":"https:\/\/joannacholuj.pl\/en\/wp-json\/wp\/v2\/comments?post=11678"}],"version-history":[{"count":32,"href":"https:\/\/joannacholuj.pl\/en\/wp-json\/wp\/v2\/pages\/11678\/revisions"}],"predecessor-version":[{"id":13518,"href":"https:\/\/joannacholuj.pl\/en\/wp-json\/wp\/v2\/pages\/11678\/revisions\/13518"}],"wp:featuredmedia":[{"embeddable":true,"href":"https:\/\/joannacholuj.pl\/en\/wp-json\/wp\/v2\/media\/11684"}],"wp:attachment":[{"href":"https:\/\/joannacholuj.pl\/en\/wp-json\/wp\/v2\/media?parent=11678"}],"curies":[{"name":"wp","href":"https:\/\/api.w.org\/{rel}","templated":true}]}}