{"id":1129,"date":"2019-03-16T00:58:42","date_gmt":"2019-03-15T23:58:42","guid":{"rendered":"http:\/\/joannacholuj.pl\/?page_id=1129"},"modified":"2026-01-29T07:17:28","modified_gmt":"2026-01-29T06:17:28","slug":"kontakt","status":"publish","type":"page","link":"https:\/\/joannacholuj.pl\/en\/kontakt\/","title":{"rendered":"Contact"},"content":{"rendered":"<p><\/p>\n\n\n\n<p class=\"has-text-align-right has-medium-font-size\"><\/p>\n\n\n\n<p><\/p>\n\n\n<div class=\"left\">\n<h4>Wiarygodne kontakty z Joann\u0105 Cho\u0142uj Viedm\u0105 w Peru.\u00a0<\/h4>\n<h4 style=\"text-align: center;\">Email <strong>: joanna@joannacholuj.pl\u00a0<\/strong><\/h4>\n<h4>Odpowiadam na pytania w sprawie dzia\u0142ania moich stron, sklepu. Zastrzegam sobie mo\u017cliwos\u0107 nie odpowiadania na dlugie wpisy oraz pytania i pro\u015bby.\u00a0<\/h4>\n<\/div>\n<p>I'll be happy to help you. Click on the tab.\u00a0 <a href=\"https:\/\/joannacholuj.pl\/en\/konsultacje\/\">CONSULTATIONS<\/a>\u00a0 on my website, and you will find answers to your questions.<\/p>\n<p><img loading=\"lazy\" decoding=\"async\" class=\"size-medium wp-image-11961 alignleft\" src=\"http:\/\/joannacholuj.pl\/wp-content\/uploads\/2024\/07\/357042975_10163002560740299_2713032725021239632_n-1-225x300-1-225x300.jpg\" alt=\"\" width=\"225\" height=\"300\" \/><\/p>\n<div class=\"left\">\n<h4 style=\"text-align: center;\">If you like my work, please consider SUPPORTING me.<\/h4>\n<div class=\"left\">\n<p>-&gt; PAYPAL email:\u00a0 \u00a0joanna@joannacholuj.pl<br \/>-&gt; POLSKA &#8211; PLN &#8211; Joanna Cho\u0142uj, PKO BP 74 1020 1097 0000 7402 0143 7458<\/p>\n<p>-&gt; PERU\u00a0 \u00a0-&gt; PEN &#8211; &gt;Joanna Choluj, Banco de la nacion konto 04-140-988036<\/p>\n<p>BANCPEPL, CCI codigo interbancario :018 388 004140988036 90<\/p>\n<p>TEMAT PRZELEWU \u201eprzelew\u201d<\/p>\n<\/div>\n<div class=\"left\">\n<p>For twenty years, I have been working as an independent researcher of philosophy and language. I experience blockages, but I continue to talk about the limitations of the matrix and show what the TRUE MATRIX PRA-MOTHER is and how to connect with it and transcend mental and physical limitations. I explore topics of ancient knowledge, shamanism, and Vedic-Aryan-Slavic philosophy of nature.<\/p>\n<p>I also speak a lot as a pedagogue, linguist, longtime teacher of other people's children, including autistic and antisocial ones, as well as a mother of my own indigo\/crystal children whom I healed myself. I share this universal and personal knowledge from which you can draw a lot for yourself.<\/p>\n<\/div>\n<\/div>\n<hr \/>\n<p style=\"text-align: center;\"><strong>YOU CAN SUBSCRIBE TO MY NEWSLETTER TO RECEIVE THE LATEST INFORMATION\u00a0<\/strong><\/p>\n<hr \/>\n<p style=\"text-align: center;\">On my websites, you will find many free lectures, interviews, and articles. Follow my fan pages, subscribe to my media, and stay up to date with the new content I create.<\/p>\n<figure id=\"attachment_12834\" aria-describedby=\"caption-attachment-12834\" style=\"width: 300px\" class=\"wp-caption aligncenter\"><a href=\"https:\/\/www.youtube.com\/@JoannaCholujprof\"><img loading=\"lazy\" decoding=\"async\" class=\"wp-image-12834 size-medium\" src=\"http:\/\/joannacholuj.pl\/wp-content\/uploads\/2024\/09\/Zrzut-ekranu-3033-300x169.png\" alt=\"\" width=\"300\" height=\"169\" srcset=\"https:\/\/joannacholuj.pl\/wp-content\/uploads\/2024\/09\/Zrzut-ekranu-3033-300x169.png 300w, https:\/\/joannacholuj.pl\/wp-content\/uploads\/2024\/09\/Zrzut-ekranu-3033-768x432.png 768w, https:\/\/joannacholuj.pl\/wp-content\/uploads\/2024\/09\/Zrzut-ekranu-3033-1024x576.png 1024w, https:\/\/joannacholuj.pl\/wp-content\/uploads\/2024\/09\/Zrzut-ekranu-3033.png 1366w\" sizes=\"(max-width: 300px) 100vw, 300px\" \/><\/a><figcaption id=\"caption-attachment-12834\" class=\"wp-caption-text\">https:\/\/www.youtube.com\/@JoannaCholuj<\/figcaption><\/figure>\n<figure id=\"attachment_12841\" aria-describedby=\"caption-attachment-12841\" style=\"width: 300px\" class=\"wp-caption aligncenter\"><a href=\"https:\/\/joannacholuj.pl\/en\/blog\/\"><img loading=\"lazy\" decoding=\"async\" class=\"wp-image-12841 size-medium\" src=\"http:\/\/joannacholuj.pl\/wp-content\/uploads\/2024\/09\/Zrzut-ekranu-3041-300x149.png\" alt=\"\" width=\"300\" height=\"149\" srcset=\"https:\/\/joannacholuj.pl\/wp-content\/uploads\/2024\/09\/Zrzut-ekranu-3041-300x149.png 300w, https:\/\/joannacholuj.pl\/wp-content\/uploads\/2024\/09\/Zrzut-ekranu-3041-768x382.png 768w, https:\/\/joannacholuj.pl\/wp-content\/uploads\/2024\/09\/Zrzut-ekranu-3041-1024x509.png 1024w, https:\/\/joannacholuj.pl\/wp-content\/uploads\/2024\/09\/Zrzut-ekranu-3041.png 1224w\" sizes=\"(max-width: 300px) 100vw, 300px\" \/><\/a><figcaption id=\"caption-attachment-12841\" class=\"wp-caption-text\">BLOG<\/figcaption><\/figure>\n<figure id=\"attachment_12832\" aria-describedby=\"caption-attachment-12832\" style=\"width: 322px\" class=\"wp-caption aligncenter\"><a href=\"https:\/\/www.instagram.com\/joannacholujjclady\/\"><img loading=\"lazy\" decoding=\"async\" class=\"wp-image-12832\" src=\"http:\/\/joannacholuj.pl\/wp-content\/uploads\/2024\/09\/Zrzut-ekranu-3036-300x135.png\" alt=\"\" width=\"322\" height=\"145\" srcset=\"https:\/\/joannacholuj.pl\/wp-content\/uploads\/2024\/09\/Zrzut-ekranu-3036-300x135.png 300w, https:\/\/joannacholuj.pl\/wp-content\/uploads\/2024\/09\/Zrzut-ekranu-3036-768x345.png 768w, https:\/\/joannacholuj.pl\/wp-content\/uploads\/2024\/09\/Zrzut-ekranu-3036-1024x460.png 1024w, https:\/\/joannacholuj.pl\/wp-content\/uploads\/2024\/09\/Zrzut-ekranu-3036.png 1096w\" sizes=\"(max-width: 322px) 100vw, 322px\" \/><\/a><figcaption id=\"caption-attachment-12832\" class=\"wp-caption-text\">https:\/\/www.instagram.com\/joannacholujjclady\/<\/figcaption><\/figure>\n<p>\u00a0<\/p>\n<figure id=\"attachment_12829\" aria-describedby=\"caption-attachment-12829\" style=\"width: 271px\" class=\"wp-caption aligncenter\"><a href=\"https:\/\/web.facebook.com\/choluj.joanna\"><img loading=\"lazy\" decoding=\"async\" class=\"wp-image-12829\" src=\"http:\/\/joannacholuj.pl\/wp-content\/uploads\/2024\/09\/Zrzut-ekranu-3029-300x190.png\" alt=\"\" width=\"271\" height=\"172\" srcset=\"https:\/\/joannacholuj.pl\/wp-content\/uploads\/2024\/09\/Zrzut-ekranu-3029-300x190.png 300w, https:\/\/joannacholuj.pl\/wp-content\/uploads\/2024\/09\/Zrzut-ekranu-3029-768x486.png 768w, https:\/\/joannacholuj.pl\/wp-content\/uploads\/2024\/09\/Zrzut-ekranu-3029.png 919w\" sizes=\"(max-width: 271px) 100vw, 271px\" \/><\/a><figcaption id=\"caption-attachment-12829\" class=\"wp-caption-text\">https:\/\/web.facebook.com\/choluj.joanna<\/figcaption><\/figure>\n<figure id=\"attachment_12830\" aria-describedby=\"caption-attachment-12830\" style=\"width: 275px\" class=\"wp-caption aligncenter\"><a href=\"https:\/\/x.com\/CholujJoanna\"><img loading=\"lazy\" decoding=\"async\" class=\"wp-image-12830\" src=\"http:\/\/joannacholuj.pl\/wp-content\/uploads\/2024\/09\/Zrzut-ekranu-3039-300x169.png\" alt=\"\" width=\"275\" height=\"155\" srcset=\"https:\/\/joannacholuj.pl\/wp-content\/uploads\/2024\/09\/Zrzut-ekranu-3039-300x169.png 300w, https:\/\/joannacholuj.pl\/wp-content\/uploads\/2024\/09\/Zrzut-ekranu-3039-768x432.png 768w, https:\/\/joannacholuj.pl\/wp-content\/uploads\/2024\/09\/Zrzut-ekranu-3039-1024x576.png 1024w, https:\/\/joannacholuj.pl\/wp-content\/uploads\/2024\/09\/Zrzut-ekranu-3039.png 1366w\" sizes=\"(max-width: 275px) 100vw, 275px\" \/><\/a><figcaption id=\"caption-attachment-12830\" class=\"wp-caption-text\">https:\/\/x.com\/CholujJoanna<\/figcaption><\/figure>\n<div class=\"left\">\n<figure id=\"attachment_12831\" aria-describedby=\"caption-attachment-12831\" style=\"width: 291px\" class=\"wp-caption aligncenter\"><a href=\"https:\/\/www.tiktok.com\/@joannacholuj.pl\"><img loading=\"lazy\" decoding=\"async\" class=\"wp-image-12831\" src=\"http:\/\/joannacholuj.pl\/wp-content\/uploads\/2024\/09\/Zrzut-ekranu-3038-300x169.png\" alt=\"\" width=\"291\" height=\"164\" srcset=\"https:\/\/joannacholuj.pl\/wp-content\/uploads\/2024\/09\/Zrzut-ekranu-3038-300x169.png 300w, https:\/\/joannacholuj.pl\/wp-content\/uploads\/2024\/09\/Zrzut-ekranu-3038-768x432.png 768w, https:\/\/joannacholuj.pl\/wp-content\/uploads\/2024\/09\/Zrzut-ekranu-3038-1024x576.png 1024w, https:\/\/joannacholuj.pl\/wp-content\/uploads\/2024\/09\/Zrzut-ekranu-3038.png 1366w\" sizes=\"(max-width: 291px) 100vw, 291px\" \/><\/a><figcaption id=\"caption-attachment-12831\" class=\"wp-caption-text\">https:\/\/www.tiktok.com\/@joannacholuj.pl<\/figcaption><\/figure>\n<br \/><br \/>\n<figure id=\"attachment_12839\" aria-describedby=\"caption-attachment-12839\" style=\"width: 300px\" class=\"wp-caption aligncenter\"><a href=\"https:\/\/www.linkedin.com\/in\/joannacholuj\"><img loading=\"lazy\" decoding=\"async\" class=\"wp-image-12839 size-medium\" src=\"http:\/\/joannacholuj.pl\/wp-content\/uploads\/2024\/09\/Zrzut-ekranu-3040-300x218.png\" alt=\"\" width=\"300\" height=\"218\" srcset=\"https:\/\/joannacholuj.pl\/wp-content\/uploads\/2024\/09\/Zrzut-ekranu-3040-300x218.png 300w, https:\/\/joannacholuj.pl\/wp-content\/uploads\/2024\/09\/Zrzut-ekranu-3040-768x559.png 768w, https:\/\/joannacholuj.pl\/wp-content\/uploads\/2024\/09\/Zrzut-ekranu-3040.png 839w\" sizes=\"(max-width: 300px) 100vw, 300px\" \/><\/a><figcaption id=\"caption-attachment-12839\" class=\"wp-caption-text\">https:\/\/www.linkedin.com\/in\/joannacholuj<\/figcaption><\/figure>\n<\/div>\n\n\n<p><\/p>","protected":false},"excerpt":{"rendered":"<p>Wiarygodne kontakty z Joann\u0105 Cho\u0142uj Viedm\u0105 w Peru.\u00a0 Email : joanna@joannacholuj.pl\u00a0 Odpowiadam na pytania w sprawie dzia\u0142ania moich stron, sklepu. [&hellip;]<\/p>","protected":false},"author":2,"featured_media":11724,"parent":0,"menu_order":0,"comment_status":"closed","ping_status":"closed","template":"","meta":{"_bbp_topic_count":0,"_bbp_reply_count":0,"_bbp_total_topic_count":0,"_bbp_total_reply_count":0,"_bbp_voice_count":0,"_bbp_anonymous_reply_count":0,"_bbp_topic_count_hidden":0,"_bbp_reply_count_hidden":0,"_bbp_forum_subforum_count":0,"_uag_custom_page_level_css":"","footnotes":""},"class_list":["post-1129","page","type-page","status-publish","has-post-thumbnail","hentry"],"spectra_custom_meta":{"_edit_lock":["1769667449:2"],"_edit_last":["2"],"_wp_page_template":["default"],"_thumbnail_id":["11724"],"_oembed_e0c405f172bd4245de3ed090cde6bc73":["{{unknown}}"],"_oembed_d1b3a3967d302f2e0da76813ae2c137a":["{{unknown}}"],"_oembed_c46c288eab227eaf70b92f2837411590":["{{unknown}}"],"_oembed_9c03fc27d71638e945ff615054a30a4e":["{{unknown}}"],"_oembed_c307704040091e4fd496b058fedb6fa4":["{{unknown}}"],"_oembed_a283ca885706c1e4537beb3e5b3d309f":["{{unknown}}"],"_uag_page_assets":["a:9:{s:3:\"css\";s:263:\".uag-blocks-common-selector{z-index:var(--z-index-desktop) !important}@media (max-width: 976px){.uag-blocks-common-selector{z-index:var(--z-index-tablet) !important}}@media (max-width: 767px){.uag-blocks-common-selector{z-index:var(--z-index-mobile) !important}}\n\";s:2:\"js\";s:0:\"\";s:18:\"current_block_list\";a:1:{i:0;s:14:\"core\/paragraph\";}s:8:\"uag_flag\";b:0;s:11:\"uag_version\";s:10:\"1776752115\";s:6:\"gfonts\";a:0:{}s:10:\"gfonts_url\";s:0:\"\";s:12:\"gfonts_files\";a:0:{}s:14:\"uag_faq_layout\";b:0;}"],"_uag_css_file_name":["uag-css-1129.css"]},"uagb_featured_image_src":{"full":["https:\/\/joannacholuj.pl\/wp-content\/uploads\/2024\/07\/IMG_2439donem-zmiany.jpg",960,640,false],"thumbnail":["https:\/\/joannacholuj.pl\/wp-content\/uploads\/2024\/07\/IMG_2439donem-zmiany-150x150.jpg",150,150,true],"medium":["https:\/\/joannacholuj.pl\/wp-content\/uploads\/2024\/07\/IMG_2439donem-zmiany-300x200.jpg",300,200,true],"medium_large":["https:\/\/joannacholuj.pl\/wp-content\/uploads\/2024\/07\/IMG_2439donem-zmiany-768x512.jpg",640,427,true],"large":["https:\/\/joannacholuj.pl\/wp-content\/uploads\/2024\/07\/IMG_2439donem-zmiany.jpg",640,427,false],"1536x1536":["https:\/\/joannacholuj.pl\/wp-content\/uploads\/2024\/07\/IMG_2439donem-zmiany.jpg",960,640,false],"2048x2048":["https:\/\/joannacholuj.pl\/wp-content\/uploads\/2024\/07\/IMG_2439donem-zmiany.jpg",960,640,false],"trp-custom-language-flag":["https:\/\/joannacholuj.pl\/wp-content\/uploads\/2024\/07\/IMG_2439donem-zmiany.jpg",18,12,false],"illdy-blog-list":["https:\/\/joannacholuj.pl\/wp-content\/uploads\/2024\/07\/IMG_2439donem-zmiany-750x500.jpg",750,500,true],"illdy-widget-recent-posts":["https:\/\/joannacholuj.pl\/wp-content\/uploads\/2024\/07\/IMG_2439donem-zmiany-70x70.jpg",70,70,true],"illdy-blog-post-related-articles":["https:\/\/joannacholuj.pl\/wp-content\/uploads\/2024\/07\/IMG_2439donem-zmiany-240x206.jpg",240,206,true],"illdy-front-page-latest-news":["https:\/\/joannacholuj.pl\/wp-content\/uploads\/2024\/07\/IMG_2439donem-zmiany-250x213.jpg",250,213,true],"illdy-front-page-testimonials":["https:\/\/joannacholuj.pl\/wp-content\/uploads\/2024\/07\/IMG_2439donem-zmiany-127x127.jpg",127,127,true],"illdy-front-page-projects":["https:\/\/joannacholuj.pl\/wp-content\/uploads\/2024\/07\/IMG_2439donem-zmiany-476x476.jpg",476,476,true],"illdy-front-page-person":["https:\/\/joannacholuj.pl\/wp-content\/uploads\/2024\/07\/IMG_2439donem-zmiany-125x125.jpg",125,125,true]},"uagb_author_info":{"display_name":"Joanna Choluj","author_link":"https:\/\/joannacholuj.pl\/en\/blog\/author\/joannacholuj\/"},"uagb_comment_info":0,"uagb_excerpt":"Wiarygodne kontakty z Joann\u0105 Cho\u0142uj Viedm\u0105 w Peru.\u00a0 Email : joanna@joannacholuj.pl\u00a0 Odpowiadam na pytania w sprawie dzia\u0142ania moich stron, sklepu. [&hellip;]","_links":{"self":[{"href":"https:\/\/joannacholuj.pl\/en\/wp-json\/wp\/v2\/pages\/1129"}],"collection":[{"href":"https:\/\/joannacholuj.pl\/en\/wp-json\/wp\/v2\/pages"}],"about":[{"href":"https:\/\/joannacholuj.pl\/en\/wp-json\/wp\/v2\/types\/page"}],"author":[{"embeddable":true,"href":"https:\/\/joannacholuj.pl\/en\/wp-json\/wp\/v2\/users\/2"}],"replies":[{"embeddable":true,"href":"https:\/\/joannacholuj.pl\/en\/wp-json\/wp\/v2\/comments?post=1129"}],"version-history":[{"count":49,"href":"https:\/\/joannacholuj.pl\/en\/wp-json\/wp\/v2\/pages\/1129\/revisions"}],"predecessor-version":[{"id":14333,"href":"https:\/\/joannacholuj.pl\/en\/wp-json\/wp\/v2\/pages\/1129\/revisions\/14333"}],"wp:featuredmedia":[{"embeddable":true,"href":"https:\/\/joannacholuj.pl\/en\/wp-json\/wp\/v2\/media\/11724"}],"wp:attachment":[{"href":"https:\/\/joannacholuj.pl\/en\/wp-json\/wp\/v2\/media?parent=1129"}],"curies":[{"name":"wp","href":"https:\/\/api.w.org\/{rel}","templated":true}]}}