{"id":1120,"date":"2019-03-15T17:58:48","date_gmt":"2019-03-15T16:58:48","guid":{"rendered":"http:\/\/joannacholuj.pl\/?page_id=1120"},"modified":"2023-12-06T01:42:10","modified_gmt":"2023-12-06T00:42:10","slug":"cennik","status":"publish","type":"page","link":"https:\/\/joannacholuj.pl\/en\/cennik\/","title":{"rendered":"Kontakt i P\u0142atno\u015bci"},"content":{"rendered":"<div id='gallery-1' class='gallery galleryid-1120 gallery-columns-3 gallery-size-thumbnail'><figure class='gallery-item'>\n\t\t\t<div class='gallery-icon landscape'>\n\t\t\t\t<img loading=\"lazy\" decoding=\"async\" width=\"150\" height=\"150\" src=\"https:\/\/joannacholuj.pl\/wp-content\/uploads\/2020\/01\/KKb-150x150.jpg\" class=\"attachment-thumbnail size-thumbnail\" alt=\"\" srcset=\"https:\/\/joannacholuj.pl\/wp-content\/uploads\/2020\/01\/KKb-150x150.jpg 150w, https:\/\/joannacholuj.pl\/wp-content\/uploads\/2020\/01\/KKb-70x70.jpg 70w, https:\/\/joannacholuj.pl\/wp-content\/uploads\/2020\/01\/KKb-127x127.jpg 127w, https:\/\/joannacholuj.pl\/wp-content\/uploads\/2020\/01\/KKb-476x476.jpg 476w, https:\/\/joannacholuj.pl\/wp-content\/uploads\/2020\/01\/KKb-125x125.jpg 125w\" sizes=\"(max-width: 150px) 100vw, 150px\" \/>\n\t\t\t<\/div><\/figure><figure class='gallery-item'>\n\t\t\t<div class='gallery-icon portrait'>\n\t\t\t\t<img loading=\"lazy\" decoding=\"async\" width=\"150\" height=\"150\" src=\"https:\/\/joannacholuj.pl\/wp-content\/uploads\/2020\/01\/LOGO-150x150.jpg\" class=\"attachment-thumbnail size-thumbnail\" alt=\"\" srcset=\"https:\/\/joannacholuj.pl\/wp-content\/uploads\/2020\/01\/LOGO-150x150.jpg 150w, https:\/\/joannacholuj.pl\/wp-content\/uploads\/2020\/01\/LOGO-70x70.jpg 70w, https:\/\/joannacholuj.pl\/wp-content\/uploads\/2020\/01\/LOGO-127x127.jpg 127w, https:\/\/joannacholuj.pl\/wp-content\/uploads\/2020\/01\/LOGO-476x476.jpg 476w, https:\/\/joannacholuj.pl\/wp-content\/uploads\/2020\/01\/LOGO-125x125.jpg 125w\" sizes=\"(max-width: 150px) 100vw, 150px\" \/>\n\t\t\t<\/div><\/figure><figure class='gallery-item'>\n\t\t\t<div class='gallery-icon landscape'>\n\t\t\t\t<img loading=\"lazy\" decoding=\"async\" width=\"150\" height=\"150\" src=\"https:\/\/joannacholuj.pl\/wp-content\/uploads\/2020\/06\/KtKb1-1024x734-150x150.jpg\" class=\"attachment-thumbnail size-thumbnail\" alt=\"\" srcset=\"https:\/\/joannacholuj.pl\/wp-content\/uploads\/2020\/06\/KtKb1-1024x734-150x150.jpg 150w, https:\/\/joannacholuj.pl\/wp-content\/uploads\/2020\/06\/KtKb1-1024x734-70x70.jpg 70w, https:\/\/joannacholuj.pl\/wp-content\/uploads\/2020\/06\/KtKb1-1024x734-127x127.jpg 127w, https:\/\/joannacholuj.pl\/wp-content\/uploads\/2020\/06\/KtKb1-1024x734-476x476.jpg 476w, https:\/\/joannacholuj.pl\/wp-content\/uploads\/2020\/06\/KtKb1-1024x734-125x125.jpg 125w\" sizes=\"(max-width: 150px) 100vw, 150px\" \/>\n\t\t\t<\/div><\/figure>\n\t\t<\/div>\n\n<h3 style=\"text-align: center;\"><strong>Kontakt i P\u0142atno\u015bci:<\/strong><\/h3>\n<p>&nbsp;<\/p>\n<p style=\"text-align: center;\"><strong>Szko\u0142a Wied\u017am\u00a0<\/strong><\/p>\n<p>Informacje w zak\u0142adce <a href=\"http:\/\/joannacholuj.pl\/en\/szkola-wiedzm-arioslowianskich\/\">Szko\u0142a Wied\u017am\u00a0<\/a><\/p>\n<p>P\u0142atne bezpo\u015brednio na konto<\/p>\n<p style=\"text-align: center;\"><strong>Kr\u0119gi Kobiet Wied\u017am<\/strong><\/p>\n<p style=\"text-align: left;\">Informacje w zak\u0142adce <a href=\"https:\/\/joannacholuj.pl\/en\/warsztaty\/\">Kr\u0119gi Wied\u017am<\/a><\/p>\n<p style=\"text-align: left;\">P\u0141ATNE BEZPO\u015aREDNIO NA KONTO<\/p>\n<p style=\"text-align: center;\"><strong>Kursy &#8211; Wiedza Ario-S\u0142owian<\/strong><\/p>\n<p>Informacje w zak\u0142adce <a href=\"http:\/\/joannacholuj.pl\/en\/kursy\/\">Kursy &#8211; Wiedza Ario-S\u0142owian<\/a><\/p>\n<p>P\u0142atne na stronie kurs\u00f3w<\/p>\n<h4 style=\"text-align: center;\">Konsultacje i Analizy holistyczne<\/h4>\n<p style=\"text-align: left;\">Informacje w zak\u0142adce <a href=\"https:\/\/joannacholuj.pl\/en\/konsultacje\/\">Konsultacje i Analizy\u00a0<\/a><\/p>\n<p style=\"text-align: left;\">P\u0141ATNE BEZPO\u015aREDNIO NA KONTO<\/p>\n<p>&nbsp;<\/p>\n<h4 style=\"text-align: center;\"><strong>Karty i Gry\u00a0<\/strong><\/h4>\n<p>Informacje w zak\u0142adce <a href=\"https:\/\/joannacholuj.pl\/en\/karty-gry\/\">Karty\u00a0<\/a><\/p>\n<p>P\u0141ATNE NA STRONIE KART<\/p>\n<p><em>\u00a0<\/em><\/p>\n<div id=\"tw-target-text-container\" class=\"tw-ta-container tw-nfl\">\n<h4 dir=\"ltr\" style=\"text-align: center;\" data-placeholder=\"T\u0142umaczenie\">Ksi\u0105\u017cki<\/h4>\n<p>Informacje w zak\u0142adce<a href=\"https:\/\/joannacholuj.pl\/en\/mojeksiazki\/\"> <strong>Ksi\u0105\u017cki<\/strong><\/a><\/p>\n<p>P\u0141ATNE NA STRONIE KSI\u0104\u017bEK<\/p>\n<p>&nbsp;<\/p>\n<h4 style=\"text-align: center;\"><strong>Szko\u0142a J\u0119zyk\u00f3w i Gramatyki<\/strong><\/h4>\n<p>Informacje w zak\u0142adce <a href=\"https:\/\/joannacholuj.pl\/en\/fringla\/\">J\u0119zyki i Gramatyka<\/a><\/p>\n<p>P\u0141ATNO\u015aCI BEZPO\u015aRENIO NA KONTO<\/p>\n<h4 style=\"text-align: center;\"><strong>Spektakle\u00a0<\/strong><\/h4>\n<p>Informacje w zak\u0142adce <a href=\"https:\/\/joannacholuj.pl\/en\/spektakle\/\">Spektakle<\/a><\/p>\n<p>P\u0141ATNO\u015aCI BEZPO\u015aREDNIO NA KONTO<\/p>\n<p>&nbsp;<\/p>\n<h4 style=\"text-align: center;\"><span style=\"text-decoration: underline;\"><strong>DANE DO WP\u0141AT<\/strong><\/span><\/h4>\n<\/div>\n<p><strong><span style=\"color: red;\">PROSZ\u0118 UWA\u017bNIE DOKONYWA\u0106 WP\u0141AT I WP\u0141ACA\u0106 NA DANE PODANE PRZEZE MNIE PONI\u017bEJ\u00a0<\/span><\/strong><\/p>\n<p><strong><span style=\"color: red;\">PROSZ\u0118 TE\u017b WP\u0141ACA\u0106 NA TAKIE KONTO BY NIE PONOSILI PA\u0143STWO KOSZT\u00d3W. ALE OSTATECZNIE DO MNIE MA DOTRZE\u0106 PE\u0141NA P\u0141ATNO\u015a\u0106, A OP\u0141ATY BANKOWE\u00a0 ZAMIANY WALUTY S\u0104 PO PA\u0143STWA STRONIE <\/span><\/strong><\/p>\n<p><strong><span style=\"color: red;\">(trzeba doda\u0107 ok 10z\u0142 przy transakcjach z zagranicy oraz wp\u0142atach na paypal)\u00a0<\/span><\/strong><\/p>\n<p>1.<\/p>\n<div id=\"tw-target-text-container\" class=\"tw-ta-container tw-nfl\">\n<p><span style=\"color: red;\">Paypal: <a class=\"vx_text-6\" href=\"https:\/\/www.paypal.com\/paypalme\/my\/profile\" name=\"share\" data-pagename=\"main:ppme:settings\" data-pagename2=\"main:ppme:settings:::\" data-nextpagegroup=\"main:ppme:profile\" data-nextpagename=\"main:ppme:profile:::\">paypal.me\/jcalternativedu <\/a><\/span><\/p>\n<p>@jcalternativedu<\/p>\n<p>email:\u00a0 \u00a0jc@joannacholuj.pl<\/p>\n<p>2.<\/p>\n<\/div>\n<div id=\"tw-target-text-container\" class=\"tw-ta-container tw-nfl\">\n<p>PKO BP Joanna Cho\u0142uj\u00a0 74 1020 1097 0000 7402 0143 7458<\/p>\n<p>P\u0141ATNO\u015aCI W Z\u0141OTYCH<\/p>\n<p>Kod BIC PKO Banku Polskiego SA:\u00a0BPKOPLPW<\/p>\n<p>IBAN &#8211;&gt; PL74 1020 1097 0000 7402 0143 7458<\/p>\n<p>3.<\/p>\n<p>MBank Joanna Cho\u0142uj , waluta EURO<\/p>\n<p>13 1140 2004 0000 3612 1364 2204<\/p>\n<p>&nbsp;<\/p>\n<p><strong>W TEMACIE PRZELEWU BARDZO PROSZ\u0118 WPISA\u0106 &#8222;DAROWIZNA&#8221;<\/strong><\/p>\n<p><strong>DZI\u0118KUJ\u0118<\/strong><\/p>\n<hr \/>\n<p>&nbsp;<\/p>\n<p>&nbsp;<\/p>\n<p dir=\"ltr\" style=\"text-align: center;\" data-placeholder=\"T\u0142umaczenie\"><strong>KONTAKT :\u00a0<\/strong><\/p>\n<p dir=\"ltr\" data-placeholder=\"T\u0142umaczenie\"><a href=\"https:\/\/www.facebook.com\/choluj.joanna\" target=\"_blank\" rel=\"noopener\">FB Joanna Cho\u0142uj\u00a0Messenger<\/a><br \/>\nWhatsapp\u00a0 +48 605 66 39 39<br \/>\nemail : jc@joannacholuj.pl<\/p>\n<\/div>","protected":false},"excerpt":{"rendered":"<p>Kontakt i P\u0142atno\u015bci: &nbsp; Szko\u0142a Wied\u017am\u00a0 Informacje w zak\u0142adce Szko\u0142a Wied\u017am\u00a0 P\u0142atne bezpo\u015brednio na konto Kr\u0119gi Kobiet Wied\u017am Informacje w [&hellip;]<\/p>","protected":false},"author":2,"featured_media":0,"parent":0,"menu_order":0,"comment_status":"closed","ping_status":"closed","template":"","meta":{"_bbp_topic_count":0,"_bbp_reply_count":0,"_bbp_total_topic_count":0,"_bbp_total_reply_count":0,"_bbp_voice_count":0,"_bbp_anonymous_reply_count":0,"_bbp_topic_count_hidden":0,"_bbp_reply_count_hidden":0,"_bbp_forum_subforum_count":0,"_uag_custom_page_level_css":"","footnotes":""},"class_list":["post-1120","page","type-page","status-publish","hentry"],"spectra_custom_meta":{"_edit_lock":["1702439166:2"],"_edit_last":["2"],"_wp_page_template":["default"],"_uag_page_assets":["a:9:{s:3:\"css\";s:0:\"\";s:2:\"js\";s:0:\"\";s:18:\"current_block_list\";a:0:{}s:8:\"uag_flag\";b:0;s:11:\"uag_version\";s:10:\"1776556332\";s:6:\"gfonts\";a:0:{}s:10:\"gfonts_url\";s:0:\"\";s:12:\"gfonts_files\";a:0:{}s:14:\"uag_faq_layout\";b:0;}"]},"uagb_featured_image_src":{"full":false,"thumbnail":false,"medium":false,"medium_large":false,"large":false,"1536x1536":false,"2048x2048":false,"trp-custom-language-flag":false,"illdy-blog-list":false,"illdy-widget-recent-posts":false,"illdy-blog-post-related-articles":false,"illdy-front-page-latest-news":false,"illdy-front-page-testimonials":false,"illdy-front-page-projects":false,"illdy-front-page-person":false},"uagb_author_info":{"display_name":"Joanna Choluj","author_link":"https:\/\/joannacholuj.pl\/en\/blog\/author\/joannacholuj\/"},"uagb_comment_info":0,"uagb_excerpt":"Kontakt i P\u0142atno\u015bci: &nbsp; Szko\u0142a Wied\u017am\u00a0 Informacje w zak\u0142adce Szko\u0142a Wied\u017am\u00a0 P\u0142atne bezpo\u015brednio na konto Kr\u0119gi Kobiet Wied\u017am Informacje w [&hellip;]","_links":{"self":[{"href":"https:\/\/joannacholuj.pl\/en\/wp-json\/wp\/v2\/pages\/1120"}],"collection":[{"href":"https:\/\/joannacholuj.pl\/en\/wp-json\/wp\/v2\/pages"}],"about":[{"href":"https:\/\/joannacholuj.pl\/en\/wp-json\/wp\/v2\/types\/page"}],"author":[{"embeddable":true,"href":"https:\/\/joannacholuj.pl\/en\/wp-json\/wp\/v2\/users\/2"}],"replies":[{"embeddable":true,"href":"https:\/\/joannacholuj.pl\/en\/wp-json\/wp\/v2\/comments?post=1120"}],"version-history":[{"count":138,"href":"https:\/\/joannacholuj.pl\/en\/wp-json\/wp\/v2\/pages\/1120\/revisions"}],"predecessor-version":[{"id":9882,"href":"https:\/\/joannacholuj.pl\/en\/wp-json\/wp\/v2\/pages\/1120\/revisions\/9882"}],"wp:attachment":[{"href":"https:\/\/joannacholuj.pl\/en\/wp-json\/wp\/v2\/media?parent=1120"}],"curies":[{"name":"wp","href":"https:\/\/api.w.org\/{rel}","templated":true}]}}