{"id":10765,"date":"2024-02-27T22:47:26","date_gmt":"2024-02-27T21:47:26","guid":{"rendered":"http:\/\/joannacholuj.pl\/?page_id=10765"},"modified":"2024-06-28T18:41:32","modified_gmt":"2024-06-28T16:41:32","slug":"spotkania-w-kregu","status":"publish","type":"page","link":"https:\/\/joannacholuj.pl\/en\/spotkania-w-kregu\/","title":{"rendered":"Spotkania w Kr\u0119gu PERU"},"content":{"rendered":"<div id='gallery-1' class='gallery galleryid-10765 gallery-columns-1 gallery-size-thumbnail'><figure class='gallery-item'>\n\t\t\t<div class='gallery-icon landscape'>\n\t\t\t\t<img loading=\"lazy\" decoding=\"async\" width=\"150\" height=\"150\" src=\"https:\/\/joannacholuj.pl\/wp-content\/uploads\/2020\/06\/KtKb1-1024x734-150x150.jpg\" class=\"attachment-thumbnail size-thumbnail\" alt=\"\" srcset=\"https:\/\/joannacholuj.pl\/wp-content\/uploads\/2020\/06\/KtKb1-1024x734-150x150.jpg 150w, https:\/\/joannacholuj.pl\/wp-content\/uploads\/2020\/06\/KtKb1-1024x734-70x70.jpg 70w, https:\/\/joannacholuj.pl\/wp-content\/uploads\/2020\/06\/KtKb1-1024x734-127x127.jpg 127w, https:\/\/joannacholuj.pl\/wp-content\/uploads\/2020\/06\/KtKb1-1024x734-476x476.jpg 476w, https:\/\/joannacholuj.pl\/wp-content\/uploads\/2020\/06\/KtKb1-1024x734-125x125.jpg 125w\" sizes=\"(max-width: 150px) 100vw, 150px\" \/>\n\t\t\t<\/div><\/figure>\n\t\t<\/div>\n\n<p>&nbsp;<\/p>\n<h5><img loading=\"lazy\" decoding=\"async\" class=\"wp-image-8327 aligncenter\" src=\"http:\/\/joannacholuj.pl\/wp-content\/uploads\/2022\/08\/289102696_406900254705362_8963786434839389840_n.jpg\" alt=\"\" width=\"527\" height=\"395\" srcset=\"https:\/\/joannacholuj.pl\/wp-content\/uploads\/2022\/08\/289102696_406900254705362_8963786434839389840_n.jpg 640w, https:\/\/joannacholuj.pl\/wp-content\/uploads\/2022\/08\/289102696_406900254705362_8963786434839389840_n-300x225.jpg 300w\" sizes=\"(max-width: 527px) 100vw, 527px\" \/><\/h5>\n<p>&nbsp;<\/p>\n<h3 style=\"text-align: center;\">SPOTKANIA W KR\u0118GU DLA WSZYSTKICH<\/h3>\n<p>&nbsp;<\/p>\n<p style=\"text-align: center;\">CA\u0141ODNIOWE WYJAZDOWE SPOTKANIE W KR\u0118GU<\/p>\n<p style=\"text-align: center;\">(w trakcie dost\u0119pne przek\u0105ski i posi\u0142ki)<\/p>\n<p><strong>JING JANG &#8211; w kr\u0119gu<\/strong> &#8211; poezja, piosenka, galeria zdj\u0119\u0107, mo\u017cliwo\u015b\u0107 kupienia p\u0142yty i ksi\u0105\u017cki, rozmowy\u00a0 i medytacje, podarunek w postaci pi\u0119knej koszulki lub sp\u00f3dnicy<\/p>\n<p><strong>Z mi\u0142o\u015bci\u00a0 cienia i \u015bnienia &#8211; w kr\u0119gu<\/strong> &#8211; poezja, piosenka, galeria zdj\u0119\u0107, rozmowy i medytacje,\u00a0podarunek w postaci pi\u0119knej koszulki lub sp\u00f3dnicy,\u00a0mo\u017cliwo\u015b\u0107 kupienia p\u0142yty i ksi\u0105\u017cki<\/p>\n<p><strong>Ballady w czterech j\u0119zykach\u00a0 &#8211; w kr\u0119gu<\/strong> &#8211; pie\u015bni, wsp\u00f3lne \u015bpiewanie, rozmowy i medytacje,\u00a0podarunek w postaci pi\u0119knej koszulki lub sp\u00f3dnicy,\u00a0mo\u017cliwo\u015b\u0107 kupienia p\u0142yty i ksi\u0105\u017cki<\/p>\n<p><strong>Pie\u015bni\u00a0 Nowej Ziemi &#8211; w kr\u0119gu &#8211;<\/strong> pie\u015bni, wsp\u00f3lne \u015bpiewanie, rozmowy i medytacje,\u00a0podarunek w postaci pi\u0119knej koszulki lub sp\u00f3dnicy,\u00a0mo\u017cliwo\u015b\u0107 kupienia p\u0142yty i ksi\u0105\u017cki<\/p>\n<p><strong>Energia \u017ce\u0144ska i m\u0119ska w nas &#8211; w kr\u0119gu<\/strong> &#8211; spektakl muzyczny, wsp\u00f3lne \u015bpiewanie, wsp\u00f3lne wizualizacje i \u0107wiczenia w temacie pobudzenia energii m\u0119skiej i \u017ce\u0144skiej, rozmowy i medytacje,\u00a0podarunek w postaci pi\u0119knej koszulki lub sp\u00f3dnicy,\u00a0mo\u017cliwo\u015b\u0107 kupienia p\u0142yt i ksi\u0105\u017cek<\/p>\n<p><strong>Ryt Jare Gody &#8211; w kr\u0119gu<\/strong> &#8211; nauka i wsp\u00f3lne \u015bpiewy,\u00a0 wyk\u0142ad tematyczny, rytua\u0142, rozmowy, wr\u00f3\u017cby i medytacje, ryt przej\u015bcia (postrzy\u017cyny i zapleciny) dla zg\u0142oszonych dzieci ,\u00a0podarunek w postaci pi\u0119knej koszulki lub sp\u00f3dnicy,\u00a0mo\u017cliwo\u015b\u0107 kupienia p\u0142yt i ksi\u0105\u017cek<\/p>\n<p><strong>Ryt Kupa\u0142y &#8211;\u00a0\u00a0\u00a0w kr\u0119gu<\/strong> &#8211; nauka i wsp\u00f3lne \u015bpiewy,\u00a0 wyk\u0142ad tematyczny, rytua\u0142, rozmowy, wr\u00f3\u017cby i medytacje, ryt przej\u015bcia (ryt przej\u015bcia zr\u0119kowiny, za\u015blubiny dla zg\u0142oszonych par) ,\u00a0podarunek w postaci pi\u0119knej koszulki lub sp\u00f3dnicy,\u00a0mo\u017cliwo\u015b\u0107 kupienia p\u0142yt i ksi\u0105\u017cek<\/p>\n<p><strong>Ryt Dziady &#8211;\u00a0\u00a0w kr\u0119gu<\/strong> &#8211; nauka i wsp\u00f3lne \u015bpiewy,\u00a0 wyk\u0142ad tematyczny, rytua\u0142, rozmowy, wr\u00f3\u017cby i medytacje (ryt odprowadzania duszy dla zg\u0142oszonych os\u00f3b),\u00a0podarunek w postaci pi\u0119knej koszulki lub sp\u00f3dnicy,\u00a0mo\u017cliwo\u015b\u0107 kupienia p\u0142yt i ksi\u0105\u017cek<\/p>\n<p><strong>Ryt Szczodre Gody\u00a0 &#8211;\u00a0\u00a0w kr\u0119gu<\/strong> &#8211; nauka i wsp\u00f3lne \u015bpiewy,\u00a0 wyk\u0142ad tematyczny, rytua\u0142, rozmowy, wr\u00f3\u017cby i medytacje (ryt domykania i sp\u0142acania karmy rodowej oraz oczyszczania rodu dla zg\u0142oszonych os\u00f3b),\u00a0podarunek w postaci pi\u0119knej koszulki lub sp\u00f3dnicy,\u00a0mo\u017cliwo\u015b\u0107 kupienia p\u0142yt i ksi\u0105\u017cek<\/p>\n<p><strong>Ryt Pe\u0142nia Ksi\u0119\u017cyca &#8211; w kr\u0119gu<\/strong> &#8211; nauka i wsp\u00f3lne \u015bpiewy, wyk\u0142ad tematyczny, rytua\u0142, rozmowy, wr\u00f3\u017cby i medytacje (ryt inicjacji menstruacyjnej i zamkni\u0119cia cyklu menstruacji &#8211; menopauzalny, dla zg\u0142oszonych os\u00f3b) ,\u00a0podarunek w postaci pi\u0119knej koszulki lub sp\u00f3dnicy, mo\u017cliwo\u015b\u0107 kupienia p\u0142yt i ksi\u0105\u017cek<\/p>\n<p><strong>Energia \u017ce\u0144ska &#8211; w kr\u0119gu<\/strong> &#8211; wyk\u0142ad tematyczny, wsp\u00f3lne \u015bpiewy, ta\u0144ce i kreatywno\u015b\u0107, mo\u017cliwo\u015b\u0107 kupienia dost\u0119pu do kursu o energii \u017ce\u0144skiej (Dwana\u015bcie sfer\u00a0 \u017cycia wedle staro\u017cytnej wiedzy), mo\u017cliwo\u015b\u0107 kupienia ksi\u0105\u017cek na temat energii \u017ce\u0144skiej,\u00a0 gry planszowo-karcianej tematycznej i gra, wr\u00f3\u017cby, rozmowy i medytacje,\u00a0podarunek w postaci pi\u0119knej koszulki lub sp\u00f3dnicy<\/p>\n<p><strong>Energia m\u0119ska &#8211;\u00a0 w kr\u0119gu<\/strong> &#8211; wyk\u0142ad tematyczny, wsp\u00f3lne \u015bpiewy, ta\u0144ce i kreatywno\u015b\u0107, mo\u017cliwo\u015b\u0107 kupienia dost\u0119pu do kursu o energii m\u0119skiej (Dwana\u015bcie sfer\u00a0 \u017cycia wedle staro\u017cytnej wiedzy), mo\u017cliwo\u015b\u0107 kupienia ksi\u0105\u017cek na temat, gry planszowo-karcianej tematycznej i gra, wr\u00f3\u017cby, rozmowy i medytacje,\u00a0podarunek w postaci pi\u0119knej koszulki lub sp\u00f3dnicy<\/p>\n<p><strong>Zr\u00f3wnowa\u017cy\u0107 energie &#8211;\u00a0 w kr\u0119gu<\/strong> &#8211; wyk\u0142ad tematyczny, nauka podstaw operowania mieczem, kijem (kung fu) oraz pracy z energi\u0105 m\u0119sk\u0105 odcinania (Kali) , mo\u017cliwo\u015b\u0107 kupienia dost\u0119pu do kursu &#8222;Zr\u00f3wnowa\u017cy\u0107 energie&#8221; (Dwana\u015bcie sfer\u00a0 \u017cycia wedle staro\u017cytnej wiedzy), mo\u017cliwo\u015b\u0107 kupienia ksi\u0105\u017cek na temat energii m\u0119skiej, gry planszowo-karcianej tematycznej, i gra, wr\u00f3\u017cby, rozmowy i medytacje,\u00a0podarunek w postaci pi\u0119knej koszulki lub sp\u00f3dnicy<\/p>\n<p><strong>Samouzdrawianie &#8211;\u00a0 w kr\u0119gu<\/strong> &#8211; wyk\u0142ad tematyczny, wsp\u00f3lne \u015bpiewy, mo\u017cliwo\u015b\u0107 kupienia dost\u0119pu do kursu &#8222;Samouzdrawianie&#8221; (Dwana\u015bcie sfer\u00a0 \u017cycia wedle staro\u017cytnej wiedzy),mo\u017cliwo\u015b\u0107 kupienia ksi\u0105\u017cek na temat samouzdrawiania, mo\u017cliwo\u015b\u0107 kupienia gry planszowo-karcianej tematycznej i gra, wr\u00f3\u017cby, praktyczne porady w temacie samouzdrawiania,\u00a0 i nauka podstaw metody Reiki i Prana, wizualizacje i medytacje,\u00a0podarunek w postaci pi\u0119knej koszulki lub sp\u00f3dnicy<\/p>\n<p><strong>Dziecko w tobie i twoje dziecko\u00a0&#8211;\u00a0 w kr\u0119gu<\/strong> &#8211; wyk\u0142ad tematyczny, wsp\u00f3lne \u015bpiewy, mo\u017cliwo\u015b\u0107 kupienia dost\u0119pu do kursu &#8222;Dziecko w tobie i twoje dziecko&#8221; (Dwana\u015bcie sfer\u00a0 \u017cycia wedle staro\u017cytnej wiedzy), mo\u017cliwo\u015b\u0107 kupienia ksi\u0105\u017cek na temat rozwoju cz\u0142owieka, mo\u017cliwo\u015b\u0107 kupienia gry planszowo-karcianej tematycznej i gra, wr\u00f3\u017cby, praktyczne porady w temacie, medytacje,\u00a0podarunek w postaci pi\u0119knej koszulki lub sp\u00f3dnicy<\/p>\n<p><strong>Rodzicielstwo i edukacja-\u00a0 w kr\u0119gu<\/strong> &#8211; wyk\u0142ad tematyczny,\u00a0 mo\u017cliwo\u015b\u0107 kupienia dost\u0119pu do kursu &#8222;Rodzicielstwo i edukacja&#8221; (Dwana\u015bcie sfer\u00a0 \u017cycia wedle staro\u017cytnej wiedzy), mo\u017cliwo\u015b\u0107 kupienia ksi\u0105\u017cek na temat wychowania, edukacji , mo\u017cliwo\u015b\u0107 kupienia gry planszowo-karcianej tematycznej i gra, praktyczne porady w temacie wyboru edukacji dzieci, edukacji domowej i problem\u00f3w rodzicielskich, medytacje, rozmowy, podarunek w postaci pi\u0119knej koszulki lub sp\u00f3dnicy<\/p>\n<p><strong>Kreacja &#8211;\u00a0 w kr\u0119gu<\/strong> &#8211; wyk\u0142ad tematyczny, wsp\u00f3lne \u015bpiewy i kreatywno\u015b\u0107, mo\u017cliwo\u015b\u0107 kupienia dost\u0119pu do kursu &#8222;Kreacja&#8221; (Dwana\u015bcie sfer\u00a0 \u017cycia wedle staro\u017cytnej wiedzy), mo\u017cliwo\u015b\u0107 kupienia ksi\u0105\u017cek na temat kreatywno\u015bci oraz ksi\u0105\u017cek z poezj\u0105 i proz\u0105, mo\u017cliwo\u015b\u0107 kupienia gry planszowo-karcianej tematycznej i gra, wr\u00f3\u017cby, praktyczne porady w temacie rozwoju swojej kreatywno\u015bci oraz pisarstwa, medytacje,\u00a0podarunek w postaci pi\u0119knej koszulki lub sp\u00f3dnicy<\/p>\n<p><strong>Samowiedza &#8211;\u00a0 w kr\u0119gu<\/strong> &#8211; wyk\u0142ad tematyczny, mo\u017cliwo\u015b\u0107 kupienia dost\u0119pu do kursu tematycznego o samowiedzy (Dwana\u015bcie sfer\u00a0 \u017cycia wedle staro\u017cytnej wiedzy), mo\u017cliwo\u015b\u0107 kupienia ksi\u0105\u017cek na temat sposob\u00f3w poznawania siebie i rozwoju cz\u0142owieka, mo\u017cliwo\u015b\u0107 kupienia gry planszowo-karcianej tematycznej i gra, rozmowy o astrologii, numerologii, tarocie i samopoznaniu, medytacje,\u00a0podarunek w postaci pi\u0119knej koszulki lub sp\u00f3dnicy<\/p>\n<p><strong>Symbole &#8211;\u00a0 w kr\u0119gu<\/strong> &#8211; wyk\u0142ad tematyczny, mo\u017cliwo\u015b\u0107 kupienia dost\u0119pu do kursu tematycznego online (Dwana\u015bcie sfer\u00a0 \u017cycia wedle staro\u017cytnej wiedzy),mo\u017cliwo\u015b\u0107 kupienia ksi\u0105\u017cek w temacie symboli, mo\u017cliwo\u015b\u0107 kupienia gry planszowo-karcianej tematycznej i gra, wr\u00f3\u017cby i rozmowy o j\u0119zyku, magii, symbolach, \u015bwi\u0119tej geometrii, medytacje,\u00a0podarunek w postaci pi\u0119knej koszulki lub sp\u00f3dnicy<\/p>\n<p><strong>J\u0119zyk i magia-\u00a0 w kr\u0119gu<\/strong> &#8211; wyk\u0142ad o j\u0119zyku, mo\u017cliwo\u015b\u0107 kupienia dost\u0119pu do kursu tematycznego online (Dwana\u015bcie sfer\u00a0 \u017cycia wedle staro\u017cytnej wiedzy), mo\u017cliwo\u015b\u0107 kupienia ksi\u0105\u017cek w temacie j\u0119zyka ,mo\u017cliwo\u015b\u0107 kupienia gry planszowo-karcianej tematycznej i gra, wr\u00f3\u017cby i rozmowy o j\u0119zyku, s\u0142owach nazwach i magii,\u00a0 medytacje,\u00a0podarunek w postaci pi\u0119knej koszulki lub sp\u00f3dnicy<\/p>\n<p><strong>NAtura i Wszech\u015bwiat\u00a0&#8211;\u00a0 w kr\u0119gu<\/strong> &#8211; wyk\u0142ad tematyczny, mo\u017cliwo\u015b\u0107 kupienia dost\u0119pu do kursu tematycznego online (Dwana\u015bcie sfer\u00a0 \u017cycia wedle staro\u017cytnej wiedzy), mo\u017cliwo\u015b\u0107 kupienia ksi\u0105\u017cek w temacie , mo\u017cliwo\u015b\u0107 kupienia gry planszowo-karcianej tematycznej i gra, wr\u00f3\u017cby i rozmowy o przyrodzie, totemach, cywilizacji, naszym miejscu we wszech\u015bwiecie,\u00a0 medytacje,\u00a0podarunek w postaci pi\u0119knej koszulki lub sp\u00f3dnicy<\/p>\n<p><strong>Zwi\u0105zek i R\u00f3d\u00a0 &#8211;\u00a0 w kr\u0119gu<\/strong> &#8211; wyk\u0142ad o j\u0119zyku, mo\u017cliwo\u015b\u0107 kupienia dost\u0119pu do kursu tematycznego online (Dwana\u015bcie sfer\u00a0 \u017cycia wedle staro\u017cytnej wiedzy), mo\u017cliwo\u015b\u0107 kupienia ksi\u0105\u017cek w temacie j\u0119zyka , mo\u017cliwo\u015b\u0107 kupienia gry planszowo-karcianej tematycznej i gra, wr\u00f3\u017cby i rozmowy o naszym rodzie i jego problemach, karmie,\u00a0 medytacje,\u00a0podarunek w postaci pi\u0119knej koszulki lub sp\u00f3dnicy<\/p>\n<p><strong>Podstawowa wiedza o j\u0119zyku &#8212;\u00a0 w kr\u0119gu<\/strong> &#8211; wyk\u0142ad o j\u0119zyku, mo\u017cliwo\u015b\u0107 kupienia dost\u0119pu do kursu tematycznego online (Matryca j\u0119zyka) , mo\u017cliwo\u015b\u0107 kupienia ksi\u0105\u017cek w temacie j\u0119zyka i gramatyki, mo\u017cliwo\u015b\u0107 kupienia gry planszowo-karcianej tematycznej i gra, wr\u00f3\u017cby i rozmowy o naszym rodzie i jego problemach, karmie,\u00a0 medytacje,\u00a0podarunek w postaci pi\u0119knej koszulki lub sp\u00f3dnicy<\/p>\n<p><strong>G\u0142oskownia\u00a0&#8212;\u00a0 w kr\u0119gu<\/strong> &#8211; wyk\u0142ad o j\u0119zyku, mo\u017cliwo\u015b\u0107 kupienia dost\u0119pu do kursu tematycznego online (Matryca j\u0119zyka) ,mo\u017cliwo\u015b\u0107 kupienia ksi\u0105\u017cek w temacie j\u0119zyka i gramatyki , mo\u017cliwo\u015b\u0107 kupienia gry planszowo-karcianej tematycznej i gra, wr\u00f3\u017cby i rozmowy o naszym rodzie i jego problemach, karmie,\u00a0 medytacje,\u00a0podarunek w postaci pi\u0119knej koszulki lub sp\u00f3dnicy<\/p>\n<p><strong>S\u0142owotw\u00f3rstwo i odmiana\u00a0&#8211;\u00a0 w kr\u0119gu<\/strong> &#8211; wyk\u0142ad o j\u0119zyku, mo\u017cliwo\u015b\u0107 kupienia dost\u0119pu do kursu tematycznego online (Matryca j\u0119zyka) , mo\u017cliwo\u015b\u0107 kupienia ksi\u0105\u017cek w temacie j\u0119zyka i gramatyki , mo\u017cliwo\u015b\u0107 kupienia gry planszowo-karcianej tematycznej i gra, wr\u00f3\u017cby i rozmowy o naszym rodzie i jego problemach, karmie,\u00a0 medytacje,\u00a0podarunek w postaci pi\u0119knej koszulki lub sp\u00f3dnicy<\/p>\n<p><strong>Sk\u0142adnia\u00a0&#8212;\u00a0 w kr\u0119gu<\/strong> &#8211; wyk\u0142ad o j\u0119zyku, mo\u017cliwo\u015b\u0107 kupienia dost\u0119pu do kursu tematycznego online (Matryca j\u0119zyka) , mo\u017cliwo\u015b\u0107 kupienia ksi\u0105\u017cek w temacie j\u0119zyka i gramatyki , mo\u017cliwo\u015b\u0107 kupienia gry planszowo-karcianej tematycznej i gra, wr\u00f3\u017cby i rozmowy o naszym rodzie i jego problemach, karmie,\u00a0 medytacje,\u00a0podarunek w postaci pi\u0119knej koszulki lub sp\u00f3dnicy<\/p>\n<p><strong>Por\u00f3wnanie j\u0119zyk\u00f3w\u00a0\u00a0&#8212;\u00a0 w kr\u0119gu<\/strong> &#8211; wyk\u0142ad , mo\u017cliwo\u015b\u0107 kupienia dost\u0119pu do kursu tematycznego online (Matryca j\u0119zyka) , mo\u017cliwo\u015b\u0107 kupienia ksi\u0105\u017cek w temacie j\u0119zyka i gramatyki , mo\u017cliwo\u015b\u0107 kupienia gry planszowo-karcianej tematycznej i gra, wr\u00f3\u017cby i rozmowy o naszym rodzie i jego problemach, karmie,\u00a0 medytacje,\u00a0podarunek w postaci pi\u0119knej koszulki lub sp\u00f3dnicy<\/p>\n<p><strong>G\u0142\u0119boka wiedza o j\u0119zyku\u00a0&#8212;\u00a0 w kr\u0119gu<\/strong> &#8211; wyk\u0142ad, mo\u017cliwo\u015b\u0107 kupienia dost\u0119pu do kursu tematycznego online (Matryca j\u0119zyka) , mo\u017cliwo\u015b\u0107 kupienia ksi\u0105\u017cek w temacie j\u0119zyka i gramatyki , gry planszowo-karcianej tematycznej i gra, wr\u00f3\u017cby i rozmowy o naszym rodzie i jego problemach, karmie,\u00a0 medytacje,\u00a0podarunek w postaci pi\u0119knej koszulki lub sp\u00f3dnicy<\/p>\n<p><strong>Archetypy zodiakalne\u00a0&#8212;\u00a0 w kr\u0119gu<\/strong> &#8211; wyk\u0142ad , mo\u017cliwo\u015b\u0107 kupienia dost\u0119pu do kursu tematycznego online (Archetypy) , mo\u017cliwo\u015b\u0107 kupienia ksi\u0105\u017cek w temacie j\u0119zyka i gramatyki ,\u00a0 gry planszowo-karcianej tematycznej i gra, wr\u00f3\u017cby i rozmowy o naszym rodzie i jego problemach, karmie,\u00a0 medytacje,\u00a0podarunek w postaci pi\u0119knej koszulki lub sp\u00f3dnicy<\/p>\n<p><strong>Archetypy nakszatr\u00a0&#8212;\u00a0 w kr\u0119gu<\/strong> &#8211; wyk\u0142ad , mo\u017cliwo\u015b\u0107 kupienia dost\u0119pu do kursu tematycznego online (Archetypy) , mo\u017cliwo\u015b\u0107 kupienia ksi\u0105\u017cek w temacie j\u0119zyka i gramatyki , mo\u017cliwo\u015b\u0107 kupienia gry planszowo-karcianej tematycznej i gra, wr\u00f3\u017cby i rozmowy o naszym rodzie i jego problemach, karmie,\u00a0 medytacje,\u00a0podarunek w postaci pi\u0119knej koszulki lub sp\u00f3dnicy<\/p>\n<p><strong>Archetypy mitologiczne\u00a0&#8212;\u00a0 w kr\u0119gu<\/strong> &#8211; wyk\u0142ad, mo\u017cliwo\u015b\u0107 kupienia dost\u0119pu do kursu tematycznego online (Archetypy) , mo\u017cliwo\u015b\u0107 kupienia w temacie j\u0119zyka i gramatyki , mo\u017cliwo\u015b\u0107 kupienia gry planszowo-karcianej tematycznej i gra, wr\u00f3\u017cby i rozmowy,\u00a0 medytacje,\u00a0podarunek w postaci pi\u0119knej koszulki lub sp\u00f3dnicy<\/p>\n<p><strong>Temperamenty i \u017cywio\u0142y\u00a0\u00a0&#8212;\u00a0 w kr\u0119gu<\/strong> &#8211; wyk\u0142ad , mo\u017cliwo\u015b\u0107 kupienia dost\u0119pu do kursu tematycznego online (Archetypy) , mo\u017cliwo\u015b\u0107 kupienia ksi\u0105\u017cek w temacie j\u0119zyka i gramatyki , mo\u017cliwo\u015b\u0107 kupienia gry planszowo-karcianej tematycznej i gra, wr\u00f3\u017cby i rozmowy,\u00a0 medytacje,\u00a0podarunek w postaci pi\u0119knej koszulki lub sp\u00f3dnicy<\/p>\n<p><strong>Archetypy MBTI\u00a0\u00a0&#8212;\u00a0 w kr\u0119gu<\/strong> &#8211; wyk\u0142ad , mo\u017cliwo\u015b\u0107 kupienia dost\u0119pu do kursu tematycznego online (Archetypy) , mo\u017cliwo\u015b\u0107 kupienia ksi\u0105\u017cek w temacie j\u0119zyka i gramatyki , gry planszowo-karcianej tematycznej i gra, wr\u00f3\u017cby i rozmowy,\u00a0 medytacje,\u00a0podarunek w postaci pi\u0119knej koszulki lub sp\u00f3dnicy<\/p>\n<p><strong>Archetypy JUNGa\u00a0\u00a0&#8212;\u00a0 w kr\u0119gu<\/strong> &#8211; wyk\u0142ad , mo\u017cliwo\u015b\u0107 kupienia dost\u0119pu do kursu tematycznego online (Archetypy) , mo\u017cliwo\u015b\u0107 kupienia ksi\u0105\u017cek w temacie j\u0119zyka i gramatyki , mo\u017cliwo\u015b\u0107 kupienia gry planszowo-karcianej tematycznej i gra, wr\u00f3\u017cby i rozmowy,\u00a0 medytacje,\u00a0podarunek w postaci pi\u0119knej koszulki lub sp\u00f3dnicy<\/p>\n<p><strong>\u00a0Astrologia tropikalna &#8211;\u00a0&#8212;\u00a0 w kr\u0119gu<\/strong> &#8211; wyk\u0142ad , mo\u017cliwo\u015b\u0107 kupienia dost\u0119pu do kursu tematycznego online (Wiedza ArioS\u0142owian ) , mo\u017cliwo\u015b\u0107 kupienia ksi\u0105\u017cek w temacie j\u0119zyka i gramatyki , gry planszowo-karcianej tematycznej i gra, rozmowy,\u00a0 medytacje,\u00a0podarunek w postaci pi\u0119knej koszulki lub sp\u00f3dnicy<\/p>\n<p><strong>\u00a0Astrologia wedyjska&#8211;\u00a0 w kr\u0119gu<\/strong> &#8211; wyk\u0142ad , mo\u017cliwo\u015b\u0107 kupienia dost\u0119pu do kursu tematycznego online (Wiedza ArioS\u0142owian ) , mo\u017cliwo\u015b\u0107 kupienia ksi\u0105\u017cek w temacie j\u0119zyka i gramatyki , gry planszowo-karcianej tematycznej i gra, rozmowy,\u00a0 medytacje,\u00a0podarunek w postaci pi\u0119knej koszulki lub sp\u00f3dnicy<\/p>\n<p><strong>Numerologia\u00a0&#8212;\u00a0 w kr\u0119gu<\/strong> &#8211; wyk\u0142ad , mo\u017cliwo\u015b\u0107 kupienia dost\u0119pu do kursu tematycznego online (Wiedza ArioS\u0142owian ) , mo\u017cliwo\u015b\u0107 kupienia ksi\u0105\u017cek w temacie j\u0119zyka i gramatyki ,\u00a0 gry planszowo-karcianej tematycznej i gra, wr\u00f3\u017cby i rozmowy,\u00a0 medytacje,\u00a0podarunek w postaci pi\u0119knej koszulki lub sp\u00f3dnicy<\/p>\n<p><strong>Human Design&#8211;\u00a0 w kr\u0119gu<\/strong> &#8211; wyk\u0142ad , mo\u017cliwo\u015b\u0107 kupienia dost\u0119pu do kursu tematycznego online (Wiedza ArioS\u0142owian ) , mo\u017cliwo\u015b\u0107 kupienia ksi\u0105\u017cek w temacie j\u0119zyka i gramatyki , gry planszowo-karcianej tematycznej i gra, wr\u00f3\u017cby i rozmowy,\u00a0 medytacje,\u00a0podarunek w postaci pi\u0119knej koszulki lub sp\u00f3dnicy<\/p>\n<p><strong>Tarot i tajemnica holistycznego podej\u015bcia\u00a0&#8212;\u00a0 w kr\u0119gu<\/strong> &#8211; wyk\u0142ad, mo\u017cliwo\u015b\u0107 kupienia dost\u0119pu do kursu tematycznego online (Wiedza ArioS\u0142owian ) , mo\u017cliwo\u015b\u0107 kupienia ksi\u0105\u017cek w temacie\u00a0 , gry planszowo-karcianej tematycznej i gra, wr\u00f3\u017cby i rozmowy,\u00a0 medytacje,\u00a0podarunek w postaci pi\u0119knej koszulki lub sp\u00f3dnicy<\/p>","protected":false},"excerpt":{"rendered":"<p>&nbsp; &nbsp; SPOTKANIA W KR\u0118GU DLA WSZYSTKICH &nbsp; CA\u0141ODNIOWE WYJAZDOWE SPOTKANIE W KR\u0118GU (w trakcie dost\u0119pne przek\u0105ski i posi\u0142ki) JING [&hellip;]<\/p>","protected":false},"author":2,"featured_media":0,"parent":0,"menu_order":0,"comment_status":"closed","ping_status":"closed","template":"","meta":{"_bbp_topic_count":0,"_bbp_reply_count":0,"_bbp_total_topic_count":0,"_bbp_total_reply_count":0,"_bbp_voice_count":0,"_bbp_anonymous_reply_count":0,"_bbp_topic_count_hidden":0,"_bbp_reply_count_hidden":0,"_bbp_forum_subforum_count":0,"_uag_custom_page_level_css":"","footnotes":""},"class_list":["post-10765","page","type-page","status-publish","hentry"],"spectra_custom_meta":{"_edit_lock":["1719592756:2"],"_edit_last":["2"],"_wp_page_template":["default"],"_uag_page_assets":["a:9:{s:3:\"css\";s:0:\"\";s:2:\"js\";s:0:\"\";s:18:\"current_block_list\";a:0:{}s:8:\"uag_flag\";b:0;s:11:\"uag_version\";s:10:\"1776190721\";s:6:\"gfonts\";a:0:{}s:10:\"gfonts_url\";s:0:\"\";s:12:\"gfonts_files\";a:0:{}s:14:\"uag_faq_layout\";b:0;}"]},"uagb_featured_image_src":{"full":false,"thumbnail":false,"medium":false,"medium_large":false,"large":false,"1536x1536":false,"2048x2048":false,"trp-custom-language-flag":false,"illdy-blog-list":false,"illdy-widget-recent-posts":false,"illdy-blog-post-related-articles":false,"illdy-front-page-latest-news":false,"illdy-front-page-testimonials":false,"illdy-front-page-projects":false,"illdy-front-page-person":false},"uagb_author_info":{"display_name":"Joanna Choluj","author_link":"https:\/\/joannacholuj.pl\/en\/blog\/author\/joannacholuj\/"},"uagb_comment_info":0,"uagb_excerpt":"&nbsp; &nbsp; SPOTKANIA W KR\u0118GU DLA WSZYSTKICH &nbsp; CA\u0141ODNIOWE WYJAZDOWE SPOTKANIE W KR\u0118GU (w trakcie dost\u0119pne przek\u0105ski i posi\u0142ki) JING [&hellip;]","_links":{"self":[{"href":"https:\/\/joannacholuj.pl\/en\/wp-json\/wp\/v2\/pages\/10765"}],"collection":[{"href":"https:\/\/joannacholuj.pl\/en\/wp-json\/wp\/v2\/pages"}],"about":[{"href":"https:\/\/joannacholuj.pl\/en\/wp-json\/wp\/v2\/types\/page"}],"author":[{"embeddable":true,"href":"https:\/\/joannacholuj.pl\/en\/wp-json\/wp\/v2\/users\/2"}],"replies":[{"embeddable":true,"href":"https:\/\/joannacholuj.pl\/en\/wp-json\/wp\/v2\/comments?post=10765"}],"version-history":[{"count":9,"href":"https:\/\/joannacholuj.pl\/en\/wp-json\/wp\/v2\/pages\/10765\/revisions"}],"predecessor-version":[{"id":11377,"href":"https:\/\/joannacholuj.pl\/en\/wp-json\/wp\/v2\/pages\/10765\/revisions\/11377"}],"wp:attachment":[{"href":"https:\/\/joannacholuj.pl\/en\/wp-json\/wp\/v2\/media?parent=10765"}],"curies":[{"name":"wp","href":"https:\/\/api.w.org\/{rel}","templated":true}]}}