{"id":10360,"date":"2023-12-13T19:29:00","date_gmt":"2023-12-13T18:29:00","guid":{"rendered":"http:\/\/joannacholuj.pl\/?page_id=10360"},"modified":"2023-12-15T21:13:54","modified_gmt":"2023-12-15T20:13:54","slug":"kup-prawdziwe-znaczenie-polskich-slow-tom-2-elektro","status":"publish","type":"page","link":"https:\/\/joannacholuj.pl\/en\/kup-prawdziwe-znaczenie-polskich-slow-tom-2-elektro\/","title":{"rendered":"Kup Prawdziwe znaczenie polskich s\u0142\u00f3w\u00a0tom 2 elektro"},"content":{"rendered":"<h3 style=\"text-align: center;\">Kup Prawdziwe znaczenie polskich s\u0142\u00f3w<\/h3>\n<h3 style=\"text-align: center;\">volume 2<\/h3>\n<h3 style=\"text-align: center;\">w elektronicznej wersji<\/h3>\n<ol>\n<li>Wp\u0142a\u0107 pieni\u0105dze<\/li>\n<\/ol>\n<p><strong>PAYPAL\u00a0 &#8211; 45 z\u0142\u00a0 (paypal pobiera dodatkowo)<\/strong><\/p>\n<div id=\"tw-target-text-container\" class=\"tw-ta-container tw-nfl\">\n<p>email:\u00a0 \u00a0jc@joannacholuj.pl<\/p>\n<p>&nbsp;<\/p>\n<\/div>\n<p><strong>PRZELEW NA KONTO BANKOWE &#8211; 40 z\u0142\u00a0<\/strong><\/p>\n<div id=\"tw-target-text-container\" class=\"tw-ta-container tw-nfl\">\n<p>PKO BP Joanna Cho\u0142uj\u00a0 74 1020 1097 0000 7402 0143 7458<\/p>\n<p>Kod BIC PKO Banku Polskiego SA:\u00a0BPKOPLPW<\/p>\n<p>IBAN &#8211;&gt; PL74 1020 1097 0000 7402 0143 7458<\/p>\n<p><strong>W TEMACIE PRZELEWU WPISUJEMY &#8222;DAROWIZNA&#8221; i dodajemy dok\u0142adn\u0105 nazw\u0119 produktu.<\/strong><\/p>\n<\/div>\n<p>&nbsp;<\/p>\n<p>2. Wy\u015blij email z informacj\u0105 o zakupie &#8211; jc@joannacholuj.pl<\/p>\n<p>3. Dostaniesz ode mnie email potwierdzaj\u0105cy wp\u0142yw pieni\u0119dzy i plik ksi\u0105\u017cki<\/p>\n<hr \/>\n<p>&nbsp;<\/p>\n<p>Dzi\u0119kuj\u0119<\/p>\n<p>&nbsp;<\/p>\n<p>&nbsp;<\/p>","protected":false},"excerpt":{"rendered":"<p>Kup Prawdziwe znaczenie polskich s\u0142\u00f3w tom 2 w elektronicznej wersji Wp\u0142a\u0107 pieni\u0105dze PAYPAL\u00a0 &#8211; 45 z\u0142\u00a0 (paypal pobiera dodatkowo) email:\u00a0 [&hellip;]<\/p>","protected":false},"author":2,"featured_media":0,"parent":0,"menu_order":0,"comment_status":"closed","ping_status":"closed","template":"","meta":{"_bbp_topic_count":0,"_bbp_reply_count":0,"_bbp_total_topic_count":0,"_bbp_total_reply_count":0,"_bbp_voice_count":0,"_bbp_anonymous_reply_count":0,"_bbp_topic_count_hidden":0,"_bbp_reply_count_hidden":0,"_bbp_forum_subforum_count":0,"_uag_custom_page_level_css":"","footnotes":""},"class_list":["post-10360","page","type-page","status-publish","hentry"],"spectra_custom_meta":{"_edit_lock":["1702671097:2"],"_edit_last":["2"],"_wp_page_template":["default"],"_uag_page_assets":["a:9:{s:3:\"css\";s:0:\"\";s:2:\"js\";s:0:\"\";s:18:\"current_block_list\";a:0:{}s:8:\"uag_flag\";b:0;s:11:\"uag_version\";s:10:\"1778556554\";s:6:\"gfonts\";a:0:{}s:10:\"gfonts_url\";s:0:\"\";s:12:\"gfonts_files\";a:0:{}s:14:\"uag_faq_layout\";b:0;}"]},"uagb_featured_image_src":{"full":false,"thumbnail":false,"medium":false,"medium_large":false,"large":false,"1536x1536":false,"2048x2048":false,"trp-custom-language-flag":false,"illdy-blog-list":false,"illdy-widget-recent-posts":false,"illdy-blog-post-related-articles":false,"illdy-front-page-latest-news":false,"illdy-front-page-testimonials":false,"illdy-front-page-projects":false,"illdy-front-page-person":false},"uagb_author_info":{"display_name":"Joanna Choluj","author_link":"https:\/\/joannacholuj.pl\/en\/blog\/author\/joannacholuj\/"},"uagb_comment_info":0,"uagb_excerpt":"Kup Prawdziwe znaczenie polskich s\u0142\u00f3w tom 2 w elektronicznej wersji Wp\u0142a\u0107 pieni\u0105dze PAYPAL\u00a0 &#8211; 45 z\u0142\u00a0 (paypal pobiera dodatkowo) email:\u00a0 [&hellip;]","_links":{"self":[{"href":"https:\/\/joannacholuj.pl\/en\/wp-json\/wp\/v2\/pages\/10360"}],"collection":[{"href":"https:\/\/joannacholuj.pl\/en\/wp-json\/wp\/v2\/pages"}],"about":[{"href":"https:\/\/joannacholuj.pl\/en\/wp-json\/wp\/v2\/types\/page"}],"author":[{"embeddable":true,"href":"https:\/\/joannacholuj.pl\/en\/wp-json\/wp\/v2\/users\/2"}],"replies":[{"embeddable":true,"href":"https:\/\/joannacholuj.pl\/en\/wp-json\/wp\/v2\/comments?post=10360"}],"version-history":[{"count":2,"href":"https:\/\/joannacholuj.pl\/en\/wp-json\/wp\/v2\/pages\/10360\/revisions"}],"predecessor-version":[{"id":10519,"href":"https:\/\/joannacholuj.pl\/en\/wp-json\/wp\/v2\/pages\/10360\/revisions\/10519"}],"wp:attachment":[{"href":"https:\/\/joannacholuj.pl\/en\/wp-json\/wp\/v2\/media?parent=10360"}],"curies":[{"name":"wp","href":"https:\/\/api.w.org\/{rel}","templated":true}]}}