{"id":10158,"date":"2023-12-12T22:00:24","date_gmt":"2023-12-12T21:00:24","guid":{"rendered":"http:\/\/joannacholuj.pl\/?page_id=10158"},"modified":"2024-12-03T08:14:14","modified_gmt":"2024-12-03T07:14:14","slug":"sklep-analizy-i-konsultacje","status":"publish","type":"page","link":"https:\/\/joannacholuj.pl\/en\/sklep-analizy-i-konsultacje\/","title":{"rendered":"Sklep Analizy i Konsultacje"},"content":{"rendered":"<p><\/p>\n\n\n\n<h3 class=\"wp-block-heading has-text-align-center\">UNDERSTAND YOUR MATRIX<\/h3>\n\n\n\n<p><\/p>\n\n\n<div class=\"wp-block-image\">\n<figure class=\"aligncenter size-full is-resized\"><img loading=\"lazy\" decoding=\"async\" width=\"455\" height=\"600\" src=\"http:\/\/joannacholuj.pl\/wp-content\/uploads\/2024\/09\/458300764_10164088439585299_4837677541264731666_n.jpg\" alt=\"\" class=\"wp-image-12886\" style=\"width:156px;height:auto\" srcset=\"https:\/\/joannacholuj.pl\/wp-content\/uploads\/2024\/09\/458300764_10164088439585299_4837677541264731666_n.jpg 455w, https:\/\/joannacholuj.pl\/wp-content\/uploads\/2024\/09\/458300764_10164088439585299_4837677541264731666_n-228x300.jpg 228w\" sizes=\"(max-width: 455px) 100vw, 455px\" \/><\/figure><\/div>\n\n\n<p class=\"has-text-align-center\">TW\u00d3J PROCES &#8211; SERIA 6 SESJI<\/p>\n\n\n\n<p class=\"has-text-align-center\"> 611 USD<\/p>\n\n\n\n<h4 class=\"wp-block-heading has-text-align-center\"><a href=\"https:\/\/joannacholuj.pl\/en\/kup-8-serie-sesji\/\">BUY<\/a><\/h4>\n\n\n\n<p class=\"has-text-align-center\"><a href=\"https:\/\/joannacholuj.pl\/en\/konsultacje_\/\">OPIS<\/a><\/p>\n\n\n\n<p><\/p>\n\n\n<p><a href=\"http:\/\/joannacholuj.pl\/en\/kup-analize-holistyczna\/\"><img loading=\"lazy\" decoding=\"async\" class=\"aligncenter wp-image-10599\" src=\"http:\/\/joannacholuj.pl\/wp-content\/uploads\/2023\/12\/Zrzut-ekranu-511-300x169.jpg\" alt=\"\" width=\"261\" height=\"147\" srcset=\"https:\/\/joannacholuj.pl\/wp-content\/uploads\/2023\/12\/Zrzut-ekranu-511-300x169.jpg 300w, https:\/\/joannacholuj.pl\/wp-content\/uploads\/2023\/12\/Zrzut-ekranu-511-768x432.jpg 768w, https:\/\/joannacholuj.pl\/wp-content\/uploads\/2023\/12\/Zrzut-ekranu-511-1024x576.jpg 1024w, https:\/\/joannacholuj.pl\/wp-content\/uploads\/2023\/12\/Zrzut-ekranu-511.jpg 1163w\" sizes=\"(max-width: 261px) 100vw, 261px\" \/><\/a><\/p>\n<p style=\"text-align: center;\"><span style=\"text-decoration: underline;\">HOLISTYCZNA <\/span><span style=\"text-decoration: underline;\">\u00a0<\/span>ANALYSIS \nOF YOUR LIFE CODE<\/p>\n<p style=\"text-align: center;\"><strong>CENA<\/strong>: 170 USD. 650 PLN.\u00a0<\/p>\n<h3 style=\"text-align: center;\"><a href=\"https:\/\/joannacholuj.pl\/en\/platnosc-analiza-pelna\/\">BUY<\/a><\/h3>\n<p style=\"text-align: center;\"><a href=\"https:\/\/joannacholuj.pl\/en\/konsultacje_\/\">OPIS<\/a><\/p>\n<hr \/>\n<hr \/>\n<h3 style=\"text-align: left;\"><img loading=\"lazy\" decoding=\"async\" class=\"wp-image-11805 aligncenter\" src=\"http:\/\/joannacholuj.pl\/wp-content\/uploads\/2024\/07\/IMG_2313donem-300x200.jpg\" alt=\"\" width=\"269\" height=\"179\" srcset=\"https:\/\/joannacholuj.pl\/wp-content\/uploads\/2024\/07\/IMG_2313donem-300x200.jpg 300w, https:\/\/joannacholuj.pl\/wp-content\/uploads\/2024\/07\/IMG_2313donem-768x512.jpg 768w, https:\/\/joannacholuj.pl\/wp-content\/uploads\/2024\/07\/IMG_2313donem-750x500.jpg 750w, https:\/\/joannacholuj.pl\/wp-content\/uploads\/2024\/07\/IMG_2313donem.jpg 960w\" sizes=\"(max-width: 269px) 100vw, 269px\" \/><\/h3>\n<p style=\"text-align: center;\"><span style=\"font-size: px;\">HOLISTIC ANALYSIS OF THE LIFE CODE <span style=\"text-decoration: underline;\">YOUR CHILD<\/span><\/span><\/p>\n<p style=\"text-align: center;\"><strong>CENA<\/strong>: 170 USD. 650 PLN.\u00a0<\/p>\n<p style=\"text-align: center;\"><a href=\"https:\/\/joannacholuj.pl\/en\/platnosc-analiza-dziecka\/\">BUY<\/a><\/p>\n<p style=\"text-align: center;\"><a href=\"https:\/\/joannacholuj.pl\/en\/konsultacje_\/\">OPIS<\/a><\/p>\n<hr \/>\n<h3><img loading=\"lazy\" decoding=\"async\" class=\"wp-image-10097 aligncenter\" src=\"http:\/\/joannacholuj.pl\/wp-content\/uploads\/2023\/12\/359817094_10163033555750299_3354091893263470844_n-225x300.jpg\" alt=\"\" width=\"186\" height=\"248\" srcset=\"https:\/\/joannacholuj.pl\/wp-content\/uploads\/2023\/12\/359817094_10163033555750299_3354091893263470844_n-225x300.jpg 225w, https:\/\/joannacholuj.pl\/wp-content\/uploads\/2023\/12\/359817094_10163033555750299_3354091893263470844_n.jpg 526w\" sizes=\"(max-width: 186px) 100vw, 186px\" \/><\/h3>\n<p style=\"text-align: center;\">KONSULTACJA do Twojej dyspozycji 1h\u00a0<\/p>\n<p style=\"text-align: center;\"><strong>CENA za 1h<\/strong>: 50 USD . 200 PLN .<\/p>\n<h3 style=\"text-align: center;\"><a href=\"https:\/\/joannacholuj.pl\/en\/platnosc-konsultacja\/\">BUY<\/a><\/h3>\n<p style=\"text-align: center;\"><a href=\"https:\/\/joannacholuj.pl\/en\/konsultacje_\/\">OPIS<\/a><\/p>\n<h3 style=\"text-align: center;\">PRZEKROCZ SW\u00d3J MATRIX<\/h3>\n<hr \/>\n<p style=\"text-align: center;\"><img loading=\"lazy\" decoding=\"async\" class=\"wp-image-11681 aligncenter\" src=\"http:\/\/joannacholuj.pl\/wp-content\/uploads\/2024\/07\/20220403_2041072-300x300.jpg\" alt=\"\" width=\"237\" height=\"237\" srcset=\"https:\/\/joannacholuj.pl\/wp-content\/uploads\/2024\/07\/20220403_2041072-300x300.jpg 300w, https:\/\/joannacholuj.pl\/wp-content\/uploads\/2024\/07\/20220403_2041072-150x150.jpg 150w, https:\/\/joannacholuj.pl\/wp-content\/uploads\/2024\/07\/20220403_2041072-70x70.jpg 70w, https:\/\/joannacholuj.pl\/wp-content\/uploads\/2024\/07\/20220403_2041072-127x127.jpg 127w, https:\/\/joannacholuj.pl\/wp-content\/uploads\/2024\/07\/20220403_2041072-476x476.jpg 476w, https:\/\/joannacholuj.pl\/wp-content\/uploads\/2024\/07\/20220403_2041072-125x125.jpg 125w, https:\/\/joannacholuj.pl\/wp-content\/uploads\/2024\/07\/20220403_2041072.jpg 653w\" sizes=\"(max-width: 237px) 100vw, 237px\" \/><\/p>\n<p style=\"text-align: center;\">MAGIC AND ALCHEMY DEPTH SESSION \u2013 <span style=\"text-decoration: underline;\">FOR WOMEN<\/span><\/p>\n<p style=\"text-align: center;\"><strong>CENA<\/strong>: 150 USD\u00a0 . 600 PLN\u00a0<\/p>\n<h3 style=\"text-align: center;\"><a href=\"https:\/\/joannacholuj.pl\/en\/platnosc-sesja-alchemii-dla-kobiet\/\">BUY<\/a><\/h3>\n<p style=\"text-align: center;\"><a href=\"https:\/\/joannacholuj.pl\/en\/konsultacje-powrot-do-glebi-siebie-i-pra-matki\/\">OPIS<\/a><\/p>\n<hr \/>\n<p><img loading=\"lazy\" decoding=\"async\" class=\"wp-image-11878 aligncenter\" src=\"http:\/\/joannacholuj.pl\/wp-content\/uploads\/2024\/07\/pobierz-24.jpeg\" alt=\"\" width=\"253\" height=\"234\" \/><\/p>\n<p style=\"text-align: center;\">&lt; style=&#8221;text-align: center;&#8221;&gt;SESJA ZAG\u0141\u0118BIENIA W MAGII I ALCHEMII\u00a0 &#8211; DLA M\u0118\u017bCZYZN<\/p>\n<p style=\"text-align: center;\"><strong>CENA<\/strong>: 150 USD\u00a0 . 600 PLN\u00a0<\/p>\n<h3 style=\"text-align: center;\"><a href=\"https:\/\/joannacholuj.pl\/en\/platnosc-sesja-alchemii-dla-mezczyzn\/\">BUY<\/a><\/h3>\n<p style=\"text-align: center;\"><a href=\"https:\/\/joannacholuj.pl\/en\/konsultacje-powrot-do-glebi-siebie-i-pra-matki\/\">OPIS<\/a><\/p>\n<hr \/>\n<p style=\"text-align: center;\"><strong>\u00a0Copyright@JoannaCho\u0142uj\u00a0<\/strong><\/p>\n<p style=\"text-align: center;\">PROSZ\u0118 UWA\u017bNIE DOKONYWA\u0106 ZAKUPU<\/p>\n<p style=\"text-align: center;\">NIE MA MO\u017bLIWO\u015aCI ZWROTU<\/p>\n\n\n<p><\/p>","protected":false},"excerpt":{"rendered":"<p>ZROZUM SW\u00d3J MATRIX TW\u00d3J PROCES &#8211; SERIA 6 SESJI 611 USD KUP OPIS HOLISTYCZNA \u00a0ANALIZA TWOJEGO KODU \u017bYCIOWEGO CENA: 170 [&hellip;]<\/p>","protected":false},"author":2,"featured_media":0,"parent":0,"menu_order":0,"comment_status":"closed","ping_status":"closed","template":"","meta":{"_bbp_topic_count":0,"_bbp_reply_count":0,"_bbp_total_topic_count":0,"_bbp_total_reply_count":0,"_bbp_voice_count":0,"_bbp_anonymous_reply_count":0,"_bbp_topic_count_hidden":0,"_bbp_reply_count_hidden":0,"_bbp_forum_subforum_count":0,"_uag_custom_page_level_css":"","footnotes":""},"class_list":["post-10158","page","type-page","status-publish","hentry"],"spectra_custom_meta":{"_edit_last":["2"],"_wp_page_template":["default"],"_edit_lock":["1733210055:2"],"_uag_page_assets":["a:9:{s:3:\"css\";s:263:\".uag-blocks-common-selector{z-index:var(--z-index-desktop) !important}@media (max-width: 976px){.uag-blocks-common-selector{z-index:var(--z-index-tablet) !important}}@media (max-width: 767px){.uag-blocks-common-selector{z-index:var(--z-index-mobile) !important}}\n\";s:2:\"js\";s:0:\"\";s:18:\"current_block_list\";a:3:{i:0;s:14:\"core\/paragraph\";i:1;s:12:\"core\/heading\";i:2;s:10:\"core\/image\";}s:8:\"uag_flag\";b:0;s:11:\"uag_version\";s:10:\"1776190721\";s:6:\"gfonts\";a:0:{}s:10:\"gfonts_url\";s:0:\"\";s:12:\"gfonts_files\";a:0:{}s:14:\"uag_faq_layout\";b:0;}"],"_uag_css_file_name":["uag-css-10158.css"]},"uagb_featured_image_src":{"full":false,"thumbnail":false,"medium":false,"medium_large":false,"large":false,"1536x1536":false,"2048x2048":false,"trp-custom-language-flag":false,"illdy-blog-list":false,"illdy-widget-recent-posts":false,"illdy-blog-post-related-articles":false,"illdy-front-page-latest-news":false,"illdy-front-page-testimonials":false,"illdy-front-page-projects":false,"illdy-front-page-person":false},"uagb_author_info":{"display_name":"Joanna Choluj","author_link":"https:\/\/joannacholuj.pl\/en\/blog\/author\/joannacholuj\/"},"uagb_comment_info":0,"uagb_excerpt":"ZROZUM SW\u00d3J MATRIX TW\u00d3J PROCES &#8211; SERIA 6 SESJI 611 USD KUP OPIS HOLISTYCZNA \u00a0ANALIZA TWOJEGO KODU \u017bYCIOWEGO CENA: 170 [&hellip;]","_links":{"self":[{"href":"https:\/\/joannacholuj.pl\/en\/wp-json\/wp\/v2\/pages\/10158"}],"collection":[{"href":"https:\/\/joannacholuj.pl\/en\/wp-json\/wp\/v2\/pages"}],"about":[{"href":"https:\/\/joannacholuj.pl\/en\/wp-json\/wp\/v2\/types\/page"}],"author":[{"embeddable":true,"href":"https:\/\/joannacholuj.pl\/en\/wp-json\/wp\/v2\/users\/2"}],"replies":[{"embeddable":true,"href":"https:\/\/joannacholuj.pl\/en\/wp-json\/wp\/v2\/comments?post=10158"}],"version-history":[{"count":40,"href":"https:\/\/joannacholuj.pl\/en\/wp-json\/wp\/v2\/pages\/10158\/revisions"}],"predecessor-version":[{"id":13225,"href":"https:\/\/joannacholuj.pl\/en\/wp-json\/wp\/v2\/pages\/10158\/revisions\/13225"}],"wp:attachment":[{"href":"https:\/\/joannacholuj.pl\/en\/wp-json\/wp\/v2\/media?parent=10158"}],"curies":[{"name":"wp","href":"https:\/\/api.w.org\/{rel}","templated":true}]}}