{"id":10109,"date":"2023-12-12T21:29:09","date_gmt":"2023-12-12T20:29:09","guid":{"rendered":"http:\/\/joannacholuj.pl\/?page_id=10109"},"modified":"2024-10-18T00:57:10","modified_gmt":"2024-10-17T22:57:10","slug":"sklep-karty-medytacyjne","status":"publish","type":"page","link":"https:\/\/joannacholuj.pl\/en\/sklep-karty-medytacyjne\/","title":{"rendered":"Sklep Karty Medytacyjne"},"content":{"rendered":"<h5>\u00a0<\/h5>\n<h3 style=\"text-align: center;\">KARTY MEDYTACYJNE Z PLANSZAMI<\/h3>\n<hr \/>\n<figure id=\"attachment_12530\" aria-describedby=\"caption-attachment-12530\" style=\"width: 295px\" class=\"wp-caption aligncenter\"><a href=\"http:\/\/joannacholuj.pl\/en\/sklep-karty-medytacyjne\/272991395_10161747284885299_7738915063344690862_n-300x225\/\"><img loading=\"lazy\" decoding=\"async\" class=\"wp-image-12530\" src=\"http:\/\/joannacholuj.pl\/wp-content\/uploads\/2024\/08\/272991395_10161747284885299_7738915063344690862_n-300x225-300x225.jpg\" alt=\"\" width=\"295\" height=\"221\" \/><\/a><figcaption id=\"caption-attachment-12530\" class=\"wp-caption-text\"><a href=\"https:\/\/joannacholuj.pl\/en\/karty-gry\/\">OPIS \/ KUP wkr\u00f3tce &#8211; Karty Zestaw 1 BOGINIE S\u0141OWIA\u0143SKIE<\/a><\/figcaption><\/figure>\n<figure id=\"attachment_12548\" aria-describedby=\"caption-attachment-12548\" style=\"width: 266px\" class=\"wp-caption aligncenter\"><a href=\"http:\/\/joannacholuj.pl\/en\/sklep-karty-medytacyjne\/zrzut-ekranu-3002\/\"><img loading=\"lazy\" decoding=\"async\" class=\"wp-image-12548\" src=\"http:\/\/joannacholuj.pl\/wp-content\/uploads\/2024\/08\/Zrzut-ekranu-3002-219x300.png\" alt=\"\" width=\"266\" height=\"364\" srcset=\"https:\/\/joannacholuj.pl\/wp-content\/uploads\/2024\/08\/Zrzut-ekranu-3002-219x300.png 219w, https:\/\/joannacholuj.pl\/wp-content\/uploads\/2024\/08\/Zrzut-ekranu-3002.png 449w\" sizes=\"(max-width: 266px) 100vw, 266px\" \/><\/a><figcaption id=\"caption-attachment-12548\" class=\"wp-caption-text\"><a href=\"https:\/\/joannacholuj.pl\/en\/karty-gry\/\">OPIS \/ KUP wkr\u00f3tce &#8211; Zestaw 2 S\u0141AWNE KOBIETY<\/a><\/figcaption><\/figure>\n<figure id=\"attachment_12549\" aria-describedby=\"caption-attachment-12549\" style=\"width: 245px\" class=\"wp-caption aligncenter\"><a href=\"http:\/\/joannacholuj.pl\/en\/sklep-karty-medytacyjne\/zrzut-ekranu-3003\/\"><img loading=\"lazy\" decoding=\"async\" class=\"wp-image-12549\" src=\"http:\/\/joannacholuj.pl\/wp-content\/uploads\/2024\/08\/Zrzut-ekranu-3003-212x300.png\" alt=\"\" width=\"245\" height=\"347\" srcset=\"https:\/\/joannacholuj.pl\/wp-content\/uploads\/2024\/08\/Zrzut-ekranu-3003-212x300.png 212w, https:\/\/joannacholuj.pl\/wp-content\/uploads\/2024\/08\/Zrzut-ekranu-3003.png 398w\" sizes=\"(max-width: 245px) 100vw, 245px\" \/><\/a><figcaption id=\"caption-attachment-12549\" class=\"wp-caption-text\"><a href=\"https:\/\/joannacholuj.pl\/en\/karty-gry\/\">OPIS \/ KUP WKR\u00d3TCE &#8211; Zestaw 3 ANIO\u0141Y I DEMONY S\u0141OWIA\u0143SKIE<\/a><\/figcaption><\/figure>\n<figure id=\"attachment_12550\" aria-describedby=\"caption-attachment-12550\" style=\"width: 256px\" class=\"wp-caption aligncenter\"><a href=\"http:\/\/joannacholuj.pl\/en\/sklep-karty-medytacyjne\/zrzut-ekranu-3004\/\"><img loading=\"lazy\" decoding=\"async\" class=\"wp-image-12550\" src=\"http:\/\/joannacholuj.pl\/wp-content\/uploads\/2024\/08\/Zrzut-ekranu-3004-215x300.png\" alt=\"\" width=\"256\" height=\"357\" srcset=\"https:\/\/joannacholuj.pl\/wp-content\/uploads\/2024\/08\/Zrzut-ekranu-3004-215x300.png 215w, https:\/\/joannacholuj.pl\/wp-content\/uploads\/2024\/08\/Zrzut-ekranu-3004.png 477w\" sizes=\"(max-width: 256px) 100vw, 256px\" \/><\/a><figcaption id=\"caption-attachment-12550\" class=\"wp-caption-text\"><a href=\"https:\/\/joannacholuj.pl\/en\/karty-gry\/\">OPIS\/ KUP wkr\u00f3tce &#8211; Zestaw 4 SZTUKA SAMOUZDRAWIANIA<\/a><\/figcaption><\/figure>\n<figure id=\"attachment_12551\" aria-describedby=\"caption-attachment-12551\" style=\"width: 257px\" class=\"wp-caption aligncenter\"><a href=\"http:\/\/joannacholuj.pl\/en\/sklep-karty-medytacyjne\/zrzut-ekranu-3005\/\"><img loading=\"lazy\" decoding=\"async\" class=\"wp-image-12551\" src=\"http:\/\/joannacholuj.pl\/wp-content\/uploads\/2024\/08\/Zrzut-ekranu-3005-218x300.png\" alt=\"\" width=\"257\" height=\"354\" srcset=\"https:\/\/joannacholuj.pl\/wp-content\/uploads\/2024\/08\/Zrzut-ekranu-3005-218x300.png 218w, https:\/\/joannacholuj.pl\/wp-content\/uploads\/2024\/08\/Zrzut-ekranu-3005.png 362w\" sizes=\"(max-width: 257px) 100vw, 257px\" \/><\/a><figcaption id=\"caption-attachment-12551\" class=\"wp-caption-text\"><a href=\"https:\/\/joannacholuj.pl\/en\/karty-gry\/\">OPIS \/ KUP wkr\u00f3tce &#8211; Zestaw 5 WYCHOWANIE WOLNYCH DZIECI<\/a><\/figcaption><\/figure>\n<figure id=\"attachment_12552\" aria-describedby=\"caption-attachment-12552\" style=\"width: 378px\" class=\"wp-caption aligncenter\"><a href=\"http:\/\/joannacholuj.pl\/en\/sklep-karty-medytacyjne\/zrzut-ekranu-3006\/\"><img loading=\"lazy\" decoding=\"async\" class=\"wp-image-12552\" src=\"http:\/\/joannacholuj.pl\/wp-content\/uploads\/2024\/08\/Zrzut-ekranu-3006-300x215.png\" alt=\"\" width=\"378\" height=\"271\" srcset=\"https:\/\/joannacholuj.pl\/wp-content\/uploads\/2024\/08\/Zrzut-ekranu-3006-300x215.png 300w, https:\/\/joannacholuj.pl\/wp-content\/uploads\/2024\/08\/Zrzut-ekranu-3006.png 732w\" sizes=\"(max-width: 378px) 100vw, 378px\" \/><\/a><figcaption id=\"caption-attachment-12552\" class=\"wp-caption-text\"><a href=\"https:\/\/joannacholuj.pl\/en\/karty-gry\/\">OPIS\/ KUP wkr\u00f3tce &#8211; Zestaw 6 EDUKACJA ALTERNATYWNA<\/a><\/figcaption><\/figure>\n<figure id=\"attachment_12553\" aria-describedby=\"caption-attachment-12553\" style=\"width: 400px\" class=\"wp-caption aligncenter\"><a href=\"http:\/\/joannacholuj.pl\/en\/sklep-karty-medytacyjne\/zrzut-ekranu-3007\/\"><img loading=\"lazy\" decoding=\"async\" class=\"wp-image-12553\" src=\"http:\/\/joannacholuj.pl\/wp-content\/uploads\/2024\/08\/Zrzut-ekranu-3007-300x215.png\" alt=\"\" width=\"400\" height=\"287\" srcset=\"https:\/\/joannacholuj.pl\/wp-content\/uploads\/2024\/08\/Zrzut-ekranu-3007-300x215.png 300w, https:\/\/joannacholuj.pl\/wp-content\/uploads\/2024\/08\/Zrzut-ekranu-3007-768x549.png 768w, https:\/\/joannacholuj.pl\/wp-content\/uploads\/2024\/08\/Zrzut-ekranu-3007.png 808w\" sizes=\"(max-width: 400px) 100vw, 400px\" \/><\/a><figcaption id=\"caption-attachment-12553\" class=\"wp-caption-text\"><a href=\"https:\/\/joannacholuj.pl\/en\/karty-gry\/\">OPIS \/ KUP wkr\u00f3tce &#8211; Zestaw 7 SZTUKA I KREATYWNO\u015a\u0106<\/a><\/figcaption><\/figure>\n<div class=\"mceTemp\">\n<figure id=\"attachment_12554\" aria-describedby=\"caption-attachment-12554\" style=\"width: 389px\" class=\"wp-caption aligncenter\"><a href=\"http:\/\/joannacholuj.pl\/en\/sklep-karty-medytacyjne\/zrzut-ekranu-3008\/\"><img loading=\"lazy\" decoding=\"async\" class=\"wp-image-12554\" src=\"http:\/\/joannacholuj.pl\/wp-content\/uploads\/2024\/08\/Zrzut-ekranu-3008-300x245.png\" alt=\"\" width=\"389\" height=\"318\" srcset=\"https:\/\/joannacholuj.pl\/wp-content\/uploads\/2024\/08\/Zrzut-ekranu-3008-300x245.png 300w, https:\/\/joannacholuj.pl\/wp-content\/uploads\/2024\/08\/Zrzut-ekranu-3008-768x627.png 768w, https:\/\/joannacholuj.pl\/wp-content\/uploads\/2024\/08\/Zrzut-ekranu-3008.png 810w\" sizes=\"(max-width: 389px) 100vw, 389px\" \/><\/a><figcaption id=\"caption-attachment-12554\" class=\"wp-caption-text\"><a href=\"https:\/\/joannacholuj.pl\/en\/karty-gry\/\">OPIS\/ KUP wkr\u00f3tce &#8211; Zestaw 8 SAMOWIEDZA<\/a><\/figcaption><\/figure>\n<figure id=\"attachment_12555\" aria-describedby=\"caption-attachment-12555\" style=\"width: 386px\" class=\"wp-caption aligncenter\"><a href=\"http:\/\/joannacholuj.pl\/en\/sklep-karty-medytacyjne\/zrzut-ekranu-3009\/\"><img loading=\"lazy\" decoding=\"async\" class=\"wp-image-12555\" src=\"http:\/\/joannacholuj.pl\/wp-content\/uploads\/2024\/08\/Zrzut-ekranu-3009-300x290.png\" alt=\"\" width=\"386\" height=\"373\" srcset=\"https:\/\/joannacholuj.pl\/wp-content\/uploads\/2024\/08\/Zrzut-ekranu-3009-300x290.png 300w, https:\/\/joannacholuj.pl\/wp-content\/uploads\/2024\/08\/Zrzut-ekranu-3009.png 676w\" sizes=\"(max-width: 386px) 100vw, 386px\" \/><\/a><figcaption id=\"caption-attachment-12555\" class=\"wp-caption-text\"><a href=\"https:\/\/joannacholuj.pl\/en\/karty-gry\/\">OPIS \/ KUP wkr\u00f3tce &#8211; Zestaw 9 SYMBOLE I \u015aWI\u0118TA GEOMETRIA<\/a><\/figcaption><\/figure>\n<div class=\"mceTemp\">\u00a0<\/div>\n<figure id=\"attachment_12556\" aria-describedby=\"caption-attachment-12556\" style=\"width: 382px\" class=\"wp-caption aligncenter\"><a href=\"http:\/\/joannacholuj.pl\/en\/sklep-karty-medytacyjne\/zrzut-ekranu-3010\/\"><img loading=\"lazy\" decoding=\"async\" class=\"wp-image-12556\" src=\"http:\/\/joannacholuj.pl\/wp-content\/uploads\/2024\/08\/Zrzut-ekranu-3010-300x212.png\" alt=\"\" width=\"382\" height=\"270\" srcset=\"https:\/\/joannacholuj.pl\/wp-content\/uploads\/2024\/08\/Zrzut-ekranu-3010-300x212.png 300w, https:\/\/joannacholuj.pl\/wp-content\/uploads\/2024\/08\/Zrzut-ekranu-3010.png 665w\" sizes=\"(max-width: 382px) 100vw, 382px\" \/><\/a><figcaption id=\"caption-attachment-12556\" class=\"wp-caption-text\"><a href=\"https:\/\/joannacholuj.pl\/en\/karty-gry\/\">OPIS \/ KUP wkr\u00f3tce &#8211; Zestaw 10 MAGIA I J\u0118ZYK<\/a><\/figcaption><\/figure>\n<figure id=\"attachment_12557\" aria-describedby=\"caption-attachment-12557\" style=\"width: 282px\" class=\"wp-caption aligncenter\"><a href=\"http:\/\/joannacholuj.pl\/en\/sklep-karty-medytacyjne\/zrzut-ekranu-3011\/\"><img loading=\"lazy\" decoding=\"async\" class=\"wp-image-12557\" src=\"http:\/\/joannacholuj.pl\/wp-content\/uploads\/2024\/08\/Zrzut-ekranu-3011-208x300.png\" alt=\"\" width=\"282\" height=\"407\" srcset=\"https:\/\/joannacholuj.pl\/wp-content\/uploads\/2024\/08\/Zrzut-ekranu-3011-208x300.png 208w, https:\/\/joannacholuj.pl\/wp-content\/uploads\/2024\/08\/Zrzut-ekranu-3011.png 383w\" sizes=\"(max-width: 282px) 100vw, 282px\" \/><\/a><figcaption id=\"caption-attachment-12557\" class=\"wp-caption-text\"><a href=\"https:\/\/joannacholuj.pl\/en\/karty-gry\/\">OPIS \/ KUP wkr\u00f3tce &#8211; Zestaw 11 NASZA NOWA ZIEMIA<\/a><\/figcaption><\/figure>\n<\/div>\n<figure id=\"attachment_12562\" aria-describedby=\"caption-attachment-12562\" style=\"width: 421px\" class=\"wp-caption aligncenter\"><a href=\"http:\/\/joannacholuj.pl\/en\/sklep-karty-medytacyjne\/zrzut-ekranu-3012\/\"><img loading=\"lazy\" decoding=\"async\" class=\"wp-image-12562\" src=\"http:\/\/joannacholuj.pl\/wp-content\/uploads\/2024\/08\/Zrzut-ekranu-3012-300x213.png\" alt=\"\" width=\"421\" height=\"299\" srcset=\"https:\/\/joannacholuj.pl\/wp-content\/uploads\/2024\/08\/Zrzut-ekranu-3012-300x213.png 300w, https:\/\/joannacholuj.pl\/wp-content\/uploads\/2024\/08\/Zrzut-ekranu-3012.png 764w\" sizes=\"(max-width: 421px) 100vw, 421px\" \/><\/a><figcaption id=\"caption-attachment-12562\" class=\"wp-caption-text\"><a href=\"https:\/\/joannacholuj.pl\/en\/karty-gry\/\">OPIS \/ KUP wkr\u00f3tce &#8211; Zestaw 12 UZDRAWIANIE ZWI\u0104ZK\u00d3W I RODU<\/a><\/figcaption><\/figure>\n<figure id=\"attachment_12564\" aria-describedby=\"caption-attachment-12564\" style=\"width: 319px\" class=\"wp-caption aligncenter\"><a href=\"http:\/\/joannacholuj.pl\/en\/sklep-karty-medytacyjne\/karty-2-zod-ver-2\/\"><img loading=\"lazy\" decoding=\"async\" class=\"wp-image-12564\" src=\"http:\/\/joannacholuj.pl\/wp-content\/uploads\/2024\/08\/karty-2-zod-ver-2-230x300.jpg\" alt=\"\" width=\"319\" height=\"416\" srcset=\"https:\/\/joannacholuj.pl\/wp-content\/uploads\/2024\/08\/karty-2-zod-ver-2-230x300.jpg 230w, https:\/\/joannacholuj.pl\/wp-content\/uploads\/2024\/08\/karty-2-zod-ver-2-768x1001.jpg 768w, https:\/\/joannacholuj.pl\/wp-content\/uploads\/2024\/08\/karty-2-zod-ver-2-785x1024.jpg 785w, https:\/\/joannacholuj.pl\/wp-content\/uploads\/2024\/08\/karty-2-zod-ver-2.jpg 1290w\" sizes=\"(max-width: 319px) 100vw, 319px\" \/><\/a><figcaption id=\"caption-attachment-12564\" class=\"wp-caption-text\"><a href=\"https:\/\/joannacholuj.pl\/en\/karty-gry\/\">OPIS \/ KUP wkr\u00f3tce &#8211; Zestaw 13 KARTY RYTY I PE\u0141NIE<\/a><\/figcaption><\/figure>\n<hr \/>\n<p style=\"text-align: center;\">Copyright@JoannaCholuj<\/p>\n\n\n<p><\/p>","protected":false},"excerpt":{"rendered":"<p>\u00a0 KARTY MEDYTACYJNE Z PLANSZAMI \u00a0 Copyright@JoannaCholuj<\/p>","protected":false},"author":2,"featured_media":12522,"parent":0,"menu_order":0,"comment_status":"closed","ping_status":"closed","template":"","meta":{"_bbp_topic_count":0,"_bbp_reply_count":0,"_bbp_total_topic_count":0,"_bbp_total_reply_count":0,"_bbp_voice_count":0,"_bbp_anonymous_reply_count":0,"_bbp_topic_count_hidden":0,"_bbp_reply_count_hidden":0,"_bbp_forum_subforum_count":0,"_uag_custom_page_level_css":"","footnotes":""},"class_list":["post-10109","page","type-page","status-publish","has-post-thumbnail","hentry"],"spectra_custom_meta":{"_edit_last":["2"],"_wp_page_template":["default"],"_edit_lock":["1729205831:2"],"_thumbnail_id":["12522"],"_uag_page_assets":["a:9:{s:3:\"css\";s:263:\".uag-blocks-common-selector{z-index:var(--z-index-desktop) !important}@media (max-width: 976px){.uag-blocks-common-selector{z-index:var(--z-index-tablet) !important}}@media (max-width: 767px){.uag-blocks-common-selector{z-index:var(--z-index-mobile) !important}}\n\";s:2:\"js\";s:0:\"\";s:18:\"current_block_list\";a:1:{i:0;s:14:\"core\/paragraph\";}s:8:\"uag_flag\";b:0;s:11:\"uag_version\";s:10:\"1776190721\";s:6:\"gfonts\";a:0:{}s:10:\"gfonts_url\";s:0:\"\";s:12:\"gfonts_files\";a:0:{}s:14:\"uag_faq_layout\";b:0;}"],"_uag_css_file_name":["uag-css-10109.css"]},"uagb_featured_image_src":{"full":["https:\/\/joannacholuj.pl\/wp-content\/uploads\/2024\/08\/272966917_10161747285345299_1521227897780054756_n.jpg",2048,1536,false],"thumbnail":["https:\/\/joannacholuj.pl\/wp-content\/uploads\/2024\/08\/272966917_10161747285345299_1521227897780054756_n-150x150.jpg",150,150,true],"medium":["https:\/\/joannacholuj.pl\/wp-content\/uploads\/2024\/08\/272966917_10161747285345299_1521227897780054756_n-300x225.jpg",300,225,true],"medium_large":["https:\/\/joannacholuj.pl\/wp-content\/uploads\/2024\/08\/272966917_10161747285345299_1521227897780054756_n-768x576.jpg",640,480,true],"large":["https:\/\/joannacholuj.pl\/wp-content\/uploads\/2024\/08\/272966917_10161747285345299_1521227897780054756_n-1024x768.jpg",640,480,true],"1536x1536":["https:\/\/joannacholuj.pl\/wp-content\/uploads\/2024\/08\/272966917_10161747285345299_1521227897780054756_n.jpg",1536,1152,false],"2048x2048":["https:\/\/joannacholuj.pl\/wp-content\/uploads\/2024\/08\/272966917_10161747285345299_1521227897780054756_n.jpg",2048,1536,false],"trp-custom-language-flag":["https:\/\/joannacholuj.pl\/wp-content\/uploads\/2024\/08\/272966917_10161747285345299_1521227897780054756_n.jpg",16,12,false],"illdy-blog-list":["https:\/\/joannacholuj.pl\/wp-content\/uploads\/2024\/08\/272966917_10161747285345299_1521227897780054756_n-750x500.jpg",750,500,true],"illdy-widget-recent-posts":["https:\/\/joannacholuj.pl\/wp-content\/uploads\/2024\/08\/272966917_10161747285345299_1521227897780054756_n-70x70.jpg",70,70,true],"illdy-blog-post-related-articles":["https:\/\/joannacholuj.pl\/wp-content\/uploads\/2024\/08\/272966917_10161747285345299_1521227897780054756_n-240x206.jpg",240,206,true],"illdy-front-page-latest-news":["https:\/\/joannacholuj.pl\/wp-content\/uploads\/2024\/08\/272966917_10161747285345299_1521227897780054756_n-250x213.jpg",250,213,true],"illdy-front-page-testimonials":["https:\/\/joannacholuj.pl\/wp-content\/uploads\/2024\/08\/272966917_10161747285345299_1521227897780054756_n-127x127.jpg",127,127,true],"illdy-front-page-projects":["https:\/\/joannacholuj.pl\/wp-content\/uploads\/2024\/08\/272966917_10161747285345299_1521227897780054756_n-476x476.jpg",476,476,true],"illdy-front-page-person":["https:\/\/joannacholuj.pl\/wp-content\/uploads\/2024\/08\/272966917_10161747285345299_1521227897780054756_n-125x125.jpg",125,125,true]},"uagb_author_info":{"display_name":"Joanna Choluj","author_link":"https:\/\/joannacholuj.pl\/en\/blog\/author\/joannacholuj\/"},"uagb_comment_info":0,"uagb_excerpt":"\u00a0 KARTY MEDYTACYJNE Z PLANSZAMI \u00a0 Copyright@JoannaCholuj","_links":{"self":[{"href":"https:\/\/joannacholuj.pl\/en\/wp-json\/wp\/v2\/pages\/10109"}],"collection":[{"href":"https:\/\/joannacholuj.pl\/en\/wp-json\/wp\/v2\/pages"}],"about":[{"href":"https:\/\/joannacholuj.pl\/en\/wp-json\/wp\/v2\/types\/page"}],"author":[{"embeddable":true,"href":"https:\/\/joannacholuj.pl\/en\/wp-json\/wp\/v2\/users\/2"}],"replies":[{"embeddable":true,"href":"https:\/\/joannacholuj.pl\/en\/wp-json\/wp\/v2\/comments?post=10109"}],"version-history":[{"count":27,"href":"https:\/\/joannacholuj.pl\/en\/wp-json\/wp\/v2\/pages\/10109\/revisions"}],"predecessor-version":[{"id":13037,"href":"https:\/\/joannacholuj.pl\/en\/wp-json\/wp\/v2\/pages\/10109\/revisions\/13037"}],"wp:featuredmedia":[{"embeddable":true,"href":"https:\/\/joannacholuj.pl\/en\/wp-json\/wp\/v2\/media\/12522"}],"wp:attachment":[{"href":"https:\/\/joannacholuj.pl\/en\/wp-json\/wp\/v2\/media?parent=10109"}],"curies":[{"name":"wp","href":"https:\/\/api.w.org\/{rel}","templated":true}]}}