{"id":10107,"date":"2023-12-12T21:28:00","date_gmt":"2023-12-12T20:28:00","guid":{"rendered":"http:\/\/joannacholuj.pl\/?page_id=10107"},"modified":"2024-10-18T01:36:10","modified_gmt":"2024-10-17T23:36:10","slug":"sklep-kursyonline","status":"publish","type":"page","link":"https:\/\/joannacholuj.pl\/en\/sklep-kursyonline\/","title":{"rendered":"Sklep KursyOnline"},"content":{"rendered":"<div dir=\"auto\">\n<h4 style=\"text-align: center;\">DISCOVER THE MYSTERIOUS CODE OF THE LANGUAGE MATRIX<\/h4>\n<h5 style=\"text-align: center;\"><strong>This is a course that will allow you to understand and use the vibrations of words for your own good and will give you knowledge about LANGUAGE CODING\u00a0<\/strong><\/h5>\n<\/div>\n<div dir=\"auto\">\n<h5><a href=\"http:\/\/joannacholuj.pl\/en\/kup-caly-kurs-matryca-jezyka\/\"><img loading=\"lazy\" decoding=\"async\" class=\"aligncenter wp-image-10341\" src=\"http:\/\/joannacholuj.pl\/wp-content\/uploads\/2023\/12\/pol_pm_5D-Kolorowy-Lew-Diamentowa-Mozaika-40x30-cm-2041_1-300x240.jpg\" alt=\"\" width=\"241\" height=\"193\" srcset=\"https:\/\/joannacholuj.pl\/wp-content\/uploads\/2023\/12\/pol_pm_5D-Kolorowy-Lew-Diamentowa-Mozaika-40x30-cm-2041_1-300x240.jpg 300w, https:\/\/joannacholuj.pl\/wp-content\/uploads\/2023\/12\/pol_pm_5D-Kolorowy-Lew-Diamentowa-Mozaika-40x30-cm-2041_1.jpg 450w\" sizes=\"(max-width: 241px) 100vw, 241px\" \/><\/a><\/h5>\n<div dir=\"auto\">\n<div dir=\"auto\" style=\"text-align: center;\"><strong>J\u0118ZYK WEBINARU &#8211;\u00a0 POLSKI. ANGIELSKI\u00a0<\/strong><\/div>\n<div dir=\"auto\" style=\"text-align: center;\">CENA: 160 USD.\u00a0 651 PLN .<\/div>\n<h4 dir=\"auto\" style=\"text-align: center;\"><a href=\"https:\/\/joannacholuj.pl\/en\/kurs-matryca-jezyka-wiecej-pl\/\">OPIS<\/a><\/h4>\n<\/div>\n<h3 style=\"text-align: center;\"><a href=\"https:\/\/joannacholuj.pl\/en\/kup-kod-matrycy-jezyka-form\/\">BUY<\/a><\/h3>\n\n<hr \/>\n\n<h4><\/h4>\n<h4 style=\"text-align: center;\">RECLAIM YOUR SACRED FEMININITY<\/h4>\n<h5 style=\"text-align: center;\">DESTROYED BY THE MATRIX<\/h5>\n<img loading=\"lazy\" decoding=\"async\" class=\"alignnone wp-image-12057 aligncenter\" src=\"http:\/\/joannacholuj.pl\/wp-content\/uploads\/2024\/07\/Screenshot_20220802-1004352-1-300x262.jpg\" alt=\"\" width=\"236\" height=\"206\" srcset=\"https:\/\/joannacholuj.pl\/wp-content\/uploads\/2024\/07\/Screenshot_20220802-1004352-1-300x262.jpg 300w, https:\/\/joannacholuj.pl\/wp-content\/uploads\/2024\/07\/Screenshot_20220802-1004352-1.jpg 748w\" sizes=\"(max-width: 236px) 100vw, 236px\" \/>\n<div dir=\"auto\" style=\"text-align: center;\"><\/div>\n<div dir=\"auto\">\n<div dir=\"auto\" style=\"text-align: center;\"><strong>LANGUAGE \u2013\u00a0 <\/strong>POLSKI. ANGIELSKI FRNCUSKI HISZPA\u0143SKI<\/div>\n<div dir=\"auto\" style=\"text-align: center;\">CENA : 160 USD.\u00a0 651 PLN .<\/div>\n<h4 dir=\"auto\" style=\"text-align: center;\"><a href=\"https:\/\/joannacholuj.pl\/en\/odzyskaj-swieta-kobiecosc-wiecej\/\">OPIS<\/a><\/h4>\n<\/div>\n<h3 style=\"text-align: center;\">BUY<\/h3>\n\n<hr \/>\n\n<\/div>\n<div dir=\"auto\">\n<h4><\/h4>\n<h4 style=\"text-align: center;\">THE MYSTERY OF THE TWELVE SPHERES OF LIFE<\/h4>\n<p style=\"text-align: center;\">Learn to live according to the ANCIENT KNOWLEDGE and WISDOM of the SHAMANS<\/p>\n\n<\/div>\n<img loading=\"lazy\" decoding=\"async\" class=\"aligncenter wp-image-8555\" src=\"http:\/\/joannacholuj.pl\/wp-content\/uploads\/2022\/09\/R-300x260.jpg\" alt=\"\" width=\"245\" height=\"212\" srcset=\"https:\/\/joannacholuj.pl\/wp-content\/uploads\/2022\/09\/R-300x260.jpg 300w, https:\/\/joannacholuj.pl\/wp-content\/uploads\/2022\/09\/R-768x665.jpg 768w, https:\/\/joannacholuj.pl\/wp-content\/uploads\/2022\/09\/R.jpg 1011w\" sizes=\"(max-width: 245px) 100vw, 245px\" \/>\n<div dir=\"auto\" style=\"text-align: center;\"><strong>WEBINAR LANGUAGE\u00a0 <\/strong>POLISH ENGLISH<\/div>\n<div dir=\"auto\">\n<div dir=\"auto\" style=\"text-align: center;\"><strong>CENA:<\/strong> 160 USD.\u00a0 651 PLN .<\/div>\n<h4 dir=\"auto\" style=\"text-align: center;\"><a href=\"https:\/\/joannacholuj.pl\/en\/12044-2\/\">OPIS<\/a><\/h4>\n<h3 dir=\"auto\" style=\"text-align: center;\"><a href=\"https:\/\/joannacholuj.pl\/en\/kup-misterium-12-sfer-zycia-form\/\">BUY<\/a><\/h3>\n<\/div>\n\n<hr \/>\n\n<h4><\/h4>\n<h4 style=\"text-align: center;\">KWINTESENCJA KODU MATRIXA &#8211; zrozum i odkoduj<\/h4>\n<h5 style=\"text-align: center;\"><img loading=\"lazy\" decoding=\"async\" class=\"wp-image-12049 aligncenter\" src=\"http:\/\/joannacholuj.pl\/wp-content\/uploads\/2024\/07\/90ddee4958829d732b140502416136f2-300x300.png\" alt=\"\" width=\"244\" height=\"244\" srcset=\"https:\/\/joannacholuj.pl\/wp-content\/uploads\/2024\/07\/90ddee4958829d732b140502416136f2-300x300.png 300w, https:\/\/joannacholuj.pl\/wp-content\/uploads\/2024\/07\/90ddee4958829d732b140502416136f2-150x150.png 150w, https:\/\/joannacholuj.pl\/wp-content\/uploads\/2024\/07\/90ddee4958829d732b140502416136f2-768x768.png 768w, https:\/\/joannacholuj.pl\/wp-content\/uploads\/2024\/07\/90ddee4958829d732b140502416136f2-70x70.png 70w, https:\/\/joannacholuj.pl\/wp-content\/uploads\/2024\/07\/90ddee4958829d732b140502416136f2-127x127.png 127w, https:\/\/joannacholuj.pl\/wp-content\/uploads\/2024\/07\/90ddee4958829d732b140502416136f2-476x476.png 476w, https:\/\/joannacholuj.pl\/wp-content\/uploads\/2024\/07\/90ddee4958829d732b140502416136f2-125x125.png 125w, https:\/\/joannacholuj.pl\/wp-content\/uploads\/2024\/07\/90ddee4958829d732b140502416136f2.png 1000w\" sizes=\"(max-width: 244px) 100vw, 244px\" \/><\/h5>\n<div dir=\"auto\"><\/div>\n<div dir=\"auto\">\n<div dir=\"auto\" style=\"text-align: center;\"><strong>J\u0118ZYK KURSU &#8211;\u00a0 POLSKI. ANGIELSKI. FRANCUSKI. HISZPA\u0143SKI<\/strong><\/div>\n<div dir=\"auto\" style=\"text-align: center;\"><strong>CENA:160 USD.\u00a0 651 PLN .\u00a0<\/strong><\/div>\n<h4 dir=\"auto\" style=\"text-align: center;\"><a href=\"https:\/\/joannacholuj.pl\/en\/kwintesencja-kodu-matrixa-wiecej\/\">OPIS<\/a><\/h4>\n<\/div>\n<h3 dir=\"auto\" style=\"text-align: center;\">BUY<\/h3>\n\n<hr \/>\n\n<h4><\/h4>\n<h4 style=\"text-align: center;\"><strong>PLAY IN YOUR OWN THEATRE OF LIFE<\/strong><\/h4>\n<p style=\"text-align: center;\"><strong>HOW TO GAIN FREEDOM FROM CODING ARCHETYPES AND LIFE ROLES<\/strong><\/p>\n<img loading=\"lazy\" decoding=\"async\" class=\"wp-image-12050 aligncenter\" src=\"http:\/\/joannacholuj.pl\/wp-content\/uploads\/2024\/07\/20210716_151041_2-\u2014-kopia-247x300.jpg\" alt=\"\" width=\"192\" height=\"233\" srcset=\"https:\/\/joannacholuj.pl\/wp-content\/uploads\/2024\/07\/20210716_151041_2-\u2014-kopia-247x300.jpg 247w, https:\/\/joannacholuj.pl\/wp-content\/uploads\/2024\/07\/20210716_151041_2-\u2014-kopia.jpg 541w\" sizes=\"(max-width: 192px) 100vw, 192px\" \/>\n<div dir=\"auto\">\n<div dir=\"auto\" style=\"text-align: center;\"><strong>WEBINAR LANGUAGE\u00a0 <\/strong>POLSKI. ANGIELSKI FRANCUSKI HISZPA\u0143SKI<\/div>\n<div dir=\"auto\" style=\"text-align: center;\"><strong>CENA:<\/strong> 160 USD.\u00a0 651 PLN .<\/div>\n<h4 dir=\"auto\" style=\"text-align: center;\"><a href=\"https:\/\/joannacholuj.pl\/en\/archetypy-czyli-wlasny-teatr-zycia-dowiedz-sie-wiecej\/\">OPIS<\/a><\/h4>\n<\/div>\n<h3 dir=\"auto\" style=\"text-align: center;\">BUY<\/h3>\n<div dir=\"auto\">\n\n<hr \/>\n\n<h4><\/h4>\n<h4 style=\"text-align: center;\"><strong>STARO\u017bYTNA GRAMATYKA ARIO-S\u0141OWIAN<\/strong> (POLSKA ZREFORMOWANA)<\/h4>\n<img loading=\"lazy\" decoding=\"async\" class=\"wp-image-12039 aligncenter\" src=\"http:\/\/joannacholuj.pl\/wp-content\/uploads\/2024\/07\/IMG_20220802_115454-300x173.jpg\" alt=\"\" width=\"250\" height=\"144\" srcset=\"https:\/\/joannacholuj.pl\/wp-content\/uploads\/2024\/07\/IMG_20220802_115454-300x173.jpg 300w, https:\/\/joannacholuj.pl\/wp-content\/uploads\/2024\/07\/IMG_20220802_115454.jpg 712w\" sizes=\"(max-width: 250px) 100vw, 250px\" \/>\n<div class=\"xdj266r x11i5rnm xat24cr x1mh8g0r x1vvkbs x126k92a\">\n<div dir=\"auto\">\n<div dir=\"auto\" style=\"text-align: center;\"><strong>J\u0118ZYK KURSU\u00a0 &#8211; POLSKI<\/strong><\/div>\n<div dir=\"auto\" style=\"text-align: center;\"><strong>CENA: 160 USD.\u00a0 651 PLN .<\/strong><\/div>\n<div dir=\"auto\">\n<h4 dir=\"auto\" style=\"text-align: center;\"><a href=\"https:\/\/joannacholuj.pl\/en\/polska-gramatyka-zreformowana-wiecej\/\">OPIS<\/a><\/h4>\n<\/div>\n<\/div>\n<h3 dir=\"auto\" style=\"text-align: center;\"><a href=\"https:\/\/joannacholuj.pl\/en\/kup-kurs-polska-gramatyka-zreformowana-form\/\">BUY<\/a><\/h3>\n<\/div>\n<\/div>\n\n<hr \/>\n\n<h4><\/h4>\n<h4 style=\"text-align: center;\"><strong>MOWA ZIEMIAN I J\u0118ZYK ARI\u00d3W\u00a0<\/strong><\/h4>\nJedyny kurs na \u015bwiecie, kt\u00f3ry pozwoli ci zrozumie\u0107 moc zakl\u0119t\u0105 w mowie Ziemian &#8211; d\u017awi\u0119kach i znakach. Jedyny taki kurs, kt\u00f3ry pozwoli ci odkry\u0107 moc rytualnego, celowego u\u017cywania s\u0142\u00f3w i realnej manifestacji rzeczywisto\u015bci, jak\u0105 wybierasz. Jedyny kurs na \u015bwiecie, kt\u00f3ry pozwoli ci uzyska\u0107 PE\u0141N\u0104 moc brahmina, szamanki, viedmy .\n\n\n<div class=\"wp-block-uagb-image uagb-block-f4ee1cc1 wp-block-uagb-image--layout-default wp-block-uagb-image--effect-static wp-block-uagb-image--align-none\">\n<figure class=\"wp-block-uagb-image__figure\"><img loading=\"lazy\" decoding=\"async\" class=\"uag-image-13044\" title=\"OIP (28)\" role=\"img\" src=\"https:\/\/joannacholuj.pl\/wp-content\/uploads\/2024\/10\/OIP-28.jpeg\" sizes=\"(max-width: 480px) 150px\" srcset=\"https:\/\/joannacholuj.pl\/wp-content\/uploads\/2024\/10\/OIP-28.jpeg ,https:\/\/joannacholuj.pl\/wp-content\/uploads\/2024\/10\/OIP-28.jpeg 780w, https:\/\/joannacholuj.pl\/wp-content\/uploads\/2024\/10\/OIP-28.jpeg 360w\" alt=\"\" width=\"314\" height=\"328\" \/><\/figure>\n<\/div>\n\n<div dir=\"auto\" style=\"text-align: center;\"><strong>J\u0118ZYK KURSU\u00a0 &#8211; POLSKI. ANGIELSKI. FRANCUSKI. HISZPA\u0143SKI<\/strong><\/div>\n<div dir=\"auto\" style=\"text-align: center;\"><strong>CENA: 160 USD.\u00a0 651 PLN .<\/strong><\/div>\n<p class=\"western\" align=\"left\"><\/p>\n<p style=\"text-align: center;\"><strong>Copyright@JoannaCho\u0142uj\u00a0<\/strong><\/p>\n<p style=\"text-align: center;\">PROSZ\u0118 UWA\u017bNIE DOKONYWA\u0106 ZAKUPU<\/p>\n<p style=\"text-align: center;\">NIE MA MO\u017bLIWO\u015aCI ZWROTU<\/p>","protected":false},"excerpt":{"rendered":"<p>ODKRYJ TAJEMNICZY KOD MATRYCY J\u0118ZYKA Jest to kurs, kt\u00f3ry pozwoli Ci rozumie\u0107 i wykorzystywa\u0107 dla swojego dobra wibracje s\u0142\u00f3w i [&hellip;]<\/p>","protected":false},"author":2,"featured_media":0,"parent":0,"menu_order":0,"comment_status":"closed","ping_status":"closed","template":"","meta":{"_bbp_topic_count":0,"_bbp_reply_count":0,"_bbp_total_topic_count":0,"_bbp_total_reply_count":0,"_bbp_voice_count":0,"_bbp_anonymous_reply_count":0,"_bbp_topic_count_hidden":0,"_bbp_reply_count_hidden":0,"_bbp_forum_subforum_count":0,"_uag_custom_page_level_css":"","footnotes":""},"class_list":["post-10107","page","type-page","status-publish","hentry"],"spectra_custom_meta":{"_edit_lock":["1729208170:2"],"_edit_last":["2"],"_wp_page_template":["default"],"_uag_page_assets":["a:9:{s:3:\"css\";s:7165:\".wp-block-uagb-image{display:flex}.wp-block-uagb-image__figure{position:relative;display:flex;flex-direction:column;max-width:100%;height:auto;margin:0}.wp-block-uagb-image__figure img{height:auto;display:flex;max-width:100%;transition:box-shadow 0.2s ease}.wp-block-uagb-image__figure>a{display:inline-block}.wp-block-uagb-image__figure figcaption{text-align:center;margin-top:0.5em;margin-bottom:1em}.wp-block-uagb-image .components-placeholder.block-editor-media-placeholder .components-placeholder__instructions{align-self:center}.wp-block-uagb-image--align-left{text-align:left}.wp-block-uagb-image--align-right{text-align:right}.wp-block-uagb-image--align-center{text-align:center}.wp-block-uagb-image--align-full .wp-block-uagb-image__figure{margin-left:calc(50% - 50vw);margin-right:calc(50% - 50vw);max-width:100vw;width:100vw;height:auto}.wp-block-uagb-image--align-full .wp-block-uagb-image__figure img{height:auto;width:100% !important}.wp-block-uagb-image--align-wide .wp-block-uagb-image__figure img{height:auto;width:100%}.wp-block-uagb-image--layout-overlay__color-wrapper{position:absolute;left:0;top:0;right:0;bottom:0;opacity:0.2;background:rgba(0,0,0,0.5);transition:opacity 0.35s ease-in-out}.wp-block-uagb-image--layout-overlay-link{position:absolute;left:0;right:0;bottom:0;top:0}.wp-block-uagb-image--layout-overlay .wp-block-uagb-image__figure:hover .wp-block-uagb-image--layout-overlay__color-wrapper{opacity:1}.wp-block-uagb-image--layout-overlay__inner{position:absolute;left:15px;right:15px;bottom:15px;top:15px;display:flex;align-items:center;justify-content:center;flex-direction:column;border-color:#fff;transition:0.35s ease-in-out}.wp-block-uagb-image--layout-overlay__inner.top-left,.wp-block-uagb-image--layout-overlay__inner.top-center,.wp-block-uagb-image--layout-overlay__inner.top-right{justify-content:flex-start}.wp-block-uagb-image--layout-overlay__inner.bottom-left,.wp-block-uagb-image--layout-overlay__inner.bottom-center,.wp-block-uagb-image--layout-overlay__inner.bottom-right{justify-content:flex-end}.wp-block-uagb-image--layout-overlay__inner.top-left,.wp-block-uagb-image--layout-overlay__inner.center-left,.wp-block-uagb-image--layout-overlay__inner.bottom-left{align-items:flex-start}.wp-block-uagb-image--layout-overlay__inner.top-right,.wp-block-uagb-image--layout-overlay__inner.center-right,.wp-block-uagb-image--layout-overlay__inner.bottom-right{align-items:flex-end}.wp-block-uagb-image--layout-overlay__inner .uagb-image-heading{color:#fff;transition:transform 0.35s, opacity 0.35s ease-in-out;transform:translate3d(0, 24px, 0);margin:0;line-height:1em}.wp-block-uagb-image--layout-overlay__inner .uagb-image-separator{width:30%;border-top-width:2px;border-top-color:#fff;border-top-style:solid;margin-bottom:10px;opacity:0;transition:transform 0.4s, opacity 0.4s ease-in-out;transform:translate3d(0, 30px, 0)}.wp-block-uagb-image--layout-overlay__inner .uagb-image-caption{opacity:0;overflow:visible;color:#fff;transition:transform 0.45s, opacity 0.45s ease-in-out;transform:translate3d(0, 35px, 0)}.wp-block-uagb-image--layout-overlay__inner:hover .uagb-image-heading,.wp-block-uagb-image--layout-overlay__inner:hover .uagb-image-separator,.wp-block-uagb-image--layout-overlay__inner:hover .uagb-image-caption{opacity:1;transform:translate3d(0, 0, 0)}.wp-block-uagb-image--effect-zoomin .wp-block-uagb-image__figure img,.wp-block-uagb-image--effect-zoomin .wp-block-uagb-image__figure .wp-block-uagb-image--layout-overlay__color-wrapper{transform:scale(1);transition:transform 0.35s ease-in-out}.wp-block-uagb-image--effect-zoomin .wp-block-uagb-image__figure:hover img,.wp-block-uagb-image--effect-zoomin .wp-block-uagb-image__figure:hover .wp-block-uagb-image--layout-overlay__color-wrapper{transform:scale(1.05)}.wp-block-uagb-image--effect-slide .wp-block-uagb-image__figure img,.wp-block-uagb-image--effect-slide .wp-block-uagb-image__figure .wp-block-uagb-image--layout-overlay__color-wrapper{width:calc(100% + 40px) !important;max-width:none !important;transform:translate3d(-40px, 0, 0);transition:transform 0.35s ease-in-out}.wp-block-uagb-image--effect-slide .wp-block-uagb-image__figure:hover img,.wp-block-uagb-image--effect-slide .wp-block-uagb-image__figure:hover .wp-block-uagb-image--layout-overlay__color-wrapper{transform:translate3d(0, 0, 0)}.wp-block-uagb-image--effect-grayscale img{filter:grayscale(0%);transition:0.35s ease-in-out}.wp-block-uagb-image--effect-grayscale:hover img{filter:grayscale(100%)}.wp-block-uagb-image--effect-blur img{filter:blur(0);transition:0.35s ease-in-out}.wp-block-uagb-image--effect-blur:hover img{filter:blur(3px)}\n.uagb-block-f4ee1cc1.wp-block-uagb-image--layout-default figure img{box-shadow: 0px 0px 0 #00000070;}.uagb-block-f4ee1cc1.wp-block-uagb-image .wp-block-uagb-image__figure figcaption{font-style: normal;align-self: center;}.uagb-block-f4ee1cc1.wp-block-uagb-image--layout-overlay figure img{box-shadow: 0px 0px 0 #00000070;}.uagb-block-f4ee1cc1.wp-block-uagb-image--layout-overlay .wp-block-uagb-image--layout-overlay__color-wrapper{opacity: 0.2;}.uagb-block-f4ee1cc1.wp-block-uagb-image--layout-overlay .wp-block-uagb-image--layout-overlay__inner{left: 15px;right: 15px;top: 15px;bottom: 15px;}.uagb-block-f4ee1cc1.wp-block-uagb-image--layout-overlay .wp-block-uagb-image--layout-overlay__inner .uagb-image-heading{font-style: normal;color: #fff;opacity: 1;}.uagb-block-f4ee1cc1.wp-block-uagb-image--layout-overlay .wp-block-uagb-image--layout-overlay__inner .uagb-image-heading a{color: #fff;}.uagb-block-f4ee1cc1.wp-block-uagb-image--layout-overlay .wp-block-uagb-image--layout-overlay__inner .uagb-image-caption{opacity: 0;}.uagb-block-f4ee1cc1.wp-block-uagb-image--layout-overlay .wp-block-uagb-image__figure:hover .wp-block-uagb-image--layout-overlay__color-wrapper{opacity: 1;}.uagb-block-f4ee1cc1.wp-block-uagb-image .wp-block-uagb-image--layout-overlay__inner .uagb-image-separator{width: 30%;border-top-width: 2px;border-top-color: #fff;opacity: 0;}.uagb-block-f4ee1cc1.wp-block-uagb-image .wp-block-uagb-image__figure img{width: 314px;height: auto;}.uagb-block-f4ee1cc1.wp-block-uagb-image .wp-block-uagb-image__figure:hover .wp-block-uagb-image--layout-overlay__inner .uagb-image-caption{opacity: 1;}.uagb-block-f4ee1cc1.wp-block-uagb-image .wp-block-uagb-image__figure:hover .wp-block-uagb-image--layout-overlay__inner .uagb-image-separator{opacity: 1;}.uagb-block-f4ee1cc1.wp-block-uagb-image--layout-default figure:hover img{box-shadow: 0px 0px 0 #00000070;}.uagb-block-f4ee1cc1.wp-block-uagb-image--layout-overlay figure:hover img{box-shadow: 0px 0px 0 #00000070;}@media only screen and (max-width: 976px) {.uagb-block-f4ee1cc1.wp-block-uagb-image .wp-block-uagb-image__figure img{width: 314px;height: auto;}}@media only screen and (max-width: 767px) {.uagb-block-f4ee1cc1.wp-block-uagb-image .wp-block-uagb-image__figure img{width: 314px;height: auto;}}.uag-blocks-common-selector{z-index:var(--z-index-desktop) !important}@media (max-width: 976px){.uag-blocks-common-selector{z-index:var(--z-index-tablet) !important}}@media (max-width: 767px){.uag-blocks-common-selector{z-index:var(--z-index-mobile) !important}}\n\";s:2:\"js\";s:0:\"\";s:18:\"current_block_list\";a:1:{i:0;s:10:\"uagb\/image\";}s:8:\"uag_flag\";b:1;s:11:\"uag_version\";s:10:\"1775454065\";s:6:\"gfonts\";a:0:{}s:10:\"gfonts_url\";s:0:\"\";s:12:\"gfonts_files\";a:0:{}s:14:\"uag_faq_layout\";b:0;}"],"_uag_css_file_name":["uag-css-10107.css"]},"uagb_featured_image_src":{"full":false,"thumbnail":false,"medium":false,"medium_large":false,"large":false,"1536x1536":false,"2048x2048":false,"trp-custom-language-flag":false,"illdy-blog-list":false,"illdy-widget-recent-posts":false,"illdy-blog-post-related-articles":false,"illdy-front-page-latest-news":false,"illdy-front-page-testimonials":false,"illdy-front-page-projects":false,"illdy-front-page-person":false},"uagb_author_info":{"display_name":"Joanna Choluj","author_link":"https:\/\/joannacholuj.pl\/en\/blog\/author\/joannacholuj\/"},"uagb_comment_info":0,"uagb_excerpt":"ODKRYJ TAJEMNICZY KOD MATRYCY J\u0118ZYKA Jest to kurs, kt\u00f3ry pozwoli Ci rozumie\u0107 i wykorzystywa\u0107 dla swojego dobra wibracje s\u0142\u00f3w i [&hellip;]","_links":{"self":[{"href":"https:\/\/joannacholuj.pl\/en\/wp-json\/wp\/v2\/pages\/10107"}],"collection":[{"href":"https:\/\/joannacholuj.pl\/en\/wp-json\/wp\/v2\/pages"}],"about":[{"href":"https:\/\/joannacholuj.pl\/en\/wp-json\/wp\/v2\/types\/page"}],"author":[{"embeddable":true,"href":"https:\/\/joannacholuj.pl\/en\/wp-json\/wp\/v2\/users\/2"}],"replies":[{"embeddable":true,"href":"https:\/\/joannacholuj.pl\/en\/wp-json\/wp\/v2\/comments?post=10107"}],"version-history":[{"count":59,"href":"https:\/\/joannacholuj.pl\/en\/wp-json\/wp\/v2\/pages\/10107\/revisions"}],"predecessor-version":[{"id":13047,"href":"https:\/\/joannacholuj.pl\/en\/wp-json\/wp\/v2\/pages\/10107\/revisions\/13047"}],"wp:attachment":[{"href":"https:\/\/joannacholuj.pl\/en\/wp-json\/wp\/v2\/media?parent=10107"}],"curies":[{"name":"wp","href":"https:\/\/api.w.org\/{rel}","templated":true}]}}