{"id":10105,"date":"2023-12-12T21:26:19","date_gmt":"2023-12-12T20:26:19","guid":{"rendered":"http:\/\/joannacholuj.pl\/?page_id=10105"},"modified":"2024-10-26T22:15:25","modified_gmt":"2024-10-26T20:15:25","slug":"sklep-ksiazki","status":"publish","type":"page","link":"https:\/\/joannacholuj.pl\/en\/sklep-ksiazki\/","title":{"rendered":"Sklep Ksi\u0105\u017cki"},"content":{"rendered":"<h6 style=\"text-align: center;\"><\/h6>\n<h4 style=\"text-align: center;\"><a href=\"https:\/\/joannacholuj.pl\/en\/mojeksiazki\/\">opisy wszystkich ksi\u0105\u017cek z serii,<\/a> tak\u017ce tych, kt\u00f3re nie zosta\u0142y jeszcze opublikowane<\/h4>\n<form action=\"https:\/\/www.paypal.com\/cgi-bin\/webscr\" method=\"post\" target=\"_blank\"><\/form>\n<h4 style=\"text-align: center;\">DZIA\u0141 I MITY \u015aWIATA<\/h4>\n<p style=\"text-align: left;\"><\/p>\n\n<h4 style=\"text-align: center;\" align=\"left\"><span style=\"font-size: small;\">\u00a0<\/span><\/h4>\n<h3 style=\"text-align: center;\">SECTIONS OF THE SERIES<\/h3>\n<h3 style=\"text-align: center;\"><span style=\"font-size: big italic;\">Kreative &amp; Klear<\/span><\/h3>\n<h3 style=\"text-align: center;\"><\/h3>\n<h3 style=\"text-align: center;\" align=\"left\"><img loading=\"lazy\" decoding=\"async\" class=\"wp-image-13154 size-medium aligncenter\" src=\"http:\/\/joannacholuj.pl\/wp-content\/uploads\/2024\/10\/okladka-001_I-MITOLOGIA-face-obw-214x300.jpg\" alt=\"\" width=\"214\" height=\"300\" srcset=\"https:\/\/joannacholuj.pl\/wp-content\/uploads\/2024\/10\/okladka-001_I-MITOLOGIA-face-obw-214x300.jpg 214w, https:\/\/joannacholuj.pl\/wp-content\/uploads\/2024\/10\/okladka-001_I-MITOLOGIA-face-obw.jpg 595w\" sizes=\"(max-width: 214px) 100vw, 214px\" \/><\/h3>\n<h3><\/h3>\n<h3 style=\"text-align: center;\"><a href=\"https:\/\/joannacholuj.pl\/en\/ksiazki-dzial-i\/\"><span style=\"color: #800000;\"><span style=\"font-size: large;\"><strong>MYTHS OF THE WORLD \u2013 SECTION I \u2013 view all books<\/strong><\/span><\/span><\/a><\/h3>\n<img loading=\"lazy\" decoding=\"async\" class=\"wp-image-13142 size-medium aligncenter\" src=\"http:\/\/joannacholuj.pl\/wp-content\/uploads\/2024\/10\/okladka-001_II-arioslowian-wojowniczki-214x300.jpg\" alt=\"\" width=\"214\" height=\"300\" srcset=\"https:\/\/joannacholuj.pl\/wp-content\/uploads\/2024\/10\/okladka-001_II-arioslowian-wojowniczki-214x300.jpg 214w, https:\/\/joannacholuj.pl\/wp-content\/uploads\/2024\/10\/okladka-001_II-arioslowian-wojowniczki.jpg 595w\" sizes=\"(max-width: 214px) 100vw, 214px\" \/>\n<h3><\/h3>\n<h3 style=\"text-align: center;\"><a href=\"http:\/\/joannacholuj.pl\/en\/ksiegi-dzial-ii\/\"><span style=\"color: #800000;\"><span style=\"font-size: large;\"><strong>WARRIORS AND WITCHES \u2013 PART II \u2013 view all books<\/strong><\/span><\/span><\/a><\/h3>\n<p style=\"text-align: center;\"><span style=\"color: #800000;\"><span style=\"font-size: large;\"><strong>\u00a0<img loading=\"lazy\" decoding=\"async\" class=\"wp-image-13143 size-medium aligncenter\" src=\"http:\/\/joannacholuj.pl\/wp-content\/uploads\/2024\/10\/okladka-001_III-trzy-wiedzmy-214x300.jpg\" alt=\"\" width=\"214\" height=\"300\" srcset=\"https:\/\/joannacholuj.pl\/wp-content\/uploads\/2024\/10\/okladka-001_III-trzy-wiedzmy-214x300.jpg 214w, https:\/\/joannacholuj.pl\/wp-content\/uploads\/2024\/10\/okladka-001_III-trzy-wiedzmy.jpg 595w\" sizes=\"(max-width: 214px) 100vw, 214px\" \/><\/strong><\/span><\/span><\/p>\n\n<h3><\/h3>\n<h3 style=\"text-align: center;\"><span style=\"color: #800000;\"><span style=\"font-size: large;\"><a href=\"http:\/\/joannacholuj.pl\/en\/duch-dzial-iii\/\">SPIRITS DEMONS ENERGIES \u2013 SECTION III \u2013 view all books<\/a><\/span><\/span><\/h3>\n<img loading=\"lazy\" decoding=\"async\" class=\"wp-image-13152 size-medium aligncenter\" src=\"http:\/\/joannacholuj.pl\/wp-content\/uploads\/2024\/10\/okladka-001_IV-sztuka-samouzdrawiania-2-214x300.jpg\" alt=\"\" width=\"214\" height=\"300\" srcset=\"https:\/\/joannacholuj.pl\/wp-content\/uploads\/2024\/10\/okladka-001_IV-sztuka-samouzdrawiania-2-214x300.jpg 214w, https:\/\/joannacholuj.pl\/wp-content\/uploads\/2024\/10\/okladka-001_IV-sztuka-samouzdrawiania-2.jpg 595w\" sizes=\"(max-width: 214px) 100vw, 214px\" \/>\n<h3><\/h3>\n<h3 style=\"text-align: center;\"><a href=\"http:\/\/joannacholuj.pl\/en\/uzdrawianie-dzial-iv\/\"><span style=\"color: #800000;\"><span style=\"font-size: large;\"><strong>THE ART OF SELF-HEALING \u2013 SECTION IV \u2013 view all books<\/strong><\/span><\/span><\/a><\/h3>\n<img loading=\"lazy\" decoding=\"async\" class=\"wp-image-13132 size-medium aligncenter\" src=\"http:\/\/joannacholuj.pl\/wp-content\/uploads\/2024\/10\/okladka-001_VI-WYCHOWANIE-slow-wych-214x300.jpg\" alt=\"\" width=\"214\" height=\"300\" srcset=\"https:\/\/joannacholuj.pl\/wp-content\/uploads\/2024\/10\/okladka-001_VI-WYCHOWANIE-slow-wych-214x300.jpg 214w, https:\/\/joannacholuj.pl\/wp-content\/uploads\/2024\/10\/okladka-001_VI-WYCHOWANIE-slow-wych.jpg 595w\" sizes=\"(max-width: 214px) 100vw, 214px\" \/>\n<h3><\/h3>\n<h3 style=\"text-align: center;\"><a href=\"http:\/\/joannacholuj.pl\/en\/dziecko-dzial-v\/\"><span style=\"color: #800000;\"><span style=\"font-size: large;\"><strong>WYCHOWANIE WOLNYCH DZIECI &#8211;\u00a0 DZIA\u0141 V &#8211; obejrzyj wszystkie ksi\u0105\u017cki<\/strong><\/span><\/span><\/a><\/h3>\n<img loading=\"lazy\" decoding=\"async\" class=\"wp-image-13134 size-medium aligncenter\" src=\"http:\/\/joannacholuj.pl\/wp-content\/uploads\/2024\/10\/okladka-001_VI-EDUKACJA-DOM-PODROZE-214x300.jpg\" alt=\"\" width=\"214\" height=\"300\" srcset=\"https:\/\/joannacholuj.pl\/wp-content\/uploads\/2024\/10\/okladka-001_VI-EDUKACJA-DOM-PODROZE-214x300.jpg 214w, https:\/\/joannacholuj.pl\/wp-content\/uploads\/2024\/10\/okladka-001_VI-EDUKACJA-DOM-PODROZE.jpg 595w\" sizes=\"(max-width: 214px) 100vw, 214px\" \/>\n<p align=\"left\"><!-- \/wp:paragraph --><\/p>\n<p align=\"left\"><!-- \/wp:paragraph --><\/p>\n<p align=\"left\"><!-- \/wp:paragraph --><\/p>\n\n<h3 align=\"left\"><\/h3>\n<h3 style=\"text-align: center;\" align=\"left\"><a href=\"http:\/\/joannacholuj.pl\/en\/nauka-dzial-vi\/\"><span style=\"color: #800000;\"><span style=\"font-size: large;\"><strong>ALTERNATIVE EDUCATION \u2013 SECTION VI \u2013 view all books<\/strong><\/span><\/span><\/a><\/h3>\n<img loading=\"lazy\" decoding=\"async\" class=\"aligncenter wp-image-13115 size-medium\" src=\"http:\/\/joannacholuj.pl\/wp-content\/uploads\/2024\/10\/okladka-001_VII-jing-jang-214x300.jpg\" alt=\"\" width=\"214\" height=\"300\" srcset=\"https:\/\/joannacholuj.pl\/wp-content\/uploads\/2024\/10\/okladka-001_VII-jing-jang-214x300.jpg 214w, https:\/\/joannacholuj.pl\/wp-content\/uploads\/2024\/10\/okladka-001_VII-jing-jang.jpg 595w\" sizes=\"(max-width: 214px) 100vw, 214px\" \/>\n<h3 align=\"left\"><\/h3>\n<h3 style=\"text-align: center;\" align=\"left\"><a href=\"http:\/\/joannacholuj.pl\/en\/kreacja-dzial-vii\/\"><span style=\"color: #800000;\"><span style=\"font-size: large;\"><strong>ART AND CREATIVITY \u2013 SECTION VII \u2013 view all books<\/strong><\/span><\/span><\/a><\/h3>\n<p align=\"left\"><img loading=\"lazy\" decoding=\"async\" class=\"wp-image-13137 size-medium aligncenter\" src=\"http:\/\/joannacholuj.pl\/wp-content\/uploads\/2024\/10\/okladka-001_VIII-wiedza-o-sobie-autobio-copy-214x300.jpg\" alt=\"\" width=\"214\" height=\"300\" srcset=\"https:\/\/joannacholuj.pl\/wp-content\/uploads\/2024\/10\/okladka-001_VIII-wiedza-o-sobie-autobio-copy-214x300.jpg 214w, https:\/\/joannacholuj.pl\/wp-content\/uploads\/2024\/10\/okladka-001_VIII-wiedza-o-sobie-autobio-copy-729x1024.jpg 729w, https:\/\/joannacholuj.pl\/wp-content\/uploads\/2024\/10\/okladka-001_VIII-wiedza-o-sobie-autobio-copy-768x1079.jpg 768w, https:\/\/joannacholuj.pl\/wp-content\/uploads\/2024\/10\/okladka-001_VIII-wiedza-o-sobie-autobio-copy-1093x1536.jpg 1093w, https:\/\/joannacholuj.pl\/wp-content\/uploads\/2024\/10\/okladka-001_VIII-wiedza-o-sobie-autobio-copy-1458x2048.jpg 1458w, https:\/\/joannacholuj.pl\/wp-content\/uploads\/2024\/10\/okladka-001_VIII-wiedza-o-sobie-autobio-copy-scaled.jpg 1822w\" sizes=\"(max-width: 214px) 100vw, 214px\" \/><\/p>\n\n<h3 align=\"left\"><\/h3>\n<h3 style=\"text-align: center;\" align=\"left\"><a href=\"http:\/\/joannacholuj.pl\/en\/wiedza-dzial-viii\/\"><span style=\"color: #800000;\"><span style=\"font-size: large;\"><strong>KNOWING ABOUT YOURSELF \u2013 SECTION VIII \u2013 view all books<\/strong><\/span><\/span><\/a><\/h3>\n<img loading=\"lazy\" decoding=\"async\" class=\"wp-image-13150 size-medium aligncenter\" src=\"http:\/\/joannacholuj.pl\/wp-content\/uploads\/2024\/10\/okladka-001_IX-kolo-krzyz-swas-214x300.jpg\" alt=\"\" width=\"214\" height=\"300\" srcset=\"https:\/\/joannacholuj.pl\/wp-content\/uploads\/2024\/10\/okladka-001_IX-kolo-krzyz-swas-214x300.jpg 214w, https:\/\/joannacholuj.pl\/wp-content\/uploads\/2024\/10\/okladka-001_IX-kolo-krzyz-swas-729x1024.jpg 729w, https:\/\/joannacholuj.pl\/wp-content\/uploads\/2024\/10\/okladka-001_IX-kolo-krzyz-swas-768x1079.jpg 768w, https:\/\/joannacholuj.pl\/wp-content\/uploads\/2024\/10\/okladka-001_IX-kolo-krzyz-swas-1093x1536.jpg 1093w, https:\/\/joannacholuj.pl\/wp-content\/uploads\/2024\/10\/okladka-001_IX-kolo-krzyz-swas-1458x2048.jpg 1458w, https:\/\/joannacholuj.pl\/wp-content\/uploads\/2024\/10\/okladka-001_IX-kolo-krzyz-swas-scaled.jpg 1822w\" sizes=\"(max-width: 214px) 100vw, 214px\" \/>\n<p align=\"left\"><!-- wp:paragraph --><\/p>\n<p align=\"left\"><!-- \/wp:paragraph --> <!-- wp:image {\"id\":372,\"align\":\"left\",\"width\":181,\"height\":183} --><\/p>\n\n<h3><\/h3>\n<h3 class=\"wp-block-image\" style=\"text-align: center;\"><a href=\"https:\/\/joannacholuj.pl\/en\/symbole-dzial-ix\/\"><span style=\"color: #800000;\"><span style=\"font-size: large;\"><strong>SYMBOLE I \u015aWI\u0118TA GEOMETRIA &#8211; DZIA\u0141 IX &#8211; obejrzyj wszystkie ksi\u0105\u017cki<\/strong><\/span><\/span><\/a><\/h3>\n<p align=\"left\"><img loading=\"lazy\" decoding=\"async\" class=\"wp-image-13138 size-medium aligncenter\" src=\"http:\/\/joannacholuj.pl\/wp-content\/uploads\/2024\/10\/okladka-001_X-JEZYK-I-MAGIA-GRAM-STAR-1-copy-214x300.jpg\" alt=\"\" width=\"214\" height=\"300\" srcset=\"https:\/\/joannacholuj.pl\/wp-content\/uploads\/2024\/10\/okladka-001_X-JEZYK-I-MAGIA-GRAM-STAR-1-copy-214x300.jpg 214w, https:\/\/joannacholuj.pl\/wp-content\/uploads\/2024\/10\/okladka-001_X-JEZYK-I-MAGIA-GRAM-STAR-1-copy-729x1024.jpg 729w, https:\/\/joannacholuj.pl\/wp-content\/uploads\/2024\/10\/okladka-001_X-JEZYK-I-MAGIA-GRAM-STAR-1-copy-768x1079.jpg 768w, https:\/\/joannacholuj.pl\/wp-content\/uploads\/2024\/10\/okladka-001_X-JEZYK-I-MAGIA-GRAM-STAR-1-copy-1093x1536.jpg 1093w, https:\/\/joannacholuj.pl\/wp-content\/uploads\/2024\/10\/okladka-001_X-JEZYK-I-MAGIA-GRAM-STAR-1-copy-1458x2048.jpg 1458w, https:\/\/joannacholuj.pl\/wp-content\/uploads\/2024\/10\/okladka-001_X-JEZYK-I-MAGIA-GRAM-STAR-1-copy-scaled.jpg 1822w\" sizes=\"(max-width: 214px) 100vw, 214px\" \/><\/p>\n<p style=\"text-align: center;\" align=\"left\"><a href=\"https:\/\/joannacholuj.pl\/en\/magia-dzial-x\/\"><span style=\"color: #800000;\"><span style=\"font-size: large;\"><strong>MAGIC AND LANGUAGE \u2013 SECTION X \u2013 view all books<\/strong><\/span><\/span><\/a><\/p>\n<p align=\"left\"><img loading=\"lazy\" decoding=\"async\" class=\"wp-image-13149 size-medium aligncenter\" src=\"http:\/\/joannacholuj.pl\/wp-content\/uploads\/2024\/10\/okladka-001_XI-ryty-i-nautalny-cykl-zycia-214x300.jpg\" alt=\"\" width=\"214\" height=\"300\" srcset=\"https:\/\/joannacholuj.pl\/wp-content\/uploads\/2024\/10\/okladka-001_XI-ryty-i-nautalny-cykl-zycia-214x300.jpg 214w, https:\/\/joannacholuj.pl\/wp-content\/uploads\/2024\/10\/okladka-001_XI-ryty-i-nautalny-cykl-zycia-729x1024.jpg 729w, https:\/\/joannacholuj.pl\/wp-content\/uploads\/2024\/10\/okladka-001_XI-ryty-i-nautalny-cykl-zycia-768x1079.jpg 768w, https:\/\/joannacholuj.pl\/wp-content\/uploads\/2024\/10\/okladka-001_XI-ryty-i-nautalny-cykl-zycia-1093x1536.jpg 1093w, https:\/\/joannacholuj.pl\/wp-content\/uploads\/2024\/10\/okladka-001_XI-ryty-i-nautalny-cykl-zycia-1458x2048.jpg 1458w, https:\/\/joannacholuj.pl\/wp-content\/uploads\/2024\/10\/okladka-001_XI-ryty-i-nautalny-cykl-zycia-scaled.jpg 1822w\" sizes=\"(max-width: 214px) 100vw, 214px\" \/><\/p>\n<p style=\"text-align: center;\" align=\"left\"><a href=\"https:\/\/joannacholuj.pl\/en\/przyroda-dzial-xi\/\"><span style=\"color: #800000;\"><span style=\"font-size: large;\"><strong>OUR NEW EARTH \u2013 SECTION XI \u2013 view all books<\/strong><\/span><\/span><\/a><\/p>\n<p align=\"left\"><!-- wp:paragraph --><\/p>\n<p align=\"left\"><!-- \/wp:paragraph --> <!-- wp:image {\"id\":386,\"align\":\"left\",\"width\":190,\"height\":190} --><\/p>\n\n<div><\/div>\n<div><img loading=\"lazy\" decoding=\"async\" class=\"wp-image-13145 size-medium aligncenter\" src=\"http:\/\/joannacholuj.pl\/wp-content\/uploads\/2024\/10\/okladka-001_XII-RODZINA-ARCHETYP-copy-214x300.jpg\" alt=\"\" width=\"214\" height=\"300\" srcset=\"https:\/\/joannacholuj.pl\/wp-content\/uploads\/2024\/10\/okladka-001_XII-RODZINA-ARCHETYP-copy-214x300.jpg 214w, https:\/\/joannacholuj.pl\/wp-content\/uploads\/2024\/10\/okladka-001_XII-RODZINA-ARCHETYP-copy-729x1024.jpg 729w, https:\/\/joannacholuj.pl\/wp-content\/uploads\/2024\/10\/okladka-001_XII-RODZINA-ARCHETYP-copy-768x1079.jpg 768w, https:\/\/joannacholuj.pl\/wp-content\/uploads\/2024\/10\/okladka-001_XII-RODZINA-ARCHETYP-copy-1093x1536.jpg 1093w, https:\/\/joannacholuj.pl\/wp-content\/uploads\/2024\/10\/okladka-001_XII-RODZINA-ARCHETYP-copy-1458x2048.jpg 1458w, https:\/\/joannacholuj.pl\/wp-content\/uploads\/2024\/10\/okladka-001_XII-RODZINA-ARCHETYP-copy-scaled.jpg 1822w\" sizes=\"(max-width: 214px) 100vw, 214px\" \/><\/div>\n<p style=\"text-align: center;\" align=\"left\"><a href=\"https:\/\/joannacholuj.pl\/en\/rodzina-dzial-xii\/\"><span style=\"color: #800000;\"><span style=\"font-size: large;\"><strong>UZDRAWIANIE ZWI\u0104ZK\u00d3W I RODU\u00a0 &#8211; DZIA\u0141 XII &#8211; obejrzyj wszystkie ksi\u0105\u017cki\u00a0<\/strong><\/span><\/span><\/a><\/p>\n\n\n<hr \/>\n\n<h4 dir=\"auto\" style=\"text-align: center;\"><\/h4>\n<p dir=\"ltr\" data-placeholder=\"T\u0142umaczenie\"><\/p>","protected":false},"excerpt":{"rendered":"<p>opisy wszystkich ksi\u0105\u017cek z serii, tak\u017ce tych, kt\u00f3re nie zosta\u0142y jeszcze opublikowane DZIA\u0141 I MITY \u015aWIATA \u00a0 DZIA\u0141Y SERII Kreatywnie [&hellip;]<\/p>","protected":false},"author":2,"featured_media":11735,"parent":0,"menu_order":0,"comment_status":"closed","ping_status":"closed","template":"","meta":{"_bbp_topic_count":0,"_bbp_reply_count":0,"_bbp_total_topic_count":0,"_bbp_total_reply_count":0,"_bbp_voice_count":0,"_bbp_anonymous_reply_count":0,"_bbp_topic_count_hidden":0,"_bbp_reply_count_hidden":0,"_bbp_forum_subforum_count":0,"_uag_custom_page_level_css":"","footnotes":""},"class_list":["post-10105","page","type-page","status-publish","has-post-thumbnail","hentry"],"spectra_custom_meta":{"_edit_last":["2"],"_wp_page_template":["default"],"_edit_lock":["1733019512:2"],"_thumbnail_id":["11735"],"_uag_page_assets":["a:9:{s:3:\"css\";s:263:\".uag-blocks-common-selector{z-index:var(--z-index-desktop) !important}@media (max-width: 976px){.uag-blocks-common-selector{z-index:var(--z-index-tablet) !important}}@media (max-width: 767px){.uag-blocks-common-selector{z-index:var(--z-index-mobile) !important}}\n\";s:2:\"js\";s:0:\"\";s:18:\"current_block_list\";a:0:{}s:8:\"uag_flag\";b:0;s:11:\"uag_version\";s:10:\"1776190721\";s:6:\"gfonts\";a:0:{}s:10:\"gfonts_url\";s:0:\"\";s:12:\"gfonts_files\";a:0:{}s:14:\"uag_faq_layout\";b:0;}"],"_uag_css_file_name":["uag-css-10105.css"]},"uagb_featured_image_src":{"full":["https:\/\/joannacholuj.pl\/wp-content\/uploads\/2024\/07\/5d420f70-9638-48df-872f-4fec0afb0a46.jpeg",960,1920,false],"thumbnail":["https:\/\/joannacholuj.pl\/wp-content\/uploads\/2024\/07\/5d420f70-9638-48df-872f-4fec0afb0a46-150x150.jpeg",150,150,true],"medium":["https:\/\/joannacholuj.pl\/wp-content\/uploads\/2024\/07\/5d420f70-9638-48df-872f-4fec0afb0a46-150x300.jpeg",150,300,true],"medium_large":["https:\/\/joannacholuj.pl\/wp-content\/uploads\/2024\/07\/5d420f70-9638-48df-872f-4fec0afb0a46-768x1536.jpeg",640,1280,true],"large":["https:\/\/joannacholuj.pl\/wp-content\/uploads\/2024\/07\/5d420f70-9638-48df-872f-4fec0afb0a46-512x1024.jpeg",512,1024,true],"1536x1536":["https:\/\/joannacholuj.pl\/wp-content\/uploads\/2024\/07\/5d420f70-9638-48df-872f-4fec0afb0a46.jpeg",768,1536,false],"2048x2048":["https:\/\/joannacholuj.pl\/wp-content\/uploads\/2024\/07\/5d420f70-9638-48df-872f-4fec0afb0a46.jpeg",960,1920,false],"trp-custom-language-flag":["https:\/\/joannacholuj.pl\/wp-content\/uploads\/2024\/07\/5d420f70-9638-48df-872f-4fec0afb0a46.jpeg",6,12,false],"illdy-blog-list":["https:\/\/joannacholuj.pl\/wp-content\/uploads\/2024\/07\/5d420f70-9638-48df-872f-4fec0afb0a46-750x500.jpeg",750,500,true],"illdy-widget-recent-posts":["https:\/\/joannacholuj.pl\/wp-content\/uploads\/2024\/07\/5d420f70-9638-48df-872f-4fec0afb0a46-70x70.jpeg",70,70,true],"illdy-blog-post-related-articles":["https:\/\/joannacholuj.pl\/wp-content\/uploads\/2024\/07\/5d420f70-9638-48df-872f-4fec0afb0a46-240x206.jpeg",240,206,true],"illdy-front-page-latest-news":["https:\/\/joannacholuj.pl\/wp-content\/uploads\/2024\/07\/5d420f70-9638-48df-872f-4fec0afb0a46-250x213.jpeg",250,213,true],"illdy-front-page-testimonials":["https:\/\/joannacholuj.pl\/wp-content\/uploads\/2024\/07\/5d420f70-9638-48df-872f-4fec0afb0a46-127x127.jpeg",127,127,true],"illdy-front-page-projects":["https:\/\/joannacholuj.pl\/wp-content\/uploads\/2024\/07\/5d420f70-9638-48df-872f-4fec0afb0a46-476x476.jpeg",476,476,true],"illdy-front-page-person":["https:\/\/joannacholuj.pl\/wp-content\/uploads\/2024\/07\/5d420f70-9638-48df-872f-4fec0afb0a46-125x125.jpeg",125,125,true]},"uagb_author_info":{"display_name":"Joanna Choluj","author_link":"https:\/\/joannacholuj.pl\/en\/blog\/author\/joannacholuj\/"},"uagb_comment_info":0,"uagb_excerpt":"opisy wszystkich ksi\u0105\u017cek z serii, tak\u017ce tych, kt\u00f3re nie zosta\u0142y jeszcze opublikowane DZIA\u0141 I MITY \u015aWIATA \u00a0 DZIA\u0141Y SERII Kreatywnie [&hellip;]","_links":{"self":[{"href":"https:\/\/joannacholuj.pl\/en\/wp-json\/wp\/v2\/pages\/10105"}],"collection":[{"href":"https:\/\/joannacholuj.pl\/en\/wp-json\/wp\/v2\/pages"}],"about":[{"href":"https:\/\/joannacholuj.pl\/en\/wp-json\/wp\/v2\/types\/page"}],"author":[{"embeddable":true,"href":"https:\/\/joannacholuj.pl\/en\/wp-json\/wp\/v2\/users\/2"}],"replies":[{"embeddable":true,"href":"https:\/\/joannacholuj.pl\/en\/wp-json\/wp\/v2\/comments?post=10105"}],"version-history":[{"count":85,"href":"https:\/\/joannacholuj.pl\/en\/wp-json\/wp\/v2\/pages\/10105\/revisions"}],"predecessor-version":[{"id":13167,"href":"https:\/\/joannacholuj.pl\/en\/wp-json\/wp\/v2\/pages\/10105\/revisions\/13167"}],"wp:featuredmedia":[{"embeddable":true,"href":"https:\/\/joannacholuj.pl\/en\/wp-json\/wp\/v2\/media\/11735"}],"wp:attachment":[{"href":"https:\/\/joannacholuj.pl\/en\/wp-json\/wp\/v2\/media?parent=10105"}],"curies":[{"name":"wp","href":"https:\/\/api.w.org\/{rel}","templated":true}]}}