{"id":9440,"date":"2023-06-28T16:33:17","date_gmt":"2023-06-28T14:33:17","guid":{"rendered":"http:\/\/joannacholuj.pl\/?page_id=9440"},"modified":"2024-03-04T04:09:53","modified_gmt":"2024-03-04T03:09:53","slug":"coaching-esp","status":"publish","type":"page","link":"http:\/\/joannacholuj.pl\/en\/coaching-esp\/","title":{"rendered":"Procesos de transformacion"},"content":{"rendered":"<h5 style=\"text-align: center;\"><\/h5>\n<p><img loading=\"lazy\" decoding=\"async\" class=\"aligncenter size-large wp-image-4025\" src=\"http:\/\/joannacholuj.pl\/wp-content\/uploads\/2019\/12\/logo-1200-intro2-1024x341.jpg\" alt=\"\" width=\"640\" height=\"213\" srcset=\"http:\/\/joannacholuj.pl\/wp-content\/uploads\/2019\/12\/logo-1200-intro2-1024x341.jpg 1024w, http:\/\/joannacholuj.pl\/wp-content\/uploads\/2019\/12\/logo-1200-intro2-300x100.jpg 300w, http:\/\/joannacholuj.pl\/wp-content\/uploads\/2019\/12\/logo-1200-intro2-768x256.jpg 768w, http:\/\/joannacholuj.pl\/wp-content\/uploads\/2019\/12\/logo-1200-intro2.jpg 1200w\" sizes=\"(max-width: 640px) 100vw, 640px\" \/><\/p>\n<p>&nbsp;<\/p>\n<p style=\"text-align: center;\"><strong><a href=\"http:\/\/joannacholuj.pl\/en\/precios\/\">TIENDA SABIA<\/a><\/strong><\/p>\n<p style=\"text-align: center;\"><em><strong><a href=\"http:\/\/joannacholuj.pl\/en\/libros\/\">LIBROS<\/a>\u00a0<\/strong><\/em><em><strong>*\u00a0<\/strong><\/em><em><strong><a href=\"http:\/\/joannacholuj.pl\/en\/cartas\/\">CARTAS\u00a0<\/a> *\u00a0\u00a0<\/strong><\/em><em><strong><a href=\"http:\/\/joannacholuj.pl\/en\/cursos\/\">CURSOS<\/a> <\/strong><\/em><em><strong>* \u00a0<a href=\"http:\/\/joannacholuj.pl\/en\/coaching-esp\/\">PROCESOS<\/a> <\/strong><\/em><em><strong>\u00a0*<a href=\"http:\/\/joannacholuj.pl\/en\/comunidad-apolonia\/\">COMUNIDAD APOLONIA<\/a> *<\/strong><\/em><em><strong>\u00a0<\/strong><\/em><em><strong><a href=\"http:\/\/joannacholuj.pl\/en\/escuela-fringla\/\">ESCUELA FrIngla<\/a>\u00a0* <a href=\"http:\/\/joannacholuj.pl\/en\/analisis-holistico\/\">ANALISIS HOLISTICO y CONSULTAS<\/a><\/strong><\/em><\/p>\n<p style=\"text-align: center;\"><em><strong>\u00a0<\/strong><\/em><em><strong><a href=\"http:\/\/joannacholuj.pl\/en\/opiniones\/\">OPINIONES<\/a>\u00a0 *\u00a0\u00a0<\/strong><\/em><a href=\"http:\/\/joannacholuj.pl\/en\/sobre-mi\/\"><em><strong>SOBRE M\u00cd\u00a0<\/strong><\/em><\/a>\u00a0* <a href=\"https:\/\/www.instagram.com\/joannacholujjclady\/\">INSTAGRAM<\/a><\/p>\n<h3 style=\"text-align: center;\">PROCESOS DE LA TRANSFORMACION DE LA VIDA<\/h3>\n<p>&nbsp;<\/p>\n<p><img loading=\"lazy\" decoding=\"async\" class=\"alignnone size-thumbnail wp-image-10097 aligncenter\" src=\"http:\/\/joannacholuj.pl\/wp-content\/uploads\/2023\/12\/359817094_10163033555750299_3354091893263470844_n-150x150.jpg\" alt=\"\" width=\"150\" height=\"150\" srcset=\"http:\/\/joannacholuj.pl\/wp-content\/uploads\/2023\/12\/359817094_10163033555750299_3354091893263470844_n-150x150.jpg 150w, http:\/\/joannacholuj.pl\/wp-content\/uploads\/2023\/12\/359817094_10163033555750299_3354091893263470844_n-70x70.jpg 70w, http:\/\/joannacholuj.pl\/wp-content\/uploads\/2023\/12\/359817094_10163033555750299_3354091893263470844_n-127x127.jpg 127w, http:\/\/joannacholuj.pl\/wp-content\/uploads\/2023\/12\/359817094_10163033555750299_3354091893263470844_n-476x476.jpg 476w, http:\/\/joannacholuj.pl\/wp-content\/uploads\/2023\/12\/359817094_10163033555750299_3354091893263470844_n-125x125.jpg 125w\" sizes=\"(max-width: 150px) 100vw, 150px\" \/><\/p>\n<p style=\"text-align: center;\">PROCESOS de la TRANSFORMACION DE LA VIDA CON LA SABIA<br \/>\n(Una serie de sesiones \/procesos de un a\u00f1o de duraci\u00f3n &#8212; con mi apoyo &#8212; para una metamorfosis profunda de la vida)<\/p>\n<p style=\"text-align: center;\">se basa en el m\u00e9todo de Transformaci\u00f3n Ario-Eslava de la Vida y del Pensamiento.<\/p>\n<p style=\"text-align: center;\">Es una transformaci\u00f3n de la vida en 12 meses en un ciclo anual (empezamos en enero)<\/p>\n<p style=\"text-align: center;\">Nos reunimos una vez cada quince d\u00edas para una sesi\u00f3n de 1,5 horas. Esto da 24 sesiones al a\u00f1o y contacto continuo por escrito v\u00eda email o whatsapp.<\/p>\n<hr \/>\n<p>TRANSFORMACI\u00d3N ARIO-ESLAVA DE LA VIDA Y EL PENSAMIENTO<br \/>\nSe trata de un proceso individualizado de transformaci\u00f3n de la vida espiritual de un a\u00f1o de duraci\u00f3n en el que te ayudo. Trabajamos seg\u00fan la l\u00f3gica de los 12 meses y los cuatro trimestres del a\u00f1o. Esto significa que trabajamos sobre el elemento personal y socio-familiar, as\u00ed como sobre el elemento energ\u00e9tico-material. Se trabajan todos los niveles (energ\u00eda, mente, coraz\u00f3n, cuerpo), es decir, los niveles energ\u00e9ticos femeninos y masculinos, el ni\u00f1o interior, las huellas mentales y de comportamiento relacionadas con la infancia y la educaci\u00f3n, el trabajo, el dharma. Trabajamos el karma individual y familiar. Trabajamos con el cuerpo y el coraz\u00f3n.<\/p>\n<p>Un elemento indispensable es tambi\u00e9n mi An\u00e1lisis Hol\u00edstico para ti, que obtienes en forma de grabaciones mp3.<\/p>\n<p>Te da una visi\u00f3n pr\u00e1ctica de tu vida, potencial, dharma\/misi\u00f3n, problemas y su soluci\u00f3n. Recibir\u00e1s un perfil numerol\u00f3gico hol\u00edstico, hor\u00f3scopo tropical y v\u00e9dico, informaci\u00f3n sobre arquetipos tropicales y v\u00e9dicos, tu desarrollo y nivel de energ\u00eda, tus elementos protectores, s\u00edmbolos y un an\u00e1lisis ling\u00fc\u00edstico de nombres, denominaciones y palabras importantes para ti.<\/p>\n<p>m\u00e1s informaci\u00f3n whatsapp +51 999 333 717\u00a0 jc@joannacholuj.pl<\/p>\n<p>&nbsp;<\/p>\n<p style=\"text-align: center;\">","protected":false},"excerpt":{"rendered":"<p>&nbsp; TIENDA SABIA LIBROS\u00a0*\u00a0CARTAS\u00a0 *\u00a0\u00a0CURSOS * \u00a0PROCESOS \u00a0*COMUNIDAD APOLONIA *\u00a0ESCUELA FrIngla\u00a0* ANALISIS HOLISTICO y CONSULTAS \u00a0OPINIONES\u00a0 *\u00a0\u00a0SOBRE M\u00cd\u00a0\u00a0* INSTAGRAM PROCESOS [&hellip;]<\/p>","protected":false},"author":2,"featured_media":0,"parent":0,"menu_order":0,"comment_status":"closed","ping_status":"closed","template":"","meta":{"_bbp_topic_count":0,"_bbp_reply_count":0,"_bbp_total_topic_count":0,"_bbp_total_reply_count":0,"_bbp_voice_count":0,"_bbp_anonymous_reply_count":0,"_bbp_topic_count_hidden":0,"_bbp_reply_count_hidden":0,"_bbp_forum_subforum_count":0,"_uag_custom_page_level_css":"","footnotes":""},"class_list":["post-9440","page","type-page","status-publish","hentry"],"spectra_custom_meta":{"_edit_last":["2"],"_wp_page_template":["default"],"_edit_lock":["1709521658:2"],"_uag_page_assets":["a:9:{s:3:\"css\";s:0:\"\";s:2:\"js\";s:0:\"\";s:18:\"current_block_list\";a:0:{}s:8:\"uag_flag\";b:0;s:11:\"uag_version\";s:10:\"1776260823\";s:6:\"gfonts\";a:0:{}s:10:\"gfonts_url\";s:0:\"\";s:12:\"gfonts_files\";a:0:{}s:14:\"uag_faq_layout\";b:0;}"]},"uagb_featured_image_src":{"full":false,"thumbnail":false,"medium":false,"medium_large":false,"large":false,"1536x1536":false,"2048x2048":false,"trp-custom-language-flag":false,"illdy-blog-list":false,"illdy-widget-recent-posts":false,"illdy-blog-post-related-articles":false,"illdy-front-page-latest-news":false,"illdy-front-page-testimonials":false,"illdy-front-page-projects":false,"illdy-front-page-person":false},"uagb_author_info":{"display_name":"Joanna Choluj","author_link":"http:\/\/joannacholuj.pl\/en\/blog\/author\/joannacholuj\/"},"uagb_comment_info":0,"uagb_excerpt":"&nbsp; TIENDA SABIA LIBROS\u00a0*\u00a0CARTAS\u00a0 *\u00a0\u00a0CURSOS * \u00a0PROCESOS \u00a0*COMUNIDAD APOLONIA *\u00a0ESCUELA FrIngla\u00a0* ANALISIS HOLISTICO y CONSULTAS \u00a0OPINIONES\u00a0 *\u00a0\u00a0SOBRE M\u00cd\u00a0\u00a0* INSTAGRAM PROCESOS [&hellip;]","_links":{"self":[{"href":"http:\/\/joannacholuj.pl\/en\/wp-json\/wp\/v2\/pages\/9440"}],"collection":[{"href":"http:\/\/joannacholuj.pl\/en\/wp-json\/wp\/v2\/pages"}],"about":[{"href":"http:\/\/joannacholuj.pl\/en\/wp-json\/wp\/v2\/types\/page"}],"author":[{"embeddable":true,"href":"http:\/\/joannacholuj.pl\/en\/wp-json\/wp\/v2\/users\/2"}],"replies":[{"embeddable":true,"href":"http:\/\/joannacholuj.pl\/en\/wp-json\/wp\/v2\/comments?post=9440"}],"version-history":[{"count":9,"href":"http:\/\/joannacholuj.pl\/en\/wp-json\/wp\/v2\/pages\/9440\/revisions"}],"predecessor-version":[{"id":10910,"href":"http:\/\/joannacholuj.pl\/en\/wp-json\/wp\/v2\/pages\/9440\/revisions\/10910"}],"wp:attachment":[{"href":"http:\/\/joannacholuj.pl\/en\/wp-json\/wp\/v2\/media?parent=9440"}],"curies":[{"name":"wp","href":"https:\/\/api.w.org\/{rel}","templated":true}]}}