{"id":9273,"date":"2023-06-13T17:57:17","date_gmt":"2023-06-13T15:57:17","guid":{"rendered":"http:\/\/joannacholuj.pl\/?page_id=9273"},"modified":"2023-06-13T17:58:20","modified_gmt":"2023-06-13T15:58:20","slug":"wiedza-ario-slowian","status":"publish","type":"page","link":"http:\/\/joannacholuj.pl\/en\/wiedza-ario-slowian\/","title":{"rendered":"Wiedza i J\u0119zyk Ario-S\u0142owian"},"content":{"rendered":"<p><img loading=\"lazy\" decoding=\"async\" class=\"aligncenter size-large wp-image-4025\" src=\"http:\/\/joannacholuj.pl\/wp-content\/uploads\/2019\/12\/logo-1200-intro2-1024x341.jpg\" alt=\"\" width=\"640\" height=\"213\" srcset=\"http:\/\/joannacholuj.pl\/wp-content\/uploads\/2019\/12\/logo-1200-intro2-1024x341.jpg 1024w, http:\/\/joannacholuj.pl\/wp-content\/uploads\/2019\/12\/logo-1200-intro2-300x100.jpg 300w, http:\/\/joannacholuj.pl\/wp-content\/uploads\/2019\/12\/logo-1200-intro2-768x256.jpg 768w, http:\/\/joannacholuj.pl\/wp-content\/uploads\/2019\/12\/logo-1200-intro2.jpg 1200w\" sizes=\"(max-width: 640px) 100vw, 640px\" \/><\/p>\n<p>&nbsp;<\/p>\n<h3 style=\"text-align: center;\">\u00a0KURSY DWU-ELEMENTOWE<\/h3>\n<div class=\"l7ghb35v kjdc1dyq kmwttqpk gh25dzvf jikcssrz n3t5jt4f\">\n<div dir=\"auto\" style=\"text-align: center;\"><strong>UWAGA !!!<\/strong><\/div>\n<div dir=\"auto\" style=\"text-align: center;\">WSZYSTKIE KURSY S\u0104 DWU-ELEMENTOWE<\/div>\n<div dir=\"auto\" style=\"text-align: center;\">STANOWI\u0104 CA\u0141O\u015a\u0106<\/div>\n<div dir=\"auto\" style=\"text-align: center;\">WYKUPUJEMY CZ\u0118\u015a\u0106 TEORETYCZN\u0104 I PRAKTYCZN\u0104 JEDNOCZE\u015aNIE, ORAZ POMOCE DO KURSU.<\/div>\n<div dir=\"auto\" style=\"text-align: center;\"><\/div>\n<\/div>\n<div dir=\"auto\">\n<p><img loading=\"lazy\" decoding=\"async\" class=\"aligncenter wp-image-8555 size-medium\" src=\"http:\/\/joannacholuj.pl\/wp-content\/uploads\/2022\/09\/R-300x260.jpg\" alt=\"\" width=\"300\" height=\"260\" srcset=\"http:\/\/joannacholuj.pl\/wp-content\/uploads\/2022\/09\/R-300x260.jpg 300w, http:\/\/joannacholuj.pl\/wp-content\/uploads\/2022\/09\/R-768x665.jpg 768w, http:\/\/joannacholuj.pl\/wp-content\/uploads\/2022\/09\/R.jpg 1011w\" sizes=\"(max-width: 300px) 100vw, 300px\" \/><\/p>\n<h5 style=\"text-align: center;\"><span style=\"text-decoration: underline;\">KURS PIERWSZY &#8211; dla wszystkich TRYB GRUPOWY<\/span><\/h5>\n<p style=\"text-align: center;\">*<\/p>\n<p style=\"text-align: center;\">ELEMENT TEORETYCZNY KURSU<\/p>\n<h5 style=\"text-align: center;\"><a href=\"https:\/\/jclady-alternativedu.thinkific.com\/courses\/ancientgrammar\">G\u0142\u0119bokie rozumienie j\u0119zyka i Gramatyka staro\u017cytna polska\u00a0 S\u0142owian &#8211; Ari\u00f3w<\/a><\/h5>\n<p style=\"text-align: center;\"><strong>Jest to kurs, kt\u00f3ry pozwoli Ci rozumie\u0107 i wykorzystywa\u0107 dla swojego dobra wibracje s\u0142\u00f3w i wiedz\u0119 o gramatyce.<\/strong><\/p>\n<p style=\"text-align: center;\">Jest to cykl wyk\u0142ad\u00f3w do samodzielnego przes\u0142uchania w ci\u0105gu jednego roku i jest oparty na staro\u017cytnym polskim i sanskrycie. Jest on duchowy i naukowy jednocze\u015bnie. Jest to teoretyczne wsparcie dla praktycznej cz\u0119\u015bci kursu.<\/p>\n<p style=\"text-align: center;\"><a href=\"https:\/\/jclady-alternativedu.thinkific.com\/courses\/ancientgrammar\">\u00a0KUP pierwszy element kursu<\/a><\/p>\n<p style=\"text-align: center;\">cena 2000z\u0142<\/p>\n<p style=\"text-align: center;\">*<\/p>\n<p style=\"text-align: center;\">ELEMENT PRAKTYCZNY KURSU<\/p>\n<h5 style=\"text-align: center;\"><a href=\"https:\/\/fb.me\/e\/2HG96Ttoh\">G\u0142\u0119bokie rozumienie j\u0119zyka i gramatyka staro\u017cytna polska S\u0142owian-Ari\u00f3w<\/a><\/h5>\n<p style=\"text-align: center;\"><strong>Jest to kurs, kt\u00f3ry pozwoli Ci rozumie\u0107 i wykorzystywa\u0107 dla swojego dobra wibracje s\u0142\u00f3w i wiedz\u0119 o gramatyce.<\/strong><\/p>\n<p style=\"text-align: center;\">Jest to 49 lekcji, W GRUPIE maksymalnie 6 os\u00f3b, po 90 min ka\u017cda lekcja, w ci\u0105gu 49 tygodni roku , jedna lekcja raz w tygodniu. Spotykamy si\u0119 online. Praktycznie poznajemy j\u0119zyk i gramatyk\u0119 s\u0142owia\u0144sk\u0105 aryjsk\u0105.<\/p>\n<p style=\"text-align: center;\"><a href=\"https:\/\/fb.me\/e\/2HG96Ttoh\">KUP drugi element kursu<\/a><\/p>\n<p style=\"text-align: center;\">Cena 2000z\u0142<\/p>\n<p style=\"text-align: center;\">*<\/p>\n<div dir=\"auto\" style=\"text-align: center;\"><strong>POMOCE DO KURSU<\/strong><\/div>\n<div dir=\"auto\" style=\"text-align: center;\">Ksi\u0105\u017cki<\/div>\n<div dir=\"auto\" style=\"text-align: center;\"><em>&#8222;Gramatyka polska staro\u017cytna &#8221; cz 1 i 2 <span style=\"text-decoration: underline;\">(obowi\u0105zkowa)<\/span><\/em><\/div>\n<div dir=\"auto\" style=\"text-align: center;\"><em>&#8222;Tezy reformatorskie polskiej gramatyki staro\u017cytnej &#8222;<\/em><\/div>\n<div dir=\"auto\" style=\"text-align: center;\"><em>&#8222;Gramatyka polska staro\u017cytna &#8211; \u0107wiczenia dla doros\u0142ych&#8221;<\/em><\/div>\n<div dir=\"auto\" style=\"text-align: center;\"><em>&#8222;Gramatyka polska staro\u017cytna &#8211; \u0107wiczenia dla dzieci i pocz\u0105tkuj\u0105cych&#8221; <span style=\"text-decoration: underline;\">(obowi\u0105zkowa)<\/span><\/em><\/div>\n<div dir=\"auto\" style=\"text-align: center;\"><em>&#8222;Gramatyka por\u00f3wnawcza polski, angielski, francuski&#8221; cz 1 i 2<\/em><\/div>\n<\/div>\n<div dir=\"auto\"><\/div>\n<div dir=\"auto\">\n<div dir=\"auto\" style=\"text-align: center;\"><a href=\"https:\/\/joannacholuj.pl\/en\/mojeksiazki\/\">BUY<\/a><\/div>\n<div dir=\"auto\"><\/div>\n<div dir=\"auto\" style=\"text-align: center;\">*<\/div>\n<div dir=\"auto\">\n<div dir=\"auto\" style=\"text-align: center;\"><strong>BONUS\u00a0<\/strong><\/div>\n<div dir=\"auto\" style=\"text-align: center;\">FORUM dyskusyjne online dla cz\u0142onk\u00f3w kursu<\/div>\n<\/div>\n<p style=\"text-align: center;\">WI\u0118CEJ INFORMACJI<\/p>\n<p style=\"text-align: center;\">jc@joannacholuj.pl<\/p>\n<p style=\"text-align: center;\">whatsapp +48 605 66 3939<\/p>\n<hr \/>\n<\/div>\n<p>&nbsp;<\/p>\n<p><img loading=\"lazy\" decoding=\"async\" class=\"aligncenter wp-image-8557 size-medium\" src=\"http:\/\/joannacholuj.pl\/wp-content\/uploads\/2022\/09\/305229077_10162177369740299_5189234047771871854_n-1-300x225.jpg\" alt=\"\" width=\"300\" height=\"225\" srcset=\"http:\/\/joannacholuj.pl\/wp-content\/uploads\/2022\/09\/305229077_10162177369740299_5189234047771871854_n-1-300x225.jpg 300w, http:\/\/joannacholuj.pl\/wp-content\/uploads\/2022\/09\/305229077_10162177369740299_5189234047771871854_n-1.jpg 600w\" sizes=\"(max-width: 300px) 100vw, 300px\" \/><\/p>\n<h5 style=\"text-align: center;\"><span style=\"text-decoration: underline;\">KURS DRUGI &#8211; dla wszystkich- TRYB INDYWIDUALNY<\/span><\/h5>\n<h5 style=\"text-align: center;\"><span style=\"text-decoration: underline;\"><strong>COACHING\u00a0<\/strong><\/span><\/h5>\n<p style=\"text-align: center;\">*<\/p>\n<p style=\"text-align: center;\">ELEMENT TEORETYCZNY KURSU<\/p>\n<h5 style=\"text-align: center;\"><a href=\"https:\/\/jclady-alternativedu.thinkific.com\/courses\/starozytnawiedza\">Duchowa Przemiana 12 sfer \u017cycia\u00a0 dzi\u0119ki S\u0142owia\u0144skiej Filozofii Przyrody i Staro\u017cytnej Wiedzy Ari\u00f3w<\/a><\/h5>\n<p style=\"text-align: center;\">Jest to cykl wyk\u0142ad\u00f3w do samodzielnego przes\u0142uchania w ci\u0105gu jednego roku, jest oparty na staro\u017cytnej wiedzy i s\u0142owia\u0144skiej filozofii przyrody. Zebrany jest w dwana\u015bcie dzia\u0142\u00f3w odpowiadaj\u0105cych dwunastu miesi\u0105com. Jest to teoretyczne wsparcie dla praktycznej cz\u0119\u015bci kursu.<\/p>\n<h5 style=\"text-align: center;\"><a href=\"https:\/\/jclady-alternativedu.thinkific.com\/courses\/ancientgrammar\">KUP pierwszy element kursu\u00a0<\/a><\/h5>\n<p style=\"text-align: center;\">cena 2000z\u0142<\/p>\n<p style=\"text-align: center;\">*<\/p>\n<p style=\"text-align: center;\"><strong>ELEMENT PRAKTYCZNY KURSU\/coachingu<\/strong><\/p>\n<h5><a href=\"mailto:jc@joannacholuj.pl\">Duchowa Przemiana 12 sfer \u017cycia\u00a0 dzi\u0119ki S\u0142owia\u0144skiej Filozofii Przyrody i Staro\u017cytnej Wiedzy<\/a><\/h5>\n<p style=\"text-align: center;\">Osoba, kt\u00f3ra wykupuje ten kurs\/coaching ma do dyspozycji 49 spotka\u0144\/konsultacji INDYWIDUALNYCH po 30 min, przez 49 tygodni (rok). Spotykamy si\u0119 online przez komunikator, ale te\u017c mo\u017cemy do siebie pisa\u0107, albo rozmawia\u0107 przez telefon.\u00a0 Jest to roczny zindywidualizowany proces przemiany duchowej \u017cycia, w kt\u00f3rym Wam pomagam. Pracujemy zgodnie z logik\u0105 12 miesi\u0119cy i czterech \u0107wiartek roku. Oznacza to, \u017ce pracujemy nad elementem osobistym i spo\u0142eczno-rodzinnym, oraz energetyczno-materialnym. Przepracowaniu ulega poziom energii \u017ce\u0144skiej i m\u0119skiej, wewn\u0119trznego dziecka, wdruki umys\u0142owe i behawioralne zwi\u0105zane z dzieci\u0144stwem i edukacj\u0105, prac\u0105, dharm\u0105. Pracujemy nad karm\u0105 indywidualn\u0105 i rodzinn\u0105-rodow\u0105.<\/p>\n<p style=\"text-align: center;\">Elementem integralnym jest te\u017c moja <a href=\"https:\/\/joannacholuj.pl\/en\/analizy-holistyczne\/\">ANALIZA HOLISTYCZNA DLA WAS<\/a>\u00a0(tu wi\u0119cej informacji kliknij) , kt\u00f3r\u0105 dostajecie w postaci nagra\u0144 mp3. Daje Wam ona praktyczne spojrzenie na Wasze \u017cycie, potencja\u0142, dharm\u0119\/misj\u0119 , problemy i ich rozwi\u0105zanie. Dostaniecie w odpowiedni spos\u00f3b holistycznie powi\u0105zany profil numerologiczny, horoskop tropikalny i wedyjski, informacj\u0119 o archetypach tropikalnych i wedyjskich, wasz rozw\u00f3j i poziom energetyczny, wasze ochronne elementy, symbole i analiz\u0119 j\u0119zykow\u0105 wa\u017cnych dla was nazw, imion, nazwisk i s\u0142\u00f3w.<\/p>\n<p style=\"text-align: center;\"><a href=\"mailto:jc@joannacholuj.pl\">KUP drugi element kursu<\/a><\/p>\n<p style=\"text-align: center;\">cena 5000z\u0142<\/p>\n<p style=\"text-align: center;\">*<\/p>\n<div dir=\"auto\" style=\"text-align: center;\"><strong>POMOCE DO KURSU<\/strong><\/div>\n<div dir=\"auto\" style=\"text-align: center;\">Ksi\u0105\u017cki<\/div>\n<div dir=\"auto\" style=\"text-align: center;\"><em>&#8222;Wychowanie s\u0142owia\u0144skie&#8221;<\/em><\/div>\n<div dir=\"auto\" style=\"text-align: center;\"><em>&#8222;Archetyp kobiety&#8221;<\/em><\/div>\n<div dir=\"auto\" style=\"text-align: center;\"><em>&#8222;Mitologia por\u00f3wnawcza s\u0142owia\u0144ska i wedyjska&#8221;<\/em><\/div>\n<div dir=\"auto\" style=\"text-align: center;\"><em>&#8222;Edukacja domowa metod\u0105 projekt\u00f3w&#8221;<\/em><\/div>\n<div dir=\"auto\" style=\"text-align: center;\"><em>&#8222;Edukacja domowa w podr\u00f3\u017cy&#8221;\u00a0<\/em><\/div>\n<div dir=\"auto\" style=\"text-align: center;\"><a href=\"https:\/\/joannacholuj.pl\/en\/mojeksiazki\/\">BUY<\/a><\/div>\n<div dir=\"auto\" style=\"text-align: center;\"><\/div>\n<div dir=\"auto\" style=\"text-align: center;\">*<\/div>\n<div dir=\"auto\" style=\"text-align: center;\">WI\u0118CEJ INFO<\/div>\n<div dir=\"auto\"><iframe loading=\"lazy\" title=\"YouTube video player\" src=\"https:\/\/www.youtube.com\/embed\/Q4tUhzgQKbI\" width=\"560\" height=\"315\" frameborder=\"0\" allowfullscreen=\"allowfullscreen\" data-mce-fragment=\"1\"><\/iframe><\/div>\n<p style=\"text-align: center;\">jc@joannacholuj.pl<\/p>\n<p style=\"text-align: center;\">whatsapp +48 605 66 3939<\/p>","protected":false},"excerpt":{"rendered":"<p>&nbsp; \u00a0KURSY DWU-ELEMENTOWE UWAGA !!! WSZYSTKIE KURSY S\u0104 DWU-ELEMENTOWE STANOWI\u0104 CA\u0141O\u015a\u0106 WYKUPUJEMY CZ\u0118\u015a\u0106 TEORETYCZN\u0104 I PRAKTYCZN\u0104 JEDNOCZE\u015aNIE, ORAZ POMOCE DO [&hellip;]<\/p>","protected":false},"author":2,"featured_media":0,"parent":0,"menu_order":0,"comment_status":"closed","ping_status":"closed","template":"","meta":{"_bbp_topic_count":0,"_bbp_reply_count":0,"_bbp_total_topic_count":0,"_bbp_total_reply_count":0,"_bbp_voice_count":0,"_bbp_anonymous_reply_count":0,"_bbp_topic_count_hidden":0,"_bbp_reply_count_hidden":0,"_bbp_forum_subforum_count":0,"_uag_custom_page_level_css":"","footnotes":""},"class_list":["post-9273","page","type-page","status-publish","hentry"],"spectra_custom_meta":{"_edit_last":["2"],"_wp_page_template":["default"],"_edit_lock":["1687963275:2"],"_uag_page_assets":["a:9:{s:3:\"css\";s:0:\"\";s:2:\"js\";s:0:\"\";s:18:\"current_block_list\";a:0:{}s:8:\"uag_flag\";b:0;s:11:\"uag_version\";s:10:\"1778556554\";s:6:\"gfonts\";a:0:{}s:10:\"gfonts_url\";s:0:\"\";s:12:\"gfonts_files\";a:0:{}s:14:\"uag_faq_layout\";b:0;}"]},"uagb_featured_image_src":{"full":false,"thumbnail":false,"medium":false,"medium_large":false,"large":false,"1536x1536":false,"2048x2048":false,"trp-custom-language-flag":false,"illdy-blog-list":false,"illdy-widget-recent-posts":false,"illdy-blog-post-related-articles":false,"illdy-front-page-latest-news":false,"illdy-front-page-testimonials":false,"illdy-front-page-projects":false,"illdy-front-page-person":false},"uagb_author_info":{"display_name":"Joanna Choluj","author_link":"http:\/\/joannacholuj.pl\/en\/blog\/author\/joannacholuj\/"},"uagb_comment_info":0,"uagb_excerpt":"&nbsp; \u00a0KURSY DWU-ELEMENTOWE UWAGA !!! WSZYSTKIE KURSY S\u0104 DWU-ELEMENTOWE STANOWI\u0104 CA\u0141O\u015a\u0106 WYKUPUJEMY CZ\u0118\u015a\u0106 TEORETYCZN\u0104 I PRAKTYCZN\u0104 JEDNOCZE\u015aNIE, ORAZ POMOCE DO [&hellip;]","_links":{"self":[{"href":"http:\/\/joannacholuj.pl\/en\/wp-json\/wp\/v2\/pages\/9273"}],"collection":[{"href":"http:\/\/joannacholuj.pl\/en\/wp-json\/wp\/v2\/pages"}],"about":[{"href":"http:\/\/joannacholuj.pl\/en\/wp-json\/wp\/v2\/types\/page"}],"author":[{"embeddable":true,"href":"http:\/\/joannacholuj.pl\/en\/wp-json\/wp\/v2\/users\/2"}],"replies":[{"embeddable":true,"href":"http:\/\/joannacholuj.pl\/en\/wp-json\/wp\/v2\/comments?post=9273"}],"version-history":[{"count":2,"href":"http:\/\/joannacholuj.pl\/en\/wp-json\/wp\/v2\/pages\/9273\/revisions"}],"predecessor-version":[{"id":9275,"href":"http:\/\/joannacholuj.pl\/en\/wp-json\/wp\/v2\/pages\/9273\/revisions\/9275"}],"wp:attachment":[{"href":"http:\/\/joannacholuj.pl\/en\/wp-json\/wp\/v2\/media?parent=9273"}],"curies":[{"name":"wp","href":"https:\/\/api.w.org\/{rel}","templated":true}]}}