{"id":9217,"date":"2023-06-04T16:11:15","date_gmt":"2023-06-04T14:11:15","guid":{"rendered":"http:\/\/joannacholuj.pl\/?page_id=9217"},"modified":"2024-06-28T18:57:32","modified_gmt":"2024-06-28T16:57:32","slug":"analisis-holistico","status":"publish","type":"page","link":"http:\/\/joannacholuj.pl\/en\/analisis-holistico\/","title":{"rendered":"analisis holistico"},"content":{"rendered":"<p><img loading=\"lazy\" decoding=\"async\" class=\"wp-image-4139 aligncenter\" src=\"http:\/\/joannacholuj.pl\/wp-content\/uploads\/2020\/01\/LOGO-249x300.jpg\" alt=\"\" width=\"132\" height=\"159\" srcset=\"http:\/\/joannacholuj.pl\/wp-content\/uploads\/2020\/01\/LOGO-249x300.jpg 249w, http:\/\/joannacholuj.pl\/wp-content\/uploads\/2020\/01\/LOGO-768x925.jpg 768w, http:\/\/joannacholuj.pl\/wp-content\/uploads\/2020\/01\/LOGO-850x1024.jpg 850w, http:\/\/joannacholuj.pl\/wp-content\/uploads\/2020\/01\/LOGO.jpg 1332w\" sizes=\"(max-width: 132px) 100vw, 132px\" \/><\/p>\n<h3 style=\"text-align: center;\"><strong><a href=\"http:\/\/joannacholuj.pl\/en\/precios\/\">TIENDA<\/a><\/strong><\/h3>\n<h5 style=\"text-align: center;\"><em><strong>\u00a0<a href=\"http:\/\/joannacholuj.pl\/en\/comunidad-apolonia\/\">COMUNIDAD APOLONIA &#8211; ENCUENTROS en PERU<\/a> <\/strong><\/em><\/h5>\n<h5 style=\"text-align: center;\"><em><strong><a href=\"http:\/\/joannacholuj.pl\/en\/escuela-fringla\/\">PLATFORMA EDUCATIVA FrIngla\u00a0<\/a>con cursos y materiales\u00a0<\/strong><\/em><\/h5>\n<h5 style=\"text-align: center;\"><em><strong>\u00a0<a href=\"http:\/\/joannacholuj.pl\/en\/analisis-holistico\/\">ANALISIS HOLISTICO y CONSULTAS<\/a>\u00a0y<\/strong><\/em><em><strong>\u00a0<\/strong><\/em><em><strong><a href=\"http:\/\/joannacholuj.pl\/en\/cartas\/\">CARTAS de meditation\u00a0<\/a>\u00a0<\/strong><\/em><\/h5>\n<h5 style=\"text-align: center;\"><em><strong><a href=\"http:\/\/joannacholuj.pl\/en\/curriculum-vitae-esp\/\">CURRICULUM VITAE<\/a>*\u00a0<\/strong><\/em><em><strong><a href=\"http:\/\/joannacholuj.pl\/en\/opiniones\/\">OPINIONES<\/a>\u00a0 *\u00a0\u00a0<\/strong><\/em><a href=\"http:\/\/joannacholuj.pl\/en\/sobre-mi\/\"><em><strong>SOBRE M\u00cd\u00a0<\/strong><\/em><\/a><strong><em>\u00a0* <a href=\"https:\/\/www.instagram.com\/joannacholujjclady\/\">INSTAGRAM<\/a><\/em><\/strong><\/h5>\n<p>&nbsp;<\/p>\n<h3 style=\"text-align: center;\">CONSULTAS Y AN\u00c1LISIS HOL\u00cdSTICO<\/h3>\n<p>*Te ayudar\u00e9 a encontrarTE a TI MISMO, tu camino y prop\u00f3sito en la vida.<br \/>\n*Te dir\u00e9 como METAMORFICAR TU VIDA.<br \/>\n*Te ayudar\u00e9 a curarte de enfermedades, a liberarte de relaciones t\u00f3xicas, a entender tus arreglos familiares.<br \/>\n*Ayudar\u00e9 a tu hijo a descubrir talentos y elegir escuela.<br \/>\n*\u00a1Te ayudar\u00e9 a VIVIR PLENAMENTE TU VIDA!<\/p>\n<p>ANALISIS HOLISTICO &#8211; SIGNIFICADO -&gt; ANALISIS EN MP3 UTILIZANDO MULTIPLES HERRAMIENTAS Y PERSPECTIVAS PARA OBTENER UNA ORIENTACION MUY PRACTICA Y UNA VISION DE LA VIDA DE UNA PERSONA<\/p>\n<blockquote><p><img loading=\"lazy\" decoding=\"async\" class=\"aligncenter wp-image-5880 size-large\" src=\"http:\/\/joannacholuj.pl\/wp-content\/uploads\/2021\/04\/KONSultpl-1024x614.jpg\" alt=\"\" width=\"640\" height=\"384\" srcset=\"http:\/\/joannacholuj.pl\/wp-content\/uploads\/2021\/04\/KONSultpl-1024x614.jpg 1024w, http:\/\/joannacholuj.pl\/wp-content\/uploads\/2021\/04\/KONSultpl-300x180.jpg 300w, http:\/\/joannacholuj.pl\/wp-content\/uploads\/2021\/04\/KONSultpl-768x461.jpg 768w, http:\/\/joannacholuj.pl\/wp-content\/uploads\/2021\/04\/KONSultpl.jpg 1067w\" sizes=\"(max-width: 640px) 100vw, 640px\" \/><\/p><\/blockquote>\n<h4 style=\"text-align: center;\"><strong>OPCI\u00d3N UNO<\/strong><\/h4>\n<h4 style=\"text-align: center;\">AN\u00c1LISIS hol\u00edstico para adultos<\/h4>\n<p style=\"text-align: center;\">EL AN\u00c1LISIS ES en audio MP3 (Recibir\u00e1 una carpeta comprimida: grabaciones m\u00e1s im\u00e1genes)<\/p>\n<p id=\"tw-target-text\" class=\"tw-data-text tw-text-large tw-ta\" dir=\"ltr\" style=\"text-align: center;\" data-placeholder=\"T\u0142umaczenie\"><span lang=\"pl\" tabindex=\"0\"><span style=\"color: red;\">ESTE ES UN AN\u00c1LISIS HOL\u00cdSTICO &#8212; UN AN\u00c1LISIS INTEGRAL para tu vida Y la situaci\u00f3n de vida PARTICULARMENTE ACTUAL en la que te encuentras. Est\u00e1 orientado a impartir una gran cantidad de conocimientos sobre tu vida y SOLUCIONES PR\u00c1CTICAS A TUS PROBLEMAS Y DILEMAS VITALES.<\/span><\/span><\/p>\n<p class=\"tw-data-text tw-text-large tw-ta\" dir=\"ltr\" style=\"text-align: center;\" data-placeholder=\"T\u0142umaczenie\"><span lang=\"pl\" tabindex=\"0\"><span style=\"color: red;\">\u00a0Necesitar\u00e9 la fecha, hora y lugar de nacimiento y ALGUNA descripci\u00f3n del problema.<\/span><\/span><\/p>\n<p class=\"tw-data-text tw-text-large tw-ta\" dir=\"ltr\" style=\"text-align: center;\" data-placeholder=\"T\u0142umaczenie\"><span lang=\"pl\" tabindex=\"0\"><span style=\"color: red;\"><strong>\u00a0COMO PARTE DE ESTE AN\u00c1LISIS OBTENDR\u00c1 :\u00a0<\/strong><\/span><\/span><\/p>\n<p class=\"tw-data-text tw-text-large tw-ta\" dir=\"ltr\" style=\"text-align: center;\" data-placeholder=\"T\u0142umaczenie\"><span lang=\"pl\" tabindex=\"0\"><span style=\"color: red;\">&#8211;\u00a0&#8211; an\u00e1lisis astrol\u00f3gico (tropical)<br \/>\n-an\u00e1lisis astrol\u00f3gico (v\u00e9dico) &#8211; nacimiento y despu\u00e9s de los 35 a\u00f1os (relaciones, trabajo)\u00a0<\/span><\/span><\/p>\n<p style=\"text-align: center;\"><span lang=\"pl\" tabindex=\"0\"><span style=\"color: red;\">&#8211;\u00a0 an\u00e1lisis de arquetipos v\u00e9dicos, eslavos<br \/>\n&#8211; an\u00e1lisis numerol\u00f3gico<br \/>\n-an\u00e1lisis seg\u00fan el sistema del Dise\u00f1o Humano<br \/>\n&#8211; RESUMEN y descomposici\u00f3n del Tarot con indicaciones<\/span><\/span><\/p>\n<p style=\"text-align: center;\"><span lang=\"pl\" tabindex=\"0\"><span style=\"color: red;\">\u00a0&#8211;\u00a0 \u00a0dharma-llamada-forma de vida, trabajo, enfoque de los negocios, imagen, relaciones, crisis de la feminidad, masculinidad, desarrollo personal seg\u00fan los elementos y los signos del zodiaco.<\/span><\/span><\/p>\n<hr \/>\n<p dir=\"ltr\" style=\"text-align: center;\" data-placeholder=\"T\u0142umaczenie\"><strong>OPCI\u00d3N DOS<\/strong><\/p>\n<h4 style=\"text-align: center;\">An\u00e1lisis hol\u00edstico para el ni\u00f1o<br \/>\nEL AN\u00c1LISIS ES en audio MP3 (Recibir\u00e1 una carpeta comprimida: grabaciones m\u00e1s im\u00e1genes)<\/h4>\n<p style=\"text-align: center;\"><span lang=\"pl\" tabindex=\"0\"><span style=\"color: red;\">ESTE ES UN AN\u00c1LISIS HOL\u00cdSTICO para su hijo .. <\/span><\/span><\/p>\n<p style=\"text-align: center;\"><span lang=\"pl\" tabindex=\"0\"><span style=\"color: red;\">Me centro en describir: personalidad, talentos, tipo de disc\u00edpulo, necesidades y su dharma, vocaci\u00f3n..\u00a0<\/span><\/span><span lang=\"pl\" tabindex=\"0\"><span style=\"color: red;\">Necesitar\u00e9 la fecha, hora y lugar de nacimiento y una SOLA SENTENCIA de comentario de los padres\u00a0<\/span><\/span><\/p>\n<p class=\"tw-data-text tw-text-large tw-ta\" dir=\"ltr\" style=\"text-align: center;\" data-placeholder=\"T\u0142umaczenie\">COMO PARTE DE ESTE AN\u00c1LISIS OBTENDR\u00c1 :<\/p>\n<p class=\"tw-data-text tw-text-large tw-ta\" dir=\"ltr\" style=\"text-align: center;\" data-placeholder=\"T\u0142umaczenie\"><span lang=\"pl\" tabindex=\"0\"><span style=\"color: red;\">-an\u00e1lisis astrol\u00f3gico b\u00e1sico (tropical)<br \/>\n&#8211; an\u00e1lisis astrol\u00f3gico b\u00e1sico de nacimiento (v\u00e9dico)<br \/>\n&#8211; an\u00e1lisis numerol\u00f3gico b\u00e1sico de la trayectoria vital<br \/>\n-an\u00e1lisis b\u00e1sico seg\u00fan el Dise\u00f1o Humano<\/span><\/span><\/p>\n<p class=\"tw-data-text tw-text-large tw-ta\" dir=\"ltr\" style=\"text-align: center;\" data-placeholder=\"T\u0142umaczenie\"><span lang=\"pl\" tabindex=\"0\"><span style=\"color: red;\">&#8211; &#8211; tipo de alumno, necesidades para un buen aprendizaje, sugerencia en cuanto a tipo de escuela, tipo de aprendizaje y percepci\u00f3n del mundo m\u00e1s hemisf\u00e9rica derecha o izquierda (variables seg\u00fan Dise\u00f1o Humano, y tests de personalidad y del alumno si es necesario)<\/span><\/span><\/p>\n<p class=\"tw-data-text tw-text-large tw-ta\" dir=\"ltr\" style=\"text-align: center;\" data-placeholder=\"T\u0142umaczenie\"><span lang=\"pl\" tabindex=\"0\"><span style=\"color: red;\">&#8211;SUMARIO y distribuci\u00f3n de Tarot con pistas<\/span><\/span><\/p>\n<hr \/>\n<p style=\"text-align: center;\"><strong>OPCI\u00d3N TRES<\/strong><\/p>\n<p style=\"text-align: center;\"><strong>CONSULTA<\/strong><\/p>\n<p style=\"text-align: center;\">Cualquier tema y cualquier pregunta &#8211; no tienes que decirme de antemano de qu\u00e9 quieres hablar : reflexiones y preguntas resultantes despu\u00e9s de mi An\u00e1lisis, tu problema, distribuci\u00f3n del Tarot, ayuda sobre salud, relaciones, energ\u00eda masculina\/femenina, educaci\u00f3n y ense\u00f1anza de los ni\u00f1os etc.<\/p>\n<p style=\"text-align: center;\">TENEMOS 1 HORA PARA CADA UNO<\/p>\n<p style=\"text-align: center;\">Messenger FB, Whatsapp +48605663939 o +51 999 333 717, tel\u00e9fono, en la vida real etc.<\/p>\n<p dir=\"ltr\" data-placeholder=\"T\u0142umaczenie\">&#8212;&#8212;&#8212;&#8212;&#8212;&#8212;&#8212;&#8212;&#8212;&#8212;&#8212;&#8212;&#8212;&#8212;&#8212;&#8212;&#8212;&#8212;&#8212;&#8212;&#8212;&#8212;&#8212;&#8212;&#8212;&#8212;&#8212;&#8212;&#8212;&#8212;&#8212;&#8212;&#8212;&#8212;&#8212;<\/p>\n<p style=\"text-align: center;\">ATENCI\u00d3N POR FAVOR ! \ud83d\ude42<\/p>\n<p style=\"text-align: center;\">&#8211;&gt; El an\u00e1lisis se coloca en una carpeta. Hay archivos mp3 e im\u00e1genes de distribuciones de varios tipos para su maquetaci\u00f3n. Env\u00edo todo el an\u00e1lisis por wetransfer, si tengo un contacto en messenger, tambi\u00e9n env\u00edo un enlace directo al an\u00e1lisis en wetransfer. Wetransfer a veces cae en spam. Es necesario recibir el an\u00e1lisis en un plazo de 7 d\u00edas. En casos excepcionales, cuando alguien no puede recoger el an\u00e1lisis (por ejemplo, no tiene un ordenador y el tel\u00e9fono no cabe y no abre los archivos) pongo la carpeta en un google drive, y est\u00e1 disponible all\u00ed durante unos meses (para determinar cu\u00e1ntos).<\/p>\n<p><img loading=\"lazy\" decoding=\"async\" class=\"size-medium wp-image-110 aligncenter\" src=\"http:\/\/joannacholuj.pl\/wp-content\/uploads\/2018\/09\/IMG_2391donem-300x200.jpg\" alt=\"\" width=\"300\" height=\"200\" srcset=\"http:\/\/joannacholuj.pl\/wp-content\/uploads\/2018\/09\/IMG_2391donem-300x200.jpg 300w, http:\/\/joannacholuj.pl\/wp-content\/uploads\/2018\/09\/IMG_2391donem-768x512.jpg 768w, http:\/\/joannacholuj.pl\/wp-content\/uploads\/2018\/09\/IMG_2391donem-750x500.jpg 750w, http:\/\/joannacholuj.pl\/wp-content\/uploads\/2018\/09\/IMG_2391donem.jpg 960w\" sizes=\"(max-width: 300px) 100vw, 300px\" \/><\/p>\n<p>&nbsp;<\/p>\n<p style=\"text-align: center;\"><strong>OPINIONES ( sobre consejos, an\u00e1lisis, conocimientos de programas en directo y art\u00edculos)<\/strong><\/p>\n<p>Anna Doniec &#8211;&gt; Sigue haci\u00e9ndolo. Tienes un don para ello. Muchas casas no se derrumbar\u00e1n gracias a estos consejos y an\u00e1lisis&#8230;.<\/p>\n<p>Leszek W &#8211;&gt; Joanna, muchas gracias, todo lo que has escrito es cierto, sin embargo, el 100% de exactitud fue demostrado por el tarot. (&#8230;) tal exactitud de tu traducci\u00f3n, tu visi\u00f3n. Muchas gracias&#8230;.el resumen fue genial<\/p>\n<p>AC &#8211;&gt; Te admiro y estoy impresionada. Tambi\u00e9n me gustar\u00eda aprender sobre astrolog\u00eda v\u00e9dica.<\/p>\n<p>Bozena T &#8211;&gt; \u00a1Esta combinaci\u00f3n de astrolog\u00eda y mitolog\u00eda v\u00e9dica y eslava es brillante!<\/p>\n<p>S K &#8211;&gt; Gracias por los dise\u00f1os. Bueno, \u00a1todo viene junto! Te estoy eternamente agradecida&#8230;.<\/p>\n<p>Alicia B &#8211;&gt; Esto me levant\u00f3 mucho el \u00e1nimo y fue muy \u00fatil. \u00a1Gracias!<\/p>\n<p>A G &#8211;&gt; Eres un profesional. Le recomendar\u00e9. Muchas gracias.<\/p>\n<p>MRK &#8211;&gt; Gracias. Tenia tal caos en mi cabeza. Ahora estoy mucho m\u00e1s ligero.<\/p>\n<p>Adam K &#8211;&gt; Para m\u00ed, siempre es m\u00e1gico cuando presentas las cartas&#8230;. Y s\u00ed, estoy de acuerdo con lo que dices. Es muy inspirador.<\/p>\n<p>Marcin A &#8211;&gt; Se te quiere, eres una buena persona. Hermosa alma y cuerpo y coraz\u00f3n de madre. Siempre te recomiendo.<\/p>\n<p>Elizabeth M &#8211;&gt;Me gustas siento la vibracion comun. Aumentas mi motivaci\u00f3n aunque lloro porque ya no soy f\u00edsicamente fuerte como antes&#8230;. Lo se, lo se la enfermedad me ha ense\u00f1ado \u00a1para! ahora es tiempo de otros y yo tengo que cuidarme<\/p>\n<p>Raphael B &#8211;&gt; Y yo tan de coraz\u00f3n y de coraz\u00f3n disfruto ley\u00e9ndote; aunque a veces lo que escribes &#8211; un poco cautivador&#8230;. pero luego la retroalimentaci\u00f3n en mi mente dice: ooo &#8211; si ! m\u00e1s m\u00e1s &#8230;.<\/p>\n<p>Sylwia K &#8211;&gt; \u00daltimamente me siento muy identificada con lo que escribes. Tal vez demasiado, porque a veces me golpea como si me hubieran dado un balazo en la cabeza, pero luego aparecen las estrellas y me recupero&#8230;<\/p>\n<p>Victoria K &#8211;&gt; (sobre las pel\u00edculas) eso es exactamente lo que siento. Estas pelis me inspiran mucho. Y super que escribes!!!la verdad!!!<\/p>\n<p>\u00a1Lidia B &#8211;&gt; ( sobre peliculas) Hermosa inspiracion para hacer tu propio clip Hazlo un reto, dejalo ir al mundo! \u00a1Po vale la pena!<\/p>\n<p>Dorothy D &#8211;&gt; &#8230; Algunas situaciones similares a mi historia. Lo has contestado todo maravillosamente&#8230;. Una vez confund\u00ed el amor con la lujuria&#8230;. Hab\u00eda luces rojas que intent\u00e9 ahogar ,.pero es imposible Siempre emerger\u00e1. Cuando volv\u00ed en m\u00ed de forma r\u00e1pida y concreta termin\u00e9 esta relaci\u00f3n sinti\u00e9ndome aliviada. Simplemente no es mi<\/p>\n<p>Rafal B &#8211;&gt; Actuar Joanna, escribir, educar &#8211; has organizado &#8222;estas cosas&#8221; de tal manera que estoy escribiendo para un libro.<\/p>\n<p>Aleksandra K &#8211;&gt; Muchas gracias por tu livy &#8230;. me ayudaron mucho en mi trabajo conmigo misma con un terapeuta<\/p>\n<p>Justyna Z &#8211;&gt; Gracias, es una informaci\u00f3n importante para m\u00ed.<\/p>\n<p>Paul M &#8211;&gt; Veo y aprecio el trabajo que haces.<\/p>\n<p>Pawel M &#8211;&gt; Sin embargo Joanna Choluj lo transmite a su manera siempre hay algo de ayuda, para unos m\u00e1s para otros menos y encontr\u00f3 una patente interesante para ello, porque el conocimiento conocimiento pero de alguna manera hay que &#8222;venderlo&#8221; y Joanna utiliza su feminidad para ello y mola.<br \/>\nAnna G L &#8211;&gt; \u00a1Gracias! Como si hablaras por mi<\/p>\n<p>Jolant N Ch &#8211;&gt; gracias por tus posts y videos, mucha bondad, resuena mucho conmigo. Mis m\u00e1s cordiales saludos.<\/p>\n<p>Elzbieta M &#8211;&gt; Gracias algo de lo que me di cuenta gracias a ti escribir\u00e9 en privado.<\/p>\n<p>Justyna Z &#8211;&gt; Gracias Joanna, lo explicas de maravilla. Ahora lo tengo todo m\u00e1s claro.<\/p>\n<p>Jolanta N Ch &#8211;&gt; Asia, hay mucha gente aqu\u00ed que est\u00e1 esperando otro video, una palabra tuya. Por mi parte, espero con impaciencia los de mayo, ya que est\u00e1 muy presente en m\u00ed en este momento. Y los de all\u00ed. Es m\u00e1s f\u00e1cil &#8222;cuidar&#8221; de los dem\u00e1s que desherbar tu propio jard\u00edn.<\/p>\n<p>Kinga A &#8211;&gt; Me encantan las emociones doradas que me evocan tus cortos<\/p>\n<p>Paul Z &#8211;&gt; Escribiendo &#8222;lo que se lleva&#8221;, fue en el sentido positivo por supuesto que admiro tu energ\u00eda, tu actividad, tus conocimientos. La mitad de lo que has escrito aqu\u00ed no lo entiendo , pero te tomo la palabra.<\/p>\n<p>Basia G &#8211;&gt; Te estoy muy agradecida por: la gram\u00e1tica, los v\u00eddeos, la sabidur\u00eda. Estuve dando vueltas durante mucho tiempo en busca de un gur\u00fa. Te encontr\u00e9 a trav\u00e9s de radio\/canal Eslovenia (no s\u00e9 torc\u00ed el nombre) &#8211; la entrevista era sobre gram\u00e1tica. Su versi\u00f3n de la gram\u00e1tica resuena mucho con mis pensamientos &#8211; cabeza, ideas &#8230;. Tus conocimientos educan y dan respiro. Cuando te escucho y leo tus textos siento un gran alivio vital. Tienes una mente abierta y un gran conocimiento y lo que traes a mi vida con tu presencia es simplemente hermoso dale conocimiento y da alivio. Gury &#8211; esto no es un compromiso &#8211; simplemente sucedi\u00f3 cuando empec\u00e9 a escucharte. El conocimiento como no me es \u00fatil en esta vida, tal vez en la pr\u00f3xima, y me permite comprender mucho y esta comprensi\u00f3n crea espacio en mi cabeza, organiza. Feminidad &#8211; me recuerdas otros aspectos de la vida adem\u00e1s del trabajo y la tristeza, lo cual no tiene precio. Me ayuda a salir del letargo malsano, as\u00ed te curas a distancia Agradezco al destino haber llegado en l\u00ednea a tu sitio web, canal y YT. Gracias por todo lo que hac\u00e9is.<\/p>\n<p>Justyna Z &#8211;&gt; Cierto, das mucho de tu energ\u00eda. Eres maravillosa y unica simplemente Excepcional.yo tambien te doy las gracias Joasia que eres.<\/p>\n<p>Apolo DC &#8211;&gt; Gracias Joanna Choluj eres un amor&#8230;. Gracias.<\/p>\n<p>Leszek W &#8211;&gt; Muy recomendable, perfecci\u00f3n, precisi\u00f3n y cumplimiento<\/p>\n<p>Kinga A&#8211;&gt; Muy recomendable<\/p>\n<p>Magdalena Z &#8211;&gt; \u00a1Un mill\u00f3n de gracias! He empezado a escuchar. Gracias, has puesto en palabras algunos temas para los que no ten\u00eda un t\u00e9rmino. Volver\u00e9 a ti seguro cuando lo asimile todo<\/p>\n<p>Aleksandra B &#8211;&gt; Hola Joanna, quer\u00eda darte las gracias por toda la descripci\u00f3n hol\u00edstica. Estoy muy impresionada por la relevancia pero sobre todo por los consejos a los que puedo referirme y en general por las respuestas a algunas preguntas y la confianza en lo que estoy haciendo, porque en realidad abr\u00ed mi propio negocio y en realidad invent\u00e9 un servicio que nadie ofrece y fue bueno escuchar las palabras de que estaba destinado a ser. Gracias de nuevo desde el fondo de mi coraz\u00f3n.<\/p>\n<p>Kinga A &#8211;&gt; Me encanta la forma en que pintas aqu\u00ed el cuadro del alma y la materia como part\u00edculas que se interpenetran. Echaba de menos esta perspectiva porque mi mente funciona de la misma manera y necesita un equilibrio cient\u00edfico y as\u00ed es como lo supe . Y madre m\u00eda que naturaleza de conferenciante tienes. Tengo que tomar notas porque estoy de acuerdo probablemente en casi todo pero tambi\u00e9n tengo millones de preguntas \u00bfes posible responderlas?<\/p>\n<p>Kinga A&#8211;&gt; Yo, despues del analisis contigo, me he arraigado mucho en mi misma. Tengo m\u00e1s confianza y esto es s\u00f3lo el primer grado que siento, la capa que he descubierto. Ya he vuelto a estas grabaciones dos veces y se que habra mas porque hay mucho contenido alli todavia muchas gracias Joasia, espero septiembre como si nada<\/p>\n<p>Anna Maria K &#8211;&gt; Gracias por la conversaci\u00f3n de hoy, siento que se me han ca\u00eddo buenas pistas he hurgado y encontrado algo de material sobre el manifestador en s\u00ed. Gracias Joanna, puedo ver lo que tengo que hacer en un nivel b\u00e1sico total. Tu gu\u00eda me ha llevado a un lugar sensato. Gracias veo que necesito trabajar en informar e iniciar. Siento que ahora es el momento de probar y experimentar.<\/p>\n<p>Anna Maria K &#8211;&gt; He visto que tus transmisiones son mega.<\/p>\n<p>Iwona Wawrzonowska &#8211;&gt; Recomiendo encarecidamente el an\u00e1lisis realizado por Joanna Cho\u0142uj<\/p>\n<p>Renata Druzynska &#8211;&gt; Recomiendo encarecidamente el an\u00e1lisis realizado por Joanna.<\/p>\n<p>Barbara Obrebska &#8211;&gt; Tener tal conocimiento sobre uno mismo desde la infanciaBeautiful &#8230;. MANUAL DE INSTRUCCIONES PARA TI MISMO<\/p>\n<p>Tambi\u00e9n se lo har\u00e9 a mi hijo. Recomiendo encarecidamente<\/p>\n<p>Martha RK &#8211;&gt; el ni\u00f1o desde el viernes se cepilla los dientes con un estrangulador el jueves hizo caso, el viernes por la ma\u00f1ana el mismo dijo que quiere un estrangulador:) al principio eran 10 segundos luego m\u00e1s, y a veces con el cepillo de dientes es. Gracias, me ayudaste mucho, sent\u00ed apoyo y comprensi\u00f3n<\/p>\n<p>Marta RK &#8212;&gt; Hola Joanna, hace tiempo tuve una consulta contigo sobre los dientes de mi hijo, desde entonces se lava los dientes etc. En los de delante parece que incluso las manchas de caries han remitido, me alegr\u00e9 mucho por ello. (&#8230;)<\/p>\n<p>Anna T &#8211;&gt; Hola, el an\u00e1lisis es muy preciso y detallado, tambi\u00e9n una gran cantidad de solapamiento con mi intuici\u00f3n, sino porque \u00e9l (el ni\u00f1o) es muy justo tan &#8222;libre&#8221; esto y la intuici\u00f3n a veces se vuelve loco, pero parad\u00f3jicamente una gran cantidad de solapamiento, precisamente en relaci\u00f3n con la educaci\u00f3n, pero tambi\u00e9n hay un mont\u00f3n de temas y creo que voy a utilizar la consulta, mientras que yo estaba pensando si no ser\u00eda bueno hacer mi an\u00e1lisis primero y luego resumirlos en una consulta o dos? Porque tengo la impresi\u00f3n de que muchas cosas est\u00e1n muy bien entrelazadas con lo que s\u00e9 de m\u00ed misma (&#8230;) gracias de nuevo, adem\u00e1s de super este an\u00e1lisis \u00a1\u00a1\u00a1estoy impactada!!!<\/p>\n<p>\u00a1Iwona M &#8211;&gt; Resumen o Tarot &#8211; perfecto! Voy a digerir un rato, y seguro que tendr\u00e9 noticias tuyas. Has conseguido que me interese por &#8222;llevar un negocio en social media&#8221;&#8230; por dar este tema. \u00bfAceptas un reto as\u00ed? Vamos a estar en contacto, o c\u00f3mo 5 debe construir una imagen. (&#8230;) grabaciones en mp3 (an\u00e1lisis) es una pasada.<\/p>\n<div dir=\"auto\">\n<p>Anna M K.<br \/>\n&#8211;&gt; Joanna, quer\u00eda escribirte que todo lo que surgi\u00f3 en tu an\u00e1lisis hol\u00edstico est\u00e1 empezando a encajar para m\u00ed siento que querr\u00e9 tener otra consulta contigo, pero estoy esperando a que surja una fecha razonable. (&#8230;)Super es lo que estas haciendo muchas gracias<br \/>\n&#8212;&gt;Joasia, escucho tus conferencias y se abren tantas cosas en mi mente. La espiral ha estado conmigo durante un a\u00f1o y todav\u00eda sale alguna capa nueva. Gracias por tu trabajo. Espero devolverte el favor con la compra de un libro pronto.<br \/>\nA.C &#8211;&gt; Est\u00e1s haciendo un gran trabajo&#8230; est\u00e1s empoderando a las mujeres. Est\u00e1s creando un c\u00edrculo de mujeres que ayudan a las que quieren cambiarse a s\u00ed mismas&#8230;.<\/p>\n<p>email &#8211;&gt; Hola Joanna, gracias por tus respuestas, despu\u00e9s de tu an\u00e1lisis he investigado un poco m\u00e1s sobre el Dise\u00f1o Humano y ya s\u00e9 la respuesta. Gracias de nuevo por tu an\u00e1lisis. Me ha aportado mucho y ha ampliado mi campo de visi\u00f3n. Saludos cordiales. Agnieszka K.<\/p>\n<\/div>\n<div class=\"__fb-light-mode l9j0dhe7\" role=\"row\">\n<div class=\"\">\n<div class=\"j83agx80 cbu4d94t l9j0dhe7\" tabindex=\"0\" role=\"gridcell\" data-scope=\"messages_table\" data-release-focus-from=\"CLICK\">\n<div class=\"j83agx80\" role=\"none\">\n<div class=\"j83agx80 buofh1pr g5gj957u hpfvmrgz\" role=\"none\" data-testid=\"message-container\">\n<div class=\"ns4p8fja j83agx80 cbu4d94t a6sixzi8 bkfpd7mw nred35xi a1xu1aao\" role=\"none\">\n<div class=\"j83agx80 k4urcfbm\" role=\"none\">\n<div class=\"ll8tlv6m j83agx80 cbu4d94t d2edcug0 l9j0dhe7\">\n<div class=\"j83agx80 k4urcfbm\" role=\"none\">\n<div class=\"ns4p8fja j83agx80 cbu4d94t a6sixzi8 bkfpd7mw d2edcug0 buofh1pr nred35xi\" role=\"none\">\n<div class=\"buofh1pr rj1gh0hx\" role=\"none\"><\/div>\n<\/div>\n<\/div>\n<\/div>\n<\/div>\n<\/div>\n<\/div>\n<\/div>\n<\/div>\n<\/div>\n<\/div>\n<p dir=\"ltr\" data-placeholder=\"T\u0142umaczenie\"><strong>CONTACTO :\u00a0<\/strong><\/p>\n<p dir=\"ltr\" data-placeholder=\"T\u0142umaczenie\"><a href=\"https:\/\/www.facebook.com\/choluj.joanna\" target=\"_blank\" rel=\"noopener\">FB Joanna Cho\u0142uj\u00a0Messenger<\/a><br \/>\nWhatsapp\u00a0 +48 605 66 39 39<br \/>\nemail : jc@joannacholuj.pl<\/p>\n<p>&nbsp;<\/p>\n<p>&nbsp;<\/p>\n<p>&nbsp;<\/p>\n<p>&nbsp;<\/p>\n<p>&nbsp;<\/p>","protected":false},"excerpt":{"rendered":"<p>TIENDA \u00a0COMUNIDAD APOLONIA &#8211; ENCUENTROS en PERU PLATFORMA EDUCATIVA FrIngla\u00a0con cursos y materiales\u00a0 \u00a0ANALISIS HOLISTICO y CONSULTAS\u00a0y\u00a0CARTAS de meditation\u00a0\u00a0 CURRICULUM [&hellip;]<\/p>","protected":false},"author":2,"featured_media":0,"parent":0,"menu_order":0,"comment_status":"closed","ping_status":"closed","template":"","meta":{"_bbp_topic_count":0,"_bbp_reply_count":0,"_bbp_total_topic_count":0,"_bbp_total_reply_count":0,"_bbp_voice_count":0,"_bbp_anonymous_reply_count":0,"_bbp_topic_count_hidden":0,"_bbp_reply_count_hidden":0,"_bbp_forum_subforum_count":0,"_uag_custom_page_level_css":"","footnotes":""},"class_list":["post-9217","page","type-page","status-publish","hentry"],"spectra_custom_meta":{"_edit_lock":["1719593713:2"],"_edit_last":["2"],"_wp_page_template":["default"],"_uag_page_assets":["a:9:{s:3:\"css\";s:0:\"\";s:2:\"js\";s:0:\"\";s:18:\"current_block_list\";a:0:{}s:8:\"uag_flag\";b:0;s:11:\"uag_version\";s:10:\"1776260823\";s:6:\"gfonts\";a:0:{}s:10:\"gfonts_url\";s:0:\"\";s:12:\"gfonts_files\";a:0:{}s:14:\"uag_faq_layout\";b:0;}"]},"uagb_featured_image_src":{"full":false,"thumbnail":false,"medium":false,"medium_large":false,"large":false,"1536x1536":false,"2048x2048":false,"trp-custom-language-flag":false,"illdy-blog-list":false,"illdy-widget-recent-posts":false,"illdy-blog-post-related-articles":false,"illdy-front-page-latest-news":false,"illdy-front-page-testimonials":false,"illdy-front-page-projects":false,"illdy-front-page-person":false},"uagb_author_info":{"display_name":"Joanna Choluj","author_link":"http:\/\/joannacholuj.pl\/en\/blog\/author\/joannacholuj\/"},"uagb_comment_info":0,"uagb_excerpt":"TIENDA \u00a0COMUNIDAD APOLONIA &#8211; ENCUENTROS en PERU PLATFORMA EDUCATIVA FrIngla\u00a0con cursos y materiales\u00a0 \u00a0ANALISIS HOLISTICO y CONSULTAS\u00a0y\u00a0CARTAS de meditation\u00a0\u00a0 CURRICULUM [&hellip;]","_links":{"self":[{"href":"http:\/\/joannacholuj.pl\/en\/wp-json\/wp\/v2\/pages\/9217"}],"collection":[{"href":"http:\/\/joannacholuj.pl\/en\/wp-json\/wp\/v2\/pages"}],"about":[{"href":"http:\/\/joannacholuj.pl\/en\/wp-json\/wp\/v2\/types\/page"}],"author":[{"embeddable":true,"href":"http:\/\/joannacholuj.pl\/en\/wp-json\/wp\/v2\/users\/2"}],"replies":[{"embeddable":true,"href":"http:\/\/joannacholuj.pl\/en\/wp-json\/wp\/v2\/comments?post=9217"}],"version-history":[{"count":12,"href":"http:\/\/joannacholuj.pl\/en\/wp-json\/wp\/v2\/pages\/9217\/revisions"}],"predecessor-version":[{"id":11387,"href":"http:\/\/joannacholuj.pl\/en\/wp-json\/wp\/v2\/pages\/9217\/revisions\/11387"}],"wp:attachment":[{"href":"http:\/\/joannacholuj.pl\/en\/wp-json\/wp\/v2\/media?parent=9217"}],"curies":[{"name":"wp","href":"https:\/\/api.w.org\/{rel}","templated":true}]}}