{"id":9215,"date":"2023-06-04T16:10:48","date_gmt":"2023-06-04T14:10:48","guid":{"rendered":"http:\/\/joannacholuj.pl\/?page_id=9215"},"modified":"2024-03-04T04:09:14","modified_gmt":"2024-03-04T03:09:14","slug":"cursos","status":"publish","type":"page","link":"http:\/\/joannacholuj.pl\/en\/cursos\/","title":{"rendered":"cursos"},"content":{"rendered":"<p><img loading=\"lazy\" decoding=\"async\" class=\"aligncenter size-large wp-image-4025\" src=\"http:\/\/joannacholuj.pl\/wp-content\/uploads\/2019\/12\/logo-1200-intro2-1024x341.jpg\" alt=\"\" width=\"640\" height=\"213\" srcset=\"http:\/\/joannacholuj.pl\/wp-content\/uploads\/2019\/12\/logo-1200-intro2-1024x341.jpg 1024w, http:\/\/joannacholuj.pl\/wp-content\/uploads\/2019\/12\/logo-1200-intro2-300x100.jpg 300w, http:\/\/joannacholuj.pl\/wp-content\/uploads\/2019\/12\/logo-1200-intro2-768x256.jpg 768w, http:\/\/joannacholuj.pl\/wp-content\/uploads\/2019\/12\/logo-1200-intro2.jpg 1200w\" sizes=\"(max-width: 640px) 100vw, 640px\" \/><\/p>\n<p>&nbsp;<\/p>\n<p style=\"text-align: center;\"><strong><a href=\"http:\/\/joannacholuj.pl\/en\/precios\/\">TIENDA SABIA<\/a><\/strong><\/p>\n<p style=\"text-align: center;\"><em><strong><a href=\"http:\/\/joannacholuj.pl\/en\/libros\/\">LIBROS<\/a>\u00a0<\/strong><\/em><em><strong>*\u00a0<\/strong><\/em><em><strong><a href=\"http:\/\/joannacholuj.pl\/en\/cartas\/\">CARTAS\u00a0<\/a> *\u00a0\u00a0<\/strong><\/em><em><strong><a href=\"http:\/\/joannacholuj.pl\/en\/cursos\/\">CURSOS<\/a> <\/strong><\/em><em><strong>* \u00a0<a href=\"http:\/\/joannacholuj.pl\/en\/coaching-esp\/\">PROCESOS<\/a> <\/strong><\/em><em><strong>\u00a0*<a href=\"http:\/\/joannacholuj.pl\/en\/comunidad-apolonia\/\">COMUNIDAD APOLONIA<\/a> *<\/strong><\/em><em><strong>\u00a0<\/strong><\/em><em><strong><a href=\"http:\/\/joannacholuj.pl\/en\/escuela-fringla\/\">ESCUELA FrIngla<\/a>\u00a0* <a href=\"http:\/\/joannacholuj.pl\/en\/analisis-holistico\/\">ANALISIS HOLISTICO y CONSULTAS<\/a><\/strong><\/em><\/p>\n<p style=\"text-align: center;\"><em><strong>\u00a0<\/strong><\/em><em><strong><a href=\"http:\/\/joannacholuj.pl\/en\/opiniones\/\">OPINIONES<\/a>\u00a0 *\u00a0\u00a0<\/strong><\/em><a href=\"http:\/\/joannacholuj.pl\/en\/sobre-mi\/\"><em><strong>SOBRE M\u00cd\u00a0<\/strong><\/em><\/a>\u00a0* <a href=\"https:\/\/www.instagram.com\/joannacholujjclady\/\">INSTAGRAM<\/a><\/p>\n<p>&nbsp;<\/p>\n<p>&nbsp;<\/p>\n<div dir=\"auto\">\n<p>&nbsp;<\/p>\n<h5><img loading=\"lazy\" decoding=\"async\" class=\"wp-image-10341 size-medium aligncenter\" src=\"http:\/\/joannacholuj.pl\/wp-content\/uploads\/2023\/12\/pol_pm_5D-Kolorowy-Lew-Diamentowa-Mozaika-40x30-cm-2041_1-300x240.jpg\" alt=\"\" width=\"300\" height=\"240\" srcset=\"http:\/\/joannacholuj.pl\/wp-content\/uploads\/2023\/12\/pol_pm_5D-Kolorowy-Lew-Diamentowa-Mozaika-40x30-cm-2041_1-300x240.jpg 300w, http:\/\/joannacholuj.pl\/wp-content\/uploads\/2023\/12\/pol_pm_5D-Kolorowy-Lew-Diamentowa-Mozaika-40x30-cm-2041_1.jpg 450w\" sizes=\"(max-width: 300px) 100vw, 300px\" \/><\/h5>\n<h4 style=\"text-align: center;\">EL PRIMER CURSO de la serie CONOCIMIENTOS ARIO-ESLOVANOS<br \/>\nLA MATRIZ DEL LENGUAJE<\/h4>\n<p style=\"text-align: center;\">Este es un curso que le permitir\u00e1 comprender y utilizar en su beneficio las vibraciones de las palabras y el conocimiento de la gram\u00e1tica.<\/p>\n<p style=\"text-align: center;\">Es una serie de conferencias para escuchar por su cuenta en un a\u00f1o y se basa en el polaco antiguo y el s\u00e1nscrito. Es espiritual y cient\u00edfico al mismo tiempo. Es un apoyo te\u00f3rico para la parte pr\u00e1ctica del curso.<\/p>\n<p>1 Introducci\u00f3n al estudio de la lengua<\/p>\n<p>2 Sonidos voc\u00e1licos<\/p>\n<p>3 Vocabulario y variedad<\/p>\n<p>4 Sintaxis<\/p>\n<p>5 Comparaci\u00f3n de lenguas<\/p>\n<p>6 Conocimientos generales de la lengua<\/p>\n<h4 style=\"text-align: center;\"><a href=\"http:\/\/joannacholuj.pl\/en\/precios\/\">\u00a0COMPRA<\/a><\/h4>\n<p>&nbsp;<\/p>\n<\/div>\n<div dir=\"auto\">\n<hr \/>\n<\/div>\n<p><img loading=\"lazy\" decoding=\"async\" class=\"aligncenter wp-image-8555 size-medium\" src=\"http:\/\/joannacholuj.pl\/wp-content\/uploads\/2022\/09\/R-300x260.jpg\" alt=\"\" width=\"300\" height=\"260\" srcset=\"http:\/\/joannacholuj.pl\/wp-content\/uploads\/2022\/09\/R-300x260.jpg 300w, http:\/\/joannacholuj.pl\/wp-content\/uploads\/2022\/09\/R-768x665.jpg 768w, http:\/\/joannacholuj.pl\/wp-content\/uploads\/2022\/09\/R.jpg 1011w\" sizes=\"(max-width: 300px) 100vw, 300px\" \/><\/p>\n<p>&nbsp;<\/p>\n<h5 style=\"text-align: center;\">SEGUNDO CURSO de la serie CONOCIMIENTO ARIO-ESLOVaco<br \/>\nLAS 12 FASES DE LA VIDA<\/h5>\n<p style=\"text-align: center;\">Se trata de una serie de conferencias que se escuchan de forma independiente a lo largo de un a\u00f1o y que se basan en el conocimiento antiguo y en la filosof\u00eda natural eslava. Est\u00e1 recopilada en doce secciones que corresponden a los doce meses y a las doce esferas de la vida. Los temas del curso est\u00e1n relacionados con tu vida y la transformaci\u00f3n de tu vida: se habla de la energ\u00eda masculina y femenina, las relaciones, el linaje familiar, la filosof\u00eda natural ario-eslava, la sociedad y c\u00f3mo enderezar tu vida y alcanzar el bienestar.<\/p>\n<p>1 esfera Energ\u00eda femenina<\/p>\n<p>2 esfera Energ\u00eda masculina<\/p>\n<p>3 esfera Energ\u00eda equilibradora<\/p>\n<p>4 esfera Autocuraci\u00f3n<\/p>\n<p>5 esfera Tu ni\u00f1o interior y tu hijo<\/p>\n<p>6 esfera Padre y Educaci\u00f3n<\/p>\n<p>7 esfera Creaci\u00f3n<\/p>\n<p>8 esfera del Autoconocimiento<\/p>\n<p>9 Esfera de los S\u00edmbolos<\/p>\n<p>10 Esfera del Lenguaje y la Magia<\/p>\n<p>11 Esfera de la Naturaleza y el Universo<\/p>\n<p>12 esfera de la Relaci\u00f3n y la Familia<\/p>\n<h4 style=\"text-align: center;\"><a href=\"http:\/\/joannacholuj.pl\/en\/precios\/\">COMPRA<\/a><\/h4>\n<h5>&#8212;&#8212;&#8212;&#8212;&#8212;&#8212;&#8212;&#8212;&#8212;&#8212;&#8212;&#8212;&#8212;&#8212;&#8212;&#8212;&#8212;&#8212;&#8212;&#8212;&#8212;&#8212;&#8212;&#8212;&#8212;&#8212;&#8212;&#8212;&#8212;&#8212;&#8212;&#8212;&#8212;&#8212;&#8212;&#8212;&#8212;&#8211;<\/h5>\n<p>&nbsp;<\/p>\n<h5 style=\"text-align: center;\">TERCER CURSO de la serie EL CONOCIMIENTO ARIO-Eslovaco<br \/>\nCINCO ELEMENTOS<\/h5>\n<p style=\"text-align: left;\">Este curso llevar\u00e1 su comprensi\u00f3n del Conocimiento Ario-Eslavo al siguiente nivel.<br \/>\nEl curso incluye:<br \/>\nParte 1 Astrolog\u00eda Tropical<br \/>\nParte 2 Astrolog\u00eda V\u00e9dica<br \/>\nParte 3 Numerolog\u00eda<br \/>\nCap 4 Dise\u00f1o Humano<br \/>\nParte 5 Tarot<\/p>\n<div dir=\"auto\"><\/div>\n<h4 dir=\"auto\" style=\"text-align: center;\"><a href=\"http:\/\/joannacholuj.pl\/en\/precios\/\">COMPRA<\/a><\/h4>\n<hr \/>\n<h4 style=\"text-align: center;\">CUARTO CURSO<\/h4>\n<h4 style=\"text-align: center;\">ARQUETIPOS<\/h4>\n<p>Curso Arquetipos &#8211; 1\u00aa parte &#8211; Zod\u00edaco<\/p>\n<p>Curso Arquetipos &#8211; 2\u00aa parte &#8211; Nakshatras<\/p>\n<p>Curso de Arquetipos &#8211; 3\u00aa parte &#8211; Mitolog\u00eda<\/p>\n<p>Curso de Arquetipos &#8211; 4\u00aa parte &#8211; Temperamentos y Elementos<\/p>\n<p>Curso de Arquetipos &#8211; 5\u00aa parte &#8211; MBTI<\/p>\n<p>Curso Arquetipos &#8211; 6\u00aa parte &#8211; Jung -.<\/p>\n<h4 dir=\"auto\" style=\"text-align: center;\"><a href=\"http:\/\/joannacholuj.pl\/en\/precios\/\">COMPRA<\/a><\/h4>\n<div dir=\"auto\">\n<p>&nbsp;<\/p>\n<p>&nbsp;<\/p>\n<\/div>","protected":false},"excerpt":{"rendered":"<p>&nbsp; TIENDA SABIA LIBROS\u00a0*\u00a0CARTAS\u00a0 *\u00a0\u00a0CURSOS * \u00a0PROCESOS \u00a0*COMUNIDAD APOLONIA *\u00a0ESCUELA FrIngla\u00a0* ANALISIS HOLISTICO y CONSULTAS \u00a0OPINIONES\u00a0 *\u00a0\u00a0SOBRE M\u00cd\u00a0\u00a0* INSTAGRAM &nbsp; [&hellip;]<\/p>","protected":false},"author":2,"featured_media":0,"parent":0,"menu_order":0,"comment_status":"closed","ping_status":"closed","template":"","meta":{"_bbp_topic_count":0,"_bbp_reply_count":0,"_bbp_total_topic_count":0,"_bbp_total_reply_count":0,"_bbp_voice_count":0,"_bbp_anonymous_reply_count":0,"_bbp_topic_count_hidden":0,"_bbp_reply_count_hidden":0,"_bbp_forum_subforum_count":0,"_uag_custom_page_level_css":"","footnotes":""},"class_list":["post-9215","page","type-page","status-publish","hentry"],"spectra_custom_meta":{"_edit_last":["2"],"_wp_page_template":["default"],"_edit_lock":["1709521622:2"],"_uag_page_assets":["a:9:{s:3:\"css\";s:0:\"\";s:2:\"js\";s:0:\"\";s:18:\"current_block_list\";a:0:{}s:8:\"uag_flag\";b:0;s:11:\"uag_version\";s:10:\"1776260823\";s:6:\"gfonts\";a:0:{}s:10:\"gfonts_url\";s:0:\"\";s:12:\"gfonts_files\";a:0:{}s:14:\"uag_faq_layout\";b:0;}"]},"uagb_featured_image_src":{"full":false,"thumbnail":false,"medium":false,"medium_large":false,"large":false,"1536x1536":false,"2048x2048":false,"trp-custom-language-flag":false,"illdy-blog-list":false,"illdy-widget-recent-posts":false,"illdy-blog-post-related-articles":false,"illdy-front-page-latest-news":false,"illdy-front-page-testimonials":false,"illdy-front-page-projects":false,"illdy-front-page-person":false},"uagb_author_info":{"display_name":"Joanna Choluj","author_link":"http:\/\/joannacholuj.pl\/en\/blog\/author\/joannacholuj\/"},"uagb_comment_info":0,"uagb_excerpt":"&nbsp; TIENDA SABIA LIBROS\u00a0*\u00a0CARTAS\u00a0 *\u00a0\u00a0CURSOS * \u00a0PROCESOS \u00a0*COMUNIDAD APOLONIA *\u00a0ESCUELA FrIngla\u00a0* ANALISIS HOLISTICO y CONSULTAS \u00a0OPINIONES\u00a0 *\u00a0\u00a0SOBRE M\u00cd\u00a0\u00a0* INSTAGRAM &nbsp; [&hellip;]","_links":{"self":[{"href":"http:\/\/joannacholuj.pl\/en\/wp-json\/wp\/v2\/pages\/9215"}],"collection":[{"href":"http:\/\/joannacholuj.pl\/en\/wp-json\/wp\/v2\/pages"}],"about":[{"href":"http:\/\/joannacholuj.pl\/en\/wp-json\/wp\/v2\/types\/page"}],"author":[{"embeddable":true,"href":"http:\/\/joannacholuj.pl\/en\/wp-json\/wp\/v2\/users\/2"}],"replies":[{"embeddable":true,"href":"http:\/\/joannacholuj.pl\/en\/wp-json\/wp\/v2\/comments?post=9215"}],"version-history":[{"count":8,"href":"http:\/\/joannacholuj.pl\/en\/wp-json\/wp\/v2\/pages\/9215\/revisions"}],"predecessor-version":[{"id":10909,"href":"http:\/\/joannacholuj.pl\/en\/wp-json\/wp\/v2\/pages\/9215\/revisions\/10909"}],"wp:attachment":[{"href":"http:\/\/joannacholuj.pl\/en\/wp-json\/wp\/v2\/media?parent=9215"}],"curies":[{"name":"wp","href":"https:\/\/api.w.org\/{rel}","templated":true}]}}