{"id":9058,"date":"2023-05-12T01:44:15","date_gmt":"2023-05-11T23:44:15","guid":{"rendered":"http:\/\/joannacholuj.pl\/?page_id=9058"},"modified":"2023-05-12T03:09:27","modified_gmt":"2023-05-12T01:09:27","slug":"circle2","status":"publish","type":"page","link":"http:\/\/joannacholuj.pl\/en\/circle2\/","title":{"rendered":"circle2"},"content":{"rendered":"<figure id=\"attachment_5894\" aria-describedby=\"caption-attachment-5894\" style=\"width: 300px\" class=\"wp-caption alignnone\"><img loading=\"lazy\" decoding=\"async\" class=\"size-medium wp-image-5894\" src=\"http:\/\/joannacholuj.pl\/wp-content\/uploads\/2021\/04\/REKL-kregi2-1-300x180.jpg\" alt=\"\" width=\"300\" height=\"180\" srcset=\"http:\/\/joannacholuj.pl\/wp-content\/uploads\/2021\/04\/REKL-kregi2-1-300x180.jpg 300w, http:\/\/joannacholuj.pl\/wp-content\/uploads\/2021\/04\/REKL-kregi2-1-768x461.jpg 768w, http:\/\/joannacholuj.pl\/wp-content\/uploads\/2021\/04\/REKL-kregi2-1.jpg 960w\" sizes=\"(max-width: 300px) 100vw, 300px\" \/><figcaption id=\"caption-attachment-5894\" class=\"wp-caption-text\">II \u015awi\u0119te Ksi\u0119gi- S\u0142awne Kobiety. Kr\u0105g Drugi<\/figcaption><\/figure>\n<p>WOMEN ARE INVITED<br \/>\nTO CREATIVE THERAPEUTIC CIRCLES<\/p>\n<p>THESE ARE CIRCLES FOR WORKING ON ONE&#8217;S FEMININITY, ONE&#8217;S LIFE PROBLEMS.<br \/>\nA specific topic is helpful and determines what kind of art and knowledge we find for ourselves to express ourselves.<br \/>\nCircles on a particular topic are held once a month.<br \/>\nThere are 12 topics.<\/p>\n<p>2 Circle Holy Books &#8211; Famous Women.<\/p>\n<p>What you will participate in:<br \/>\n* Creating a therapeutic creative circle.<br \/>\n* What I come with&#8230;<br \/>\n* Working with figures of witches, women scholars in different eras.<br \/>\n* Meditation and evoking your past presence in other cultures in other incarnations.<br \/>\n* What is close to me? What do I want in life? How to achieve it? Automatic writing method.<br \/>\n* My desires and goals for this year.<br \/>\n* What I leave with&#8230;<br \/>\n* Closing the circle.<\/p>\n<p>* I use my board game and meditation cards during the class.<\/p>\n<p>YOU ARE CORDIALLY INVITED<br \/>\none circle online is 30 USD, Euro per person<\/p>\n<p>one circle in reality is 60 USD, Euro per person<br \/>\n&#8212;&#8212;&#8212;&#8212;&#8212;&#8212;&#8212;&#8212;-<br \/>\njc@joannacholuj.pl<br \/>\nwhatsapp +48 605 66 39 39 or +51 999 333 717<\/p>\n<p>PAYMENT DETAILS<br \/>\nPaypal: paypal.me\/jcalternativedu<br \/>\nor by email: jc@joannacholuj.pl<\/p>\n<p>@jcalternativedu<\/p>\n<p>Zloty &#8211; PKO BP Joanna Cho\u0142uj 74 1020 1097 0000 7402 0143 7458<br \/>\nEuro &#8211; Mbank Joanna Choluj 13 1140 2004 0000 3612 1364 2204<\/p>","protected":false},"excerpt":{"rendered":"<p>WOMEN ARE INVITED TO CREATIVE THERAPEUTIC CIRCLES THESE ARE CIRCLES FOR WORKING ON ONE&#8217;S FEMININITY, ONE&#8217;S LIFE PROBLEMS. A specific [&hellip;]<\/p>","protected":false},"author":2,"featured_media":0,"parent":0,"menu_order":0,"comment_status":"closed","ping_status":"closed","template":"","meta":{"_bbp_topic_count":0,"_bbp_reply_count":0,"_bbp_total_topic_count":0,"_bbp_total_reply_count":0,"_bbp_voice_count":0,"_bbp_anonymous_reply_count":0,"_bbp_topic_count_hidden":0,"_bbp_reply_count_hidden":0,"_bbp_forum_subforum_count":0,"_uag_custom_page_level_css":"","footnotes":""},"class_list":["post-9058","page","type-page","status-publish","hentry"],"spectra_custom_meta":{"_edit_last":["2"],"_wp_page_template":["default"],"_edit_lock":["1683853662:2"],"_uag_page_assets":["a:9:{s:3:\"css\";s:0:\"\";s:2:\"js\";s:0:\"\";s:18:\"current_block_list\";a:0:{}s:8:\"uag_flag\";b:0;s:11:\"uag_version\";s:10:\"1775361163\";s:6:\"gfonts\";a:0:{}s:10:\"gfonts_url\";s:0:\"\";s:12:\"gfonts_files\";a:0:{}s:14:\"uag_faq_layout\";b:0;}"]},"uagb_featured_image_src":{"full":false,"thumbnail":false,"medium":false,"medium_large":false,"large":false,"1536x1536":false,"2048x2048":false,"trp-custom-language-flag":false,"illdy-blog-list":false,"illdy-widget-recent-posts":false,"illdy-blog-post-related-articles":false,"illdy-front-page-latest-news":false,"illdy-front-page-testimonials":false,"illdy-front-page-projects":false,"illdy-front-page-person":false},"uagb_author_info":{"display_name":"Joanna Choluj","author_link":"http:\/\/joannacholuj.pl\/en\/blog\/author\/joannacholuj\/"},"uagb_comment_info":0,"uagb_excerpt":"WOMEN ARE INVITED TO CREATIVE THERAPEUTIC CIRCLES THESE ARE CIRCLES FOR WORKING ON ONE&#8217;S FEMININITY, ONE&#8217;S LIFE PROBLEMS. A specific [&hellip;]","_links":{"self":[{"href":"http:\/\/joannacholuj.pl\/en\/wp-json\/wp\/v2\/pages\/9058"}],"collection":[{"href":"http:\/\/joannacholuj.pl\/en\/wp-json\/wp\/v2\/pages"}],"about":[{"href":"http:\/\/joannacholuj.pl\/en\/wp-json\/wp\/v2\/types\/page"}],"author":[{"embeddable":true,"href":"http:\/\/joannacholuj.pl\/en\/wp-json\/wp\/v2\/users\/2"}],"replies":[{"embeddable":true,"href":"http:\/\/joannacholuj.pl\/en\/wp-json\/wp\/v2\/comments?post=9058"}],"version-history":[{"count":4,"href":"http:\/\/joannacholuj.pl\/en\/wp-json\/wp\/v2\/pages\/9058\/revisions"}],"predecessor-version":[{"id":9097,"href":"http:\/\/joannacholuj.pl\/en\/wp-json\/wp\/v2\/pages\/9058\/revisions\/9097"}],"wp:attachment":[{"href":"http:\/\/joannacholuj.pl\/en\/wp-json\/wp\/v2\/media?parent=9058"}],"curies":[{"name":"wp","href":"https:\/\/api.w.org\/{rel}","templated":true}]}}