{"id":8997,"date":"2023-05-10T18:05:04","date_gmt":"2023-05-10T16:05:04","guid":{"rendered":"http:\/\/joannacholuj.pl\/?page_id=8997"},"modified":"2026-04-17T02:19:08","modified_gmt":"2026-04-17T00:19:08","slug":"escuela-fringla","status":"publish","type":"page","link":"http:\/\/joannacholuj.pl\/en\/escuela-fringla\/","title":{"rendered":"Escuela de ingles y frances &#8211; FrIngla"},"content":{"rendered":"<p><a href=\"http:\/\/joannacholuj.pl\/en\/fringla\/fringla-logo2\/\" rel=\"attachment wp-att-8831\"><img loading=\"lazy\" decoding=\"async\" class=\"aligncenter size-medium wp-image-8831\" src=\"http:\/\/joannacholuj.pl\/wp-content\/uploads\/2023\/02\/fringla-logo2-267x300.jpg\" alt=\"\" width=\"267\" height=\"300\" srcset=\"http:\/\/joannacholuj.pl\/wp-content\/uploads\/2023\/02\/fringla-logo2-267x300.jpg 267w, http:\/\/joannacholuj.pl\/wp-content\/uploads\/2023\/02\/fringla-logo2.jpg 756w\" sizes=\"(max-width: 267px) 100vw, 267px\" \/><\/a><\/p>\n<h3 style=\"text-align: center;\">Fringla &#8211; Platforma educativa y Escuela de ingl\u00e9s, franc\u00e9s\u00a0<\/h3>\n<hr \/>\n<p><a href=\"http:\/\/joannacholuj.pl\/en\/kursy\/r-4-2\/\" rel=\"attachment wp-att-8793\"><img loading=\"lazy\" decoding=\"async\" class=\"aligncenter size-medium wp-image-8793\" src=\"http:\/\/joannacholuj.pl\/wp-content\/uploads\/2022\/11\/R-4-300x172.jpg\" alt=\"\" width=\"300\" height=\"172\" srcset=\"http:\/\/joannacholuj.pl\/wp-content\/uploads\/2022\/11\/R-4-300x172.jpg 300w, http:\/\/joannacholuj.pl\/wp-content\/uploads\/2022\/11\/R-4-768x439.jpg 768w, http:\/\/joannacholuj.pl\/wp-content\/uploads\/2022\/11\/R-4-1024x586.jpg 1024w, http:\/\/joannacholuj.pl\/wp-content\/uploads\/2022\/11\/R-4.jpg 1517w\" sizes=\"(max-width: 300px) 100vw, 300px\" \/><\/a><\/p>\n<p align=\"center\"><strong><span style=\"color: #ff0000;\"><span style=\"font-size: x-large;\">SOLO PARA GENTE EN PERU<\/span><\/span><\/strong><\/p>\n<p align=\"center\"><span style=\"color: #ff0000;\"><span style=\"font-size: x-large;\">QUIERES ?<\/span><\/span><\/p>\n<p align=\"center\"><span style=\"color: #ff0000;\"><span style=\"font-size: x-large;\"><b>ESTUDIAR <\/b><\/span><\/span><\/p>\n<p align=\"center\"><span style=\"color: #ff0000;\"><span style=\"font-size: x-large;\"><b>VISITAR<\/b><\/span><\/span><\/p>\n<p align=\"center\"><span style=\"color: #ff0000;\"><span style=\"font-size: x-large;\"><b>VIVIR<\/b><\/span><\/span><\/p>\n<p align=\"center\"><span style=\"color: #ff0000;\"><span style=\"font-size: x-large;\"><b>EN EL EXTRANJERO ?<\/b><\/span><\/span><\/p>\n<p align=\"center\"><span style=\"color: #ff0000;\"><span style=\"font-size: x-large;\"><b>ESTE CURSO ES PARA TI !<\/b><\/span><\/span><\/p>\n<p align=\"center\"><span style=\"color: #ff0000;\"><span style=\"font-size: x-large;\"><b>TRES NIVELES A, B, C<\/b><\/span><\/span><\/p>\n<p align=\"center\"><a name=\"tw-target-text Copy 1 Copy 1\"><\/a><span style=\"color: #ff0000;\"><span style=\"font-size: x-large;\"><b>A ya hablas! B hablas <span lang=\"es-ES\">con fluidez<\/span><\/b><\/span><\/span><\/p>\n<p align=\"center\"><span style=\"color: #ff0000;\"><span style=\"font-size: x-large;\"><b>! C eres un profesional!<\/b><\/span><\/span><\/p>\n<p align=\"center\"><span style=\"color: #000000;\"><span style=\"font-size: x-large;\"><b>CERTIFICADO POR : <\/b><\/span><\/span><\/p>\n<p align=\"center\"><span style=\"color: #000000;\"><span style=\"font-size: x-large;\"><b>ESCUELA FRINGLA<\/b><\/span><\/span><\/p>\n<p align=\"center\"><a name=\"tw-target-text Copy 3 Copy 1\"><\/a> <span style=\"font-size: x-large;\"><b><span lang=\"es-ES\">ASOCIACI\u00d3N <\/span><span style=\"color: #000000;\">SIN FINES DE LUCRO GAIOSOFIA <\/span><\/b><\/span><\/p>\n<p align=\"center\"><span style=\"color: #000000;\"><span style=\"font-size: x-large;\"><b>PROFESORA DE IDIOMAS JOANNA CHOLUJ<\/b><\/span><\/span><\/p>\n<p align=\"center\"><span style=\"color: #000000;\"><span style=\"font-size: x-large;\"><b>***<\/b><\/span><\/span><\/p>\n<p align=\"center\"><a name=\"tw-target-text Copy 4 Copy 1 Copy 1\"><\/a> <span style=\"color: #000000;\"><span style=\"font-size: x-large;\"><span lang=\"es-ES\"><b>Tambi\u00e9n <\/b><\/span><span lang=\"es-ES\"><b>te <\/b><\/span><b>ayudamos para vivir en el extranjero.<\/b><\/span><\/span><\/p>\n<p align=\"center\"><span style=\"color: #ff0000;\"><span style=\"font-size: x-large;\">CURSO DE TRES NIVELES en 6 MESES! INTENSIVO!<\/span><\/span><\/p>\n<p align=\"center\"><span style=\"color: #ff0000;\"><span style=\"font-size: x-large;\">EFICIENTE! ECONOMICO! PRESENTIAL! <\/span><\/span><\/p>\n<p align=\"center\"><a name=\"tw-target-text Copy 10 Copy 1\"><\/a><a name=\"tw-target-text Copy 11 Copy 1\"><\/a> <span style=\"font-size: x-large;\"><b>Nivel A \u2013 <span lang=\"es-ES\">\u00a1<\/span>Ya hablas! Nivel B \u2013 <span lang=\"es-ES\">\u00a1<\/span>Hablas con fluidez!<\/b><\/span><\/p>\n<p align=\"center\"><a name=\"tw-target-text Copy 12 Copy 1\"><\/a> <span style=\"font-size: x-large;\"><b>Nivel C <\/b><span lang=\"es-ES\"><b>\u00a1<\/b><\/span><b>Eres un Pro<\/b><b>fesional<\/b><b>! <\/b><\/span><\/p>\n<p align=\"center\"><span style=\"font-size: x-large;\">Total solo 600s. 3 meses gratuito. Un mes 200 soles \/ persona.<\/span><\/p>\n<p align=\"center\"><span style=\"font-size: x-large;\"><span style=\"color: #ff0000;\">GRATUITO PARA TI :<\/span> <\/span><\/p>\n<p align=\"center\"><span style=\"font-size: x-large;\">* ingreso a ejercicios extra en la platforma virtual<\/span><\/p>\n<p align=\"center\"><a name=\"tw-target-text Copy 13 Copy 1\"><\/a> <span style=\"font-size: x-large;\">* multimedia que bajas y escuchas offline en tu tel<span lang=\"es-ES\">\u00e9<\/span>fono<\/span><\/p>\n<p align=\"center\"><a name=\"tw-target-text Copy 15 Copy 1\"><\/a> <span style=\"font-size: x-large;\">* conversaciones en <span lang=\"es-ES\">ingl\u00e9s<\/span> 2 horas por semana<\/span><\/p>\n<p align=\"center\"><a name=\"tw-target-text Copy 18 Copy 1\"><\/a> <span style=\"font-size: x-large;\">* actividades para <span lang=\"es-ES\">ni\u00f1os s\u00e1bado<\/span> y domingo<\/span><\/p>\n<p align=\"center\"><a name=\"tw-target-text Copy 19 Copy 1\"><\/a> <span style=\"font-size: x-large;\">(Centro <span lang=\"es-ES\">c\u00edvico<\/span> Pichanaki y Centro deportivo Cerro Azul) <\/span><\/p>\n<p align=\"center\"><span style=\"font-size: x-large;\">*<\/span><\/p>\n<p align=\"center\"><a name=\"tw-target-text Copy 21 Copy 1\"><\/a><a name=\"tw-target-text Copy 23 Copy 1\"><\/a><a name=\"tw-target-text Copy 25 Copy 1\"><\/a><a name=\"tw-target-text Copy 27 Copy 1\"><\/a><a name=\"tw-target-text Copy 29 Copy 1\"><\/a> <span style=\"font-size: x-large;\"><b>Tu Profesora<\/b> : Extranjera. 30 <span lang=\"es-ES\">a\u00f1os<\/span> de experiencia en <span lang=\"es-ES\">ense\u00f1anza<\/span>. <span lang=\"es-ES\">Maestr\u00eda de Ling\u00fc\u00edstica<\/span>, <span lang=\"es-ES\">Comunicaci\u00f3n, Gram\u00e1tica<\/span>. 6 Especializaciones Universitarias. Cientos estudiantes satisfechos. Escritora de manuales de idiomas. Reformadora de <span lang=\"es-ES\">gram\u00e1tica<\/span>. <\/span><\/p>\n<p align=\"center\"><span style=\"color: #ff0000;\"><span style=\"font-size: x-large;\">Whatsapp: 994 309 493<\/span><\/span><\/p>\n<p style=\"text-align: center;\">joanna@joannacholuj.pl\u00a0 , jc@joannacholuj.pl<\/p>\n<p>PAGAS CON YAPE , O COMPRAS EN LA TIENDA\u00a0<\/p>\n<hr \/>\n<p><img loading=\"lazy\" decoding=\"async\" class=\"alignnone size-medium wp-image-8792 aligncenter\" src=\"http:\/\/joannacholuj.pl\/wp-content\/uploads\/2022\/11\/pobierz-6-300x187.jpg\" alt=\"\" width=\"300\" height=\"187\" srcset=\"http:\/\/joannacholuj.pl\/wp-content\/uploads\/2022\/11\/pobierz-6-300x187.jpg 300w, http:\/\/joannacholuj.pl\/wp-content\/uploads\/2022\/11\/pobierz-6.jpg 317w\" sizes=\"(max-width: 300px) 100vw, 300px\" \/><\/p>\n<p style=\"text-align: center;\">CLASES DE FRANC\u00c9S<\/p>\n<ul>\n<li>escribe para saber mas whatsapp : +51 994 309 493<\/li>\n<\/ul>\n<hr \/>\n<p style=\"text-align: center;\">\u00bfQUI\u00c9N ES EL CREADOR Y PROPIETARIO DE ESTA ESCUELA?<\/p>\n<p><a href=\"http:\/\/joannacholuj.pl\/en\/blog\/2022\/09\/29\/kilka-slow-o-bledach-jezykowych\/308731093_10162214846120299_8273477811570522369_n\/\" rel=\"attachment wp-att-8686\"><img loading=\"lazy\" decoding=\"async\" class=\"aligncenter size-medium wp-image-8686\" src=\"http:\/\/joannacholuj.pl\/wp-content\/uploads\/2022\/09\/308731093_10162214846120299_8273477811570522369_n-225x300.jpg\" alt=\"\" width=\"225\" height=\"300\" srcset=\"http:\/\/joannacholuj.pl\/wp-content\/uploads\/2022\/09\/308731093_10162214846120299_8273477811570522369_n-225x300.jpg 225w, http:\/\/joannacholuj.pl\/wp-content\/uploads\/2022\/09\/308731093_10162214846120299_8273477811570522369_n.jpg 450w\" sizes=\"(max-width: 225px) 100vw, 225px\" \/><\/a><\/p>\n<p>Joanna &#8211;\u00a0<a name=\"tw-target-text Copy 27 Copy 1\"><\/a><a name=\"tw-target-text Copy 29 Copy 1\"><\/a> <b>Tu Profesora<\/b> : Extranjera. 30 <span lang=\"es-ES\">a\u00f1os<\/span> de experiencia en <span lang=\"es-ES\">ense\u00f1anza<\/span>. <span lang=\"es-ES\">Maestr\u00eda de Ling\u00fc\u00edstica<\/span>, <span lang=\"es-ES\">Comunicaci\u00f3n, Gram\u00e1tica<\/span>. 6 Especializaciones Universitarias. Cientos estudiantes satisfechos. Escritora de manuales de idiomas. Reformadora de <span lang=\"es-ES\">gram\u00e1tica<\/span>.<\/p>\n<p>jc@joannacholuj.pl, joanna@joannacholuj.pl<br \/>whatsapp +51 994 309 493<\/p>\n<hr \/>\n<p><span style=\"font-family: New Athena Unicode, Corbel;\"><span style=\"font-size: large;\"><b>En breve:<\/b><\/span><\/span><\/p>\n<p class=\"western\" lang=\"en-US\">Soy licenciada en Estudios Polacos (MA, 5 a\u00f1os de estudios , a\u00f1o 1999) y en la Escuela Superior de Ingl\u00e9s y Franc\u00e9s para Profesores (BA doble especializaci\u00f3n en ingl\u00e9s y franc\u00e9s, 3 a\u00f1os de estudios, a\u00f1o 2008 ) de la Universidad de Varsovia. Tambi\u00e9n realic\u00e9 estudios de posgrado en Inform\u00e1tica y Gesti\u00f3n. He realizado diplomas de idiomas: TOEFL, TEF, IELTS, CAE, CPE, diploma de la Alliance Francaise.<\/p>\n<p class=\"western\" lang=\"en-US\">He trabajado en el extranjero: dos a\u00f1os en EE.UU. (empresa Super Technologies &#8211; atenci\u00f3n al cliente y traductora), 2 a\u00f1os en Francia (au pair, ni\u00f1era, tutora). Tambi\u00e9n he trabajado caritativamente en EE.UU. como auxiliar de biblioteca en la biblioteca de la Universidad de Florida y como servicio de atenci\u00f3n al cliente en una base militar en Pensacola FL.<\/p>\n<p class=\"western\" lang=\"en-US\">Soy profesora y tutora y profesora particular desde hace m\u00e1s de veinte a\u00f1os. He ense\u00f1ado idiomas en escuelas p\u00fablicas de todos los niveles (guarder\u00eda, jard\u00edn de infancia, escuela primaria, primer ciclo de secundaria, escuela secundaria profesional y general y escuela profesional y t\u00e9cnica) y en escuelas de idiomas para ni\u00f1os y adultos (incluidas Helen Doron, British School, VSchool).<\/p>\n<p class=\"western\" lang=\"en-US\"><span style=\"font-family: Times New Roman, serif;\"><span style=\"font-size: medium;\">De 2012 a 2020 dirig\u00ed mi propio centro creativo para ni\u00f1os y una escuela de idiomas para ni\u00f1os y adultos en Polonia. <\/span><\/span><\/p>\n<hr \/>\n<p>En bref :<br \/>Je suis dipl\u00f4m\u00e9e d&#8217;\u00e9tudes polonaises (MA, 5 ans d&#8217;\u00e9tudes, ann\u00e9e 1999) et de l&#8217;\u00c9cole sup\u00e9rieure d&#8217;anglais et de fran\u00e7ais pour enseignants (BA double majeure en anglais et fran\u00e7ais, 3 ans d&#8217;\u00e9tudes, ann\u00e9e 2008) de l&#8217;Universit\u00e9 de Varsovie. J&#8217;ai \u00e9galement suivi des \u00e9tudes de troisi\u00e8me cycle en informatique et en gestion. J&#8217;ai obtenu des dipl\u00f4mes de langues : TOEFL, TEF, IELTS, CAE, CPE, dipl\u00f4me de l&#8217;Alliance fran\u00e7aise.<\/p>\n<p>J&#8217;ai travaill\u00e9 \u00e0 l&#8217;\u00e9tranger : deux ans aux \u00c9tats-Unis (soci\u00e9t\u00e9 Super Technologies &#8211; service client\u00e8le et traductrice), deux ans en France (fille au pair, nounou, professeur particulier). J&#8217;ai \u00e9galement travaill\u00e9 de mani\u00e8re charitable aux \u00c9tats-Unis en tant qu&#8217;assistante \u00e0 la biblioth\u00e8que de l&#8217;universit\u00e9 de Floride et en tant que service client\u00e8le sur une base militaire \u00e0 Pensacola FL.<\/p>\n<p>J&#8217;ai \u00e9t\u00e9 professeur et tuteur et professeur particulier pendant plus de vingt ans. J&#8217;ai enseign\u00e9 les langues dans des \u00e9coles publiques \u00e0 tous les niveaux (maternelle, jardin d&#8217;enfants, \u00e9cole \u00e9l\u00e9mentaire, coll\u00e8ge, lyc\u00e9e professionnel et g\u00e9n\u00e9ral, \u00e9cole professionnelle et technique) et dans des \u00e9coles de langues pour enfants et adultes (notamment Helen Doron, British School, VSchool).<br \/>De 2012 \u00e0 2020, j&#8217;ai dirig\u00e9 mon propre centre cr\u00e9atif pour enfants et une \u00e9cole de langues pour enfants et adultes en Pologne.<\/p>\n<hr \/>\n<p>In brief:<br \/>I am a graduate of Polish Studies (MA, 5 years of studies , year 1999) and the Higher School of English and French for Teachers (BA double major in English and French, 3 years of studies, year 2008 ) of the University of Warsaw. I also completed postgraduate studies in Computer Science and Management. I have completed language diplomas: TOEFL, TEF, IELTS, CAE, CPE, Alliance Francaise diploma.<\/p>\n<p>I have worked abroad: two years in the USA (Super Technologies company \u2013 customer service and translator), 2 years in France (au pair, nanny, tutor). I have also worked charitably in the USA as a library assistant at the University of Florida library and as customer service at a military base in Pensacola FL.<\/p>\n<p>I have been a teacher and private tutor for over twenty years. I have taught languages in public schools at all levels (nursery, kindergarten, elementary, junior high, vocational and general high school, and vocational and technical school) and in language schools for children and adults (including Helen Doron, British School, VSchool).<br \/>From 2012 to 2020 I ran my own creative center for children and a language school for children and adults in Poland.<\/p>\n<hr \/>\n<p>In brief:<br \/>I am a graduate of Polish Studies (MA, 5 years of studies , year 1999) and the Higher School of English and French for Teachers (BA double major in English and French, 3 years of studies, year 2008 ) of the University of Warsaw. I also completed postgraduate studies in Computer Science and Management. I have completed language diplomas: TOEFL, TEF, IELTS, CAE, CPE, Alliance Francaise diploma.<\/p>\n<p>I have worked abroad: two years in the USA (Super Technologies company &#8211; customer service and translator), 2 years in France (au pair, nanny, tutor). I have also worked charitably in the USA as a library assistant at the University of Florida library and as customer service at a military base in Pensacola FL.<\/p>\n<p>I have been a teacher and private tutor for over twenty years. I have taught languages in public schools at all levels (nursery, kindergarten, elementary, junior high, vocational and general high school, and vocational and technical school) and in language schools for children and adults (including Helen Doron, British School, VSchool).<br \/>From 2012 to 2020 I ran my own creative center for children and a language school for children and adults in Poland.<\/p>\n\n\n<h2 class=\"wp-block-heading\"><a href=\"https:\/\/sklep.joannacholuj.pl\/product-category\/fringla\/\">COMPRA CURSOS EN LA TIENDA <\/a><\/h2>","protected":false},"excerpt":{"rendered":"<p>Fringla &#8211; Platforma educativa y Escuela de ingl\u00e9s, franc\u00e9s\u00a0 SOLO PARA GENTE EN PERU QUIERES ? ESTUDIAR VISITAR VIVIR EN [&hellip;]<\/p>","protected":false},"author":2,"featured_media":0,"parent":0,"menu_order":0,"comment_status":"closed","ping_status":"closed","template":"","meta":{"_bbp_topic_count":0,"_bbp_reply_count":0,"_bbp_total_topic_count":0,"_bbp_total_reply_count":0,"_bbp_voice_count":0,"_bbp_anonymous_reply_count":0,"_bbp_topic_count_hidden":0,"_bbp_reply_count_hidden":0,"_bbp_forum_subforum_count":0,"_uag_custom_page_level_css":"","footnotes":""},"class_list":["post-8997","page","type-page","status-publish","hentry"],"spectra_custom_meta":{"_edit_last":["2"],"_wp_page_template":["default"],"_edit_lock":["1776385148:2"],"_oembed_b469d0df5792859f7e757adcdaebf38d":["{{unknown}}"],"_oembed_c6cc058b36793ee8d203a1cd83035e3f":["{{unknown}}"],"_uag_page_assets":["a:9:{s:3:\"css\";s:263:\".uag-blocks-common-selector{z-index:var(--z-index-desktop) !important}@media (max-width: 976px){.uag-blocks-common-selector{z-index:var(--z-index-tablet) !important}}@media (max-width: 767px){.uag-blocks-common-selector{z-index:var(--z-index-mobile) !important}}\n\";s:2:\"js\";s:0:\"\";s:18:\"current_block_list\";a:1:{i:0;s:12:\"core\/heading\";}s:8:\"uag_flag\";b:0;s:11:\"uag_version\";s:10:\"1777943544\";s:6:\"gfonts\";a:0:{}s:10:\"gfonts_url\";s:0:\"\";s:12:\"gfonts_files\";a:0:{}s:14:\"uag_faq_layout\";b:0;}"],"_uag_css_file_name":["uag-css-8997.css"]},"uagb_featured_image_src":{"full":false,"thumbnail":false,"medium":false,"medium_large":false,"large":false,"1536x1536":false,"2048x2048":false,"trp-custom-language-flag":false,"illdy-blog-list":false,"illdy-widget-recent-posts":false,"illdy-blog-post-related-articles":false,"illdy-front-page-latest-news":false,"illdy-front-page-testimonials":false,"illdy-front-page-projects":false,"illdy-front-page-person":false},"uagb_author_info":{"display_name":"Joanna Choluj","author_link":"http:\/\/joannacholuj.pl\/en\/blog\/author\/joannacholuj\/"},"uagb_comment_info":0,"uagb_excerpt":"Fringla &#8211; Platforma educativa y Escuela de ingl\u00e9s, franc\u00e9s\u00a0 SOLO PARA GENTE EN PERU QUIERES ? ESTUDIAR VISITAR VIVIR EN [&hellip;]","_links":{"self":[{"href":"http:\/\/joannacholuj.pl\/en\/wp-json\/wp\/v2\/pages\/8997"}],"collection":[{"href":"http:\/\/joannacholuj.pl\/en\/wp-json\/wp\/v2\/pages"}],"about":[{"href":"http:\/\/joannacholuj.pl\/en\/wp-json\/wp\/v2\/types\/page"}],"author":[{"embeddable":true,"href":"http:\/\/joannacholuj.pl\/en\/wp-json\/wp\/v2\/users\/2"}],"replies":[{"embeddable":true,"href":"http:\/\/joannacholuj.pl\/en\/wp-json\/wp\/v2\/comments?post=8997"}],"version-history":[{"count":13,"href":"http:\/\/joannacholuj.pl\/en\/wp-json\/wp\/v2\/pages\/8997\/revisions"}],"predecessor-version":[{"id":14664,"href":"http:\/\/joannacholuj.pl\/en\/wp-json\/wp\/v2\/pages\/8997\/revisions\/14664"}],"wp:attachment":[{"href":"http:\/\/joannacholuj.pl\/en\/wp-json\/wp\/v2\/media?parent=8997"}],"curies":[{"name":"wp","href":"https:\/\/api.w.org\/{rel}","templated":true}]}}